{"id":8815,"date":"2021-03-09T17:58:03","date_gmt":"2021-03-10T18:12:14","guid":{"rendered":"https:\/\/artslibris.cat\/?post_type=product&#038;p=8815"},"modified":"2025-02-27T14:11:06","modified_gmt":"2025-02-27T14:11:06","slug":"ponc-abans-de-ponc","status":"publish","type":"product","link":"https:\/\/artslibris.cat\/en\/tienda\/artist-book\/ponc-abans-de-ponc\/","title":{"rendered":"Pon\u00e7 abans de Pon\u00e7"},"content":{"rendered":"<p>Edited by Pilar Parcerisas, it makes available essential documents for understanding the figure of Joan Pon\u00e7. It is an exhaustive compendium of everything that has been written about the painter in the press, exhibition catalogues and various publications. The book brings together historical critical documents, now unobtainable, which show us how Pon\u00e7 was received in his early days. It includes historical criticisms and provides, in their entirety, some of the most successful literary approaches to his work, such as the books:<\/p>\n<ul>\n<li><em>&#8220;Capses secretes&#8221;<\/em>, Joan Pon\u00e7 [Ed. Poncianes, 2010]<\/li>\n<li><em>&#8220;Exploraci\u00f3 de l\u2019ombra&#8221;<\/em>, Joan Fuster &amp; Joan Pon\u00e7 [Ed. Pol\u00edgrafa, 1974]<\/li>\n<li><em>&#8220;97 notes de ficcions poncianes&#8221;<\/em>, J. V. Foix &amp; Joan Pon\u00e7 [Ed. Pol\u00edgrafa, 1974]<\/li>\n<li>Interview in the program \u00abA fondo\u00bb, J. Soler Serrano [Tele-radio, 1976]<\/li>\n<\/ul>\n<p>The book includes articles by: Alexandre Cirici, Arnau Puig , Enric Tormo, Francesc Miralles, Joan Brossa, Joan Teixidor, J. Corredor-Matheos, J.-E. Cirlot, Maria Llu\u00efsa Borr\u00e0s, Mordechai Omer, Sebasti\u00e0 Gasch, Antoni T\u00e0pies, Baltasar Porcel, Eugeni d\u2019Ors, Jacques Lassaigne, Joan Perucho, Jordi Coca, Josep Palau i Fabre, Llu\u00eds Permanyer, Modest Cuixart, R. Santos Torroella &amp; V\u00edctor Castells, among others.<\/p>\n","protected":false},"excerpt":{"rendered":"<p>Title: Pon\u00e7 abans de Pon\u00e7.<br \/>\nPublisher: Edicions Poncianes.\u00a0<strong><br \/>\n<\/strong>Author: Pilar Parcerisas.<br \/>\nISBN: 978-84-7226-975-0.<br \/>\nYear: 2014.<br \/>\nLanguage: Catalan<br \/>\nPages: 820.<\/p>\n","protected":false},"featured_media":28232,"template":"","meta":{"_acf_changed":false,"site-sidebar-layout":"default","site-content-layout":"default","ast-site-content-layout":"default","site-content-style":"default","site-sidebar-style":"default","ast-global-header-display":"","ast-banner-title-visibility":"","ast-main-header-display":"","ast-hfb-above-header-display":"","ast-hfb-below-header-display":"","ast-hfb-mobile-header-display":"","site-post-title":"","ast-breadcrumbs-content":"","ast-featured-img":"","footer-sml-layout":"","ast-disable-related-posts":"","theme-transparent-header-meta":"default","adv-header-id-meta":"","stick-header-meta":"","header-above-stick-meta":"","header-main-stick-meta":"","header-below-stick-meta":"","astra-migrate-meta-layouts":"default","ast-page-background-enabled":"default","ast-page-background-meta":{"desktop":{"background-color":"","background-image":"","background-repeat":"repeat","background-position":"center center","background-size":"auto","background-attachment":"scroll","background-type":"","background-media":"","overlay-type":"","overlay-color":"","overlay-opacity":"","overlay-gradient":""},"tablet":{"background-color":"","background-image":"","background-repeat":"repeat","background-position":"center center","background-size":"auto","background-attachment":"scroll","background-type":"","background-media":"","overlay-type":"","overlay-color":"","overlay-opacity":"","overlay-gradient":""},"mobile":{"background-color":"","background-image":"","background-repeat":"repeat","background-position":"center center","background-size":"auto","background-attachment":"scroll","background-type":"","background-media":"","overlay-type":"","overlay-color":"","overlay-opacity":"","overlay-gradient":""}},"ast-content-background-meta":{"desktop":{"background-color":"var(--ast-global-color-5)","background-image":"","background-repeat":"repeat","background-position":"center center","background-size":"auto","background-attachment":"scroll","background-type":"","background-media":"","overlay-type":"","overlay-color":"","overlay-opacity":"","overlay-gradient":""},"tablet":{"background-color":"var(--ast-global-color-5)","background-image":"","background-repeat":"repeat","background-position":"center center","background-size":"auto","background-attachment":"scroll","background-type":"","background-media":"","overlay-type":"","overlay-color":"","overlay-opacity":"","overlay-gradient":""},"mobile":{"background-color":"var(--ast-global-color-5)","background-image":"","background-repeat":"repeat","background-position":"center center","background-size":"auto","background-attachment":"scroll","background-type":"","background-media":"","overlay-type":"","overlay-color":"","overlay-opacity":"","overlay-gradient":""}}},"product_brand":[],"product_cat":[66],"product_tag":[235],"class_list":{"0":"post-8815","1":"product","2":"type-product","3":"status-publish","4":"has-post-thumbnail","6":"product_cat-artist-book","7":"product_tag-familia-editions-en","8":"desktop-align-left","9":"tablet-align-left","10":"mobile-align-left","12":"first","13":"instock","14":"shipping-taxable","15":"purchasable","16":"product-type-simple"},"acf":[],"yoast_head":"<!-- This site is optimized with the Yoast SEO plugin v27.1.1 - https:\/\/yoast.com\/product\/yoast-seo-wordpress\/ -->\n<title>Pon\u00e7 abans de Pon\u00e7 - ArtsLibris<\/title>\n<meta name=\"description\" content=\"Bookshop ArtsLibris - Pon\u00e7 abans de Pon\u00e7 - Edicions Poncianes\" \/>\n<meta name=\"robots\" content=\"index, follow, max-snippet:-1, max-image-preview:large, max-video-preview:-1\" \/>\n<link rel=\"canonical\" href=\"https:\/\/artslibris.cat\/en\/tienda\/artist-book\/ponc-abans-de-ponc\/\" \/>\n<meta property=\"og:locale\" content=\"en_US\" \/>\n<meta property=\"og:type\" content=\"article\" \/>\n<meta property=\"og:title\" content=\"Pon\u00e7 abans de Pon\u00e7 - ArtsLibris\" \/>\n<meta property=\"og:description\" content=\"Bookshop ArtsLibris - Pon\u00e7 abans de Pon\u00e7 - Edicions Poncianes\" \/>\n<meta property=\"og:url\" content=\"https:\/\/artslibris.cat\/en\/tienda\/artist-book\/ponc-abans-de-ponc\/\" \/>\n<meta property=\"og:site_name\" content=\"ArtsLibris\" \/>\n<meta property=\"article:publisher\" content=\"https:\/\/www.facebook.com\/artslibris\/\" \/>\n<meta property=\"article:modified_time\" content=\"2025-02-27T14:11:06+00:00\" \/>\n<meta property=\"og:image\" content=\"https:\/\/artslibris.cat\/wp-content\/uploads\/2021\/03\/Ponc-abans-de-Ponc.jpeg\" \/>\n\t<meta property=\"og:image:width\" content=\"700\" \/>\n\t<meta property=\"og:image:height\" content=\"962\" \/>\n\t<meta property=\"og:image:type\" content=\"image\/jpeg\" \/>\n<meta name=\"twitter:card\" content=\"summary_large_image\" \/>\n<meta name=\"twitter:site\" content=\"@ArtsLibris\" \/>\n<meta name=\"twitter:label1\" content=\"Est. reading time\" \/>\n\t<meta name=\"twitter:data1\" content=\"1 minute\" \/>\n<script type=\"application\/ld+json\" class=\"yoast-schema-graph\">{\"@context\":\"https:\/\/schema.org\",\"@graph\":[{\"@type\":\"WebPage\",\"@id\":\"https:\/\/artslibris.cat\/en\/tienda\/artist-book\/ponc-abans-de-ponc\/\",\"url\":\"https:\/\/artslibris.cat\/en\/tienda\/artist-book\/ponc-abans-de-ponc\/\",\"name\":\"Pon\u00e7 abans de Pon\u00e7 - ArtsLibris\",\"isPartOf\":{\"@id\":\"https:\/\/artslibris.cat\/en\/#website\"},\"primaryImageOfPage\":{\"@id\":\"https:\/\/artslibris.cat\/en\/tienda\/artist-book\/ponc-abans-de-ponc\/#primaryimage\"},\"image\":{\"@id\":\"https:\/\/artslibris.cat\/en\/tienda\/artist-book\/ponc-abans-de-ponc\/#primaryimage\"},\"thumbnailUrl\":\"https:\/\/artslibris.cat\/wp-content\/uploads\/2021\/03\/Ponc-abans-de-Ponc.jpeg\",\"datePublished\":\"2021-03-10T18:12:14+00:00\",\"dateModified\":\"2025-02-27T14:11:06+00:00\",\"description\":\"Bookshop ArtsLibris - Pon\u00e7 abans de Pon\u00e7 - Edicions Poncianes\",\"breadcrumb\":{\"@id\":\"https:\/\/artslibris.cat\/en\/tienda\/artist-book\/ponc-abans-de-ponc\/#breadcrumb\"},\"inLanguage\":\"en-US\",\"potentialAction\":[{\"@type\":\"ReadAction\",\"target\":[\"https:\/\/artslibris.cat\/en\/tienda\/artist-book\/ponc-abans-de-ponc\/\"]}]},{\"@type\":\"ImageObject\",\"inLanguage\":\"en-US\",\"@id\":\"https:\/\/artslibris.cat\/en\/tienda\/artist-book\/ponc-abans-de-ponc\/#primaryimage\",\"url\":\"https:\/\/artslibris.cat\/wp-content\/uploads\/2021\/03\/Ponc-abans-de-Ponc.jpeg\",\"contentUrl\":\"https:\/\/artslibris.cat\/wp-content\/uploads\/2021\/03\/Ponc-abans-de-Ponc.jpeg\",\"width\":700,\"height\":962},{\"@type\":\"BreadcrumbList\",\"@id\":\"https:\/\/artslibris.cat\/en\/tienda\/artist-book\/ponc-abans-de-ponc\/#breadcrumb\",\"itemListElement\":[{\"@type\":\"ListItem\",\"position\":1,\"name\":\"Portada\",\"item\":\"https:\/\/artslibris.cat\/en\/\"},{\"@type\":\"ListItem\",\"position\":2,\"name\":\"Shop\",\"item\":\"https:\/\/artslibris.cat\/en\/shop\/\"},{\"@type\":\"ListItem\",\"position\":3,\"name\":\"Pon\u00e7 abans de Pon\u00e7\"}]},{\"@type\":\"WebSite\",\"@id\":\"https:\/\/artslibris.cat\/en\/#website\",\"url\":\"https:\/\/artslibris.cat\/en\/\",\"name\":\"ArtsLibris\",\"description\":\"\",\"publisher\":{\"@id\":\"https:\/\/artslibris.cat\/en\/#organization\"},\"potentialAction\":[{\"@type\":\"SearchAction\",\"target\":{\"@type\":\"EntryPoint\",\"urlTemplate\":\"https:\/\/artslibris.cat\/en\/?s={search_term_string}\"},\"query-input\":{\"@type\":\"PropertyValueSpecification\",\"valueRequired\":true,\"valueName\":\"search_term_string\"}}],\"inLanguage\":\"en-US\"},{\"@type\":\"Organization\",\"@id\":\"https:\/\/artslibris.cat\/en\/#organization\",\"name\":\"ArtsLibris\",\"url\":\"https:\/\/artslibris.cat\/en\/\",\"logo\":{\"@type\":\"ImageObject\",\"inLanguage\":\"en-US\",\"@id\":\"https:\/\/artslibris.cat\/en\/#\/schema\/logo\/image\/\",\"url\":\"https:\/\/artslibris.cat\/wp-content\/uploads\/2020\/05\/ArtsLibris-logo-black.svg\",\"contentUrl\":\"https:\/\/artslibris.cat\/wp-content\/uploads\/2020\/05\/ArtsLibris-logo-black.svg\",\"width\":521,\"height\":85,\"caption\":\"ArtsLibris\"},\"image\":{\"@id\":\"https:\/\/artslibris.cat\/en\/#\/schema\/logo\/image\/\"},\"sameAs\":[\"https:\/\/www.facebook.com\/artslibris\/\",\"https:\/\/x.com\/ArtsLibris\",\"https:\/\/www.instagram.com\/artslibris\/\"]}]}<\/script>\n<!-- \/ Yoast SEO plugin. -->","yoast_head_json":{"title":"Pon\u00e7 abans de Pon\u00e7 - ArtsLibris","description":"Bookshop ArtsLibris - Pon\u00e7 abans de Pon\u00e7 - Edicions Poncianes","robots":{"index":"index","follow":"follow","max-snippet":"max-snippet:-1","max-image-preview":"max-image-preview:large","max-video-preview":"max-video-preview:-1"},"canonical":"https:\/\/artslibris.cat\/en\/tienda\/artist-book\/ponc-abans-de-ponc\/","og_locale":"en_US","og_type":"article","og_title":"Pon\u00e7 abans de Pon\u00e7 - ArtsLibris","og_description":"Bookshop ArtsLibris - Pon\u00e7 abans de Pon\u00e7 - Edicions Poncianes","og_url":"https:\/\/artslibris.cat\/en\/tienda\/artist-book\/ponc-abans-de-ponc\/","og_site_name":"ArtsLibris","article_publisher":"https:\/\/www.facebook.com\/artslibris\/","article_modified_time":"2025-02-27T14:11:06+00:00","og_image":[{"width":700,"height":962,"url":"https:\/\/artslibris.cat\/wp-content\/uploads\/2021\/03\/Ponc-abans-de-Ponc.jpeg","type":"image\/jpeg"}],"twitter_card":"summary_large_image","twitter_site":"@ArtsLibris","twitter_misc":{"Est. reading time":"1 minute"},"schema":{"@context":"https:\/\/schema.org","@graph":[{"@type":"WebPage","@id":"https:\/\/artslibris.cat\/en\/tienda\/artist-book\/ponc-abans-de-ponc\/","url":"https:\/\/artslibris.cat\/en\/tienda\/artist-book\/ponc-abans-de-ponc\/","name":"Pon\u00e7 abans de Pon\u00e7 - ArtsLibris","isPartOf":{"@id":"https:\/\/artslibris.cat\/en\/#website"},"primaryImageOfPage":{"@id":"https:\/\/artslibris.cat\/en\/tienda\/artist-book\/ponc-abans-de-ponc\/#primaryimage"},"image":{"@id":"https:\/\/artslibris.cat\/en\/tienda\/artist-book\/ponc-abans-de-ponc\/#primaryimage"},"thumbnailUrl":"https:\/\/artslibris.cat\/wp-content\/uploads\/2021\/03\/Ponc-abans-de-Ponc.jpeg","datePublished":"2021-03-10T18:12:14+00:00","dateModified":"2025-02-27T14:11:06+00:00","description":"Bookshop ArtsLibris - Pon\u00e7 abans de Pon\u00e7 - Edicions Poncianes","breadcrumb":{"@id":"https:\/\/artslibris.cat\/en\/tienda\/artist-book\/ponc-abans-de-ponc\/#breadcrumb"},"inLanguage":"en-US","potentialAction":[{"@type":"ReadAction","target":["https:\/\/artslibris.cat\/en\/tienda\/artist-book\/ponc-abans-de-ponc\/"]}]},{"@type":"ImageObject","inLanguage":"en-US","@id":"https:\/\/artslibris.cat\/en\/tienda\/artist-book\/ponc-abans-de-ponc\/#primaryimage","url":"https:\/\/artslibris.cat\/wp-content\/uploads\/2021\/03\/Ponc-abans-de-Ponc.jpeg","contentUrl":"https:\/\/artslibris.cat\/wp-content\/uploads\/2021\/03\/Ponc-abans-de-Ponc.jpeg","width":700,"height":962},{"@type":"BreadcrumbList","@id":"https:\/\/artslibris.cat\/en\/tienda\/artist-book\/ponc-abans-de-ponc\/#breadcrumb","itemListElement":[{"@type":"ListItem","position":1,"name":"Portada","item":"https:\/\/artslibris.cat\/en\/"},{"@type":"ListItem","position":2,"name":"Shop","item":"https:\/\/artslibris.cat\/en\/shop\/"},{"@type":"ListItem","position":3,"name":"Pon\u00e7 abans de Pon\u00e7"}]},{"@type":"WebSite","@id":"https:\/\/artslibris.cat\/en\/#website","url":"https:\/\/artslibris.cat\/en\/","name":"ArtsLibris","description":"","publisher":{"@id":"https:\/\/artslibris.cat\/en\/#organization"},"potentialAction":[{"@type":"SearchAction","target":{"@type":"EntryPoint","urlTemplate":"https:\/\/artslibris.cat\/en\/?s={search_term_string}"},"query-input":{"@type":"PropertyValueSpecification","valueRequired":true,"valueName":"search_term_string"}}],"inLanguage":"en-US"},{"@type":"Organization","@id":"https:\/\/artslibris.cat\/en\/#organization","name":"ArtsLibris","url":"https:\/\/artslibris.cat\/en\/","logo":{"@type":"ImageObject","inLanguage":"en-US","@id":"https:\/\/artslibris.cat\/en\/#\/schema\/logo\/image\/","url":"https:\/\/artslibris.cat\/wp-content\/uploads\/2020\/05\/ArtsLibris-logo-black.svg","contentUrl":"https:\/\/artslibris.cat\/wp-content\/uploads\/2020\/05\/ArtsLibris-logo-black.svg","width":521,"height":85,"caption":"ArtsLibris"},"image":{"@id":"https:\/\/artslibris.cat\/en\/#\/schema\/logo\/image\/"},"sameAs":["https:\/\/www.facebook.com\/artslibris\/","https:\/\/x.com\/ArtsLibris","https:\/\/www.instagram.com\/artslibris\/"]}]}},"_links":{"self":[{"href":"https:\/\/artslibris.cat\/en\/wp-json\/wp\/v2\/product\/8815","targetHints":{"allow":["GET"]}}],"collection":[{"href":"https:\/\/artslibris.cat\/en\/wp-json\/wp\/v2\/product"}],"about":[{"href":"https:\/\/artslibris.cat\/en\/wp-json\/wp\/v2\/types\/product"}],"wp:featuredmedia":[{"embeddable":true,"href":"https:\/\/artslibris.cat\/en\/wp-json\/wp\/v2\/media\/28232"}],"wp:attachment":[{"href":"https:\/\/artslibris.cat\/en\/wp-json\/wp\/v2\/media?parent=8815"}],"wp:term":[{"taxonomy":"product_brand","embeddable":true,"href":"https:\/\/artslibris.cat\/en\/wp-json\/wp\/v2\/product_brand?post=8815"},{"taxonomy":"product_cat","embeddable":true,"href":"https:\/\/artslibris.cat\/en\/wp-json\/wp\/v2\/product_cat?post=8815"},{"taxonomy":"product_tag","embeddable":true,"href":"https:\/\/artslibris.cat\/en\/wp-json\/wp\/v2\/product_tag?post=8815"}],"curies":[{"name":"wp","href":"https:\/\/api.w.org\/{rel}","templated":true}]}}