{"id":8295,"date":"2021-02-25T17:54:03","date_gmt":"2021-02-25T17:54:03","guid":{"rendered":"https:\/\/artslibris.cat\/?post_type=product&#038;p=8295"},"modified":"2025-02-27T14:11:16","modified_gmt":"2025-02-27T14:11:16","slug":"phantom-mies-as-rendered-society-andres-jaque","status":"publish","type":"product","link":"https:\/\/artslibris.cat\/en\/tienda\/fotolibro-en\/phantom-mies-as-rendered-society-andres-jaque\/","title":{"rendered":"PHANTOM Mies as Rendered Society &#8211; Andr\u00e9s Jaque"},"content":{"rendered":"<p>PHANTOM. Mies as Rendered Society\u00a0is an intervention created by Andr\u00e9s Jaque at the Barcelona Pavilion,\u00a0resulting from the research\u00a0which Jaque has carried out over\u00a0the last two years, at the invitation\u00a0of the Fundaci\u00f3 Mies van der\u00a0Rohe and Banc Sabadell Foundation.\u00a0A significant portion of the\u00a0items which are safeguarded in the\u00a0basement upon which the Pavilion\u00a0was built have been distributed at\u00a0different locations throughout the\u00a0Pavilion space. This basement is\u00a0presented as the Pavilion\u2019s ghost\u00a0(PHANTOM), which had never\u00a0drawn the attention of people who\u00a0came to visit and study the Pavilion,\u00a0but for which Jaque acknowledges\u00a0an important role in the emergence\u00a0of his architecture as a social type\u00a0of construction.<\/p>\n<p>The team responsible for reconstruction\u00a0of the Pavilion of \u201929\u00a0thought that the basement would\u00a0facilitate the control and maintenance\u00a0of its installations. It also\u00a0decided that entry should be made\u00a0difficult so as to avoid its future use\u00a0as an exhibition space in which Mies\u00a0and the Pavilion were explained.\u00a0In the end, the basement has been\u00a0used to store all of the material witnesses\u00a0which provide an account\u00a0of the social fabric involved in a\u00a0shared project: every day reinterpreting\u00a0the May morning on which\u00a0the Pavilion of \u201929 was first opened.<\/p>\n<p>The basement, like the portrait of\u00a0Dorian Grey, contains everything\u00a0that makes it possible to see the\u00a0Pavilion as a monumental collective\u00a0construction. However, it is\u00a0concealed so as not to diminish the\u00a0illusion that the product was received\u00a0directly from an enlightened\u00a0hand, that of Mies, who worked in\u00a0Barcelona in 1929. The basement\u00a0still houses the phantom public: a\u00a0reference to the well-known text\u00a0by Walter Lippman The Phantom\u00a0Public (New Jersey, 1925), from the\u00a0societies which contribute to creating<br \/>\nthe Pavilion on a daily basis.<\/p>\n<p>As Mies himself pointed out, architecture\u00a0is built in such a way that\u00a0what is visible conforms that which\u00a0is hidden. The Barcelona Pavilion is\u00a0an arena of confrontation organized\u00a0in the form of a two-story building,\u00a0in which two inter-dependent notions\u00a0of the political lie in dispute.\u00a0The well-lit upper floor revives\u00a0foundational concepts of the political\u00a0(in which the extraordinary,\u00a0origins and essences lead the way\u00a0for that which is common), while\u00a0the dark basement was constructed\u00a0using contingencies and provisional\u00a0agreements. The upper\u00a0floor is physically transparent, but\u00a0it conceals the social pacts which\u00a0occur inside, to provide access to\u00a0an experience of everyday incalculability.\u00a0The lower floor is opaque,\u00a0yet it is the place where the contracts,\u00a0experiments and disputes\u00a0which construct the Pavilion gain\u00a0transparency. The Pavilion constructs\u00a0a belief through the way in which its two floors operate: \u2018the\u00a0exceptional emerges in the absence\u00a0of the ordinary.\u2019 The intervention\u00a0is based on the suspicion that the\u00a0recognition and rearticulation of\u00a0these two spheres can contribute\u00a0new possibilities in which architecture\u00a0finds answers to contemporary\u00a0challenges.<\/p>\n<p>&nbsp;<\/p>\n<p>&#8220;A significant portion of the items which are safeguarded in\u00a0the basement upon which the Pavilion was built have been\u00a0distributed at different locations throughout the Pavilion\u00a0space. This basement is presented as the Pavilion\u2019s ghost\u00a0(PHANTOM), which had never drawn the attention of\u00a0people who came to visit and study the Pavilion, but for\u00a0which I acknowledge an important role in the emergence\u00a0of my architecture as a social type of construction.&#8221;<\/p>\n<p>Andr\u00e9s Jaque<\/p>\n","protected":false},"excerpt":{"rendered":"<p>Title: PHANTOM Mies as Rendered Society &#8211; Andr\u00e9s Jaque.<br \/>\nPublisher: Fundaci\u00f3 Mies van der Rohe.<br \/>\nAuthor: Ivan Blasi (Editor).<br \/>\nSize: 20 x 28 x 0,5\u00a0cms.<br \/>\nPages: 48.<br \/>\nIllustrations: Color &amp; B&amp;W.<br \/>\nCover: Singer binding.<br \/>\nPublication date: 2013.<br \/>\nISBN: English 9788493690151.<\/p>\n","protected":false},"featured_media":28223,"template":"","meta":{"_acf_changed":false,"site-sidebar-layout":"default","site-content-layout":"default","ast-site-content-layout":"default","site-content-style":"default","site-sidebar-style":"default","ast-global-header-display":"","ast-banner-title-visibility":"","ast-main-header-display":"","ast-hfb-above-header-display":"","ast-hfb-below-header-display":"","ast-hfb-mobile-header-display":"","site-post-title":"","ast-breadcrumbs-content":"","ast-featured-img":"","footer-sml-layout":"","ast-disable-related-posts":"","theme-transparent-header-meta":"default","adv-header-id-meta":"","stick-header-meta":"","header-above-stick-meta":"","header-main-stick-meta":"","header-below-stick-meta":"","astra-migrate-meta-layouts":"default","ast-page-background-enabled":"default","ast-page-background-meta":{"desktop":{"background-color":"","background-image":"","background-repeat":"repeat","background-position":"center center","background-size":"auto","background-attachment":"scroll","background-type":"","background-media":"","overlay-type":"","overlay-color":"","overlay-opacity":"","overlay-gradient":""},"tablet":{"background-color":"","background-image":"","background-repeat":"repeat","background-position":"center center","background-size":"auto","background-attachment":"scroll","background-type":"","background-media":"","overlay-type":"","overlay-color":"","overlay-opacity":"","overlay-gradient":""},"mobile":{"background-color":"","background-image":"","background-repeat":"repeat","background-position":"center center","background-size":"auto","background-attachment":"scroll","background-type":"","background-media":"","overlay-type":"","overlay-color":"","overlay-opacity":"","overlay-gradient":""}},"ast-content-background-meta":{"desktop":{"background-color":"var(--ast-global-color-5)","background-image":"","background-repeat":"repeat","background-position":"center center","background-size":"auto","background-attachment":"scroll","background-type":"","background-media":"","overlay-type":"","overlay-color":"","overlay-opacity":"","overlay-gradient":""},"tablet":{"background-color":"var(--ast-global-color-5)","background-image":"","background-repeat":"repeat","background-position":"center center","background-size":"auto","background-attachment":"scroll","background-type":"","background-media":"","overlay-type":"","overlay-color":"","overlay-opacity":"","overlay-gradient":""},"mobile":{"background-color":"var(--ast-global-color-5)","background-image":"","background-repeat":"repeat","background-position":"center center","background-size":"auto","background-attachment":"scroll","background-type":"","background-media":"","overlay-type":"","overlay-color":"","overlay-opacity":"","overlay-gradient":""}}},"product_brand":[],"product_cat":[96],"product_tag":[220],"class_list":{"0":"post-8295","1":"product","2":"type-product","3":"status-publish","4":"has-post-thumbnail","6":"product_cat-fotolibro-en","7":"product_tag-fundacio-mies-van-der-rohe-en","8":"desktop-align-left","9":"tablet-align-left","10":"mobile-align-left","12":"first","13":"instock","14":"shipping-taxable","15":"purchasable","16":"product-type-simple"},"acf":[],"yoast_head":"<!-- This site is optimized with the Yoast SEO plugin v27.1.1 - https:\/\/yoast.com\/product\/yoast-seo-wordpress\/ -->\n<title>PHANTOM Mies as Rendered Society - Andr\u00e9s Jaque - ArtsLibris<\/title>\n<meta name=\"description\" content=\"Bookshop ArtsLibris - PHANTOM Mies as Rendered Society - Andr\u00e9s Jaque - Fundaci\u00f3 Mies van der Rohe\" \/>\n<meta name=\"robots\" content=\"index, follow, max-snippet:-1, max-image-preview:large, max-video-preview:-1\" \/>\n<link rel=\"canonical\" href=\"https:\/\/artslibris.cat\/en\/tienda\/fotolibro-en\/phantom-mies-as-rendered-society-andres-jaque\/\" \/>\n<meta property=\"og:locale\" content=\"en_US\" \/>\n<meta property=\"og:type\" content=\"article\" \/>\n<meta property=\"og:title\" content=\"PHANTOM Mies as Rendered Society - Andr\u00e9s Jaque - ArtsLibris\" \/>\n<meta property=\"og:description\" content=\"Bookshop ArtsLibris - PHANTOM Mies as Rendered Society - Andr\u00e9s Jaque - Fundaci\u00f3 Mies van der Rohe\" \/>\n<meta property=\"og:url\" content=\"https:\/\/artslibris.cat\/en\/tienda\/fotolibro-en\/phantom-mies-as-rendered-society-andres-jaque\/\" \/>\n<meta property=\"og:site_name\" content=\"ArtsLibris\" \/>\n<meta property=\"article:publisher\" content=\"https:\/\/www.facebook.com\/artslibris\/\" \/>\n<meta property=\"article:modified_time\" content=\"2025-02-27T14:11:16+00:00\" \/>\n<meta property=\"og:image\" content=\"https:\/\/artslibris.cat\/wp-content\/uploads\/2021\/02\/PHANTOM-Mies-as-Rendered-Society-\u2013-Andres-Jaque.jpeg\" \/>\n\t<meta property=\"og:image:width\" content=\"600\" \/>\n\t<meta property=\"og:image:height\" content=\"600\" \/>\n\t<meta property=\"og:image:type\" content=\"image\/jpeg\" \/>\n<meta name=\"twitter:card\" content=\"summary_large_image\" \/>\n<meta name=\"twitter:site\" content=\"@ArtsLibris\" \/>\n<meta name=\"twitter:label1\" content=\"Est. reading time\" \/>\n\t<meta name=\"twitter:data1\" content=\"3 minutes\" \/>\n<script type=\"application\/ld+json\" class=\"yoast-schema-graph\">{\"@context\":\"https:\/\/schema.org\",\"@graph\":[{\"@type\":\"WebPage\",\"@id\":\"https:\/\/artslibris.cat\/en\/tienda\/fotolibro-en\/phantom-mies-as-rendered-society-andres-jaque\/\",\"url\":\"https:\/\/artslibris.cat\/en\/tienda\/fotolibro-en\/phantom-mies-as-rendered-society-andres-jaque\/\",\"name\":\"PHANTOM Mies as Rendered Society - Andr\u00e9s Jaque - ArtsLibris\",\"isPartOf\":{\"@id\":\"https:\/\/artslibris.cat\/en\/#website\"},\"primaryImageOfPage\":{\"@id\":\"https:\/\/artslibris.cat\/en\/tienda\/fotolibro-en\/phantom-mies-as-rendered-society-andres-jaque\/#primaryimage\"},\"image\":{\"@id\":\"https:\/\/artslibris.cat\/en\/tienda\/fotolibro-en\/phantom-mies-as-rendered-society-andres-jaque\/#primaryimage\"},\"thumbnailUrl\":\"https:\/\/artslibris.cat\/wp-content\/uploads\/2021\/02\/PHANTOM-Mies-as-Rendered-Society-\u2013-Andres-Jaque.jpeg\",\"datePublished\":\"2021-02-25T17:54:03+00:00\",\"dateModified\":\"2025-02-27T14:11:16+00:00\",\"description\":\"Bookshop ArtsLibris - PHANTOM Mies as Rendered Society - Andr\u00e9s Jaque - Fundaci\u00f3 Mies van der Rohe\",\"breadcrumb\":{\"@id\":\"https:\/\/artslibris.cat\/en\/tienda\/fotolibro-en\/phantom-mies-as-rendered-society-andres-jaque\/#breadcrumb\"},\"inLanguage\":\"en-US\",\"potentialAction\":[{\"@type\":\"ReadAction\",\"target\":[\"https:\/\/artslibris.cat\/en\/tienda\/fotolibro-en\/phantom-mies-as-rendered-society-andres-jaque\/\"]}]},{\"@type\":\"ImageObject\",\"inLanguage\":\"en-US\",\"@id\":\"https:\/\/artslibris.cat\/en\/tienda\/fotolibro-en\/phantom-mies-as-rendered-society-andres-jaque\/#primaryimage\",\"url\":\"https:\/\/artslibris.cat\/wp-content\/uploads\/2021\/02\/PHANTOM-Mies-as-Rendered-Society-\u2013-Andres-Jaque.jpeg\",\"contentUrl\":\"https:\/\/artslibris.cat\/wp-content\/uploads\/2021\/02\/PHANTOM-Mies-as-Rendered-Society-\u2013-Andres-Jaque.jpeg\",\"width\":600,\"height\":600},{\"@type\":\"BreadcrumbList\",\"@id\":\"https:\/\/artslibris.cat\/en\/tienda\/fotolibro-en\/phantom-mies-as-rendered-society-andres-jaque\/#breadcrumb\",\"itemListElement\":[{\"@type\":\"ListItem\",\"position\":1,\"name\":\"Portada\",\"item\":\"https:\/\/artslibris.cat\/en\/\"},{\"@type\":\"ListItem\",\"position\":2,\"name\":\"Shop\",\"item\":\"https:\/\/artslibris.cat\/en\/shop\/\"},{\"@type\":\"ListItem\",\"position\":3,\"name\":\"PHANTOM Mies as Rendered Society &#8211; Andr\u00e9s Jaque\"}]},{\"@type\":\"WebSite\",\"@id\":\"https:\/\/artslibris.cat\/en\/#website\",\"url\":\"https:\/\/artslibris.cat\/en\/\",\"name\":\"ArtsLibris\",\"description\":\"\",\"publisher\":{\"@id\":\"https:\/\/artslibris.cat\/en\/#organization\"},\"potentialAction\":[{\"@type\":\"SearchAction\",\"target\":{\"@type\":\"EntryPoint\",\"urlTemplate\":\"https:\/\/artslibris.cat\/en\/?s={search_term_string}\"},\"query-input\":{\"@type\":\"PropertyValueSpecification\",\"valueRequired\":true,\"valueName\":\"search_term_string\"}}],\"inLanguage\":\"en-US\"},{\"@type\":\"Organization\",\"@id\":\"https:\/\/artslibris.cat\/en\/#organization\",\"name\":\"ArtsLibris\",\"url\":\"https:\/\/artslibris.cat\/en\/\",\"logo\":{\"@type\":\"ImageObject\",\"inLanguage\":\"en-US\",\"@id\":\"https:\/\/artslibris.cat\/en\/#\/schema\/logo\/image\/\",\"url\":\"https:\/\/artslibris.cat\/wp-content\/uploads\/2020\/05\/ArtsLibris-logo-black.svg\",\"contentUrl\":\"https:\/\/artslibris.cat\/wp-content\/uploads\/2020\/05\/ArtsLibris-logo-black.svg\",\"width\":521,\"height\":85,\"caption\":\"ArtsLibris\"},\"image\":{\"@id\":\"https:\/\/artslibris.cat\/en\/#\/schema\/logo\/image\/\"},\"sameAs\":[\"https:\/\/www.facebook.com\/artslibris\/\",\"https:\/\/x.com\/ArtsLibris\",\"https:\/\/www.instagram.com\/artslibris\/\"]}]}<\/script>\n<!-- \/ Yoast SEO plugin. -->","yoast_head_json":{"title":"PHANTOM Mies as Rendered Society - Andr\u00e9s Jaque - ArtsLibris","description":"Bookshop ArtsLibris - PHANTOM Mies as Rendered Society - Andr\u00e9s Jaque - Fundaci\u00f3 Mies van der Rohe","robots":{"index":"index","follow":"follow","max-snippet":"max-snippet:-1","max-image-preview":"max-image-preview:large","max-video-preview":"max-video-preview:-1"},"canonical":"https:\/\/artslibris.cat\/en\/tienda\/fotolibro-en\/phantom-mies-as-rendered-society-andres-jaque\/","og_locale":"en_US","og_type":"article","og_title":"PHANTOM Mies as Rendered Society - Andr\u00e9s Jaque - ArtsLibris","og_description":"Bookshop ArtsLibris - PHANTOM Mies as Rendered Society - Andr\u00e9s Jaque - Fundaci\u00f3 Mies van der Rohe","og_url":"https:\/\/artslibris.cat\/en\/tienda\/fotolibro-en\/phantom-mies-as-rendered-society-andres-jaque\/","og_site_name":"ArtsLibris","article_publisher":"https:\/\/www.facebook.com\/artslibris\/","article_modified_time":"2025-02-27T14:11:16+00:00","og_image":[{"width":600,"height":600,"url":"https:\/\/artslibris.cat\/wp-content\/uploads\/2021\/02\/PHANTOM-Mies-as-Rendered-Society-\u2013-Andres-Jaque.jpeg","type":"image\/jpeg"}],"twitter_card":"summary_large_image","twitter_site":"@ArtsLibris","twitter_misc":{"Est. reading time":"3 minutes"},"schema":{"@context":"https:\/\/schema.org","@graph":[{"@type":"WebPage","@id":"https:\/\/artslibris.cat\/en\/tienda\/fotolibro-en\/phantom-mies-as-rendered-society-andres-jaque\/","url":"https:\/\/artslibris.cat\/en\/tienda\/fotolibro-en\/phantom-mies-as-rendered-society-andres-jaque\/","name":"PHANTOM Mies as Rendered Society - Andr\u00e9s Jaque - ArtsLibris","isPartOf":{"@id":"https:\/\/artslibris.cat\/en\/#website"},"primaryImageOfPage":{"@id":"https:\/\/artslibris.cat\/en\/tienda\/fotolibro-en\/phantom-mies-as-rendered-society-andres-jaque\/#primaryimage"},"image":{"@id":"https:\/\/artslibris.cat\/en\/tienda\/fotolibro-en\/phantom-mies-as-rendered-society-andres-jaque\/#primaryimage"},"thumbnailUrl":"https:\/\/artslibris.cat\/wp-content\/uploads\/2021\/02\/PHANTOM-Mies-as-Rendered-Society-\u2013-Andres-Jaque.jpeg","datePublished":"2021-02-25T17:54:03+00:00","dateModified":"2025-02-27T14:11:16+00:00","description":"Bookshop ArtsLibris - PHANTOM Mies as Rendered Society - Andr\u00e9s Jaque - Fundaci\u00f3 Mies van der Rohe","breadcrumb":{"@id":"https:\/\/artslibris.cat\/en\/tienda\/fotolibro-en\/phantom-mies-as-rendered-society-andres-jaque\/#breadcrumb"},"inLanguage":"en-US","potentialAction":[{"@type":"ReadAction","target":["https:\/\/artslibris.cat\/en\/tienda\/fotolibro-en\/phantom-mies-as-rendered-society-andres-jaque\/"]}]},{"@type":"ImageObject","inLanguage":"en-US","@id":"https:\/\/artslibris.cat\/en\/tienda\/fotolibro-en\/phantom-mies-as-rendered-society-andres-jaque\/#primaryimage","url":"https:\/\/artslibris.cat\/wp-content\/uploads\/2021\/02\/PHANTOM-Mies-as-Rendered-Society-\u2013-Andres-Jaque.jpeg","contentUrl":"https:\/\/artslibris.cat\/wp-content\/uploads\/2021\/02\/PHANTOM-Mies-as-Rendered-Society-\u2013-Andres-Jaque.jpeg","width":600,"height":600},{"@type":"BreadcrumbList","@id":"https:\/\/artslibris.cat\/en\/tienda\/fotolibro-en\/phantom-mies-as-rendered-society-andres-jaque\/#breadcrumb","itemListElement":[{"@type":"ListItem","position":1,"name":"Portada","item":"https:\/\/artslibris.cat\/en\/"},{"@type":"ListItem","position":2,"name":"Shop","item":"https:\/\/artslibris.cat\/en\/shop\/"},{"@type":"ListItem","position":3,"name":"PHANTOM Mies as Rendered Society &#8211; Andr\u00e9s Jaque"}]},{"@type":"WebSite","@id":"https:\/\/artslibris.cat\/en\/#website","url":"https:\/\/artslibris.cat\/en\/","name":"ArtsLibris","description":"","publisher":{"@id":"https:\/\/artslibris.cat\/en\/#organization"},"potentialAction":[{"@type":"SearchAction","target":{"@type":"EntryPoint","urlTemplate":"https:\/\/artslibris.cat\/en\/?s={search_term_string}"},"query-input":{"@type":"PropertyValueSpecification","valueRequired":true,"valueName":"search_term_string"}}],"inLanguage":"en-US"},{"@type":"Organization","@id":"https:\/\/artslibris.cat\/en\/#organization","name":"ArtsLibris","url":"https:\/\/artslibris.cat\/en\/","logo":{"@type":"ImageObject","inLanguage":"en-US","@id":"https:\/\/artslibris.cat\/en\/#\/schema\/logo\/image\/","url":"https:\/\/artslibris.cat\/wp-content\/uploads\/2020\/05\/ArtsLibris-logo-black.svg","contentUrl":"https:\/\/artslibris.cat\/wp-content\/uploads\/2020\/05\/ArtsLibris-logo-black.svg","width":521,"height":85,"caption":"ArtsLibris"},"image":{"@id":"https:\/\/artslibris.cat\/en\/#\/schema\/logo\/image\/"},"sameAs":["https:\/\/www.facebook.com\/artslibris\/","https:\/\/x.com\/ArtsLibris","https:\/\/www.instagram.com\/artslibris\/"]}]}},"_links":{"self":[{"href":"https:\/\/artslibris.cat\/en\/wp-json\/wp\/v2\/product\/8295","targetHints":{"allow":["GET"]}}],"collection":[{"href":"https:\/\/artslibris.cat\/en\/wp-json\/wp\/v2\/product"}],"about":[{"href":"https:\/\/artslibris.cat\/en\/wp-json\/wp\/v2\/types\/product"}],"wp:featuredmedia":[{"embeddable":true,"href":"https:\/\/artslibris.cat\/en\/wp-json\/wp\/v2\/media\/28223"}],"wp:attachment":[{"href":"https:\/\/artslibris.cat\/en\/wp-json\/wp\/v2\/media?parent=8295"}],"wp:term":[{"taxonomy":"product_brand","embeddable":true,"href":"https:\/\/artslibris.cat\/en\/wp-json\/wp\/v2\/product_brand?post=8295"},{"taxonomy":"product_cat","embeddable":true,"href":"https:\/\/artslibris.cat\/en\/wp-json\/wp\/v2\/product_cat?post=8295"},{"taxonomy":"product_tag","embeddable":true,"href":"https:\/\/artslibris.cat\/en\/wp-json\/wp\/v2\/product_tag?post=8295"}],"curies":[{"name":"wp","href":"https:\/\/api.w.org\/{rel}","templated":true}]}}