{"id":8240,"date":"2021-02-25T17:42:35","date_gmt":"2021-02-25T18:39:48","guid":{"rendered":"https:\/\/artslibris.cat\/?post_type=product&#038;p=8240"},"modified":"2021-08-17T08:27:04","modified_gmt":"2021-08-17T08:27:04","slug":"mies-missing-materiality","status":"publish","type":"product","link":"https:\/\/artslibris.cat\/en\/tienda\/fotolibro-en\/mies-missing-materiality\/","title":{"rendered":"Mies Missing Materiality"},"content":{"rendered":"<p>Mies missing materiality turned the Mies van der Rohe Pavilion into a life-size model for eleven days, with all its surfaces limited to a single white and uniform material under the will of architects Anna &amp; Eugeni Bach as a trigger for reflection.<\/p>\n<p>This artistic intervention has generated a book that is added to the collection of publications of the Fundaci\u00f3 Mies van der Rohe: a beautiful edition where they are presented, in addition to texts by the authors of the intervention, the contributions of Juhani Pallasmaa, Fabrizio Gallanti, Mar\u00eda Langarita, Carlos Quint\u00e1ns and Juan Jos\u00e9 Lahuerta with images of Adri\u00e0 Goula who is also the author of a short film that includes the whole process of the intervention based on Juhani Pallasmaa\u2019s reflections. Once the intervention was removed, the material used was reconverted into an artistic piece that is now shown and incorporated into the collection of the Fundaci\u00f3 Mies van der Rohe.<\/p>\n<p>Dressing the Mies van der Rohe Pavilion to strip it of all materiality.<\/p>\n<p>Intervention in the Mies van der Rohe Pavilion.<\/p>\n","protected":false},"excerpt":{"rendered":"<p>Title: Mies Missing Materiality.<br \/>\nPublisher: Fundaci\u00f3 Mies van der Rohe.<br \/>\nAuthor: Anna Bach, Eugeni Bach &amp; Ivan Blasi (coordination).<br \/>\nSize: 20\u00a0x\u00a028\u00a0x\u00a01,3\u00a0cms.<br \/>\nPages: 88.<br \/>\nIllustrations: Color.<br \/>\nCover: Hardcover,\u00a0Swiss binding,\u00a0open stitching.<br \/>\nPublication date: 2019.<br \/>\nISBN: English 9788494882005.<\/p>\n","protected":false},"featured_media":8255,"template":"","meta":{"_acf_changed":false,"site-sidebar-layout":"default","site-content-layout":"default","ast-site-content-layout":"default","site-content-style":"default","site-sidebar-style":"default","ast-global-header-display":"","ast-banner-title-visibility":"","ast-main-header-display":"","ast-hfb-above-header-display":"","ast-hfb-below-header-display":"","ast-hfb-mobile-header-display":"","site-post-title":"","ast-breadcrumbs-content":"","ast-featured-img":"","footer-sml-layout":"","ast-disable-related-posts":"","theme-transparent-header-meta":"default","adv-header-id-meta":"","stick-header-meta":"","header-above-stick-meta":"","header-main-stick-meta":"","header-below-stick-meta":"","astra-migrate-meta-layouts":"default","ast-page-background-enabled":"default","ast-page-background-meta":{"desktop":{"background-color":"","background-image":"","background-repeat":"repeat","background-position":"center center","background-size":"auto","background-attachment":"scroll","background-type":"","background-media":"","overlay-type":"","overlay-color":"","overlay-opacity":"","overlay-gradient":""},"tablet":{"background-color":"","background-image":"","background-repeat":"repeat","background-position":"center center","background-size":"auto","background-attachment":"scroll","background-type":"","background-media":"","overlay-type":"","overlay-color":"","overlay-opacity":"","overlay-gradient":""},"mobile":{"background-color":"","background-image":"","background-repeat":"repeat","background-position":"center center","background-size":"auto","background-attachment":"scroll","background-type":"","background-media":"","overlay-type":"","overlay-color":"","overlay-opacity":"","overlay-gradient":""}},"ast-content-background-meta":{"desktop":{"background-color":"var(--ast-global-color-5)","background-image":"","background-repeat":"repeat","background-position":"center center","background-size":"auto","background-attachment":"scroll","background-type":"","background-media":"","overlay-type":"","overlay-color":"","overlay-opacity":"","overlay-gradient":""},"tablet":{"background-color":"var(--ast-global-color-5)","background-image":"","background-repeat":"repeat","background-position":"center center","background-size":"auto","background-attachment":"scroll","background-type":"","background-media":"","overlay-type":"","overlay-color":"","overlay-opacity":"","overlay-gradient":""},"mobile":{"background-color":"var(--ast-global-color-5)","background-image":"","background-repeat":"repeat","background-position":"center center","background-size":"auto","background-attachment":"scroll","background-type":"","background-media":"","overlay-type":"","overlay-color":"","overlay-opacity":"","overlay-gradient":""}}},"product_brand":[],"product_cat":[99,96],"product_tag":[220],"class_list":{"0":"post-8240","1":"product","2":"type-product","3":"status-publish","4":"has-post-thumbnail","6":"product_cat-catalogo-en","7":"product_cat-fotolibro-en","8":"product_tag-fundacio-mies-van-der-rohe-en","9":"desktop-align-left","10":"tablet-align-left","11":"mobile-align-left","13":"first","14":"instock","15":"taxable","16":"shipping-taxable","17":"purchasable","18":"product-type-simple"},"acf":[],"yoast_head":"<!-- This site is optimized with the Yoast SEO plugin v27.3 - https:\/\/yoast.com\/product\/yoast-seo-wordpress\/ -->\n<title>Mies Missing Materiality - ArtsLibris<\/title>\n<meta name=\"description\" content=\"Bookshop ArtsLibris - Mies Missing Materiality - Fundaci\u00f3 Mies van der Rohe\" \/>\n<meta name=\"robots\" content=\"index, follow, max-snippet:-1, max-image-preview:large, max-video-preview:-1\" \/>\n<link rel=\"canonical\" href=\"https:\/\/artslibris.cat\/en\/tienda\/fotolibro-en\/mies-missing-materiality\/\" \/>\n<meta property=\"og:locale\" content=\"en_US\" \/>\n<meta property=\"og:type\" content=\"article\" \/>\n<meta property=\"og:title\" content=\"Mies Missing Materiality - ArtsLibris\" \/>\n<meta property=\"og:description\" content=\"Bookshop ArtsLibris - Mies Missing Materiality - Fundaci\u00f3 Mies van der Rohe\" \/>\n<meta property=\"og:url\" content=\"https:\/\/artslibris.cat\/en\/tienda\/fotolibro-en\/mies-missing-materiality\/\" \/>\n<meta property=\"og:site_name\" content=\"ArtsLibris\" \/>\n<meta property=\"article:publisher\" content=\"https:\/\/www.facebook.com\/artslibris\/\" \/>\n<meta property=\"article:modified_time\" content=\"2021-08-17T08:27:04+00:00\" \/>\n<meta property=\"og:image\" content=\"https:\/\/artslibris.cat\/wp-content\/uploads\/2021\/02\/ArtsLibris_mies-missing-materiality-anna-eugeni-bach.jpg\" \/>\n\t<meta property=\"og:image:width\" content=\"600\" \/>\n\t<meta property=\"og:image:height\" content=\"600\" \/>\n\t<meta property=\"og:image:type\" content=\"image\/jpeg\" \/>\n<meta name=\"twitter:card\" content=\"summary_large_image\" \/>\n<meta name=\"twitter:site\" content=\"@ArtsLibris\" \/>\n<meta name=\"twitter:label1\" content=\"Est. reading time\" \/>\n\t<meta name=\"twitter:data1\" content=\"1 minute\" \/>\n<script type=\"application\/ld+json\" class=\"yoast-schema-graph\">{\"@context\":\"https:\\\/\\\/schema.org\",\"@graph\":[{\"@type\":\"WebPage\",\"@id\":\"https:\\\/\\\/artslibris.cat\\\/en\\\/tienda\\\/fotolibro-en\\\/mies-missing-materiality\\\/\",\"url\":\"https:\\\/\\\/artslibris.cat\\\/en\\\/tienda\\\/fotolibro-en\\\/mies-missing-materiality\\\/\",\"name\":\"Mies Missing Materiality - ArtsLibris\",\"isPartOf\":{\"@id\":\"https:\\\/\\\/artslibris.cat\\\/en\\\/#website\"},\"primaryImageOfPage\":{\"@id\":\"https:\\\/\\\/artslibris.cat\\\/en\\\/tienda\\\/fotolibro-en\\\/mies-missing-materiality\\\/#primaryimage\"},\"image\":{\"@id\":\"https:\\\/\\\/artslibris.cat\\\/en\\\/tienda\\\/fotolibro-en\\\/mies-missing-materiality\\\/#primaryimage\"},\"thumbnailUrl\":\"https:\\\/\\\/artslibris.cat\\\/wp-content\\\/uploads\\\/2021\\\/02\\\/ArtsLibris_mies-missing-materiality-anna-eugeni-bach.jpg\",\"datePublished\":\"2021-02-25T18:39:48+00:00\",\"dateModified\":\"2021-08-17T08:27:04+00:00\",\"description\":\"Bookshop ArtsLibris - Mies Missing Materiality - Fundaci\u00f3 Mies van der Rohe\",\"breadcrumb\":{\"@id\":\"https:\\\/\\\/artslibris.cat\\\/en\\\/tienda\\\/fotolibro-en\\\/mies-missing-materiality\\\/#breadcrumb\"},\"inLanguage\":\"en-US\",\"potentialAction\":[{\"@type\":\"ReadAction\",\"target\":[\"https:\\\/\\\/artslibris.cat\\\/en\\\/tienda\\\/fotolibro-en\\\/mies-missing-materiality\\\/\"]}]},{\"@type\":\"ImageObject\",\"inLanguage\":\"en-US\",\"@id\":\"https:\\\/\\\/artslibris.cat\\\/en\\\/tienda\\\/fotolibro-en\\\/mies-missing-materiality\\\/#primaryimage\",\"url\":\"https:\\\/\\\/artslibris.cat\\\/wp-content\\\/uploads\\\/2021\\\/02\\\/ArtsLibris_mies-missing-materiality-anna-eugeni-bach.jpg\",\"contentUrl\":\"https:\\\/\\\/artslibris.cat\\\/wp-content\\\/uploads\\\/2021\\\/02\\\/ArtsLibris_mies-missing-materiality-anna-eugeni-bach.jpg\",\"width\":600,\"height\":600},{\"@type\":\"BreadcrumbList\",\"@id\":\"https:\\\/\\\/artslibris.cat\\\/en\\\/tienda\\\/fotolibro-en\\\/mies-missing-materiality\\\/#breadcrumb\",\"itemListElement\":[{\"@type\":\"ListItem\",\"position\":1,\"name\":\"Portada\",\"item\":\"https:\\\/\\\/artslibris.cat\\\/en\\\/\"},{\"@type\":\"ListItem\",\"position\":2,\"name\":\"Shop\",\"item\":\"https:\\\/\\\/artslibris.cat\\\/en\\\/shop\\\/\"},{\"@type\":\"ListItem\",\"position\":3,\"name\":\"Mies Missing Materiality\"}]},{\"@type\":\"WebSite\",\"@id\":\"https:\\\/\\\/artslibris.cat\\\/en\\\/#website\",\"url\":\"https:\\\/\\\/artslibris.cat\\\/en\\\/\",\"name\":\"ArtsLibris\",\"description\":\"\",\"publisher\":{\"@id\":\"https:\\\/\\\/artslibris.cat\\\/en\\\/#organization\"},\"potentialAction\":[{\"@type\":\"SearchAction\",\"target\":{\"@type\":\"EntryPoint\",\"urlTemplate\":\"https:\\\/\\\/artslibris.cat\\\/en\\\/?s={search_term_string}\"},\"query-input\":{\"@type\":\"PropertyValueSpecification\",\"valueRequired\":true,\"valueName\":\"search_term_string\"}}],\"inLanguage\":\"en-US\"},{\"@type\":\"Organization\",\"@id\":\"https:\\\/\\\/artslibris.cat\\\/en\\\/#organization\",\"name\":\"ArtsLibris\",\"url\":\"https:\\\/\\\/artslibris.cat\\\/en\\\/\",\"logo\":{\"@type\":\"ImageObject\",\"inLanguage\":\"en-US\",\"@id\":\"https:\\\/\\\/artslibris.cat\\\/en\\\/#\\\/schema\\\/logo\\\/image\\\/\",\"url\":\"https:\\\/\\\/artslibris.cat\\\/wp-content\\\/uploads\\\/2020\\\/05\\\/ArtsLibris-logo-black.svg\",\"contentUrl\":\"https:\\\/\\\/artslibris.cat\\\/wp-content\\\/uploads\\\/2020\\\/05\\\/ArtsLibris-logo-black.svg\",\"width\":521,\"height\":85,\"caption\":\"ArtsLibris\"},\"image\":{\"@id\":\"https:\\\/\\\/artslibris.cat\\\/en\\\/#\\\/schema\\\/logo\\\/image\\\/\"},\"sameAs\":[\"https:\\\/\\\/www.facebook.com\\\/artslibris\\\/\",\"https:\\\/\\\/x.com\\\/ArtsLibris\",\"https:\\\/\\\/www.instagram.com\\\/artslibris\\\/\"]}]}<\/script>\n<!-- \/ Yoast SEO plugin. -->","yoast_head_json":{"title":"Mies Missing Materiality - ArtsLibris","description":"Bookshop ArtsLibris - Mies Missing Materiality - Fundaci\u00f3 Mies van der Rohe","robots":{"index":"index","follow":"follow","max-snippet":"max-snippet:-1","max-image-preview":"max-image-preview:large","max-video-preview":"max-video-preview:-1"},"canonical":"https:\/\/artslibris.cat\/en\/tienda\/fotolibro-en\/mies-missing-materiality\/","og_locale":"en_US","og_type":"article","og_title":"Mies Missing Materiality - ArtsLibris","og_description":"Bookshop ArtsLibris - Mies Missing Materiality - Fundaci\u00f3 Mies van der Rohe","og_url":"https:\/\/artslibris.cat\/en\/tienda\/fotolibro-en\/mies-missing-materiality\/","og_site_name":"ArtsLibris","article_publisher":"https:\/\/www.facebook.com\/artslibris\/","article_modified_time":"2021-08-17T08:27:04+00:00","og_image":[{"width":600,"height":600,"url":"https:\/\/artslibris.cat\/wp-content\/uploads\/2021\/02\/ArtsLibris_mies-missing-materiality-anna-eugeni-bach.jpg","type":"image\/jpeg"}],"twitter_card":"summary_large_image","twitter_site":"@ArtsLibris","twitter_misc":{"Est. reading time":"1 minute"},"schema":{"@context":"https:\/\/schema.org","@graph":[{"@type":"WebPage","@id":"https:\/\/artslibris.cat\/en\/tienda\/fotolibro-en\/mies-missing-materiality\/","url":"https:\/\/artslibris.cat\/en\/tienda\/fotolibro-en\/mies-missing-materiality\/","name":"Mies Missing Materiality - ArtsLibris","isPartOf":{"@id":"https:\/\/artslibris.cat\/en\/#website"},"primaryImageOfPage":{"@id":"https:\/\/artslibris.cat\/en\/tienda\/fotolibro-en\/mies-missing-materiality\/#primaryimage"},"image":{"@id":"https:\/\/artslibris.cat\/en\/tienda\/fotolibro-en\/mies-missing-materiality\/#primaryimage"},"thumbnailUrl":"https:\/\/artslibris.cat\/wp-content\/uploads\/2021\/02\/ArtsLibris_mies-missing-materiality-anna-eugeni-bach.jpg","datePublished":"2021-02-25T18:39:48+00:00","dateModified":"2021-08-17T08:27:04+00:00","description":"Bookshop ArtsLibris - Mies Missing Materiality - Fundaci\u00f3 Mies van der Rohe","breadcrumb":{"@id":"https:\/\/artslibris.cat\/en\/tienda\/fotolibro-en\/mies-missing-materiality\/#breadcrumb"},"inLanguage":"en-US","potentialAction":[{"@type":"ReadAction","target":["https:\/\/artslibris.cat\/en\/tienda\/fotolibro-en\/mies-missing-materiality\/"]}]},{"@type":"ImageObject","inLanguage":"en-US","@id":"https:\/\/artslibris.cat\/en\/tienda\/fotolibro-en\/mies-missing-materiality\/#primaryimage","url":"https:\/\/artslibris.cat\/wp-content\/uploads\/2021\/02\/ArtsLibris_mies-missing-materiality-anna-eugeni-bach.jpg","contentUrl":"https:\/\/artslibris.cat\/wp-content\/uploads\/2021\/02\/ArtsLibris_mies-missing-materiality-anna-eugeni-bach.jpg","width":600,"height":600},{"@type":"BreadcrumbList","@id":"https:\/\/artslibris.cat\/en\/tienda\/fotolibro-en\/mies-missing-materiality\/#breadcrumb","itemListElement":[{"@type":"ListItem","position":1,"name":"Portada","item":"https:\/\/artslibris.cat\/en\/"},{"@type":"ListItem","position":2,"name":"Shop","item":"https:\/\/artslibris.cat\/en\/shop\/"},{"@type":"ListItem","position":3,"name":"Mies Missing Materiality"}]},{"@type":"WebSite","@id":"https:\/\/artslibris.cat\/en\/#website","url":"https:\/\/artslibris.cat\/en\/","name":"ArtsLibris","description":"","publisher":{"@id":"https:\/\/artslibris.cat\/en\/#organization"},"potentialAction":[{"@type":"SearchAction","target":{"@type":"EntryPoint","urlTemplate":"https:\/\/artslibris.cat\/en\/?s={search_term_string}"},"query-input":{"@type":"PropertyValueSpecification","valueRequired":true,"valueName":"search_term_string"}}],"inLanguage":"en-US"},{"@type":"Organization","@id":"https:\/\/artslibris.cat\/en\/#organization","name":"ArtsLibris","url":"https:\/\/artslibris.cat\/en\/","logo":{"@type":"ImageObject","inLanguage":"en-US","@id":"https:\/\/artslibris.cat\/en\/#\/schema\/logo\/image\/","url":"https:\/\/artslibris.cat\/wp-content\/uploads\/2020\/05\/ArtsLibris-logo-black.svg","contentUrl":"https:\/\/artslibris.cat\/wp-content\/uploads\/2020\/05\/ArtsLibris-logo-black.svg","width":521,"height":85,"caption":"ArtsLibris"},"image":{"@id":"https:\/\/artslibris.cat\/en\/#\/schema\/logo\/image\/"},"sameAs":["https:\/\/www.facebook.com\/artslibris\/","https:\/\/x.com\/ArtsLibris","https:\/\/www.instagram.com\/artslibris\/"]}]}},"_links":{"self":[{"href":"https:\/\/artslibris.cat\/en\/wp-json\/wp\/v2\/product\/8240","targetHints":{"allow":["GET"]}}],"collection":[{"href":"https:\/\/artslibris.cat\/en\/wp-json\/wp\/v2\/product"}],"about":[{"href":"https:\/\/artslibris.cat\/en\/wp-json\/wp\/v2\/types\/product"}],"wp:featuredmedia":[{"embeddable":true,"href":"https:\/\/artslibris.cat\/en\/wp-json\/wp\/v2\/media\/8255"}],"wp:attachment":[{"href":"https:\/\/artslibris.cat\/en\/wp-json\/wp\/v2\/media?parent=8240"}],"wp:term":[{"taxonomy":"product_brand","embeddable":true,"href":"https:\/\/artslibris.cat\/en\/wp-json\/wp\/v2\/product_brand?post=8240"},{"taxonomy":"product_cat","embeddable":true,"href":"https:\/\/artslibris.cat\/en\/wp-json\/wp\/v2\/product_cat?post=8240"},{"taxonomy":"product_tag","embeddable":true,"href":"https:\/\/artslibris.cat\/en\/wp-json\/wp\/v2\/product_tag?post=8240"}],"curies":[{"name":"wp","href":"https:\/\/api.w.org\/{rel}","templated":true}]}}