{"id":7731,"date":"2021-02-17T18:56:05","date_gmt":"2021-02-17T18:56:05","guid":{"rendered":"https:\/\/artslibris.cat\/tienda\/uncategorized\/la-promesa-de-la-felicidad-una-critica-cultural-al-imperativo-de-la-alegria\/"},"modified":"2021-02-17T18:56:05","modified_gmt":"2021-02-17T18:56:05","slug":"la-promesa-de-la-felicidad-una-critica-cultural-al-imperativo-de-la-alegria","status":"publish","type":"product","link":"https:\/\/artslibris.cat\/en\/tienda\/pensamiento-en\/la-promesa-de-la-felicidad-una-critica-cultural-al-imperativo-de-la-alegria\/","title":{"rendered":"La promesa de la felicidad. Una cr\u00edtica cultural al imperativo de la alegr\u00eda"},"content":{"rendered":"<p class=\"p1\"><span class=\"s1\"><i>The Promise of Happiness<\/i>\u00a0is a provocative cultural critique of the imperative to be happy. It asks what follows when we make our desires and even our own happiness conditional on the happiness of others: \u201cI just want you to be happy\u201d; \u201cI\u2019m happy if you\u2019re happy.\u201d Combining philosophy and feminist cultural studies, Sara Ahmed reveals the affective and moral work performed by the \u201chappiness duty,\u201d the expectation that we will be made happy by taking part in that which is deemed good, and that by being happy ourselves, we will make others happy. Ahmed maintains that happiness is a promise that directs us toward certain life choices and away from others. Happiness is promised to those willing to live their lives in the right way.<\/span><\/p>\n<p class=\"p3\"><span class=\"s2\">Ahmed draws on the intellectual history of happiness, from classical accounts of ethics as the good life, through seventeenth-century writings on affect and the passions, eighteenth-century debates on virtue and education, and nineteenth-century utilitarianism. She engages with feminist, antiracist, and queer critics who have shown how happiness is used to justify social oppression, and how challenging oppression causes unhappiness. Reading novels and films including<i>\u00a0Mrs. Dalloway<\/i>,\u00a0<i>The Well of Loneliness<\/i>,\u00a0<i>Bend It Like Beckham<\/i>, and\u00a0<i>Children of Men<\/i>, Ahmed considers the plight of the figures who challenge and are challenged by the attribution of happiness to particular objects or social ideals: the feminist killjoy, the unhappy queer, the angry black woman, and the melancholic migrant. Through her readings she raises critical questions about the moral order imposed by the injunction to be happy.<\/span><\/p>\n","protected":false},"excerpt":{"rendered":"<p>Title: La promesa de la felicidad. Una cr\u00edtica cultural al imperativo de la alegr\u00eda.<br \/>\nPublisher: Caja Negra.<br \/>\nAuthor: Sara Ahmed.<br \/>\nCity of publication: Buenos Aires.<br \/>\nYear of publication: 2019.<br \/>\nPages: 464.<br \/>\nSize: 12 x 19.<br \/>\nISBN: 978-987-1622-71-9.<\/p>\n","protected":false},"featured_media":7570,"template":"","meta":{"_acf_changed":false,"site-sidebar-layout":"default","site-content-layout":"default","ast-site-content-layout":"default","site-content-style":"default","site-sidebar-style":"default","ast-global-header-display":"","ast-banner-title-visibility":"","ast-main-header-display":"","ast-hfb-above-header-display":"","ast-hfb-below-header-display":"","ast-hfb-mobile-header-display":"","site-post-title":"","ast-breadcrumbs-content":"","ast-featured-img":"","footer-sml-layout":"","ast-disable-related-posts":"","theme-transparent-header-meta":"default","adv-header-id-meta":"","stick-header-meta":"","header-above-stick-meta":"","header-main-stick-meta":"","header-below-stick-meta":"","astra-migrate-meta-layouts":"default","ast-page-background-enabled":"default","ast-page-background-meta":{"desktop":{"background-color":"","background-image":"","background-repeat":"repeat","background-position":"center center","background-size":"auto","background-attachment":"scroll","background-type":"","background-media":"","overlay-type":"","overlay-color":"","overlay-opacity":"","overlay-gradient":""},"tablet":{"background-color":"","background-image":"","background-repeat":"repeat","background-position":"center center","background-size":"auto","background-attachment":"scroll","background-type":"","background-media":"","overlay-type":"","overlay-color":"","overlay-opacity":"","overlay-gradient":""},"mobile":{"background-color":"","background-image":"","background-repeat":"repeat","background-position":"center center","background-size":"auto","background-attachment":"scroll","background-type":"","background-media":"","overlay-type":"","overlay-color":"","overlay-opacity":"","overlay-gradient":""}},"ast-content-background-meta":{"desktop":{"background-color":"var(--ast-global-color-5)","background-image":"","background-repeat":"repeat","background-position":"center center","background-size":"auto","background-attachment":"scroll","background-type":"","background-media":"","overlay-type":"","overlay-color":"","overlay-opacity":"","overlay-gradient":""},"tablet":{"background-color":"var(--ast-global-color-5)","background-image":"","background-repeat":"repeat","background-position":"center center","background-size":"auto","background-attachment":"scroll","background-type":"","background-media":"","overlay-type":"","overlay-color":"","overlay-opacity":"","overlay-gradient":""},"mobile":{"background-color":"var(--ast-global-color-5)","background-image":"","background-repeat":"repeat","background-position":"center center","background-size":"auto","background-attachment":"scroll","background-type":"","background-media":"","overlay-type":"","overlay-color":"","overlay-opacity":"","overlay-gradient":""}}},"product_brand":[],"product_cat":[89],"product_tag":[209],"class_list":{"0":"post-7731","1":"product","2":"type-product","3":"status-publish","4":"has-post-thumbnail","6":"product_cat-pensamiento-en","7":"product_tag-caja-negra-en","8":"desktop-align-left","9":"tablet-align-left","10":"mobile-align-left","12":"first","13":"outofstock","14":"taxable","15":"shipping-taxable","16":"purchasable","17":"product-type-simple"},"acf":[],"yoast_head":"<!-- This site is optimized with the Yoast SEO plugin v27.3 - https:\/\/yoast.com\/product\/yoast-seo-wordpress\/ -->\n<title>La promesa de la felicidad. Una cr\u00edtica cultural al imperativo de la alegr\u00eda - ArtsLibris<\/title>\n<meta name=\"description\" content=\"Bookshop ArtsLibris - La promesa de la felicidad. Una cr\u00edtica cultural al imperativo de la alegr\u00eda - Sara Ahmed - Caja Negra\" \/>\n<meta name=\"robots\" content=\"index, follow, max-snippet:-1, max-image-preview:large, max-video-preview:-1\" \/>\n<link rel=\"canonical\" href=\"https:\/\/artslibris.cat\/en\/tienda\/pensamiento-en\/la-promesa-de-la-felicidad-una-critica-cultural-al-imperativo-de-la-alegria\/\" \/>\n<meta property=\"og:locale\" content=\"en_US\" \/>\n<meta property=\"og:type\" content=\"article\" \/>\n<meta property=\"og:title\" content=\"La promesa de la felicidad. Una cr\u00edtica cultural al imperativo de la alegr\u00eda - ArtsLibris\" \/>\n<meta property=\"og:description\" content=\"Bookshop ArtsLibris - La promesa de la felicidad. Una cr\u00edtica cultural al imperativo de la alegr\u00eda - Sara Ahmed - Caja Negra\" \/>\n<meta property=\"og:url\" content=\"https:\/\/artslibris.cat\/en\/tienda\/pensamiento-en\/la-promesa-de-la-felicidad-una-critica-cultural-al-imperativo-de-la-alegria\/\" \/>\n<meta property=\"og:site_name\" content=\"ArtsLibris\" \/>\n<meta property=\"article:publisher\" content=\"https:\/\/www.facebook.com\/artslibris\/\" \/>\n<meta property=\"og:image\" content=\"https:\/\/artslibris.cat\/wp-content\/uploads\/2021\/02\/ArtsLibris_la_promesa_de_la_felicidad_caja_negra_AHMED_alta.jpg\" \/>\n\t<meta property=\"og:image:width\" content=\"692\" \/>\n\t<meta property=\"og:image:height\" content=\"1080\" \/>\n\t<meta property=\"og:image:type\" content=\"image\/jpeg\" \/>\n<meta name=\"twitter:card\" content=\"summary_large_image\" \/>\n<meta name=\"twitter:site\" content=\"@ArtsLibris\" \/>\n<meta name=\"twitter:label1\" content=\"Est. reading time\" \/>\n\t<meta name=\"twitter:data1\" content=\"1 minute\" \/>\n<script type=\"application\/ld+json\" class=\"yoast-schema-graph\">{\"@context\":\"https:\\\/\\\/schema.org\",\"@graph\":[{\"@type\":\"WebPage\",\"@id\":\"https:\\\/\\\/artslibris.cat\\\/en\\\/tienda\\\/pensamiento-en\\\/la-promesa-de-la-felicidad-una-critica-cultural-al-imperativo-de-la-alegria\\\/\",\"url\":\"https:\\\/\\\/artslibris.cat\\\/en\\\/tienda\\\/pensamiento-en\\\/la-promesa-de-la-felicidad-una-critica-cultural-al-imperativo-de-la-alegria\\\/\",\"name\":\"La promesa de la felicidad. Una cr\u00edtica cultural al imperativo de la alegr\u00eda - ArtsLibris\",\"isPartOf\":{\"@id\":\"https:\\\/\\\/artslibris.cat\\\/en\\\/#website\"},\"primaryImageOfPage\":{\"@id\":\"https:\\\/\\\/artslibris.cat\\\/en\\\/tienda\\\/pensamiento-en\\\/la-promesa-de-la-felicidad-una-critica-cultural-al-imperativo-de-la-alegria\\\/#primaryimage\"},\"image\":{\"@id\":\"https:\\\/\\\/artslibris.cat\\\/en\\\/tienda\\\/pensamiento-en\\\/la-promesa-de-la-felicidad-una-critica-cultural-al-imperativo-de-la-alegria\\\/#primaryimage\"},\"thumbnailUrl\":\"https:\\\/\\\/artslibris.cat\\\/wp-content\\\/uploads\\\/2021\\\/02\\\/ArtsLibris_la_promesa_de_la_felicidad_caja_negra_AHMED_alta.jpg\",\"datePublished\":\"2021-02-17T18:56:05+00:00\",\"description\":\"Bookshop ArtsLibris - La promesa de la felicidad. Una cr\u00edtica cultural al imperativo de la alegr\u00eda - Sara Ahmed - Caja Negra\",\"breadcrumb\":{\"@id\":\"https:\\\/\\\/artslibris.cat\\\/en\\\/tienda\\\/pensamiento-en\\\/la-promesa-de-la-felicidad-una-critica-cultural-al-imperativo-de-la-alegria\\\/#breadcrumb\"},\"inLanguage\":\"en-US\",\"potentialAction\":[{\"@type\":\"ReadAction\",\"target\":[\"https:\\\/\\\/artslibris.cat\\\/en\\\/tienda\\\/pensamiento-en\\\/la-promesa-de-la-felicidad-una-critica-cultural-al-imperativo-de-la-alegria\\\/\"]}]},{\"@type\":\"ImageObject\",\"inLanguage\":\"en-US\",\"@id\":\"https:\\\/\\\/artslibris.cat\\\/en\\\/tienda\\\/pensamiento-en\\\/la-promesa-de-la-felicidad-una-critica-cultural-al-imperativo-de-la-alegria\\\/#primaryimage\",\"url\":\"https:\\\/\\\/artslibris.cat\\\/wp-content\\\/uploads\\\/2021\\\/02\\\/ArtsLibris_la_promesa_de_la_felicidad_caja_negra_AHMED_alta.jpg\",\"contentUrl\":\"https:\\\/\\\/artslibris.cat\\\/wp-content\\\/uploads\\\/2021\\\/02\\\/ArtsLibris_la_promesa_de_la_felicidad_caja_negra_AHMED_alta.jpg\",\"width\":692,\"height\":1080},{\"@type\":\"BreadcrumbList\",\"@id\":\"https:\\\/\\\/artslibris.cat\\\/en\\\/tienda\\\/pensamiento-en\\\/la-promesa-de-la-felicidad-una-critica-cultural-al-imperativo-de-la-alegria\\\/#breadcrumb\",\"itemListElement\":[{\"@type\":\"ListItem\",\"position\":1,\"name\":\"Portada\",\"item\":\"https:\\\/\\\/artslibris.cat\\\/en\\\/\"},{\"@type\":\"ListItem\",\"position\":2,\"name\":\"Shop\",\"item\":\"https:\\\/\\\/artslibris.cat\\\/en\\\/shop\\\/\"},{\"@type\":\"ListItem\",\"position\":3,\"name\":\"La promesa de la felicidad. Una cr\u00edtica cultural al imperativo de la alegr\u00eda\"}]},{\"@type\":\"WebSite\",\"@id\":\"https:\\\/\\\/artslibris.cat\\\/en\\\/#website\",\"url\":\"https:\\\/\\\/artslibris.cat\\\/en\\\/\",\"name\":\"ArtsLibris\",\"description\":\"\",\"publisher\":{\"@id\":\"https:\\\/\\\/artslibris.cat\\\/en\\\/#organization\"},\"potentialAction\":[{\"@type\":\"SearchAction\",\"target\":{\"@type\":\"EntryPoint\",\"urlTemplate\":\"https:\\\/\\\/artslibris.cat\\\/en\\\/?s={search_term_string}\"},\"query-input\":{\"@type\":\"PropertyValueSpecification\",\"valueRequired\":true,\"valueName\":\"search_term_string\"}}],\"inLanguage\":\"en-US\"},{\"@type\":\"Organization\",\"@id\":\"https:\\\/\\\/artslibris.cat\\\/en\\\/#organization\",\"name\":\"ArtsLibris\",\"url\":\"https:\\\/\\\/artslibris.cat\\\/en\\\/\",\"logo\":{\"@type\":\"ImageObject\",\"inLanguage\":\"en-US\",\"@id\":\"https:\\\/\\\/artslibris.cat\\\/en\\\/#\\\/schema\\\/logo\\\/image\\\/\",\"url\":\"https:\\\/\\\/artslibris.cat\\\/wp-content\\\/uploads\\\/2020\\\/05\\\/ArtsLibris-logo-black.svg\",\"contentUrl\":\"https:\\\/\\\/artslibris.cat\\\/wp-content\\\/uploads\\\/2020\\\/05\\\/ArtsLibris-logo-black.svg\",\"width\":521,\"height\":85,\"caption\":\"ArtsLibris\"},\"image\":{\"@id\":\"https:\\\/\\\/artslibris.cat\\\/en\\\/#\\\/schema\\\/logo\\\/image\\\/\"},\"sameAs\":[\"https:\\\/\\\/www.facebook.com\\\/artslibris\\\/\",\"https:\\\/\\\/x.com\\\/ArtsLibris\",\"https:\\\/\\\/www.instagram.com\\\/artslibris\\\/\"]}]}<\/script>\n<!-- \/ Yoast SEO plugin. -->","yoast_head_json":{"title":"La promesa de la felicidad. Una cr\u00edtica cultural al imperativo de la alegr\u00eda - ArtsLibris","description":"Bookshop ArtsLibris - La promesa de la felicidad. Una cr\u00edtica cultural al imperativo de la alegr\u00eda - Sara Ahmed - Caja Negra","robots":{"index":"index","follow":"follow","max-snippet":"max-snippet:-1","max-image-preview":"max-image-preview:large","max-video-preview":"max-video-preview:-1"},"canonical":"https:\/\/artslibris.cat\/en\/tienda\/pensamiento-en\/la-promesa-de-la-felicidad-una-critica-cultural-al-imperativo-de-la-alegria\/","og_locale":"en_US","og_type":"article","og_title":"La promesa de la felicidad. Una cr\u00edtica cultural al imperativo de la alegr\u00eda - ArtsLibris","og_description":"Bookshop ArtsLibris - La promesa de la felicidad. Una cr\u00edtica cultural al imperativo de la alegr\u00eda - Sara Ahmed - Caja Negra","og_url":"https:\/\/artslibris.cat\/en\/tienda\/pensamiento-en\/la-promesa-de-la-felicidad-una-critica-cultural-al-imperativo-de-la-alegria\/","og_site_name":"ArtsLibris","article_publisher":"https:\/\/www.facebook.com\/artslibris\/","og_image":[{"width":692,"height":1080,"url":"https:\/\/artslibris.cat\/wp-content\/uploads\/2021\/02\/ArtsLibris_la_promesa_de_la_felicidad_caja_negra_AHMED_alta.jpg","type":"image\/jpeg"}],"twitter_card":"summary_large_image","twitter_site":"@ArtsLibris","twitter_misc":{"Est. reading time":"1 minute"},"schema":{"@context":"https:\/\/schema.org","@graph":[{"@type":"WebPage","@id":"https:\/\/artslibris.cat\/en\/tienda\/pensamiento-en\/la-promesa-de-la-felicidad-una-critica-cultural-al-imperativo-de-la-alegria\/","url":"https:\/\/artslibris.cat\/en\/tienda\/pensamiento-en\/la-promesa-de-la-felicidad-una-critica-cultural-al-imperativo-de-la-alegria\/","name":"La promesa de la felicidad. Una cr\u00edtica cultural al imperativo de la alegr\u00eda - ArtsLibris","isPartOf":{"@id":"https:\/\/artslibris.cat\/en\/#website"},"primaryImageOfPage":{"@id":"https:\/\/artslibris.cat\/en\/tienda\/pensamiento-en\/la-promesa-de-la-felicidad-una-critica-cultural-al-imperativo-de-la-alegria\/#primaryimage"},"image":{"@id":"https:\/\/artslibris.cat\/en\/tienda\/pensamiento-en\/la-promesa-de-la-felicidad-una-critica-cultural-al-imperativo-de-la-alegria\/#primaryimage"},"thumbnailUrl":"https:\/\/artslibris.cat\/wp-content\/uploads\/2021\/02\/ArtsLibris_la_promesa_de_la_felicidad_caja_negra_AHMED_alta.jpg","datePublished":"2021-02-17T18:56:05+00:00","description":"Bookshop ArtsLibris - La promesa de la felicidad. Una cr\u00edtica cultural al imperativo de la alegr\u00eda - Sara Ahmed - Caja Negra","breadcrumb":{"@id":"https:\/\/artslibris.cat\/en\/tienda\/pensamiento-en\/la-promesa-de-la-felicidad-una-critica-cultural-al-imperativo-de-la-alegria\/#breadcrumb"},"inLanguage":"en-US","potentialAction":[{"@type":"ReadAction","target":["https:\/\/artslibris.cat\/en\/tienda\/pensamiento-en\/la-promesa-de-la-felicidad-una-critica-cultural-al-imperativo-de-la-alegria\/"]}]},{"@type":"ImageObject","inLanguage":"en-US","@id":"https:\/\/artslibris.cat\/en\/tienda\/pensamiento-en\/la-promesa-de-la-felicidad-una-critica-cultural-al-imperativo-de-la-alegria\/#primaryimage","url":"https:\/\/artslibris.cat\/wp-content\/uploads\/2021\/02\/ArtsLibris_la_promesa_de_la_felicidad_caja_negra_AHMED_alta.jpg","contentUrl":"https:\/\/artslibris.cat\/wp-content\/uploads\/2021\/02\/ArtsLibris_la_promesa_de_la_felicidad_caja_negra_AHMED_alta.jpg","width":692,"height":1080},{"@type":"BreadcrumbList","@id":"https:\/\/artslibris.cat\/en\/tienda\/pensamiento-en\/la-promesa-de-la-felicidad-una-critica-cultural-al-imperativo-de-la-alegria\/#breadcrumb","itemListElement":[{"@type":"ListItem","position":1,"name":"Portada","item":"https:\/\/artslibris.cat\/en\/"},{"@type":"ListItem","position":2,"name":"Shop","item":"https:\/\/artslibris.cat\/en\/shop\/"},{"@type":"ListItem","position":3,"name":"La promesa de la felicidad. Una cr\u00edtica cultural al imperativo de la alegr\u00eda"}]},{"@type":"WebSite","@id":"https:\/\/artslibris.cat\/en\/#website","url":"https:\/\/artslibris.cat\/en\/","name":"ArtsLibris","description":"","publisher":{"@id":"https:\/\/artslibris.cat\/en\/#organization"},"potentialAction":[{"@type":"SearchAction","target":{"@type":"EntryPoint","urlTemplate":"https:\/\/artslibris.cat\/en\/?s={search_term_string}"},"query-input":{"@type":"PropertyValueSpecification","valueRequired":true,"valueName":"search_term_string"}}],"inLanguage":"en-US"},{"@type":"Organization","@id":"https:\/\/artslibris.cat\/en\/#organization","name":"ArtsLibris","url":"https:\/\/artslibris.cat\/en\/","logo":{"@type":"ImageObject","inLanguage":"en-US","@id":"https:\/\/artslibris.cat\/en\/#\/schema\/logo\/image\/","url":"https:\/\/artslibris.cat\/wp-content\/uploads\/2020\/05\/ArtsLibris-logo-black.svg","contentUrl":"https:\/\/artslibris.cat\/wp-content\/uploads\/2020\/05\/ArtsLibris-logo-black.svg","width":521,"height":85,"caption":"ArtsLibris"},"image":{"@id":"https:\/\/artslibris.cat\/en\/#\/schema\/logo\/image\/"},"sameAs":["https:\/\/www.facebook.com\/artslibris\/","https:\/\/x.com\/ArtsLibris","https:\/\/www.instagram.com\/artslibris\/"]}]}},"_links":{"self":[{"href":"https:\/\/artslibris.cat\/en\/wp-json\/wp\/v2\/product\/7731","targetHints":{"allow":["GET"]}}],"collection":[{"href":"https:\/\/artslibris.cat\/en\/wp-json\/wp\/v2\/product"}],"about":[{"href":"https:\/\/artslibris.cat\/en\/wp-json\/wp\/v2\/types\/product"}],"wp:featuredmedia":[{"embeddable":true,"href":"https:\/\/artslibris.cat\/en\/wp-json\/wp\/v2\/media\/7570"}],"wp:attachment":[{"href":"https:\/\/artslibris.cat\/en\/wp-json\/wp\/v2\/media?parent=7731"}],"wp:term":[{"taxonomy":"product_brand","embeddable":true,"href":"https:\/\/artslibris.cat\/en\/wp-json\/wp\/v2\/product_brand?post=7731"},{"taxonomy":"product_cat","embeddable":true,"href":"https:\/\/artslibris.cat\/en\/wp-json\/wp\/v2\/product_cat?post=7731"},{"taxonomy":"product_tag","embeddable":true,"href":"https:\/\/artslibris.cat\/en\/wp-json\/wp\/v2\/product_tag?post=7731"}],"curies":[{"name":"wp","href":"https:\/\/api.w.org\/{rel}","templated":true}]}}