{"id":7730,"date":"2021-02-17T18:58:26","date_gmt":"2021-02-17T18:58:26","guid":{"rendered":"https:\/\/artslibris.cat\/tienda\/uncategorized\/shanzhai-el-arte-de-la-falsificacion-y-la-deconstruccion-en-china\/"},"modified":"2021-02-17T18:58:26","modified_gmt":"2021-02-17T18:58:26","slug":"shanzhai-el-arte-de-la-falsificacion-y-la-deconstruccion-en-china","status":"publish","type":"product","link":"https:\/\/artslibris.cat\/en\/tienda\/pensamiento-en\/shanzhai-el-arte-de-la-falsificacion-y-la-deconstruccion-en-china\/","title":{"rendered":"Shanzhai. El arte de la falsificaci\u00f3n y la deconstrucci\u00f3n en China"},"content":{"rendered":"<p><i>Shanzhai<\/i>\u00a0is a Chinese neologism that means &#8220;fake,&#8221; originally coined to describe knock-off cell phones marketed under such names as Nokir and Samsing. These cell phones were not crude forgeries but multifunctional, stylish, and as good as or better than the originals. Shanzhai has since spread into other parts of Chinese life, with shanzhai books, shanzhai politicians, shanzhai stars. There is a shanzhai Harry Potter:\u00a0<i>Harry Potter and the Porcelain Doll<\/i>, in which Harry takes on his nemesis Yandomort. In the West, this would be seen as piracy, or even desecration, but in Chinese culture, originals are continually transformed &#8212; deconstructed. In this volume in the Untimely Meditations series, Byung-Chul Han traces the thread of deconstruction, or &#8220;decreation,&#8221; in Chinese thought, from ancient masterpieces that invite inscription and transcription to Maoism &#8212; &#8220;a kind a shanzhai Marxism,&#8221; Han writes.<\/p>\n<p>Han discusses the Chinese concepts of\u00a0<i>quan,<\/i>\u00a0or law, which literally means the weight that slides back and forth on a scale, radically different from Western notions of absoluteness;\u00a0<i>zhen ji<\/i>, or original, determined not by an act of creation but by unending process;\u00a0<i>xian zhan<\/i>, or seals of leisure, affixed by collectors and part of the picture&#8217;s composition;\u00a0<i>fuzhi<\/i>, or copy, a replica of equal value to the original; and\u00a0<i>shanzhai<\/i>. The Far East, Han writes, is not familiar with such &#8220;pre-deconstructive&#8221; factors as original or identity. Far Eastern thought begins with deconstruction.<\/p>\n","protected":false},"excerpt":{"rendered":"<p>Title: Shanzhai. El arte de la falsificaci\u00f3n y la deconstrucci\u00f3n en China.<br \/>\nPublisher: Caja Negra.<br \/>\nAuthor: Byung-Chul Han.<br \/>\nCity of publication: Buenos Aires.<br \/>\nYear of publication: 2016.<br \/>\nPages: 96.<br \/>\nSize: 12 x 19.<br \/>\nISBN: 978-987-1622-50-4.<\/p>\n","protected":false},"featured_media":7573,"template":"","meta":{"_acf_changed":false,"site-sidebar-layout":"default","site-content-layout":"default","ast-site-content-layout":"default","site-content-style":"default","site-sidebar-style":"default","ast-global-header-display":"","ast-banner-title-visibility":"","ast-main-header-display":"","ast-hfb-above-header-display":"","ast-hfb-below-header-display":"","ast-hfb-mobile-header-display":"","site-post-title":"","ast-breadcrumbs-content":"","ast-featured-img":"","footer-sml-layout":"","ast-disable-related-posts":"","theme-transparent-header-meta":"default","adv-header-id-meta":"","stick-header-meta":"","header-above-stick-meta":"","header-main-stick-meta":"","header-below-stick-meta":"","astra-migrate-meta-layouts":"default","ast-page-background-enabled":"default","ast-page-background-meta":{"desktop":{"background-color":"","background-image":"","background-repeat":"repeat","background-position":"center center","background-size":"auto","background-attachment":"scroll","background-type":"","background-media":"","overlay-type":"","overlay-color":"","overlay-opacity":"","overlay-gradient":""},"tablet":{"background-color":"","background-image":"","background-repeat":"repeat","background-position":"center center","background-size":"auto","background-attachment":"scroll","background-type":"","background-media":"","overlay-type":"","overlay-color":"","overlay-opacity":"","overlay-gradient":""},"mobile":{"background-color":"","background-image":"","background-repeat":"repeat","background-position":"center center","background-size":"auto","background-attachment":"scroll","background-type":"","background-media":"","overlay-type":"","overlay-color":"","overlay-opacity":"","overlay-gradient":""}},"ast-content-background-meta":{"desktop":{"background-color":"var(--ast-global-color-5)","background-image":"","background-repeat":"repeat","background-position":"center center","background-size":"auto","background-attachment":"scroll","background-type":"","background-media":"","overlay-type":"","overlay-color":"","overlay-opacity":"","overlay-gradient":""},"tablet":{"background-color":"var(--ast-global-color-5)","background-image":"","background-repeat":"repeat","background-position":"center center","background-size":"auto","background-attachment":"scroll","background-type":"","background-media":"","overlay-type":"","overlay-color":"","overlay-opacity":"","overlay-gradient":""},"mobile":{"background-color":"var(--ast-global-color-5)","background-image":"","background-repeat":"repeat","background-position":"center center","background-size":"auto","background-attachment":"scroll","background-type":"","background-media":"","overlay-type":"","overlay-color":"","overlay-opacity":"","overlay-gradient":""}}},"product_brand":[],"product_cat":[89],"product_tag":[209],"class_list":{"0":"post-7730","1":"product","2":"type-product","3":"status-publish","4":"has-post-thumbnail","6":"product_cat-pensamiento-en","7":"product_tag-caja-negra-en","8":"desktop-align-left","9":"tablet-align-left","10":"mobile-align-left","12":"first","13":"outofstock","14":"taxable","15":"shipping-taxable","16":"purchasable","17":"product-type-simple"},"acf":[],"yoast_head":"<!-- This site is optimized with the Yoast SEO plugin v27.3 - https:\/\/yoast.com\/product\/yoast-seo-wordpress\/ -->\n<title>Shanzhai. El arte de la falsificaci\u00f3n y la deconstrucci\u00f3n en China - ArtsLibris<\/title>\n<meta name=\"description\" content=\"Bookshop ArtsLibris - Shanzhai. El arte de la falsificaci\u00f3n y la deconstrucci\u00f3n en China - Byung-Chul Han - Caja Negra\" \/>\n<meta name=\"robots\" content=\"index, follow, max-snippet:-1, max-image-preview:large, max-video-preview:-1\" \/>\n<link rel=\"canonical\" href=\"https:\/\/artslibris.cat\/en\/tienda\/pensamiento-en\/shanzhai-el-arte-de-la-falsificacion-y-la-deconstruccion-en-china\/\" \/>\n<meta property=\"og:locale\" content=\"en_US\" \/>\n<meta property=\"og:type\" content=\"article\" \/>\n<meta property=\"og:title\" content=\"Shanzhai. El arte de la falsificaci\u00f3n y la deconstrucci\u00f3n en China - ArtsLibris\" \/>\n<meta property=\"og:description\" content=\"Bookshop ArtsLibris - Shanzhai. El arte de la falsificaci\u00f3n y la deconstrucci\u00f3n en China - Byung-Chul Han - Caja Negra\" \/>\n<meta property=\"og:url\" content=\"https:\/\/artslibris.cat\/en\/tienda\/pensamiento-en\/shanzhai-el-arte-de-la-falsificacion-y-la-deconstruccion-en-china\/\" \/>\n<meta property=\"og:site_name\" content=\"ArtsLibris\" \/>\n<meta property=\"article:publisher\" content=\"https:\/\/www.facebook.com\/artslibris\/\" \/>\n<meta property=\"og:image\" content=\"https:\/\/artslibris.cat\/wp-content\/uploads\/2021\/02\/ArtsLibris_Shanzhai_el_arte_de_la_falsificacion_Caja_negra.jpeg\" \/>\n\t<meta property=\"og:image:width\" content=\"692\" \/>\n\t<meta property=\"og:image:height\" content=\"1080\" \/>\n\t<meta property=\"og:image:type\" content=\"image\/jpeg\" \/>\n<meta name=\"twitter:card\" content=\"summary_large_image\" \/>\n<meta name=\"twitter:site\" content=\"@ArtsLibris\" \/>\n<meta name=\"twitter:label1\" content=\"Est. reading time\" \/>\n\t<meta name=\"twitter:data1\" content=\"1 minute\" \/>\n<script type=\"application\/ld+json\" class=\"yoast-schema-graph\">{\"@context\":\"https:\\\/\\\/schema.org\",\"@graph\":[{\"@type\":\"WebPage\",\"@id\":\"https:\\\/\\\/artslibris.cat\\\/en\\\/tienda\\\/pensamiento-en\\\/shanzhai-el-arte-de-la-falsificacion-y-la-deconstruccion-en-china\\\/\",\"url\":\"https:\\\/\\\/artslibris.cat\\\/en\\\/tienda\\\/pensamiento-en\\\/shanzhai-el-arte-de-la-falsificacion-y-la-deconstruccion-en-china\\\/\",\"name\":\"Shanzhai. El arte de la falsificaci\u00f3n y la deconstrucci\u00f3n en China - ArtsLibris\",\"isPartOf\":{\"@id\":\"https:\\\/\\\/artslibris.cat\\\/en\\\/#website\"},\"primaryImageOfPage\":{\"@id\":\"https:\\\/\\\/artslibris.cat\\\/en\\\/tienda\\\/pensamiento-en\\\/shanzhai-el-arte-de-la-falsificacion-y-la-deconstruccion-en-china\\\/#primaryimage\"},\"image\":{\"@id\":\"https:\\\/\\\/artslibris.cat\\\/en\\\/tienda\\\/pensamiento-en\\\/shanzhai-el-arte-de-la-falsificacion-y-la-deconstruccion-en-china\\\/#primaryimage\"},\"thumbnailUrl\":\"https:\\\/\\\/artslibris.cat\\\/wp-content\\\/uploads\\\/2021\\\/02\\\/ArtsLibris_Shanzhai_el_arte_de_la_falsificacion_Caja_negra.jpeg\",\"datePublished\":\"2021-02-17T18:58:26+00:00\",\"description\":\"Bookshop ArtsLibris - Shanzhai. El arte de la falsificaci\u00f3n y la deconstrucci\u00f3n en China - Byung-Chul Han - Caja Negra\",\"breadcrumb\":{\"@id\":\"https:\\\/\\\/artslibris.cat\\\/en\\\/tienda\\\/pensamiento-en\\\/shanzhai-el-arte-de-la-falsificacion-y-la-deconstruccion-en-china\\\/#breadcrumb\"},\"inLanguage\":\"en-US\",\"potentialAction\":[{\"@type\":\"ReadAction\",\"target\":[\"https:\\\/\\\/artslibris.cat\\\/en\\\/tienda\\\/pensamiento-en\\\/shanzhai-el-arte-de-la-falsificacion-y-la-deconstruccion-en-china\\\/\"]}]},{\"@type\":\"ImageObject\",\"inLanguage\":\"en-US\",\"@id\":\"https:\\\/\\\/artslibris.cat\\\/en\\\/tienda\\\/pensamiento-en\\\/shanzhai-el-arte-de-la-falsificacion-y-la-deconstruccion-en-china\\\/#primaryimage\",\"url\":\"https:\\\/\\\/artslibris.cat\\\/wp-content\\\/uploads\\\/2021\\\/02\\\/ArtsLibris_Shanzhai_el_arte_de_la_falsificacion_Caja_negra.jpeg\",\"contentUrl\":\"https:\\\/\\\/artslibris.cat\\\/wp-content\\\/uploads\\\/2021\\\/02\\\/ArtsLibris_Shanzhai_el_arte_de_la_falsificacion_Caja_negra.jpeg\",\"width\":692,\"height\":1080},{\"@type\":\"BreadcrumbList\",\"@id\":\"https:\\\/\\\/artslibris.cat\\\/en\\\/tienda\\\/pensamiento-en\\\/shanzhai-el-arte-de-la-falsificacion-y-la-deconstruccion-en-china\\\/#breadcrumb\",\"itemListElement\":[{\"@type\":\"ListItem\",\"position\":1,\"name\":\"Portada\",\"item\":\"https:\\\/\\\/artslibris.cat\\\/en\\\/\"},{\"@type\":\"ListItem\",\"position\":2,\"name\":\"Shop\",\"item\":\"https:\\\/\\\/artslibris.cat\\\/en\\\/shop\\\/\"},{\"@type\":\"ListItem\",\"position\":3,\"name\":\"Shanzhai. El arte de la falsificaci\u00f3n y la deconstrucci\u00f3n en China\"}]},{\"@type\":\"WebSite\",\"@id\":\"https:\\\/\\\/artslibris.cat\\\/en\\\/#website\",\"url\":\"https:\\\/\\\/artslibris.cat\\\/en\\\/\",\"name\":\"ArtsLibris\",\"description\":\"\",\"publisher\":{\"@id\":\"https:\\\/\\\/artslibris.cat\\\/en\\\/#organization\"},\"potentialAction\":[{\"@type\":\"SearchAction\",\"target\":{\"@type\":\"EntryPoint\",\"urlTemplate\":\"https:\\\/\\\/artslibris.cat\\\/en\\\/?s={search_term_string}\"},\"query-input\":{\"@type\":\"PropertyValueSpecification\",\"valueRequired\":true,\"valueName\":\"search_term_string\"}}],\"inLanguage\":\"en-US\"},{\"@type\":\"Organization\",\"@id\":\"https:\\\/\\\/artslibris.cat\\\/en\\\/#organization\",\"name\":\"ArtsLibris\",\"url\":\"https:\\\/\\\/artslibris.cat\\\/en\\\/\",\"logo\":{\"@type\":\"ImageObject\",\"inLanguage\":\"en-US\",\"@id\":\"https:\\\/\\\/artslibris.cat\\\/en\\\/#\\\/schema\\\/logo\\\/image\\\/\",\"url\":\"https:\\\/\\\/artslibris.cat\\\/wp-content\\\/uploads\\\/2020\\\/05\\\/ArtsLibris-logo-black.svg\",\"contentUrl\":\"https:\\\/\\\/artslibris.cat\\\/wp-content\\\/uploads\\\/2020\\\/05\\\/ArtsLibris-logo-black.svg\",\"width\":521,\"height\":85,\"caption\":\"ArtsLibris\"},\"image\":{\"@id\":\"https:\\\/\\\/artslibris.cat\\\/en\\\/#\\\/schema\\\/logo\\\/image\\\/\"},\"sameAs\":[\"https:\\\/\\\/www.facebook.com\\\/artslibris\\\/\",\"https:\\\/\\\/x.com\\\/ArtsLibris\",\"https:\\\/\\\/www.instagram.com\\\/artslibris\\\/\"]}]}<\/script>\n<!-- \/ Yoast SEO plugin. -->","yoast_head_json":{"title":"Shanzhai. El arte de la falsificaci\u00f3n y la deconstrucci\u00f3n en China - ArtsLibris","description":"Bookshop ArtsLibris - Shanzhai. El arte de la falsificaci\u00f3n y la deconstrucci\u00f3n en China - Byung-Chul Han - Caja Negra","robots":{"index":"index","follow":"follow","max-snippet":"max-snippet:-1","max-image-preview":"max-image-preview:large","max-video-preview":"max-video-preview:-1"},"canonical":"https:\/\/artslibris.cat\/en\/tienda\/pensamiento-en\/shanzhai-el-arte-de-la-falsificacion-y-la-deconstruccion-en-china\/","og_locale":"en_US","og_type":"article","og_title":"Shanzhai. El arte de la falsificaci\u00f3n y la deconstrucci\u00f3n en China - ArtsLibris","og_description":"Bookshop ArtsLibris - Shanzhai. El arte de la falsificaci\u00f3n y la deconstrucci\u00f3n en China - Byung-Chul Han - Caja Negra","og_url":"https:\/\/artslibris.cat\/en\/tienda\/pensamiento-en\/shanzhai-el-arte-de-la-falsificacion-y-la-deconstruccion-en-china\/","og_site_name":"ArtsLibris","article_publisher":"https:\/\/www.facebook.com\/artslibris\/","og_image":[{"width":692,"height":1080,"url":"https:\/\/artslibris.cat\/wp-content\/uploads\/2021\/02\/ArtsLibris_Shanzhai_el_arte_de_la_falsificacion_Caja_negra.jpeg","type":"image\/jpeg"}],"twitter_card":"summary_large_image","twitter_site":"@ArtsLibris","twitter_misc":{"Est. reading time":"1 minute"},"schema":{"@context":"https:\/\/schema.org","@graph":[{"@type":"WebPage","@id":"https:\/\/artslibris.cat\/en\/tienda\/pensamiento-en\/shanzhai-el-arte-de-la-falsificacion-y-la-deconstruccion-en-china\/","url":"https:\/\/artslibris.cat\/en\/tienda\/pensamiento-en\/shanzhai-el-arte-de-la-falsificacion-y-la-deconstruccion-en-china\/","name":"Shanzhai. El arte de la falsificaci\u00f3n y la deconstrucci\u00f3n en China - ArtsLibris","isPartOf":{"@id":"https:\/\/artslibris.cat\/en\/#website"},"primaryImageOfPage":{"@id":"https:\/\/artslibris.cat\/en\/tienda\/pensamiento-en\/shanzhai-el-arte-de-la-falsificacion-y-la-deconstruccion-en-china\/#primaryimage"},"image":{"@id":"https:\/\/artslibris.cat\/en\/tienda\/pensamiento-en\/shanzhai-el-arte-de-la-falsificacion-y-la-deconstruccion-en-china\/#primaryimage"},"thumbnailUrl":"https:\/\/artslibris.cat\/wp-content\/uploads\/2021\/02\/ArtsLibris_Shanzhai_el_arte_de_la_falsificacion_Caja_negra.jpeg","datePublished":"2021-02-17T18:58:26+00:00","description":"Bookshop ArtsLibris - Shanzhai. El arte de la falsificaci\u00f3n y la deconstrucci\u00f3n en China - Byung-Chul Han - Caja Negra","breadcrumb":{"@id":"https:\/\/artslibris.cat\/en\/tienda\/pensamiento-en\/shanzhai-el-arte-de-la-falsificacion-y-la-deconstruccion-en-china\/#breadcrumb"},"inLanguage":"en-US","potentialAction":[{"@type":"ReadAction","target":["https:\/\/artslibris.cat\/en\/tienda\/pensamiento-en\/shanzhai-el-arte-de-la-falsificacion-y-la-deconstruccion-en-china\/"]}]},{"@type":"ImageObject","inLanguage":"en-US","@id":"https:\/\/artslibris.cat\/en\/tienda\/pensamiento-en\/shanzhai-el-arte-de-la-falsificacion-y-la-deconstruccion-en-china\/#primaryimage","url":"https:\/\/artslibris.cat\/wp-content\/uploads\/2021\/02\/ArtsLibris_Shanzhai_el_arte_de_la_falsificacion_Caja_negra.jpeg","contentUrl":"https:\/\/artslibris.cat\/wp-content\/uploads\/2021\/02\/ArtsLibris_Shanzhai_el_arte_de_la_falsificacion_Caja_negra.jpeg","width":692,"height":1080},{"@type":"BreadcrumbList","@id":"https:\/\/artslibris.cat\/en\/tienda\/pensamiento-en\/shanzhai-el-arte-de-la-falsificacion-y-la-deconstruccion-en-china\/#breadcrumb","itemListElement":[{"@type":"ListItem","position":1,"name":"Portada","item":"https:\/\/artslibris.cat\/en\/"},{"@type":"ListItem","position":2,"name":"Shop","item":"https:\/\/artslibris.cat\/en\/shop\/"},{"@type":"ListItem","position":3,"name":"Shanzhai. El arte de la falsificaci\u00f3n y la deconstrucci\u00f3n en China"}]},{"@type":"WebSite","@id":"https:\/\/artslibris.cat\/en\/#website","url":"https:\/\/artslibris.cat\/en\/","name":"ArtsLibris","description":"","publisher":{"@id":"https:\/\/artslibris.cat\/en\/#organization"},"potentialAction":[{"@type":"SearchAction","target":{"@type":"EntryPoint","urlTemplate":"https:\/\/artslibris.cat\/en\/?s={search_term_string}"},"query-input":{"@type":"PropertyValueSpecification","valueRequired":true,"valueName":"search_term_string"}}],"inLanguage":"en-US"},{"@type":"Organization","@id":"https:\/\/artslibris.cat\/en\/#organization","name":"ArtsLibris","url":"https:\/\/artslibris.cat\/en\/","logo":{"@type":"ImageObject","inLanguage":"en-US","@id":"https:\/\/artslibris.cat\/en\/#\/schema\/logo\/image\/","url":"https:\/\/artslibris.cat\/wp-content\/uploads\/2020\/05\/ArtsLibris-logo-black.svg","contentUrl":"https:\/\/artslibris.cat\/wp-content\/uploads\/2020\/05\/ArtsLibris-logo-black.svg","width":521,"height":85,"caption":"ArtsLibris"},"image":{"@id":"https:\/\/artslibris.cat\/en\/#\/schema\/logo\/image\/"},"sameAs":["https:\/\/www.facebook.com\/artslibris\/","https:\/\/x.com\/ArtsLibris","https:\/\/www.instagram.com\/artslibris\/"]}]}},"_links":{"self":[{"href":"https:\/\/artslibris.cat\/en\/wp-json\/wp\/v2\/product\/7730","targetHints":{"allow":["GET"]}}],"collection":[{"href":"https:\/\/artslibris.cat\/en\/wp-json\/wp\/v2\/product"}],"about":[{"href":"https:\/\/artslibris.cat\/en\/wp-json\/wp\/v2\/types\/product"}],"wp:featuredmedia":[{"embeddable":true,"href":"https:\/\/artslibris.cat\/en\/wp-json\/wp\/v2\/media\/7573"}],"wp:attachment":[{"href":"https:\/\/artslibris.cat\/en\/wp-json\/wp\/v2\/media?parent=7730"}],"wp:term":[{"taxonomy":"product_brand","embeddable":true,"href":"https:\/\/artslibris.cat\/en\/wp-json\/wp\/v2\/product_brand?post=7730"},{"taxonomy":"product_cat","embeddable":true,"href":"https:\/\/artslibris.cat\/en\/wp-json\/wp\/v2\/product_cat?post=7730"},{"taxonomy":"product_tag","embeddable":true,"href":"https:\/\/artslibris.cat\/en\/wp-json\/wp\/v2\/product_tag?post=7730"}],"curies":[{"name":"wp","href":"https:\/\/api.w.org\/{rel}","templated":true}]}}