{"id":3930,"date":"2020-11-28T12:53:05","date_gmt":"2020-11-28T14:21:44","guid":{"rendered":"https:\/\/artslibris.cat\/?post_type=product&#038;p=3930"},"modified":"2021-09-16T17:13:08","modified_gmt":"2021-09-16T17:13:08","slug":"relato-cartografico-carles-fontsere","status":"publish","type":"product","link":"https:\/\/artslibris.cat\/en\/tienda\/fotolibro-en\/relato-cartografico-carles-fontsere\/","title":{"rendered":"Relato cartogr\u00e1fico &#8211; Carles Fontser\u00e8"},"content":{"rendered":"<p><span id=\"p49\">This\u00a0<span id=\"260\">catalogue<\/span>\u00a0<span id=\"316-317\">includes<\/span>\u00a0<span id=\"261-262\">images<\/span>\u00a0of the\u00a0<span id=\"263-264\">photographs<\/span>\u00a0<span id=\"318\">featured<\/span>\u00a0in the \u201c<span id=\"60\">Relato<\/span>\u00a0<span id=\"61\">cartogr\u00e1fico<\/span>\u201d\u00a0<span id=\"p48\">(Cartographic tale)<\/span>\u00a0<span id=\"86-265-266\">exhibition<\/span>\u00a0by the\u00a0<span id=\"267-268\">artist\u00a0<\/span><span id=\"83-267-268\">Carles\u00a0<\/span><span id=\"62-83-267-268\">Fontser\u00e8<\/span>\u00a0held at the Palau\u00a0<span id=\"63\">Solterra<\/span>\u00a0Museum in 2018.<\/span><span id=\"p50\">\u00a0<span id=\"103-110\">Thus<\/span>, this\u00a0<span id=\"319-320\">is<\/span>\u00a0a contemporary art catalogue that\u00a0<span id=\"321-322\">recalls<\/span>\u00a0the\u00a0<span id=\"111\">aforementioned<\/span>\u00a0<span id=\"87\">exhibition<\/span>\u00a0and\u00a0<span id=\"323-324\">allows<\/span>\u00a0for it to be enjoyed again\u00a0<span id=\"112\">at\u00a0<\/span><span id=\"112-269-270\">home<\/span>.<\/span><\/p>\n<p><span id=\"p53\"><span id=\"p53-pl\">The Vila Casas Foundation is\u00a0<\/span><span id=\"325-p53-pl\">hosting<\/span><span id=\"p53-pl\">\u00a0the photographic\u00a0<\/span><span id=\"88-p53-pl\">exhibition<\/span><span id=\"p53-pl\">\u00a0\u201c<\/span><span id=\"65-p53-pl\" class=\"s-rg-t\">Relato<\/span><span id=\"p53-pl\">\u00a0<\/span><span id=\"66-p53-pl\" class=\"s-rg-t\">cartogr\u00e1fico<\/span><span id=\"p53-pl\">\u201d as a closing act for the birth\u00a0<\/span><span id=\"94-p53-pl\">centenary<\/span><span id=\"p53-pl\">\u00a0of\u00a0<\/span><span id=\"84-p53-pl\">Carles\u00a0<\/span><span id=\"67-84-89-p53-pl\" class=\"s-rg-t\">Fontser\u00e8<\/span><span id=\"p53-pl\">\u00a0<\/span><span id=\"p51\">(Barcelona, 1916 \u2013<\/span><span id=\"p52\">\u00a0<span id=\"64\" class=\"s-rg-t\">Porqueres<\/span>, 2007)<\/span><span id=\"p53-pl\">\u00a0to bring to an end the\u00a0<\/span><span id=\"271-272-p53-pl\">celebration<\/span><span id=\"p53-pl\">\u00a0of a\u00a0<\/span><span id=\"95-p53-pl\">centenary<\/span><span id=\"p53-pl\">\u00a0whose main aim has\u00a0<\/span><span id=\"326-327-p53-pl\">been<\/span><span id=\"p53-pl\">\u00a0to highlight the\u00a0<\/span><span id=\"273-274-p53-pl\">importance<\/span><span id=\"p53-pl\">\u00a0of\u00a0<\/span><span id=\"85-p53-pl\">Carles\u00a0<\/span><span id=\"68-85-90-p53-pl\" class=\"s-rg-t\">Fontser\u00e8<\/span><span id=\"p53-pl\">\u00a0as a photojournalist.<\/span><\/span><span id=\"p54\"><span id=\"p54-pl\">\u00a0With a\u00a0<\/span><span id=\"104-p54-pl\">long<\/span><span id=\"p54-pl\">\u00a0career in\u00a0<\/span><span id=\"105-p54-pl\">different<\/span><span id=\"p54-pl\">\u00a0disciplines\u00a0<\/span><span id=\"101-p54-pl\">such as<\/span><span id=\"p54-pl\">\u00a0<\/span><span id=\"275-276-p54-pl\">photography<\/span><span id=\"p54-pl\">, painting,\u00a0<\/span><span id=\"277-278-p54-pl\">posters<\/span><span id=\"p54-pl\">, scenography, drawing and writing,\u00a0<\/span><span id=\"69-91-p54-pl\" class=\"s-rg-t\">Fontser\u00e8<\/span><span id=\"p54-pl\">\u00a0was\u00a0<\/span><span id=\"328-329-p54-pl\">recognised<\/span><span id=\"p54-pl\">\u00a0from a\u00a0<\/span><span id=\"107-p54-pl\">very<\/span><span id=\"p54-pl\">\u00a0<\/span><span id=\"106-p54-pl\">young<\/span><span id=\"p54-pl\">\u00a0age for his banner illustrations during the Spanish Civil War.<\/span><\/span><span id=\"p55\"><span id=\"p55-pl\">\u00a0In 1963, having\u00a0<\/span><span id=\"330-331-p55-pl\">been<\/span><span id=\"p55-pl\">\u00a0to France, Mexico and New York,\u00a0<\/span><span id=\"70-92-p55-pl\" class=\"s-rg-t\">Fontser\u00e8<\/span><span id=\"p55-pl\">\u00a0<\/span><span id=\"332-333-p55-pl\">travelled<\/span><span id=\"p55-pl\">\u00a0to Europe\u00a0<\/span>and more<span id=\"p55-pl\">\u00a0specifically, to\u00a0<\/span><span id=\"279-280-p55-pl\">cities<\/span><span id=\"p55-pl\">\u00a0with a great documentary filmmaking tradition,\u00a0<\/span><span id=\"102-p55-pl\">such as<\/span><span id=\"p55-pl\">\u00a0Rome, Paris and London, with the\u00a0<\/span><span id=\"281-282-p55-pl\">aim<\/span><span id=\"p55-pl\">\u00a0of publishing photobooks, as was becoming increasingly popular all around.<\/span><\/span><span id=\"p56\"><span id=\"p56-pl\">\u00a0However, this ambitious project was frustrated\u00a0<\/span><span id=\"114-p56-pl\">due to<\/span><span id=\"p56-pl\">\u00a0<\/span><span id=\"72-93-p56-pl\" class=\"s-rg-t\">Fontser\u00e8<\/span><span id=\"p56-pl\">\u2019s\u00a0<\/span><span id=\"283-284-p56-pl\">lack<\/span><span id=\"p56-pl\">\u00a0of\u00a0<\/span><span id=\"285-286-p56-pl\">relevance<\/span><span id=\"p56-pl\">\u00a0in the Spanish\u00a0<\/span><span id=\"108-p56-pl\">central<\/span><span id=\"p56-pl\">\u00a0nucleus of\u00a0<\/span><span id=\"287-288-p56-pl\">writers<\/span><span id=\"p56-pl\">,\u00a0<\/span><span id=\"289-p56-pl\">publishers<\/span><span id=\"p56-pl\">\u00a0and\u00a0<\/span><span id=\"290-291-p56-pl\">photographers<\/span><span id=\"p56-pl\">, which always kept him on the social\u00a0<\/span><span id=\"113-p56-pl\">periphery<\/span><span id=\"p56-pl\">.<\/span><\/span><\/p>\n<p><span id=\"p57\">The\u00a0<span id=\"292-293\">exhibition \u201c<\/span><span id=\"73-292-293\" class=\"s-rg-t\">Relato<\/span>\u00a0<span id=\"74\" class=\"s-rg-t\">cartogr\u00e1fico<\/span>\u201d, curated by\u00a0<span id=\"75\" class=\"s-rg-t\">Nat\u00e0lia<\/span>\u00a0<span id=\"76\" class=\"s-rg-t\">Chocarro<\/span>\u00a0and\u00a0<span id=\"77\" class=\"s-rg-t\">Merc\u00e8<\/span>\u00a0Vila,\u00a0<span id=\"334-335\">presents<\/span>\u00a0a\u00a0<span id=\"294-295\">selection<\/span>\u00a0of\u00a0<span id=\"296-297\">photographs<\/span>\u00a0that\u00a0<span id=\"336\">document<\/span>\u00a0the\u00a0<span id=\"78-298-299\" class=\"s-rg-t\">city<\/span><span id=\"78\" class=\"s-rg-t\">\u00a0of\u00a0<\/span><span id=\"78-96\" class=\"s-rg-t\">London<\/span>\u00a0at a\u00a0<span id=\"300-301\">time<\/span>\u00a0of social effervescence.<\/span><span id=\"p58\"><span id=\"p58-pl\">\u00a0<\/span><span id=\"79-p58-pl\" class=\"s-rg-t\">Fontser\u00e8<\/span><span id=\"p58-pl\">\u2019s\u00a0<\/span><span id=\"302-303-p58-pl\">photographs<\/span><span id=\"p58-pl\">\u00a0<\/span><span id=\"337-p58-pl\">combine<\/span><span id=\"p58-pl\">\u00a0what he\u00a0<\/span><span id=\"109-338-339-p58-pl\">calls<\/span><span id=\"p58-pl\">\u00a0\u201chuman geography\u201d with the\u00a0<\/span><span id=\"304-305-p58-pl\">city<\/span><span id=\"p58-pl\">\u2019s iconic architecture, with a\u00a0<\/span><span id=\"306-307-p58-pl\">result<\/span><span id=\"p58-pl\">\u00a0that bears witness to a rapidly changing\u00a0<\/span><span id=\"97-p58-pl\">London<\/span><span id=\"p58-pl\">, one which has\u00a0<\/span><span id=\"340-341-p58-pl\">become<\/span><span id=\"p58-pl\">\u00a0a cultural centre of\u00a0<\/span><span id=\"308-309-p58-pl\">youth<\/span><span id=\"p58-pl\">,\u00a0<\/span><span id=\"310-311-p58-pl\">fashion<\/span><span id=\"p58-pl\">\u00a0and modernity.<\/span><\/span><span id=\"p59\"><span id=\"p59-pl\">\u00a0\u201c<\/span><span id=\"80-p59-pl\" class=\"s-rg-t\">Relato<\/span><span id=\"p59-pl\">\u00a0<\/span><span id=\"81-p59-pl\" class=\"s-rg-t\">cartogr\u00e1fico<\/span><span id=\"p59-pl\">\u201d\u00a0<\/span><span id=\"342-343-p59-pl\">allows<\/span><span id=\"p59-pl\">\u00a0us to\u00a0<\/span><span id=\"344-p59-pl\">roam<\/span><span id=\"p59-pl\">\u00a0the\u00a0<\/span><span id=\"312-313-p59-pl\">streets<\/span><span id=\"p59-pl\">\u00a0of\u00a0<\/span><span id=\"98-p59-pl\">London<\/span><span id=\"p59-pl\">\u00a0while\u00a0<\/span><span id=\"345-346-p59-pl\">watching<\/span><span id=\"p59-pl\">\u00a0the Palace of Westminster, Soho or\u00a0<\/span><span id=\"82-p59-pl\" class=\"s-rg-t\">Piccadilly<\/span><span id=\"p59-pl\">\u00a0Circus as a real scenario of a\u00a0<\/span><span id=\"314-315-p59-pl\">generation<\/span><span id=\"p59-pl\">\u00a0marked by Swinging\u00a0<\/span><span id=\"99-p59-pl\">London<\/span><span id=\"p59-pl\">, The Beatles and The Rolling Stones.<\/span><\/span><\/p>\n","protected":false},"excerpt":{"rendered":"<p>Title: Relato cartogr\u00e1fico.<br \/>\nPublisher: Fundaci\u00f3 Vila Casas.<br \/>\nArtist(s) featured: Carles Fontser\u00e8.<br \/>\nYear of edition: 2018.<br \/>\nTexts: Nat\u00e0lia Chocarro, N\u00faria Fern\u00e1ndez Rius, Merc\u00e8 Vila.<br \/>\nPages: 94.<br \/>\nDimensions: 16 cm x 16 cm.<br \/>\nCover: paperback.<br \/>\nISBN:\u00a0978-84-09-00846-9<\/p>\n","protected":false},"featured_media":3927,"template":"","meta":{"_acf_changed":false,"site-sidebar-layout":"default","site-content-layout":"default","ast-site-content-layout":"default","site-content-style":"default","site-sidebar-style":"default","ast-global-header-display":"","ast-banner-title-visibility":"","ast-main-header-display":"","ast-hfb-above-header-display":"","ast-hfb-below-header-display":"","ast-hfb-mobile-header-display":"","site-post-title":"","ast-breadcrumbs-content":"","ast-featured-img":"","footer-sml-layout":"","ast-disable-related-posts":"","theme-transparent-header-meta":"default","adv-header-id-meta":"","stick-header-meta":"","header-above-stick-meta":"","header-main-stick-meta":"","header-below-stick-meta":"","astra-migrate-meta-layouts":"default","ast-page-background-enabled":"default","ast-page-background-meta":{"desktop":{"background-color":"","background-image":"","background-repeat":"repeat","background-position":"center center","background-size":"auto","background-attachment":"scroll","background-type":"","background-media":"","overlay-type":"","overlay-color":"","overlay-opacity":"","overlay-gradient":""},"tablet":{"background-color":"","background-image":"","background-repeat":"repeat","background-position":"center center","background-size":"auto","background-attachment":"scroll","background-type":"","background-media":"","overlay-type":"","overlay-color":"","overlay-opacity":"","overlay-gradient":""},"mobile":{"background-color":"","background-image":"","background-repeat":"repeat","background-position":"center center","background-size":"auto","background-attachment":"scroll","background-type":"","background-media":"","overlay-type":"","overlay-color":"","overlay-opacity":"","overlay-gradient":""}},"ast-content-background-meta":{"desktop":{"background-color":"var(--ast-global-color-5)","background-image":"","background-repeat":"repeat","background-position":"center center","background-size":"auto","background-attachment":"scroll","background-type":"","background-media":"","overlay-type":"","overlay-color":"","overlay-opacity":"","overlay-gradient":""},"tablet":{"background-color":"var(--ast-global-color-5)","background-image":"","background-repeat":"repeat","background-position":"center center","background-size":"auto","background-attachment":"scroll","background-type":"","background-media":"","overlay-type":"","overlay-color":"","overlay-opacity":"","overlay-gradient":""},"mobile":{"background-color":"var(--ast-global-color-5)","background-image":"","background-repeat":"repeat","background-position":"center center","background-size":"auto","background-attachment":"scroll","background-type":"","background-media":"","overlay-type":"","overlay-color":"","overlay-opacity":"","overlay-gradient":""}}},"product_brand":[],"product_cat":[99,96],"product_tag":[147],"class_list":{"0":"post-3930","1":"product","2":"type-product","3":"status-publish","4":"has-post-thumbnail","6":"product_cat-catalogo-en","7":"product_cat-fotolibro-en","8":"product_tag-fundacio-vila-casas-en","9":"desktop-align-left","10":"tablet-align-left","11":"mobile-align-left","13":"first","14":"instock","15":"taxable","16":"shipping-taxable","17":"purchasable","18":"product-type-simple"},"acf":[],"yoast_head":"<!-- This site is optimized with the Yoast SEO plugin v27.3 - https:\/\/yoast.com\/product\/yoast-seo-wordpress\/ -->\n<title>Relato cartogr\u00e1fico - Carles Fontser\u00e8 - ArtsLibris<\/title>\n<meta name=\"description\" content=\"&quot;Bookshop ArtsLibris - Carles Fontsere - Relato cartografico&quot;\" \/>\n<meta name=\"robots\" content=\"index, follow, max-snippet:-1, max-image-preview:large, max-video-preview:-1\" \/>\n<link rel=\"canonical\" href=\"https:\/\/artslibris.cat\/en\/tienda\/fotolibro-en\/relato-cartografico-carles-fontsere\/\" \/>\n<meta property=\"og:locale\" content=\"en_US\" \/>\n<meta property=\"og:type\" content=\"article\" \/>\n<meta property=\"og:title\" content=\"Relato cartogr\u00e1fico - Carles Fontser\u00e8 - ArtsLibris\" \/>\n<meta property=\"og:description\" content=\"&quot;Bookshop ArtsLibris - Carles Fontsere - Relato cartografico&quot;\" \/>\n<meta property=\"og:url\" content=\"https:\/\/artslibris.cat\/en\/tienda\/fotolibro-en\/relato-cartografico-carles-fontsere\/\" \/>\n<meta property=\"og:site_name\" content=\"ArtsLibris\" \/>\n<meta property=\"article:publisher\" content=\"https:\/\/www.facebook.com\/artslibris\/\" \/>\n<meta property=\"article:modified_time\" content=\"2021-09-16T17:13:08+00:00\" \/>\n<meta property=\"og:image\" content=\"https:\/\/artslibris.cat\/wp-content\/uploads\/2020\/11\/ArtsLibris_VilaCasas_Relato-cartografico.jpg\" \/>\n\t<meta property=\"og:image:width\" content=\"800\" \/>\n\t<meta property=\"og:image:height\" content=\"790\" \/>\n\t<meta property=\"og:image:type\" content=\"image\/jpeg\" \/>\n<meta name=\"twitter:card\" content=\"summary_large_image\" \/>\n<meta name=\"twitter:site\" content=\"@ArtsLibris\" \/>\n<meta name=\"twitter:label1\" content=\"Est. reading time\" \/>\n\t<meta name=\"twitter:data1\" content=\"2 minutes\" \/>\n<script type=\"application\/ld+json\" class=\"yoast-schema-graph\">{\"@context\":\"https:\\\/\\\/schema.org\",\"@graph\":[{\"@type\":\"WebPage\",\"@id\":\"https:\\\/\\\/artslibris.cat\\\/en\\\/tienda\\\/fotolibro-en\\\/relato-cartografico-carles-fontsere\\\/\",\"url\":\"https:\\\/\\\/artslibris.cat\\\/en\\\/tienda\\\/fotolibro-en\\\/relato-cartografico-carles-fontsere\\\/\",\"name\":\"Relato cartogr\u00e1fico - Carles Fontser\u00e8 - ArtsLibris\",\"isPartOf\":{\"@id\":\"https:\\\/\\\/artslibris.cat\\\/en\\\/#website\"},\"primaryImageOfPage\":{\"@id\":\"https:\\\/\\\/artslibris.cat\\\/en\\\/tienda\\\/fotolibro-en\\\/relato-cartografico-carles-fontsere\\\/#primaryimage\"},\"image\":{\"@id\":\"https:\\\/\\\/artslibris.cat\\\/en\\\/tienda\\\/fotolibro-en\\\/relato-cartografico-carles-fontsere\\\/#primaryimage\"},\"thumbnailUrl\":\"https:\\\/\\\/artslibris.cat\\\/wp-content\\\/uploads\\\/2020\\\/11\\\/ArtsLibris_VilaCasas_Relato-cartografico.jpg\",\"datePublished\":\"2020-11-28T14:21:44+00:00\",\"dateModified\":\"2021-09-16T17:13:08+00:00\",\"description\":\"\\\"Bookshop ArtsLibris - Carles Fontsere - Relato cartografico\\\"\",\"breadcrumb\":{\"@id\":\"https:\\\/\\\/artslibris.cat\\\/en\\\/tienda\\\/fotolibro-en\\\/relato-cartografico-carles-fontsere\\\/#breadcrumb\"},\"inLanguage\":\"en-US\",\"potentialAction\":[{\"@type\":\"ReadAction\",\"target\":[\"https:\\\/\\\/artslibris.cat\\\/en\\\/tienda\\\/fotolibro-en\\\/relato-cartografico-carles-fontsere\\\/\"]}]},{\"@type\":\"ImageObject\",\"inLanguage\":\"en-US\",\"@id\":\"https:\\\/\\\/artslibris.cat\\\/en\\\/tienda\\\/fotolibro-en\\\/relato-cartografico-carles-fontsere\\\/#primaryimage\",\"url\":\"https:\\\/\\\/artslibris.cat\\\/wp-content\\\/uploads\\\/2020\\\/11\\\/ArtsLibris_VilaCasas_Relato-cartografico.jpg\",\"contentUrl\":\"https:\\\/\\\/artslibris.cat\\\/wp-content\\\/uploads\\\/2020\\\/11\\\/ArtsLibris_VilaCasas_Relato-cartografico.jpg\",\"width\":800,\"height\":790},{\"@type\":\"BreadcrumbList\",\"@id\":\"https:\\\/\\\/artslibris.cat\\\/en\\\/tienda\\\/fotolibro-en\\\/relato-cartografico-carles-fontsere\\\/#breadcrumb\",\"itemListElement\":[{\"@type\":\"ListItem\",\"position\":1,\"name\":\"Portada\",\"item\":\"https:\\\/\\\/artslibris.cat\\\/en\\\/\"},{\"@type\":\"ListItem\",\"position\":2,\"name\":\"Shop\",\"item\":\"https:\\\/\\\/artslibris.cat\\\/en\\\/shop\\\/\"},{\"@type\":\"ListItem\",\"position\":3,\"name\":\"Relato cartogr\u00e1fico &#8211; Carles Fontser\u00e8\"}]},{\"@type\":\"WebSite\",\"@id\":\"https:\\\/\\\/artslibris.cat\\\/en\\\/#website\",\"url\":\"https:\\\/\\\/artslibris.cat\\\/en\\\/\",\"name\":\"ArtsLibris\",\"description\":\"\",\"publisher\":{\"@id\":\"https:\\\/\\\/artslibris.cat\\\/en\\\/#organization\"},\"potentialAction\":[{\"@type\":\"SearchAction\",\"target\":{\"@type\":\"EntryPoint\",\"urlTemplate\":\"https:\\\/\\\/artslibris.cat\\\/en\\\/?s={search_term_string}\"},\"query-input\":{\"@type\":\"PropertyValueSpecification\",\"valueRequired\":true,\"valueName\":\"search_term_string\"}}],\"inLanguage\":\"en-US\"},{\"@type\":\"Organization\",\"@id\":\"https:\\\/\\\/artslibris.cat\\\/en\\\/#organization\",\"name\":\"ArtsLibris\",\"url\":\"https:\\\/\\\/artslibris.cat\\\/en\\\/\",\"logo\":{\"@type\":\"ImageObject\",\"inLanguage\":\"en-US\",\"@id\":\"https:\\\/\\\/artslibris.cat\\\/en\\\/#\\\/schema\\\/logo\\\/image\\\/\",\"url\":\"https:\\\/\\\/artslibris.cat\\\/wp-content\\\/uploads\\\/2020\\\/05\\\/ArtsLibris-logo-black.svg\",\"contentUrl\":\"https:\\\/\\\/artslibris.cat\\\/wp-content\\\/uploads\\\/2020\\\/05\\\/ArtsLibris-logo-black.svg\",\"width\":521,\"height\":85,\"caption\":\"ArtsLibris\"},\"image\":{\"@id\":\"https:\\\/\\\/artslibris.cat\\\/en\\\/#\\\/schema\\\/logo\\\/image\\\/\"},\"sameAs\":[\"https:\\\/\\\/www.facebook.com\\\/artslibris\\\/\",\"https:\\\/\\\/x.com\\\/ArtsLibris\",\"https:\\\/\\\/www.instagram.com\\\/artslibris\\\/\"]}]}<\/script>\n<!-- \/ Yoast SEO plugin. -->","yoast_head_json":{"title":"Relato cartogr\u00e1fico - Carles Fontser\u00e8 - ArtsLibris","description":"\"Bookshop ArtsLibris - Carles Fontsere - Relato cartografico\"","robots":{"index":"index","follow":"follow","max-snippet":"max-snippet:-1","max-image-preview":"max-image-preview:large","max-video-preview":"max-video-preview:-1"},"canonical":"https:\/\/artslibris.cat\/en\/tienda\/fotolibro-en\/relato-cartografico-carles-fontsere\/","og_locale":"en_US","og_type":"article","og_title":"Relato cartogr\u00e1fico - Carles Fontser\u00e8 - ArtsLibris","og_description":"\"Bookshop ArtsLibris - Carles Fontsere - Relato cartografico\"","og_url":"https:\/\/artslibris.cat\/en\/tienda\/fotolibro-en\/relato-cartografico-carles-fontsere\/","og_site_name":"ArtsLibris","article_publisher":"https:\/\/www.facebook.com\/artslibris\/","article_modified_time":"2021-09-16T17:13:08+00:00","og_image":[{"width":800,"height":790,"url":"https:\/\/artslibris.cat\/wp-content\/uploads\/2020\/11\/ArtsLibris_VilaCasas_Relato-cartografico.jpg","type":"image\/jpeg"}],"twitter_card":"summary_large_image","twitter_site":"@ArtsLibris","twitter_misc":{"Est. reading time":"2 minutes"},"schema":{"@context":"https:\/\/schema.org","@graph":[{"@type":"WebPage","@id":"https:\/\/artslibris.cat\/en\/tienda\/fotolibro-en\/relato-cartografico-carles-fontsere\/","url":"https:\/\/artslibris.cat\/en\/tienda\/fotolibro-en\/relato-cartografico-carles-fontsere\/","name":"Relato cartogr\u00e1fico - Carles Fontser\u00e8 - ArtsLibris","isPartOf":{"@id":"https:\/\/artslibris.cat\/en\/#website"},"primaryImageOfPage":{"@id":"https:\/\/artslibris.cat\/en\/tienda\/fotolibro-en\/relato-cartografico-carles-fontsere\/#primaryimage"},"image":{"@id":"https:\/\/artslibris.cat\/en\/tienda\/fotolibro-en\/relato-cartografico-carles-fontsere\/#primaryimage"},"thumbnailUrl":"https:\/\/artslibris.cat\/wp-content\/uploads\/2020\/11\/ArtsLibris_VilaCasas_Relato-cartografico.jpg","datePublished":"2020-11-28T14:21:44+00:00","dateModified":"2021-09-16T17:13:08+00:00","description":"\"Bookshop ArtsLibris - Carles Fontsere - Relato cartografico\"","breadcrumb":{"@id":"https:\/\/artslibris.cat\/en\/tienda\/fotolibro-en\/relato-cartografico-carles-fontsere\/#breadcrumb"},"inLanguage":"en-US","potentialAction":[{"@type":"ReadAction","target":["https:\/\/artslibris.cat\/en\/tienda\/fotolibro-en\/relato-cartografico-carles-fontsere\/"]}]},{"@type":"ImageObject","inLanguage":"en-US","@id":"https:\/\/artslibris.cat\/en\/tienda\/fotolibro-en\/relato-cartografico-carles-fontsere\/#primaryimage","url":"https:\/\/artslibris.cat\/wp-content\/uploads\/2020\/11\/ArtsLibris_VilaCasas_Relato-cartografico.jpg","contentUrl":"https:\/\/artslibris.cat\/wp-content\/uploads\/2020\/11\/ArtsLibris_VilaCasas_Relato-cartografico.jpg","width":800,"height":790},{"@type":"BreadcrumbList","@id":"https:\/\/artslibris.cat\/en\/tienda\/fotolibro-en\/relato-cartografico-carles-fontsere\/#breadcrumb","itemListElement":[{"@type":"ListItem","position":1,"name":"Portada","item":"https:\/\/artslibris.cat\/en\/"},{"@type":"ListItem","position":2,"name":"Shop","item":"https:\/\/artslibris.cat\/en\/shop\/"},{"@type":"ListItem","position":3,"name":"Relato cartogr\u00e1fico &#8211; Carles Fontser\u00e8"}]},{"@type":"WebSite","@id":"https:\/\/artslibris.cat\/en\/#website","url":"https:\/\/artslibris.cat\/en\/","name":"ArtsLibris","description":"","publisher":{"@id":"https:\/\/artslibris.cat\/en\/#organization"},"potentialAction":[{"@type":"SearchAction","target":{"@type":"EntryPoint","urlTemplate":"https:\/\/artslibris.cat\/en\/?s={search_term_string}"},"query-input":{"@type":"PropertyValueSpecification","valueRequired":true,"valueName":"search_term_string"}}],"inLanguage":"en-US"},{"@type":"Organization","@id":"https:\/\/artslibris.cat\/en\/#organization","name":"ArtsLibris","url":"https:\/\/artslibris.cat\/en\/","logo":{"@type":"ImageObject","inLanguage":"en-US","@id":"https:\/\/artslibris.cat\/en\/#\/schema\/logo\/image\/","url":"https:\/\/artslibris.cat\/wp-content\/uploads\/2020\/05\/ArtsLibris-logo-black.svg","contentUrl":"https:\/\/artslibris.cat\/wp-content\/uploads\/2020\/05\/ArtsLibris-logo-black.svg","width":521,"height":85,"caption":"ArtsLibris"},"image":{"@id":"https:\/\/artslibris.cat\/en\/#\/schema\/logo\/image\/"},"sameAs":["https:\/\/www.facebook.com\/artslibris\/","https:\/\/x.com\/ArtsLibris","https:\/\/www.instagram.com\/artslibris\/"]}]}},"_links":{"self":[{"href":"https:\/\/artslibris.cat\/en\/wp-json\/wp\/v2\/product\/3930","targetHints":{"allow":["GET"]}}],"collection":[{"href":"https:\/\/artslibris.cat\/en\/wp-json\/wp\/v2\/product"}],"about":[{"href":"https:\/\/artslibris.cat\/en\/wp-json\/wp\/v2\/types\/product"}],"wp:featuredmedia":[{"embeddable":true,"href":"https:\/\/artslibris.cat\/en\/wp-json\/wp\/v2\/media\/3927"}],"wp:attachment":[{"href":"https:\/\/artslibris.cat\/en\/wp-json\/wp\/v2\/media?parent=3930"}],"wp:term":[{"taxonomy":"product_brand","embeddable":true,"href":"https:\/\/artslibris.cat\/en\/wp-json\/wp\/v2\/product_brand?post=3930"},{"taxonomy":"product_cat","embeddable":true,"href":"https:\/\/artslibris.cat\/en\/wp-json\/wp\/v2\/product_cat?post=3930"},{"taxonomy":"product_tag","embeddable":true,"href":"https:\/\/artslibris.cat\/en\/wp-json\/wp\/v2\/product_tag?post=3930"}],"curies":[{"name":"wp","href":"https:\/\/api.w.org\/{rel}","templated":true}]}}