{"id":35098,"date":"2026-05-11T11:49:08","date_gmt":"2026-05-11T11:49:08","guid":{"rendered":"https:\/\/artslibris.cat\/tienda\/sin categor\u00eda\/raul-cordero-el-paraiso-es-un-lugar-en-la-mente\/"},"modified":"2026-05-11T11:49:08","modified_gmt":"2026-05-11T11:49:08","slug":"raul-cordero-el-paraiso-es-un-lugar-en-la-mente","status":"publish","type":"product","link":"https:\/\/artslibris.cat\/en\/tienda\/monografia\/raul-cordero-el-paraiso-es-un-lugar-en-la-mente\/","title":{"rendered":"Ra\u00fal Cordero. El para\u00edso es un lugar en la mente"},"content":{"rendered":"<p>La \u00faltima y m\u00e1s personal monograf\u00eda del artista cubano<\/p>\n<p>A trav\u00e9s de una selecci\u00f3n de la producci\u00f3n reciente del artista, la obra se despliega en su contexto expositivo, generando un di\u00e1logo entre las propias pinturas y el lector\/espectador.<\/p>\n<p>Su antitipograf\u00eda, las palmeras, los paisajes monocrom\u00e1ticos o las figuras desenfocadas son algunos de los elementos constitutivos del lenguaje visual de Cordero. A trav\u00e9s de ellos, subvierte la funci\u00f3n comunicativa y nos coloca al l\u00edmite de lo ininteligible.<\/p>\n<p>Cuestionando la saturaci\u00f3n informativa y tecnol\u00f3gica, su obra produce un cambio en la temporalidad perceptiva del espectador, a quien fuerza a detenerse, a interrogarse. Los textos de Barry Schwabsky, Christian Viveros-Faun\u00e9, Deyan Sudjic, Dan Cameron y Chiara Ianeselli y la entrevista de Cy Schnabel nos invitan a entrar en el mundo ralentizado de Ra\u00fal Cordero.<\/p>\n","protected":false},"excerpt":{"rendered":"<p>T\u00edtulo: Ra\u00fal Cordero. El para\u00edso es un lugar en la mente<\/p>\n<p>Autor: Ra\u00fal Cordero, VV.AA<\/p>\n<p>Editorial: Turner<\/p>\n<p>P\u00e1ginas: 309<\/p>\n<p>Idioma: Bilig\u00fce espa\u00f1ol-ingl\u00e9s<\/p>\n<p>ISBN: 978-84-19539-16-8<\/p>\n","protected":false},"featured_media":35087,"template":"","meta":{"_acf_changed":false,"site-sidebar-layout":"","site-content-layout":"","ast-site-content-layout":"","site-content-style":"","site-sidebar-style":"","ast-global-header-display":"","ast-banner-title-visibility":"","ast-main-header-display":"","ast-hfb-above-header-display":"","ast-hfb-below-header-display":"","ast-hfb-mobile-header-display":"","site-post-title":"","ast-breadcrumbs-content":"","ast-featured-img":"","footer-sml-layout":"","ast-disable-related-posts":"","theme-transparent-header-meta":"","adv-header-id-meta":"","stick-header-meta":"","header-above-stick-meta":"","header-main-stick-meta":"","header-below-stick-meta":"","astra-migrate-meta-layouts":"","ast-page-background-enabled":"default","ast-page-background-meta":{"desktop":{"background-color":"","background-image":"","background-repeat":"repeat","background-position":"center center","background-size":"auto","background-attachment":"scroll","background-type":"","background-media":"","overlay-type":"","overlay-color":"","overlay-opacity":"","overlay-gradient":""},"tablet":{"background-color":"","background-image":"","background-repeat":"repeat","background-position":"center center","background-size":"auto","background-attachment":"scroll","background-type":"","background-media":"","overlay-type":"","overlay-color":"","overlay-opacity":"","overlay-gradient":""},"mobile":{"background-color":"","background-image":"","background-repeat":"repeat","background-position":"center center","background-size":"auto","background-attachment":"scroll","background-type":"","background-media":"","overlay-type":"","overlay-color":"","overlay-opacity":"","overlay-gradient":""}},"ast-content-background-meta":{"desktop":{"background-color":"var(--ast-global-color-5)","background-image":"","background-repeat":"repeat","background-position":"center center","background-size":"auto","background-attachment":"scroll","background-type":"","background-media":"","overlay-type":"","overlay-color":"","overlay-opacity":"","overlay-gradient":""},"tablet":{"background-color":"var(--ast-global-color-5)","background-image":"","background-repeat":"repeat","background-position":"center center","background-size":"auto","background-attachment":"scroll","background-type":"","background-media":"","overlay-type":"","overlay-color":"","overlay-opacity":"","overlay-gradient":""},"mobile":{"background-color":"var(--ast-global-color-5)","background-image":"","background-repeat":"repeat","background-position":"center center","background-size":"auto","background-attachment":"scroll","background-type":"","background-media":"","overlay-type":"","overlay-color":"","overlay-opacity":"","overlay-gradient":""}}},"product_brand":[],"product_cat":[512],"product_tag":[305],"class_list":{"0":"post-35098","1":"product","2":"type-product","3":"status-publish","4":"has-post-thumbnail","6":"product_cat-monografia","7":"product_tag-turner","8":"desktop-align-left","9":"tablet-align-left","10":"mobile-align-left","12":"first","13":"instock","14":"taxable","15":"shipping-taxable","16":"purchasable","17":"product-type-simple"},"acf":[],"yoast_head":"<!-- This site is optimized with the Yoast SEO plugin v27.3 - https:\/\/yoast.com\/product\/yoast-seo-wordpress\/ -->\n<title>Ra\u00fal Cordero. El para\u00edso es un lugar en la mente - ArtsLibris<\/title>\n<meta name=\"robots\" content=\"index, follow, max-snippet:-1, max-image-preview:large, max-video-preview:-1\" \/>\n<link rel=\"canonical\" href=\"https:\/\/artslibris.cat\/en\/tienda\/monografia\/raul-cordero-el-paraiso-es-un-lugar-en-la-mente\/\" \/>\n<meta property=\"og:locale\" content=\"en_US\" \/>\n<meta property=\"og:type\" content=\"article\" \/>\n<meta property=\"og:title\" content=\"Ra\u00fal Cordero. El para\u00edso es un lugar en la mente - ArtsLibris\" \/>\n<meta property=\"og:description\" content=\"T\u00edtulo: Ra\u00fal Cordero. El para\u00edso es un lugar en la mente  Autor: Ra\u00fal Cordero, VV.AA   Editorial: Turner  P\u00e1ginas: 309  Idioma: Bilig\u00fce espa\u00f1ol-ingl\u00e9s  ISBN: 978-84-19539-16-8\" \/>\n<meta property=\"og:url\" content=\"https:\/\/artslibris.cat\/en\/tienda\/monografia\/raul-cordero-el-paraiso-es-un-lugar-en-la-mente\/\" \/>\n<meta property=\"og:site_name\" content=\"ArtsLibris\" \/>\n<meta property=\"article:publisher\" content=\"https:\/\/www.facebook.com\/artslibris\/\" \/>\n<meta property=\"og:image\" content=\"https:\/\/artslibris.cat\/wp-content\/uploads\/2026\/05\/Image-052.webp\" \/>\n\t<meta property=\"og:image:width\" content=\"1903\" \/>\n\t<meta property=\"og:image:height\" content=\"2339\" \/>\n\t<meta property=\"og:image:type\" content=\"image\/webp\" \/>\n<meta name=\"twitter:card\" content=\"summary_large_image\" \/>\n<meta name=\"twitter:site\" content=\"@ArtsLibris\" \/>\n<meta name=\"twitter:label1\" content=\"Est. reading time\" \/>\n\t<meta name=\"twitter:data1\" content=\"1 minute\" \/>\n<script type=\"application\/ld+json\" class=\"yoast-schema-graph\">{\"@context\":\"https:\\\/\\\/schema.org\",\"@graph\":[{\"@type\":\"WebPage\",\"@id\":\"https:\\\/\\\/artslibris.cat\\\/en\\\/tienda\\\/monografia\\\/raul-cordero-el-paraiso-es-un-lugar-en-la-mente\\\/\",\"url\":\"https:\\\/\\\/artslibris.cat\\\/en\\\/tienda\\\/monografia\\\/raul-cordero-el-paraiso-es-un-lugar-en-la-mente\\\/\",\"name\":\"Ra\u00fal Cordero. El para\u00edso es un lugar en la mente - ArtsLibris\",\"isPartOf\":{\"@id\":\"https:\\\/\\\/artslibris.cat\\\/en\\\/#website\"},\"primaryImageOfPage\":{\"@id\":\"https:\\\/\\\/artslibris.cat\\\/en\\\/tienda\\\/monografia\\\/raul-cordero-el-paraiso-es-un-lugar-en-la-mente\\\/#primaryimage\"},\"image\":{\"@id\":\"https:\\\/\\\/artslibris.cat\\\/en\\\/tienda\\\/monografia\\\/raul-cordero-el-paraiso-es-un-lugar-en-la-mente\\\/#primaryimage\"},\"thumbnailUrl\":\"https:\\\/\\\/artslibris.cat\\\/wp-content\\\/uploads\\\/2026\\\/05\\\/Image-052.webp\",\"datePublished\":\"2026-05-11T11:49:08+00:00\",\"breadcrumb\":{\"@id\":\"https:\\\/\\\/artslibris.cat\\\/en\\\/tienda\\\/monografia\\\/raul-cordero-el-paraiso-es-un-lugar-en-la-mente\\\/#breadcrumb\"},\"inLanguage\":\"en-US\",\"potentialAction\":[{\"@type\":\"ReadAction\",\"target\":[\"https:\\\/\\\/artslibris.cat\\\/en\\\/tienda\\\/monografia\\\/raul-cordero-el-paraiso-es-un-lugar-en-la-mente\\\/\"]}]},{\"@type\":\"ImageObject\",\"inLanguage\":\"en-US\",\"@id\":\"https:\\\/\\\/artslibris.cat\\\/en\\\/tienda\\\/monografia\\\/raul-cordero-el-paraiso-es-un-lugar-en-la-mente\\\/#primaryimage\",\"url\":\"https:\\\/\\\/artslibris.cat\\\/wp-content\\\/uploads\\\/2026\\\/05\\\/Image-052.webp\",\"contentUrl\":\"https:\\\/\\\/artslibris.cat\\\/wp-content\\\/uploads\\\/2026\\\/05\\\/Image-052.webp\",\"width\":1903,\"height\":2339},{\"@type\":\"BreadcrumbList\",\"@id\":\"https:\\\/\\\/artslibris.cat\\\/en\\\/tienda\\\/monografia\\\/raul-cordero-el-paraiso-es-un-lugar-en-la-mente\\\/#breadcrumb\",\"itemListElement\":[{\"@type\":\"ListItem\",\"position\":1,\"name\":\"Portada\",\"item\":\"https:\\\/\\\/artslibris.cat\\\/en\\\/\"},{\"@type\":\"ListItem\",\"position\":2,\"name\":\"Shop\",\"item\":\"https:\\\/\\\/artslibris.cat\\\/en\\\/shop\\\/\"},{\"@type\":\"ListItem\",\"position\":3,\"name\":\"Ra\u00fal Cordero. El para\u00edso es un lugar en la mente\"}]},{\"@type\":\"WebSite\",\"@id\":\"https:\\\/\\\/artslibris.cat\\\/en\\\/#website\",\"url\":\"https:\\\/\\\/artslibris.cat\\\/en\\\/\",\"name\":\"ArtsLibris\",\"description\":\"\",\"publisher\":{\"@id\":\"https:\\\/\\\/artslibris.cat\\\/en\\\/#organization\"},\"potentialAction\":[{\"@type\":\"SearchAction\",\"target\":{\"@type\":\"EntryPoint\",\"urlTemplate\":\"https:\\\/\\\/artslibris.cat\\\/en\\\/?s={search_term_string}\"},\"query-input\":{\"@type\":\"PropertyValueSpecification\",\"valueRequired\":true,\"valueName\":\"search_term_string\"}}],\"inLanguage\":\"en-US\"},{\"@type\":\"Organization\",\"@id\":\"https:\\\/\\\/artslibris.cat\\\/en\\\/#organization\",\"name\":\"ArtsLibris\",\"url\":\"https:\\\/\\\/artslibris.cat\\\/en\\\/\",\"logo\":{\"@type\":\"ImageObject\",\"inLanguage\":\"en-US\",\"@id\":\"https:\\\/\\\/artslibris.cat\\\/en\\\/#\\\/schema\\\/logo\\\/image\\\/\",\"url\":\"https:\\\/\\\/artslibris.cat\\\/wp-content\\\/uploads\\\/2020\\\/05\\\/ArtsLibris-logo-black.svg\",\"contentUrl\":\"https:\\\/\\\/artslibris.cat\\\/wp-content\\\/uploads\\\/2020\\\/05\\\/ArtsLibris-logo-black.svg\",\"width\":521,\"height\":85,\"caption\":\"ArtsLibris\"},\"image\":{\"@id\":\"https:\\\/\\\/artslibris.cat\\\/en\\\/#\\\/schema\\\/logo\\\/image\\\/\"},\"sameAs\":[\"https:\\\/\\\/www.facebook.com\\\/artslibris\\\/\",\"https:\\\/\\\/x.com\\\/ArtsLibris\",\"https:\\\/\\\/www.instagram.com\\\/artslibris\\\/\"]}]}<\/script>\n<!-- \/ Yoast SEO plugin. -->","yoast_head_json":{"title":"Ra\u00fal Cordero. El para\u00edso es un lugar en la mente - ArtsLibris","robots":{"index":"index","follow":"follow","max-snippet":"max-snippet:-1","max-image-preview":"max-image-preview:large","max-video-preview":"max-video-preview:-1"},"canonical":"https:\/\/artslibris.cat\/en\/tienda\/monografia\/raul-cordero-el-paraiso-es-un-lugar-en-la-mente\/","og_locale":"en_US","og_type":"article","og_title":"Ra\u00fal Cordero. El para\u00edso es un lugar en la mente - ArtsLibris","og_description":"T\u00edtulo: Ra\u00fal Cordero. El para\u00edso es un lugar en la mente  Autor: Ra\u00fal Cordero, VV.AA   Editorial: Turner  P\u00e1ginas: 309  Idioma: Bilig\u00fce espa\u00f1ol-ingl\u00e9s  ISBN: 978-84-19539-16-8","og_url":"https:\/\/artslibris.cat\/en\/tienda\/monografia\/raul-cordero-el-paraiso-es-un-lugar-en-la-mente\/","og_site_name":"ArtsLibris","article_publisher":"https:\/\/www.facebook.com\/artslibris\/","og_image":[{"width":1903,"height":2339,"url":"https:\/\/artslibris.cat\/wp-content\/uploads\/2026\/05\/Image-052.webp","type":"image\/webp"}],"twitter_card":"summary_large_image","twitter_site":"@ArtsLibris","twitter_misc":{"Est. reading time":"1 minute"},"schema":{"@context":"https:\/\/schema.org","@graph":[{"@type":"WebPage","@id":"https:\/\/artslibris.cat\/en\/tienda\/monografia\/raul-cordero-el-paraiso-es-un-lugar-en-la-mente\/","url":"https:\/\/artslibris.cat\/en\/tienda\/monografia\/raul-cordero-el-paraiso-es-un-lugar-en-la-mente\/","name":"Ra\u00fal Cordero. El para\u00edso es un lugar en la mente - ArtsLibris","isPartOf":{"@id":"https:\/\/artslibris.cat\/en\/#website"},"primaryImageOfPage":{"@id":"https:\/\/artslibris.cat\/en\/tienda\/monografia\/raul-cordero-el-paraiso-es-un-lugar-en-la-mente\/#primaryimage"},"image":{"@id":"https:\/\/artslibris.cat\/en\/tienda\/monografia\/raul-cordero-el-paraiso-es-un-lugar-en-la-mente\/#primaryimage"},"thumbnailUrl":"https:\/\/artslibris.cat\/wp-content\/uploads\/2026\/05\/Image-052.webp","datePublished":"2026-05-11T11:49:08+00:00","breadcrumb":{"@id":"https:\/\/artslibris.cat\/en\/tienda\/monografia\/raul-cordero-el-paraiso-es-un-lugar-en-la-mente\/#breadcrumb"},"inLanguage":"en-US","potentialAction":[{"@type":"ReadAction","target":["https:\/\/artslibris.cat\/en\/tienda\/monografia\/raul-cordero-el-paraiso-es-un-lugar-en-la-mente\/"]}]},{"@type":"ImageObject","inLanguage":"en-US","@id":"https:\/\/artslibris.cat\/en\/tienda\/monografia\/raul-cordero-el-paraiso-es-un-lugar-en-la-mente\/#primaryimage","url":"https:\/\/artslibris.cat\/wp-content\/uploads\/2026\/05\/Image-052.webp","contentUrl":"https:\/\/artslibris.cat\/wp-content\/uploads\/2026\/05\/Image-052.webp","width":1903,"height":2339},{"@type":"BreadcrumbList","@id":"https:\/\/artslibris.cat\/en\/tienda\/monografia\/raul-cordero-el-paraiso-es-un-lugar-en-la-mente\/#breadcrumb","itemListElement":[{"@type":"ListItem","position":1,"name":"Portada","item":"https:\/\/artslibris.cat\/en\/"},{"@type":"ListItem","position":2,"name":"Shop","item":"https:\/\/artslibris.cat\/en\/shop\/"},{"@type":"ListItem","position":3,"name":"Ra\u00fal Cordero. El para\u00edso es un lugar en la mente"}]},{"@type":"WebSite","@id":"https:\/\/artslibris.cat\/en\/#website","url":"https:\/\/artslibris.cat\/en\/","name":"ArtsLibris","description":"","publisher":{"@id":"https:\/\/artslibris.cat\/en\/#organization"},"potentialAction":[{"@type":"SearchAction","target":{"@type":"EntryPoint","urlTemplate":"https:\/\/artslibris.cat\/en\/?s={search_term_string}"},"query-input":{"@type":"PropertyValueSpecification","valueRequired":true,"valueName":"search_term_string"}}],"inLanguage":"en-US"},{"@type":"Organization","@id":"https:\/\/artslibris.cat\/en\/#organization","name":"ArtsLibris","url":"https:\/\/artslibris.cat\/en\/","logo":{"@type":"ImageObject","inLanguage":"en-US","@id":"https:\/\/artslibris.cat\/en\/#\/schema\/logo\/image\/","url":"https:\/\/artslibris.cat\/wp-content\/uploads\/2020\/05\/ArtsLibris-logo-black.svg","contentUrl":"https:\/\/artslibris.cat\/wp-content\/uploads\/2020\/05\/ArtsLibris-logo-black.svg","width":521,"height":85,"caption":"ArtsLibris"},"image":{"@id":"https:\/\/artslibris.cat\/en\/#\/schema\/logo\/image\/"},"sameAs":["https:\/\/www.facebook.com\/artslibris\/","https:\/\/x.com\/ArtsLibris","https:\/\/www.instagram.com\/artslibris\/"]}]}},"_links":{"self":[{"href":"https:\/\/artslibris.cat\/en\/wp-json\/wp\/v2\/product\/35098","targetHints":{"allow":["GET"]}}],"collection":[{"href":"https:\/\/artslibris.cat\/en\/wp-json\/wp\/v2\/product"}],"about":[{"href":"https:\/\/artslibris.cat\/en\/wp-json\/wp\/v2\/types\/product"}],"wp:featuredmedia":[{"embeddable":true,"href":"https:\/\/artslibris.cat\/en\/wp-json\/wp\/v2\/media\/35087"}],"wp:attachment":[{"href":"https:\/\/artslibris.cat\/en\/wp-json\/wp\/v2\/media?parent=35098"}],"wp:term":[{"taxonomy":"product_brand","embeddable":true,"href":"https:\/\/artslibris.cat\/en\/wp-json\/wp\/v2\/product_brand?post=35098"},{"taxonomy":"product_cat","embeddable":true,"href":"https:\/\/artslibris.cat\/en\/wp-json\/wp\/v2\/product_cat?post=35098"},{"taxonomy":"product_tag","embeddable":true,"href":"https:\/\/artslibris.cat\/en\/wp-json\/wp\/v2\/product_tag?post=35098"}],"curies":[{"name":"wp","href":"https:\/\/api.w.org\/{rel}","templated":true}]}}