{"id":35097,"date":"2026-05-11T11:49:07","date_gmt":"2026-05-11T11:49:07","guid":{"rendered":"https:\/\/artslibris.cat\/tienda\/sin categor\u00eda\/limina-cosmopolitan-chicken-project-30\/"},"modified":"2026-05-11T11:49:07","modified_gmt":"2026-05-11T11:49:07","slug":"limina-cosmopolitan-chicken-project-30","status":"publish","type":"product","link":"https:\/\/artslibris.cat\/en\/tienda\/arquitectura\/limina-cosmopolitan-chicken-project-30\/","title":{"rendered":"Limina: Cosmopolitan Chicken Project 30"},"content":{"rendered":"<p>Arte, arquitectura, ciencia y naturaleza en di\u00e1logo<\/p>\n<p>Limina: Cosmopolitan Chicken Project 30 es el cat\u00e1logo que acompa\u00f1a el proyecto del artista belga Koen Vanmechelen presentado en el Museo Chillida Leku en el marco de la Bienal Internacional de Arquitectura de Euskadi Mugak\/. La publicaci\u00f3n recoge una intervenci\u00f3n que transforma el museo en un entorno activo, donde el arte se entrelaza con el paisaje, la arquitectura y el pensamiento contempor\u00e1neo para generar nuevas formas de experiencia y conocimiento.<\/p>\n<p>El proyecto explora la diversidad y el intercambio cultural a trav\u00e9s de los cruces de distintas razas de gallinas, reflejando c\u00f3mo la fertilidad biol\u00f3gica y cultural puede ser un motor de creaci\u00f3n y convivencia. La exposici\u00f3n y el libro invitan a cuestionar los l\u00edmites \u2014f\u00edsicos, culturales y simb\u00f3licos\u2014 y a entenderlos como espacios f\u00e9rtiles de encuentro, activando un di\u00e1logo constante entre disciplinas y ampliando la experiencia expositiva m\u00e1s all\u00e1 del recorrido habitual del museo.<\/p>\n<p>Koen Vanmechelen (Geraardsbergen, B\u00e9lgica, 1965) es un artista contempor\u00e1neo reconocido por su enfoque interdisciplinar que combina arte, ciencia, naturaleza y sociedad. Su obra explora temas como la diversidad, la identidad y la globalizaci\u00f3n, creando instalaciones que invitan al p\u00fablico a formar parte del proceso creativo y a replantear su relaci\u00f3n con el entorno y la comunidad.<\/p>\n<p>El libro cuenta con los ensayos de Mikel Chillida, Koen Vanmechelen, Mireia Massagu\u00e9, Mariana Pestana y los comisarios Jon Garbizu, Victoria Collar y Gonzalo Pe\u00f1a Sancho. En librer\u00edas a partir del 18 de febrero.<\/p>\n","protected":false},"excerpt":{"rendered":"<p>T\u00edtulo: Limina: Cosmopolitan Chicken Project 30<\/p>\n<p>Autor: Koen Vanmechelen<\/p>\n<p>Editorial: Turner<\/p>\n<p>P\u00e1ginas: 112<\/p>\n<p>Idioma: edici\u00f3n cuatriling\u00fce: euskera, espa\u00f1ol, ingl\u00e9s y franc\u00e9s<\/p>\n<p>ISBN: 978-84-19539-33-5<\/p>\n","protected":false},"featured_media":35084,"template":"","meta":{"_acf_changed":false,"site-sidebar-layout":"","site-content-layout":"","ast-site-content-layout":"","site-content-style":"","site-sidebar-style":"","ast-global-header-display":"","ast-banner-title-visibility":"","ast-main-header-display":"","ast-hfb-above-header-display":"","ast-hfb-below-header-display":"","ast-hfb-mobile-header-display":"","site-post-title":"","ast-breadcrumbs-content":"","ast-featured-img":"","footer-sml-layout":"","ast-disable-related-posts":"","theme-transparent-header-meta":"","adv-header-id-meta":"","stick-header-meta":"","header-above-stick-meta":"","header-main-stick-meta":"","header-below-stick-meta":"","astra-migrate-meta-layouts":"","ast-page-background-enabled":"default","ast-page-background-meta":{"desktop":{"background-color":"","background-image":"","background-repeat":"repeat","background-position":"center center","background-size":"auto","background-attachment":"scroll","background-type":"","background-media":"","overlay-type":"","overlay-color":"","overlay-opacity":"","overlay-gradient":""},"tablet":{"background-color":"","background-image":"","background-repeat":"repeat","background-position":"center center","background-size":"auto","background-attachment":"scroll","background-type":"","background-media":"","overlay-type":"","overlay-color":"","overlay-opacity":"","overlay-gradient":""},"mobile":{"background-color":"","background-image":"","background-repeat":"repeat","background-position":"center center","background-size":"auto","background-attachment":"scroll","background-type":"","background-media":"","overlay-type":"","overlay-color":"","overlay-opacity":"","overlay-gradient":""}},"ast-content-background-meta":{"desktop":{"background-color":"var(--ast-global-color-5)","background-image":"","background-repeat":"repeat","background-position":"center center","background-size":"auto","background-attachment":"scroll","background-type":"","background-media":"","overlay-type":"","overlay-color":"","overlay-opacity":"","overlay-gradient":""},"tablet":{"background-color":"var(--ast-global-color-5)","background-image":"","background-repeat":"repeat","background-position":"center center","background-size":"auto","background-attachment":"scroll","background-type":"","background-media":"","overlay-type":"","overlay-color":"","overlay-opacity":"","overlay-gradient":""},"mobile":{"background-color":"var(--ast-global-color-5)","background-image":"","background-repeat":"repeat","background-position":"center center","background-size":"auto","background-attachment":"scroll","background-type":"","background-media":"","overlay-type":"","overlay-color":"","overlay-opacity":"","overlay-gradient":""}}},"product_brand":[],"product_cat":[515],"product_tag":[305],"class_list":{"0":"post-35097","1":"product","2":"type-product","3":"status-publish","4":"has-post-thumbnail","6":"product_cat-arquitectura","7":"product_tag-turner","8":"desktop-align-left","9":"tablet-align-left","10":"mobile-align-left","12":"first","13":"instock","14":"taxable","15":"shipping-taxable","16":"purchasable","17":"product-type-simple"},"acf":[],"yoast_head":"<!-- This site is optimized with the Yoast SEO plugin v27.3 - https:\/\/yoast.com\/product\/yoast-seo-wordpress\/ -->\n<title>Limina: Cosmopolitan Chicken Project 30 - ArtsLibris<\/title>\n<meta name=\"robots\" content=\"index, follow, max-snippet:-1, max-image-preview:large, max-video-preview:-1\" \/>\n<link rel=\"canonical\" href=\"https:\/\/artslibris.cat\/en\/tienda\/arquitectura\/limina-cosmopolitan-chicken-project-30\/\" \/>\n<meta property=\"og:locale\" content=\"en_US\" \/>\n<meta property=\"og:type\" content=\"article\" \/>\n<meta property=\"og:title\" content=\"Limina: Cosmopolitan Chicken Project 30 - ArtsLibris\" \/>\n<meta property=\"og:description\" content=\"T\u00edtulo: Limina: Cosmopolitan Chicken Project 30  Autor: Koen Vanmechelen   Editorial: Turner  P\u00e1ginas: 112  Idioma: edici\u00f3n cuatriling\u00fce: euskera, espa\u00f1ol, ingl\u00e9s y franc\u00e9s  ISBN: 978-84-19539-33-5\" \/>\n<meta property=\"og:url\" content=\"https:\/\/artslibris.cat\/en\/tienda\/arquitectura\/limina-cosmopolitan-chicken-project-30\/\" \/>\n<meta property=\"og:site_name\" content=\"ArtsLibris\" \/>\n<meta property=\"article:publisher\" content=\"https:\/\/www.facebook.com\/artslibris\/\" \/>\n<meta property=\"og:image\" content=\"https:\/\/artslibris.cat\/wp-content\/uploads\/2026\/05\/Image-051.webp\" \/>\n\t<meta property=\"og:image:width\" content=\"1731\" \/>\n\t<meta property=\"og:image:height\" content=\"2058\" \/>\n\t<meta property=\"og:image:type\" content=\"image\/webp\" \/>\n<meta name=\"twitter:card\" content=\"summary_large_image\" \/>\n<meta name=\"twitter:site\" content=\"@ArtsLibris\" \/>\n<meta name=\"twitter:label1\" content=\"Est. reading time\" \/>\n\t<meta name=\"twitter:data1\" content=\"1 minute\" \/>\n<script type=\"application\/ld+json\" class=\"yoast-schema-graph\">{\"@context\":\"https:\\\/\\\/schema.org\",\"@graph\":[{\"@type\":\"WebPage\",\"@id\":\"https:\\\/\\\/artslibris.cat\\\/en\\\/tienda\\\/arquitectura\\\/limina-cosmopolitan-chicken-project-30\\\/\",\"url\":\"https:\\\/\\\/artslibris.cat\\\/en\\\/tienda\\\/arquitectura\\\/limina-cosmopolitan-chicken-project-30\\\/\",\"name\":\"Limina: Cosmopolitan Chicken Project 30 - ArtsLibris\",\"isPartOf\":{\"@id\":\"https:\\\/\\\/artslibris.cat\\\/en\\\/#website\"},\"primaryImageOfPage\":{\"@id\":\"https:\\\/\\\/artslibris.cat\\\/en\\\/tienda\\\/arquitectura\\\/limina-cosmopolitan-chicken-project-30\\\/#primaryimage\"},\"image\":{\"@id\":\"https:\\\/\\\/artslibris.cat\\\/en\\\/tienda\\\/arquitectura\\\/limina-cosmopolitan-chicken-project-30\\\/#primaryimage\"},\"thumbnailUrl\":\"https:\\\/\\\/artslibris.cat\\\/wp-content\\\/uploads\\\/2026\\\/05\\\/Image-051.webp\",\"datePublished\":\"2026-05-11T11:49:07+00:00\",\"breadcrumb\":{\"@id\":\"https:\\\/\\\/artslibris.cat\\\/en\\\/tienda\\\/arquitectura\\\/limina-cosmopolitan-chicken-project-30\\\/#breadcrumb\"},\"inLanguage\":\"en-US\",\"potentialAction\":[{\"@type\":\"ReadAction\",\"target\":[\"https:\\\/\\\/artslibris.cat\\\/en\\\/tienda\\\/arquitectura\\\/limina-cosmopolitan-chicken-project-30\\\/\"]}]},{\"@type\":\"ImageObject\",\"inLanguage\":\"en-US\",\"@id\":\"https:\\\/\\\/artslibris.cat\\\/en\\\/tienda\\\/arquitectura\\\/limina-cosmopolitan-chicken-project-30\\\/#primaryimage\",\"url\":\"https:\\\/\\\/artslibris.cat\\\/wp-content\\\/uploads\\\/2026\\\/05\\\/Image-051.webp\",\"contentUrl\":\"https:\\\/\\\/artslibris.cat\\\/wp-content\\\/uploads\\\/2026\\\/05\\\/Image-051.webp\",\"width\":1731,\"height\":2058},{\"@type\":\"BreadcrumbList\",\"@id\":\"https:\\\/\\\/artslibris.cat\\\/en\\\/tienda\\\/arquitectura\\\/limina-cosmopolitan-chicken-project-30\\\/#breadcrumb\",\"itemListElement\":[{\"@type\":\"ListItem\",\"position\":1,\"name\":\"Portada\",\"item\":\"https:\\\/\\\/artslibris.cat\\\/en\\\/\"},{\"@type\":\"ListItem\",\"position\":2,\"name\":\"Shop\",\"item\":\"https:\\\/\\\/artslibris.cat\\\/en\\\/shop\\\/\"},{\"@type\":\"ListItem\",\"position\":3,\"name\":\"Limina: Cosmopolitan Chicken Project 30\"}]},{\"@type\":\"WebSite\",\"@id\":\"https:\\\/\\\/artslibris.cat\\\/en\\\/#website\",\"url\":\"https:\\\/\\\/artslibris.cat\\\/en\\\/\",\"name\":\"ArtsLibris\",\"description\":\"\",\"publisher\":{\"@id\":\"https:\\\/\\\/artslibris.cat\\\/en\\\/#organization\"},\"potentialAction\":[{\"@type\":\"SearchAction\",\"target\":{\"@type\":\"EntryPoint\",\"urlTemplate\":\"https:\\\/\\\/artslibris.cat\\\/en\\\/?s={search_term_string}\"},\"query-input\":{\"@type\":\"PropertyValueSpecification\",\"valueRequired\":true,\"valueName\":\"search_term_string\"}}],\"inLanguage\":\"en-US\"},{\"@type\":\"Organization\",\"@id\":\"https:\\\/\\\/artslibris.cat\\\/en\\\/#organization\",\"name\":\"ArtsLibris\",\"url\":\"https:\\\/\\\/artslibris.cat\\\/en\\\/\",\"logo\":{\"@type\":\"ImageObject\",\"inLanguage\":\"en-US\",\"@id\":\"https:\\\/\\\/artslibris.cat\\\/en\\\/#\\\/schema\\\/logo\\\/image\\\/\",\"url\":\"https:\\\/\\\/artslibris.cat\\\/wp-content\\\/uploads\\\/2020\\\/05\\\/ArtsLibris-logo-black.svg\",\"contentUrl\":\"https:\\\/\\\/artslibris.cat\\\/wp-content\\\/uploads\\\/2020\\\/05\\\/ArtsLibris-logo-black.svg\",\"width\":521,\"height\":85,\"caption\":\"ArtsLibris\"},\"image\":{\"@id\":\"https:\\\/\\\/artslibris.cat\\\/en\\\/#\\\/schema\\\/logo\\\/image\\\/\"},\"sameAs\":[\"https:\\\/\\\/www.facebook.com\\\/artslibris\\\/\",\"https:\\\/\\\/x.com\\\/ArtsLibris\",\"https:\\\/\\\/www.instagram.com\\\/artslibris\\\/\"]}]}<\/script>\n<!-- \/ Yoast SEO plugin. -->","yoast_head_json":{"title":"Limina: Cosmopolitan Chicken Project 30 - ArtsLibris","robots":{"index":"index","follow":"follow","max-snippet":"max-snippet:-1","max-image-preview":"max-image-preview:large","max-video-preview":"max-video-preview:-1"},"canonical":"https:\/\/artslibris.cat\/en\/tienda\/arquitectura\/limina-cosmopolitan-chicken-project-30\/","og_locale":"en_US","og_type":"article","og_title":"Limina: Cosmopolitan Chicken Project 30 - ArtsLibris","og_description":"T\u00edtulo: Limina: Cosmopolitan Chicken Project 30  Autor: Koen Vanmechelen   Editorial: Turner  P\u00e1ginas: 112  Idioma: edici\u00f3n cuatriling\u00fce: euskera, espa\u00f1ol, ingl\u00e9s y franc\u00e9s  ISBN: 978-84-19539-33-5","og_url":"https:\/\/artslibris.cat\/en\/tienda\/arquitectura\/limina-cosmopolitan-chicken-project-30\/","og_site_name":"ArtsLibris","article_publisher":"https:\/\/www.facebook.com\/artslibris\/","og_image":[{"width":1731,"height":2058,"url":"https:\/\/artslibris.cat\/wp-content\/uploads\/2026\/05\/Image-051.webp","type":"image\/webp"}],"twitter_card":"summary_large_image","twitter_site":"@ArtsLibris","twitter_misc":{"Est. reading time":"1 minute"},"schema":{"@context":"https:\/\/schema.org","@graph":[{"@type":"WebPage","@id":"https:\/\/artslibris.cat\/en\/tienda\/arquitectura\/limina-cosmopolitan-chicken-project-30\/","url":"https:\/\/artslibris.cat\/en\/tienda\/arquitectura\/limina-cosmopolitan-chicken-project-30\/","name":"Limina: Cosmopolitan Chicken Project 30 - ArtsLibris","isPartOf":{"@id":"https:\/\/artslibris.cat\/en\/#website"},"primaryImageOfPage":{"@id":"https:\/\/artslibris.cat\/en\/tienda\/arquitectura\/limina-cosmopolitan-chicken-project-30\/#primaryimage"},"image":{"@id":"https:\/\/artslibris.cat\/en\/tienda\/arquitectura\/limina-cosmopolitan-chicken-project-30\/#primaryimage"},"thumbnailUrl":"https:\/\/artslibris.cat\/wp-content\/uploads\/2026\/05\/Image-051.webp","datePublished":"2026-05-11T11:49:07+00:00","breadcrumb":{"@id":"https:\/\/artslibris.cat\/en\/tienda\/arquitectura\/limina-cosmopolitan-chicken-project-30\/#breadcrumb"},"inLanguage":"en-US","potentialAction":[{"@type":"ReadAction","target":["https:\/\/artslibris.cat\/en\/tienda\/arquitectura\/limina-cosmopolitan-chicken-project-30\/"]}]},{"@type":"ImageObject","inLanguage":"en-US","@id":"https:\/\/artslibris.cat\/en\/tienda\/arquitectura\/limina-cosmopolitan-chicken-project-30\/#primaryimage","url":"https:\/\/artslibris.cat\/wp-content\/uploads\/2026\/05\/Image-051.webp","contentUrl":"https:\/\/artslibris.cat\/wp-content\/uploads\/2026\/05\/Image-051.webp","width":1731,"height":2058},{"@type":"BreadcrumbList","@id":"https:\/\/artslibris.cat\/en\/tienda\/arquitectura\/limina-cosmopolitan-chicken-project-30\/#breadcrumb","itemListElement":[{"@type":"ListItem","position":1,"name":"Portada","item":"https:\/\/artslibris.cat\/en\/"},{"@type":"ListItem","position":2,"name":"Shop","item":"https:\/\/artslibris.cat\/en\/shop\/"},{"@type":"ListItem","position":3,"name":"Limina: Cosmopolitan Chicken Project 30"}]},{"@type":"WebSite","@id":"https:\/\/artslibris.cat\/en\/#website","url":"https:\/\/artslibris.cat\/en\/","name":"ArtsLibris","description":"","publisher":{"@id":"https:\/\/artslibris.cat\/en\/#organization"},"potentialAction":[{"@type":"SearchAction","target":{"@type":"EntryPoint","urlTemplate":"https:\/\/artslibris.cat\/en\/?s={search_term_string}"},"query-input":{"@type":"PropertyValueSpecification","valueRequired":true,"valueName":"search_term_string"}}],"inLanguage":"en-US"},{"@type":"Organization","@id":"https:\/\/artslibris.cat\/en\/#organization","name":"ArtsLibris","url":"https:\/\/artslibris.cat\/en\/","logo":{"@type":"ImageObject","inLanguage":"en-US","@id":"https:\/\/artslibris.cat\/en\/#\/schema\/logo\/image\/","url":"https:\/\/artslibris.cat\/wp-content\/uploads\/2020\/05\/ArtsLibris-logo-black.svg","contentUrl":"https:\/\/artslibris.cat\/wp-content\/uploads\/2020\/05\/ArtsLibris-logo-black.svg","width":521,"height":85,"caption":"ArtsLibris"},"image":{"@id":"https:\/\/artslibris.cat\/en\/#\/schema\/logo\/image\/"},"sameAs":["https:\/\/www.facebook.com\/artslibris\/","https:\/\/x.com\/ArtsLibris","https:\/\/www.instagram.com\/artslibris\/"]}]}},"_links":{"self":[{"href":"https:\/\/artslibris.cat\/en\/wp-json\/wp\/v2\/product\/35097","targetHints":{"allow":["GET"]}}],"collection":[{"href":"https:\/\/artslibris.cat\/en\/wp-json\/wp\/v2\/product"}],"about":[{"href":"https:\/\/artslibris.cat\/en\/wp-json\/wp\/v2\/types\/product"}],"wp:featuredmedia":[{"embeddable":true,"href":"https:\/\/artslibris.cat\/en\/wp-json\/wp\/v2\/media\/35084"}],"wp:attachment":[{"href":"https:\/\/artslibris.cat\/en\/wp-json\/wp\/v2\/media?parent=35097"}],"wp:term":[{"taxonomy":"product_brand","embeddable":true,"href":"https:\/\/artslibris.cat\/en\/wp-json\/wp\/v2\/product_brand?post=35097"},{"taxonomy":"product_cat","embeddable":true,"href":"https:\/\/artslibris.cat\/en\/wp-json\/wp\/v2\/product_cat?post=35097"},{"taxonomy":"product_tag","embeddable":true,"href":"https:\/\/artslibris.cat\/en\/wp-json\/wp\/v2\/product_tag?post=35097"}],"curies":[{"name":"wp","href":"https:\/\/api.w.org\/{rel}","templated":true}]}}