{"id":33210,"date":"2026-02-16T10:44:22","date_gmt":"2026-02-16T10:44:22","guid":{"rendered":"https:\/\/artslibris.cat\/?post_type=product&#038;p=33210"},"modified":"2026-02-16T10:44:23","modified_gmt":"2026-02-16T10:44:23","slug":"diez-horas-con-alberto-garcia-alix","status":"publish","type":"product","link":"https:\/\/artslibris.cat\/en\/tienda\/biografia\/diez-horas-con-alberto-garcia-alix\/","title":{"rendered":"Diez horas con Alberto Garc\u00eda-Alix"},"content":{"rendered":"<p>\u00abLa fotograf\u00eda es el arma de un crimen\u00bb, dice Alberto Garc\u00eda-Alix en esta conversaci\u00f3n con Alberto Anaut, editor y presidente de La F\u00e1brica. \u00abEs un arma de extremada y refinada maldad\u00bb, contin\u00faa Alix. \u00abHiere donde m\u00e1s duele, sin piedad\u00bb. Reflexiones profundas de uno de los fot\u00f3grafos espa\u00f1oles m\u00e1s importantes de las \u00faltimas d\u00e9cadas, que recorre con crudeza y honestidad una carrera art\u00edstica ligada a su relaci\u00f3n con las drogas, la enfermedad y la p\u00e9rdida, experiencias vitales al l\u00edmite que han moldeado un pensamiento tr\u00e1gico de la vida que queda reflejado en sus poderosas fotograf\u00edas. En estas p\u00e1ginas, el artista bucea en los recuerdos de una de las \u00e9pocas m\u00e1s intensas de la historia de Espa\u00f1a, reci\u00e9n estrenada la democracia, as\u00ed como en la relaci\u00f3n con los amigos que marcaron su vida, como Ceesepe o Fernando Pais, o el poder sanador de la fotograf\u00eda. Este volumen forma parte del Archivo de Creadores, una serie que recoge el testimonio de los grandes nombres de la cultura espa\u00f1ola en primera persona. Un proyecto ideado para conservar y transmitir el legado de las personas m\u00e1s valiosas de nuestro tiempo.<\/p>\n","protected":false},"excerpt":{"rendered":"<p><span style=\"font-weight: 400\">T\u00edtulo: Diez horas con Alberto Garc\u00eda-Alix<\/span><\/p>\n<p><span style=\"font-weight: 400\">Editorial: La F\u00e1brica<\/span><\/p>\n<p><span style=\"font-weight: 400\">A\u00f1o de publicaci\u00f3n: 2022<\/span><\/p>\n<p><span style=\"font-weight: 400\">N\u00famero de p\u00e1ginas: 160<\/span><\/p>\n<p><span style=\"font-weight: 400\">Encuadernaci\u00f3n: R\u00fastica<\/span><\/p>\n<p><span style=\"font-weight: 400\">ISBN: 9788418934162<\/span><\/p>\n","protected":false},"featured_media":33211,"template":"","meta":{"_acf_changed":false,"site-sidebar-layout":"default","site-content-layout":"","ast-site-content-layout":"default","site-content-style":"default","site-sidebar-style":"default","ast-global-header-display":"","ast-banner-title-visibility":"","ast-main-header-display":"","ast-hfb-above-header-display":"","ast-hfb-below-header-display":"","ast-hfb-mobile-header-display":"","site-post-title":"","ast-breadcrumbs-content":"","ast-featured-img":"","footer-sml-layout":"","ast-disable-related-posts":"","theme-transparent-header-meta":"default","adv-header-id-meta":"","stick-header-meta":"","header-above-stick-meta":"","header-main-stick-meta":"","header-below-stick-meta":"","astra-migrate-meta-layouts":"set","ast-page-background-enabled":"default","ast-page-background-meta":{"desktop":{"background-color":"","background-image":"","background-repeat":"repeat","background-position":"center center","background-size":"auto","background-attachment":"scroll","background-type":"","background-media":"","overlay-type":"","overlay-color":"","overlay-opacity":"","overlay-gradient":""},"tablet":{"background-color":"","background-image":"","background-repeat":"repeat","background-position":"center center","background-size":"auto","background-attachment":"scroll","background-type":"","background-media":"","overlay-type":"","overlay-color":"","overlay-opacity":"","overlay-gradient":""},"mobile":{"background-color":"","background-image":"","background-repeat":"repeat","background-position":"center center","background-size":"auto","background-attachment":"scroll","background-type":"","background-media":"","overlay-type":"","overlay-color":"","overlay-opacity":"","overlay-gradient":""}},"ast-content-background-meta":{"desktop":{"background-color":"var(--ast-global-color-5)","background-image":"","background-repeat":"repeat","background-position":"center center","background-size":"auto","background-attachment":"scroll","background-type":"","background-media":"","overlay-type":"","overlay-color":"","overlay-opacity":"","overlay-gradient":""},"tablet":{"background-color":"var(--ast-global-color-5)","background-image":"","background-repeat":"repeat","background-position":"center center","background-size":"auto","background-attachment":"scroll","background-type":"","background-media":"","overlay-type":"","overlay-color":"","overlay-opacity":"","overlay-gradient":""},"mobile":{"background-color":"var(--ast-global-color-5)","background-image":"","background-repeat":"repeat","background-position":"center center","background-size":"auto","background-attachment":"scroll","background-type":"","background-media":"","overlay-type":"","overlay-color":"","overlay-opacity":"","overlay-gradient":""}}},"product_brand":[],"product_cat":[508,487],"product_tag":[428],"class_list":{"0":"post-33210","1":"product","2":"type-product","3":"status-publish","4":"has-post-thumbnail","6":"product_cat-fotografia","7":"product_cat-biografia","8":"product_tag-la-fabrica","9":"desktop-align-left","10":"tablet-align-left","11":"mobile-align-left","13":"first","14":"instock","15":"shipping-taxable","16":"purchasable","17":"product-type-simple"},"acf":[],"yoast_head":"<!-- This site is optimized with the Yoast SEO plugin v27.3 - https:\/\/yoast.com\/product\/yoast-seo-wordpress\/ -->\n<title>Diez horas con Alberto Garc\u00eda-Alix - ArtsLibris<\/title>\n<meta name=\"robots\" content=\"index, follow, max-snippet:-1, max-image-preview:large, max-video-preview:-1\" \/>\n<link rel=\"canonical\" href=\"https:\/\/artslibris.cat\/en\/tienda\/biografia\/diez-horas-con-alberto-garcia-alix\/\" \/>\n<meta property=\"og:locale\" content=\"en_US\" \/>\n<meta property=\"og:type\" content=\"article\" \/>\n<meta property=\"og:title\" content=\"Diez horas con Alberto Garc\u00eda-Alix - ArtsLibris\" \/>\n<meta property=\"og:description\" content=\"T\u00edtulo: Diez horas con Alberto Garc\u00eda-Alix  Editorial: La F\u00e1brica  A\u00f1o de publicaci\u00f3n: 2022  N\u00famero de p\u00e1ginas: 160  Encuadernaci\u00f3n: R\u00fastica  ISBN: 9788418934162\" \/>\n<meta property=\"og:url\" content=\"https:\/\/artslibris.cat\/en\/tienda\/biografia\/diez-horas-con-alberto-garcia-alix\/\" \/>\n<meta property=\"og:site_name\" content=\"ArtsLibris\" \/>\n<meta property=\"article:publisher\" content=\"https:\/\/www.facebook.com\/artslibris\/\" \/>\n<meta property=\"article:modified_time\" content=\"2026-02-16T10:44:23+00:00\" \/>\n<meta property=\"og:image\" content=\"https:\/\/artslibris.cat\/wp-content\/uploads\/2026\/02\/978841893416.gif\" \/>\n\t<meta property=\"og:image:width\" content=\"270\" \/>\n\t<meta property=\"og:image:height\" content=\"396\" \/>\n\t<meta property=\"og:image:type\" content=\"image\/gif\" \/>\n<meta name=\"twitter:card\" content=\"summary_large_image\" \/>\n<meta name=\"twitter:site\" content=\"@ArtsLibris\" \/>\n<meta name=\"twitter:label1\" content=\"Est. reading time\" \/>\n\t<meta name=\"twitter:data1\" content=\"2 minutes\" \/>\n<script type=\"application\/ld+json\" class=\"yoast-schema-graph\">{\"@context\":\"https:\\\/\\\/schema.org\",\"@graph\":[{\"@type\":\"WebPage\",\"@id\":\"https:\\\/\\\/artslibris.cat\\\/en\\\/tienda\\\/biografia\\\/diez-horas-con-alberto-garcia-alix\\\/\",\"url\":\"https:\\\/\\\/artslibris.cat\\\/en\\\/tienda\\\/biografia\\\/diez-horas-con-alberto-garcia-alix\\\/\",\"name\":\"Diez horas con Alberto Garc\u00eda-Alix - ArtsLibris\",\"isPartOf\":{\"@id\":\"https:\\\/\\\/artslibris.cat\\\/en\\\/#website\"},\"primaryImageOfPage\":{\"@id\":\"https:\\\/\\\/artslibris.cat\\\/en\\\/tienda\\\/biografia\\\/diez-horas-con-alberto-garcia-alix\\\/#primaryimage\"},\"image\":{\"@id\":\"https:\\\/\\\/artslibris.cat\\\/en\\\/tienda\\\/biografia\\\/diez-horas-con-alberto-garcia-alix\\\/#primaryimage\"},\"thumbnailUrl\":\"https:\\\/\\\/artslibris.cat\\\/wp-content\\\/uploads\\\/2026\\\/02\\\/978841893416.gif\",\"datePublished\":\"2026-02-16T10:44:22+00:00\",\"dateModified\":\"2026-02-16T10:44:23+00:00\",\"breadcrumb\":{\"@id\":\"https:\\\/\\\/artslibris.cat\\\/en\\\/tienda\\\/biografia\\\/diez-horas-con-alberto-garcia-alix\\\/#breadcrumb\"},\"inLanguage\":\"en-US\",\"potentialAction\":[{\"@type\":\"ReadAction\",\"target\":[\"https:\\\/\\\/artslibris.cat\\\/en\\\/tienda\\\/biografia\\\/diez-horas-con-alberto-garcia-alix\\\/\"]}]},{\"@type\":\"ImageObject\",\"inLanguage\":\"en-US\",\"@id\":\"https:\\\/\\\/artslibris.cat\\\/en\\\/tienda\\\/biografia\\\/diez-horas-con-alberto-garcia-alix\\\/#primaryimage\",\"url\":\"https:\\\/\\\/artslibris.cat\\\/wp-content\\\/uploads\\\/2026\\\/02\\\/978841893416.gif\",\"contentUrl\":\"https:\\\/\\\/artslibris.cat\\\/wp-content\\\/uploads\\\/2026\\\/02\\\/978841893416.gif\",\"width\":270,\"height\":396},{\"@type\":\"BreadcrumbList\",\"@id\":\"https:\\\/\\\/artslibris.cat\\\/en\\\/tienda\\\/biografia\\\/diez-horas-con-alberto-garcia-alix\\\/#breadcrumb\",\"itemListElement\":[{\"@type\":\"ListItem\",\"position\":1,\"name\":\"Portada\",\"item\":\"https:\\\/\\\/artslibris.cat\\\/en\\\/\"},{\"@type\":\"ListItem\",\"position\":2,\"name\":\"Shop\",\"item\":\"https:\\\/\\\/artslibris.cat\\\/en\\\/shop\\\/\"},{\"@type\":\"ListItem\",\"position\":3,\"name\":\"Diez horas con Alberto Garc\u00eda-Alix\"}]},{\"@type\":\"WebSite\",\"@id\":\"https:\\\/\\\/artslibris.cat\\\/en\\\/#website\",\"url\":\"https:\\\/\\\/artslibris.cat\\\/en\\\/\",\"name\":\"ArtsLibris\",\"description\":\"\",\"publisher\":{\"@id\":\"https:\\\/\\\/artslibris.cat\\\/en\\\/#organization\"},\"potentialAction\":[{\"@type\":\"SearchAction\",\"target\":{\"@type\":\"EntryPoint\",\"urlTemplate\":\"https:\\\/\\\/artslibris.cat\\\/en\\\/?s={search_term_string}\"},\"query-input\":{\"@type\":\"PropertyValueSpecification\",\"valueRequired\":true,\"valueName\":\"search_term_string\"}}],\"inLanguage\":\"en-US\"},{\"@type\":\"Organization\",\"@id\":\"https:\\\/\\\/artslibris.cat\\\/en\\\/#organization\",\"name\":\"ArtsLibris\",\"url\":\"https:\\\/\\\/artslibris.cat\\\/en\\\/\",\"logo\":{\"@type\":\"ImageObject\",\"inLanguage\":\"en-US\",\"@id\":\"https:\\\/\\\/artslibris.cat\\\/en\\\/#\\\/schema\\\/logo\\\/image\\\/\",\"url\":\"https:\\\/\\\/artslibris.cat\\\/wp-content\\\/uploads\\\/2020\\\/05\\\/ArtsLibris-logo-black.svg\",\"contentUrl\":\"https:\\\/\\\/artslibris.cat\\\/wp-content\\\/uploads\\\/2020\\\/05\\\/ArtsLibris-logo-black.svg\",\"width\":521,\"height\":85,\"caption\":\"ArtsLibris\"},\"image\":{\"@id\":\"https:\\\/\\\/artslibris.cat\\\/en\\\/#\\\/schema\\\/logo\\\/image\\\/\"},\"sameAs\":[\"https:\\\/\\\/www.facebook.com\\\/artslibris\\\/\",\"https:\\\/\\\/x.com\\\/ArtsLibris\",\"https:\\\/\\\/www.instagram.com\\\/artslibris\\\/\"]}]}<\/script>\n<!-- \/ Yoast SEO plugin. -->","yoast_head_json":{"title":"Diez horas con Alberto Garc\u00eda-Alix - ArtsLibris","robots":{"index":"index","follow":"follow","max-snippet":"max-snippet:-1","max-image-preview":"max-image-preview:large","max-video-preview":"max-video-preview:-1"},"canonical":"https:\/\/artslibris.cat\/en\/tienda\/biografia\/diez-horas-con-alberto-garcia-alix\/","og_locale":"en_US","og_type":"article","og_title":"Diez horas con Alberto Garc\u00eda-Alix - ArtsLibris","og_description":"T\u00edtulo: Diez horas con Alberto Garc\u00eda-Alix  Editorial: La F\u00e1brica  A\u00f1o de publicaci\u00f3n: 2022  N\u00famero de p\u00e1ginas: 160  Encuadernaci\u00f3n: R\u00fastica  ISBN: 9788418934162","og_url":"https:\/\/artslibris.cat\/en\/tienda\/biografia\/diez-horas-con-alberto-garcia-alix\/","og_site_name":"ArtsLibris","article_publisher":"https:\/\/www.facebook.com\/artslibris\/","article_modified_time":"2026-02-16T10:44:23+00:00","og_image":[{"width":270,"height":396,"url":"https:\/\/artslibris.cat\/wp-content\/uploads\/2026\/02\/978841893416.gif","type":"image\/gif"}],"twitter_card":"summary_large_image","twitter_site":"@ArtsLibris","twitter_misc":{"Est. reading time":"2 minutes"},"schema":{"@context":"https:\/\/schema.org","@graph":[{"@type":"WebPage","@id":"https:\/\/artslibris.cat\/en\/tienda\/biografia\/diez-horas-con-alberto-garcia-alix\/","url":"https:\/\/artslibris.cat\/en\/tienda\/biografia\/diez-horas-con-alberto-garcia-alix\/","name":"Diez horas con Alberto Garc\u00eda-Alix - ArtsLibris","isPartOf":{"@id":"https:\/\/artslibris.cat\/en\/#website"},"primaryImageOfPage":{"@id":"https:\/\/artslibris.cat\/en\/tienda\/biografia\/diez-horas-con-alberto-garcia-alix\/#primaryimage"},"image":{"@id":"https:\/\/artslibris.cat\/en\/tienda\/biografia\/diez-horas-con-alberto-garcia-alix\/#primaryimage"},"thumbnailUrl":"https:\/\/artslibris.cat\/wp-content\/uploads\/2026\/02\/978841893416.gif","datePublished":"2026-02-16T10:44:22+00:00","dateModified":"2026-02-16T10:44:23+00:00","breadcrumb":{"@id":"https:\/\/artslibris.cat\/en\/tienda\/biografia\/diez-horas-con-alberto-garcia-alix\/#breadcrumb"},"inLanguage":"en-US","potentialAction":[{"@type":"ReadAction","target":["https:\/\/artslibris.cat\/en\/tienda\/biografia\/diez-horas-con-alberto-garcia-alix\/"]}]},{"@type":"ImageObject","inLanguage":"en-US","@id":"https:\/\/artslibris.cat\/en\/tienda\/biografia\/diez-horas-con-alberto-garcia-alix\/#primaryimage","url":"https:\/\/artslibris.cat\/wp-content\/uploads\/2026\/02\/978841893416.gif","contentUrl":"https:\/\/artslibris.cat\/wp-content\/uploads\/2026\/02\/978841893416.gif","width":270,"height":396},{"@type":"BreadcrumbList","@id":"https:\/\/artslibris.cat\/en\/tienda\/biografia\/diez-horas-con-alberto-garcia-alix\/#breadcrumb","itemListElement":[{"@type":"ListItem","position":1,"name":"Portada","item":"https:\/\/artslibris.cat\/en\/"},{"@type":"ListItem","position":2,"name":"Shop","item":"https:\/\/artslibris.cat\/en\/shop\/"},{"@type":"ListItem","position":3,"name":"Diez horas con Alberto Garc\u00eda-Alix"}]},{"@type":"WebSite","@id":"https:\/\/artslibris.cat\/en\/#website","url":"https:\/\/artslibris.cat\/en\/","name":"ArtsLibris","description":"","publisher":{"@id":"https:\/\/artslibris.cat\/en\/#organization"},"potentialAction":[{"@type":"SearchAction","target":{"@type":"EntryPoint","urlTemplate":"https:\/\/artslibris.cat\/en\/?s={search_term_string}"},"query-input":{"@type":"PropertyValueSpecification","valueRequired":true,"valueName":"search_term_string"}}],"inLanguage":"en-US"},{"@type":"Organization","@id":"https:\/\/artslibris.cat\/en\/#organization","name":"ArtsLibris","url":"https:\/\/artslibris.cat\/en\/","logo":{"@type":"ImageObject","inLanguage":"en-US","@id":"https:\/\/artslibris.cat\/en\/#\/schema\/logo\/image\/","url":"https:\/\/artslibris.cat\/wp-content\/uploads\/2020\/05\/ArtsLibris-logo-black.svg","contentUrl":"https:\/\/artslibris.cat\/wp-content\/uploads\/2020\/05\/ArtsLibris-logo-black.svg","width":521,"height":85,"caption":"ArtsLibris"},"image":{"@id":"https:\/\/artslibris.cat\/en\/#\/schema\/logo\/image\/"},"sameAs":["https:\/\/www.facebook.com\/artslibris\/","https:\/\/x.com\/ArtsLibris","https:\/\/www.instagram.com\/artslibris\/"]}]}},"_links":{"self":[{"href":"https:\/\/artslibris.cat\/en\/wp-json\/wp\/v2\/product\/33210","targetHints":{"allow":["GET"]}}],"collection":[{"href":"https:\/\/artslibris.cat\/en\/wp-json\/wp\/v2\/product"}],"about":[{"href":"https:\/\/artslibris.cat\/en\/wp-json\/wp\/v2\/types\/product"}],"wp:featuredmedia":[{"embeddable":true,"href":"https:\/\/artslibris.cat\/en\/wp-json\/wp\/v2\/media\/33211"}],"wp:attachment":[{"href":"https:\/\/artslibris.cat\/en\/wp-json\/wp\/v2\/media?parent=33210"}],"wp:term":[{"taxonomy":"product_brand","embeddable":true,"href":"https:\/\/artslibris.cat\/en\/wp-json\/wp\/v2\/product_brand?post=33210"},{"taxonomy":"product_cat","embeddable":true,"href":"https:\/\/artslibris.cat\/en\/wp-json\/wp\/v2\/product_cat?post=33210"},{"taxonomy":"product_tag","embeddable":true,"href":"https:\/\/artslibris.cat\/en\/wp-json\/wp\/v2\/product_tag?post=33210"}],"curies":[{"name":"wp","href":"https:\/\/api.w.org\/{rel}","templated":true}]}}