{"id":3302,"date":"2020-10-22T07:15:22","date_gmt":"2020-11-10T16:17:54","guid":{"rendered":"https:\/\/artslibris.cat\/?post_type=product&#038;p=3302"},"modified":"2021-09-15T15:59:32","modified_gmt":"2021-09-15T15:59:32","slug":"robar-la-historia-contrarrelatos-y-practicas-artisticas-de-la-oposicion","status":"publish","type":"product","link":"https:\/\/artslibris.cat\/en\/tienda\/estetica-en\/robar-la-historia-contrarrelatos-y-practicas-artisticas-de-la-oposicion\/","title":{"rendered":"Robar la historia: Contrarrelatos y pr\u00e1cticas art\u00edsticas de la oposici\u00f3n (Stealing history: Counternarratives and oppositional artistic practices)"},"content":{"rendered":"<p><span id=\"p1526\">This\u00a0<span id=\"1719-1720\">book<\/span>\u00a0<span id=\"1768-1769\">provides<\/span>\u00a0an exemplary overview of Latin American\u00a0<span id=\"1555\">artistic<\/span>\u00a0production.<\/span><span id=\"p1527\"><span id=\"p1527-pl\">\u00a0Here we find ourselves immersed in the vital contingency of a\u00a0<\/span><span id=\"1721-1722-p1527-pl\">way<\/span><span id=\"p1527-pl\">\u00a0of critical thought that is\u00a0<\/span><span id=\"1770-1771-p1527-pl\">driven<\/span><span id=\"p1527-pl\">\u00a0by\u00a0<\/span><span id=\"1723-1724-p1527-pl\">interruptions<\/span><span id=\"p1527-pl\">\u00a0<\/span><span id=\"1537-1540-p1527-pl\">rather<\/span><span id=\"1537-p1527-pl\">\u00a0<\/span><span id=\"1537-1545-p1527-pl\">than<\/span><span id=\"p1527-pl\">\u00a0<\/span><span id=\"1725-1726-p1527-pl\">continuities<\/span><span id=\"p1527-pl\">, by\u00a0<\/span><span id=\"1727-1728-p1527-pl\">outbursts<\/span><span id=\"p1527-pl\">,\u00a0<\/span><span id=\"1538-1541-p1527-pl\">rather<\/span><span id=\"1538-p1527-pl\">\u00a0<\/span><span id=\"1538-1546-p1527-pl\">than<\/span><span id=\"p1527-pl\">\u00a0<\/span><span id=\"1729-p1527-pl\">restorations<\/span><span id=\"p1527-pl\">, by the\u00a0<\/span><span id=\"1730-1731-p1527-pl\">blending<\/span><span id=\"p1527-pl\">\u00a0of disassembled bodies and\u00a0<\/span><span id=\"1732-1733-p1527-pl\">gender<\/span><span id=\"p1525\">(s)<\/span><span id=\"p1527-pl\">\u00a0<\/span><span id=\"1539-1542-p1527-pl\">rather<\/span><span id=\"1539-p1527-pl\">\u00a0<\/span><span id=\"1539-1547-p1527-pl\">than<\/span><span id=\"p1527-pl\">\u00a0<\/span><span id=\"1556-p1527-pl\">full<\/span><span id=\"p1527-pl\">\u00a0identities, by the\u00a0<\/span><span id=\"1734-p1527-pl\">breaking<\/span><span id=\"p1527-pl\">\u00a0up of\u00a0<\/span><span id=\"1562-1735-p1527-pl\">kinships<\/span><span id=\"p1527-pl\">\u00a0<\/span><span id=\"1543-p1527-pl\">rather<\/span><span id=\"p1527-pl\">\u00a0<\/span><span id=\"1548-p1527-pl\">than<\/span><span id=\"p1527-pl\">\u00a0direct\u00a0<\/span><span id=\"1563-p1527-pl\">lineages<\/span><span id=\"p1527-pl\">, by broken\u00a0<\/span><span id=\"1550-p1527-pl\">knowledge<\/span><span id=\"p1527-pl\">\u00a0<\/span><span id=\"1544-p1527-pl\">rather<\/span><span id=\"p1527-pl\">\u00a0<\/span><span id=\"1549-p1527-pl\">than<\/span><span id=\"p1527-pl\">\u00a0the unitary synthesis of comprehensive\u00a0<\/span><span id=\"1551-p1527-pl\">knowledge<\/span><span id=\"p1527-pl\">.<\/span><\/span><span id=\"p1528\">\u00a0<span id=\"1531\" class=\"s-rg-t\">Robar<\/span>\u00a0la\u00a0<span id=\"1532\" class=\"s-rg-t\">historia<\/span>.<\/span><span id=\"p1529\"><span id=\"p1529-pl\">\u00a0<\/span><span id=\"1533-1736-p1529-pl\" class=\"s-rg-t\">Contrarrelatos<\/span><span id=\"1736-p1529-pl\">\u00a0y<\/span><span id=\"p1529-pl\">\u00a0<\/span><span id=\"1534-p1529-pl\" class=\"s-rg-t\">pr\u00e1cticas<\/span><span id=\"p1529-pl\">\u00a0<\/span><span id=\"1535-p1529-pl\" class=\"s-rg-t\">art\u00edsticas<\/span><span id=\"p1529-pl\">\u00a0de\u00a0<\/span><span id=\"1536-p1529-pl\" class=\"s-rg-t\">oposici\u00f3n<\/span><span id=\"p1529-pl\">\u00a0<\/span><span id=\"p1523\">(Stealing history.<\/span><span id=\"p1524\">\u00a0Counternarratives and\u00a0<span id=\"1561\">oppositional<\/span>\u00a0<span id=\"1554\">artistic<\/span>\u00a0practices)<\/span><span id=\"p1529-pl\">\u00a0<\/span><span id=\"1558-1772-1773-p1529-pl\">have<\/span><span id=\"p1529-pl\">\u00a0as their\u00a0<\/span><span id=\"1737-1738-p1529-pl\">horizon<\/span><span id=\"p1529-pl\">\u00a0the social and cultural mutations that have\u00a0<\/span><span id=\"1774-1775-p1529-pl\">led<\/span><span id=\"p1529-pl\">\u00a0the\u00a0<\/span><span id=\"1739-1740-p1529-pl\">technologies<\/span><span id=\"p1529-pl\">\u00a0of\u00a0<\/span><span id=\"1741-1742-p1529-pl\">creation<\/span><span id=\"p1529-pl\">\u00a0to experiment with\u00a0<\/span><span id=\"1557-p1529-pl\">new<\/span><span id=\"p1529-pl\">\u00a0ways of\u00a0<\/span><span id=\"1776-1777-p1529-pl\">making<\/span><span id=\"p1529-pl\">\u00a0and thinking about\u00a0<\/span><span id=\"1743-1744-p1529-pl\">art<\/span><span id=\"p1529-pl\">\u00a0that\u00a0<\/span><span id=\"1778-1779-p1529-pl\">mix<\/span><span id=\"p1529-pl\">\u00a0the expressive power of\u00a0<\/span><span id=\"1745-1746-p1529-pl\">forms<\/span><span id=\"p1529-pl\">\u00a0and\u00a0<\/span><span id=\"1747-1748-p1529-pl\">concepts<\/span><span id=\"p1529-pl\">\u00a0with the\u00a0<\/span><span id=\"1749-1750-p1529-pl\">demands<\/span><span id=\"p1529-pl\">\u00a0of\u00a0<\/span><span id=\"1751-1752-p1529-pl\">citizens<\/span><span id=\"p1529-pl\">\u00a0and community claims, civil movements, the\u00a0<\/span><span id=\"1753-1754-p1529-pl\">struggles<\/span><span id=\"p1529-pl\">\u00a0of\u00a0<\/span><span id=\"1755-1756-p1529-pl\">desires<\/span><span id=\"p1529-pl\">\u00a0that are\u00a0<\/span><span id=\"1780-p1529-pl\">transmitted<\/span><span id=\"p1529-pl\">\u00a0to\u00a0<\/span><span id=\"1757-1758-p1529-pl\">multitudes<\/span><span id=\"p1529-pl\">\u00a0in\u00a0<\/span><span id=\"1759-1760-p1529-pl\">action<\/span><span id=\"p1529-pl\">.<\/span><\/span><span id=\"p1530\"><span id=\"p1530-pl\">\u00a0By transgressing the\u00a0<\/span><span id=\"1761-1762-p1530-pl\">rites<\/span><span id=\"p1530-pl\">\u00a0of\u00a0<\/span><span id=\"1763-p1530-pl\">institutionalization<\/span><span id=\"p1530-pl\">\u00a0of academic knowledge, this\u00a0<\/span><span id=\"1764-1765-p1530-pl\">book<\/span><span id=\"p1530-pl\">\u00a0on\u00a0<\/span><span id=\"1766-1767-p1530-pl\">art<\/span><span id=\"p1530-pl\">\u00a0<\/span><span id=\"p1522\">(a\u00a0<span id=\"1711-1712\">book<\/span>\u00a0of disciplinary transfers that also speaks of coloniality,\u00a0<span id=\"1713-1714\">sexuality<\/span>\u00a0and patriarchy,\u00a0<span id=\"1715-1716\">capitalism<\/span>,\u00a0<span id=\"1717-1718\">violence<\/span>\u00a0and\u00a0<span id=\"1560\">post-dictatorial<\/span>\u00a0memories, transnational globalization, social movements, and the\u00a0<span id=\"1553\">public<\/span>\u00a0sphere)<\/span><span id=\"p1530-pl\">\u00a0contributes not\u00a0<\/span><span id=\"1559-p1530-pl\">only<\/span><span id=\"p1530-pl\">\u00a0to\u00a0<\/span><span id=\"1781-1782-p1530-pl\">undermining<\/span><span id=\"p1530-pl\">\u00a0oppressive discourses but also to reconfiguring critical subjectivities that\u00a0<\/span><span id=\"1783-1784-p1530-pl\">manage<\/span><span id=\"p1530-pl\">\u00a0to\u00a0<\/span><span id=\"1785-1786-p1530-pl\">escape<\/span><span id=\"p1530-pl\">\u00a0from neoliberal harassment by resorting to the\u00a0<\/span><span id=\"1564-p1530-pl\">artifices<\/span><span id=\"p1530-pl\">\u00a0and overflows of radical imagination.<\/span><\/span><\/p>\n","protected":false},"excerpt":{"rendered":"<p>Title: Robar la historia: Contrarrelatos y pr\u00e1cticas art\u00edsticas de la oposici\u00f3n<br \/>\nPublisher: Metales pesados.<br \/>\nAuthor: Miguel A.Lopez.<br \/>\nYear of publication: 2017.<br \/>\nNumber of pages: 261.<br \/>\nISBN: 9789569843303.<\/p>\n","protected":false},"featured_media":3208,"template":"","meta":{"_acf_changed":false,"site-sidebar-layout":"default","site-content-layout":"default","ast-site-content-layout":"default","site-content-style":"default","site-sidebar-style":"default","ast-global-header-display":"","ast-banner-title-visibility":"","ast-main-header-display":"","ast-hfb-above-header-display":"","ast-hfb-below-header-display":"","ast-hfb-mobile-header-display":"","site-post-title":"","ast-breadcrumbs-content":"","ast-featured-img":"","footer-sml-layout":"","ast-disable-related-posts":"","theme-transparent-header-meta":"default","adv-header-id-meta":"","stick-header-meta":"","header-above-stick-meta":"","header-main-stick-meta":"","header-below-stick-meta":"","astra-migrate-meta-layouts":"default","ast-page-background-enabled":"default","ast-page-background-meta":{"desktop":{"background-color":"","background-image":"","background-repeat":"repeat","background-position":"center center","background-size":"auto","background-attachment":"scroll","background-type":"","background-media":"","overlay-type":"","overlay-color":"","overlay-opacity":"","overlay-gradient":""},"tablet":{"background-color":"","background-image":"","background-repeat":"repeat","background-position":"center center","background-size":"auto","background-attachment":"scroll","background-type":"","background-media":"","overlay-type":"","overlay-color":"","overlay-opacity":"","overlay-gradient":""},"mobile":{"background-color":"","background-image":"","background-repeat":"repeat","background-position":"center center","background-size":"auto","background-attachment":"scroll","background-type":"","background-media":"","overlay-type":"","overlay-color":"","overlay-opacity":"","overlay-gradient":""}},"ast-content-background-meta":{"desktop":{"background-color":"var(--ast-global-color-5)","background-image":"","background-repeat":"repeat","background-position":"center center","background-size":"auto","background-attachment":"scroll","background-type":"","background-media":"","overlay-type":"","overlay-color":"","overlay-opacity":"","overlay-gradient":""},"tablet":{"background-color":"var(--ast-global-color-5)","background-image":"","background-repeat":"repeat","background-position":"center center","background-size":"auto","background-attachment":"scroll","background-type":"","background-media":"","overlay-type":"","overlay-color":"","overlay-opacity":"","overlay-gradient":""},"mobile":{"background-color":"var(--ast-global-color-5)","background-image":"","background-repeat":"repeat","background-position":"center center","background-size":"auto","background-attachment":"scroll","background-type":"","background-media":"","overlay-type":"","overlay-color":"","overlay-opacity":"","overlay-gradient":""}}},"product_brand":[],"product_cat":[91],"product_tag":[130],"class_list":{"0":"post-3302","1":"product","2":"type-product","3":"status-publish","4":"has-post-thumbnail","6":"product_cat-estetica-en","7":"product_tag-metales-pesados-en","8":"desktop-align-left","9":"tablet-align-left","10":"mobile-align-left","12":"first","13":"outofstock","14":"shipping-taxable","15":"purchasable","16":"product-type-simple"},"acf":[],"yoast_head":"<!-- This site is optimized with the Yoast SEO plugin v27.3 - https:\/\/yoast.com\/product\/yoast-seo-wordpress\/ -->\n<title>Robar la historia: Contrarrelatos y pr\u00e1cticas art\u00edsticas de la oposici\u00f3n (Stealing history: Counternarratives and oppositional artistic practices) - ArtsLibris<\/title>\n<meta name=\"description\" content=\"&quot;Bookshop ArtsLibris - Miguel A. Lopez - Robar la historia&quot;\" \/>\n<meta name=\"robots\" content=\"index, follow, max-snippet:-1, max-image-preview:large, max-video-preview:-1\" \/>\n<link rel=\"canonical\" href=\"https:\/\/artslibris.cat\/en\/tienda\/estetica-en\/robar-la-historia-contrarrelatos-y-practicas-artisticas-de-la-oposicion\/\" \/>\n<meta property=\"og:locale\" content=\"en_US\" \/>\n<meta property=\"og:type\" content=\"article\" \/>\n<meta property=\"og:title\" content=\"Robar la historia: Contrarrelatos y pr\u00e1cticas art\u00edsticas de la oposici\u00f3n (Stealing history: Counternarratives and oppositional artistic practices) - ArtsLibris\" \/>\n<meta property=\"og:description\" content=\"&quot;Bookshop ArtsLibris - Miguel A. Lopez - Robar la historia&quot;\" \/>\n<meta property=\"og:url\" content=\"https:\/\/artslibris.cat\/en\/tienda\/estetica-en\/robar-la-historia-contrarrelatos-y-practicas-artisticas-de-la-oposicion\/\" \/>\n<meta property=\"og:site_name\" content=\"ArtsLibris\" \/>\n<meta property=\"article:publisher\" content=\"https:\/\/www.facebook.com\/artslibris\/\" \/>\n<meta property=\"article:modified_time\" content=\"2021-09-15T15:59:32+00:00\" \/>\n<meta property=\"og:image\" content=\"https:\/\/artslibris.cat\/wp-content\/uploads\/2020\/10\/ArtsLibris-Metales-pesados-Robar-la-historia.jpg\" \/>\n\t<meta property=\"og:image:width\" content=\"340\" \/>\n\t<meta property=\"og:image:height\" content=\"500\" \/>\n\t<meta property=\"og:image:type\" content=\"image\/jpeg\" \/>\n<meta name=\"twitter:card\" content=\"summary_large_image\" \/>\n<meta name=\"twitter:site\" content=\"@ArtsLibris\" \/>\n<meta name=\"twitter:label1\" content=\"Est. reading time\" \/>\n\t<meta name=\"twitter:data1\" content=\"1 minute\" \/>\n<script type=\"application\/ld+json\" class=\"yoast-schema-graph\">{\"@context\":\"https:\\\/\\\/schema.org\",\"@graph\":[{\"@type\":\"WebPage\",\"@id\":\"https:\\\/\\\/artslibris.cat\\\/en\\\/tienda\\\/estetica-en\\\/robar-la-historia-contrarrelatos-y-practicas-artisticas-de-la-oposicion\\\/\",\"url\":\"https:\\\/\\\/artslibris.cat\\\/en\\\/tienda\\\/estetica-en\\\/robar-la-historia-contrarrelatos-y-practicas-artisticas-de-la-oposicion\\\/\",\"name\":\"Robar la historia: Contrarrelatos y pr\u00e1cticas art\u00edsticas de la oposici\u00f3n (Stealing history: Counternarratives and oppositional artistic practices) - ArtsLibris\",\"isPartOf\":{\"@id\":\"https:\\\/\\\/artslibris.cat\\\/en\\\/#website\"},\"primaryImageOfPage\":{\"@id\":\"https:\\\/\\\/artslibris.cat\\\/en\\\/tienda\\\/estetica-en\\\/robar-la-historia-contrarrelatos-y-practicas-artisticas-de-la-oposicion\\\/#primaryimage\"},\"image\":{\"@id\":\"https:\\\/\\\/artslibris.cat\\\/en\\\/tienda\\\/estetica-en\\\/robar-la-historia-contrarrelatos-y-practicas-artisticas-de-la-oposicion\\\/#primaryimage\"},\"thumbnailUrl\":\"https:\\\/\\\/artslibris.cat\\\/wp-content\\\/uploads\\\/2020\\\/10\\\/ArtsLibris-Metales-pesados-Robar-la-historia.jpg\",\"datePublished\":\"2020-11-10T16:17:54+00:00\",\"dateModified\":\"2021-09-15T15:59:32+00:00\",\"description\":\"\\\"Bookshop ArtsLibris - Miguel A. Lopez - Robar la historia\\\"\",\"breadcrumb\":{\"@id\":\"https:\\\/\\\/artslibris.cat\\\/en\\\/tienda\\\/estetica-en\\\/robar-la-historia-contrarrelatos-y-practicas-artisticas-de-la-oposicion\\\/#breadcrumb\"},\"inLanguage\":\"en-US\",\"potentialAction\":[{\"@type\":\"ReadAction\",\"target\":[\"https:\\\/\\\/artslibris.cat\\\/en\\\/tienda\\\/estetica-en\\\/robar-la-historia-contrarrelatos-y-practicas-artisticas-de-la-oposicion\\\/\"]}]},{\"@type\":\"ImageObject\",\"inLanguage\":\"en-US\",\"@id\":\"https:\\\/\\\/artslibris.cat\\\/en\\\/tienda\\\/estetica-en\\\/robar-la-historia-contrarrelatos-y-practicas-artisticas-de-la-oposicion\\\/#primaryimage\",\"url\":\"https:\\\/\\\/artslibris.cat\\\/wp-content\\\/uploads\\\/2020\\\/10\\\/ArtsLibris-Metales-pesados-Robar-la-historia.jpg\",\"contentUrl\":\"https:\\\/\\\/artslibris.cat\\\/wp-content\\\/uploads\\\/2020\\\/10\\\/ArtsLibris-Metales-pesados-Robar-la-historia.jpg\",\"width\":340,\"height\":500},{\"@type\":\"BreadcrumbList\",\"@id\":\"https:\\\/\\\/artslibris.cat\\\/en\\\/tienda\\\/estetica-en\\\/robar-la-historia-contrarrelatos-y-practicas-artisticas-de-la-oposicion\\\/#breadcrumb\",\"itemListElement\":[{\"@type\":\"ListItem\",\"position\":1,\"name\":\"Portada\",\"item\":\"https:\\\/\\\/artslibris.cat\\\/en\\\/\"},{\"@type\":\"ListItem\",\"position\":2,\"name\":\"Shop\",\"item\":\"https:\\\/\\\/artslibris.cat\\\/en\\\/shop\\\/\"},{\"@type\":\"ListItem\",\"position\":3,\"name\":\"Robar la historia: Contrarrelatos y pr\u00e1cticas art\u00edsticas de la oposici\u00f3n (Stealing history: Counternarratives and oppositional artistic practices)\"}]},{\"@type\":\"WebSite\",\"@id\":\"https:\\\/\\\/artslibris.cat\\\/en\\\/#website\",\"url\":\"https:\\\/\\\/artslibris.cat\\\/en\\\/\",\"name\":\"ArtsLibris\",\"description\":\"\",\"publisher\":{\"@id\":\"https:\\\/\\\/artslibris.cat\\\/en\\\/#organization\"},\"potentialAction\":[{\"@type\":\"SearchAction\",\"target\":{\"@type\":\"EntryPoint\",\"urlTemplate\":\"https:\\\/\\\/artslibris.cat\\\/en\\\/?s={search_term_string}\"},\"query-input\":{\"@type\":\"PropertyValueSpecification\",\"valueRequired\":true,\"valueName\":\"search_term_string\"}}],\"inLanguage\":\"en-US\"},{\"@type\":\"Organization\",\"@id\":\"https:\\\/\\\/artslibris.cat\\\/en\\\/#organization\",\"name\":\"ArtsLibris\",\"url\":\"https:\\\/\\\/artslibris.cat\\\/en\\\/\",\"logo\":{\"@type\":\"ImageObject\",\"inLanguage\":\"en-US\",\"@id\":\"https:\\\/\\\/artslibris.cat\\\/en\\\/#\\\/schema\\\/logo\\\/image\\\/\",\"url\":\"https:\\\/\\\/artslibris.cat\\\/wp-content\\\/uploads\\\/2020\\\/05\\\/ArtsLibris-logo-black.svg\",\"contentUrl\":\"https:\\\/\\\/artslibris.cat\\\/wp-content\\\/uploads\\\/2020\\\/05\\\/ArtsLibris-logo-black.svg\",\"width\":521,\"height\":85,\"caption\":\"ArtsLibris\"},\"image\":{\"@id\":\"https:\\\/\\\/artslibris.cat\\\/en\\\/#\\\/schema\\\/logo\\\/image\\\/\"},\"sameAs\":[\"https:\\\/\\\/www.facebook.com\\\/artslibris\\\/\",\"https:\\\/\\\/x.com\\\/ArtsLibris\",\"https:\\\/\\\/www.instagram.com\\\/artslibris\\\/\"]}]}<\/script>\n<!-- \/ Yoast SEO plugin. -->","yoast_head_json":{"title":"Robar la historia: Contrarrelatos y pr\u00e1cticas art\u00edsticas de la oposici\u00f3n (Stealing history: Counternarratives and oppositional artistic practices) - ArtsLibris","description":"\"Bookshop ArtsLibris - Miguel A. Lopez - Robar la historia\"","robots":{"index":"index","follow":"follow","max-snippet":"max-snippet:-1","max-image-preview":"max-image-preview:large","max-video-preview":"max-video-preview:-1"},"canonical":"https:\/\/artslibris.cat\/en\/tienda\/estetica-en\/robar-la-historia-contrarrelatos-y-practicas-artisticas-de-la-oposicion\/","og_locale":"en_US","og_type":"article","og_title":"Robar la historia: Contrarrelatos y pr\u00e1cticas art\u00edsticas de la oposici\u00f3n (Stealing history: Counternarratives and oppositional artistic practices) - ArtsLibris","og_description":"\"Bookshop ArtsLibris - Miguel A. Lopez - Robar la historia\"","og_url":"https:\/\/artslibris.cat\/en\/tienda\/estetica-en\/robar-la-historia-contrarrelatos-y-practicas-artisticas-de-la-oposicion\/","og_site_name":"ArtsLibris","article_publisher":"https:\/\/www.facebook.com\/artslibris\/","article_modified_time":"2021-09-15T15:59:32+00:00","og_image":[{"width":340,"height":500,"url":"https:\/\/artslibris.cat\/wp-content\/uploads\/2020\/10\/ArtsLibris-Metales-pesados-Robar-la-historia.jpg","type":"image\/jpeg"}],"twitter_card":"summary_large_image","twitter_site":"@ArtsLibris","twitter_misc":{"Est. reading time":"1 minute"},"schema":{"@context":"https:\/\/schema.org","@graph":[{"@type":"WebPage","@id":"https:\/\/artslibris.cat\/en\/tienda\/estetica-en\/robar-la-historia-contrarrelatos-y-practicas-artisticas-de-la-oposicion\/","url":"https:\/\/artslibris.cat\/en\/tienda\/estetica-en\/robar-la-historia-contrarrelatos-y-practicas-artisticas-de-la-oposicion\/","name":"Robar la historia: Contrarrelatos y pr\u00e1cticas art\u00edsticas de la oposici\u00f3n (Stealing history: Counternarratives and oppositional artistic practices) - ArtsLibris","isPartOf":{"@id":"https:\/\/artslibris.cat\/en\/#website"},"primaryImageOfPage":{"@id":"https:\/\/artslibris.cat\/en\/tienda\/estetica-en\/robar-la-historia-contrarrelatos-y-practicas-artisticas-de-la-oposicion\/#primaryimage"},"image":{"@id":"https:\/\/artslibris.cat\/en\/tienda\/estetica-en\/robar-la-historia-contrarrelatos-y-practicas-artisticas-de-la-oposicion\/#primaryimage"},"thumbnailUrl":"https:\/\/artslibris.cat\/wp-content\/uploads\/2020\/10\/ArtsLibris-Metales-pesados-Robar-la-historia.jpg","datePublished":"2020-11-10T16:17:54+00:00","dateModified":"2021-09-15T15:59:32+00:00","description":"\"Bookshop ArtsLibris - Miguel A. Lopez - Robar la historia\"","breadcrumb":{"@id":"https:\/\/artslibris.cat\/en\/tienda\/estetica-en\/robar-la-historia-contrarrelatos-y-practicas-artisticas-de-la-oposicion\/#breadcrumb"},"inLanguage":"en-US","potentialAction":[{"@type":"ReadAction","target":["https:\/\/artslibris.cat\/en\/tienda\/estetica-en\/robar-la-historia-contrarrelatos-y-practicas-artisticas-de-la-oposicion\/"]}]},{"@type":"ImageObject","inLanguage":"en-US","@id":"https:\/\/artslibris.cat\/en\/tienda\/estetica-en\/robar-la-historia-contrarrelatos-y-practicas-artisticas-de-la-oposicion\/#primaryimage","url":"https:\/\/artslibris.cat\/wp-content\/uploads\/2020\/10\/ArtsLibris-Metales-pesados-Robar-la-historia.jpg","contentUrl":"https:\/\/artslibris.cat\/wp-content\/uploads\/2020\/10\/ArtsLibris-Metales-pesados-Robar-la-historia.jpg","width":340,"height":500},{"@type":"BreadcrumbList","@id":"https:\/\/artslibris.cat\/en\/tienda\/estetica-en\/robar-la-historia-contrarrelatos-y-practicas-artisticas-de-la-oposicion\/#breadcrumb","itemListElement":[{"@type":"ListItem","position":1,"name":"Portada","item":"https:\/\/artslibris.cat\/en\/"},{"@type":"ListItem","position":2,"name":"Shop","item":"https:\/\/artslibris.cat\/en\/shop\/"},{"@type":"ListItem","position":3,"name":"Robar la historia: Contrarrelatos y pr\u00e1cticas art\u00edsticas de la oposici\u00f3n (Stealing history: Counternarratives and oppositional artistic practices)"}]},{"@type":"WebSite","@id":"https:\/\/artslibris.cat\/en\/#website","url":"https:\/\/artslibris.cat\/en\/","name":"ArtsLibris","description":"","publisher":{"@id":"https:\/\/artslibris.cat\/en\/#organization"},"potentialAction":[{"@type":"SearchAction","target":{"@type":"EntryPoint","urlTemplate":"https:\/\/artslibris.cat\/en\/?s={search_term_string}"},"query-input":{"@type":"PropertyValueSpecification","valueRequired":true,"valueName":"search_term_string"}}],"inLanguage":"en-US"},{"@type":"Organization","@id":"https:\/\/artslibris.cat\/en\/#organization","name":"ArtsLibris","url":"https:\/\/artslibris.cat\/en\/","logo":{"@type":"ImageObject","inLanguage":"en-US","@id":"https:\/\/artslibris.cat\/en\/#\/schema\/logo\/image\/","url":"https:\/\/artslibris.cat\/wp-content\/uploads\/2020\/05\/ArtsLibris-logo-black.svg","contentUrl":"https:\/\/artslibris.cat\/wp-content\/uploads\/2020\/05\/ArtsLibris-logo-black.svg","width":521,"height":85,"caption":"ArtsLibris"},"image":{"@id":"https:\/\/artslibris.cat\/en\/#\/schema\/logo\/image\/"},"sameAs":["https:\/\/www.facebook.com\/artslibris\/","https:\/\/x.com\/ArtsLibris","https:\/\/www.instagram.com\/artslibris\/"]}]}},"_links":{"self":[{"href":"https:\/\/artslibris.cat\/en\/wp-json\/wp\/v2\/product\/3302","targetHints":{"allow":["GET"]}}],"collection":[{"href":"https:\/\/artslibris.cat\/en\/wp-json\/wp\/v2\/product"}],"about":[{"href":"https:\/\/artslibris.cat\/en\/wp-json\/wp\/v2\/types\/product"}],"wp:featuredmedia":[{"embeddable":true,"href":"https:\/\/artslibris.cat\/en\/wp-json\/wp\/v2\/media\/3208"}],"wp:attachment":[{"href":"https:\/\/artslibris.cat\/en\/wp-json\/wp\/v2\/media?parent=3302"}],"wp:term":[{"taxonomy":"product_brand","embeddable":true,"href":"https:\/\/artslibris.cat\/en\/wp-json\/wp\/v2\/product_brand?post=3302"},{"taxonomy":"product_cat","embeddable":true,"href":"https:\/\/artslibris.cat\/en\/wp-json\/wp\/v2\/product_cat?post=3302"},{"taxonomy":"product_tag","embeddable":true,"href":"https:\/\/artslibris.cat\/en\/wp-json\/wp\/v2\/product_tag?post=3302"}],"curies":[{"name":"wp","href":"https:\/\/api.w.org\/{rel}","templated":true}]}}