{"id":32919,"date":"2026-02-12T10:09:55","date_gmt":"2026-02-12T10:09:55","guid":{"rendered":"https:\/\/artslibris.cat\/?post_type=product&#038;p=32919"},"modified":"2026-02-12T10:09:56","modified_gmt":"2026-02-12T10:09:56","slug":"palabra-de-artista","status":"publish","type":"product","link":"https:\/\/artslibris.cat\/en\/tienda\/arte-contemporaneo\/palabra-de-artista\/","title":{"rendered":"Palabra de artista"},"content":{"rendered":"<p><strong><em>Palabras de artista. 30 entrevistas con artistas espa\u00f1oles<\/em><\/strong>. Todas las entrevistas que Rosa Olivares ha hecho con artistas espa\u00f1oles recopiladas, por primera vez en dos vol\u00famenes. Conversaciones durante 30 a\u00f1os con los artistas que han construido el arte contempor\u00e1neo en Espa\u00f1a. Cada entrevista va precedida de un breve texto en el que se sit\u00faa personal e hist\u00f3ricamente el momento de la entrevista, la importancia del artista en aquella fecha, las razones y las relaciones con cada uno de ellos.<\/p>\n<p>Pintores, fot\u00f3grafos, escultores, nombres hist\u00f3ricos y de proyecci\u00f3n internacional, algunos posiblemente casi olvidados, todos y cada uno de ellos hablan de arte, de experiencia, de vida, de conocimiento y de nuestra propia historia. Un libro imprescindible para escuchar a los propios artistas. <em>Palabra de artista. 30 entrevistas con artistas espa\u00f1oles<\/em> es un homenaje al arte espa\u00f1ol y a los artistas espa\u00f1oles que han conseguido llevar adelante nuestro arte, que han construido el presente del arte espa\u00f1ol.<\/p>\n<p><strong>Artistas incluidos:<\/strong><\/p>\n<p>(Volumen I)\u00a0Sergi Aguilar, Eug\u00e8nia Balcells, Arcadio Blasco, Carmen Calvo, Eugenio Cano, Daniel Canogar, Rafael Canogar, Mart\u00edn Chirino, Nacho Criado, Esther Ferrer, Alberto Garc\u00eda-Alix, Cristina Garc\u00eda Rodero, Luis Gordillo.<\/p>\n<p>(Volumen II) Antonio L\u00f3pez, Rogelio L\u00f3pez Cuenca, Juan Luis Moraza, Antoni Muntadas, Perejaume, Guillermo P\u00e9rez Villalta, Jaume Plensa, Fernando Sinaga, Susana Solano, Antoni T\u00e0pies, Jordi Teixidor, Francesc Torres, Juan Ugalde, Isidoro Valc\u00e1rcel Medina.<\/p>\n","protected":false},"excerpt":{"rendered":"<p>T\u00edtulo: Palabra de artista<\/p>\n<p>Editorial: Exit Media<\/p>\n<p>Autora: Rosa Olivares<\/p>\n<p>A\u00f1o de publicaci\u00f3n: 2012<\/p>\n<p>Tama\u00f1o: 15 x 21 cm<\/p>\n<p>ISBN: 9788494058509<\/p>\n","protected":false},"featured_media":32920,"template":"","meta":{"_acf_changed":false,"site-sidebar-layout":"default","site-content-layout":"","ast-site-content-layout":"default","site-content-style":"default","site-sidebar-style":"default","ast-global-header-display":"","ast-banner-title-visibility":"","ast-main-header-display":"","ast-hfb-above-header-display":"","ast-hfb-below-header-display":"","ast-hfb-mobile-header-display":"","site-post-title":"","ast-breadcrumbs-content":"","ast-featured-img":"","footer-sml-layout":"","ast-disable-related-posts":"","theme-transparent-header-meta":"default","adv-header-id-meta":"","stick-header-meta":"","header-above-stick-meta":"","header-main-stick-meta":"","header-below-stick-meta":"","astra-migrate-meta-layouts":"set","ast-page-background-enabled":"default","ast-page-background-meta":{"desktop":{"background-color":"","background-image":"","background-repeat":"repeat","background-position":"center center","background-size":"auto","background-attachment":"scroll","background-type":"","background-media":"","overlay-type":"","overlay-color":"","overlay-opacity":"","overlay-gradient":""},"tablet":{"background-color":"","background-image":"","background-repeat":"repeat","background-position":"center center","background-size":"auto","background-attachment":"scroll","background-type":"","background-media":"","overlay-type":"","overlay-color":"","overlay-opacity":"","overlay-gradient":""},"mobile":{"background-color":"","background-image":"","background-repeat":"repeat","background-position":"center center","background-size":"auto","background-attachment":"scroll","background-type":"","background-media":"","overlay-type":"","overlay-color":"","overlay-opacity":"","overlay-gradient":""}},"ast-content-background-meta":{"desktop":{"background-color":"var(--ast-global-color-5)","background-image":"","background-repeat":"repeat","background-position":"center center","background-size":"auto","background-attachment":"scroll","background-type":"","background-media":"","overlay-type":"","overlay-color":"","overlay-opacity":"","overlay-gradient":""},"tablet":{"background-color":"var(--ast-global-color-5)","background-image":"","background-repeat":"repeat","background-position":"center center","background-size":"auto","background-attachment":"scroll","background-type":"","background-media":"","overlay-type":"","overlay-color":"","overlay-opacity":"","overlay-gradient":""},"mobile":{"background-color":"var(--ast-global-color-5)","background-image":"","background-repeat":"repeat","background-position":"center center","background-size":"auto","background-attachment":"scroll","background-type":"","background-media":"","overlay-type":"","overlay-color":"","overlay-opacity":"","overlay-gradient":""}}},"product_brand":[],"product_cat":[521],"product_tag":[522],"class_list":{"0":"post-32919","1":"product","2":"type-product","3":"status-publish","4":"has-post-thumbnail","6":"product_cat-arte-contemporaneo","7":"product_tag-exit-media","8":"desktop-align-left","9":"tablet-align-left","10":"mobile-align-left","12":"first","13":"instock","14":"taxable","15":"shipping-taxable","16":"purchasable","17":"product-type-simple"},"acf":[],"yoast_head":"<!-- This site is optimized with the Yoast SEO plugin v27.3 - https:\/\/yoast.com\/product\/yoast-seo-wordpress\/ -->\n<title>Palabra de artista - ArtsLibris<\/title>\n<meta name=\"robots\" content=\"index, follow, max-snippet:-1, max-image-preview:large, max-video-preview:-1\" \/>\n<link rel=\"canonical\" href=\"https:\/\/artslibris.cat\/en\/tienda\/arte-contemporaneo\/palabra-de-artista\/\" \/>\n<meta property=\"og:locale\" content=\"en_US\" \/>\n<meta property=\"og:type\" content=\"article\" \/>\n<meta property=\"og:title\" content=\"Palabra de artista - ArtsLibris\" \/>\n<meta property=\"og:description\" content=\"T\u00edtulo: Palabra de artista  Editorial: Exit Media  Autora: Rosa Olivares  A\u00f1o de publicaci\u00f3n: 2012  Tama\u00f1o: 15 x 21 cm  ISBN: 9788494058509\" \/>\n<meta property=\"og:url\" content=\"https:\/\/artslibris.cat\/en\/tienda\/arte-contemporaneo\/palabra-de-artista\/\" \/>\n<meta property=\"og:site_name\" content=\"ArtsLibris\" \/>\n<meta property=\"article:publisher\" content=\"https:\/\/www.facebook.com\/artslibris\/\" \/>\n<meta property=\"article:modified_time\" content=\"2026-02-12T10:09:56+00:00\" \/>\n<meta property=\"og:image\" content=\"https:\/\/artslibris.cat\/wp-content\/uploads\/2026\/02\/149-Palabra-de-artista.webp\" \/>\n\t<meta property=\"og:image:width\" content=\"1146\" \/>\n\t<meta property=\"og:image:height\" content=\"1600\" \/>\n\t<meta property=\"og:image:type\" content=\"image\/webp\" \/>\n<meta name=\"twitter:card\" content=\"summary_large_image\" \/>\n<meta name=\"twitter:site\" content=\"@ArtsLibris\" \/>\n<meta name=\"twitter:label1\" content=\"Est. reading time\" \/>\n\t<meta name=\"twitter:data1\" content=\"2 minutes\" \/>\n<script type=\"application\/ld+json\" class=\"yoast-schema-graph\">{\"@context\":\"https:\\\/\\\/schema.org\",\"@graph\":[{\"@type\":\"WebPage\",\"@id\":\"https:\\\/\\\/artslibris.cat\\\/en\\\/tienda\\\/arte-contemporaneo\\\/palabra-de-artista\\\/\",\"url\":\"https:\\\/\\\/artslibris.cat\\\/en\\\/tienda\\\/arte-contemporaneo\\\/palabra-de-artista\\\/\",\"name\":\"Palabra de artista - ArtsLibris\",\"isPartOf\":{\"@id\":\"https:\\\/\\\/artslibris.cat\\\/en\\\/#website\"},\"primaryImageOfPage\":{\"@id\":\"https:\\\/\\\/artslibris.cat\\\/en\\\/tienda\\\/arte-contemporaneo\\\/palabra-de-artista\\\/#primaryimage\"},\"image\":{\"@id\":\"https:\\\/\\\/artslibris.cat\\\/en\\\/tienda\\\/arte-contemporaneo\\\/palabra-de-artista\\\/#primaryimage\"},\"thumbnailUrl\":\"https:\\\/\\\/artslibris.cat\\\/wp-content\\\/uploads\\\/2026\\\/02\\\/149-Palabra-de-artista.webp\",\"datePublished\":\"2026-02-12T10:09:55+00:00\",\"dateModified\":\"2026-02-12T10:09:56+00:00\",\"breadcrumb\":{\"@id\":\"https:\\\/\\\/artslibris.cat\\\/en\\\/tienda\\\/arte-contemporaneo\\\/palabra-de-artista\\\/#breadcrumb\"},\"inLanguage\":\"en-US\",\"potentialAction\":[{\"@type\":\"ReadAction\",\"target\":[\"https:\\\/\\\/artslibris.cat\\\/en\\\/tienda\\\/arte-contemporaneo\\\/palabra-de-artista\\\/\"]}]},{\"@type\":\"ImageObject\",\"inLanguage\":\"en-US\",\"@id\":\"https:\\\/\\\/artslibris.cat\\\/en\\\/tienda\\\/arte-contemporaneo\\\/palabra-de-artista\\\/#primaryimage\",\"url\":\"https:\\\/\\\/artslibris.cat\\\/wp-content\\\/uploads\\\/2026\\\/02\\\/149-Palabra-de-artista.webp\",\"contentUrl\":\"https:\\\/\\\/artslibris.cat\\\/wp-content\\\/uploads\\\/2026\\\/02\\\/149-Palabra-de-artista.webp\",\"width\":1146,\"height\":1600},{\"@type\":\"BreadcrumbList\",\"@id\":\"https:\\\/\\\/artslibris.cat\\\/en\\\/tienda\\\/arte-contemporaneo\\\/palabra-de-artista\\\/#breadcrumb\",\"itemListElement\":[{\"@type\":\"ListItem\",\"position\":1,\"name\":\"Portada\",\"item\":\"https:\\\/\\\/artslibris.cat\\\/en\\\/\"},{\"@type\":\"ListItem\",\"position\":2,\"name\":\"Shop\",\"item\":\"https:\\\/\\\/artslibris.cat\\\/en\\\/shop\\\/\"},{\"@type\":\"ListItem\",\"position\":3,\"name\":\"Palabra de artista\"}]},{\"@type\":\"WebSite\",\"@id\":\"https:\\\/\\\/artslibris.cat\\\/en\\\/#website\",\"url\":\"https:\\\/\\\/artslibris.cat\\\/en\\\/\",\"name\":\"ArtsLibris\",\"description\":\"\",\"publisher\":{\"@id\":\"https:\\\/\\\/artslibris.cat\\\/en\\\/#organization\"},\"potentialAction\":[{\"@type\":\"SearchAction\",\"target\":{\"@type\":\"EntryPoint\",\"urlTemplate\":\"https:\\\/\\\/artslibris.cat\\\/en\\\/?s={search_term_string}\"},\"query-input\":{\"@type\":\"PropertyValueSpecification\",\"valueRequired\":true,\"valueName\":\"search_term_string\"}}],\"inLanguage\":\"en-US\"},{\"@type\":\"Organization\",\"@id\":\"https:\\\/\\\/artslibris.cat\\\/en\\\/#organization\",\"name\":\"ArtsLibris\",\"url\":\"https:\\\/\\\/artslibris.cat\\\/en\\\/\",\"logo\":{\"@type\":\"ImageObject\",\"inLanguage\":\"en-US\",\"@id\":\"https:\\\/\\\/artslibris.cat\\\/en\\\/#\\\/schema\\\/logo\\\/image\\\/\",\"url\":\"https:\\\/\\\/artslibris.cat\\\/wp-content\\\/uploads\\\/2020\\\/05\\\/ArtsLibris-logo-black.svg\",\"contentUrl\":\"https:\\\/\\\/artslibris.cat\\\/wp-content\\\/uploads\\\/2020\\\/05\\\/ArtsLibris-logo-black.svg\",\"width\":521,\"height\":85,\"caption\":\"ArtsLibris\"},\"image\":{\"@id\":\"https:\\\/\\\/artslibris.cat\\\/en\\\/#\\\/schema\\\/logo\\\/image\\\/\"},\"sameAs\":[\"https:\\\/\\\/www.facebook.com\\\/artslibris\\\/\",\"https:\\\/\\\/x.com\\\/ArtsLibris\",\"https:\\\/\\\/www.instagram.com\\\/artslibris\\\/\"]}]}<\/script>\n<!-- \/ Yoast SEO plugin. -->","yoast_head_json":{"title":"Palabra de artista - ArtsLibris","robots":{"index":"index","follow":"follow","max-snippet":"max-snippet:-1","max-image-preview":"max-image-preview:large","max-video-preview":"max-video-preview:-1"},"canonical":"https:\/\/artslibris.cat\/en\/tienda\/arte-contemporaneo\/palabra-de-artista\/","og_locale":"en_US","og_type":"article","og_title":"Palabra de artista - ArtsLibris","og_description":"T\u00edtulo: Palabra de artista  Editorial: Exit Media  Autora: Rosa Olivares  A\u00f1o de publicaci\u00f3n: 2012  Tama\u00f1o: 15 x 21 cm  ISBN: 9788494058509","og_url":"https:\/\/artslibris.cat\/en\/tienda\/arte-contemporaneo\/palabra-de-artista\/","og_site_name":"ArtsLibris","article_publisher":"https:\/\/www.facebook.com\/artslibris\/","article_modified_time":"2026-02-12T10:09:56+00:00","og_image":[{"width":1146,"height":1600,"url":"https:\/\/artslibris.cat\/wp-content\/uploads\/2026\/02\/149-Palabra-de-artista.webp","type":"image\/webp"}],"twitter_card":"summary_large_image","twitter_site":"@ArtsLibris","twitter_misc":{"Est. reading time":"2 minutes"},"schema":{"@context":"https:\/\/schema.org","@graph":[{"@type":"WebPage","@id":"https:\/\/artslibris.cat\/en\/tienda\/arte-contemporaneo\/palabra-de-artista\/","url":"https:\/\/artslibris.cat\/en\/tienda\/arte-contemporaneo\/palabra-de-artista\/","name":"Palabra de artista - ArtsLibris","isPartOf":{"@id":"https:\/\/artslibris.cat\/en\/#website"},"primaryImageOfPage":{"@id":"https:\/\/artslibris.cat\/en\/tienda\/arte-contemporaneo\/palabra-de-artista\/#primaryimage"},"image":{"@id":"https:\/\/artslibris.cat\/en\/tienda\/arte-contemporaneo\/palabra-de-artista\/#primaryimage"},"thumbnailUrl":"https:\/\/artslibris.cat\/wp-content\/uploads\/2026\/02\/149-Palabra-de-artista.webp","datePublished":"2026-02-12T10:09:55+00:00","dateModified":"2026-02-12T10:09:56+00:00","breadcrumb":{"@id":"https:\/\/artslibris.cat\/en\/tienda\/arte-contemporaneo\/palabra-de-artista\/#breadcrumb"},"inLanguage":"en-US","potentialAction":[{"@type":"ReadAction","target":["https:\/\/artslibris.cat\/en\/tienda\/arte-contemporaneo\/palabra-de-artista\/"]}]},{"@type":"ImageObject","inLanguage":"en-US","@id":"https:\/\/artslibris.cat\/en\/tienda\/arte-contemporaneo\/palabra-de-artista\/#primaryimage","url":"https:\/\/artslibris.cat\/wp-content\/uploads\/2026\/02\/149-Palabra-de-artista.webp","contentUrl":"https:\/\/artslibris.cat\/wp-content\/uploads\/2026\/02\/149-Palabra-de-artista.webp","width":1146,"height":1600},{"@type":"BreadcrumbList","@id":"https:\/\/artslibris.cat\/en\/tienda\/arte-contemporaneo\/palabra-de-artista\/#breadcrumb","itemListElement":[{"@type":"ListItem","position":1,"name":"Portada","item":"https:\/\/artslibris.cat\/en\/"},{"@type":"ListItem","position":2,"name":"Shop","item":"https:\/\/artslibris.cat\/en\/shop\/"},{"@type":"ListItem","position":3,"name":"Palabra de artista"}]},{"@type":"WebSite","@id":"https:\/\/artslibris.cat\/en\/#website","url":"https:\/\/artslibris.cat\/en\/","name":"ArtsLibris","description":"","publisher":{"@id":"https:\/\/artslibris.cat\/en\/#organization"},"potentialAction":[{"@type":"SearchAction","target":{"@type":"EntryPoint","urlTemplate":"https:\/\/artslibris.cat\/en\/?s={search_term_string}"},"query-input":{"@type":"PropertyValueSpecification","valueRequired":true,"valueName":"search_term_string"}}],"inLanguage":"en-US"},{"@type":"Organization","@id":"https:\/\/artslibris.cat\/en\/#organization","name":"ArtsLibris","url":"https:\/\/artslibris.cat\/en\/","logo":{"@type":"ImageObject","inLanguage":"en-US","@id":"https:\/\/artslibris.cat\/en\/#\/schema\/logo\/image\/","url":"https:\/\/artslibris.cat\/wp-content\/uploads\/2020\/05\/ArtsLibris-logo-black.svg","contentUrl":"https:\/\/artslibris.cat\/wp-content\/uploads\/2020\/05\/ArtsLibris-logo-black.svg","width":521,"height":85,"caption":"ArtsLibris"},"image":{"@id":"https:\/\/artslibris.cat\/en\/#\/schema\/logo\/image\/"},"sameAs":["https:\/\/www.facebook.com\/artslibris\/","https:\/\/x.com\/ArtsLibris","https:\/\/www.instagram.com\/artslibris\/"]}]}},"_links":{"self":[{"href":"https:\/\/artslibris.cat\/en\/wp-json\/wp\/v2\/product\/32919","targetHints":{"allow":["GET"]}}],"collection":[{"href":"https:\/\/artslibris.cat\/en\/wp-json\/wp\/v2\/product"}],"about":[{"href":"https:\/\/artslibris.cat\/en\/wp-json\/wp\/v2\/types\/product"}],"wp:featuredmedia":[{"embeddable":true,"href":"https:\/\/artslibris.cat\/en\/wp-json\/wp\/v2\/media\/32920"}],"wp:attachment":[{"href":"https:\/\/artslibris.cat\/en\/wp-json\/wp\/v2\/media?parent=32919"}],"wp:term":[{"taxonomy":"product_brand","embeddable":true,"href":"https:\/\/artslibris.cat\/en\/wp-json\/wp\/v2\/product_brand?post=32919"},{"taxonomy":"product_cat","embeddable":true,"href":"https:\/\/artslibris.cat\/en\/wp-json\/wp\/v2\/product_cat?post=32919"},{"taxonomy":"product_tag","embeddable":true,"href":"https:\/\/artslibris.cat\/en\/wp-json\/wp\/v2\/product_tag?post=32919"}],"curies":[{"name":"wp","href":"https:\/\/api.w.org\/{rel}","templated":true}]}}