{"id":32905,"date":"2026-02-12T09:45:54","date_gmt":"2026-02-12T09:45:54","guid":{"rendered":"https:\/\/artslibris.cat\/?post_type=product&#038;p=32905"},"modified":"2026-04-01T11:18:24","modified_gmt":"2026-04-01T11:18:24","slug":"esther-ferrer-maquetas-y-dibujos-de-instalaciones","status":"publish","type":"product","link":"https:\/\/artslibris.cat\/en\/tienda\/monografia\/esther-ferrer-maquetas-y-dibujos-de-instalaciones\/","title":{"rendered":"Esther Ferrer. Maquetas y dibujos de instalaciones"},"content":{"rendered":"<p><strong><em>Esther Ferrer. Maquetas y dibujos de instalaciones (1970\/2011)<\/em><\/strong>. Las instalaciones de Esther Ferrer (San Sebasti\u00e1n, 1937) son ideas, a veces ideas salvajes, a veces estructuradas, m\u00e1s o menos ir\u00f3nicas o dulces, casi siempre perfectas formalmente y, muchas veces, de dif\u00edcil realizaci\u00f3n. Conocida como performer y artista conceptual, Premio Nacional de Artes Pl\u00e1sticas 2008, desarrolla una amplia producci\u00f3n de instalaciones desde la d\u00e9cada de los 70. Una producci\u00f3n escasamente conocida ya que para su realizaci\u00f3n se precisan medios y espacios no siempre disponibles. Sin embargo Ferrer desarrolla estos proyectos detalladamente durante a\u00f1os a trav\u00e9s de dibujos y maquetas artesanales realizadas por ella misma y posteriormente perfeccionadas por profesionales del oficio. En este libro se recopila y documenta por primera vez toda esta producci\u00f3n art\u00edstica imposible de encontrar en ning\u00fan otro libro, publicaci\u00f3n o archivo.<\/p>\n","protected":false},"excerpt":{"rendered":"<p>T\u00edtulo: Maquetas y dibujos de instalaciones<\/p>\n<p>Editorial: Exit Media<\/p>\n<p>Autor: Esther Ferrer<\/p>\n<p>A\u00f1o de publicaci\u00f3n: 2011<\/p>\n<p>Tama\u00f1o: 17 x 24 cm<\/p>\n<p>ISBN: 9788493734756<\/p>\n","protected":false},"featured_media":32906,"template":"","meta":{"_acf_changed":false,"site-sidebar-layout":"default","site-content-layout":"","ast-site-content-layout":"default","site-content-style":"default","site-sidebar-style":"default","ast-global-header-display":"","ast-banner-title-visibility":"","ast-main-header-display":"","ast-hfb-above-header-display":"","ast-hfb-below-header-display":"","ast-hfb-mobile-header-display":"","site-post-title":"","ast-breadcrumbs-content":"","ast-featured-img":"","footer-sml-layout":"","ast-disable-related-posts":"","theme-transparent-header-meta":"default","adv-header-id-meta":"","stick-header-meta":"","header-above-stick-meta":"","header-main-stick-meta":"","header-below-stick-meta":"","astra-migrate-meta-layouts":"set","ast-page-background-enabled":"default","ast-page-background-meta":{"desktop":{"background-color":"","background-image":"","background-repeat":"repeat","background-position":"center center","background-size":"auto","background-attachment":"scroll","background-type":"","background-media":"","overlay-type":"","overlay-color":"","overlay-opacity":"","overlay-gradient":""},"tablet":{"background-color":"","background-image":"","background-repeat":"repeat","background-position":"center center","background-size":"auto","background-attachment":"scroll","background-type":"","background-media":"","overlay-type":"","overlay-color":"","overlay-opacity":"","overlay-gradient":""},"mobile":{"background-color":"","background-image":"","background-repeat":"repeat","background-position":"center center","background-size":"auto","background-attachment":"scroll","background-type":"","background-media":"","overlay-type":"","overlay-color":"","overlay-opacity":"","overlay-gradient":""}},"ast-content-background-meta":{"desktop":{"background-color":"var(--ast-global-color-5)","background-image":"","background-repeat":"repeat","background-position":"center center","background-size":"auto","background-attachment":"scroll","background-type":"","background-media":"","overlay-type":"","overlay-color":"","overlay-opacity":"","overlay-gradient":""},"tablet":{"background-color":"var(--ast-global-color-5)","background-image":"","background-repeat":"repeat","background-position":"center center","background-size":"auto","background-attachment":"scroll","background-type":"","background-media":"","overlay-type":"","overlay-color":"","overlay-opacity":"","overlay-gradient":""},"mobile":{"background-color":"var(--ast-global-color-5)","background-image":"","background-repeat":"repeat","background-position":"center center","background-size":"auto","background-attachment":"scroll","background-type":"","background-media":"","overlay-type":"","overlay-color":"","overlay-opacity":"","overlay-gradient":""}}},"product_brand":[],"product_cat":[523,512],"product_tag":[522],"class_list":{"0":"post-32905","1":"product","2":"type-product","3":"status-publish","4":"has-post-thumbnail","6":"product_cat-arte-conceptual","7":"product_cat-monografia","8":"product_tag-exit-media","9":"desktop-align-left","10":"tablet-align-left","11":"mobile-align-left","13":"first","14":"instock","15":"shipping-taxable","16":"purchasable","17":"product-type-simple"},"acf":[],"yoast_head":"<!-- This site is optimized with the Yoast SEO plugin v27.3 - https:\/\/yoast.com\/product\/yoast-seo-wordpress\/ -->\n<title>Esther Ferrer. Maquetas y dibujos de instalaciones - ArtsLibris<\/title>\n<meta name=\"robots\" content=\"index, follow, max-snippet:-1, max-image-preview:large, max-video-preview:-1\" \/>\n<link rel=\"canonical\" href=\"https:\/\/artslibris.cat\/en\/tienda\/monografia\/esther-ferrer-maquetas-y-dibujos-de-instalaciones\/\" \/>\n<meta property=\"og:locale\" content=\"en_US\" \/>\n<meta property=\"og:type\" content=\"article\" \/>\n<meta property=\"og:title\" content=\"Esther Ferrer. Maquetas y dibujos de instalaciones - ArtsLibris\" \/>\n<meta property=\"og:description\" content=\"T\u00edtulo: Maquetas y dibujos de instalaciones  Editorial: Exit Media  Autor: Esther Ferrer  A\u00f1o de publicaci\u00f3n: 2011  Tama\u00f1o: 17 x 24 cm  ISBN: 9788493734756\" \/>\n<meta property=\"og:url\" content=\"https:\/\/artslibris.cat\/en\/tienda\/monografia\/esther-ferrer-maquetas-y-dibujos-de-instalaciones\/\" \/>\n<meta property=\"og:site_name\" content=\"ArtsLibris\" \/>\n<meta property=\"article:publisher\" content=\"https:\/\/www.facebook.com\/artslibris\/\" \/>\n<meta property=\"article:modified_time\" content=\"2026-04-01T11:18:24+00:00\" \/>\n<meta property=\"og:image\" content=\"https:\/\/artslibris.cat\/wp-content\/uploads\/2026\/02\/182-Esther-Ferrer.-Maquetas-y-dibujos-de-instalaciones-19702011Esther-Ferrer.-Maquetas-y-dibujos-de-instalaciones-19702011.webp\" \/>\n\t<meta property=\"og:image:width\" content=\"1136\" \/>\n\t<meta property=\"og:image:height\" content=\"1600\" \/>\n\t<meta property=\"og:image:type\" content=\"image\/webp\" \/>\n<meta name=\"twitter:card\" content=\"summary_large_image\" \/>\n<meta name=\"twitter:site\" content=\"@ArtsLibris\" \/>\n<meta name=\"twitter:label1\" content=\"Est. reading time\" \/>\n\t<meta name=\"twitter:data1\" content=\"1 minute\" \/>\n<script type=\"application\/ld+json\" class=\"yoast-schema-graph\">{\"@context\":\"https:\\\/\\\/schema.org\",\"@graph\":[{\"@type\":\"WebPage\",\"@id\":\"https:\\\/\\\/artslibris.cat\\\/en\\\/tienda\\\/monografia\\\/esther-ferrer-maquetas-y-dibujos-de-instalaciones\\\/\",\"url\":\"https:\\\/\\\/artslibris.cat\\\/en\\\/tienda\\\/monografia\\\/esther-ferrer-maquetas-y-dibujos-de-instalaciones\\\/\",\"name\":\"Esther Ferrer. Maquetas y dibujos de instalaciones - ArtsLibris\",\"isPartOf\":{\"@id\":\"https:\\\/\\\/artslibris.cat\\\/en\\\/#website\"},\"primaryImageOfPage\":{\"@id\":\"https:\\\/\\\/artslibris.cat\\\/en\\\/tienda\\\/monografia\\\/esther-ferrer-maquetas-y-dibujos-de-instalaciones\\\/#primaryimage\"},\"image\":{\"@id\":\"https:\\\/\\\/artslibris.cat\\\/en\\\/tienda\\\/monografia\\\/esther-ferrer-maquetas-y-dibujos-de-instalaciones\\\/#primaryimage\"},\"thumbnailUrl\":\"https:\\\/\\\/artslibris.cat\\\/wp-content\\\/uploads\\\/2026\\\/02\\\/182-Esther-Ferrer.-Maquetas-y-dibujos-de-instalaciones-19702011Esther-Ferrer.-Maquetas-y-dibujos-de-instalaciones-19702011.webp\",\"datePublished\":\"2026-02-12T09:45:54+00:00\",\"dateModified\":\"2026-04-01T11:18:24+00:00\",\"breadcrumb\":{\"@id\":\"https:\\\/\\\/artslibris.cat\\\/en\\\/tienda\\\/monografia\\\/esther-ferrer-maquetas-y-dibujos-de-instalaciones\\\/#breadcrumb\"},\"inLanguage\":\"en-US\",\"potentialAction\":[{\"@type\":\"ReadAction\",\"target\":[\"https:\\\/\\\/artslibris.cat\\\/en\\\/tienda\\\/monografia\\\/esther-ferrer-maquetas-y-dibujos-de-instalaciones\\\/\"]}]},{\"@type\":\"ImageObject\",\"inLanguage\":\"en-US\",\"@id\":\"https:\\\/\\\/artslibris.cat\\\/en\\\/tienda\\\/monografia\\\/esther-ferrer-maquetas-y-dibujos-de-instalaciones\\\/#primaryimage\",\"url\":\"https:\\\/\\\/artslibris.cat\\\/wp-content\\\/uploads\\\/2026\\\/02\\\/182-Esther-Ferrer.-Maquetas-y-dibujos-de-instalaciones-19702011Esther-Ferrer.-Maquetas-y-dibujos-de-instalaciones-19702011.webp\",\"contentUrl\":\"https:\\\/\\\/artslibris.cat\\\/wp-content\\\/uploads\\\/2026\\\/02\\\/182-Esther-Ferrer.-Maquetas-y-dibujos-de-instalaciones-19702011Esther-Ferrer.-Maquetas-y-dibujos-de-instalaciones-19702011.webp\",\"width\":1136,\"height\":1600},{\"@type\":\"BreadcrumbList\",\"@id\":\"https:\\\/\\\/artslibris.cat\\\/en\\\/tienda\\\/monografia\\\/esther-ferrer-maquetas-y-dibujos-de-instalaciones\\\/#breadcrumb\",\"itemListElement\":[{\"@type\":\"ListItem\",\"position\":1,\"name\":\"Portada\",\"item\":\"https:\\\/\\\/artslibris.cat\\\/en\\\/\"},{\"@type\":\"ListItem\",\"position\":2,\"name\":\"Shop\",\"item\":\"https:\\\/\\\/artslibris.cat\\\/en\\\/shop\\\/\"},{\"@type\":\"ListItem\",\"position\":3,\"name\":\"Esther Ferrer. Maquetas y dibujos de instalaciones\"}]},{\"@type\":\"WebSite\",\"@id\":\"https:\\\/\\\/artslibris.cat\\\/en\\\/#website\",\"url\":\"https:\\\/\\\/artslibris.cat\\\/en\\\/\",\"name\":\"ArtsLibris\",\"description\":\"\",\"publisher\":{\"@id\":\"https:\\\/\\\/artslibris.cat\\\/en\\\/#organization\"},\"potentialAction\":[{\"@type\":\"SearchAction\",\"target\":{\"@type\":\"EntryPoint\",\"urlTemplate\":\"https:\\\/\\\/artslibris.cat\\\/en\\\/?s={search_term_string}\"},\"query-input\":{\"@type\":\"PropertyValueSpecification\",\"valueRequired\":true,\"valueName\":\"search_term_string\"}}],\"inLanguage\":\"en-US\"},{\"@type\":\"Organization\",\"@id\":\"https:\\\/\\\/artslibris.cat\\\/en\\\/#organization\",\"name\":\"ArtsLibris\",\"url\":\"https:\\\/\\\/artslibris.cat\\\/en\\\/\",\"logo\":{\"@type\":\"ImageObject\",\"inLanguage\":\"en-US\",\"@id\":\"https:\\\/\\\/artslibris.cat\\\/en\\\/#\\\/schema\\\/logo\\\/image\\\/\",\"url\":\"https:\\\/\\\/artslibris.cat\\\/wp-content\\\/uploads\\\/2020\\\/05\\\/ArtsLibris-logo-black.svg\",\"contentUrl\":\"https:\\\/\\\/artslibris.cat\\\/wp-content\\\/uploads\\\/2020\\\/05\\\/ArtsLibris-logo-black.svg\",\"width\":521,\"height\":85,\"caption\":\"ArtsLibris\"},\"image\":{\"@id\":\"https:\\\/\\\/artslibris.cat\\\/en\\\/#\\\/schema\\\/logo\\\/image\\\/\"},\"sameAs\":[\"https:\\\/\\\/www.facebook.com\\\/artslibris\\\/\",\"https:\\\/\\\/x.com\\\/ArtsLibris\",\"https:\\\/\\\/www.instagram.com\\\/artslibris\\\/\"]}]}<\/script>\n<!-- \/ Yoast SEO plugin. -->","yoast_head_json":{"title":"Esther Ferrer. Maquetas y dibujos de instalaciones - ArtsLibris","robots":{"index":"index","follow":"follow","max-snippet":"max-snippet:-1","max-image-preview":"max-image-preview:large","max-video-preview":"max-video-preview:-1"},"canonical":"https:\/\/artslibris.cat\/en\/tienda\/monografia\/esther-ferrer-maquetas-y-dibujos-de-instalaciones\/","og_locale":"en_US","og_type":"article","og_title":"Esther Ferrer. Maquetas y dibujos de instalaciones - ArtsLibris","og_description":"T\u00edtulo: Maquetas y dibujos de instalaciones  Editorial: Exit Media  Autor: Esther Ferrer  A\u00f1o de publicaci\u00f3n: 2011  Tama\u00f1o: 17 x 24 cm  ISBN: 9788493734756","og_url":"https:\/\/artslibris.cat\/en\/tienda\/monografia\/esther-ferrer-maquetas-y-dibujos-de-instalaciones\/","og_site_name":"ArtsLibris","article_publisher":"https:\/\/www.facebook.com\/artslibris\/","article_modified_time":"2026-04-01T11:18:24+00:00","og_image":[{"width":1136,"height":1600,"url":"https:\/\/artslibris.cat\/wp-content\/uploads\/2026\/02\/182-Esther-Ferrer.-Maquetas-y-dibujos-de-instalaciones-19702011Esther-Ferrer.-Maquetas-y-dibujos-de-instalaciones-19702011.webp","type":"image\/webp"}],"twitter_card":"summary_large_image","twitter_site":"@ArtsLibris","twitter_misc":{"Est. reading time":"1 minute"},"schema":{"@context":"https:\/\/schema.org","@graph":[{"@type":"WebPage","@id":"https:\/\/artslibris.cat\/en\/tienda\/monografia\/esther-ferrer-maquetas-y-dibujos-de-instalaciones\/","url":"https:\/\/artslibris.cat\/en\/tienda\/monografia\/esther-ferrer-maquetas-y-dibujos-de-instalaciones\/","name":"Esther Ferrer. Maquetas y dibujos de instalaciones - ArtsLibris","isPartOf":{"@id":"https:\/\/artslibris.cat\/en\/#website"},"primaryImageOfPage":{"@id":"https:\/\/artslibris.cat\/en\/tienda\/monografia\/esther-ferrer-maquetas-y-dibujos-de-instalaciones\/#primaryimage"},"image":{"@id":"https:\/\/artslibris.cat\/en\/tienda\/monografia\/esther-ferrer-maquetas-y-dibujos-de-instalaciones\/#primaryimage"},"thumbnailUrl":"https:\/\/artslibris.cat\/wp-content\/uploads\/2026\/02\/182-Esther-Ferrer.-Maquetas-y-dibujos-de-instalaciones-19702011Esther-Ferrer.-Maquetas-y-dibujos-de-instalaciones-19702011.webp","datePublished":"2026-02-12T09:45:54+00:00","dateModified":"2026-04-01T11:18:24+00:00","breadcrumb":{"@id":"https:\/\/artslibris.cat\/en\/tienda\/monografia\/esther-ferrer-maquetas-y-dibujos-de-instalaciones\/#breadcrumb"},"inLanguage":"en-US","potentialAction":[{"@type":"ReadAction","target":["https:\/\/artslibris.cat\/en\/tienda\/monografia\/esther-ferrer-maquetas-y-dibujos-de-instalaciones\/"]}]},{"@type":"ImageObject","inLanguage":"en-US","@id":"https:\/\/artslibris.cat\/en\/tienda\/monografia\/esther-ferrer-maquetas-y-dibujos-de-instalaciones\/#primaryimage","url":"https:\/\/artslibris.cat\/wp-content\/uploads\/2026\/02\/182-Esther-Ferrer.-Maquetas-y-dibujos-de-instalaciones-19702011Esther-Ferrer.-Maquetas-y-dibujos-de-instalaciones-19702011.webp","contentUrl":"https:\/\/artslibris.cat\/wp-content\/uploads\/2026\/02\/182-Esther-Ferrer.-Maquetas-y-dibujos-de-instalaciones-19702011Esther-Ferrer.-Maquetas-y-dibujos-de-instalaciones-19702011.webp","width":1136,"height":1600},{"@type":"BreadcrumbList","@id":"https:\/\/artslibris.cat\/en\/tienda\/monografia\/esther-ferrer-maquetas-y-dibujos-de-instalaciones\/#breadcrumb","itemListElement":[{"@type":"ListItem","position":1,"name":"Portada","item":"https:\/\/artslibris.cat\/en\/"},{"@type":"ListItem","position":2,"name":"Shop","item":"https:\/\/artslibris.cat\/en\/shop\/"},{"@type":"ListItem","position":3,"name":"Esther Ferrer. Maquetas y dibujos de instalaciones"}]},{"@type":"WebSite","@id":"https:\/\/artslibris.cat\/en\/#website","url":"https:\/\/artslibris.cat\/en\/","name":"ArtsLibris","description":"","publisher":{"@id":"https:\/\/artslibris.cat\/en\/#organization"},"potentialAction":[{"@type":"SearchAction","target":{"@type":"EntryPoint","urlTemplate":"https:\/\/artslibris.cat\/en\/?s={search_term_string}"},"query-input":{"@type":"PropertyValueSpecification","valueRequired":true,"valueName":"search_term_string"}}],"inLanguage":"en-US"},{"@type":"Organization","@id":"https:\/\/artslibris.cat\/en\/#organization","name":"ArtsLibris","url":"https:\/\/artslibris.cat\/en\/","logo":{"@type":"ImageObject","inLanguage":"en-US","@id":"https:\/\/artslibris.cat\/en\/#\/schema\/logo\/image\/","url":"https:\/\/artslibris.cat\/wp-content\/uploads\/2020\/05\/ArtsLibris-logo-black.svg","contentUrl":"https:\/\/artslibris.cat\/wp-content\/uploads\/2020\/05\/ArtsLibris-logo-black.svg","width":521,"height":85,"caption":"ArtsLibris"},"image":{"@id":"https:\/\/artslibris.cat\/en\/#\/schema\/logo\/image\/"},"sameAs":["https:\/\/www.facebook.com\/artslibris\/","https:\/\/x.com\/ArtsLibris","https:\/\/www.instagram.com\/artslibris\/"]}]}},"_links":{"self":[{"href":"https:\/\/artslibris.cat\/en\/wp-json\/wp\/v2\/product\/32905","targetHints":{"allow":["GET"]}}],"collection":[{"href":"https:\/\/artslibris.cat\/en\/wp-json\/wp\/v2\/product"}],"about":[{"href":"https:\/\/artslibris.cat\/en\/wp-json\/wp\/v2\/types\/product"}],"wp:featuredmedia":[{"embeddable":true,"href":"https:\/\/artslibris.cat\/en\/wp-json\/wp\/v2\/media\/32906"}],"wp:attachment":[{"href":"https:\/\/artslibris.cat\/en\/wp-json\/wp\/v2\/media?parent=32905"}],"wp:term":[{"taxonomy":"product_brand","embeddable":true,"href":"https:\/\/artslibris.cat\/en\/wp-json\/wp\/v2\/product_brand?post=32905"},{"taxonomy":"product_cat","embeddable":true,"href":"https:\/\/artslibris.cat\/en\/wp-json\/wp\/v2\/product_cat?post=32905"},{"taxonomy":"product_tag","embeddable":true,"href":"https:\/\/artslibris.cat\/en\/wp-json\/wp\/v2\/product_tag?post=32905"}],"curies":[{"name":"wp","href":"https:\/\/api.w.org\/{rel}","templated":true}]}}