{"id":32720,"date":"2026-02-10T10:45:15","date_gmt":"2026-02-10T10:45:15","guid":{"rendered":"https:\/\/artslibris.cat\/?post_type=product&#038;p=32720"},"modified":"2026-02-10T10:49:01","modified_gmt":"2026-02-10T10:49:01","slug":"repensar-la-dramaturgia-errancia-y-transformacion","status":"publish","type":"product","link":"https:\/\/artslibris.cat\/en\/tienda\/teatro\/repensar-la-dramaturgia-errancia-y-transformacion\/","title":{"rendered":"Repensar la dramaturgia. Errancia y transformaci\u00f3n"},"content":{"rendered":"<p>En este libro se recogen las intervenciones que algunos de los dramaturgos y te\u00f3ricos m\u00e1s influyentes de las artes esc\u00e9nicas contempor\u00e1neas plantearon durante el I Seminario Internacional sobre Nuevas Dramaturgias que tuvo lugar en Murcia en el a\u00f1o 2009. En los diferentes textos se hace expl\u00edcito como la complejidad de la realidad contempor\u00e1nea ha quedado plasmada en las posiciones y apuestas creativas de todos ellos. Si bien el cuerpo ser\u00e1 considerado un elemento fundamental de las artes esc\u00e9nicas contempor\u00e1neas, este ser\u00e1 ya un cuerpo multiforme, en el que las nuevas tecnolog\u00edas, la tensi\u00f3n pol\u00edtica o la participaci\u00f3n colectiva asumir\u00e1n una importancia sin precedentes.<\/p>\n","protected":false},"excerpt":{"rendered":"<ul>\n<li>Autor:\u00a0<a href=\"http:\/\/www.cendeac.net\/es\/editorial\/autores\/37\">\u00a0VV. AA.<\/a><\/li>\n<li>A\u00f1o:\u00a02011<\/li>\n<li>Formato:\u00a015\u00a0\u00d7\u00a021\u00a0cm; 408\u00a0p.<\/li>\n<li>Encuadernaci\u00f3n:\u00a0TAPA BLANDA<\/li>\n<\/ul>\n","protected":false},"featured_media":32721,"template":"","meta":{"_acf_changed":false,"site-sidebar-layout":"default","site-content-layout":"","ast-site-content-layout":"default","site-content-style":"default","site-sidebar-style":"default","ast-global-header-display":"","ast-banner-title-visibility":"","ast-main-header-display":"","ast-hfb-above-header-display":"","ast-hfb-below-header-display":"","ast-hfb-mobile-header-display":"","site-post-title":"","ast-breadcrumbs-content":"","ast-featured-img":"","footer-sml-layout":"","ast-disable-related-posts":"","theme-transparent-header-meta":"default","adv-header-id-meta":"","stick-header-meta":"","header-above-stick-meta":"","header-main-stick-meta":"","header-below-stick-meta":"","astra-migrate-meta-layouts":"set","ast-page-background-enabled":"default","ast-page-background-meta":{"desktop":{"background-color":"","background-image":"","background-repeat":"repeat","background-position":"center center","background-size":"auto","background-attachment":"scroll","background-type":"","background-media":"","overlay-type":"","overlay-color":"","overlay-opacity":"","overlay-gradient":""},"tablet":{"background-color":"","background-image":"","background-repeat":"repeat","background-position":"center center","background-size":"auto","background-attachment":"scroll","background-type":"","background-media":"","overlay-type":"","overlay-color":"","overlay-opacity":"","overlay-gradient":""},"mobile":{"background-color":"","background-image":"","background-repeat":"repeat","background-position":"center center","background-size":"auto","background-attachment":"scroll","background-type":"","background-media":"","overlay-type":"","overlay-color":"","overlay-opacity":"","overlay-gradient":""}},"ast-content-background-meta":{"desktop":{"background-color":"var(--ast-global-color-5)","background-image":"","background-repeat":"repeat","background-position":"center center","background-size":"auto","background-attachment":"scroll","background-type":"","background-media":"","overlay-type":"","overlay-color":"","overlay-opacity":"","overlay-gradient":""},"tablet":{"background-color":"var(--ast-global-color-5)","background-image":"","background-repeat":"repeat","background-position":"center center","background-size":"auto","background-attachment":"scroll","background-type":"","background-media":"","overlay-type":"","overlay-color":"","overlay-opacity":"","overlay-gradient":""},"mobile":{"background-color":"var(--ast-global-color-5)","background-image":"","background-repeat":"repeat","background-position":"center center","background-size":"auto","background-attachment":"scroll","background-type":"","background-media":"","overlay-type":"","overlay-color":"","overlay-opacity":"","overlay-gradient":""}}},"product_brand":[],"product_cat":[514],"product_tag":[112],"class_list":{"0":"post-32720","1":"product","2":"type-product","3":"status-publish","4":"has-post-thumbnail","6":"product_cat-teatro","7":"product_tag-cendeac","8":"desktop-align-left","9":"tablet-align-left","10":"mobile-align-left","12":"first","13":"instock","14":"shipping-taxable","15":"purchasable","16":"product-type-simple"},"acf":[],"yoast_head":"<!-- This site is optimized with the Yoast SEO plugin v27.3 - https:\/\/yoast.com\/product\/yoast-seo-wordpress\/ -->\n<title>Repensar la dramaturgia. Errancia y transformaci\u00f3n - ArtsLibris<\/title>\n<meta name=\"robots\" content=\"index, follow, max-snippet:-1, max-image-preview:large, max-video-preview:-1\" \/>\n<link rel=\"canonical\" href=\"https:\/\/artslibris.cat\/en\/tienda\/teatro\/repensar-la-dramaturgia-errancia-y-transformacion\/\" \/>\n<meta property=\"og:locale\" content=\"en_US\" \/>\n<meta property=\"og:type\" content=\"article\" \/>\n<meta property=\"og:title\" content=\"Repensar la dramaturgia. Errancia y transformaci\u00f3n - ArtsLibris\" \/>\n<meta property=\"og:description\" content=\"Autor:\u00a0\u00a0VV. AA.  A\u00f1o:\u00a02011  Formato:\u00a015\u00a0\u00d7\u00a021\u00a0cm; 408\u00a0p.  Encuadernaci\u00f3n:\u00a0TAPA BLANDA\" \/>\n<meta property=\"og:url\" content=\"https:\/\/artslibris.cat\/en\/tienda\/teatro\/repensar-la-dramaturgia-errancia-y-transformacion\/\" \/>\n<meta property=\"og:site_name\" content=\"ArtsLibris\" \/>\n<meta property=\"article:publisher\" content=\"https:\/\/www.facebook.com\/artslibris\/\" \/>\n<meta property=\"article:modified_time\" content=\"2026-02-10T10:49:01+00:00\" \/>\n<meta property=\"og:image\" content=\"https:\/\/artslibris.cat\/wp-content\/uploads\/2026\/02\/Repensar_la_dramaturgia.webp\" \/>\n\t<meta property=\"og:image:width\" content=\"460\" \/>\n\t<meta property=\"og:image:height\" content=\"645\" \/>\n\t<meta property=\"og:image:type\" content=\"image\/webp\" \/>\n<meta name=\"twitter:card\" content=\"summary_large_image\" \/>\n<meta name=\"twitter:site\" content=\"@ArtsLibris\" \/>\n<meta name=\"twitter:label1\" content=\"Est. reading time\" \/>\n\t<meta name=\"twitter:data1\" content=\"1 minute\" \/>\n<script type=\"application\/ld+json\" class=\"yoast-schema-graph\">{\"@context\":\"https:\\\/\\\/schema.org\",\"@graph\":[{\"@type\":\"WebPage\",\"@id\":\"https:\\\/\\\/artslibris.cat\\\/en\\\/tienda\\\/teatro\\\/repensar-la-dramaturgia-errancia-y-transformacion\\\/\",\"url\":\"https:\\\/\\\/artslibris.cat\\\/en\\\/tienda\\\/teatro\\\/repensar-la-dramaturgia-errancia-y-transformacion\\\/\",\"name\":\"Repensar la dramaturgia. Errancia y transformaci\u00f3n - ArtsLibris\",\"isPartOf\":{\"@id\":\"https:\\\/\\\/artslibris.cat\\\/en\\\/#website\"},\"primaryImageOfPage\":{\"@id\":\"https:\\\/\\\/artslibris.cat\\\/en\\\/tienda\\\/teatro\\\/repensar-la-dramaturgia-errancia-y-transformacion\\\/#primaryimage\"},\"image\":{\"@id\":\"https:\\\/\\\/artslibris.cat\\\/en\\\/tienda\\\/teatro\\\/repensar-la-dramaturgia-errancia-y-transformacion\\\/#primaryimage\"},\"thumbnailUrl\":\"https:\\\/\\\/artslibris.cat\\\/wp-content\\\/uploads\\\/2026\\\/02\\\/Repensar_la_dramaturgia.webp\",\"datePublished\":\"2026-02-10T10:45:15+00:00\",\"dateModified\":\"2026-02-10T10:49:01+00:00\",\"breadcrumb\":{\"@id\":\"https:\\\/\\\/artslibris.cat\\\/en\\\/tienda\\\/teatro\\\/repensar-la-dramaturgia-errancia-y-transformacion\\\/#breadcrumb\"},\"inLanguage\":\"en-US\",\"potentialAction\":[{\"@type\":\"ReadAction\",\"target\":[\"https:\\\/\\\/artslibris.cat\\\/en\\\/tienda\\\/teatro\\\/repensar-la-dramaturgia-errancia-y-transformacion\\\/\"]}]},{\"@type\":\"ImageObject\",\"inLanguage\":\"en-US\",\"@id\":\"https:\\\/\\\/artslibris.cat\\\/en\\\/tienda\\\/teatro\\\/repensar-la-dramaturgia-errancia-y-transformacion\\\/#primaryimage\",\"url\":\"https:\\\/\\\/artslibris.cat\\\/wp-content\\\/uploads\\\/2026\\\/02\\\/Repensar_la_dramaturgia.webp\",\"contentUrl\":\"https:\\\/\\\/artslibris.cat\\\/wp-content\\\/uploads\\\/2026\\\/02\\\/Repensar_la_dramaturgia.webp\",\"width\":460,\"height\":645},{\"@type\":\"BreadcrumbList\",\"@id\":\"https:\\\/\\\/artslibris.cat\\\/en\\\/tienda\\\/teatro\\\/repensar-la-dramaturgia-errancia-y-transformacion\\\/#breadcrumb\",\"itemListElement\":[{\"@type\":\"ListItem\",\"position\":1,\"name\":\"Portada\",\"item\":\"https:\\\/\\\/artslibris.cat\\\/en\\\/\"},{\"@type\":\"ListItem\",\"position\":2,\"name\":\"Shop\",\"item\":\"https:\\\/\\\/artslibris.cat\\\/en\\\/shop\\\/\"},{\"@type\":\"ListItem\",\"position\":3,\"name\":\"Repensar la dramaturgia. Errancia y transformaci\u00f3n\"}]},{\"@type\":\"WebSite\",\"@id\":\"https:\\\/\\\/artslibris.cat\\\/en\\\/#website\",\"url\":\"https:\\\/\\\/artslibris.cat\\\/en\\\/\",\"name\":\"ArtsLibris\",\"description\":\"\",\"publisher\":{\"@id\":\"https:\\\/\\\/artslibris.cat\\\/en\\\/#organization\"},\"potentialAction\":[{\"@type\":\"SearchAction\",\"target\":{\"@type\":\"EntryPoint\",\"urlTemplate\":\"https:\\\/\\\/artslibris.cat\\\/en\\\/?s={search_term_string}\"},\"query-input\":{\"@type\":\"PropertyValueSpecification\",\"valueRequired\":true,\"valueName\":\"search_term_string\"}}],\"inLanguage\":\"en-US\"},{\"@type\":\"Organization\",\"@id\":\"https:\\\/\\\/artslibris.cat\\\/en\\\/#organization\",\"name\":\"ArtsLibris\",\"url\":\"https:\\\/\\\/artslibris.cat\\\/en\\\/\",\"logo\":{\"@type\":\"ImageObject\",\"inLanguage\":\"en-US\",\"@id\":\"https:\\\/\\\/artslibris.cat\\\/en\\\/#\\\/schema\\\/logo\\\/image\\\/\",\"url\":\"https:\\\/\\\/artslibris.cat\\\/wp-content\\\/uploads\\\/2020\\\/05\\\/ArtsLibris-logo-black.svg\",\"contentUrl\":\"https:\\\/\\\/artslibris.cat\\\/wp-content\\\/uploads\\\/2020\\\/05\\\/ArtsLibris-logo-black.svg\",\"width\":521,\"height\":85,\"caption\":\"ArtsLibris\"},\"image\":{\"@id\":\"https:\\\/\\\/artslibris.cat\\\/en\\\/#\\\/schema\\\/logo\\\/image\\\/\"},\"sameAs\":[\"https:\\\/\\\/www.facebook.com\\\/artslibris\\\/\",\"https:\\\/\\\/x.com\\\/ArtsLibris\",\"https:\\\/\\\/www.instagram.com\\\/artslibris\\\/\"]}]}<\/script>\n<!-- \/ Yoast SEO plugin. -->","yoast_head_json":{"title":"Repensar la dramaturgia. Errancia y transformaci\u00f3n - ArtsLibris","robots":{"index":"index","follow":"follow","max-snippet":"max-snippet:-1","max-image-preview":"max-image-preview:large","max-video-preview":"max-video-preview:-1"},"canonical":"https:\/\/artslibris.cat\/en\/tienda\/teatro\/repensar-la-dramaturgia-errancia-y-transformacion\/","og_locale":"en_US","og_type":"article","og_title":"Repensar la dramaturgia. Errancia y transformaci\u00f3n - ArtsLibris","og_description":"Autor:\u00a0\u00a0VV. AA.  A\u00f1o:\u00a02011  Formato:\u00a015\u00a0\u00d7\u00a021\u00a0cm; 408\u00a0p.  Encuadernaci\u00f3n:\u00a0TAPA BLANDA","og_url":"https:\/\/artslibris.cat\/en\/tienda\/teatro\/repensar-la-dramaturgia-errancia-y-transformacion\/","og_site_name":"ArtsLibris","article_publisher":"https:\/\/www.facebook.com\/artslibris\/","article_modified_time":"2026-02-10T10:49:01+00:00","og_image":[{"width":460,"height":645,"url":"https:\/\/artslibris.cat\/wp-content\/uploads\/2026\/02\/Repensar_la_dramaturgia.webp","type":"image\/webp"}],"twitter_card":"summary_large_image","twitter_site":"@ArtsLibris","twitter_misc":{"Est. reading time":"1 minute"},"schema":{"@context":"https:\/\/schema.org","@graph":[{"@type":"WebPage","@id":"https:\/\/artslibris.cat\/en\/tienda\/teatro\/repensar-la-dramaturgia-errancia-y-transformacion\/","url":"https:\/\/artslibris.cat\/en\/tienda\/teatro\/repensar-la-dramaturgia-errancia-y-transformacion\/","name":"Repensar la dramaturgia. Errancia y transformaci\u00f3n - ArtsLibris","isPartOf":{"@id":"https:\/\/artslibris.cat\/en\/#website"},"primaryImageOfPage":{"@id":"https:\/\/artslibris.cat\/en\/tienda\/teatro\/repensar-la-dramaturgia-errancia-y-transformacion\/#primaryimage"},"image":{"@id":"https:\/\/artslibris.cat\/en\/tienda\/teatro\/repensar-la-dramaturgia-errancia-y-transformacion\/#primaryimage"},"thumbnailUrl":"https:\/\/artslibris.cat\/wp-content\/uploads\/2026\/02\/Repensar_la_dramaturgia.webp","datePublished":"2026-02-10T10:45:15+00:00","dateModified":"2026-02-10T10:49:01+00:00","breadcrumb":{"@id":"https:\/\/artslibris.cat\/en\/tienda\/teatro\/repensar-la-dramaturgia-errancia-y-transformacion\/#breadcrumb"},"inLanguage":"en-US","potentialAction":[{"@type":"ReadAction","target":["https:\/\/artslibris.cat\/en\/tienda\/teatro\/repensar-la-dramaturgia-errancia-y-transformacion\/"]}]},{"@type":"ImageObject","inLanguage":"en-US","@id":"https:\/\/artslibris.cat\/en\/tienda\/teatro\/repensar-la-dramaturgia-errancia-y-transformacion\/#primaryimage","url":"https:\/\/artslibris.cat\/wp-content\/uploads\/2026\/02\/Repensar_la_dramaturgia.webp","contentUrl":"https:\/\/artslibris.cat\/wp-content\/uploads\/2026\/02\/Repensar_la_dramaturgia.webp","width":460,"height":645},{"@type":"BreadcrumbList","@id":"https:\/\/artslibris.cat\/en\/tienda\/teatro\/repensar-la-dramaturgia-errancia-y-transformacion\/#breadcrumb","itemListElement":[{"@type":"ListItem","position":1,"name":"Portada","item":"https:\/\/artslibris.cat\/en\/"},{"@type":"ListItem","position":2,"name":"Shop","item":"https:\/\/artslibris.cat\/en\/shop\/"},{"@type":"ListItem","position":3,"name":"Repensar la dramaturgia. Errancia y transformaci\u00f3n"}]},{"@type":"WebSite","@id":"https:\/\/artslibris.cat\/en\/#website","url":"https:\/\/artslibris.cat\/en\/","name":"ArtsLibris","description":"","publisher":{"@id":"https:\/\/artslibris.cat\/en\/#organization"},"potentialAction":[{"@type":"SearchAction","target":{"@type":"EntryPoint","urlTemplate":"https:\/\/artslibris.cat\/en\/?s={search_term_string}"},"query-input":{"@type":"PropertyValueSpecification","valueRequired":true,"valueName":"search_term_string"}}],"inLanguage":"en-US"},{"@type":"Organization","@id":"https:\/\/artslibris.cat\/en\/#organization","name":"ArtsLibris","url":"https:\/\/artslibris.cat\/en\/","logo":{"@type":"ImageObject","inLanguage":"en-US","@id":"https:\/\/artslibris.cat\/en\/#\/schema\/logo\/image\/","url":"https:\/\/artslibris.cat\/wp-content\/uploads\/2020\/05\/ArtsLibris-logo-black.svg","contentUrl":"https:\/\/artslibris.cat\/wp-content\/uploads\/2020\/05\/ArtsLibris-logo-black.svg","width":521,"height":85,"caption":"ArtsLibris"},"image":{"@id":"https:\/\/artslibris.cat\/en\/#\/schema\/logo\/image\/"},"sameAs":["https:\/\/www.facebook.com\/artslibris\/","https:\/\/x.com\/ArtsLibris","https:\/\/www.instagram.com\/artslibris\/"]}]}},"_links":{"self":[{"href":"https:\/\/artslibris.cat\/en\/wp-json\/wp\/v2\/product\/32720","targetHints":{"allow":["GET"]}}],"collection":[{"href":"https:\/\/artslibris.cat\/en\/wp-json\/wp\/v2\/product"}],"about":[{"href":"https:\/\/artslibris.cat\/en\/wp-json\/wp\/v2\/types\/product"}],"wp:featuredmedia":[{"embeddable":true,"href":"https:\/\/artslibris.cat\/en\/wp-json\/wp\/v2\/media\/32721"}],"wp:attachment":[{"href":"https:\/\/artslibris.cat\/en\/wp-json\/wp\/v2\/media?parent=32720"}],"wp:term":[{"taxonomy":"product_brand","embeddable":true,"href":"https:\/\/artslibris.cat\/en\/wp-json\/wp\/v2\/product_brand?post=32720"},{"taxonomy":"product_cat","embeddable":true,"href":"https:\/\/artslibris.cat\/en\/wp-json\/wp\/v2\/product_cat?post=32720"},{"taxonomy":"product_tag","embeddable":true,"href":"https:\/\/artslibris.cat\/en\/wp-json\/wp\/v2\/product_tag?post=32720"}],"curies":[{"name":"wp","href":"https:\/\/api.w.org\/{rel}","templated":true}]}}