{"id":32704,"date":"2026-02-10T10:00:54","date_gmt":"2026-02-10T10:00:54","guid":{"rendered":"https:\/\/artslibris.cat\/?post_type=product&#038;p=32704"},"modified":"2026-04-23T14:22:40","modified_gmt":"2026-04-23T14:22:40","slug":"things-in-city","status":"publish","type":"product","link":"https:\/\/artslibris.cat\/en\/tienda\/monografia\/things-in-city\/","title":{"rendered":"Things In City"},"content":{"rendered":"<p data-start=\"0\" data-end=\"159\"><strong data-start=\"0\" data-end=\"18\">Things In City<\/strong> es una serie de obras de Seula Yi. Las pinturas se mostraron al p\u00fablico por primera vez en 2016, en su exposici\u00f3n en Tokio, <em data-start=\"143\" data-end=\"156\">City People<\/em>.<\/p>\n<p data-start=\"161\" data-end=\"420\">Este libro contiene 27 dibujos y 65 pinturas realizadas entre la ciudad de Nueva York y Se\u00fal. En las obras \u2014que abarcan acuarela, pintura al \u00f3leo, dibujo a l\u00e1piz y medios digitales\u2014 se puede sentir su perspectiva y actitud frente a las ciudades bulliciosas.<\/p>\n","protected":false},"excerpt":{"rendered":"<p>Things In City es una serie de obras de Seula Yi. Las pinturas se mostraron al p\u00fablico por primera vez en 2016, en su exposici\u00f3n en Tokio, City People. Este libro contiene 27 dibujos y 65 pinturas realizadas entre la ciudad de Nueva York y Se\u00fal. En las obras \u2014que abarcan acuarela, pintura al \u00f3leo, [&hellip;]<\/p>\n","protected":false},"featured_media":32705,"template":"","meta":{"_acf_changed":false,"site-sidebar-layout":"default","site-content-layout":"","ast-site-content-layout":"default","site-content-style":"default","site-sidebar-style":"default","ast-global-header-display":"","ast-banner-title-visibility":"","ast-main-header-display":"","ast-hfb-above-header-display":"","ast-hfb-below-header-display":"","ast-hfb-mobile-header-display":"","site-post-title":"","ast-breadcrumbs-content":"","ast-featured-img":"","footer-sml-layout":"","ast-disable-related-posts":"","theme-transparent-header-meta":"default","adv-header-id-meta":"","stick-header-meta":"","header-above-stick-meta":"","header-main-stick-meta":"","header-below-stick-meta":"","astra-migrate-meta-layouts":"set","ast-page-background-enabled":"default","ast-page-background-meta":{"desktop":{"background-color":"","background-image":"","background-repeat":"repeat","background-position":"center center","background-size":"auto","background-attachment":"scroll","background-type":"","background-media":"","overlay-type":"","overlay-color":"","overlay-opacity":"","overlay-gradient":""},"tablet":{"background-color":"","background-image":"","background-repeat":"repeat","background-position":"center center","background-size":"auto","background-attachment":"scroll","background-type":"","background-media":"","overlay-type":"","overlay-color":"","overlay-opacity":"","overlay-gradient":""},"mobile":{"background-color":"","background-image":"","background-repeat":"repeat","background-position":"center center","background-size":"auto","background-attachment":"scroll","background-type":"","background-media":"","overlay-type":"","overlay-color":"","overlay-opacity":"","overlay-gradient":""}},"ast-content-background-meta":{"desktop":{"background-color":"var(--ast-global-color-5)","background-image":"","background-repeat":"repeat","background-position":"center center","background-size":"auto","background-attachment":"scroll","background-type":"","background-media":"","overlay-type":"","overlay-color":"","overlay-opacity":"","overlay-gradient":""},"tablet":{"background-color":"var(--ast-global-color-5)","background-image":"","background-repeat":"repeat","background-position":"center center","background-size":"auto","background-attachment":"scroll","background-type":"","background-media":"","overlay-type":"","overlay-color":"","overlay-opacity":"","overlay-gradient":""},"mobile":{"background-color":"var(--ast-global-color-5)","background-image":"","background-repeat":"repeat","background-position":"center center","background-size":"auto","background-attachment":"scroll","background-type":"","background-media":"","overlay-type":"","overlay-color":"","overlay-opacity":"","overlay-gradient":""}}},"product_brand":[],"product_cat":[512],"product_tag":[513],"class_list":{"0":"post-32704","1":"product","2":"type-product","3":"status-publish","4":"has-post-thumbnail","6":"product_cat-monografia","7":"product_tag-markermarker","8":"desktop-align-left","9":"tablet-align-left","10":"mobile-align-left","12":"first","13":"instock","14":"shipping-taxable","15":"purchasable","16":"product-type-simple"},"acf":[],"yoast_head":"<!-- This site is optimized with the Yoast SEO plugin v27.3 - https:\/\/yoast.com\/product\/yoast-seo-wordpress\/ -->\n<title>Things In City - ArtsLibris<\/title>\n<meta name=\"description\" content=\"Things In City es una serie de obras de Seula Yi. Las pinturas se mostraron al p\u00fablico por primera vez en 2016, en su exposici\u00f3n en Tokio, City People. Este libro contiene 27 dibujos y 65 pinturas realizadas entre la ciudad de Nueva York y Se\u00fal. En las obras \u2014que abarcan acuarela, pintura al \u00f3leo, dibujo a l\u00e1piz y medios digitales\u2014 se puede sentir su perspectiva y actitud frente a las ciudades bulliciosas.\" \/>\n<meta name=\"robots\" content=\"index, follow, max-snippet:-1, max-image-preview:large, max-video-preview:-1\" \/>\n<link rel=\"canonical\" href=\"https:\/\/artslibris.cat\/en\/tienda\/monografia\/things-in-city\/\" \/>\n<meta property=\"og:locale\" content=\"en_US\" \/>\n<meta property=\"og:type\" content=\"article\" \/>\n<meta property=\"og:title\" content=\"Things In City - ArtsLibris\" \/>\n<meta property=\"og:description\" content=\"Things In City es una serie de obras de Seula Yi. Las pinturas se mostraron al p\u00fablico por primera vez en 2016, en su exposici\u00f3n en Tokio, City People. Este libro contiene 27 dibujos y 65 pinturas realizadas entre la ciudad de Nueva York y Se\u00fal. En las obras \u2014que abarcan acuarela, pintura al \u00f3leo, dibujo a l\u00e1piz y medios digitales\u2014 se puede sentir su perspectiva y actitud frente a las ciudades bulliciosas.\" \/>\n<meta property=\"og:url\" content=\"https:\/\/artslibris.cat\/en\/tienda\/monografia\/things-in-city\/\" \/>\n<meta property=\"og:site_name\" content=\"ArtsLibris\" \/>\n<meta property=\"article:publisher\" content=\"https:\/\/www.facebook.com\/artslibris\/\" \/>\n<meta property=\"article:modified_time\" content=\"2026-04-23T14:22:40+00:00\" \/>\n<meta property=\"og:image\" content=\"https:\/\/artslibris.cat\/wp-content\/uploads\/2026\/02\/things-in-city-min-1.webp\" \/>\n\t<meta property=\"og:image:width\" content=\"2500\" \/>\n\t<meta property=\"og:image:height\" content=\"1673\" \/>\n\t<meta property=\"og:image:type\" content=\"image\/webp\" \/>\n<meta name=\"twitter:card\" content=\"summary_large_image\" \/>\n<meta name=\"twitter:site\" content=\"@ArtsLibris\" \/>\n<meta name=\"twitter:label1\" content=\"Est. reading time\" \/>\n\t<meta name=\"twitter:data1\" content=\"1 minute\" \/>\n<script type=\"application\/ld+json\" class=\"yoast-schema-graph\">{\"@context\":\"https:\\\/\\\/schema.org\",\"@graph\":[{\"@type\":\"WebPage\",\"@id\":\"https:\\\/\\\/artslibris.cat\\\/en\\\/tienda\\\/monografia\\\/things-in-city\\\/\",\"url\":\"https:\\\/\\\/artslibris.cat\\\/en\\\/tienda\\\/monografia\\\/things-in-city\\\/\",\"name\":\"Things In City - ArtsLibris\",\"isPartOf\":{\"@id\":\"https:\\\/\\\/artslibris.cat\\\/en\\\/#website\"},\"primaryImageOfPage\":{\"@id\":\"https:\\\/\\\/artslibris.cat\\\/en\\\/tienda\\\/monografia\\\/things-in-city\\\/#primaryimage\"},\"image\":{\"@id\":\"https:\\\/\\\/artslibris.cat\\\/en\\\/tienda\\\/monografia\\\/things-in-city\\\/#primaryimage\"},\"thumbnailUrl\":\"https:\\\/\\\/artslibris.cat\\\/wp-content\\\/uploads\\\/2026\\\/02\\\/things-in-city-min-1.webp\",\"datePublished\":\"2026-02-10T10:00:54+00:00\",\"dateModified\":\"2026-04-23T14:22:40+00:00\",\"description\":\"Things In City es una serie de obras de Seula Yi. Las pinturas se mostraron al p\u00fablico por primera vez en 2016, en su exposici\u00f3n en Tokio, City People. Este libro contiene 27 dibujos y 65 pinturas realizadas entre la ciudad de Nueva York y Se\u00fal. En las obras \u2014que abarcan acuarela, pintura al \u00f3leo, dibujo a l\u00e1piz y medios digitales\u2014 se puede sentir su perspectiva y actitud frente a las ciudades bulliciosas.\",\"breadcrumb\":{\"@id\":\"https:\\\/\\\/artslibris.cat\\\/en\\\/tienda\\\/monografia\\\/things-in-city\\\/#breadcrumb\"},\"inLanguage\":\"en-US\",\"potentialAction\":[{\"@type\":\"ReadAction\",\"target\":[\"https:\\\/\\\/artslibris.cat\\\/en\\\/tienda\\\/monografia\\\/things-in-city\\\/\"]}]},{\"@type\":\"ImageObject\",\"inLanguage\":\"en-US\",\"@id\":\"https:\\\/\\\/artslibris.cat\\\/en\\\/tienda\\\/monografia\\\/things-in-city\\\/#primaryimage\",\"url\":\"https:\\\/\\\/artslibris.cat\\\/wp-content\\\/uploads\\\/2026\\\/02\\\/things-in-city-min-1.webp\",\"contentUrl\":\"https:\\\/\\\/artslibris.cat\\\/wp-content\\\/uploads\\\/2026\\\/02\\\/things-in-city-min-1.webp\",\"width\":2500,\"height\":1673},{\"@type\":\"BreadcrumbList\",\"@id\":\"https:\\\/\\\/artslibris.cat\\\/en\\\/tienda\\\/monografia\\\/things-in-city\\\/#breadcrumb\",\"itemListElement\":[{\"@type\":\"ListItem\",\"position\":1,\"name\":\"Portada\",\"item\":\"https:\\\/\\\/artslibris.cat\\\/en\\\/\"},{\"@type\":\"ListItem\",\"position\":2,\"name\":\"Shop\",\"item\":\"https:\\\/\\\/artslibris.cat\\\/en\\\/shop\\\/\"},{\"@type\":\"ListItem\",\"position\":3,\"name\":\"Things In City\"}]},{\"@type\":\"WebSite\",\"@id\":\"https:\\\/\\\/artslibris.cat\\\/en\\\/#website\",\"url\":\"https:\\\/\\\/artslibris.cat\\\/en\\\/\",\"name\":\"ArtsLibris\",\"description\":\"\",\"publisher\":{\"@id\":\"https:\\\/\\\/artslibris.cat\\\/en\\\/#organization\"},\"potentialAction\":[{\"@type\":\"SearchAction\",\"target\":{\"@type\":\"EntryPoint\",\"urlTemplate\":\"https:\\\/\\\/artslibris.cat\\\/en\\\/?s={search_term_string}\"},\"query-input\":{\"@type\":\"PropertyValueSpecification\",\"valueRequired\":true,\"valueName\":\"search_term_string\"}}],\"inLanguage\":\"en-US\"},{\"@type\":\"Organization\",\"@id\":\"https:\\\/\\\/artslibris.cat\\\/en\\\/#organization\",\"name\":\"ArtsLibris\",\"url\":\"https:\\\/\\\/artslibris.cat\\\/en\\\/\",\"logo\":{\"@type\":\"ImageObject\",\"inLanguage\":\"en-US\",\"@id\":\"https:\\\/\\\/artslibris.cat\\\/en\\\/#\\\/schema\\\/logo\\\/image\\\/\",\"url\":\"https:\\\/\\\/artslibris.cat\\\/wp-content\\\/uploads\\\/2020\\\/05\\\/ArtsLibris-logo-black.svg\",\"contentUrl\":\"https:\\\/\\\/artslibris.cat\\\/wp-content\\\/uploads\\\/2020\\\/05\\\/ArtsLibris-logo-black.svg\",\"width\":521,\"height\":85,\"caption\":\"ArtsLibris\"},\"image\":{\"@id\":\"https:\\\/\\\/artslibris.cat\\\/en\\\/#\\\/schema\\\/logo\\\/image\\\/\"},\"sameAs\":[\"https:\\\/\\\/www.facebook.com\\\/artslibris\\\/\",\"https:\\\/\\\/x.com\\\/ArtsLibris\",\"https:\\\/\\\/www.instagram.com\\\/artslibris\\\/\"]}]}<\/script>\n<!-- \/ Yoast SEO plugin. -->","yoast_head_json":{"title":"Things In City - ArtsLibris","description":"Things In City es una serie de obras de Seula Yi. Las pinturas se mostraron al p\u00fablico por primera vez en 2016, en su exposici\u00f3n en Tokio, City People. Este libro contiene 27 dibujos y 65 pinturas realizadas entre la ciudad de Nueva York y Se\u00fal. En las obras \u2014que abarcan acuarela, pintura al \u00f3leo, dibujo a l\u00e1piz y medios digitales\u2014 se puede sentir su perspectiva y actitud frente a las ciudades bulliciosas.","robots":{"index":"index","follow":"follow","max-snippet":"max-snippet:-1","max-image-preview":"max-image-preview:large","max-video-preview":"max-video-preview:-1"},"canonical":"https:\/\/artslibris.cat\/en\/tienda\/monografia\/things-in-city\/","og_locale":"en_US","og_type":"article","og_title":"Things In City - ArtsLibris","og_description":"Things In City es una serie de obras de Seula Yi. Las pinturas se mostraron al p\u00fablico por primera vez en 2016, en su exposici\u00f3n en Tokio, City People. Este libro contiene 27 dibujos y 65 pinturas realizadas entre la ciudad de Nueva York y Se\u00fal. En las obras \u2014que abarcan acuarela, pintura al \u00f3leo, dibujo a l\u00e1piz y medios digitales\u2014 se puede sentir su perspectiva y actitud frente a las ciudades bulliciosas.","og_url":"https:\/\/artslibris.cat\/en\/tienda\/monografia\/things-in-city\/","og_site_name":"ArtsLibris","article_publisher":"https:\/\/www.facebook.com\/artslibris\/","article_modified_time":"2026-04-23T14:22:40+00:00","og_image":[{"width":2500,"height":1673,"url":"https:\/\/artslibris.cat\/wp-content\/uploads\/2026\/02\/things-in-city-min-1.webp","type":"image\/webp"}],"twitter_card":"summary_large_image","twitter_site":"@ArtsLibris","twitter_misc":{"Est. reading time":"1 minute"},"schema":{"@context":"https:\/\/schema.org","@graph":[{"@type":"WebPage","@id":"https:\/\/artslibris.cat\/en\/tienda\/monografia\/things-in-city\/","url":"https:\/\/artslibris.cat\/en\/tienda\/monografia\/things-in-city\/","name":"Things In City - ArtsLibris","isPartOf":{"@id":"https:\/\/artslibris.cat\/en\/#website"},"primaryImageOfPage":{"@id":"https:\/\/artslibris.cat\/en\/tienda\/monografia\/things-in-city\/#primaryimage"},"image":{"@id":"https:\/\/artslibris.cat\/en\/tienda\/monografia\/things-in-city\/#primaryimage"},"thumbnailUrl":"https:\/\/artslibris.cat\/wp-content\/uploads\/2026\/02\/things-in-city-min-1.webp","datePublished":"2026-02-10T10:00:54+00:00","dateModified":"2026-04-23T14:22:40+00:00","description":"Things In City es una serie de obras de Seula Yi. Las pinturas se mostraron al p\u00fablico por primera vez en 2016, en su exposici\u00f3n en Tokio, City People. Este libro contiene 27 dibujos y 65 pinturas realizadas entre la ciudad de Nueva York y Se\u00fal. En las obras \u2014que abarcan acuarela, pintura al \u00f3leo, dibujo a l\u00e1piz y medios digitales\u2014 se puede sentir su perspectiva y actitud frente a las ciudades bulliciosas.","breadcrumb":{"@id":"https:\/\/artslibris.cat\/en\/tienda\/monografia\/things-in-city\/#breadcrumb"},"inLanguage":"en-US","potentialAction":[{"@type":"ReadAction","target":["https:\/\/artslibris.cat\/en\/tienda\/monografia\/things-in-city\/"]}]},{"@type":"ImageObject","inLanguage":"en-US","@id":"https:\/\/artslibris.cat\/en\/tienda\/monografia\/things-in-city\/#primaryimage","url":"https:\/\/artslibris.cat\/wp-content\/uploads\/2026\/02\/things-in-city-min-1.webp","contentUrl":"https:\/\/artslibris.cat\/wp-content\/uploads\/2026\/02\/things-in-city-min-1.webp","width":2500,"height":1673},{"@type":"BreadcrumbList","@id":"https:\/\/artslibris.cat\/en\/tienda\/monografia\/things-in-city\/#breadcrumb","itemListElement":[{"@type":"ListItem","position":1,"name":"Portada","item":"https:\/\/artslibris.cat\/en\/"},{"@type":"ListItem","position":2,"name":"Shop","item":"https:\/\/artslibris.cat\/en\/shop\/"},{"@type":"ListItem","position":3,"name":"Things In City"}]},{"@type":"WebSite","@id":"https:\/\/artslibris.cat\/en\/#website","url":"https:\/\/artslibris.cat\/en\/","name":"ArtsLibris","description":"","publisher":{"@id":"https:\/\/artslibris.cat\/en\/#organization"},"potentialAction":[{"@type":"SearchAction","target":{"@type":"EntryPoint","urlTemplate":"https:\/\/artslibris.cat\/en\/?s={search_term_string}"},"query-input":{"@type":"PropertyValueSpecification","valueRequired":true,"valueName":"search_term_string"}}],"inLanguage":"en-US"},{"@type":"Organization","@id":"https:\/\/artslibris.cat\/en\/#organization","name":"ArtsLibris","url":"https:\/\/artslibris.cat\/en\/","logo":{"@type":"ImageObject","inLanguage":"en-US","@id":"https:\/\/artslibris.cat\/en\/#\/schema\/logo\/image\/","url":"https:\/\/artslibris.cat\/wp-content\/uploads\/2020\/05\/ArtsLibris-logo-black.svg","contentUrl":"https:\/\/artslibris.cat\/wp-content\/uploads\/2020\/05\/ArtsLibris-logo-black.svg","width":521,"height":85,"caption":"ArtsLibris"},"image":{"@id":"https:\/\/artslibris.cat\/en\/#\/schema\/logo\/image\/"},"sameAs":["https:\/\/www.facebook.com\/artslibris\/","https:\/\/x.com\/ArtsLibris","https:\/\/www.instagram.com\/artslibris\/"]}]}},"_links":{"self":[{"href":"https:\/\/artslibris.cat\/en\/wp-json\/wp\/v2\/product\/32704","targetHints":{"allow":["GET"]}}],"collection":[{"href":"https:\/\/artslibris.cat\/en\/wp-json\/wp\/v2\/product"}],"about":[{"href":"https:\/\/artslibris.cat\/en\/wp-json\/wp\/v2\/types\/product"}],"wp:featuredmedia":[{"embeddable":true,"href":"https:\/\/artslibris.cat\/en\/wp-json\/wp\/v2\/media\/32705"}],"wp:attachment":[{"href":"https:\/\/artslibris.cat\/en\/wp-json\/wp\/v2\/media?parent=32704"}],"wp:term":[{"taxonomy":"product_brand","embeddable":true,"href":"https:\/\/artslibris.cat\/en\/wp-json\/wp\/v2\/product_brand?post=32704"},{"taxonomy":"product_cat","embeddable":true,"href":"https:\/\/artslibris.cat\/en\/wp-json\/wp\/v2\/product_cat?post=32704"},{"taxonomy":"product_tag","embeddable":true,"href":"https:\/\/artslibris.cat\/en\/wp-json\/wp\/v2\/product_tag?post=32704"}],"curies":[{"name":"wp","href":"https:\/\/api.w.org\/{rel}","templated":true}]}}