{"id":2876,"date":"2020-10-14T10:32:55","date_gmt":"2020-10-14T10:32:55","guid":{"rendered":"https:\/\/artslibris.cat\/?post_type=product&#038;p=2876"},"modified":"2025-02-27T12:29:20","modified_gmt":"2025-02-27T12:29:20","slug":"curaduria-de-latinoamerica-20-entrevistas-a-quienes-cambiaron-el-arte-contemporaneo-vol-ii","status":"publish","type":"product","link":"https:\/\/artslibris.cat\/en\/tienda\/pensamiento-en\/curaduria-de-latinoamerica-20-entrevistas-a-quienes-cambiaron-el-arte-contemporaneo-vol-ii\/","title":{"rendered":"Curadur\u00eda de Latinoam\u00e9rica. 20 entrevistas a quienes cambiaron el arte contempor\u00e1neo (Vol. II) (Curatorship of Latin America. 20 interviews with those who changed contemporary art (Vol. II))"},"content":{"rendered":"<p>A second volume was needed to include the exhibitions and curators that have changed the course of artistic practice, from research and production to reception. Curatorship of Latin America is the result of several years of study and analysis of the main exhibitions of contemporary art through an introductory essay and a dialogue with those responsible for each exhibition. These exhibitions, although dedicated to Latin American art, have set the pace at the international level, being in many cases more creative, deeper, more inspiring or more precise than the more media-oriented productions devised by and for the hegemonic center.<\/p>\n","protected":false},"excerpt":{"rendered":"<p>Title: Curadur\u00eda de Latinoam\u00e9rica. 20 entrevistas a quienes cambiaron el arte contempor\u00e1neo (Vol. II) (Curatorship of Latin America. 20 interviews with those who changed contemporary art (Vol. II))<br \/>\nEditorial: Cendeac.<br \/>\nAuthor: Juan Jos\u00e9 Santos.<br \/>\nYear: 2020.<br \/>\nFormat: 412 p.<\/p>\n","protected":false},"featured_media":2789,"template":"","meta":{"_acf_changed":false,"site-sidebar-layout":"default","site-content-layout":"default","ast-site-content-layout":"default","site-content-style":"default","site-sidebar-style":"default","ast-global-header-display":"","ast-banner-title-visibility":"","ast-main-header-display":"","ast-hfb-above-header-display":"","ast-hfb-below-header-display":"","ast-hfb-mobile-header-display":"","site-post-title":"","ast-breadcrumbs-content":"","ast-featured-img":"","footer-sml-layout":"","ast-disable-related-posts":"","theme-transparent-header-meta":"default","adv-header-id-meta":"","stick-header-meta":"","header-above-stick-meta":"","header-main-stick-meta":"","header-below-stick-meta":"","astra-migrate-meta-layouts":"default","ast-page-background-enabled":"default","ast-page-background-meta":{"desktop":{"background-color":"","background-image":"","background-repeat":"repeat","background-position":"center center","background-size":"auto","background-attachment":"scroll","background-type":"","background-media":"","overlay-type":"","overlay-color":"","overlay-opacity":"","overlay-gradient":""},"tablet":{"background-color":"","background-image":"","background-repeat":"repeat","background-position":"center center","background-size":"auto","background-attachment":"scroll","background-type":"","background-media":"","overlay-type":"","overlay-color":"","overlay-opacity":"","overlay-gradient":""},"mobile":{"background-color":"","background-image":"","background-repeat":"repeat","background-position":"center center","background-size":"auto","background-attachment":"scroll","background-type":"","background-media":"","overlay-type":"","overlay-color":"","overlay-opacity":"","overlay-gradient":""}},"ast-content-background-meta":{"desktop":{"background-color":"var(--ast-global-color-5)","background-image":"","background-repeat":"repeat","background-position":"center center","background-size":"auto","background-attachment":"scroll","background-type":"","background-media":"","overlay-type":"","overlay-color":"","overlay-opacity":"","overlay-gradient":""},"tablet":{"background-color":"var(--ast-global-color-5)","background-image":"","background-repeat":"repeat","background-position":"center center","background-size":"auto","background-attachment":"scroll","background-type":"","background-media":"","overlay-type":"","overlay-color":"","overlay-opacity":"","overlay-gradient":""},"mobile":{"background-color":"var(--ast-global-color-5)","background-image":"","background-repeat":"repeat","background-position":"center center","background-size":"auto","background-attachment":"scroll","background-type":"","background-media":"","overlay-type":"","overlay-color":"","overlay-opacity":"","overlay-gradient":""}}},"product_brand":[],"product_cat":[89,92],"product_tag":[114],"class_list":{"0":"post-2876","1":"product","2":"type-product","3":"status-publish","4":"has-post-thumbnail","6":"product_cat-pensamiento-en","7":"product_cat-teoria-del-arte-en","8":"product_tag-cendeac-en","9":"desktop-align-left","10":"tablet-align-left","11":"mobile-align-left","13":"first","14":"instock","15":"taxable","16":"shipping-taxable","17":"purchasable","18":"product-type-simple"},"acf":[],"yoast_head":"<!-- This site is optimized with the Yoast SEO plugin v27.3 - https:\/\/yoast.com\/product\/yoast-seo-wordpress\/ -->\n<title>Curadur\u00eda de Latinoam\u00e9rica. 20 entrevistas a quienes cambiaron el arte contempor\u00e1neo (Vol. II) (Curatorship of Latin America. 20 interviews with those who changed contemporary art (Vol. II)) - ArtsLibris<\/title>\n<meta name=\"description\" content=\"&quot;Tienda ArtsLibris - Juan Jos\u00e9 Santos - Curadur\u00eda de Latinoam\u00e9rica&quot;\" \/>\n<meta name=\"robots\" content=\"index, follow, max-snippet:-1, max-image-preview:large, max-video-preview:-1\" \/>\n<link rel=\"canonical\" href=\"https:\/\/artslibris.cat\/en\/tienda\/pensamiento-en\/curaduria-de-latinoamerica-20-entrevistas-a-quienes-cambiaron-el-arte-contemporaneo-vol-ii\/\" \/>\n<meta property=\"og:locale\" content=\"en_US\" \/>\n<meta property=\"og:type\" content=\"article\" \/>\n<meta property=\"og:title\" content=\"Curadur\u00eda de Latinoam\u00e9rica. 20 entrevistas a quienes cambiaron el arte contempor\u00e1neo (Vol. II) (Curatorship of Latin America. 20 interviews with those who changed contemporary art (Vol. II)) - ArtsLibris\" \/>\n<meta property=\"og:description\" content=\"&quot;Tienda ArtsLibris - Juan Jos\u00e9 Santos - Curadur\u00eda de Latinoam\u00e9rica&quot;\" \/>\n<meta property=\"og:url\" content=\"https:\/\/artslibris.cat\/en\/tienda\/pensamiento-en\/curaduria-de-latinoamerica-20-entrevistas-a-quienes-cambiaron-el-arte-contemporaneo-vol-ii\/\" \/>\n<meta property=\"og:site_name\" content=\"ArtsLibris\" \/>\n<meta property=\"article:publisher\" content=\"https:\/\/www.facebook.com\/artslibris\/\" \/>\n<meta property=\"article:modified_time\" content=\"2025-02-27T12:29:20+00:00\" \/>\n<meta property=\"og:image\" content=\"https:\/\/artslibris.cat\/wp-content\/uploads\/2020\/10\/ArtsLibirs-cendeac-curaduria-de-latinoamerica-Vol.2.jpg\" \/>\n\t<meta property=\"og:image:width\" content=\"838\" \/>\n\t<meta property=\"og:image:height\" content=\"1280\" \/>\n\t<meta property=\"og:image:type\" content=\"image\/jpeg\" \/>\n<meta name=\"twitter:card\" content=\"summary_large_image\" \/>\n<meta name=\"twitter:site\" content=\"@ArtsLibris\" \/>\n<script type=\"application\/ld+json\" class=\"yoast-schema-graph\">{\"@context\":\"https:\\\/\\\/schema.org\",\"@graph\":[{\"@type\":\"WebPage\",\"@id\":\"https:\\\/\\\/artslibris.cat\\\/en\\\/tienda\\\/pensamiento-en\\\/curaduria-de-latinoamerica-20-entrevistas-a-quienes-cambiaron-el-arte-contemporaneo-vol-ii\\\/\",\"url\":\"https:\\\/\\\/artslibris.cat\\\/en\\\/tienda\\\/pensamiento-en\\\/curaduria-de-latinoamerica-20-entrevistas-a-quienes-cambiaron-el-arte-contemporaneo-vol-ii\\\/\",\"name\":\"Curadur\u00eda de Latinoam\u00e9rica. 20 entrevistas a quienes cambiaron el arte contempor\u00e1neo (Vol. II) (Curatorship of Latin America. 20 interviews with those who changed contemporary art (Vol. II)) - ArtsLibris\",\"isPartOf\":{\"@id\":\"https:\\\/\\\/artslibris.cat\\\/en\\\/#website\"},\"primaryImageOfPage\":{\"@id\":\"https:\\\/\\\/artslibris.cat\\\/en\\\/tienda\\\/pensamiento-en\\\/curaduria-de-latinoamerica-20-entrevistas-a-quienes-cambiaron-el-arte-contemporaneo-vol-ii\\\/#primaryimage\"},\"image\":{\"@id\":\"https:\\\/\\\/artslibris.cat\\\/en\\\/tienda\\\/pensamiento-en\\\/curaduria-de-latinoamerica-20-entrevistas-a-quienes-cambiaron-el-arte-contemporaneo-vol-ii\\\/#primaryimage\"},\"thumbnailUrl\":\"https:\\\/\\\/artslibris.cat\\\/wp-content\\\/uploads\\\/2020\\\/10\\\/ArtsLibirs-cendeac-curaduria-de-latinoamerica-Vol.2.jpg\",\"datePublished\":\"2020-10-14T10:32:55+00:00\",\"dateModified\":\"2025-02-27T12:29:20+00:00\",\"description\":\"\\\"Tienda ArtsLibris - Juan Jos\u00e9 Santos - Curadur\u00eda de Latinoam\u00e9rica\\\"\",\"breadcrumb\":{\"@id\":\"https:\\\/\\\/artslibris.cat\\\/en\\\/tienda\\\/pensamiento-en\\\/curaduria-de-latinoamerica-20-entrevistas-a-quienes-cambiaron-el-arte-contemporaneo-vol-ii\\\/#breadcrumb\"},\"inLanguage\":\"en-US\",\"potentialAction\":[{\"@type\":\"ReadAction\",\"target\":[\"https:\\\/\\\/artslibris.cat\\\/en\\\/tienda\\\/pensamiento-en\\\/curaduria-de-latinoamerica-20-entrevistas-a-quienes-cambiaron-el-arte-contemporaneo-vol-ii\\\/\"]}]},{\"@type\":\"ImageObject\",\"inLanguage\":\"en-US\",\"@id\":\"https:\\\/\\\/artslibris.cat\\\/en\\\/tienda\\\/pensamiento-en\\\/curaduria-de-latinoamerica-20-entrevistas-a-quienes-cambiaron-el-arte-contemporaneo-vol-ii\\\/#primaryimage\",\"url\":\"https:\\\/\\\/artslibris.cat\\\/wp-content\\\/uploads\\\/2020\\\/10\\\/ArtsLibirs-cendeac-curaduria-de-latinoamerica-Vol.2.jpg\",\"contentUrl\":\"https:\\\/\\\/artslibris.cat\\\/wp-content\\\/uploads\\\/2020\\\/10\\\/ArtsLibirs-cendeac-curaduria-de-latinoamerica-Vol.2.jpg\",\"width\":838,\"height\":1280},{\"@type\":\"BreadcrumbList\",\"@id\":\"https:\\\/\\\/artslibris.cat\\\/en\\\/tienda\\\/pensamiento-en\\\/curaduria-de-latinoamerica-20-entrevistas-a-quienes-cambiaron-el-arte-contemporaneo-vol-ii\\\/#breadcrumb\",\"itemListElement\":[{\"@type\":\"ListItem\",\"position\":1,\"name\":\"Portada\",\"item\":\"https:\\\/\\\/artslibris.cat\\\/en\\\/\"},{\"@type\":\"ListItem\",\"position\":2,\"name\":\"Shop\",\"item\":\"https:\\\/\\\/artslibris.cat\\\/en\\\/shop\\\/\"},{\"@type\":\"ListItem\",\"position\":3,\"name\":\"Curadur\u00eda de Latinoam\u00e9rica. 20 entrevistas a quienes cambiaron el arte contempor\u00e1neo (Vol. II) (Curatorship of Latin America. 20 interviews with those who changed contemporary art (Vol. II))\"}]},{\"@type\":\"WebSite\",\"@id\":\"https:\\\/\\\/artslibris.cat\\\/en\\\/#website\",\"url\":\"https:\\\/\\\/artslibris.cat\\\/en\\\/\",\"name\":\"ArtsLibris\",\"description\":\"\",\"publisher\":{\"@id\":\"https:\\\/\\\/artslibris.cat\\\/en\\\/#organization\"},\"potentialAction\":[{\"@type\":\"SearchAction\",\"target\":{\"@type\":\"EntryPoint\",\"urlTemplate\":\"https:\\\/\\\/artslibris.cat\\\/en\\\/?s={search_term_string}\"},\"query-input\":{\"@type\":\"PropertyValueSpecification\",\"valueRequired\":true,\"valueName\":\"search_term_string\"}}],\"inLanguage\":\"en-US\"},{\"@type\":\"Organization\",\"@id\":\"https:\\\/\\\/artslibris.cat\\\/en\\\/#organization\",\"name\":\"ArtsLibris\",\"url\":\"https:\\\/\\\/artslibris.cat\\\/en\\\/\",\"logo\":{\"@type\":\"ImageObject\",\"inLanguage\":\"en-US\",\"@id\":\"https:\\\/\\\/artslibris.cat\\\/en\\\/#\\\/schema\\\/logo\\\/image\\\/\",\"url\":\"https:\\\/\\\/artslibris.cat\\\/wp-content\\\/uploads\\\/2020\\\/05\\\/ArtsLibris-logo-black.svg\",\"contentUrl\":\"https:\\\/\\\/artslibris.cat\\\/wp-content\\\/uploads\\\/2020\\\/05\\\/ArtsLibris-logo-black.svg\",\"width\":521,\"height\":85,\"caption\":\"ArtsLibris\"},\"image\":{\"@id\":\"https:\\\/\\\/artslibris.cat\\\/en\\\/#\\\/schema\\\/logo\\\/image\\\/\"},\"sameAs\":[\"https:\\\/\\\/www.facebook.com\\\/artslibris\\\/\",\"https:\\\/\\\/x.com\\\/ArtsLibris\",\"https:\\\/\\\/www.instagram.com\\\/artslibris\\\/\"]}]}<\/script>\n<!-- \/ Yoast SEO plugin. -->","yoast_head_json":{"title":"Curadur\u00eda de Latinoam\u00e9rica. 20 entrevistas a quienes cambiaron el arte contempor\u00e1neo (Vol. II) (Curatorship of Latin America. 20 interviews with those who changed contemporary art (Vol. II)) - ArtsLibris","description":"\"Tienda ArtsLibris - Juan Jos\u00e9 Santos - Curadur\u00eda de Latinoam\u00e9rica\"","robots":{"index":"index","follow":"follow","max-snippet":"max-snippet:-1","max-image-preview":"max-image-preview:large","max-video-preview":"max-video-preview:-1"},"canonical":"https:\/\/artslibris.cat\/en\/tienda\/pensamiento-en\/curaduria-de-latinoamerica-20-entrevistas-a-quienes-cambiaron-el-arte-contemporaneo-vol-ii\/","og_locale":"en_US","og_type":"article","og_title":"Curadur\u00eda de Latinoam\u00e9rica. 20 entrevistas a quienes cambiaron el arte contempor\u00e1neo (Vol. II) (Curatorship of Latin America. 20 interviews with those who changed contemporary art (Vol. II)) - ArtsLibris","og_description":"\"Tienda ArtsLibris - Juan Jos\u00e9 Santos - Curadur\u00eda de Latinoam\u00e9rica\"","og_url":"https:\/\/artslibris.cat\/en\/tienda\/pensamiento-en\/curaduria-de-latinoamerica-20-entrevistas-a-quienes-cambiaron-el-arte-contemporaneo-vol-ii\/","og_site_name":"ArtsLibris","article_publisher":"https:\/\/www.facebook.com\/artslibris\/","article_modified_time":"2025-02-27T12:29:20+00:00","og_image":[{"width":838,"height":1280,"url":"https:\/\/artslibris.cat\/wp-content\/uploads\/2020\/10\/ArtsLibirs-cendeac-curaduria-de-latinoamerica-Vol.2.jpg","type":"image\/jpeg"}],"twitter_card":"summary_large_image","twitter_site":"@ArtsLibris","schema":{"@context":"https:\/\/schema.org","@graph":[{"@type":"WebPage","@id":"https:\/\/artslibris.cat\/en\/tienda\/pensamiento-en\/curaduria-de-latinoamerica-20-entrevistas-a-quienes-cambiaron-el-arte-contemporaneo-vol-ii\/","url":"https:\/\/artslibris.cat\/en\/tienda\/pensamiento-en\/curaduria-de-latinoamerica-20-entrevistas-a-quienes-cambiaron-el-arte-contemporaneo-vol-ii\/","name":"Curadur\u00eda de Latinoam\u00e9rica. 20 entrevistas a quienes cambiaron el arte contempor\u00e1neo (Vol. II) (Curatorship of Latin America. 20 interviews with those who changed contemporary art (Vol. II)) - ArtsLibris","isPartOf":{"@id":"https:\/\/artslibris.cat\/en\/#website"},"primaryImageOfPage":{"@id":"https:\/\/artslibris.cat\/en\/tienda\/pensamiento-en\/curaduria-de-latinoamerica-20-entrevistas-a-quienes-cambiaron-el-arte-contemporaneo-vol-ii\/#primaryimage"},"image":{"@id":"https:\/\/artslibris.cat\/en\/tienda\/pensamiento-en\/curaduria-de-latinoamerica-20-entrevistas-a-quienes-cambiaron-el-arte-contemporaneo-vol-ii\/#primaryimage"},"thumbnailUrl":"https:\/\/artslibris.cat\/wp-content\/uploads\/2020\/10\/ArtsLibirs-cendeac-curaduria-de-latinoamerica-Vol.2.jpg","datePublished":"2020-10-14T10:32:55+00:00","dateModified":"2025-02-27T12:29:20+00:00","description":"\"Tienda ArtsLibris - Juan Jos\u00e9 Santos - Curadur\u00eda de Latinoam\u00e9rica\"","breadcrumb":{"@id":"https:\/\/artslibris.cat\/en\/tienda\/pensamiento-en\/curaduria-de-latinoamerica-20-entrevistas-a-quienes-cambiaron-el-arte-contemporaneo-vol-ii\/#breadcrumb"},"inLanguage":"en-US","potentialAction":[{"@type":"ReadAction","target":["https:\/\/artslibris.cat\/en\/tienda\/pensamiento-en\/curaduria-de-latinoamerica-20-entrevistas-a-quienes-cambiaron-el-arte-contemporaneo-vol-ii\/"]}]},{"@type":"ImageObject","inLanguage":"en-US","@id":"https:\/\/artslibris.cat\/en\/tienda\/pensamiento-en\/curaduria-de-latinoamerica-20-entrevistas-a-quienes-cambiaron-el-arte-contemporaneo-vol-ii\/#primaryimage","url":"https:\/\/artslibris.cat\/wp-content\/uploads\/2020\/10\/ArtsLibirs-cendeac-curaduria-de-latinoamerica-Vol.2.jpg","contentUrl":"https:\/\/artslibris.cat\/wp-content\/uploads\/2020\/10\/ArtsLibirs-cendeac-curaduria-de-latinoamerica-Vol.2.jpg","width":838,"height":1280},{"@type":"BreadcrumbList","@id":"https:\/\/artslibris.cat\/en\/tienda\/pensamiento-en\/curaduria-de-latinoamerica-20-entrevistas-a-quienes-cambiaron-el-arte-contemporaneo-vol-ii\/#breadcrumb","itemListElement":[{"@type":"ListItem","position":1,"name":"Portada","item":"https:\/\/artslibris.cat\/en\/"},{"@type":"ListItem","position":2,"name":"Shop","item":"https:\/\/artslibris.cat\/en\/shop\/"},{"@type":"ListItem","position":3,"name":"Curadur\u00eda de Latinoam\u00e9rica. 20 entrevistas a quienes cambiaron el arte contempor\u00e1neo (Vol. II) (Curatorship of Latin America. 20 interviews with those who changed contemporary art (Vol. II))"}]},{"@type":"WebSite","@id":"https:\/\/artslibris.cat\/en\/#website","url":"https:\/\/artslibris.cat\/en\/","name":"ArtsLibris","description":"","publisher":{"@id":"https:\/\/artslibris.cat\/en\/#organization"},"potentialAction":[{"@type":"SearchAction","target":{"@type":"EntryPoint","urlTemplate":"https:\/\/artslibris.cat\/en\/?s={search_term_string}"},"query-input":{"@type":"PropertyValueSpecification","valueRequired":true,"valueName":"search_term_string"}}],"inLanguage":"en-US"},{"@type":"Organization","@id":"https:\/\/artslibris.cat\/en\/#organization","name":"ArtsLibris","url":"https:\/\/artslibris.cat\/en\/","logo":{"@type":"ImageObject","inLanguage":"en-US","@id":"https:\/\/artslibris.cat\/en\/#\/schema\/logo\/image\/","url":"https:\/\/artslibris.cat\/wp-content\/uploads\/2020\/05\/ArtsLibris-logo-black.svg","contentUrl":"https:\/\/artslibris.cat\/wp-content\/uploads\/2020\/05\/ArtsLibris-logo-black.svg","width":521,"height":85,"caption":"ArtsLibris"},"image":{"@id":"https:\/\/artslibris.cat\/en\/#\/schema\/logo\/image\/"},"sameAs":["https:\/\/www.facebook.com\/artslibris\/","https:\/\/x.com\/ArtsLibris","https:\/\/www.instagram.com\/artslibris\/"]}]}},"_links":{"self":[{"href":"https:\/\/artslibris.cat\/en\/wp-json\/wp\/v2\/product\/2876","targetHints":{"allow":["GET"]}}],"collection":[{"href":"https:\/\/artslibris.cat\/en\/wp-json\/wp\/v2\/product"}],"about":[{"href":"https:\/\/artslibris.cat\/en\/wp-json\/wp\/v2\/types\/product"}],"wp:featuredmedia":[{"embeddable":true,"href":"https:\/\/artslibris.cat\/en\/wp-json\/wp\/v2\/media\/2789"}],"wp:attachment":[{"href":"https:\/\/artslibris.cat\/en\/wp-json\/wp\/v2\/media?parent=2876"}],"wp:term":[{"taxonomy":"product_brand","embeddable":true,"href":"https:\/\/artslibris.cat\/en\/wp-json\/wp\/v2\/product_brand?post=2876"},{"taxonomy":"product_cat","embeddable":true,"href":"https:\/\/artslibris.cat\/en\/wp-json\/wp\/v2\/product_cat?post=2876"},{"taxonomy":"product_tag","embeddable":true,"href":"https:\/\/artslibris.cat\/en\/wp-json\/wp\/v2\/product_tag?post=2876"}],"curies":[{"name":"wp","href":"https:\/\/api.w.org\/{rel}","templated":true}]}}