{"id":2874,"date":"2020-10-14T10:34:39","date_gmt":"2020-10-14T10:34:39","guid":{"rendered":"https:\/\/artslibris.cat\/?post_type=product&#038;p=2874"},"modified":"2025-02-27T14:11:37","modified_gmt":"2025-02-27T14:11:37","slug":"pequeno-bestiario-de-monstruos-politicos-little-bestiary-of-political-monsters","status":"publish","type":"product","link":"https:\/\/artslibris.cat\/en\/tienda\/artist-book\/pequeno-bestiario-de-monstruos-politicos-little-bestiary-of-political-monsters\/","title":{"rendered":"Peque\u00f1o bestiario de monstruos pol\u00edticos (Little bestiary of political monsters)"},"content":{"rendered":"<p>Peque\u00f1o bestiario de monstruos pol\u00edticos is an essay project that addresses the subtext of monsters as a cultural construction of political meaning. From the political regimes they represent, to the social fears they embody, and the reasons why at certain moments they become a source of collective terror, this bestiary analyzes different hybrid creatures that emerge from collective desire and fear. For its elaboration I have counted on a cast of specialists of the fantastic, who have shaped a book accessible to non-academic readers.<\/p>\n","protected":false},"excerpt":{"rendered":"<p>Peque\u00f1o bestiario de monstruos pol\u00edticos is an essay project that addresses the subtext of monsters as a cultural construction of political meaning. From the political regimes they represent, to the social fears they embody, and the reasons why at certain moments they become a source of collective terror, this bestiary analyzes different hybrid creatures that [&hellip;]<\/p>\n","protected":false},"featured_media":28217,"template":"","meta":{"_acf_changed":false,"site-sidebar-layout":"default","site-content-layout":"default","ast-site-content-layout":"default","site-content-style":"default","site-sidebar-style":"default","ast-global-header-display":"","ast-banner-title-visibility":"","ast-main-header-display":"","ast-hfb-above-header-display":"","ast-hfb-below-header-display":"","ast-hfb-mobile-header-display":"","site-post-title":"","ast-breadcrumbs-content":"","ast-featured-img":"","footer-sml-layout":"","ast-disable-related-posts":"","theme-transparent-header-meta":"default","adv-header-id-meta":"","stick-header-meta":"","header-above-stick-meta":"","header-main-stick-meta":"","header-below-stick-meta":"","astra-migrate-meta-layouts":"default","ast-page-background-enabled":"default","ast-page-background-meta":{"desktop":{"background-color":"","background-image":"","background-repeat":"repeat","background-position":"center center","background-size":"auto","background-attachment":"scroll","background-type":"","background-media":"","overlay-type":"","overlay-color":"","overlay-opacity":"","overlay-gradient":""},"tablet":{"background-color":"","background-image":"","background-repeat":"repeat","background-position":"center center","background-size":"auto","background-attachment":"scroll","background-type":"","background-media":"","overlay-type":"","overlay-color":"","overlay-opacity":"","overlay-gradient":""},"mobile":{"background-color":"","background-image":"","background-repeat":"repeat","background-position":"center center","background-size":"auto","background-attachment":"scroll","background-type":"","background-media":"","overlay-type":"","overlay-color":"","overlay-opacity":"","overlay-gradient":""}},"ast-content-background-meta":{"desktop":{"background-color":"var(--ast-global-color-5)","background-image":"","background-repeat":"repeat","background-position":"center center","background-size":"auto","background-attachment":"scroll","background-type":"","background-media":"","overlay-type":"","overlay-color":"","overlay-opacity":"","overlay-gradient":""},"tablet":{"background-color":"var(--ast-global-color-5)","background-image":"","background-repeat":"repeat","background-position":"center center","background-size":"auto","background-attachment":"scroll","background-type":"","background-media":"","overlay-type":"","overlay-color":"","overlay-opacity":"","overlay-gradient":""},"mobile":{"background-color":"var(--ast-global-color-5)","background-image":"","background-repeat":"repeat","background-position":"center center","background-size":"auto","background-attachment":"scroll","background-type":"","background-media":"","overlay-type":"","overlay-color":"","overlay-opacity":"","overlay-gradient":""}}},"product_brand":[],"product_cat":[99,66],"product_tag":[118],"class_list":{"0":"post-2874","1":"product","2":"type-product","3":"status-publish","4":"has-post-thumbnail","6":"product_cat-catalogo-en","7":"product_cat-artist-book","8":"product_tag-rociosantacruz-en","9":"desktop-align-left","10":"tablet-align-left","11":"mobile-align-left","13":"first","14":"instock","15":"shipping-taxable","16":"purchasable","17":"product-type-simple"},"acf":[],"yoast_head":"<!-- This site is optimized with the Yoast SEO plugin v27.1.1 - https:\/\/yoast.com\/product\/yoast-seo-wordpress\/ -->\n<title>Peque\u00f1o bestiario de monstruos pol\u00edticos (Little bestiary of political monsters) - ArtsLibris<\/title>\n<meta name=\"description\" content=\"&quot;Tienda ArtsLibris - Julia Ram\u00edrez-Blanco - Peque\u00f1o bestiario de monstruos pol\u00edticos&quot;\" \/>\n<meta name=\"robots\" content=\"index, follow, max-snippet:-1, max-image-preview:large, max-video-preview:-1\" \/>\n<link rel=\"canonical\" href=\"https:\/\/artslibris.cat\/en\/tienda\/artist-book\/pequeno-bestiario-de-monstruos-politicos-little-bestiary-of-political-monsters\/\" \/>\n<meta property=\"og:locale\" content=\"en_US\" \/>\n<meta property=\"og:type\" content=\"article\" \/>\n<meta property=\"og:title\" content=\"Peque\u00f1o bestiario de monstruos pol\u00edticos (Little bestiary of political monsters) - ArtsLibris\" \/>\n<meta property=\"og:description\" content=\"&quot;Tienda ArtsLibris - Julia Ram\u00edrez-Blanco - Peque\u00f1o bestiario de monstruos pol\u00edticos&quot;\" \/>\n<meta property=\"og:url\" content=\"https:\/\/artslibris.cat\/en\/tienda\/artist-book\/pequeno-bestiario-de-monstruos-politicos-little-bestiary-of-political-monsters\/\" \/>\n<meta property=\"og:site_name\" content=\"ArtsLibris\" \/>\n<meta property=\"article:publisher\" content=\"https:\/\/www.facebook.com\/artslibris\/\" \/>\n<meta property=\"article:modified_time\" content=\"2025-02-27T14:11:37+00:00\" \/>\n<meta property=\"og:image\" content=\"https:\/\/artslibris.cat\/wp-content\/uploads\/2020\/10\/Pequeno-bestiario-de-monstruos-politicos.jpeg\" \/>\n\t<meta property=\"og:image:width\" content=\"846\" \/>\n\t<meta property=\"og:image:height\" content=\"1280\" \/>\n\t<meta property=\"og:image:type\" content=\"image\/jpeg\" \/>\n<meta name=\"twitter:card\" content=\"summary_large_image\" \/>\n<meta name=\"twitter:site\" content=\"@ArtsLibris\" \/>\n<script type=\"application\/ld+json\" class=\"yoast-schema-graph\">{\"@context\":\"https:\/\/schema.org\",\"@graph\":[{\"@type\":\"WebPage\",\"@id\":\"https:\/\/artslibris.cat\/en\/tienda\/artist-book\/pequeno-bestiario-de-monstruos-politicos-little-bestiary-of-political-monsters\/\",\"url\":\"https:\/\/artslibris.cat\/en\/tienda\/artist-book\/pequeno-bestiario-de-monstruos-politicos-little-bestiary-of-political-monsters\/\",\"name\":\"Peque\u00f1o bestiario de monstruos pol\u00edticos (Little bestiary of political monsters) - ArtsLibris\",\"isPartOf\":{\"@id\":\"https:\/\/artslibris.cat\/en\/#website\"},\"primaryImageOfPage\":{\"@id\":\"https:\/\/artslibris.cat\/en\/tienda\/artist-book\/pequeno-bestiario-de-monstruos-politicos-little-bestiary-of-political-monsters\/#primaryimage\"},\"image\":{\"@id\":\"https:\/\/artslibris.cat\/en\/tienda\/artist-book\/pequeno-bestiario-de-monstruos-politicos-little-bestiary-of-political-monsters\/#primaryimage\"},\"thumbnailUrl\":\"https:\/\/artslibris.cat\/wp-content\/uploads\/2020\/10\/Pequeno-bestiario-de-monstruos-politicos.jpeg\",\"datePublished\":\"2020-10-14T10:34:39+00:00\",\"dateModified\":\"2025-02-27T14:11:37+00:00\",\"description\":\"\\\"Tienda ArtsLibris - Julia Ram\u00edrez-Blanco - Peque\u00f1o bestiario de monstruos pol\u00edticos\\\"\",\"breadcrumb\":{\"@id\":\"https:\/\/artslibris.cat\/en\/tienda\/artist-book\/pequeno-bestiario-de-monstruos-politicos-little-bestiary-of-political-monsters\/#breadcrumb\"},\"inLanguage\":\"en-US\",\"potentialAction\":[{\"@type\":\"ReadAction\",\"target\":[\"https:\/\/artslibris.cat\/en\/tienda\/artist-book\/pequeno-bestiario-de-monstruos-politicos-little-bestiary-of-political-monsters\/\"]}]},{\"@type\":\"ImageObject\",\"inLanguage\":\"en-US\",\"@id\":\"https:\/\/artslibris.cat\/en\/tienda\/artist-book\/pequeno-bestiario-de-monstruos-politicos-little-bestiary-of-political-monsters\/#primaryimage\",\"url\":\"https:\/\/artslibris.cat\/wp-content\/uploads\/2020\/10\/Pequeno-bestiario-de-monstruos-politicos.jpeg\",\"contentUrl\":\"https:\/\/artslibris.cat\/wp-content\/uploads\/2020\/10\/Pequeno-bestiario-de-monstruos-politicos.jpeg\",\"width\":846,\"height\":1280,\"caption\":\"Canon Inc\"},{\"@type\":\"BreadcrumbList\",\"@id\":\"https:\/\/artslibris.cat\/en\/tienda\/artist-book\/pequeno-bestiario-de-monstruos-politicos-little-bestiary-of-political-monsters\/#breadcrumb\",\"itemListElement\":[{\"@type\":\"ListItem\",\"position\":1,\"name\":\"Portada\",\"item\":\"https:\/\/artslibris.cat\/en\/\"},{\"@type\":\"ListItem\",\"position\":2,\"name\":\"Shop\",\"item\":\"https:\/\/artslibris.cat\/en\/shop\/\"},{\"@type\":\"ListItem\",\"position\":3,\"name\":\"Peque\u00f1o bestiario de monstruos pol\u00edticos (Little bestiary of political monsters)\"}]},{\"@type\":\"WebSite\",\"@id\":\"https:\/\/artslibris.cat\/en\/#website\",\"url\":\"https:\/\/artslibris.cat\/en\/\",\"name\":\"ArtsLibris\",\"description\":\"\",\"publisher\":{\"@id\":\"https:\/\/artslibris.cat\/en\/#organization\"},\"potentialAction\":[{\"@type\":\"SearchAction\",\"target\":{\"@type\":\"EntryPoint\",\"urlTemplate\":\"https:\/\/artslibris.cat\/en\/?s={search_term_string}\"},\"query-input\":{\"@type\":\"PropertyValueSpecification\",\"valueRequired\":true,\"valueName\":\"search_term_string\"}}],\"inLanguage\":\"en-US\"},{\"@type\":\"Organization\",\"@id\":\"https:\/\/artslibris.cat\/en\/#organization\",\"name\":\"ArtsLibris\",\"url\":\"https:\/\/artslibris.cat\/en\/\",\"logo\":{\"@type\":\"ImageObject\",\"inLanguage\":\"en-US\",\"@id\":\"https:\/\/artslibris.cat\/en\/#\/schema\/logo\/image\/\",\"url\":\"https:\/\/artslibris.cat\/wp-content\/uploads\/2020\/05\/ArtsLibris-logo-black.svg\",\"contentUrl\":\"https:\/\/artslibris.cat\/wp-content\/uploads\/2020\/05\/ArtsLibris-logo-black.svg\",\"width\":521,\"height\":85,\"caption\":\"ArtsLibris\"},\"image\":{\"@id\":\"https:\/\/artslibris.cat\/en\/#\/schema\/logo\/image\/\"},\"sameAs\":[\"https:\/\/www.facebook.com\/artslibris\/\",\"https:\/\/x.com\/ArtsLibris\",\"https:\/\/www.instagram.com\/artslibris\/\"]}]}<\/script>\n<!-- \/ Yoast SEO plugin. -->","yoast_head_json":{"title":"Peque\u00f1o bestiario de monstruos pol\u00edticos (Little bestiary of political monsters) - ArtsLibris","description":"\"Tienda ArtsLibris - Julia Ram\u00edrez-Blanco - Peque\u00f1o bestiario de monstruos pol\u00edticos\"","robots":{"index":"index","follow":"follow","max-snippet":"max-snippet:-1","max-image-preview":"max-image-preview:large","max-video-preview":"max-video-preview:-1"},"canonical":"https:\/\/artslibris.cat\/en\/tienda\/artist-book\/pequeno-bestiario-de-monstruos-politicos-little-bestiary-of-political-monsters\/","og_locale":"en_US","og_type":"article","og_title":"Peque\u00f1o bestiario de monstruos pol\u00edticos (Little bestiary of political monsters) - ArtsLibris","og_description":"\"Tienda ArtsLibris - Julia Ram\u00edrez-Blanco - Peque\u00f1o bestiario de monstruos pol\u00edticos\"","og_url":"https:\/\/artslibris.cat\/en\/tienda\/artist-book\/pequeno-bestiario-de-monstruos-politicos-little-bestiary-of-political-monsters\/","og_site_name":"ArtsLibris","article_publisher":"https:\/\/www.facebook.com\/artslibris\/","article_modified_time":"2025-02-27T14:11:37+00:00","og_image":[{"width":846,"height":1280,"url":"https:\/\/artslibris.cat\/wp-content\/uploads\/2020\/10\/Pequeno-bestiario-de-monstruos-politicos.jpeg","type":"image\/jpeg"}],"twitter_card":"summary_large_image","twitter_site":"@ArtsLibris","schema":{"@context":"https:\/\/schema.org","@graph":[{"@type":"WebPage","@id":"https:\/\/artslibris.cat\/en\/tienda\/artist-book\/pequeno-bestiario-de-monstruos-politicos-little-bestiary-of-political-monsters\/","url":"https:\/\/artslibris.cat\/en\/tienda\/artist-book\/pequeno-bestiario-de-monstruos-politicos-little-bestiary-of-political-monsters\/","name":"Peque\u00f1o bestiario de monstruos pol\u00edticos (Little bestiary of political monsters) - ArtsLibris","isPartOf":{"@id":"https:\/\/artslibris.cat\/en\/#website"},"primaryImageOfPage":{"@id":"https:\/\/artslibris.cat\/en\/tienda\/artist-book\/pequeno-bestiario-de-monstruos-politicos-little-bestiary-of-political-monsters\/#primaryimage"},"image":{"@id":"https:\/\/artslibris.cat\/en\/tienda\/artist-book\/pequeno-bestiario-de-monstruos-politicos-little-bestiary-of-political-monsters\/#primaryimage"},"thumbnailUrl":"https:\/\/artslibris.cat\/wp-content\/uploads\/2020\/10\/Pequeno-bestiario-de-monstruos-politicos.jpeg","datePublished":"2020-10-14T10:34:39+00:00","dateModified":"2025-02-27T14:11:37+00:00","description":"\"Tienda ArtsLibris - Julia Ram\u00edrez-Blanco - Peque\u00f1o bestiario de monstruos pol\u00edticos\"","breadcrumb":{"@id":"https:\/\/artslibris.cat\/en\/tienda\/artist-book\/pequeno-bestiario-de-monstruos-politicos-little-bestiary-of-political-monsters\/#breadcrumb"},"inLanguage":"en-US","potentialAction":[{"@type":"ReadAction","target":["https:\/\/artslibris.cat\/en\/tienda\/artist-book\/pequeno-bestiario-de-monstruos-politicos-little-bestiary-of-political-monsters\/"]}]},{"@type":"ImageObject","inLanguage":"en-US","@id":"https:\/\/artslibris.cat\/en\/tienda\/artist-book\/pequeno-bestiario-de-monstruos-politicos-little-bestiary-of-political-monsters\/#primaryimage","url":"https:\/\/artslibris.cat\/wp-content\/uploads\/2020\/10\/Pequeno-bestiario-de-monstruos-politicos.jpeg","contentUrl":"https:\/\/artslibris.cat\/wp-content\/uploads\/2020\/10\/Pequeno-bestiario-de-monstruos-politicos.jpeg","width":846,"height":1280,"caption":"Canon Inc"},{"@type":"BreadcrumbList","@id":"https:\/\/artslibris.cat\/en\/tienda\/artist-book\/pequeno-bestiario-de-monstruos-politicos-little-bestiary-of-political-monsters\/#breadcrumb","itemListElement":[{"@type":"ListItem","position":1,"name":"Portada","item":"https:\/\/artslibris.cat\/en\/"},{"@type":"ListItem","position":2,"name":"Shop","item":"https:\/\/artslibris.cat\/en\/shop\/"},{"@type":"ListItem","position":3,"name":"Peque\u00f1o bestiario de monstruos pol\u00edticos (Little bestiary of political monsters)"}]},{"@type":"WebSite","@id":"https:\/\/artslibris.cat\/en\/#website","url":"https:\/\/artslibris.cat\/en\/","name":"ArtsLibris","description":"","publisher":{"@id":"https:\/\/artslibris.cat\/en\/#organization"},"potentialAction":[{"@type":"SearchAction","target":{"@type":"EntryPoint","urlTemplate":"https:\/\/artslibris.cat\/en\/?s={search_term_string}"},"query-input":{"@type":"PropertyValueSpecification","valueRequired":true,"valueName":"search_term_string"}}],"inLanguage":"en-US"},{"@type":"Organization","@id":"https:\/\/artslibris.cat\/en\/#organization","name":"ArtsLibris","url":"https:\/\/artslibris.cat\/en\/","logo":{"@type":"ImageObject","inLanguage":"en-US","@id":"https:\/\/artslibris.cat\/en\/#\/schema\/logo\/image\/","url":"https:\/\/artslibris.cat\/wp-content\/uploads\/2020\/05\/ArtsLibris-logo-black.svg","contentUrl":"https:\/\/artslibris.cat\/wp-content\/uploads\/2020\/05\/ArtsLibris-logo-black.svg","width":521,"height":85,"caption":"ArtsLibris"},"image":{"@id":"https:\/\/artslibris.cat\/en\/#\/schema\/logo\/image\/"},"sameAs":["https:\/\/www.facebook.com\/artslibris\/","https:\/\/x.com\/ArtsLibris","https:\/\/www.instagram.com\/artslibris\/"]}]}},"_links":{"self":[{"href":"https:\/\/artslibris.cat\/en\/wp-json\/wp\/v2\/product\/2874","targetHints":{"allow":["GET"]}}],"collection":[{"href":"https:\/\/artslibris.cat\/en\/wp-json\/wp\/v2\/product"}],"about":[{"href":"https:\/\/artslibris.cat\/en\/wp-json\/wp\/v2\/types\/product"}],"wp:featuredmedia":[{"embeddable":true,"href":"https:\/\/artslibris.cat\/en\/wp-json\/wp\/v2\/media\/28217"}],"wp:attachment":[{"href":"https:\/\/artslibris.cat\/en\/wp-json\/wp\/v2\/media?parent=2874"}],"wp:term":[{"taxonomy":"product_brand","embeddable":true,"href":"https:\/\/artslibris.cat\/en\/wp-json\/wp\/v2\/product_brand?post=2874"},{"taxonomy":"product_cat","embeddable":true,"href":"https:\/\/artslibris.cat\/en\/wp-json\/wp\/v2\/product_cat?post=2874"},{"taxonomy":"product_tag","embeddable":true,"href":"https:\/\/artslibris.cat\/en\/wp-json\/wp\/v2\/product_tag?post=2874"}],"curies":[{"name":"wp","href":"https:\/\/api.w.org\/{rel}","templated":true}]}}