{"id":19716,"date":"2022-09-13T13:29:13","date_gmt":"2022-09-13T13:29:13","guid":{"rendered":"https:\/\/artslibris.cat\/tienda\/uncategorized\/hoodoo-voodoo\/"},"modified":"2025-12-16T17:25:25","modified_gmt":"2025-12-16T17:25:25","slug":"hoodoo-voodoo","status":"publish","type":"product","link":"https:\/\/artslibris.cat\/en\/tienda\/artist-book\/hoodoo-voodoo\/","title":{"rendered":"Hoodoo Voodoo"},"content":{"rendered":"<p><em>Hoodoo Voodoo<\/em>\u00a0es la primera antolog\u00eda de Fosfatina. 192 p\u00e1ginas a todo color en las que participan 21 autores que guardan relaci\u00f3n entre s\u00ed por t\u00e9cnica, contenido, idiosincrasia, y referente. Todos ellos hacen de motor para la escena gr\u00e1fica de vanguardia de este pa\u00eds, donde conviven historias creadas para la ocasi\u00f3n y algunas maravillas que no pod\u00edan dejar de incluirse en este masivo proyecto. Adem\u00e1s el libro goza de un pr\u00f3logo te\u00f3rico, dos magn\u00edficos ensayos de Octavio Beares y Gerardo Vilches.<\/p>\n<div>\u00abLas autoras y autores aqu\u00ed presentes representan a una generaci\u00f3n que no teme romper las normas, que no siente nostalgia ni necesidad de respetar ning\u00fan canon. Alejados de las tradiciones narrativas que han dominado la historia del c\u00f3mic internacional, se acercan a este medio sin prejuicios, desde la multidisciplinariedad y la experimentaci\u00f3n.<\/div>\n<div><\/div>\n<div>\n<p>En los m\u00e1rgenes de una industria de la que no parece querer participar, la vanguardia del c\u00f3mic espa\u00f1ol cuestiona el relato cl\u00e1sico, los modos convencionales de representaci\u00f3n y los est\u00e1ndares visuales figurativos para sumergirse en nuevos territorios: el formalismo, lo ic\u00f3nico, lo na\u00edf, la abstracci\u00f3n pura. Profundizando en sus ra\u00edces y expandiendo sus l\u00edmites, demuestran que el c\u00f3mic es un medio en permanente transformaci\u00f3n, cuyas posibilidades exceden el simple entretenimiento y permiten llegar all\u00ed donde la imaginaci\u00f3n nos lleve.\u00bb<\/p>\n<\/div>\n","protected":false},"excerpt":{"rendered":"<p><strong>Autor: <\/strong>VV.AA<strong><\/p>\n<p>P\u00e1ginas<\/strong>: 192 Color<\/p>\n<p><strong>Encuadernaci\u00f3n: <\/strong>R\u00fastica con solapas y doble cubierta<\/p>\n<p><strong>Medidas:<\/strong> 170\u00d7240 mm<\/p>\n<p><strong>Idioma<\/strong>: Castellano<\/p>\n<p><strong>ISBN<\/strong>: 978-84-945644-99<\/p>\n<p><strong>Noviembre, 2016<\/strong><\/p>\n","protected":false},"featured_media":19633,"template":"","meta":{"_acf_changed":false,"site-sidebar-layout":"default","site-content-layout":"default","ast-site-content-layout":"default","site-content-style":"default","site-sidebar-style":"default","ast-global-header-display":"","ast-banner-title-visibility":"","ast-main-header-display":"","ast-hfb-above-header-display":"","ast-hfb-below-header-display":"","ast-hfb-mobile-header-display":"","site-post-title":"","ast-breadcrumbs-content":"","ast-featured-img":"","footer-sml-layout":"","ast-disable-related-posts":"","theme-transparent-header-meta":"","adv-header-id-meta":"","stick-header-meta":"","header-above-stick-meta":"","header-main-stick-meta":"","header-below-stick-meta":"","astra-migrate-meta-layouts":"default","ast-page-background-enabled":"default","ast-page-background-meta":{"desktop":{"background-color":"","background-image":"","background-repeat":"repeat","background-position":"center center","background-size":"auto","background-attachment":"scroll","background-type":"","background-media":"","overlay-type":"","overlay-color":"","overlay-opacity":"","overlay-gradient":""},"tablet":{"background-color":"","background-image":"","background-repeat":"repeat","background-position":"center center","background-size":"auto","background-attachment":"scroll","background-type":"","background-media":"","overlay-type":"","overlay-color":"","overlay-opacity":"","overlay-gradient":""},"mobile":{"background-color":"","background-image":"","background-repeat":"repeat","background-position":"center center","background-size":"auto","background-attachment":"scroll","background-type":"","background-media":"","overlay-type":"","overlay-color":"","overlay-opacity":"","overlay-gradient":""}},"ast-content-background-meta":{"desktop":{"background-color":"var(--ast-global-color-5)","background-image":"","background-repeat":"repeat","background-position":"center center","background-size":"auto","background-attachment":"scroll","background-type":"","background-media":"","overlay-type":"","overlay-color":"","overlay-opacity":"","overlay-gradient":""},"tablet":{"background-color":"var(--ast-global-color-5)","background-image":"","background-repeat":"repeat","background-position":"center center","background-size":"auto","background-attachment":"scroll","background-type":"","background-media":"","overlay-type":"","overlay-color":"","overlay-opacity":"","overlay-gradient":""},"mobile":{"background-color":"var(--ast-global-color-5)","background-image":"","background-repeat":"repeat","background-position":"center center","background-size":"auto","background-attachment":"scroll","background-type":"","background-media":"","overlay-type":"","overlay-color":"","overlay-opacity":"","overlay-gradient":""}}},"product_brand":[],"product_cat":[102,66],"product_tag":[390],"class_list":{"0":"post-19716","1":"product","2":"type-product","3":"status-publish","4":"has-post-thumbnail","6":"product_cat-feature","7":"product_cat-artist-book","8":"product_tag-editorial-elvira-en","9":"desktop-align-left","10":"tablet-align-left","11":"mobile-align-left","13":"first","14":"instock","15":"shipping-taxable","16":"purchasable","17":"product-type-simple"},"acf":[],"yoast_head":"<!-- This site is optimized with the Yoast SEO plugin v27.1.1 - https:\/\/yoast.com\/product\/yoast-seo-wordpress\/ -->\n<title>Hoodoo Voodoo - ArtsLibris<\/title>\n<meta name=\"robots\" content=\"index, follow, max-snippet:-1, max-image-preview:large, max-video-preview:-1\" \/>\n<link rel=\"canonical\" href=\"https:\/\/artslibris.cat\/en\/tienda\/artist-book\/hoodoo-voodoo\/\" \/>\n<meta property=\"og:locale\" content=\"en_US\" \/>\n<meta property=\"og:type\" content=\"article\" \/>\n<meta property=\"og:title\" content=\"Hoodoo Voodoo - ArtsLibris\" \/>\n<meta property=\"og:description\" content=\"Autor: VV.AA P\u00e1ginas: 192 Color Encuadernaci\u00f3n: R\u00fastica con solapas y doble cubierta Medidas: 170\u00d7240 mm Idioma: Castellano ISBN: 978-84-945644-99 Noviembre, 2016\" \/>\n<meta property=\"og:url\" content=\"https:\/\/artslibris.cat\/en\/tienda\/artist-book\/hoodoo-voodoo\/\" \/>\n<meta property=\"og:site_name\" content=\"ArtsLibris\" \/>\n<meta property=\"article:publisher\" content=\"https:\/\/www.facebook.com\/artslibris\/\" \/>\n<meta property=\"article:modified_time\" content=\"2025-12-16T17:25:25+00:00\" \/>\n<meta property=\"og:image\" content=\"https:\/\/artslibris.cat\/wp-content\/uploads\/2022\/09\/Captura-de-pantalla-2022-09-13-a-las-15.24.30.png\" \/>\n\t<meta property=\"og:image:width\" content=\"490\" \/>\n\t<meta property=\"og:image:height\" content=\"716\" \/>\n\t<meta property=\"og:image:type\" content=\"image\/png\" \/>\n<meta name=\"twitter:card\" content=\"summary_large_image\" \/>\n<meta name=\"twitter:site\" content=\"@ArtsLibris\" \/>\n<meta name=\"twitter:label1\" content=\"Est. reading time\" \/>\n\t<meta name=\"twitter:data1\" content=\"1 minute\" \/>\n<script type=\"application\/ld+json\" class=\"yoast-schema-graph\">{\"@context\":\"https:\/\/schema.org\",\"@graph\":[{\"@type\":\"WebPage\",\"@id\":\"https:\/\/artslibris.cat\/en\/tienda\/artist-book\/hoodoo-voodoo\/\",\"url\":\"https:\/\/artslibris.cat\/en\/tienda\/artist-book\/hoodoo-voodoo\/\",\"name\":\"Hoodoo Voodoo - ArtsLibris\",\"isPartOf\":{\"@id\":\"https:\/\/artslibris.cat\/en\/#website\"},\"primaryImageOfPage\":{\"@id\":\"https:\/\/artslibris.cat\/en\/tienda\/artist-book\/hoodoo-voodoo\/#primaryimage\"},\"image\":{\"@id\":\"https:\/\/artslibris.cat\/en\/tienda\/artist-book\/hoodoo-voodoo\/#primaryimage\"},\"thumbnailUrl\":\"https:\/\/artslibris.cat\/wp-content\/uploads\/2022\/09\/Captura-de-pantalla-2022-09-13-a-las-15.24.30.png\",\"datePublished\":\"2022-09-13T13:29:13+00:00\",\"dateModified\":\"2025-12-16T17:25:25+00:00\",\"breadcrumb\":{\"@id\":\"https:\/\/artslibris.cat\/en\/tienda\/artist-book\/hoodoo-voodoo\/#breadcrumb\"},\"inLanguage\":\"en-US\",\"potentialAction\":[{\"@type\":\"ReadAction\",\"target\":[\"https:\/\/artslibris.cat\/en\/tienda\/artist-book\/hoodoo-voodoo\/\"]}]},{\"@type\":\"ImageObject\",\"inLanguage\":\"en-US\",\"@id\":\"https:\/\/artslibris.cat\/en\/tienda\/artist-book\/hoodoo-voodoo\/#primaryimage\",\"url\":\"https:\/\/artslibris.cat\/wp-content\/uploads\/2022\/09\/Captura-de-pantalla-2022-09-13-a-las-15.24.30.png\",\"contentUrl\":\"https:\/\/artslibris.cat\/wp-content\/uploads\/2022\/09\/Captura-de-pantalla-2022-09-13-a-las-15.24.30.png\",\"width\":490,\"height\":716},{\"@type\":\"BreadcrumbList\",\"@id\":\"https:\/\/artslibris.cat\/en\/tienda\/artist-book\/hoodoo-voodoo\/#breadcrumb\",\"itemListElement\":[{\"@type\":\"ListItem\",\"position\":1,\"name\":\"Portada\",\"item\":\"https:\/\/artslibris.cat\/en\/\"},{\"@type\":\"ListItem\",\"position\":2,\"name\":\"Shop\",\"item\":\"https:\/\/artslibris.cat\/en\/shop\/\"},{\"@type\":\"ListItem\",\"position\":3,\"name\":\"Hoodoo Voodoo\"}]},{\"@type\":\"WebSite\",\"@id\":\"https:\/\/artslibris.cat\/en\/#website\",\"url\":\"https:\/\/artslibris.cat\/en\/\",\"name\":\"ArtsLibris\",\"description\":\"\",\"publisher\":{\"@id\":\"https:\/\/artslibris.cat\/en\/#organization\"},\"potentialAction\":[{\"@type\":\"SearchAction\",\"target\":{\"@type\":\"EntryPoint\",\"urlTemplate\":\"https:\/\/artslibris.cat\/en\/?s={search_term_string}\"},\"query-input\":{\"@type\":\"PropertyValueSpecification\",\"valueRequired\":true,\"valueName\":\"search_term_string\"}}],\"inLanguage\":\"en-US\"},{\"@type\":\"Organization\",\"@id\":\"https:\/\/artslibris.cat\/en\/#organization\",\"name\":\"ArtsLibris\",\"url\":\"https:\/\/artslibris.cat\/en\/\",\"logo\":{\"@type\":\"ImageObject\",\"inLanguage\":\"en-US\",\"@id\":\"https:\/\/artslibris.cat\/en\/#\/schema\/logo\/image\/\",\"url\":\"https:\/\/artslibris.cat\/wp-content\/uploads\/2020\/05\/ArtsLibris-logo-black.svg\",\"contentUrl\":\"https:\/\/artslibris.cat\/wp-content\/uploads\/2020\/05\/ArtsLibris-logo-black.svg\",\"width\":521,\"height\":85,\"caption\":\"ArtsLibris\"},\"image\":{\"@id\":\"https:\/\/artslibris.cat\/en\/#\/schema\/logo\/image\/\"},\"sameAs\":[\"https:\/\/www.facebook.com\/artslibris\/\",\"https:\/\/x.com\/ArtsLibris\",\"https:\/\/www.instagram.com\/artslibris\/\"]}]}<\/script>\n<!-- \/ Yoast SEO plugin. -->","yoast_head_json":{"title":"Hoodoo Voodoo - ArtsLibris","robots":{"index":"index","follow":"follow","max-snippet":"max-snippet:-1","max-image-preview":"max-image-preview:large","max-video-preview":"max-video-preview:-1"},"canonical":"https:\/\/artslibris.cat\/en\/tienda\/artist-book\/hoodoo-voodoo\/","og_locale":"en_US","og_type":"article","og_title":"Hoodoo Voodoo - ArtsLibris","og_description":"Autor: VV.AA P\u00e1ginas: 192 Color Encuadernaci\u00f3n: R\u00fastica con solapas y doble cubierta Medidas: 170\u00d7240 mm Idioma: Castellano ISBN: 978-84-945644-99 Noviembre, 2016","og_url":"https:\/\/artslibris.cat\/en\/tienda\/artist-book\/hoodoo-voodoo\/","og_site_name":"ArtsLibris","article_publisher":"https:\/\/www.facebook.com\/artslibris\/","article_modified_time":"2025-12-16T17:25:25+00:00","og_image":[{"width":490,"height":716,"url":"https:\/\/artslibris.cat\/wp-content\/uploads\/2022\/09\/Captura-de-pantalla-2022-09-13-a-las-15.24.30.png","type":"image\/png"}],"twitter_card":"summary_large_image","twitter_site":"@ArtsLibris","twitter_misc":{"Est. reading time":"1 minute"},"schema":{"@context":"https:\/\/schema.org","@graph":[{"@type":"WebPage","@id":"https:\/\/artslibris.cat\/en\/tienda\/artist-book\/hoodoo-voodoo\/","url":"https:\/\/artslibris.cat\/en\/tienda\/artist-book\/hoodoo-voodoo\/","name":"Hoodoo Voodoo - ArtsLibris","isPartOf":{"@id":"https:\/\/artslibris.cat\/en\/#website"},"primaryImageOfPage":{"@id":"https:\/\/artslibris.cat\/en\/tienda\/artist-book\/hoodoo-voodoo\/#primaryimage"},"image":{"@id":"https:\/\/artslibris.cat\/en\/tienda\/artist-book\/hoodoo-voodoo\/#primaryimage"},"thumbnailUrl":"https:\/\/artslibris.cat\/wp-content\/uploads\/2022\/09\/Captura-de-pantalla-2022-09-13-a-las-15.24.30.png","datePublished":"2022-09-13T13:29:13+00:00","dateModified":"2025-12-16T17:25:25+00:00","breadcrumb":{"@id":"https:\/\/artslibris.cat\/en\/tienda\/artist-book\/hoodoo-voodoo\/#breadcrumb"},"inLanguage":"en-US","potentialAction":[{"@type":"ReadAction","target":["https:\/\/artslibris.cat\/en\/tienda\/artist-book\/hoodoo-voodoo\/"]}]},{"@type":"ImageObject","inLanguage":"en-US","@id":"https:\/\/artslibris.cat\/en\/tienda\/artist-book\/hoodoo-voodoo\/#primaryimage","url":"https:\/\/artslibris.cat\/wp-content\/uploads\/2022\/09\/Captura-de-pantalla-2022-09-13-a-las-15.24.30.png","contentUrl":"https:\/\/artslibris.cat\/wp-content\/uploads\/2022\/09\/Captura-de-pantalla-2022-09-13-a-las-15.24.30.png","width":490,"height":716},{"@type":"BreadcrumbList","@id":"https:\/\/artslibris.cat\/en\/tienda\/artist-book\/hoodoo-voodoo\/#breadcrumb","itemListElement":[{"@type":"ListItem","position":1,"name":"Portada","item":"https:\/\/artslibris.cat\/en\/"},{"@type":"ListItem","position":2,"name":"Shop","item":"https:\/\/artslibris.cat\/en\/shop\/"},{"@type":"ListItem","position":3,"name":"Hoodoo Voodoo"}]},{"@type":"WebSite","@id":"https:\/\/artslibris.cat\/en\/#website","url":"https:\/\/artslibris.cat\/en\/","name":"ArtsLibris","description":"","publisher":{"@id":"https:\/\/artslibris.cat\/en\/#organization"},"potentialAction":[{"@type":"SearchAction","target":{"@type":"EntryPoint","urlTemplate":"https:\/\/artslibris.cat\/en\/?s={search_term_string}"},"query-input":{"@type":"PropertyValueSpecification","valueRequired":true,"valueName":"search_term_string"}}],"inLanguage":"en-US"},{"@type":"Organization","@id":"https:\/\/artslibris.cat\/en\/#organization","name":"ArtsLibris","url":"https:\/\/artslibris.cat\/en\/","logo":{"@type":"ImageObject","inLanguage":"en-US","@id":"https:\/\/artslibris.cat\/en\/#\/schema\/logo\/image\/","url":"https:\/\/artslibris.cat\/wp-content\/uploads\/2020\/05\/ArtsLibris-logo-black.svg","contentUrl":"https:\/\/artslibris.cat\/wp-content\/uploads\/2020\/05\/ArtsLibris-logo-black.svg","width":521,"height":85,"caption":"ArtsLibris"},"image":{"@id":"https:\/\/artslibris.cat\/en\/#\/schema\/logo\/image\/"},"sameAs":["https:\/\/www.facebook.com\/artslibris\/","https:\/\/x.com\/ArtsLibris","https:\/\/www.instagram.com\/artslibris\/"]}]}},"_links":{"self":[{"href":"https:\/\/artslibris.cat\/en\/wp-json\/wp\/v2\/product\/19716","targetHints":{"allow":["GET"]}}],"collection":[{"href":"https:\/\/artslibris.cat\/en\/wp-json\/wp\/v2\/product"}],"about":[{"href":"https:\/\/artslibris.cat\/en\/wp-json\/wp\/v2\/types\/product"}],"wp:featuredmedia":[{"embeddable":true,"href":"https:\/\/artslibris.cat\/en\/wp-json\/wp\/v2\/media\/19633"}],"wp:attachment":[{"href":"https:\/\/artslibris.cat\/en\/wp-json\/wp\/v2\/media?parent=19716"}],"wp:term":[{"taxonomy":"product_brand","embeddable":true,"href":"https:\/\/artslibris.cat\/en\/wp-json\/wp\/v2\/product_brand?post=19716"},{"taxonomy":"product_cat","embeddable":true,"href":"https:\/\/artslibris.cat\/en\/wp-json\/wp\/v2\/product_cat?post=19716"},{"taxonomy":"product_tag","embeddable":true,"href":"https:\/\/artslibris.cat\/en\/wp-json\/wp\/v2\/product_tag?post=19716"}],"curies":[{"name":"wp","href":"https:\/\/api.w.org\/{rel}","templated":true}]}}