{"id":19627,"date":"2022-09-13T13:23:22","date_gmt":"2022-09-13T13:23:22","guid":{"rendered":"https:\/\/artslibris.cat\/tienda\/uncategorized\/martin-soto-climent\/"},"modified":"2025-12-16T17:25:48","modified_gmt":"2025-12-16T17:25:48","slug":"martin-soto-climent","status":"publish","type":"product","link":"https:\/\/artslibris.cat\/en\/tienda\/artist-book\/martin-soto-climent\/","title":{"rendered":"Mart\u00edn Soto Clim\u00e9nt"},"content":{"rendered":"<p>El artista mexicano Mart\u00edn Soto Clim\u00e9nt (1977) hace del potencial l\u00edrico de los objetos e im\u00e1genes encontrados el n\u00facleo de su polifac\u00e9tica pr\u00e1ctica conceptual, que se manifiesta en obras que van desde las esculturas e instalaciones objetuales hasta la fotograf\u00eda y, recientemente, la pintura. La particular sinton\u00eda de Soto Clim\u00e9nt con las propiedades asociativas y afectivas de los objetos y las im\u00e1genes le permite desestabilizar su lectura convencional y radicalizar su potencial de nuevo significado. Al extraer las cualidades atractivas, sexuales o de otro tipo de los objetos, el artista desencadena nuestras propias percepciones estructurales y ling\u00fc\u00edsticas del deseo.<\/p>\n<p>Esta monograf\u00eda constituye la primera evaluaci\u00f3n importante de la pr\u00e1ctica fascinantemente rica e intrigantemente compleja de Clim\u00e9nt. Abarca 20 a\u00f1os de trabajo, y ofrece una cr\u00f3nica de su historial de exposiciones y documentaci\u00f3n sobre sus grupos de obras m\u00e1s importantes.<\/p>\n","protected":false},"excerpt":{"rendered":"<div data-v-235b7caa=\"\">\n<p><strong>Editorial:<\/strong> Mousse Publishing<\/p>\n<p><strong>Edici\u00f3n:<\/strong> Giorgia von Albertini.<\/p>\n<p><strong>Textos:<\/strong> Susan L. Aberth, Giorgia von Albertini, Veit Loers, Chris Sharp<\/p>\n<p><strong>Publicaci\u00f3n:<\/strong> 2021<\/p>\n<p><strong>Idiomas:<\/strong> Ingl\u00e9s \/ Castellano<\/p>\n<p><strong>P\u00e1ginas:<\/strong> 288<\/p>\n<p><strong>Encuadernaci\u00f3n:<\/strong> Tapa dura<\/p>\n<p><strong>Medidas:<\/strong> 19.8 x 26.8<\/p>\n<\/div>\n","protected":false},"featured_media":19602,"template":"","meta":{"_acf_changed":false,"site-sidebar-layout":"default","site-content-layout":"default","ast-site-content-layout":"default","site-content-style":"default","site-sidebar-style":"default","ast-global-header-display":"","ast-banner-title-visibility":"","ast-main-header-display":"","ast-hfb-above-header-display":"","ast-hfb-below-header-display":"","ast-hfb-mobile-header-display":"","site-post-title":"","ast-breadcrumbs-content":"","ast-featured-img":"","footer-sml-layout":"","ast-disable-related-posts":"","theme-transparent-header-meta":"","adv-header-id-meta":"","stick-header-meta":"","header-above-stick-meta":"","header-main-stick-meta":"","header-below-stick-meta":"","astra-migrate-meta-layouts":"default","ast-page-background-enabled":"default","ast-page-background-meta":{"desktop":{"background-color":"","background-image":"","background-repeat":"repeat","background-position":"center center","background-size":"auto","background-attachment":"scroll","background-type":"","background-media":"","overlay-type":"","overlay-color":"","overlay-opacity":"","overlay-gradient":""},"tablet":{"background-color":"","background-image":"","background-repeat":"repeat","background-position":"center center","background-size":"auto","background-attachment":"scroll","background-type":"","background-media":"","overlay-type":"","overlay-color":"","overlay-opacity":"","overlay-gradient":""},"mobile":{"background-color":"","background-image":"","background-repeat":"repeat","background-position":"center center","background-size":"auto","background-attachment":"scroll","background-type":"","background-media":"","overlay-type":"","overlay-color":"","overlay-opacity":"","overlay-gradient":""}},"ast-content-background-meta":{"desktop":{"background-color":"var(--ast-global-color-5)","background-image":"","background-repeat":"repeat","background-position":"center center","background-size":"auto","background-attachment":"scroll","background-type":"","background-media":"","overlay-type":"","overlay-color":"","overlay-opacity":"","overlay-gradient":""},"tablet":{"background-color":"var(--ast-global-color-5)","background-image":"","background-repeat":"repeat","background-position":"center center","background-size":"auto","background-attachment":"scroll","background-type":"","background-media":"","overlay-type":"","overlay-color":"","overlay-opacity":"","overlay-gradient":""},"mobile":{"background-color":"var(--ast-global-color-5)","background-image":"","background-repeat":"repeat","background-position":"center center","background-size":"auto","background-attachment":"scroll","background-type":"","background-media":"","overlay-type":"","overlay-color":"","overlay-opacity":"","overlay-gradient":""}}},"product_brand":[],"product_cat":[102,66],"product_tag":[387],"class_list":{"0":"post-19627","1":"product","2":"type-product","3":"status-publish","4":"has-post-thumbnail","6":"product_cat-feature","7":"product_cat-artist-book","8":"product_tag-mousse-publishing-en","9":"desktop-align-left","10":"tablet-align-left","11":"mobile-align-left","13":"first","14":"instock","15":"shipping-taxable","16":"purchasable","17":"product-type-simple"},"acf":[],"yoast_head":"<!-- This site is optimized with the Yoast SEO plugin v27.1.1 - https:\/\/yoast.com\/product\/yoast-seo-wordpress\/ -->\n<title>Mart\u00edn Soto Clim\u00e9nt - ArtsLibris<\/title>\n<meta name=\"robots\" content=\"index, follow, max-snippet:-1, max-image-preview:large, max-video-preview:-1\" \/>\n<link rel=\"canonical\" href=\"https:\/\/artslibris.cat\/en\/tienda\/artist-book\/martin-soto-climent\/\" \/>\n<meta property=\"og:locale\" content=\"en_US\" \/>\n<meta property=\"og:type\" content=\"article\" \/>\n<meta property=\"og:title\" content=\"Mart\u00edn Soto Clim\u00e9nt - ArtsLibris\" \/>\n<meta property=\"og:description\" content=\"Editorial: Mousse Publishing Edici\u00f3n: Giorgia von Albertini. Textos: Susan L. Aberth, Giorgia von Albertini, Veit Loers, Chris Sharp Publicaci\u00f3n: 2021 Idiomas: Ingl\u00e9s \/ Castellano P\u00e1ginas: 288 Encuadernaci\u00f3n: Tapa dura Medidas: 19.8 x 26.8\" \/>\n<meta property=\"og:url\" content=\"https:\/\/artslibris.cat\/en\/tienda\/artist-book\/martin-soto-climent\/\" \/>\n<meta property=\"og:site_name\" content=\"ArtsLibris\" \/>\n<meta property=\"article:publisher\" content=\"https:\/\/www.facebook.com\/artslibris\/\" \/>\n<meta property=\"article:modified_time\" content=\"2025-12-16T17:25:48+00:00\" \/>\n<meta property=\"og:image\" content=\"https:\/\/artslibris.cat\/wp-content\/uploads\/2022\/09\/1-7-scaled-1.jpeg\" \/>\n\t<meta property=\"og:image:width\" content=\"1\" \/>\n\t<meta property=\"og:image:height\" content=\"1\" \/>\n\t<meta property=\"og:image:type\" content=\"image\/jpeg\" \/>\n<meta name=\"twitter:card\" content=\"summary_large_image\" \/>\n<meta name=\"twitter:site\" content=\"@ArtsLibris\" \/>\n<meta name=\"twitter:label1\" content=\"Est. reading time\" \/>\n\t<meta name=\"twitter:data1\" content=\"1 minute\" \/>\n<script type=\"application\/ld+json\" class=\"yoast-schema-graph\">{\"@context\":\"https:\/\/schema.org\",\"@graph\":[{\"@type\":\"WebPage\",\"@id\":\"https:\/\/artslibris.cat\/en\/tienda\/artist-book\/martin-soto-climent\/\",\"url\":\"https:\/\/artslibris.cat\/en\/tienda\/artist-book\/martin-soto-climent\/\",\"name\":\"Mart\u00edn Soto Clim\u00e9nt - ArtsLibris\",\"isPartOf\":{\"@id\":\"https:\/\/artslibris.cat\/en\/#website\"},\"primaryImageOfPage\":{\"@id\":\"https:\/\/artslibris.cat\/en\/tienda\/artist-book\/martin-soto-climent\/#primaryimage\"},\"image\":{\"@id\":\"https:\/\/artslibris.cat\/en\/tienda\/artist-book\/martin-soto-climent\/#primaryimage\"},\"thumbnailUrl\":\"https:\/\/artslibris.cat\/wp-content\/uploads\/2022\/09\/1-7-scaled-1.jpeg\",\"datePublished\":\"2022-09-13T13:23:22+00:00\",\"dateModified\":\"2025-12-16T17:25:48+00:00\",\"breadcrumb\":{\"@id\":\"https:\/\/artslibris.cat\/en\/tienda\/artist-book\/martin-soto-climent\/#breadcrumb\"},\"inLanguage\":\"en-US\",\"potentialAction\":[{\"@type\":\"ReadAction\",\"target\":[\"https:\/\/artslibris.cat\/en\/tienda\/artist-book\/martin-soto-climent\/\"]}]},{\"@type\":\"ImageObject\",\"inLanguage\":\"en-US\",\"@id\":\"https:\/\/artslibris.cat\/en\/tienda\/artist-book\/martin-soto-climent\/#primaryimage\",\"url\":\"https:\/\/artslibris.cat\/wp-content\/uploads\/2022\/09\/1-7-scaled-1.jpeg\",\"contentUrl\":\"https:\/\/artslibris.cat\/wp-content\/uploads\/2022\/09\/1-7-scaled-1.jpeg\"},{\"@type\":\"BreadcrumbList\",\"@id\":\"https:\/\/artslibris.cat\/en\/tienda\/artist-book\/martin-soto-climent\/#breadcrumb\",\"itemListElement\":[{\"@type\":\"ListItem\",\"position\":1,\"name\":\"Portada\",\"item\":\"https:\/\/artslibris.cat\/en\/\"},{\"@type\":\"ListItem\",\"position\":2,\"name\":\"Shop\",\"item\":\"https:\/\/artslibris.cat\/en\/shop\/\"},{\"@type\":\"ListItem\",\"position\":3,\"name\":\"Mart\u00edn Soto Clim\u00e9nt\"}]},{\"@type\":\"WebSite\",\"@id\":\"https:\/\/artslibris.cat\/en\/#website\",\"url\":\"https:\/\/artslibris.cat\/en\/\",\"name\":\"ArtsLibris\",\"description\":\"\",\"publisher\":{\"@id\":\"https:\/\/artslibris.cat\/en\/#organization\"},\"potentialAction\":[{\"@type\":\"SearchAction\",\"target\":{\"@type\":\"EntryPoint\",\"urlTemplate\":\"https:\/\/artslibris.cat\/en\/?s={search_term_string}\"},\"query-input\":{\"@type\":\"PropertyValueSpecification\",\"valueRequired\":true,\"valueName\":\"search_term_string\"}}],\"inLanguage\":\"en-US\"},{\"@type\":\"Organization\",\"@id\":\"https:\/\/artslibris.cat\/en\/#organization\",\"name\":\"ArtsLibris\",\"url\":\"https:\/\/artslibris.cat\/en\/\",\"logo\":{\"@type\":\"ImageObject\",\"inLanguage\":\"en-US\",\"@id\":\"https:\/\/artslibris.cat\/en\/#\/schema\/logo\/image\/\",\"url\":\"https:\/\/artslibris.cat\/wp-content\/uploads\/2020\/05\/ArtsLibris-logo-black.svg\",\"contentUrl\":\"https:\/\/artslibris.cat\/wp-content\/uploads\/2020\/05\/ArtsLibris-logo-black.svg\",\"width\":521,\"height\":85,\"caption\":\"ArtsLibris\"},\"image\":{\"@id\":\"https:\/\/artslibris.cat\/en\/#\/schema\/logo\/image\/\"},\"sameAs\":[\"https:\/\/www.facebook.com\/artslibris\/\",\"https:\/\/x.com\/ArtsLibris\",\"https:\/\/www.instagram.com\/artslibris\/\"]}]}<\/script>\n<!-- \/ Yoast SEO plugin. -->","yoast_head_json":{"title":"Mart\u00edn Soto Clim\u00e9nt - ArtsLibris","robots":{"index":"index","follow":"follow","max-snippet":"max-snippet:-1","max-image-preview":"max-image-preview:large","max-video-preview":"max-video-preview:-1"},"canonical":"https:\/\/artslibris.cat\/en\/tienda\/artist-book\/martin-soto-climent\/","og_locale":"en_US","og_type":"article","og_title":"Mart\u00edn Soto Clim\u00e9nt - ArtsLibris","og_description":"Editorial: Mousse Publishing Edici\u00f3n: Giorgia von Albertini. Textos: Susan L. Aberth, Giorgia von Albertini, Veit Loers, Chris Sharp Publicaci\u00f3n: 2021 Idiomas: Ingl\u00e9s \/ Castellano P\u00e1ginas: 288 Encuadernaci\u00f3n: Tapa dura Medidas: 19.8 x 26.8","og_url":"https:\/\/artslibris.cat\/en\/tienda\/artist-book\/martin-soto-climent\/","og_site_name":"ArtsLibris","article_publisher":"https:\/\/www.facebook.com\/artslibris\/","article_modified_time":"2025-12-16T17:25:48+00:00","og_image":[{"url":"https:\/\/artslibris.cat\/wp-content\/uploads\/2022\/09\/1-7-scaled-1.jpeg","width":1,"height":1,"type":"image\/jpeg"}],"twitter_card":"summary_large_image","twitter_site":"@ArtsLibris","twitter_misc":{"Est. reading time":"1 minute"},"schema":{"@context":"https:\/\/schema.org","@graph":[{"@type":"WebPage","@id":"https:\/\/artslibris.cat\/en\/tienda\/artist-book\/martin-soto-climent\/","url":"https:\/\/artslibris.cat\/en\/tienda\/artist-book\/martin-soto-climent\/","name":"Mart\u00edn Soto Clim\u00e9nt - ArtsLibris","isPartOf":{"@id":"https:\/\/artslibris.cat\/en\/#website"},"primaryImageOfPage":{"@id":"https:\/\/artslibris.cat\/en\/tienda\/artist-book\/martin-soto-climent\/#primaryimage"},"image":{"@id":"https:\/\/artslibris.cat\/en\/tienda\/artist-book\/martin-soto-climent\/#primaryimage"},"thumbnailUrl":"https:\/\/artslibris.cat\/wp-content\/uploads\/2022\/09\/1-7-scaled-1.jpeg","datePublished":"2022-09-13T13:23:22+00:00","dateModified":"2025-12-16T17:25:48+00:00","breadcrumb":{"@id":"https:\/\/artslibris.cat\/en\/tienda\/artist-book\/martin-soto-climent\/#breadcrumb"},"inLanguage":"en-US","potentialAction":[{"@type":"ReadAction","target":["https:\/\/artslibris.cat\/en\/tienda\/artist-book\/martin-soto-climent\/"]}]},{"@type":"ImageObject","inLanguage":"en-US","@id":"https:\/\/artslibris.cat\/en\/tienda\/artist-book\/martin-soto-climent\/#primaryimage","url":"https:\/\/artslibris.cat\/wp-content\/uploads\/2022\/09\/1-7-scaled-1.jpeg","contentUrl":"https:\/\/artslibris.cat\/wp-content\/uploads\/2022\/09\/1-7-scaled-1.jpeg"},{"@type":"BreadcrumbList","@id":"https:\/\/artslibris.cat\/en\/tienda\/artist-book\/martin-soto-climent\/#breadcrumb","itemListElement":[{"@type":"ListItem","position":1,"name":"Portada","item":"https:\/\/artslibris.cat\/en\/"},{"@type":"ListItem","position":2,"name":"Shop","item":"https:\/\/artslibris.cat\/en\/shop\/"},{"@type":"ListItem","position":3,"name":"Mart\u00edn Soto Clim\u00e9nt"}]},{"@type":"WebSite","@id":"https:\/\/artslibris.cat\/en\/#website","url":"https:\/\/artslibris.cat\/en\/","name":"ArtsLibris","description":"","publisher":{"@id":"https:\/\/artslibris.cat\/en\/#organization"},"potentialAction":[{"@type":"SearchAction","target":{"@type":"EntryPoint","urlTemplate":"https:\/\/artslibris.cat\/en\/?s={search_term_string}"},"query-input":{"@type":"PropertyValueSpecification","valueRequired":true,"valueName":"search_term_string"}}],"inLanguage":"en-US"},{"@type":"Organization","@id":"https:\/\/artslibris.cat\/en\/#organization","name":"ArtsLibris","url":"https:\/\/artslibris.cat\/en\/","logo":{"@type":"ImageObject","inLanguage":"en-US","@id":"https:\/\/artslibris.cat\/en\/#\/schema\/logo\/image\/","url":"https:\/\/artslibris.cat\/wp-content\/uploads\/2020\/05\/ArtsLibris-logo-black.svg","contentUrl":"https:\/\/artslibris.cat\/wp-content\/uploads\/2020\/05\/ArtsLibris-logo-black.svg","width":521,"height":85,"caption":"ArtsLibris"},"image":{"@id":"https:\/\/artslibris.cat\/en\/#\/schema\/logo\/image\/"},"sameAs":["https:\/\/www.facebook.com\/artslibris\/","https:\/\/x.com\/ArtsLibris","https:\/\/www.instagram.com\/artslibris\/"]}]}},"_links":{"self":[{"href":"https:\/\/artslibris.cat\/en\/wp-json\/wp\/v2\/product\/19627","targetHints":{"allow":["GET"]}}],"collection":[{"href":"https:\/\/artslibris.cat\/en\/wp-json\/wp\/v2\/product"}],"about":[{"href":"https:\/\/artslibris.cat\/en\/wp-json\/wp\/v2\/types\/product"}],"wp:featuredmedia":[{"embeddable":true,"href":"https:\/\/artslibris.cat\/en\/wp-json\/wp\/v2\/media\/19602"}],"wp:attachment":[{"href":"https:\/\/artslibris.cat\/en\/wp-json\/wp\/v2\/media?parent=19627"}],"wp:term":[{"taxonomy":"product_brand","embeddable":true,"href":"https:\/\/artslibris.cat\/en\/wp-json\/wp\/v2\/product_brand?post=19627"},{"taxonomy":"product_cat","embeddable":true,"href":"https:\/\/artslibris.cat\/en\/wp-json\/wp\/v2\/product_cat?post=19627"},{"taxonomy":"product_tag","embeddable":true,"href":"https:\/\/artslibris.cat\/en\/wp-json\/wp\/v2\/product_tag?post=19627"}],"curies":[{"name":"wp","href":"https:\/\/api.w.org\/{rel}","templated":true}]}}