{"id":19313,"date":"2022-09-12T15:51:53","date_gmt":"2022-09-12T15:51:53","guid":{"rendered":"https:\/\/artslibris.cat\/tienda\/uncategorized\/la-vida-posible-de-christian-boltanski\/"},"modified":"2025-02-26T17:49:48","modified_gmt":"2025-02-26T17:49:48","slug":"la-vida-posible-de-christian-boltanski","status":"publish","type":"product","link":"https:\/\/artslibris.cat\/en\/tienda\/teoria-del-arte-en\/la-vida-posible-de-christian-boltanski\/","title":{"rendered":"La vida posible de Christian Boltanski"},"content":{"rendered":"<p>No, nunca entend\u00ed qu\u00e9 quer\u00eda decir \u201cposmoderno\u201d. Me gusta decir que soy moderno y no posmoderno, pero no podr\u00eda explicar por qu\u00e9. \u201cPosmoderno\u201d es un t\u00e9rmino que me irrita, aunque \u201cmoderno\u201d, de hecho, tambi\u00e9n me irrita. Creo que alguien como Szeemann no era moderno, \u00e9l escapaba a las categor\u00edas. La gran dificultad es la de no ser moderno, pero tampoco ser un viejo imb\u00e9cil reaccionario. La noci\u00f3n de modernidad, el hecho de querer ser moderno, es horrible aunque, al mismo tiempo, tampoco se deber\u00eda ser antimoderno. Digo desde siempre que soy un pintor tradicional, un poco para molestar, pero tambi\u00e9n porque lo creo y porque me horroriza el mundo moderno\u2026 Si se tomara una referencia del pasado, el arte que me gustar\u00eda hacer hoy se acercar\u00eda m\u00e1s bien al de las iglesias rom\u00e1nicas. Si eso es moderno o no moderno, no tengo ni idea. Lo que trato de hacer es restituir el sentimiento que se tiene al atravesar una iglesia, sea uno creyente o no. Y cuando se ve una ceremonia de la que no entiendes nada \u2013hay un se\u00f1or vestido extra\u00f1amente que levanta los brazos, hay humo, m\u00fasica, personas que bajan la cabeza\u2026 Uno entra y siente que es algo importante, pero no puede descifrarlo\u2026 y luego vuelve a salir. Se trata de ese pasar por algo que no puedes comprender, un conjunto de visiones, de gestos, de sonidos.<\/p>\n","protected":false},"excerpt":{"rendered":"<div>\n<div><strong>Autores:<\/strong> Christian Boltanski, Catherine Grenier<\/p>\n<p><strong>Editorial:<\/strong> Casus Belli Ediciones<\/div>\n<\/div>\n<div>\n<div><strong>Idioma:<\/strong> Castellano<\/div>\n<\/div>\n<div>\n<div><strong>P\u00e1ginas:<\/strong> 256<\/div>\n<\/div>\n<div>\n<div><strong>Fecha de publicaci\u00f3n:<\/strong> 2015<\/div>\n<\/div>\n<div>\n<div><strong>ISBN:<\/strong> 978-84-937828-3-2<\/div>\n<\/div>\n","protected":false},"featured_media":19310,"template":"","meta":{"_acf_changed":false,"site-sidebar-layout":"default","site-content-layout":"default","ast-site-content-layout":"default","site-content-style":"default","site-sidebar-style":"default","ast-global-header-display":"","ast-banner-title-visibility":"","ast-main-header-display":"","ast-hfb-above-header-display":"","ast-hfb-below-header-display":"","ast-hfb-mobile-header-display":"","site-post-title":"","ast-breadcrumbs-content":"","ast-featured-img":"","footer-sml-layout":"","ast-disable-related-posts":"","theme-transparent-header-meta":"","adv-header-id-meta":"","stick-header-meta":"","header-above-stick-meta":"","header-main-stick-meta":"","header-below-stick-meta":"","astra-migrate-meta-layouts":"default","ast-page-background-enabled":"default","ast-page-background-meta":{"desktop":{"background-color":"","background-image":"","background-repeat":"repeat","background-position":"center center","background-size":"auto","background-attachment":"scroll","background-type":"","background-media":"","overlay-type":"","overlay-color":"","overlay-opacity":"","overlay-gradient":""},"tablet":{"background-color":"","background-image":"","background-repeat":"repeat","background-position":"center center","background-size":"auto","background-attachment":"scroll","background-type":"","background-media":"","overlay-type":"","overlay-color":"","overlay-opacity":"","overlay-gradient":""},"mobile":{"background-color":"","background-image":"","background-repeat":"repeat","background-position":"center center","background-size":"auto","background-attachment":"scroll","background-type":"","background-media":"","overlay-type":"","overlay-color":"","overlay-opacity":"","overlay-gradient":""}},"ast-content-background-meta":{"desktop":{"background-color":"var(--ast-global-color-5)","background-image":"","background-repeat":"repeat","background-position":"center center","background-size":"auto","background-attachment":"scroll","background-type":"","background-media":"","overlay-type":"","overlay-color":"","overlay-opacity":"","overlay-gradient":""},"tablet":{"background-color":"var(--ast-global-color-5)","background-image":"","background-repeat":"repeat","background-position":"center center","background-size":"auto","background-attachment":"scroll","background-type":"","background-media":"","overlay-type":"","overlay-color":"","overlay-opacity":"","overlay-gradient":""},"mobile":{"background-color":"var(--ast-global-color-5)","background-image":"","background-repeat":"repeat","background-position":"center center","background-size":"auto","background-attachment":"scroll","background-type":"","background-media":"","overlay-type":"","overlay-color":"","overlay-opacity":"","overlay-gradient":""}}},"product_brand":[],"product_cat":[102,92],"product_tag":[400],"class_list":{"0":"post-19313","1":"product","2":"type-product","3":"status-publish","4":"has-post-thumbnail","6":"product_cat-feature","7":"product_cat-teoria-del-arte-en","8":"product_tag-casus-belli-ediciones-en","9":"desktop-align-left","10":"tablet-align-left","11":"mobile-align-left","13":"first","14":"instock","15":"taxable","16":"shipping-taxable","17":"purchasable","18":"product-type-simple"},"acf":[],"yoast_head":"<!-- This site is optimized with the Yoast SEO plugin v27.3 - https:\/\/yoast.com\/product\/yoast-seo-wordpress\/ -->\n<title>La vida posible de Christian Boltanski - ArtsLibris<\/title>\n<meta name=\"robots\" content=\"index, follow, max-snippet:-1, max-image-preview:large, max-video-preview:-1\" \/>\n<link rel=\"canonical\" href=\"https:\/\/artslibris.cat\/en\/tienda\/teoria-del-arte-en\/la-vida-posible-de-christian-boltanski\/\" \/>\n<meta property=\"og:locale\" content=\"en_US\" \/>\n<meta property=\"og:type\" content=\"article\" \/>\n<meta property=\"og:title\" content=\"La vida posible de Christian Boltanski - ArtsLibris\" \/>\n<meta property=\"og:description\" content=\"Autores: Christian Boltanski, Catherine Grenier Editorial: Casus Belli Ediciones   Idioma: Castellano   P\u00e1ginas: 256   Fecha de publicaci\u00f3n: 2015   ISBN: 978-84-937828-3-2\" \/>\n<meta property=\"og:url\" content=\"https:\/\/artslibris.cat\/en\/tienda\/teoria-del-arte-en\/la-vida-posible-de-christian-boltanski\/\" \/>\n<meta property=\"og:site_name\" content=\"ArtsLibris\" \/>\n<meta property=\"article:publisher\" content=\"https:\/\/www.facebook.com\/artslibris\/\" \/>\n<meta property=\"article:modified_time\" content=\"2025-02-26T17:49:48+00:00\" \/>\n<meta property=\"og:image\" content=\"https:\/\/artslibris.cat\/wp-content\/uploads\/2022\/09\/La-vida-posible-de-Crhistian.jpeg\" \/>\n\t<meta property=\"og:image:width\" content=\"1920\" \/>\n\t<meta property=\"og:image:height\" content=\"1280\" \/>\n\t<meta property=\"og:image:type\" content=\"image\/jpeg\" \/>\n<meta name=\"twitter:card\" content=\"summary_large_image\" \/>\n<meta name=\"twitter:site\" content=\"@ArtsLibris\" \/>\n<meta name=\"twitter:label1\" content=\"Est. reading time\" \/>\n\t<meta name=\"twitter:data1\" content=\"1 minute\" \/>\n<script type=\"application\/ld+json\" class=\"yoast-schema-graph\">{\"@context\":\"https:\\\/\\\/schema.org\",\"@graph\":[{\"@type\":\"WebPage\",\"@id\":\"https:\\\/\\\/artslibris.cat\\\/en\\\/tienda\\\/teoria-del-arte-en\\\/la-vida-posible-de-christian-boltanski\\\/\",\"url\":\"https:\\\/\\\/artslibris.cat\\\/en\\\/tienda\\\/teoria-del-arte-en\\\/la-vida-posible-de-christian-boltanski\\\/\",\"name\":\"La vida posible de Christian Boltanski - ArtsLibris\",\"isPartOf\":{\"@id\":\"https:\\\/\\\/artslibris.cat\\\/en\\\/#website\"},\"primaryImageOfPage\":{\"@id\":\"https:\\\/\\\/artslibris.cat\\\/en\\\/tienda\\\/teoria-del-arte-en\\\/la-vida-posible-de-christian-boltanski\\\/#primaryimage\"},\"image\":{\"@id\":\"https:\\\/\\\/artslibris.cat\\\/en\\\/tienda\\\/teoria-del-arte-en\\\/la-vida-posible-de-christian-boltanski\\\/#primaryimage\"},\"thumbnailUrl\":\"https:\\\/\\\/artslibris.cat\\\/wp-content\\\/uploads\\\/2022\\\/09\\\/La-vida-posible-de-Crhistian.jpeg\",\"datePublished\":\"2022-09-12T15:51:53+00:00\",\"dateModified\":\"2025-02-26T17:49:48+00:00\",\"breadcrumb\":{\"@id\":\"https:\\\/\\\/artslibris.cat\\\/en\\\/tienda\\\/teoria-del-arte-en\\\/la-vida-posible-de-christian-boltanski\\\/#breadcrumb\"},\"inLanguage\":\"en-US\",\"potentialAction\":[{\"@type\":\"ReadAction\",\"target\":[\"https:\\\/\\\/artslibris.cat\\\/en\\\/tienda\\\/teoria-del-arte-en\\\/la-vida-posible-de-christian-boltanski\\\/\"]}]},{\"@type\":\"ImageObject\",\"inLanguage\":\"en-US\",\"@id\":\"https:\\\/\\\/artslibris.cat\\\/en\\\/tienda\\\/teoria-del-arte-en\\\/la-vida-posible-de-christian-boltanski\\\/#primaryimage\",\"url\":\"https:\\\/\\\/artslibris.cat\\\/wp-content\\\/uploads\\\/2022\\\/09\\\/La-vida-posible-de-Crhistian.jpeg\",\"contentUrl\":\"https:\\\/\\\/artslibris.cat\\\/wp-content\\\/uploads\\\/2022\\\/09\\\/La-vida-posible-de-Crhistian.jpeg\",\"width\":1920,\"height\":1280},{\"@type\":\"BreadcrumbList\",\"@id\":\"https:\\\/\\\/artslibris.cat\\\/en\\\/tienda\\\/teoria-del-arte-en\\\/la-vida-posible-de-christian-boltanski\\\/#breadcrumb\",\"itemListElement\":[{\"@type\":\"ListItem\",\"position\":1,\"name\":\"Portada\",\"item\":\"https:\\\/\\\/artslibris.cat\\\/en\\\/\"},{\"@type\":\"ListItem\",\"position\":2,\"name\":\"Shop\",\"item\":\"https:\\\/\\\/artslibris.cat\\\/en\\\/shop\\\/\"},{\"@type\":\"ListItem\",\"position\":3,\"name\":\"La vida posible de Christian Boltanski\"}]},{\"@type\":\"WebSite\",\"@id\":\"https:\\\/\\\/artslibris.cat\\\/en\\\/#website\",\"url\":\"https:\\\/\\\/artslibris.cat\\\/en\\\/\",\"name\":\"ArtsLibris\",\"description\":\"\",\"publisher\":{\"@id\":\"https:\\\/\\\/artslibris.cat\\\/en\\\/#organization\"},\"potentialAction\":[{\"@type\":\"SearchAction\",\"target\":{\"@type\":\"EntryPoint\",\"urlTemplate\":\"https:\\\/\\\/artslibris.cat\\\/en\\\/?s={search_term_string}\"},\"query-input\":{\"@type\":\"PropertyValueSpecification\",\"valueRequired\":true,\"valueName\":\"search_term_string\"}}],\"inLanguage\":\"en-US\"},{\"@type\":\"Organization\",\"@id\":\"https:\\\/\\\/artslibris.cat\\\/en\\\/#organization\",\"name\":\"ArtsLibris\",\"url\":\"https:\\\/\\\/artslibris.cat\\\/en\\\/\",\"logo\":{\"@type\":\"ImageObject\",\"inLanguage\":\"en-US\",\"@id\":\"https:\\\/\\\/artslibris.cat\\\/en\\\/#\\\/schema\\\/logo\\\/image\\\/\",\"url\":\"https:\\\/\\\/artslibris.cat\\\/wp-content\\\/uploads\\\/2020\\\/05\\\/ArtsLibris-logo-black.svg\",\"contentUrl\":\"https:\\\/\\\/artslibris.cat\\\/wp-content\\\/uploads\\\/2020\\\/05\\\/ArtsLibris-logo-black.svg\",\"width\":521,\"height\":85,\"caption\":\"ArtsLibris\"},\"image\":{\"@id\":\"https:\\\/\\\/artslibris.cat\\\/en\\\/#\\\/schema\\\/logo\\\/image\\\/\"},\"sameAs\":[\"https:\\\/\\\/www.facebook.com\\\/artslibris\\\/\",\"https:\\\/\\\/x.com\\\/ArtsLibris\",\"https:\\\/\\\/www.instagram.com\\\/artslibris\\\/\"]}]}<\/script>\n<!-- \/ Yoast SEO plugin. -->","yoast_head_json":{"title":"La vida posible de Christian Boltanski - ArtsLibris","robots":{"index":"index","follow":"follow","max-snippet":"max-snippet:-1","max-image-preview":"max-image-preview:large","max-video-preview":"max-video-preview:-1"},"canonical":"https:\/\/artslibris.cat\/en\/tienda\/teoria-del-arte-en\/la-vida-posible-de-christian-boltanski\/","og_locale":"en_US","og_type":"article","og_title":"La vida posible de Christian Boltanski - ArtsLibris","og_description":"Autores: Christian Boltanski, Catherine Grenier Editorial: Casus Belli Ediciones   Idioma: Castellano   P\u00e1ginas: 256   Fecha de publicaci\u00f3n: 2015   ISBN: 978-84-937828-3-2","og_url":"https:\/\/artslibris.cat\/en\/tienda\/teoria-del-arte-en\/la-vida-posible-de-christian-boltanski\/","og_site_name":"ArtsLibris","article_publisher":"https:\/\/www.facebook.com\/artslibris\/","article_modified_time":"2025-02-26T17:49:48+00:00","og_image":[{"width":1920,"height":1280,"url":"https:\/\/artslibris.cat\/wp-content\/uploads\/2022\/09\/La-vida-posible-de-Crhistian.jpeg","type":"image\/jpeg"}],"twitter_card":"summary_large_image","twitter_site":"@ArtsLibris","twitter_misc":{"Est. reading time":"1 minute"},"schema":{"@context":"https:\/\/schema.org","@graph":[{"@type":"WebPage","@id":"https:\/\/artslibris.cat\/en\/tienda\/teoria-del-arte-en\/la-vida-posible-de-christian-boltanski\/","url":"https:\/\/artslibris.cat\/en\/tienda\/teoria-del-arte-en\/la-vida-posible-de-christian-boltanski\/","name":"La vida posible de Christian Boltanski - ArtsLibris","isPartOf":{"@id":"https:\/\/artslibris.cat\/en\/#website"},"primaryImageOfPage":{"@id":"https:\/\/artslibris.cat\/en\/tienda\/teoria-del-arte-en\/la-vida-posible-de-christian-boltanski\/#primaryimage"},"image":{"@id":"https:\/\/artslibris.cat\/en\/tienda\/teoria-del-arte-en\/la-vida-posible-de-christian-boltanski\/#primaryimage"},"thumbnailUrl":"https:\/\/artslibris.cat\/wp-content\/uploads\/2022\/09\/La-vida-posible-de-Crhistian.jpeg","datePublished":"2022-09-12T15:51:53+00:00","dateModified":"2025-02-26T17:49:48+00:00","breadcrumb":{"@id":"https:\/\/artslibris.cat\/en\/tienda\/teoria-del-arte-en\/la-vida-posible-de-christian-boltanski\/#breadcrumb"},"inLanguage":"en-US","potentialAction":[{"@type":"ReadAction","target":["https:\/\/artslibris.cat\/en\/tienda\/teoria-del-arte-en\/la-vida-posible-de-christian-boltanski\/"]}]},{"@type":"ImageObject","inLanguage":"en-US","@id":"https:\/\/artslibris.cat\/en\/tienda\/teoria-del-arte-en\/la-vida-posible-de-christian-boltanski\/#primaryimage","url":"https:\/\/artslibris.cat\/wp-content\/uploads\/2022\/09\/La-vida-posible-de-Crhistian.jpeg","contentUrl":"https:\/\/artslibris.cat\/wp-content\/uploads\/2022\/09\/La-vida-posible-de-Crhistian.jpeg","width":1920,"height":1280},{"@type":"BreadcrumbList","@id":"https:\/\/artslibris.cat\/en\/tienda\/teoria-del-arte-en\/la-vida-posible-de-christian-boltanski\/#breadcrumb","itemListElement":[{"@type":"ListItem","position":1,"name":"Portada","item":"https:\/\/artslibris.cat\/en\/"},{"@type":"ListItem","position":2,"name":"Shop","item":"https:\/\/artslibris.cat\/en\/shop\/"},{"@type":"ListItem","position":3,"name":"La vida posible de Christian Boltanski"}]},{"@type":"WebSite","@id":"https:\/\/artslibris.cat\/en\/#website","url":"https:\/\/artslibris.cat\/en\/","name":"ArtsLibris","description":"","publisher":{"@id":"https:\/\/artslibris.cat\/en\/#organization"},"potentialAction":[{"@type":"SearchAction","target":{"@type":"EntryPoint","urlTemplate":"https:\/\/artslibris.cat\/en\/?s={search_term_string}"},"query-input":{"@type":"PropertyValueSpecification","valueRequired":true,"valueName":"search_term_string"}}],"inLanguage":"en-US"},{"@type":"Organization","@id":"https:\/\/artslibris.cat\/en\/#organization","name":"ArtsLibris","url":"https:\/\/artslibris.cat\/en\/","logo":{"@type":"ImageObject","inLanguage":"en-US","@id":"https:\/\/artslibris.cat\/en\/#\/schema\/logo\/image\/","url":"https:\/\/artslibris.cat\/wp-content\/uploads\/2020\/05\/ArtsLibris-logo-black.svg","contentUrl":"https:\/\/artslibris.cat\/wp-content\/uploads\/2020\/05\/ArtsLibris-logo-black.svg","width":521,"height":85,"caption":"ArtsLibris"},"image":{"@id":"https:\/\/artslibris.cat\/en\/#\/schema\/logo\/image\/"},"sameAs":["https:\/\/www.facebook.com\/artslibris\/","https:\/\/x.com\/ArtsLibris","https:\/\/www.instagram.com\/artslibris\/"]}]}},"_links":{"self":[{"href":"https:\/\/artslibris.cat\/en\/wp-json\/wp\/v2\/product\/19313","targetHints":{"allow":["GET"]}}],"collection":[{"href":"https:\/\/artslibris.cat\/en\/wp-json\/wp\/v2\/product"}],"about":[{"href":"https:\/\/artslibris.cat\/en\/wp-json\/wp\/v2\/types\/product"}],"wp:featuredmedia":[{"embeddable":true,"href":"https:\/\/artslibris.cat\/en\/wp-json\/wp\/v2\/media\/19310"}],"wp:attachment":[{"href":"https:\/\/artslibris.cat\/en\/wp-json\/wp\/v2\/media?parent=19313"}],"wp:term":[{"taxonomy":"product_brand","embeddable":true,"href":"https:\/\/artslibris.cat\/en\/wp-json\/wp\/v2\/product_brand?post=19313"},{"taxonomy":"product_cat","embeddable":true,"href":"https:\/\/artslibris.cat\/en\/wp-json\/wp\/v2\/product_cat?post=19313"},{"taxonomy":"product_tag","embeddable":true,"href":"https:\/\/artslibris.cat\/en\/wp-json\/wp\/v2\/product_tag?post=19313"}],"curies":[{"name":"wp","href":"https:\/\/api.w.org\/{rel}","templated":true}]}}