{"id":19190,"date":"2022-09-12T12:27:47","date_gmt":"2022-09-12T12:27:47","guid":{"rendered":"https:\/\/artslibris.cat\/tienda\/uncategorized\/que-hostia-dicen-los-rumorosos\/"},"modified":"2025-12-16T17:54:47","modified_gmt":"2025-12-16T17:54:47","slug":"que-hostia-dicen-los-rumorosos","status":"publish","type":"product","link":"https:\/\/artslibris.cat\/en\/tienda\/feature\/que-hostia-dicen-los-rumorosos\/","title":{"rendered":"\u00bfQU\u00c9 HOSTIA DICEN LOS RUMOROSOS?"},"content":{"rendered":"<p>Entre 1976 y 1983, Ant\u00f3n Reixa, Manuel M. Rom\u00f3n y Alberto Avenda\u00f1o mantuvieron viva una actitud literaria rompedora en Galicia que comenz\u00f3 llam\u00e1ndose Grupo de Resistencia Po\u00e9tica y desemboc\u00f3 en lo que marcar\u00eda sus vidas: El Grupo de Comunicaci\u00f3n Po\u00e9tica Rompente. Publicaban poemas con aquella t\u00e9cnica de impresi\u00f3n conocida como \u00abvietnamita\u00bb y multicopias con clich\u00e9s. Eran, en dosis inexactas, un poco \u00abbeat\u00bb y un poco guerrilleros. Avenda\u00f1o, Reixa y Rom\u00f3n fundaron Rompente Edici\u00f3ns y publicaron \u00abSilabario da turbina\u00bb (1978) y \u00abA dama que fala\u00bb (1983). En 1979, la serie Tres Tristes Tigres ver\u00eda la publicaci\u00f3n de 3 libros de autor: \u00abAs Ladillas do Travesti\u00bb (Reixa), \u00abgalletas kokschka non\u00bb (Rom\u00f3n) y \u00abFacer Pulgarcitos Tres\u00bb (Avenda\u00f1o). Despu\u00e9s, se reencontrar\u00edan en la antolog\u00eda po\u00e9tica \u00abUpal\u00e1s\u00bb (1998). Hac\u00edan \u00abperformances\u00bb y estaban obsesionados con el lenguaje \u00abmultimedia\u00bb. Se sub\u00edan a escenarios con m\u00fasicos, como Juli\u00e1n Hern\u00e1ndez (antes de que se fundase Siniestro Total), y colaboraban con pintores como Menchu Lamas y Ant\u00f3n Pati\u00f1o para visualizar su expresi\u00f3n po\u00e9tica. Hoy, unos 40 a\u00f1os despu\u00e9s, se obstinan en la poes\u00eda y se vuelven a dirigir la palabra, aunque siguen hablando solos.<\/p>\n","protected":false},"excerpt":{"rendered":"<p><strong>Autor:<\/strong> Rompente<\/p>\n<p><strong>Editorial:<\/strong> Editorial Elvira<\/p>\n<p><strong>P\u00e1ginas:<\/strong> 288<\/p>\n<p><strong>Encuadernaci\u00f3n:<\/strong> Tapa blanda<\/p>\n<p><strong>Idioma:<\/strong> Castellano\/Galego<\/p>\n<p><strong>Ilustraciones:<\/strong> Menchu Lamas &amp; Ant\u00f3n Pati\u00f1o<\/p>\n<p><strong>Pr\u00f3logo:<\/strong> Juli\u00e1n Hern\u00e1ndez<\/p>\n<p><strong>ISBN:<\/strong> 978-84-125185-0-4<\/p>\n<p><strong>Publicaci\u00f3n:<\/strong> Mayo, 2022<\/p>\n","protected":false},"featured_media":19184,"template":"","meta":{"_acf_changed":false,"site-sidebar-layout":"default","site-content-layout":"default","ast-site-content-layout":"default","site-content-style":"default","site-sidebar-style":"default","ast-global-header-display":"","ast-banner-title-visibility":"","ast-main-header-display":"","ast-hfb-above-header-display":"","ast-hfb-below-header-display":"","ast-hfb-mobile-header-display":"","site-post-title":"","ast-breadcrumbs-content":"","ast-featured-img":"","footer-sml-layout":"","ast-disable-related-posts":"","theme-transparent-header-meta":"","adv-header-id-meta":"","stick-header-meta":"","header-above-stick-meta":"","header-main-stick-meta":"","header-below-stick-meta":"","astra-migrate-meta-layouts":"default","ast-page-background-enabled":"default","ast-page-background-meta":{"desktop":{"background-color":"","background-image":"","background-repeat":"repeat","background-position":"center center","background-size":"auto","background-attachment":"scroll","background-type":"","background-media":"","overlay-type":"","overlay-color":"","overlay-opacity":"","overlay-gradient":""},"tablet":{"background-color":"","background-image":"","background-repeat":"repeat","background-position":"center center","background-size":"auto","background-attachment":"scroll","background-type":"","background-media":"","overlay-type":"","overlay-color":"","overlay-opacity":"","overlay-gradient":""},"mobile":{"background-color":"","background-image":"","background-repeat":"repeat","background-position":"center center","background-size":"auto","background-attachment":"scroll","background-type":"","background-media":"","overlay-type":"","overlay-color":"","overlay-opacity":"","overlay-gradient":""}},"ast-content-background-meta":{"desktop":{"background-color":"var(--ast-global-color-5)","background-image":"","background-repeat":"repeat","background-position":"center center","background-size":"auto","background-attachment":"scroll","background-type":"","background-media":"","overlay-type":"","overlay-color":"","overlay-opacity":"","overlay-gradient":""},"tablet":{"background-color":"var(--ast-global-color-5)","background-image":"","background-repeat":"repeat","background-position":"center center","background-size":"auto","background-attachment":"scroll","background-type":"","background-media":"","overlay-type":"","overlay-color":"","overlay-opacity":"","overlay-gradient":""},"mobile":{"background-color":"var(--ast-global-color-5)","background-image":"","background-repeat":"repeat","background-position":"center center","background-size":"auto","background-attachment":"scroll","background-type":"","background-media":"","overlay-type":"","overlay-color":"","overlay-opacity":"","overlay-gradient":""}}},"product_brand":[],"product_cat":[232,102],"product_tag":[390],"class_list":{"0":"post-19190","1":"product","2":"type-product","3":"status-publish","4":"has-post-thumbnail","6":"product_cat-poetry","7":"product_cat-feature","8":"product_tag-editorial-elvira-en","9":"desktop-align-left","10":"tablet-align-left","11":"mobile-align-left","13":"first","14":"instock","15":"shipping-taxable","16":"purchasable","17":"product-type-simple"},"acf":[],"yoast_head":"<!-- This site is optimized with the Yoast SEO plugin v27.3 - https:\/\/yoast.com\/product\/yoast-seo-wordpress\/ -->\n<title>\u00bfQU\u00c9 HOSTIA DICEN LOS RUMOROSOS? - ArtsLibris<\/title>\n<meta name=\"robots\" content=\"index, follow, max-snippet:-1, max-image-preview:large, max-video-preview:-1\" \/>\n<link rel=\"canonical\" href=\"https:\/\/artslibris.cat\/en\/tienda\/feature\/que-hostia-dicen-los-rumorosos\/\" \/>\n<meta property=\"og:locale\" content=\"en_US\" \/>\n<meta property=\"og:type\" content=\"article\" \/>\n<meta property=\"og:title\" content=\"\u00bfQU\u00c9 HOSTIA DICEN LOS RUMOROSOS? - ArtsLibris\" \/>\n<meta property=\"og:description\" content=\"Autor: Rompente Editorial: Editorial Elvira P\u00e1ginas: 288 Encuadernaci\u00f3n: Tapa blanda Idioma: Castellano\/Galego Ilustraciones: Menchu Lamas &amp; Ant\u00f3n Pati\u00f1o Pr\u00f3logo: Juli\u00e1n Hern\u00e1ndez ISBN: 978-84-125185-0-4 Publicaci\u00f3n: Mayo, 2022\" \/>\n<meta property=\"og:url\" content=\"https:\/\/artslibris.cat\/en\/tienda\/feature\/que-hostia-dicen-los-rumorosos\/\" \/>\n<meta property=\"og:site_name\" content=\"ArtsLibris\" \/>\n<meta property=\"article:publisher\" content=\"https:\/\/www.facebook.com\/artslibris\/\" \/>\n<meta property=\"article:modified_time\" content=\"2025-12-16T17:54:47+00:00\" \/>\n<meta property=\"og:image\" content=\"https:\/\/artslibris.cat\/wp-content\/uploads\/2022\/09\/quehostiadicenlosrumorosos-editorialelvira-600x900-1.png\" \/>\n\t<meta property=\"og:image:width\" content=\"600\" \/>\n\t<meta property=\"og:image:height\" content=\"900\" \/>\n\t<meta property=\"og:image:type\" content=\"image\/png\" \/>\n<meta name=\"twitter:card\" content=\"summary_large_image\" \/>\n<meta name=\"twitter:site\" content=\"@ArtsLibris\" \/>\n<meta name=\"twitter:label1\" content=\"Est. reading time\" \/>\n\t<meta name=\"twitter:data1\" content=\"1 minute\" \/>\n<script type=\"application\/ld+json\" class=\"yoast-schema-graph\">{\"@context\":\"https:\\\/\\\/schema.org\",\"@graph\":[{\"@type\":\"WebPage\",\"@id\":\"https:\\\/\\\/artslibris.cat\\\/en\\\/tienda\\\/feature\\\/que-hostia-dicen-los-rumorosos\\\/\",\"url\":\"https:\\\/\\\/artslibris.cat\\\/en\\\/tienda\\\/feature\\\/que-hostia-dicen-los-rumorosos\\\/\",\"name\":\"\u00bfQU\u00c9 HOSTIA DICEN LOS RUMOROSOS? - ArtsLibris\",\"isPartOf\":{\"@id\":\"https:\\\/\\\/artslibris.cat\\\/en\\\/#website\"},\"primaryImageOfPage\":{\"@id\":\"https:\\\/\\\/artslibris.cat\\\/en\\\/tienda\\\/feature\\\/que-hostia-dicen-los-rumorosos\\\/#primaryimage\"},\"image\":{\"@id\":\"https:\\\/\\\/artslibris.cat\\\/en\\\/tienda\\\/feature\\\/que-hostia-dicen-los-rumorosos\\\/#primaryimage\"},\"thumbnailUrl\":\"https:\\\/\\\/artslibris.cat\\\/wp-content\\\/uploads\\\/2022\\\/09\\\/quehostiadicenlosrumorosos-editorialelvira-600x900-1.png\",\"datePublished\":\"2022-09-12T12:27:47+00:00\",\"dateModified\":\"2025-12-16T17:54:47+00:00\",\"breadcrumb\":{\"@id\":\"https:\\\/\\\/artslibris.cat\\\/en\\\/tienda\\\/feature\\\/que-hostia-dicen-los-rumorosos\\\/#breadcrumb\"},\"inLanguage\":\"en-US\",\"potentialAction\":[{\"@type\":\"ReadAction\",\"target\":[\"https:\\\/\\\/artslibris.cat\\\/en\\\/tienda\\\/feature\\\/que-hostia-dicen-los-rumorosos\\\/\"]}]},{\"@type\":\"ImageObject\",\"inLanguage\":\"en-US\",\"@id\":\"https:\\\/\\\/artslibris.cat\\\/en\\\/tienda\\\/feature\\\/que-hostia-dicen-los-rumorosos\\\/#primaryimage\",\"url\":\"https:\\\/\\\/artslibris.cat\\\/wp-content\\\/uploads\\\/2022\\\/09\\\/quehostiadicenlosrumorosos-editorialelvira-600x900-1.png\",\"contentUrl\":\"https:\\\/\\\/artslibris.cat\\\/wp-content\\\/uploads\\\/2022\\\/09\\\/quehostiadicenlosrumorosos-editorialelvira-600x900-1.png\",\"width\":600,\"height\":900},{\"@type\":\"BreadcrumbList\",\"@id\":\"https:\\\/\\\/artslibris.cat\\\/en\\\/tienda\\\/feature\\\/que-hostia-dicen-los-rumorosos\\\/#breadcrumb\",\"itemListElement\":[{\"@type\":\"ListItem\",\"position\":1,\"name\":\"Portada\",\"item\":\"https:\\\/\\\/artslibris.cat\\\/en\\\/\"},{\"@type\":\"ListItem\",\"position\":2,\"name\":\"Shop\",\"item\":\"https:\\\/\\\/artslibris.cat\\\/en\\\/shop\\\/\"},{\"@type\":\"ListItem\",\"position\":3,\"name\":\"\u00bfQU\u00c9 HOSTIA DICEN LOS RUMOROSOS?\"}]},{\"@type\":\"WebSite\",\"@id\":\"https:\\\/\\\/artslibris.cat\\\/en\\\/#website\",\"url\":\"https:\\\/\\\/artslibris.cat\\\/en\\\/\",\"name\":\"ArtsLibris\",\"description\":\"\",\"publisher\":{\"@id\":\"https:\\\/\\\/artslibris.cat\\\/en\\\/#organization\"},\"potentialAction\":[{\"@type\":\"SearchAction\",\"target\":{\"@type\":\"EntryPoint\",\"urlTemplate\":\"https:\\\/\\\/artslibris.cat\\\/en\\\/?s={search_term_string}\"},\"query-input\":{\"@type\":\"PropertyValueSpecification\",\"valueRequired\":true,\"valueName\":\"search_term_string\"}}],\"inLanguage\":\"en-US\"},{\"@type\":\"Organization\",\"@id\":\"https:\\\/\\\/artslibris.cat\\\/en\\\/#organization\",\"name\":\"ArtsLibris\",\"url\":\"https:\\\/\\\/artslibris.cat\\\/en\\\/\",\"logo\":{\"@type\":\"ImageObject\",\"inLanguage\":\"en-US\",\"@id\":\"https:\\\/\\\/artslibris.cat\\\/en\\\/#\\\/schema\\\/logo\\\/image\\\/\",\"url\":\"https:\\\/\\\/artslibris.cat\\\/wp-content\\\/uploads\\\/2020\\\/05\\\/ArtsLibris-logo-black.svg\",\"contentUrl\":\"https:\\\/\\\/artslibris.cat\\\/wp-content\\\/uploads\\\/2020\\\/05\\\/ArtsLibris-logo-black.svg\",\"width\":521,\"height\":85,\"caption\":\"ArtsLibris\"},\"image\":{\"@id\":\"https:\\\/\\\/artslibris.cat\\\/en\\\/#\\\/schema\\\/logo\\\/image\\\/\"},\"sameAs\":[\"https:\\\/\\\/www.facebook.com\\\/artslibris\\\/\",\"https:\\\/\\\/x.com\\\/ArtsLibris\",\"https:\\\/\\\/www.instagram.com\\\/artslibris\\\/\"]}]}<\/script>\n<!-- \/ Yoast SEO plugin. -->","yoast_head_json":{"title":"\u00bfQU\u00c9 HOSTIA DICEN LOS RUMOROSOS? - ArtsLibris","robots":{"index":"index","follow":"follow","max-snippet":"max-snippet:-1","max-image-preview":"max-image-preview:large","max-video-preview":"max-video-preview:-1"},"canonical":"https:\/\/artslibris.cat\/en\/tienda\/feature\/que-hostia-dicen-los-rumorosos\/","og_locale":"en_US","og_type":"article","og_title":"\u00bfQU\u00c9 HOSTIA DICEN LOS RUMOROSOS? - ArtsLibris","og_description":"Autor: Rompente Editorial: Editorial Elvira P\u00e1ginas: 288 Encuadernaci\u00f3n: Tapa blanda Idioma: Castellano\/Galego Ilustraciones: Menchu Lamas &amp; Ant\u00f3n Pati\u00f1o Pr\u00f3logo: Juli\u00e1n Hern\u00e1ndez ISBN: 978-84-125185-0-4 Publicaci\u00f3n: Mayo, 2022","og_url":"https:\/\/artslibris.cat\/en\/tienda\/feature\/que-hostia-dicen-los-rumorosos\/","og_site_name":"ArtsLibris","article_publisher":"https:\/\/www.facebook.com\/artslibris\/","article_modified_time":"2025-12-16T17:54:47+00:00","og_image":[{"width":600,"height":900,"url":"https:\/\/artslibris.cat\/wp-content\/uploads\/2022\/09\/quehostiadicenlosrumorosos-editorialelvira-600x900-1.png","type":"image\/png"}],"twitter_card":"summary_large_image","twitter_site":"@ArtsLibris","twitter_misc":{"Est. reading time":"1 minute"},"schema":{"@context":"https:\/\/schema.org","@graph":[{"@type":"WebPage","@id":"https:\/\/artslibris.cat\/en\/tienda\/feature\/que-hostia-dicen-los-rumorosos\/","url":"https:\/\/artslibris.cat\/en\/tienda\/feature\/que-hostia-dicen-los-rumorosos\/","name":"\u00bfQU\u00c9 HOSTIA DICEN LOS RUMOROSOS? - ArtsLibris","isPartOf":{"@id":"https:\/\/artslibris.cat\/en\/#website"},"primaryImageOfPage":{"@id":"https:\/\/artslibris.cat\/en\/tienda\/feature\/que-hostia-dicen-los-rumorosos\/#primaryimage"},"image":{"@id":"https:\/\/artslibris.cat\/en\/tienda\/feature\/que-hostia-dicen-los-rumorosos\/#primaryimage"},"thumbnailUrl":"https:\/\/artslibris.cat\/wp-content\/uploads\/2022\/09\/quehostiadicenlosrumorosos-editorialelvira-600x900-1.png","datePublished":"2022-09-12T12:27:47+00:00","dateModified":"2025-12-16T17:54:47+00:00","breadcrumb":{"@id":"https:\/\/artslibris.cat\/en\/tienda\/feature\/que-hostia-dicen-los-rumorosos\/#breadcrumb"},"inLanguage":"en-US","potentialAction":[{"@type":"ReadAction","target":["https:\/\/artslibris.cat\/en\/tienda\/feature\/que-hostia-dicen-los-rumorosos\/"]}]},{"@type":"ImageObject","inLanguage":"en-US","@id":"https:\/\/artslibris.cat\/en\/tienda\/feature\/que-hostia-dicen-los-rumorosos\/#primaryimage","url":"https:\/\/artslibris.cat\/wp-content\/uploads\/2022\/09\/quehostiadicenlosrumorosos-editorialelvira-600x900-1.png","contentUrl":"https:\/\/artslibris.cat\/wp-content\/uploads\/2022\/09\/quehostiadicenlosrumorosos-editorialelvira-600x900-1.png","width":600,"height":900},{"@type":"BreadcrumbList","@id":"https:\/\/artslibris.cat\/en\/tienda\/feature\/que-hostia-dicen-los-rumorosos\/#breadcrumb","itemListElement":[{"@type":"ListItem","position":1,"name":"Portada","item":"https:\/\/artslibris.cat\/en\/"},{"@type":"ListItem","position":2,"name":"Shop","item":"https:\/\/artslibris.cat\/en\/shop\/"},{"@type":"ListItem","position":3,"name":"\u00bfQU\u00c9 HOSTIA DICEN LOS RUMOROSOS?"}]},{"@type":"WebSite","@id":"https:\/\/artslibris.cat\/en\/#website","url":"https:\/\/artslibris.cat\/en\/","name":"ArtsLibris","description":"","publisher":{"@id":"https:\/\/artslibris.cat\/en\/#organization"},"potentialAction":[{"@type":"SearchAction","target":{"@type":"EntryPoint","urlTemplate":"https:\/\/artslibris.cat\/en\/?s={search_term_string}"},"query-input":{"@type":"PropertyValueSpecification","valueRequired":true,"valueName":"search_term_string"}}],"inLanguage":"en-US"},{"@type":"Organization","@id":"https:\/\/artslibris.cat\/en\/#organization","name":"ArtsLibris","url":"https:\/\/artslibris.cat\/en\/","logo":{"@type":"ImageObject","inLanguage":"en-US","@id":"https:\/\/artslibris.cat\/en\/#\/schema\/logo\/image\/","url":"https:\/\/artslibris.cat\/wp-content\/uploads\/2020\/05\/ArtsLibris-logo-black.svg","contentUrl":"https:\/\/artslibris.cat\/wp-content\/uploads\/2020\/05\/ArtsLibris-logo-black.svg","width":521,"height":85,"caption":"ArtsLibris"},"image":{"@id":"https:\/\/artslibris.cat\/en\/#\/schema\/logo\/image\/"},"sameAs":["https:\/\/www.facebook.com\/artslibris\/","https:\/\/x.com\/ArtsLibris","https:\/\/www.instagram.com\/artslibris\/"]}]}},"_links":{"self":[{"href":"https:\/\/artslibris.cat\/en\/wp-json\/wp\/v2\/product\/19190","targetHints":{"allow":["GET"]}}],"collection":[{"href":"https:\/\/artslibris.cat\/en\/wp-json\/wp\/v2\/product"}],"about":[{"href":"https:\/\/artslibris.cat\/en\/wp-json\/wp\/v2\/types\/product"}],"wp:featuredmedia":[{"embeddable":true,"href":"https:\/\/artslibris.cat\/en\/wp-json\/wp\/v2\/media\/19184"}],"wp:attachment":[{"href":"https:\/\/artslibris.cat\/en\/wp-json\/wp\/v2\/media?parent=19190"}],"wp:term":[{"taxonomy":"product_brand","embeddable":true,"href":"https:\/\/artslibris.cat\/en\/wp-json\/wp\/v2\/product_brand?post=19190"},{"taxonomy":"product_cat","embeddable":true,"href":"https:\/\/artslibris.cat\/en\/wp-json\/wp\/v2\/product_cat?post=19190"},{"taxonomy":"product_tag","embeddable":true,"href":"https:\/\/artslibris.cat\/en\/wp-json\/wp\/v2\/product_tag?post=19190"}],"curies":[{"name":"wp","href":"https:\/\/api.w.org\/{rel}","templated":true}]}}