{"id":12664,"date":"2021-07-08T16:50:14","date_gmt":"2021-07-08T16:50:14","guid":{"rendered":"https:\/\/artslibris.cat\/tienda\/uncategorized\/cecilia-vicuna-veroir-el-fracaso-iluminado\/"},"modified":"2021-07-08T16:50:14","modified_gmt":"2021-07-08T16:50:14","slug":"cecilia-vicuna-veroir-el-fracaso-iluminado","status":"publish","type":"product","link":"https:\/\/artslibris.cat\/en\/tienda\/pensamiento-en\/cecilia-vicuna-veroir-el-fracaso-iluminado\/","title":{"rendered":"Cecilia Vicu\u00f1a. Vero\u00edr el fracaso iluminado"},"content":{"rendered":"<p>Monographic book on one of the most multifaceted and fundamental artists of contemporary Latin American art. An absolute figure of Latin American art on the international scene, Vicu\u00f1a is considered one of the leading representatives of performance art, but she is also a writer, poet, activist and visual artist.<\/p>\n<p>For decades she has been developing a varied and multidisciplinary body of work, constructed from words, images, environments and a combination of languages, media and techniques. Her work reflects her ongoing commitment to themes that encompass eroticism, colonial legacies, liberation struggles, collective happiness, indigenous thought and environmental devastation.<\/p>\n<p>Under the direction of the critic and researcher Miguel \u00c1ngel L\u00f3pez, the book includes essays by prominent authors and a selection of writings by the artist.<\/p>\n","protected":false},"excerpt":{"rendered":"<p>Title: Cecilia Vicu\u00f1a. Vero\u00edr el fracaso iluminado<br \/>\nAuthor: Cecilia Vicu\u00f1a<br \/>\nPublisher: Turner<br \/>\nSize: 20 \u00d7 26 cm<br \/>\nN\u00ba pages: 390<br \/>\nBinding: Paperback with flaps<br \/>\nISBN: 978-84-18428-62-3<\/p>\n","protected":false},"featured_media":12661,"template":"","meta":{"_acf_changed":false,"site-sidebar-layout":"default","site-content-layout":"default","ast-site-content-layout":"default","site-content-style":"default","site-sidebar-style":"default","ast-global-header-display":"","ast-banner-title-visibility":"","ast-main-header-display":"","ast-hfb-above-header-display":"","ast-hfb-below-header-display":"","ast-hfb-mobile-header-display":"","site-post-title":"","ast-breadcrumbs-content":"","ast-featured-img":"","footer-sml-layout":"","ast-disable-related-posts":"","theme-transparent-header-meta":"default","adv-header-id-meta":"","stick-header-meta":"","header-above-stick-meta":"","header-main-stick-meta":"","header-below-stick-meta":"","astra-migrate-meta-layouts":"default","ast-page-background-enabled":"default","ast-page-background-meta":{"desktop":{"background-color":"","background-image":"","background-repeat":"repeat","background-position":"center center","background-size":"auto","background-attachment":"scroll","background-type":"","background-media":"","overlay-type":"","overlay-color":"","overlay-opacity":"","overlay-gradient":""},"tablet":{"background-color":"","background-image":"","background-repeat":"repeat","background-position":"center center","background-size":"auto","background-attachment":"scroll","background-type":"","background-media":"","overlay-type":"","overlay-color":"","overlay-opacity":"","overlay-gradient":""},"mobile":{"background-color":"","background-image":"","background-repeat":"repeat","background-position":"center center","background-size":"auto","background-attachment":"scroll","background-type":"","background-media":"","overlay-type":"","overlay-color":"","overlay-opacity":"","overlay-gradient":""}},"ast-content-background-meta":{"desktop":{"background-color":"var(--ast-global-color-5)","background-image":"","background-repeat":"repeat","background-position":"center center","background-size":"auto","background-attachment":"scroll","background-type":"","background-media":"","overlay-type":"","overlay-color":"","overlay-opacity":"","overlay-gradient":""},"tablet":{"background-color":"var(--ast-global-color-5)","background-image":"","background-repeat":"repeat","background-position":"center center","background-size":"auto","background-attachment":"scroll","background-type":"","background-media":"","overlay-type":"","overlay-color":"","overlay-opacity":"","overlay-gradient":""},"mobile":{"background-color":"var(--ast-global-color-5)","background-image":"","background-repeat":"repeat","background-position":"center center","background-size":"auto","background-attachment":"scroll","background-type":"","background-media":"","overlay-type":"","overlay-color":"","overlay-opacity":"","overlay-gradient":""}}},"product_brand":[],"product_cat":[254,89],"product_tag":[307],"class_list":{"0":"post-12664","1":"product","2":"type-product","3":"status-publish","4":"has-post-thumbnail","6":"product_cat-narrativa-en","7":"product_cat-pensamiento-en","8":"product_tag-turner-en","9":"desktop-align-left","10":"tablet-align-left","11":"mobile-align-left","13":"first","14":"outofstock","15":"shipping-taxable","16":"purchasable","17":"product-type-simple"},"acf":[],"yoast_head":"<!-- This site is optimized with the Yoast SEO plugin v27.1.1 - https:\/\/yoast.com\/product\/yoast-seo-wordpress\/ -->\n<title>Cecilia Vicu\u00f1a. Vero\u00edr el fracaso iluminado - ArtsLibris<\/title>\n<meta name=\"description\" content=\"Bookshop-Arts-Libris-Cec\u00edlia-Vicu\u00f1a-Vero\u00edr-el-fracaso-iluminado-turner\" \/>\n<meta name=\"robots\" content=\"index, follow, max-snippet:-1, max-image-preview:large, max-video-preview:-1\" \/>\n<link rel=\"canonical\" href=\"https:\/\/artslibris.cat\/en\/tienda\/pensamiento-en\/cecilia-vicuna-veroir-el-fracaso-iluminado\/\" \/>\n<meta property=\"og:locale\" content=\"en_US\" \/>\n<meta property=\"og:type\" content=\"article\" \/>\n<meta property=\"og:title\" content=\"Cecilia Vicu\u00f1a. Vero\u00edr el fracaso iluminado - ArtsLibris\" \/>\n<meta property=\"og:description\" content=\"Bookshop-Arts-Libris-Cec\u00edlia-Vicu\u00f1a-Vero\u00edr-el-fracaso-iluminado-turner\" \/>\n<meta property=\"og:url\" content=\"https:\/\/artslibris.cat\/en\/tienda\/pensamiento-en\/cecilia-vicuna-veroir-el-fracaso-iluminado\/\" \/>\n<meta property=\"og:site_name\" content=\"ArtsLibris\" \/>\n<meta property=\"article:publisher\" content=\"https:\/\/www.facebook.com\/artslibris\/\" \/>\n<meta property=\"og:image\" content=\"https:\/\/artslibris.cat\/wp-content\/uploads\/2021\/07\/Arts_Libris_Veroi\u0301r_Ceci\u0301lia_Vicun\u0303a_01.png\" \/>\n\t<meta property=\"og:image:width\" content=\"359\" \/>\n\t<meta property=\"og:image:height\" content=\"449\" \/>\n\t<meta property=\"og:image:type\" content=\"image\/png\" \/>\n<meta name=\"twitter:card\" content=\"summary_large_image\" \/>\n<meta name=\"twitter:site\" content=\"@ArtsLibris\" \/>\n<meta name=\"twitter:label1\" content=\"Est. reading time\" \/>\n\t<meta name=\"twitter:data1\" content=\"1 minute\" \/>\n<script type=\"application\/ld+json\" class=\"yoast-schema-graph\">{\"@context\":\"https:\/\/schema.org\",\"@graph\":[{\"@type\":\"WebPage\",\"@id\":\"https:\/\/artslibris.cat\/en\/tienda\/pensamiento-en\/cecilia-vicuna-veroir-el-fracaso-iluminado\/\",\"url\":\"https:\/\/artslibris.cat\/en\/tienda\/pensamiento-en\/cecilia-vicuna-veroir-el-fracaso-iluminado\/\",\"name\":\"Cecilia Vicu\u00f1a. Vero\u00edr el fracaso iluminado - ArtsLibris\",\"isPartOf\":{\"@id\":\"https:\/\/artslibris.cat\/en\/#website\"},\"primaryImageOfPage\":{\"@id\":\"https:\/\/artslibris.cat\/en\/tienda\/pensamiento-en\/cecilia-vicuna-veroir-el-fracaso-iluminado\/#primaryimage\"},\"image\":{\"@id\":\"https:\/\/artslibris.cat\/en\/tienda\/pensamiento-en\/cecilia-vicuna-veroir-el-fracaso-iluminado\/#primaryimage\"},\"thumbnailUrl\":\"https:\/\/artslibris.cat\/wp-content\/uploads\/2021\/07\/Arts_Libris_Veroi\u0301r_Ceci\u0301lia_Vicun\u0303a_01.png\",\"datePublished\":\"2021-07-08T16:50:14+00:00\",\"description\":\"Bookshop-Arts-Libris-Cec\u00edlia-Vicu\u00f1a-Vero\u00edr-el-fracaso-iluminado-turner\",\"breadcrumb\":{\"@id\":\"https:\/\/artslibris.cat\/en\/tienda\/pensamiento-en\/cecilia-vicuna-veroir-el-fracaso-iluminado\/#breadcrumb\"},\"inLanguage\":\"en-US\",\"potentialAction\":[{\"@type\":\"ReadAction\",\"target\":[\"https:\/\/artslibris.cat\/en\/tienda\/pensamiento-en\/cecilia-vicuna-veroir-el-fracaso-iluminado\/\"]}]},{\"@type\":\"ImageObject\",\"inLanguage\":\"en-US\",\"@id\":\"https:\/\/artslibris.cat\/en\/tienda\/pensamiento-en\/cecilia-vicuna-veroir-el-fracaso-iluminado\/#primaryimage\",\"url\":\"https:\/\/artslibris.cat\/wp-content\/uploads\/2021\/07\/Arts_Libris_Veroi\u0301r_Ceci\u0301lia_Vicun\u0303a_01.png\",\"contentUrl\":\"https:\/\/artslibris.cat\/wp-content\/uploads\/2021\/07\/Arts_Libris_Veroi\u0301r_Ceci\u0301lia_Vicun\u0303a_01.png\",\"width\":359,\"height\":449},{\"@type\":\"BreadcrumbList\",\"@id\":\"https:\/\/artslibris.cat\/en\/tienda\/pensamiento-en\/cecilia-vicuna-veroir-el-fracaso-iluminado\/#breadcrumb\",\"itemListElement\":[{\"@type\":\"ListItem\",\"position\":1,\"name\":\"Portada\",\"item\":\"https:\/\/artslibris.cat\/en\/\"},{\"@type\":\"ListItem\",\"position\":2,\"name\":\"Shop\",\"item\":\"https:\/\/artslibris.cat\/en\/shop\/\"},{\"@type\":\"ListItem\",\"position\":3,\"name\":\"Cecilia Vicu\u00f1a. Vero\u00edr el fracaso iluminado\"}]},{\"@type\":\"WebSite\",\"@id\":\"https:\/\/artslibris.cat\/en\/#website\",\"url\":\"https:\/\/artslibris.cat\/en\/\",\"name\":\"ArtsLibris\",\"description\":\"\",\"publisher\":{\"@id\":\"https:\/\/artslibris.cat\/en\/#organization\"},\"potentialAction\":[{\"@type\":\"SearchAction\",\"target\":{\"@type\":\"EntryPoint\",\"urlTemplate\":\"https:\/\/artslibris.cat\/en\/?s={search_term_string}\"},\"query-input\":{\"@type\":\"PropertyValueSpecification\",\"valueRequired\":true,\"valueName\":\"search_term_string\"}}],\"inLanguage\":\"en-US\"},{\"@type\":\"Organization\",\"@id\":\"https:\/\/artslibris.cat\/en\/#organization\",\"name\":\"ArtsLibris\",\"url\":\"https:\/\/artslibris.cat\/en\/\",\"logo\":{\"@type\":\"ImageObject\",\"inLanguage\":\"en-US\",\"@id\":\"https:\/\/artslibris.cat\/en\/#\/schema\/logo\/image\/\",\"url\":\"https:\/\/artslibris.cat\/wp-content\/uploads\/2020\/05\/ArtsLibris-logo-black.svg\",\"contentUrl\":\"https:\/\/artslibris.cat\/wp-content\/uploads\/2020\/05\/ArtsLibris-logo-black.svg\",\"width\":521,\"height\":85,\"caption\":\"ArtsLibris\"},\"image\":{\"@id\":\"https:\/\/artslibris.cat\/en\/#\/schema\/logo\/image\/\"},\"sameAs\":[\"https:\/\/www.facebook.com\/artslibris\/\",\"https:\/\/x.com\/ArtsLibris\",\"https:\/\/www.instagram.com\/artslibris\/\"]}]}<\/script>\n<!-- \/ Yoast SEO plugin. -->","yoast_head_json":{"title":"Cecilia Vicu\u00f1a. Vero\u00edr el fracaso iluminado - ArtsLibris","description":"Bookshop-Arts-Libris-Cec\u00edlia-Vicu\u00f1a-Vero\u00edr-el-fracaso-iluminado-turner","robots":{"index":"index","follow":"follow","max-snippet":"max-snippet:-1","max-image-preview":"max-image-preview:large","max-video-preview":"max-video-preview:-1"},"canonical":"https:\/\/artslibris.cat\/en\/tienda\/pensamiento-en\/cecilia-vicuna-veroir-el-fracaso-iluminado\/","og_locale":"en_US","og_type":"article","og_title":"Cecilia Vicu\u00f1a. Vero\u00edr el fracaso iluminado - ArtsLibris","og_description":"Bookshop-Arts-Libris-Cec\u00edlia-Vicu\u00f1a-Vero\u00edr-el-fracaso-iluminado-turner","og_url":"https:\/\/artslibris.cat\/en\/tienda\/pensamiento-en\/cecilia-vicuna-veroir-el-fracaso-iluminado\/","og_site_name":"ArtsLibris","article_publisher":"https:\/\/www.facebook.com\/artslibris\/","og_image":[{"width":359,"height":449,"url":"https:\/\/artslibris.cat\/wp-content\/uploads\/2021\/07\/Arts_Libris_Veroi\u0301r_Ceci\u0301lia_Vicun\u0303a_01.png","type":"image\/png"}],"twitter_card":"summary_large_image","twitter_site":"@ArtsLibris","twitter_misc":{"Est. reading time":"1 minute"},"schema":{"@context":"https:\/\/schema.org","@graph":[{"@type":"WebPage","@id":"https:\/\/artslibris.cat\/en\/tienda\/pensamiento-en\/cecilia-vicuna-veroir-el-fracaso-iluminado\/","url":"https:\/\/artslibris.cat\/en\/tienda\/pensamiento-en\/cecilia-vicuna-veroir-el-fracaso-iluminado\/","name":"Cecilia Vicu\u00f1a. Vero\u00edr el fracaso iluminado - ArtsLibris","isPartOf":{"@id":"https:\/\/artslibris.cat\/en\/#website"},"primaryImageOfPage":{"@id":"https:\/\/artslibris.cat\/en\/tienda\/pensamiento-en\/cecilia-vicuna-veroir-el-fracaso-iluminado\/#primaryimage"},"image":{"@id":"https:\/\/artslibris.cat\/en\/tienda\/pensamiento-en\/cecilia-vicuna-veroir-el-fracaso-iluminado\/#primaryimage"},"thumbnailUrl":"https:\/\/artslibris.cat\/wp-content\/uploads\/2021\/07\/Arts_Libris_Veroi\u0301r_Ceci\u0301lia_Vicun\u0303a_01.png","datePublished":"2021-07-08T16:50:14+00:00","description":"Bookshop-Arts-Libris-Cec\u00edlia-Vicu\u00f1a-Vero\u00edr-el-fracaso-iluminado-turner","breadcrumb":{"@id":"https:\/\/artslibris.cat\/en\/tienda\/pensamiento-en\/cecilia-vicuna-veroir-el-fracaso-iluminado\/#breadcrumb"},"inLanguage":"en-US","potentialAction":[{"@type":"ReadAction","target":["https:\/\/artslibris.cat\/en\/tienda\/pensamiento-en\/cecilia-vicuna-veroir-el-fracaso-iluminado\/"]}]},{"@type":"ImageObject","inLanguage":"en-US","@id":"https:\/\/artslibris.cat\/en\/tienda\/pensamiento-en\/cecilia-vicuna-veroir-el-fracaso-iluminado\/#primaryimage","url":"https:\/\/artslibris.cat\/wp-content\/uploads\/2021\/07\/Arts_Libris_Veroi\u0301r_Ceci\u0301lia_Vicun\u0303a_01.png","contentUrl":"https:\/\/artslibris.cat\/wp-content\/uploads\/2021\/07\/Arts_Libris_Veroi\u0301r_Ceci\u0301lia_Vicun\u0303a_01.png","width":359,"height":449},{"@type":"BreadcrumbList","@id":"https:\/\/artslibris.cat\/en\/tienda\/pensamiento-en\/cecilia-vicuna-veroir-el-fracaso-iluminado\/#breadcrumb","itemListElement":[{"@type":"ListItem","position":1,"name":"Portada","item":"https:\/\/artslibris.cat\/en\/"},{"@type":"ListItem","position":2,"name":"Shop","item":"https:\/\/artslibris.cat\/en\/shop\/"},{"@type":"ListItem","position":3,"name":"Cecilia Vicu\u00f1a. Vero\u00edr el fracaso iluminado"}]},{"@type":"WebSite","@id":"https:\/\/artslibris.cat\/en\/#website","url":"https:\/\/artslibris.cat\/en\/","name":"ArtsLibris","description":"","publisher":{"@id":"https:\/\/artslibris.cat\/en\/#organization"},"potentialAction":[{"@type":"SearchAction","target":{"@type":"EntryPoint","urlTemplate":"https:\/\/artslibris.cat\/en\/?s={search_term_string}"},"query-input":{"@type":"PropertyValueSpecification","valueRequired":true,"valueName":"search_term_string"}}],"inLanguage":"en-US"},{"@type":"Organization","@id":"https:\/\/artslibris.cat\/en\/#organization","name":"ArtsLibris","url":"https:\/\/artslibris.cat\/en\/","logo":{"@type":"ImageObject","inLanguage":"en-US","@id":"https:\/\/artslibris.cat\/en\/#\/schema\/logo\/image\/","url":"https:\/\/artslibris.cat\/wp-content\/uploads\/2020\/05\/ArtsLibris-logo-black.svg","contentUrl":"https:\/\/artslibris.cat\/wp-content\/uploads\/2020\/05\/ArtsLibris-logo-black.svg","width":521,"height":85,"caption":"ArtsLibris"},"image":{"@id":"https:\/\/artslibris.cat\/en\/#\/schema\/logo\/image\/"},"sameAs":["https:\/\/www.facebook.com\/artslibris\/","https:\/\/x.com\/ArtsLibris","https:\/\/www.instagram.com\/artslibris\/"]}]}},"_links":{"self":[{"href":"https:\/\/artslibris.cat\/en\/wp-json\/wp\/v2\/product\/12664","targetHints":{"allow":["GET"]}}],"collection":[{"href":"https:\/\/artslibris.cat\/en\/wp-json\/wp\/v2\/product"}],"about":[{"href":"https:\/\/artslibris.cat\/en\/wp-json\/wp\/v2\/types\/product"}],"wp:featuredmedia":[{"embeddable":true,"href":"https:\/\/artslibris.cat\/en\/wp-json\/wp\/v2\/media\/12661"}],"wp:attachment":[{"href":"https:\/\/artslibris.cat\/en\/wp-json\/wp\/v2\/media?parent=12664"}],"wp:term":[{"taxonomy":"product_brand","embeddable":true,"href":"https:\/\/artslibris.cat\/en\/wp-json\/wp\/v2\/product_brand?post=12664"},{"taxonomy":"product_cat","embeddable":true,"href":"https:\/\/artslibris.cat\/en\/wp-json\/wp\/v2\/product_cat?post=12664"},{"taxonomy":"product_tag","embeddable":true,"href":"https:\/\/artslibris.cat\/en\/wp-json\/wp\/v2\/product_tag?post=12664"}],"curies":[{"name":"wp","href":"https:\/\/api.w.org\/{rel}","templated":true}]}}