{"id":11896,"date":"2021-06-01T17:29:43","date_gmt":"2021-06-01T17:29:43","guid":{"rendered":"https:\/\/artslibris.cat\/tienda\/uncategorized\/desde-la-isla-cuantica\/"},"modified":"2021-06-01T17:29:43","modified_gmt":"2021-06-01T17:29:43","slug":"desde-la-isla-cuantica","status":"publish","type":"product","link":"https:\/\/artslibris.cat\/en\/tienda\/fotolibro-en\/desde-la-isla-cuantica\/","title":{"rendered":"Desde la isla cu\u00e1ntica"},"content":{"rendered":"<p>\u201cIsla del Sol on Lake Titicaca is located at 3800m altitude. Old sacred place, legends say Manco Capac and Mamma Occlio departed from there to found the city of Cusco and the Inca empire. Today is inhabited by three Aymara communities.<\/p>\n<p>Two and a half hours by boat from the nearest town has remained relatively isolated for a long time, until the entry, not many years ago, of tourism.<\/p>\n<p>The island keeps ancestral rites, sacrifices of llamas or night ceremonies at mountain tops. It is a magical place, eagles predict the fate of people, are able to predict death; flying women; light entering the lake; gold comes and goes; souls who attack by night; a sacred city sunk around and even someone believes the island is the ark of Noah and the Titicaca Lake is originated during the Global Flood.<\/p>\n<p>I went there for the first time in 2006 and since then I have returned 7 times, first attracted by the landscape and calm that were there, later I started to realize that the island was much more, a way of understanding the world around us completely different from the Western vision. Other values, other priorities who have made this place so special.\u201d<\/p>\n<p>Eugeni Gay<\/p>\n","protected":false},"excerpt":{"rendered":"<p>Title: Desde la isla cu\u00e1ntica<br \/>\nAuthor: Eugeni Gay Mar\u00edn<br \/>\nPublisher: Ediciones An\u00f3malas<br \/>\nN\u00ba pages: 96<br \/>\nSize: 22 x 17 cm<br \/>\nDesign: underbau<br \/>\nISBN: 978-84-09-00316-7<\/p>\n","protected":false},"featured_media":11891,"template":"","meta":{"_acf_changed":false,"site-sidebar-layout":"default","site-content-layout":"default","ast-site-content-layout":"default","site-content-style":"default","site-sidebar-style":"default","ast-global-header-display":"","ast-banner-title-visibility":"","ast-main-header-display":"","ast-hfb-above-header-display":"","ast-hfb-below-header-display":"","ast-hfb-mobile-header-display":"","site-post-title":"","ast-breadcrumbs-content":"","ast-featured-img":"","footer-sml-layout":"","ast-disable-related-posts":"","theme-transparent-header-meta":"default","adv-header-id-meta":"","stick-header-meta":"","header-above-stick-meta":"","header-main-stick-meta":"","header-below-stick-meta":"","astra-migrate-meta-layouts":"default","ast-page-background-enabled":"default","ast-page-background-meta":{"desktop":{"background-color":"","background-image":"","background-repeat":"repeat","background-position":"center center","background-size":"auto","background-attachment":"scroll","background-type":"","background-media":"","overlay-type":"","overlay-color":"","overlay-opacity":"","overlay-gradient":""},"tablet":{"background-color":"","background-image":"","background-repeat":"repeat","background-position":"center center","background-size":"auto","background-attachment":"scroll","background-type":"","background-media":"","overlay-type":"","overlay-color":"","overlay-opacity":"","overlay-gradient":""},"mobile":{"background-color":"","background-image":"","background-repeat":"repeat","background-position":"center center","background-size":"auto","background-attachment":"scroll","background-type":"","background-media":"","overlay-type":"","overlay-color":"","overlay-opacity":"","overlay-gradient":""}},"ast-content-background-meta":{"desktop":{"background-color":"var(--ast-global-color-5)","background-image":"","background-repeat":"repeat","background-position":"center center","background-size":"auto","background-attachment":"scroll","background-type":"","background-media":"","overlay-type":"","overlay-color":"","overlay-opacity":"","overlay-gradient":""},"tablet":{"background-color":"var(--ast-global-color-5)","background-image":"","background-repeat":"repeat","background-position":"center center","background-size":"auto","background-attachment":"scroll","background-type":"","background-media":"","overlay-type":"","overlay-color":"","overlay-opacity":"","overlay-gradient":""},"mobile":{"background-color":"var(--ast-global-color-5)","background-image":"","background-repeat":"repeat","background-position":"center center","background-size":"auto","background-attachment":"scroll","background-type":"","background-media":"","overlay-type":"","overlay-color":"","overlay-opacity":"","overlay-gradient":""}}},"product_brand":[],"product_cat":[96],"product_tag":[286],"class_list":{"0":"post-11896","1":"product","2":"type-product","3":"status-publish","4":"has-post-thumbnail","6":"product_cat-fotolibro-en","7":"product_tag-ediciones-anomalas-en","8":"desktop-align-left","9":"tablet-align-left","10":"mobile-align-left","12":"first","13":"outofstock","14":"shipping-taxable","15":"purchasable","16":"product-type-simple"},"acf":[],"yoast_head":"<!-- This site is optimized with the Yoast SEO plugin v27.1.1 - https:\/\/yoast.com\/product\/yoast-seo-wordpress\/ -->\n<title>Desde la isla cu\u00e1ntica - ArtsLibris<\/title>\n<meta name=\"description\" content=\"Bookshop-Arts-Libris-Desde-la-isla-cuantica-ediciones-an\u00f3malas-eugeni-gay-mar\u00edn\" \/>\n<meta name=\"robots\" content=\"index, follow, max-snippet:-1, max-image-preview:large, max-video-preview:-1\" \/>\n<link rel=\"canonical\" href=\"https:\/\/artslibris.cat\/en\/tienda\/fotolibro-en\/desde-la-isla-cuantica\/\" \/>\n<meta property=\"og:locale\" content=\"en_US\" \/>\n<meta property=\"og:type\" content=\"article\" \/>\n<meta property=\"og:title\" content=\"Desde la isla cu\u00e1ntica - ArtsLibris\" \/>\n<meta property=\"og:description\" content=\"Bookshop-Arts-Libris-Desde-la-isla-cuantica-ediciones-an\u00f3malas-eugeni-gay-mar\u00edn\" \/>\n<meta property=\"og:url\" content=\"https:\/\/artslibris.cat\/en\/tienda\/fotolibro-en\/desde-la-isla-cuantica\/\" \/>\n<meta property=\"og:site_name\" content=\"ArtsLibris\" \/>\n<meta property=\"article:publisher\" content=\"https:\/\/www.facebook.com\/artslibris\/\" \/>\n<meta property=\"og:image\" content=\"https:\/\/artslibris.cat\/wp-content\/uploads\/2021\/06\/Arts_Libris_Desde-la-isla-cua\u0301ntica-01-1.jpeg\" \/>\n\t<meta property=\"og:image:width\" content=\"364\" \/>\n\t<meta property=\"og:image:height\" content=\"490\" \/>\n\t<meta property=\"og:image:type\" content=\"image\/jpeg\" \/>\n<meta name=\"twitter:card\" content=\"summary_large_image\" \/>\n<meta name=\"twitter:site\" content=\"@ArtsLibris\" \/>\n<meta name=\"twitter:label1\" content=\"Est. reading time\" \/>\n\t<meta name=\"twitter:data1\" content=\"1 minute\" \/>\n<script type=\"application\/ld+json\" class=\"yoast-schema-graph\">{\"@context\":\"https:\/\/schema.org\",\"@graph\":[{\"@type\":\"WebPage\",\"@id\":\"https:\/\/artslibris.cat\/en\/tienda\/fotolibro-en\/desde-la-isla-cuantica\/\",\"url\":\"https:\/\/artslibris.cat\/en\/tienda\/fotolibro-en\/desde-la-isla-cuantica\/\",\"name\":\"Desde la isla cu\u00e1ntica - ArtsLibris\",\"isPartOf\":{\"@id\":\"https:\/\/artslibris.cat\/en\/#website\"},\"primaryImageOfPage\":{\"@id\":\"https:\/\/artslibris.cat\/en\/tienda\/fotolibro-en\/desde-la-isla-cuantica\/#primaryimage\"},\"image\":{\"@id\":\"https:\/\/artslibris.cat\/en\/tienda\/fotolibro-en\/desde-la-isla-cuantica\/#primaryimage\"},\"thumbnailUrl\":\"https:\/\/artslibris.cat\/wp-content\/uploads\/2021\/06\/Arts_Libris_Desde-la-isla-cua\u0301ntica-01-1.jpeg\",\"datePublished\":\"2021-06-01T17:29:43+00:00\",\"description\":\"Bookshop-Arts-Libris-Desde-la-isla-cuantica-ediciones-an\u00f3malas-eugeni-gay-mar\u00edn\",\"breadcrumb\":{\"@id\":\"https:\/\/artslibris.cat\/en\/tienda\/fotolibro-en\/desde-la-isla-cuantica\/#breadcrumb\"},\"inLanguage\":\"en-US\",\"potentialAction\":[{\"@type\":\"ReadAction\",\"target\":[\"https:\/\/artslibris.cat\/en\/tienda\/fotolibro-en\/desde-la-isla-cuantica\/\"]}]},{\"@type\":\"ImageObject\",\"inLanguage\":\"en-US\",\"@id\":\"https:\/\/artslibris.cat\/en\/tienda\/fotolibro-en\/desde-la-isla-cuantica\/#primaryimage\",\"url\":\"https:\/\/artslibris.cat\/wp-content\/uploads\/2021\/06\/Arts_Libris_Desde-la-isla-cua\u0301ntica-01-1.jpeg\",\"contentUrl\":\"https:\/\/artslibris.cat\/wp-content\/uploads\/2021\/06\/Arts_Libris_Desde-la-isla-cua\u0301ntica-01-1.jpeg\",\"width\":364,\"height\":490},{\"@type\":\"BreadcrumbList\",\"@id\":\"https:\/\/artslibris.cat\/en\/tienda\/fotolibro-en\/desde-la-isla-cuantica\/#breadcrumb\",\"itemListElement\":[{\"@type\":\"ListItem\",\"position\":1,\"name\":\"Portada\",\"item\":\"https:\/\/artslibris.cat\/en\/\"},{\"@type\":\"ListItem\",\"position\":2,\"name\":\"Shop\",\"item\":\"https:\/\/artslibris.cat\/en\/shop\/\"},{\"@type\":\"ListItem\",\"position\":3,\"name\":\"Desde la isla cu\u00e1ntica\"}]},{\"@type\":\"WebSite\",\"@id\":\"https:\/\/artslibris.cat\/en\/#website\",\"url\":\"https:\/\/artslibris.cat\/en\/\",\"name\":\"ArtsLibris\",\"description\":\"\",\"publisher\":{\"@id\":\"https:\/\/artslibris.cat\/en\/#organization\"},\"potentialAction\":[{\"@type\":\"SearchAction\",\"target\":{\"@type\":\"EntryPoint\",\"urlTemplate\":\"https:\/\/artslibris.cat\/en\/?s={search_term_string}\"},\"query-input\":{\"@type\":\"PropertyValueSpecification\",\"valueRequired\":true,\"valueName\":\"search_term_string\"}}],\"inLanguage\":\"en-US\"},{\"@type\":\"Organization\",\"@id\":\"https:\/\/artslibris.cat\/en\/#organization\",\"name\":\"ArtsLibris\",\"url\":\"https:\/\/artslibris.cat\/en\/\",\"logo\":{\"@type\":\"ImageObject\",\"inLanguage\":\"en-US\",\"@id\":\"https:\/\/artslibris.cat\/en\/#\/schema\/logo\/image\/\",\"url\":\"https:\/\/artslibris.cat\/wp-content\/uploads\/2020\/05\/ArtsLibris-logo-black.svg\",\"contentUrl\":\"https:\/\/artslibris.cat\/wp-content\/uploads\/2020\/05\/ArtsLibris-logo-black.svg\",\"width\":521,\"height\":85,\"caption\":\"ArtsLibris\"},\"image\":{\"@id\":\"https:\/\/artslibris.cat\/en\/#\/schema\/logo\/image\/\"},\"sameAs\":[\"https:\/\/www.facebook.com\/artslibris\/\",\"https:\/\/x.com\/ArtsLibris\",\"https:\/\/www.instagram.com\/artslibris\/\"]}]}<\/script>\n<!-- \/ Yoast SEO plugin. -->","yoast_head_json":{"title":"Desde la isla cu\u00e1ntica - ArtsLibris","description":"Bookshop-Arts-Libris-Desde-la-isla-cuantica-ediciones-an\u00f3malas-eugeni-gay-mar\u00edn","robots":{"index":"index","follow":"follow","max-snippet":"max-snippet:-1","max-image-preview":"max-image-preview:large","max-video-preview":"max-video-preview:-1"},"canonical":"https:\/\/artslibris.cat\/en\/tienda\/fotolibro-en\/desde-la-isla-cuantica\/","og_locale":"en_US","og_type":"article","og_title":"Desde la isla cu\u00e1ntica - ArtsLibris","og_description":"Bookshop-Arts-Libris-Desde-la-isla-cuantica-ediciones-an\u00f3malas-eugeni-gay-mar\u00edn","og_url":"https:\/\/artslibris.cat\/en\/tienda\/fotolibro-en\/desde-la-isla-cuantica\/","og_site_name":"ArtsLibris","article_publisher":"https:\/\/www.facebook.com\/artslibris\/","og_image":[{"width":364,"height":490,"url":"https:\/\/artslibris.cat\/wp-content\/uploads\/2021\/06\/Arts_Libris_Desde-la-isla-cua\u0301ntica-01-1.jpeg","type":"image\/jpeg"}],"twitter_card":"summary_large_image","twitter_site":"@ArtsLibris","twitter_misc":{"Est. reading time":"1 minute"},"schema":{"@context":"https:\/\/schema.org","@graph":[{"@type":"WebPage","@id":"https:\/\/artslibris.cat\/en\/tienda\/fotolibro-en\/desde-la-isla-cuantica\/","url":"https:\/\/artslibris.cat\/en\/tienda\/fotolibro-en\/desde-la-isla-cuantica\/","name":"Desde la isla cu\u00e1ntica - ArtsLibris","isPartOf":{"@id":"https:\/\/artslibris.cat\/en\/#website"},"primaryImageOfPage":{"@id":"https:\/\/artslibris.cat\/en\/tienda\/fotolibro-en\/desde-la-isla-cuantica\/#primaryimage"},"image":{"@id":"https:\/\/artslibris.cat\/en\/tienda\/fotolibro-en\/desde-la-isla-cuantica\/#primaryimage"},"thumbnailUrl":"https:\/\/artslibris.cat\/wp-content\/uploads\/2021\/06\/Arts_Libris_Desde-la-isla-cua\u0301ntica-01-1.jpeg","datePublished":"2021-06-01T17:29:43+00:00","description":"Bookshop-Arts-Libris-Desde-la-isla-cuantica-ediciones-an\u00f3malas-eugeni-gay-mar\u00edn","breadcrumb":{"@id":"https:\/\/artslibris.cat\/en\/tienda\/fotolibro-en\/desde-la-isla-cuantica\/#breadcrumb"},"inLanguage":"en-US","potentialAction":[{"@type":"ReadAction","target":["https:\/\/artslibris.cat\/en\/tienda\/fotolibro-en\/desde-la-isla-cuantica\/"]}]},{"@type":"ImageObject","inLanguage":"en-US","@id":"https:\/\/artslibris.cat\/en\/tienda\/fotolibro-en\/desde-la-isla-cuantica\/#primaryimage","url":"https:\/\/artslibris.cat\/wp-content\/uploads\/2021\/06\/Arts_Libris_Desde-la-isla-cua\u0301ntica-01-1.jpeg","contentUrl":"https:\/\/artslibris.cat\/wp-content\/uploads\/2021\/06\/Arts_Libris_Desde-la-isla-cua\u0301ntica-01-1.jpeg","width":364,"height":490},{"@type":"BreadcrumbList","@id":"https:\/\/artslibris.cat\/en\/tienda\/fotolibro-en\/desde-la-isla-cuantica\/#breadcrumb","itemListElement":[{"@type":"ListItem","position":1,"name":"Portada","item":"https:\/\/artslibris.cat\/en\/"},{"@type":"ListItem","position":2,"name":"Shop","item":"https:\/\/artslibris.cat\/en\/shop\/"},{"@type":"ListItem","position":3,"name":"Desde la isla cu\u00e1ntica"}]},{"@type":"WebSite","@id":"https:\/\/artslibris.cat\/en\/#website","url":"https:\/\/artslibris.cat\/en\/","name":"ArtsLibris","description":"","publisher":{"@id":"https:\/\/artslibris.cat\/en\/#organization"},"potentialAction":[{"@type":"SearchAction","target":{"@type":"EntryPoint","urlTemplate":"https:\/\/artslibris.cat\/en\/?s={search_term_string}"},"query-input":{"@type":"PropertyValueSpecification","valueRequired":true,"valueName":"search_term_string"}}],"inLanguage":"en-US"},{"@type":"Organization","@id":"https:\/\/artslibris.cat\/en\/#organization","name":"ArtsLibris","url":"https:\/\/artslibris.cat\/en\/","logo":{"@type":"ImageObject","inLanguage":"en-US","@id":"https:\/\/artslibris.cat\/en\/#\/schema\/logo\/image\/","url":"https:\/\/artslibris.cat\/wp-content\/uploads\/2020\/05\/ArtsLibris-logo-black.svg","contentUrl":"https:\/\/artslibris.cat\/wp-content\/uploads\/2020\/05\/ArtsLibris-logo-black.svg","width":521,"height":85,"caption":"ArtsLibris"},"image":{"@id":"https:\/\/artslibris.cat\/en\/#\/schema\/logo\/image\/"},"sameAs":["https:\/\/www.facebook.com\/artslibris\/","https:\/\/x.com\/ArtsLibris","https:\/\/www.instagram.com\/artslibris\/"]}]}},"_links":{"self":[{"href":"https:\/\/artslibris.cat\/en\/wp-json\/wp\/v2\/product\/11896","targetHints":{"allow":["GET"]}}],"collection":[{"href":"https:\/\/artslibris.cat\/en\/wp-json\/wp\/v2\/product"}],"about":[{"href":"https:\/\/artslibris.cat\/en\/wp-json\/wp\/v2\/types\/product"}],"wp:featuredmedia":[{"embeddable":true,"href":"https:\/\/artslibris.cat\/en\/wp-json\/wp\/v2\/media\/11891"}],"wp:attachment":[{"href":"https:\/\/artslibris.cat\/en\/wp-json\/wp\/v2\/media?parent=11896"}],"wp:term":[{"taxonomy":"product_brand","embeddable":true,"href":"https:\/\/artslibris.cat\/en\/wp-json\/wp\/v2\/product_brand?post=11896"},{"taxonomy":"product_cat","embeddable":true,"href":"https:\/\/artslibris.cat\/en\/wp-json\/wp\/v2\/product_cat?post=11896"},{"taxonomy":"product_tag","embeddable":true,"href":"https:\/\/artslibris.cat\/en\/wp-json\/wp\/v2\/product_tag?post=11896"}],"curies":[{"name":"wp","href":"https:\/\/api.w.org\/{rel}","templated":true}]}}