{"id":11137,"date":"2021-05-20T17:54:12","date_gmt":"2021-05-20T17:54:12","guid":{"rendered":"https:\/\/artslibris.cat\/tienda\/uncategorized\/visto-y-no-visto\/"},"modified":"2021-05-20T17:54:12","modified_gmt":"2021-05-20T17:54:12","slug":"visto-y-no-visto","status":"publish","type":"product","link":"https:\/\/artslibris.cat\/en\/tienda\/teoria-del-arte-en\/visto-y-no-visto\/","title":{"rendered":"Visto y no visto"},"content":{"rendered":"<p>Jos\u00e9 Miguel Ull\u00e1n (Villarino de los Aires, Salamanca, 1944 &#8211; Madrid, 2009), poet, writer, journalist, plastic artist&#8230;, was a singular and demanding reference for Spanish poetry, art and culture for half a century, from the 1960s to the first decade of the 21st century. His poetic work also generated an intense activity linked to the plastic arts, and was projected in the field of cultural journalism, for whose development since the time of the Transition he was a determining factor.<\/p>\n<p>This publication is the catalog of the exhibition \u00abVisto y no visto. Texto y gesto en Jos\u00e9-Miguel Ull\u00e1n\u00bb (MUSAC de Le\u00f3n, March 20 to September 27, 2021), an exhibition curated by Rosa Ben\u00e9itez and Miguel Casado that mainly features works, books and documents from the Jos\u00e9-Miguel Ull\u00e1n Archive, part of the Lafuente Archive collection.<\/p>\n","protected":false},"excerpt":{"rendered":"<p>Title: Visto y no visto: Texto y gesto de Jos\u00e9-Miguel-Ull\u00e1n<br \/>\nAuthor: Various artists<br \/>\nPublisher: La Bah\u00eda<br \/>\nSize: 23,5 x 17,5 cm<br \/>\n415 pages<br \/>\nISBN: 9788412020380<\/p>\n","protected":false},"featured_media":11131,"template":"","meta":{"_acf_changed":false,"site-sidebar-layout":"default","site-content-layout":"default","ast-site-content-layout":"default","site-content-style":"default","site-sidebar-style":"default","ast-global-header-display":"","ast-banner-title-visibility":"","ast-main-header-display":"","ast-hfb-above-header-display":"","ast-hfb-below-header-display":"","ast-hfb-mobile-header-display":"","site-post-title":"","ast-breadcrumbs-content":"","ast-featured-img":"","footer-sml-layout":"","ast-disable-related-posts":"","theme-transparent-header-meta":"default","adv-header-id-meta":"","stick-header-meta":"","header-above-stick-meta":"","header-main-stick-meta":"","header-below-stick-meta":"","astra-migrate-meta-layouts":"default","ast-page-background-enabled":"default","ast-page-background-meta":{"desktop":{"background-color":"","background-image":"","background-repeat":"repeat","background-position":"center center","background-size":"auto","background-attachment":"scroll","background-type":"","background-media":"","overlay-type":"","overlay-color":"","overlay-opacity":"","overlay-gradient":""},"tablet":{"background-color":"","background-image":"","background-repeat":"repeat","background-position":"center center","background-size":"auto","background-attachment":"scroll","background-type":"","background-media":"","overlay-type":"","overlay-color":"","overlay-opacity":"","overlay-gradient":""},"mobile":{"background-color":"","background-image":"","background-repeat":"repeat","background-position":"center center","background-size":"auto","background-attachment":"scroll","background-type":"","background-media":"","overlay-type":"","overlay-color":"","overlay-opacity":"","overlay-gradient":""}},"ast-content-background-meta":{"desktop":{"background-color":"var(--ast-global-color-5)","background-image":"","background-repeat":"repeat","background-position":"center center","background-size":"auto","background-attachment":"scroll","background-type":"","background-media":"","overlay-type":"","overlay-color":"","overlay-opacity":"","overlay-gradient":""},"tablet":{"background-color":"var(--ast-global-color-5)","background-image":"","background-repeat":"repeat","background-position":"center center","background-size":"auto","background-attachment":"scroll","background-type":"","background-media":"","overlay-type":"","overlay-color":"","overlay-opacity":"","overlay-gradient":""},"mobile":{"background-color":"var(--ast-global-color-5)","background-image":"","background-repeat":"repeat","background-position":"center center","background-size":"auto","background-attachment":"scroll","background-type":"","background-media":"","overlay-type":"","overlay-color":"","overlay-opacity":"","overlay-gradient":""}}},"product_brand":[],"product_cat":[92],"product_tag":[277],"class_list":{"0":"post-11137","1":"product","2":"type-product","3":"status-publish","4":"has-post-thumbnail","6":"product_cat-teoria-del-arte-en","7":"product_tag-la-bahia-en","8":"desktop-align-left","9":"tablet-align-left","10":"mobile-align-left","12":"first","13":"outofstock","14":"shipping-taxable","15":"purchasable","16":"product-type-simple"},"acf":[],"yoast_head":"<!-- This site is optimized with the Yoast SEO plugin v27.3 - https:\/\/yoast.com\/product\/yoast-seo-wordpress\/ -->\n<title>Visto y no visto - ArtsLibris<\/title>\n<meta name=\"description\" content=\"Bookshop-Arts-Libris-Visto-y-no-visto-varios-artistas-La-Bah\u00eda\" \/>\n<meta name=\"robots\" content=\"index, follow, max-snippet:-1, max-image-preview:large, max-video-preview:-1\" \/>\n<link rel=\"canonical\" href=\"https:\/\/artslibris.cat\/en\/tienda\/teoria-del-arte-en\/visto-y-no-visto\/\" \/>\n<meta property=\"og:locale\" content=\"en_US\" \/>\n<meta property=\"og:type\" content=\"article\" \/>\n<meta property=\"og:title\" content=\"Visto y no visto - ArtsLibris\" \/>\n<meta property=\"og:description\" content=\"Bookshop-Arts-Libris-Visto-y-no-visto-varios-artistas-La-Bah\u00eda\" \/>\n<meta property=\"og:url\" content=\"https:\/\/artslibris.cat\/en\/tienda\/teoria-del-arte-en\/visto-y-no-visto\/\" \/>\n<meta property=\"og:site_name\" content=\"ArtsLibris\" \/>\n<meta property=\"article:publisher\" content=\"https:\/\/www.facebook.com\/artslibris\/\" \/>\n<meta property=\"og:image\" content=\"https:\/\/artslibris.cat\/wp-content\/uploads\/2021\/05\/Arts-Libris-Visto-y-no-visto-jose\u0301-manuel-ulllia\u0301n-La-Bahi\u0301a-01.jpeg\" \/>\n\t<meta property=\"og:image:width\" content=\"493\" \/>\n\t<meta property=\"og:image:height\" content=\"613\" \/>\n\t<meta property=\"og:image:type\" content=\"image\/jpeg\" \/>\n<meta name=\"twitter:card\" content=\"summary_large_image\" \/>\n<meta name=\"twitter:site\" content=\"@ArtsLibris\" \/>\n<meta name=\"twitter:label1\" content=\"Est. reading time\" \/>\n\t<meta name=\"twitter:data1\" content=\"1 minute\" \/>\n<script type=\"application\/ld+json\" class=\"yoast-schema-graph\">{\"@context\":\"https:\\\/\\\/schema.org\",\"@graph\":[{\"@type\":\"WebPage\",\"@id\":\"https:\\\/\\\/artslibris.cat\\\/en\\\/tienda\\\/teoria-del-arte-en\\\/visto-y-no-visto\\\/\",\"url\":\"https:\\\/\\\/artslibris.cat\\\/en\\\/tienda\\\/teoria-del-arte-en\\\/visto-y-no-visto\\\/\",\"name\":\"Visto y no visto - ArtsLibris\",\"isPartOf\":{\"@id\":\"https:\\\/\\\/artslibris.cat\\\/en\\\/#website\"},\"primaryImageOfPage\":{\"@id\":\"https:\\\/\\\/artslibris.cat\\\/en\\\/tienda\\\/teoria-del-arte-en\\\/visto-y-no-visto\\\/#primaryimage\"},\"image\":{\"@id\":\"https:\\\/\\\/artslibris.cat\\\/en\\\/tienda\\\/teoria-del-arte-en\\\/visto-y-no-visto\\\/#primaryimage\"},\"thumbnailUrl\":\"https:\\\/\\\/artslibris.cat\\\/wp-content\\\/uploads\\\/2021\\\/05\\\/Arts-Libris-Visto-y-no-visto-jose\u0301-manuel-ulllia\u0301n-La-Bahi\u0301a-01.jpeg\",\"datePublished\":\"2021-05-20T17:54:12+00:00\",\"description\":\"Bookshop-Arts-Libris-Visto-y-no-visto-varios-artistas-La-Bah\u00eda\",\"breadcrumb\":{\"@id\":\"https:\\\/\\\/artslibris.cat\\\/en\\\/tienda\\\/teoria-del-arte-en\\\/visto-y-no-visto\\\/#breadcrumb\"},\"inLanguage\":\"en-US\",\"potentialAction\":[{\"@type\":\"ReadAction\",\"target\":[\"https:\\\/\\\/artslibris.cat\\\/en\\\/tienda\\\/teoria-del-arte-en\\\/visto-y-no-visto\\\/\"]}]},{\"@type\":\"ImageObject\",\"inLanguage\":\"en-US\",\"@id\":\"https:\\\/\\\/artslibris.cat\\\/en\\\/tienda\\\/teoria-del-arte-en\\\/visto-y-no-visto\\\/#primaryimage\",\"url\":\"https:\\\/\\\/artslibris.cat\\\/wp-content\\\/uploads\\\/2021\\\/05\\\/Arts-Libris-Visto-y-no-visto-jose\u0301-manuel-ulllia\u0301n-La-Bahi\u0301a-01.jpeg\",\"contentUrl\":\"https:\\\/\\\/artslibris.cat\\\/wp-content\\\/uploads\\\/2021\\\/05\\\/Arts-Libris-Visto-y-no-visto-jose\u0301-manuel-ulllia\u0301n-La-Bahi\u0301a-01.jpeg\",\"width\":493,\"height\":613},{\"@type\":\"BreadcrumbList\",\"@id\":\"https:\\\/\\\/artslibris.cat\\\/en\\\/tienda\\\/teoria-del-arte-en\\\/visto-y-no-visto\\\/#breadcrumb\",\"itemListElement\":[{\"@type\":\"ListItem\",\"position\":1,\"name\":\"Portada\",\"item\":\"https:\\\/\\\/artslibris.cat\\\/en\\\/\"},{\"@type\":\"ListItem\",\"position\":2,\"name\":\"Shop\",\"item\":\"https:\\\/\\\/artslibris.cat\\\/en\\\/shop\\\/\"},{\"@type\":\"ListItem\",\"position\":3,\"name\":\"Visto y no visto\"}]},{\"@type\":\"WebSite\",\"@id\":\"https:\\\/\\\/artslibris.cat\\\/en\\\/#website\",\"url\":\"https:\\\/\\\/artslibris.cat\\\/en\\\/\",\"name\":\"ArtsLibris\",\"description\":\"\",\"publisher\":{\"@id\":\"https:\\\/\\\/artslibris.cat\\\/en\\\/#organization\"},\"potentialAction\":[{\"@type\":\"SearchAction\",\"target\":{\"@type\":\"EntryPoint\",\"urlTemplate\":\"https:\\\/\\\/artslibris.cat\\\/en\\\/?s={search_term_string}\"},\"query-input\":{\"@type\":\"PropertyValueSpecification\",\"valueRequired\":true,\"valueName\":\"search_term_string\"}}],\"inLanguage\":\"en-US\"},{\"@type\":\"Organization\",\"@id\":\"https:\\\/\\\/artslibris.cat\\\/en\\\/#organization\",\"name\":\"ArtsLibris\",\"url\":\"https:\\\/\\\/artslibris.cat\\\/en\\\/\",\"logo\":{\"@type\":\"ImageObject\",\"inLanguage\":\"en-US\",\"@id\":\"https:\\\/\\\/artslibris.cat\\\/en\\\/#\\\/schema\\\/logo\\\/image\\\/\",\"url\":\"https:\\\/\\\/artslibris.cat\\\/wp-content\\\/uploads\\\/2020\\\/05\\\/ArtsLibris-logo-black.svg\",\"contentUrl\":\"https:\\\/\\\/artslibris.cat\\\/wp-content\\\/uploads\\\/2020\\\/05\\\/ArtsLibris-logo-black.svg\",\"width\":521,\"height\":85,\"caption\":\"ArtsLibris\"},\"image\":{\"@id\":\"https:\\\/\\\/artslibris.cat\\\/en\\\/#\\\/schema\\\/logo\\\/image\\\/\"},\"sameAs\":[\"https:\\\/\\\/www.facebook.com\\\/artslibris\\\/\",\"https:\\\/\\\/x.com\\\/ArtsLibris\",\"https:\\\/\\\/www.instagram.com\\\/artslibris\\\/\"]}]}<\/script>\n<!-- \/ Yoast SEO plugin. -->","yoast_head_json":{"title":"Visto y no visto - ArtsLibris","description":"Bookshop-Arts-Libris-Visto-y-no-visto-varios-artistas-La-Bah\u00eda","robots":{"index":"index","follow":"follow","max-snippet":"max-snippet:-1","max-image-preview":"max-image-preview:large","max-video-preview":"max-video-preview:-1"},"canonical":"https:\/\/artslibris.cat\/en\/tienda\/teoria-del-arte-en\/visto-y-no-visto\/","og_locale":"en_US","og_type":"article","og_title":"Visto y no visto - ArtsLibris","og_description":"Bookshop-Arts-Libris-Visto-y-no-visto-varios-artistas-La-Bah\u00eda","og_url":"https:\/\/artslibris.cat\/en\/tienda\/teoria-del-arte-en\/visto-y-no-visto\/","og_site_name":"ArtsLibris","article_publisher":"https:\/\/www.facebook.com\/artslibris\/","og_image":[{"width":493,"height":613,"url":"https:\/\/artslibris.cat\/wp-content\/uploads\/2021\/05\/Arts-Libris-Visto-y-no-visto-jose\u0301-manuel-ulllia\u0301n-La-Bahi\u0301a-01.jpeg","type":"image\/jpeg"}],"twitter_card":"summary_large_image","twitter_site":"@ArtsLibris","twitter_misc":{"Est. reading time":"1 minute"},"schema":{"@context":"https:\/\/schema.org","@graph":[{"@type":"WebPage","@id":"https:\/\/artslibris.cat\/en\/tienda\/teoria-del-arte-en\/visto-y-no-visto\/","url":"https:\/\/artslibris.cat\/en\/tienda\/teoria-del-arte-en\/visto-y-no-visto\/","name":"Visto y no visto - ArtsLibris","isPartOf":{"@id":"https:\/\/artslibris.cat\/en\/#website"},"primaryImageOfPage":{"@id":"https:\/\/artslibris.cat\/en\/tienda\/teoria-del-arte-en\/visto-y-no-visto\/#primaryimage"},"image":{"@id":"https:\/\/artslibris.cat\/en\/tienda\/teoria-del-arte-en\/visto-y-no-visto\/#primaryimage"},"thumbnailUrl":"https:\/\/artslibris.cat\/wp-content\/uploads\/2021\/05\/Arts-Libris-Visto-y-no-visto-jose\u0301-manuel-ulllia\u0301n-La-Bahi\u0301a-01.jpeg","datePublished":"2021-05-20T17:54:12+00:00","description":"Bookshop-Arts-Libris-Visto-y-no-visto-varios-artistas-La-Bah\u00eda","breadcrumb":{"@id":"https:\/\/artslibris.cat\/en\/tienda\/teoria-del-arte-en\/visto-y-no-visto\/#breadcrumb"},"inLanguage":"en-US","potentialAction":[{"@type":"ReadAction","target":["https:\/\/artslibris.cat\/en\/tienda\/teoria-del-arte-en\/visto-y-no-visto\/"]}]},{"@type":"ImageObject","inLanguage":"en-US","@id":"https:\/\/artslibris.cat\/en\/tienda\/teoria-del-arte-en\/visto-y-no-visto\/#primaryimage","url":"https:\/\/artslibris.cat\/wp-content\/uploads\/2021\/05\/Arts-Libris-Visto-y-no-visto-jose\u0301-manuel-ulllia\u0301n-La-Bahi\u0301a-01.jpeg","contentUrl":"https:\/\/artslibris.cat\/wp-content\/uploads\/2021\/05\/Arts-Libris-Visto-y-no-visto-jose\u0301-manuel-ulllia\u0301n-La-Bahi\u0301a-01.jpeg","width":493,"height":613},{"@type":"BreadcrumbList","@id":"https:\/\/artslibris.cat\/en\/tienda\/teoria-del-arte-en\/visto-y-no-visto\/#breadcrumb","itemListElement":[{"@type":"ListItem","position":1,"name":"Portada","item":"https:\/\/artslibris.cat\/en\/"},{"@type":"ListItem","position":2,"name":"Shop","item":"https:\/\/artslibris.cat\/en\/shop\/"},{"@type":"ListItem","position":3,"name":"Visto y no visto"}]},{"@type":"WebSite","@id":"https:\/\/artslibris.cat\/en\/#website","url":"https:\/\/artslibris.cat\/en\/","name":"ArtsLibris","description":"","publisher":{"@id":"https:\/\/artslibris.cat\/en\/#organization"},"potentialAction":[{"@type":"SearchAction","target":{"@type":"EntryPoint","urlTemplate":"https:\/\/artslibris.cat\/en\/?s={search_term_string}"},"query-input":{"@type":"PropertyValueSpecification","valueRequired":true,"valueName":"search_term_string"}}],"inLanguage":"en-US"},{"@type":"Organization","@id":"https:\/\/artslibris.cat\/en\/#organization","name":"ArtsLibris","url":"https:\/\/artslibris.cat\/en\/","logo":{"@type":"ImageObject","inLanguage":"en-US","@id":"https:\/\/artslibris.cat\/en\/#\/schema\/logo\/image\/","url":"https:\/\/artslibris.cat\/wp-content\/uploads\/2020\/05\/ArtsLibris-logo-black.svg","contentUrl":"https:\/\/artslibris.cat\/wp-content\/uploads\/2020\/05\/ArtsLibris-logo-black.svg","width":521,"height":85,"caption":"ArtsLibris"},"image":{"@id":"https:\/\/artslibris.cat\/en\/#\/schema\/logo\/image\/"},"sameAs":["https:\/\/www.facebook.com\/artslibris\/","https:\/\/x.com\/ArtsLibris","https:\/\/www.instagram.com\/artslibris\/"]}]}},"_links":{"self":[{"href":"https:\/\/artslibris.cat\/en\/wp-json\/wp\/v2\/product\/11137","targetHints":{"allow":["GET"]}}],"collection":[{"href":"https:\/\/artslibris.cat\/en\/wp-json\/wp\/v2\/product"}],"about":[{"href":"https:\/\/artslibris.cat\/en\/wp-json\/wp\/v2\/types\/product"}],"wp:featuredmedia":[{"embeddable":true,"href":"https:\/\/artslibris.cat\/en\/wp-json\/wp\/v2\/media\/11131"}],"wp:attachment":[{"href":"https:\/\/artslibris.cat\/en\/wp-json\/wp\/v2\/media?parent=11137"}],"wp:term":[{"taxonomy":"product_brand","embeddable":true,"href":"https:\/\/artslibris.cat\/en\/wp-json\/wp\/v2\/product_brand?post=11137"},{"taxonomy":"product_cat","embeddable":true,"href":"https:\/\/artslibris.cat\/en\/wp-json\/wp\/v2\/product_cat?post=11137"},{"taxonomy":"product_tag","embeddable":true,"href":"https:\/\/artslibris.cat\/en\/wp-json\/wp\/v2\/product_tag?post=11137"}],"curies":[{"name":"wp","href":"https:\/\/api.w.org\/{rel}","templated":true}]}}