{"id":10584,"date":"2021-05-10T16:33:09","date_gmt":"2021-05-10T16:33:09","guid":{"rendered":"https:\/\/artslibris.cat\/tienda\/uncategorized\/como-construyen-las-practicas-artisticas-esfera-publica\/"},"modified":"2021-05-10T16:39:55","modified_gmt":"2021-05-10T16:39:55","slug":"how-is-the-public-sphere-constructed-through-artistic-practices","status":"publish","type":"product","link":"https:\/\/artslibris.cat\/en\/tienda\/pensamiento-en\/how-is-the-public-sphere-constructed-through-artistic-practices\/","title":{"rendered":"How is the public sphere constructed through artistic practices?"},"content":{"rendered":"<p>Rather than adjectivizing and delimiting artistic practices as &#8220;public&#8221;, in line with the notion of &#8220;public art&#8221;, here we propose to operate on the more diffuse concept of &#8220;public sphere&#8221;. This broadens and scatters the gaze on the operation, which art makes possible, of analysis and representation of common issues. LaPublika moves between the folds of the public, the private, the common, the intimate, the square, the white cube, the political, the institutional, the conflicts, the democratic, the sound, the images, the stories, the discourse, the conversation, the dialogue, the whisper, the shout, the rustle and many other nouns that come and go.<\/p>\n<p>This publication gathers documentation from the LaPublika project, an artistic research laboratory on the public sphere. Directed by the art production and publishing company Consonni, co-produced by Donostia \/ San Sebastian 2016 and Tabakalera, with the collaboration and support of multiple organizations, institutions and accomplices.<\/p>\n","protected":false},"excerpt":{"rendered":"<p>Title: \u00bfC\u00f3mo construyen las pr\u00e1cticas art\u00edsticas esfera p\u00fablica?<br \/>\nSize: 222 x 18 x 144 mm<br \/>\n176 pages<br \/>\nEdition: 2016<br \/>\nType: Catalogue<br \/>\nLanguage: Castellano \/ Ingl\u00e9s<br \/>\nDesign: Eider Corral<br \/>\nISBN:\u00a0978-84-16205-21-9<\/p>\n","protected":false},"featured_media":10581,"template":"","meta":{"_acf_changed":false,"site-sidebar-layout":"default","site-content-layout":"default","ast-site-content-layout":"default","site-content-style":"default","site-sidebar-style":"default","ast-global-header-display":"","ast-banner-title-visibility":"","ast-main-header-display":"","ast-hfb-above-header-display":"","ast-hfb-below-header-display":"","ast-hfb-mobile-header-display":"","site-post-title":"","ast-breadcrumbs-content":"","ast-featured-img":"","footer-sml-layout":"","ast-disable-related-posts":"","theme-transparent-header-meta":"default","adv-header-id-meta":"","stick-header-meta":"","header-above-stick-meta":"","header-main-stick-meta":"","header-below-stick-meta":"","astra-migrate-meta-layouts":"default","ast-page-background-enabled":"default","ast-page-background-meta":{"desktop":{"background-color":"","background-image":"","background-repeat":"repeat","background-position":"center center","background-size":"auto","background-attachment":"scroll","background-type":"","background-media":"","overlay-type":"","overlay-color":"","overlay-opacity":"","overlay-gradient":""},"tablet":{"background-color":"","background-image":"","background-repeat":"repeat","background-position":"center center","background-size":"auto","background-attachment":"scroll","background-type":"","background-media":"","overlay-type":"","overlay-color":"","overlay-opacity":"","overlay-gradient":""},"mobile":{"background-color":"","background-image":"","background-repeat":"repeat","background-position":"center center","background-size":"auto","background-attachment":"scroll","background-type":"","background-media":"","overlay-type":"","overlay-color":"","overlay-opacity":"","overlay-gradient":""}},"ast-content-background-meta":{"desktop":{"background-color":"var(--ast-global-color-5)","background-image":"","background-repeat":"repeat","background-position":"center center","background-size":"auto","background-attachment":"scroll","background-type":"","background-media":"","overlay-type":"","overlay-color":"","overlay-opacity":"","overlay-gradient":""},"tablet":{"background-color":"var(--ast-global-color-5)","background-image":"","background-repeat":"repeat","background-position":"center center","background-size":"auto","background-attachment":"scroll","background-type":"","background-media":"","overlay-type":"","overlay-color":"","overlay-opacity":"","overlay-gradient":""},"mobile":{"background-color":"var(--ast-global-color-5)","background-image":"","background-repeat":"repeat","background-position":"center center","background-size":"auto","background-attachment":"scroll","background-type":"","background-media":"","overlay-type":"","overlay-color":"","overlay-opacity":"","overlay-gradient":""}}},"product_brand":[],"product_cat":[89],"product_tag":[263],"class_list":{"0":"post-10584","1":"product","2":"type-product","3":"status-publish","4":"has-post-thumbnail","6":"product_cat-pensamiento-en","7":"product_tag-consonni-en","8":"desktop-align-left","9":"tablet-align-left","10":"mobile-align-left","12":"first","13":"instock","14":"shipping-taxable","15":"purchasable","16":"product-type-simple"},"acf":[],"yoast_head":"<!-- This site is optimized with the Yoast SEO plugin v27.3 - https:\/\/yoast.com\/product\/yoast-seo-wordpress\/ -->\n<title>How is the public sphere constructed through artistic practices? - ArtsLibris<\/title>\n<meta name=\"description\" content=\"Bookshop-Arts-Libris-C\u00f3mo-construyen-las-pr\u00e1cticas-art\u00edsticas-esfera-p\u00fablica-consonni\" \/>\n<meta name=\"robots\" content=\"index, follow, max-snippet:-1, max-image-preview:large, max-video-preview:-1\" \/>\n<link rel=\"canonical\" href=\"https:\/\/artslibris.cat\/en\/tienda\/pensamiento-en\/how-is-the-public-sphere-constructed-through-artistic-practices\/\" \/>\n<meta property=\"og:locale\" content=\"en_US\" \/>\n<meta property=\"og:type\" content=\"article\" \/>\n<meta property=\"og:title\" content=\"How is the public sphere constructed through artistic practices? - ArtsLibris\" \/>\n<meta property=\"og:description\" content=\"Bookshop-Arts-Libris-C\u00f3mo-construyen-las-pr\u00e1cticas-art\u00edsticas-esfera-p\u00fablica-consonni\" \/>\n<meta property=\"og:url\" content=\"https:\/\/artslibris.cat\/en\/tienda\/pensamiento-en\/how-is-the-public-sphere-constructed-through-artistic-practices\/\" \/>\n<meta property=\"og:site_name\" content=\"ArtsLibris\" \/>\n<meta property=\"article:publisher\" content=\"https:\/\/www.facebook.com\/artslibris\/\" \/>\n<meta property=\"article:modified_time\" content=\"2021-05-10T16:39:55+00:00\" \/>\n<meta property=\"og:image\" content=\"https:\/\/artslibris.cat\/wp-content\/uploads\/2021\/05\/Arts_Libris_Co\u0301mo_construyen_las_pra\u0301cticas-arti\u0301sticas_esfera_pu\u0301blica_Consonni.png\" \/>\n\t<meta property=\"og:image:width\" content=\"600\" \/>\n\t<meta property=\"og:image:height\" content=\"932\" \/>\n\t<meta property=\"og:image:type\" content=\"image\/png\" \/>\n<meta name=\"twitter:card\" content=\"summary_large_image\" \/>\n<meta name=\"twitter:site\" content=\"@ArtsLibris\" \/>\n<meta name=\"twitter:label1\" content=\"Est. reading time\" \/>\n\t<meta name=\"twitter:data1\" content=\"1 minute\" \/>\n<script type=\"application\/ld+json\" class=\"yoast-schema-graph\">{\"@context\":\"https:\\\/\\\/schema.org\",\"@graph\":[{\"@type\":\"WebPage\",\"@id\":\"https:\\\/\\\/artslibris.cat\\\/en\\\/tienda\\\/pensamiento-en\\\/how-is-the-public-sphere-constructed-through-artistic-practices\\\/\",\"url\":\"https:\\\/\\\/artslibris.cat\\\/en\\\/tienda\\\/pensamiento-en\\\/how-is-the-public-sphere-constructed-through-artistic-practices\\\/\",\"name\":\"How is the public sphere constructed through artistic practices? - ArtsLibris\",\"isPartOf\":{\"@id\":\"https:\\\/\\\/artslibris.cat\\\/en\\\/#website\"},\"primaryImageOfPage\":{\"@id\":\"https:\\\/\\\/artslibris.cat\\\/en\\\/tienda\\\/pensamiento-en\\\/how-is-the-public-sphere-constructed-through-artistic-practices\\\/#primaryimage\"},\"image\":{\"@id\":\"https:\\\/\\\/artslibris.cat\\\/en\\\/tienda\\\/pensamiento-en\\\/how-is-the-public-sphere-constructed-through-artistic-practices\\\/#primaryimage\"},\"thumbnailUrl\":\"https:\\\/\\\/artslibris.cat\\\/wp-content\\\/uploads\\\/2021\\\/05\\\/Arts_Libris_Co\u0301mo_construyen_las_pra\u0301cticas-arti\u0301sticas_esfera_pu\u0301blica_Consonni.png\",\"datePublished\":\"2021-05-10T16:33:09+00:00\",\"dateModified\":\"2021-05-10T16:39:55+00:00\",\"description\":\"Bookshop-Arts-Libris-C\u00f3mo-construyen-las-pr\u00e1cticas-art\u00edsticas-esfera-p\u00fablica-consonni\",\"breadcrumb\":{\"@id\":\"https:\\\/\\\/artslibris.cat\\\/en\\\/tienda\\\/pensamiento-en\\\/how-is-the-public-sphere-constructed-through-artistic-practices\\\/#breadcrumb\"},\"inLanguage\":\"en-US\",\"potentialAction\":[{\"@type\":\"ReadAction\",\"target\":[\"https:\\\/\\\/artslibris.cat\\\/en\\\/tienda\\\/pensamiento-en\\\/how-is-the-public-sphere-constructed-through-artistic-practices\\\/\"]}]},{\"@type\":\"ImageObject\",\"inLanguage\":\"en-US\",\"@id\":\"https:\\\/\\\/artslibris.cat\\\/en\\\/tienda\\\/pensamiento-en\\\/how-is-the-public-sphere-constructed-through-artistic-practices\\\/#primaryimage\",\"url\":\"https:\\\/\\\/artslibris.cat\\\/wp-content\\\/uploads\\\/2021\\\/05\\\/Arts_Libris_Co\u0301mo_construyen_las_pra\u0301cticas-arti\u0301sticas_esfera_pu\u0301blica_Consonni.png\",\"contentUrl\":\"https:\\\/\\\/artslibris.cat\\\/wp-content\\\/uploads\\\/2021\\\/05\\\/Arts_Libris_Co\u0301mo_construyen_las_pra\u0301cticas-arti\u0301sticas_esfera_pu\u0301blica_Consonni.png\",\"width\":600,\"height\":932},{\"@type\":\"BreadcrumbList\",\"@id\":\"https:\\\/\\\/artslibris.cat\\\/en\\\/tienda\\\/pensamiento-en\\\/how-is-the-public-sphere-constructed-through-artistic-practices\\\/#breadcrumb\",\"itemListElement\":[{\"@type\":\"ListItem\",\"position\":1,\"name\":\"Portada\",\"item\":\"https:\\\/\\\/artslibris.cat\\\/en\\\/\"},{\"@type\":\"ListItem\",\"position\":2,\"name\":\"Shop\",\"item\":\"https:\\\/\\\/artslibris.cat\\\/en\\\/shop\\\/\"},{\"@type\":\"ListItem\",\"position\":3,\"name\":\"How is the public sphere constructed through artistic practices?\"}]},{\"@type\":\"WebSite\",\"@id\":\"https:\\\/\\\/artslibris.cat\\\/en\\\/#website\",\"url\":\"https:\\\/\\\/artslibris.cat\\\/en\\\/\",\"name\":\"ArtsLibris\",\"description\":\"\",\"publisher\":{\"@id\":\"https:\\\/\\\/artslibris.cat\\\/en\\\/#organization\"},\"potentialAction\":[{\"@type\":\"SearchAction\",\"target\":{\"@type\":\"EntryPoint\",\"urlTemplate\":\"https:\\\/\\\/artslibris.cat\\\/en\\\/?s={search_term_string}\"},\"query-input\":{\"@type\":\"PropertyValueSpecification\",\"valueRequired\":true,\"valueName\":\"search_term_string\"}}],\"inLanguage\":\"en-US\"},{\"@type\":\"Organization\",\"@id\":\"https:\\\/\\\/artslibris.cat\\\/en\\\/#organization\",\"name\":\"ArtsLibris\",\"url\":\"https:\\\/\\\/artslibris.cat\\\/en\\\/\",\"logo\":{\"@type\":\"ImageObject\",\"inLanguage\":\"en-US\",\"@id\":\"https:\\\/\\\/artslibris.cat\\\/en\\\/#\\\/schema\\\/logo\\\/image\\\/\",\"url\":\"https:\\\/\\\/artslibris.cat\\\/wp-content\\\/uploads\\\/2020\\\/05\\\/ArtsLibris-logo-black.svg\",\"contentUrl\":\"https:\\\/\\\/artslibris.cat\\\/wp-content\\\/uploads\\\/2020\\\/05\\\/ArtsLibris-logo-black.svg\",\"width\":521,\"height\":85,\"caption\":\"ArtsLibris\"},\"image\":{\"@id\":\"https:\\\/\\\/artslibris.cat\\\/en\\\/#\\\/schema\\\/logo\\\/image\\\/\"},\"sameAs\":[\"https:\\\/\\\/www.facebook.com\\\/artslibris\\\/\",\"https:\\\/\\\/x.com\\\/ArtsLibris\",\"https:\\\/\\\/www.instagram.com\\\/artslibris\\\/\"]}]}<\/script>\n<!-- \/ Yoast SEO plugin. -->","yoast_head_json":{"title":"How is the public sphere constructed through artistic practices? - ArtsLibris","description":"Bookshop-Arts-Libris-C\u00f3mo-construyen-las-pr\u00e1cticas-art\u00edsticas-esfera-p\u00fablica-consonni","robots":{"index":"index","follow":"follow","max-snippet":"max-snippet:-1","max-image-preview":"max-image-preview:large","max-video-preview":"max-video-preview:-1"},"canonical":"https:\/\/artslibris.cat\/en\/tienda\/pensamiento-en\/how-is-the-public-sphere-constructed-through-artistic-practices\/","og_locale":"en_US","og_type":"article","og_title":"How is the public sphere constructed through artistic practices? - ArtsLibris","og_description":"Bookshop-Arts-Libris-C\u00f3mo-construyen-las-pr\u00e1cticas-art\u00edsticas-esfera-p\u00fablica-consonni","og_url":"https:\/\/artslibris.cat\/en\/tienda\/pensamiento-en\/how-is-the-public-sphere-constructed-through-artistic-practices\/","og_site_name":"ArtsLibris","article_publisher":"https:\/\/www.facebook.com\/artslibris\/","article_modified_time":"2021-05-10T16:39:55+00:00","og_image":[{"width":600,"height":932,"url":"https:\/\/artslibris.cat\/wp-content\/uploads\/2021\/05\/Arts_Libris_Co\u0301mo_construyen_las_pra\u0301cticas-arti\u0301sticas_esfera_pu\u0301blica_Consonni.png","type":"image\/png"}],"twitter_card":"summary_large_image","twitter_site":"@ArtsLibris","twitter_misc":{"Est. reading time":"1 minute"},"schema":{"@context":"https:\/\/schema.org","@graph":[{"@type":"WebPage","@id":"https:\/\/artslibris.cat\/en\/tienda\/pensamiento-en\/how-is-the-public-sphere-constructed-through-artistic-practices\/","url":"https:\/\/artslibris.cat\/en\/tienda\/pensamiento-en\/how-is-the-public-sphere-constructed-through-artistic-practices\/","name":"How is the public sphere constructed through artistic practices? - ArtsLibris","isPartOf":{"@id":"https:\/\/artslibris.cat\/en\/#website"},"primaryImageOfPage":{"@id":"https:\/\/artslibris.cat\/en\/tienda\/pensamiento-en\/how-is-the-public-sphere-constructed-through-artistic-practices\/#primaryimage"},"image":{"@id":"https:\/\/artslibris.cat\/en\/tienda\/pensamiento-en\/how-is-the-public-sphere-constructed-through-artistic-practices\/#primaryimage"},"thumbnailUrl":"https:\/\/artslibris.cat\/wp-content\/uploads\/2021\/05\/Arts_Libris_Co\u0301mo_construyen_las_pra\u0301cticas-arti\u0301sticas_esfera_pu\u0301blica_Consonni.png","datePublished":"2021-05-10T16:33:09+00:00","dateModified":"2021-05-10T16:39:55+00:00","description":"Bookshop-Arts-Libris-C\u00f3mo-construyen-las-pr\u00e1cticas-art\u00edsticas-esfera-p\u00fablica-consonni","breadcrumb":{"@id":"https:\/\/artslibris.cat\/en\/tienda\/pensamiento-en\/how-is-the-public-sphere-constructed-through-artistic-practices\/#breadcrumb"},"inLanguage":"en-US","potentialAction":[{"@type":"ReadAction","target":["https:\/\/artslibris.cat\/en\/tienda\/pensamiento-en\/how-is-the-public-sphere-constructed-through-artistic-practices\/"]}]},{"@type":"ImageObject","inLanguage":"en-US","@id":"https:\/\/artslibris.cat\/en\/tienda\/pensamiento-en\/how-is-the-public-sphere-constructed-through-artistic-practices\/#primaryimage","url":"https:\/\/artslibris.cat\/wp-content\/uploads\/2021\/05\/Arts_Libris_Co\u0301mo_construyen_las_pra\u0301cticas-arti\u0301sticas_esfera_pu\u0301blica_Consonni.png","contentUrl":"https:\/\/artslibris.cat\/wp-content\/uploads\/2021\/05\/Arts_Libris_Co\u0301mo_construyen_las_pra\u0301cticas-arti\u0301sticas_esfera_pu\u0301blica_Consonni.png","width":600,"height":932},{"@type":"BreadcrumbList","@id":"https:\/\/artslibris.cat\/en\/tienda\/pensamiento-en\/how-is-the-public-sphere-constructed-through-artistic-practices\/#breadcrumb","itemListElement":[{"@type":"ListItem","position":1,"name":"Portada","item":"https:\/\/artslibris.cat\/en\/"},{"@type":"ListItem","position":2,"name":"Shop","item":"https:\/\/artslibris.cat\/en\/shop\/"},{"@type":"ListItem","position":3,"name":"How is the public sphere constructed through artistic practices?"}]},{"@type":"WebSite","@id":"https:\/\/artslibris.cat\/en\/#website","url":"https:\/\/artslibris.cat\/en\/","name":"ArtsLibris","description":"","publisher":{"@id":"https:\/\/artslibris.cat\/en\/#organization"},"potentialAction":[{"@type":"SearchAction","target":{"@type":"EntryPoint","urlTemplate":"https:\/\/artslibris.cat\/en\/?s={search_term_string}"},"query-input":{"@type":"PropertyValueSpecification","valueRequired":true,"valueName":"search_term_string"}}],"inLanguage":"en-US"},{"@type":"Organization","@id":"https:\/\/artslibris.cat\/en\/#organization","name":"ArtsLibris","url":"https:\/\/artslibris.cat\/en\/","logo":{"@type":"ImageObject","inLanguage":"en-US","@id":"https:\/\/artslibris.cat\/en\/#\/schema\/logo\/image\/","url":"https:\/\/artslibris.cat\/wp-content\/uploads\/2020\/05\/ArtsLibris-logo-black.svg","contentUrl":"https:\/\/artslibris.cat\/wp-content\/uploads\/2020\/05\/ArtsLibris-logo-black.svg","width":521,"height":85,"caption":"ArtsLibris"},"image":{"@id":"https:\/\/artslibris.cat\/en\/#\/schema\/logo\/image\/"},"sameAs":["https:\/\/www.facebook.com\/artslibris\/","https:\/\/x.com\/ArtsLibris","https:\/\/www.instagram.com\/artslibris\/"]}]}},"_links":{"self":[{"href":"https:\/\/artslibris.cat\/en\/wp-json\/wp\/v2\/product\/10584","targetHints":{"allow":["GET"]}}],"collection":[{"href":"https:\/\/artslibris.cat\/en\/wp-json\/wp\/v2\/product"}],"about":[{"href":"https:\/\/artslibris.cat\/en\/wp-json\/wp\/v2\/types\/product"}],"wp:featuredmedia":[{"embeddable":true,"href":"https:\/\/artslibris.cat\/en\/wp-json\/wp\/v2\/media\/10581"}],"wp:attachment":[{"href":"https:\/\/artslibris.cat\/en\/wp-json\/wp\/v2\/media?parent=10584"}],"wp:term":[{"taxonomy":"product_brand","embeddable":true,"href":"https:\/\/artslibris.cat\/en\/wp-json\/wp\/v2\/product_brand?post=10584"},{"taxonomy":"product_cat","embeddable":true,"href":"https:\/\/artslibris.cat\/en\/wp-json\/wp\/v2\/product_cat?post=10584"},{"taxonomy":"product_tag","embeddable":true,"href":"https:\/\/artslibris.cat\/en\/wp-json\/wp\/v2\/product_tag?post=10584"}],"curies":[{"name":"wp","href":"https:\/\/api.w.org\/{rel}","templated":true}]}}