{"id":9144,"date":"2021-03-12T17:24:16","date_gmt":"2021-03-12T17:24:16","guid":{"rendered":"https:\/\/artslibris.cat\/tienda\/Sense%20categoria\/un-sereno-al-cementiri-de-lart-vicenc-altaio\/"},"modified":"2025-02-27T14:11:11","modified_gmt":"2025-02-27T14:11:11","slug":"un-sereno-al-cementiri-de-lart-vicenc-altaio","status":"publish","type":"product","link":"https:\/\/artslibris.cat\/ca\/tienda\/teoria-del-arte-ca\/un-sereno-al-cementiri-de-lart-vicenc-altaio\/","title":{"rendered":"Un sereno al cementiri de l&#8217;art &#8211; Vicen\u00e7 Altai\u00f3"},"content":{"rendered":"<p><em>Un sereno en el cementiri de l\u2019art<\/em> \u00e9s el primer llibre d\u2019assaig que publica Poncianes. La proposta del seu autor s\u2019apropa a la teoria de l\u2019art de la literatura amb un llenguatge filos\u00f2fic, cr\u00edptic i alhora reflexiu. El volum d\u00f3na veu al di\u00e0leg de Vicen\u00e7 amb els qui foren algunes de les figures determinants de la revoluci\u00f3 art\u00edstica del segle XX. Des del Noucentisme fins al postestructuralisme, es fa parada a les primeres i a les segones avantguardes, es recorre i es veu com es produ\u00ed el pas del testimoni entre uns i altres. Despr\u00e9s de Dau al Set prenen la visi\u00f3 Zush, Jaar i Gald\u00f3n. Hi trobem els grans de la pl\u00e0stica, Dal\u00ed, Mir\u00f3, Calder, entre d\u2019altres, acompanyats dels mestres de la revolta po\u00e8tica de la paraula, Eugeni d\u2019Ors, J.V. Foix i Joan Brossa. Les entrevistes a Antoni T\u00e0pies, Arnau Puig, Pere Portabella, Alber R\u00e0fols-Casamada, Alfredo Jaar, Hannah Collins, Jordi Colomer i Jaume Josa tanquen el volum.<\/p>\n","protected":false},"excerpt":{"rendered":"<p>T\u00edtol: Un sereno al cementiri de l&#8217;art &#8211; Vicen\u00e7 Altai\u00f3.<br \/>\nEditorial: Edicions Poncianes.<br \/>\nAutor: Vicen\u00e7 Altai\u00f3.<br \/>\nISBN: 978-84-615-2494-5.<br \/>\nFormat: Carton\u00e8.<br \/>\nIdioma: Catal\u00e1.<br \/>\nP\u00e0gines: 354.<br \/>\nAny: 2011.<\/p>\n","protected":false},"featured_media":28279,"template":"","meta":{"_acf_changed":false,"site-sidebar-layout":"default","site-content-layout":"default","ast-site-content-layout":"default","site-content-style":"default","site-sidebar-style":"default","ast-global-header-display":"","ast-banner-title-visibility":"","ast-main-header-display":"","ast-hfb-above-header-display":"","ast-hfb-below-header-display":"","ast-hfb-mobile-header-display":"","site-post-title":"","ast-breadcrumbs-content":"","ast-featured-img":"","footer-sml-layout":"","ast-disable-related-posts":"","theme-transparent-header-meta":"default","adv-header-id-meta":"","stick-header-meta":"","header-above-stick-meta":"","header-main-stick-meta":"","header-below-stick-meta":"","astra-migrate-meta-layouts":"default","ast-page-background-enabled":"default","ast-page-background-meta":{"desktop":{"background-color":"","background-image":"","background-repeat":"repeat","background-position":"center center","background-size":"auto","background-attachment":"scroll","background-type":"","background-media":"","overlay-type":"","overlay-color":"","overlay-opacity":"","overlay-gradient":""},"tablet":{"background-color":"","background-image":"","background-repeat":"repeat","background-position":"center center","background-size":"auto","background-attachment":"scroll","background-type":"","background-media":"","overlay-type":"","overlay-color":"","overlay-opacity":"","overlay-gradient":""},"mobile":{"background-color":"","background-image":"","background-repeat":"repeat","background-position":"center center","background-size":"auto","background-attachment":"scroll","background-type":"","background-media":"","overlay-type":"","overlay-color":"","overlay-opacity":"","overlay-gradient":""}},"ast-content-background-meta":{"desktop":{"background-color":"var(--ast-global-color-5)","background-image":"","background-repeat":"repeat","background-position":"center center","background-size":"auto","background-attachment":"scroll","background-type":"","background-media":"","overlay-type":"","overlay-color":"","overlay-opacity":"","overlay-gradient":""},"tablet":{"background-color":"var(--ast-global-color-5)","background-image":"","background-repeat":"repeat","background-position":"center center","background-size":"auto","background-attachment":"scroll","background-type":"","background-media":"","overlay-type":"","overlay-color":"","overlay-opacity":"","overlay-gradient":""},"mobile":{"background-color":"var(--ast-global-color-5)","background-image":"","background-repeat":"repeat","background-position":"center center","background-size":"auto","background-attachment":"scroll","background-type":"","background-media":"","overlay-type":"","overlay-color":"","overlay-opacity":"","overlay-gradient":""}}},"product_brand":[],"product_cat":[109,101,85],"product_tag":[113],"class_list":{"0":"post-9144","1":"product","2":"type-product","3":"status-publish","4":"has-post-thumbnail","6":"product_cat-historia-de-lart","7":"product_cat-destacados-ca","8":"product_cat-teoria-del-arte-ca","9":"product_tag-cendeac-ca","10":"desktop-align-left","11":"tablet-align-left","12":"mobile-align-left","14":"first","15":"instock","16":"shipping-taxable","17":"purchasable","18":"product-type-simple"},"acf":[],"yoast_head":"<!-- This site is optimized with the Yoast SEO plugin v27.1.1 - https:\/\/yoast.com\/product\/yoast-seo-wordpress\/ -->\n<title>Un sereno al cementiri de l&#039;art - Vicen\u00e7 Altai\u00f3 - ArtsLibris<\/title>\n<meta name=\"description\" content=\"Botiga ArtsLibris - Un sereno al cementiri de l&#039;art - Vicen\u00e7 Altai\u00f3 - Edicions Poncianes\" \/>\n<meta name=\"robots\" content=\"index, follow, max-snippet:-1, max-image-preview:large, max-video-preview:-1\" \/>\n<link rel=\"canonical\" href=\"https:\/\/artslibris.cat\/ca\/tienda\/teoria-del-arte-ca\/un-sereno-al-cementiri-de-lart-vicenc-altaio\/\" \/>\n<meta property=\"og:locale\" content=\"ca_ES\" \/>\n<meta property=\"og:type\" content=\"article\" \/>\n<meta property=\"og:title\" content=\"Un sereno al cementiri de l&#039;art - Vicen\u00e7 Altai\u00f3 - ArtsLibris\" \/>\n<meta property=\"og:description\" content=\"Botiga ArtsLibris - Un sereno al cementiri de l&#039;art - Vicen\u00e7 Altai\u00f3 - Edicions Poncianes\" \/>\n<meta property=\"og:url\" content=\"https:\/\/artslibris.cat\/ca\/tienda\/teoria-del-arte-ca\/un-sereno-al-cementiri-de-lart-vicenc-altaio\/\" \/>\n<meta property=\"og:site_name\" content=\"ArtsLibris\" \/>\n<meta property=\"article:publisher\" content=\"https:\/\/www.facebook.com\/artslibris\/\" \/>\n<meta property=\"article:modified_time\" content=\"2025-02-27T14:11:11+00:00\" \/>\n<meta property=\"og:image\" content=\"https:\/\/artslibris.cat\/wp-content\/uploads\/2021\/03\/ArtsLibris_Edicions_Poncianes_Unserenoenelcementiridelart-1.jpeg\" \/>\n\t<meta property=\"og:image:width\" content=\"705\" \/>\n\t<meta property=\"og:image:height\" content=\"1080\" \/>\n\t<meta property=\"og:image:type\" content=\"image\/jpeg\" \/>\n<meta name=\"twitter:card\" content=\"summary_large_image\" \/>\n<meta name=\"twitter:site\" content=\"@ArtsLibris\" \/>\n<meta name=\"twitter:label1\" content=\"Temps estimat de lectura\" \/>\n\t<meta name=\"twitter:data1\" content=\"1 minut\" \/>\n<script type=\"application\/ld+json\" class=\"yoast-schema-graph\">{\"@context\":\"https:\/\/schema.org\",\"@graph\":[{\"@type\":\"WebPage\",\"@id\":\"https:\/\/artslibris.cat\/ca\/tienda\/teoria-del-arte-ca\/un-sereno-al-cementiri-de-lart-vicenc-altaio\/\",\"url\":\"https:\/\/artslibris.cat\/ca\/tienda\/teoria-del-arte-ca\/un-sereno-al-cementiri-de-lart-vicenc-altaio\/\",\"name\":\"Un sereno al cementiri de l'art - Vicen\u00e7 Altai\u00f3 - ArtsLibris\",\"isPartOf\":{\"@id\":\"https:\/\/artslibris.cat\/ca\/#website\"},\"primaryImageOfPage\":{\"@id\":\"https:\/\/artslibris.cat\/ca\/tienda\/teoria-del-arte-ca\/un-sereno-al-cementiri-de-lart-vicenc-altaio\/#primaryimage\"},\"image\":{\"@id\":\"https:\/\/artslibris.cat\/ca\/tienda\/teoria-del-arte-ca\/un-sereno-al-cementiri-de-lart-vicenc-altaio\/#primaryimage\"},\"thumbnailUrl\":\"https:\/\/artslibris.cat\/wp-content\/uploads\/2021\/03\/Un-sereno-al-cementiri-de-lart-\u2013-Vicenc-Altaio-.jpg\",\"datePublished\":\"2021-03-12T17:24:16+00:00\",\"dateModified\":\"2025-02-27T14:11:11+00:00\",\"description\":\"Botiga ArtsLibris - Un sereno al cementiri de l'art - Vicen\u00e7 Altai\u00f3 - Edicions Poncianes\",\"breadcrumb\":{\"@id\":\"https:\/\/artslibris.cat\/ca\/tienda\/teoria-del-arte-ca\/un-sereno-al-cementiri-de-lart-vicenc-altaio\/#breadcrumb\"},\"inLanguage\":\"ca\",\"potentialAction\":[{\"@type\":\"ReadAction\",\"target\":[\"https:\/\/artslibris.cat\/ca\/tienda\/teoria-del-arte-ca\/un-sereno-al-cementiri-de-lart-vicenc-altaio\/\"]}]},{\"@type\":\"ImageObject\",\"inLanguage\":\"ca\",\"@id\":\"https:\/\/artslibris.cat\/ca\/tienda\/teoria-del-arte-ca\/un-sereno-al-cementiri-de-lart-vicenc-altaio\/#primaryimage\",\"url\":\"https:\/\/artslibris.cat\/wp-content\/uploads\/2021\/03\/Un-sereno-al-cementiri-de-lart-\u2013-Vicenc-Altaio-.jpg\",\"contentUrl\":\"https:\/\/artslibris.cat\/wp-content\/uploads\/2021\/03\/Un-sereno-al-cementiri-de-lart-\u2013-Vicenc-Altaio-.jpg\",\"width\":229,\"height\":324},{\"@type\":\"BreadcrumbList\",\"@id\":\"https:\/\/artslibris.cat\/ca\/tienda\/teoria-del-arte-ca\/un-sereno-al-cementiri-de-lart-vicenc-altaio\/#breadcrumb\",\"itemListElement\":[{\"@type\":\"ListItem\",\"position\":1,\"name\":\"Portada\",\"item\":\"https:\/\/artslibris.cat\/ca\/\"},{\"@type\":\"ListItem\",\"position\":2,\"name\":\"Tenda\",\"item\":\"https:\/\/artslibris.cat\/ca\/tenda\/\"},{\"@type\":\"ListItem\",\"position\":3,\"name\":\"Un sereno al cementiri de l&#8217;art &#8211; Vicen\u00e7 Altai\u00f3\"}]},{\"@type\":\"WebSite\",\"@id\":\"https:\/\/artslibris.cat\/ca\/#website\",\"url\":\"https:\/\/artslibris.cat\/ca\/\",\"name\":\"ArtsLibris\",\"description\":\"\",\"publisher\":{\"@id\":\"https:\/\/artslibris.cat\/ca\/#organization\"},\"potentialAction\":[{\"@type\":\"SearchAction\",\"target\":{\"@type\":\"EntryPoint\",\"urlTemplate\":\"https:\/\/artslibris.cat\/ca\/?s={search_term_string}\"},\"query-input\":{\"@type\":\"PropertyValueSpecification\",\"valueRequired\":true,\"valueName\":\"search_term_string\"}}],\"inLanguage\":\"ca\"},{\"@type\":\"Organization\",\"@id\":\"https:\/\/artslibris.cat\/ca\/#organization\",\"name\":\"ArtsLibris\",\"url\":\"https:\/\/artslibris.cat\/ca\/\",\"logo\":{\"@type\":\"ImageObject\",\"inLanguage\":\"ca\",\"@id\":\"https:\/\/artslibris.cat\/ca\/#\/schema\/logo\/image\/\",\"url\":\"https:\/\/artslibris.cat\/wp-content\/uploads\/2020\/05\/ArtsLibris-logo-black.svg\",\"contentUrl\":\"https:\/\/artslibris.cat\/wp-content\/uploads\/2020\/05\/ArtsLibris-logo-black.svg\",\"width\":521,\"height\":85,\"caption\":\"ArtsLibris\"},\"image\":{\"@id\":\"https:\/\/artslibris.cat\/ca\/#\/schema\/logo\/image\/\"},\"sameAs\":[\"https:\/\/www.facebook.com\/artslibris\/\",\"https:\/\/x.com\/ArtsLibris\",\"https:\/\/www.instagram.com\/artslibris\/\"]}]}<\/script>\n<!-- \/ Yoast SEO plugin. -->","yoast_head_json":{"title":"Un sereno al cementiri de l'art - Vicen\u00e7 Altai\u00f3 - ArtsLibris","description":"Botiga ArtsLibris - Un sereno al cementiri de l'art - Vicen\u00e7 Altai\u00f3 - Edicions Poncianes","robots":{"index":"index","follow":"follow","max-snippet":"max-snippet:-1","max-image-preview":"max-image-preview:large","max-video-preview":"max-video-preview:-1"},"canonical":"https:\/\/artslibris.cat\/ca\/tienda\/teoria-del-arte-ca\/un-sereno-al-cementiri-de-lart-vicenc-altaio\/","og_locale":"ca_ES","og_type":"article","og_title":"Un sereno al cementiri de l'art - Vicen\u00e7 Altai\u00f3 - ArtsLibris","og_description":"Botiga ArtsLibris - Un sereno al cementiri de l'art - Vicen\u00e7 Altai\u00f3 - Edicions Poncianes","og_url":"https:\/\/artslibris.cat\/ca\/tienda\/teoria-del-arte-ca\/un-sereno-al-cementiri-de-lart-vicenc-altaio\/","og_site_name":"ArtsLibris","article_publisher":"https:\/\/www.facebook.com\/artslibris\/","article_modified_time":"2025-02-27T14:11:11+00:00","og_image":[{"width":705,"height":1080,"url":"https:\/\/artslibris.cat\/wp-content\/uploads\/2021\/03\/ArtsLibris_Edicions_Poncianes_Unserenoenelcementiridelart-1.jpeg","type":"image\/jpeg"}],"twitter_card":"summary_large_image","twitter_site":"@ArtsLibris","twitter_misc":{"Temps estimat de lectura":"1 minut"},"schema":{"@context":"https:\/\/schema.org","@graph":[{"@type":"WebPage","@id":"https:\/\/artslibris.cat\/ca\/tienda\/teoria-del-arte-ca\/un-sereno-al-cementiri-de-lart-vicenc-altaio\/","url":"https:\/\/artslibris.cat\/ca\/tienda\/teoria-del-arte-ca\/un-sereno-al-cementiri-de-lart-vicenc-altaio\/","name":"Un sereno al cementiri de l'art - Vicen\u00e7 Altai\u00f3 - ArtsLibris","isPartOf":{"@id":"https:\/\/artslibris.cat\/ca\/#website"},"primaryImageOfPage":{"@id":"https:\/\/artslibris.cat\/ca\/tienda\/teoria-del-arte-ca\/un-sereno-al-cementiri-de-lart-vicenc-altaio\/#primaryimage"},"image":{"@id":"https:\/\/artslibris.cat\/ca\/tienda\/teoria-del-arte-ca\/un-sereno-al-cementiri-de-lart-vicenc-altaio\/#primaryimage"},"thumbnailUrl":"https:\/\/artslibris.cat\/wp-content\/uploads\/2021\/03\/Un-sereno-al-cementiri-de-lart-\u2013-Vicenc-Altaio-.jpg","datePublished":"2021-03-12T17:24:16+00:00","dateModified":"2025-02-27T14:11:11+00:00","description":"Botiga ArtsLibris - Un sereno al cementiri de l'art - Vicen\u00e7 Altai\u00f3 - Edicions Poncianes","breadcrumb":{"@id":"https:\/\/artslibris.cat\/ca\/tienda\/teoria-del-arte-ca\/un-sereno-al-cementiri-de-lart-vicenc-altaio\/#breadcrumb"},"inLanguage":"ca","potentialAction":[{"@type":"ReadAction","target":["https:\/\/artslibris.cat\/ca\/tienda\/teoria-del-arte-ca\/un-sereno-al-cementiri-de-lart-vicenc-altaio\/"]}]},{"@type":"ImageObject","inLanguage":"ca","@id":"https:\/\/artslibris.cat\/ca\/tienda\/teoria-del-arte-ca\/un-sereno-al-cementiri-de-lart-vicenc-altaio\/#primaryimage","url":"https:\/\/artslibris.cat\/wp-content\/uploads\/2021\/03\/Un-sereno-al-cementiri-de-lart-\u2013-Vicenc-Altaio-.jpg","contentUrl":"https:\/\/artslibris.cat\/wp-content\/uploads\/2021\/03\/Un-sereno-al-cementiri-de-lart-\u2013-Vicenc-Altaio-.jpg","width":229,"height":324},{"@type":"BreadcrumbList","@id":"https:\/\/artslibris.cat\/ca\/tienda\/teoria-del-arte-ca\/un-sereno-al-cementiri-de-lart-vicenc-altaio\/#breadcrumb","itemListElement":[{"@type":"ListItem","position":1,"name":"Portada","item":"https:\/\/artslibris.cat\/ca\/"},{"@type":"ListItem","position":2,"name":"Tenda","item":"https:\/\/artslibris.cat\/ca\/tenda\/"},{"@type":"ListItem","position":3,"name":"Un sereno al cementiri de l&#8217;art &#8211; Vicen\u00e7 Altai\u00f3"}]},{"@type":"WebSite","@id":"https:\/\/artslibris.cat\/ca\/#website","url":"https:\/\/artslibris.cat\/ca\/","name":"ArtsLibris","description":"","publisher":{"@id":"https:\/\/artslibris.cat\/ca\/#organization"},"potentialAction":[{"@type":"SearchAction","target":{"@type":"EntryPoint","urlTemplate":"https:\/\/artslibris.cat\/ca\/?s={search_term_string}"},"query-input":{"@type":"PropertyValueSpecification","valueRequired":true,"valueName":"search_term_string"}}],"inLanguage":"ca"},{"@type":"Organization","@id":"https:\/\/artslibris.cat\/ca\/#organization","name":"ArtsLibris","url":"https:\/\/artslibris.cat\/ca\/","logo":{"@type":"ImageObject","inLanguage":"ca","@id":"https:\/\/artslibris.cat\/ca\/#\/schema\/logo\/image\/","url":"https:\/\/artslibris.cat\/wp-content\/uploads\/2020\/05\/ArtsLibris-logo-black.svg","contentUrl":"https:\/\/artslibris.cat\/wp-content\/uploads\/2020\/05\/ArtsLibris-logo-black.svg","width":521,"height":85,"caption":"ArtsLibris"},"image":{"@id":"https:\/\/artslibris.cat\/ca\/#\/schema\/logo\/image\/"},"sameAs":["https:\/\/www.facebook.com\/artslibris\/","https:\/\/x.com\/ArtsLibris","https:\/\/www.instagram.com\/artslibris\/"]}]}},"_links":{"self":[{"href":"https:\/\/artslibris.cat\/ca\/wp-json\/wp\/v2\/product\/9144","targetHints":{"allow":["GET"]}}],"collection":[{"href":"https:\/\/artslibris.cat\/ca\/wp-json\/wp\/v2\/product"}],"about":[{"href":"https:\/\/artslibris.cat\/ca\/wp-json\/wp\/v2\/types\/product"}],"wp:featuredmedia":[{"embeddable":true,"href":"https:\/\/artslibris.cat\/ca\/wp-json\/wp\/v2\/media\/28279"}],"wp:attachment":[{"href":"https:\/\/artslibris.cat\/ca\/wp-json\/wp\/v2\/media?parent=9144"}],"wp:term":[{"taxonomy":"product_brand","embeddable":true,"href":"https:\/\/artslibris.cat\/ca\/wp-json\/wp\/v2\/product_brand?post=9144"},{"taxonomy":"product_cat","embeddable":true,"href":"https:\/\/artslibris.cat\/ca\/wp-json\/wp\/v2\/product_cat?post=9144"},{"taxonomy":"product_tag","embeddable":true,"href":"https:\/\/artslibris.cat\/ca\/wp-json\/wp\/v2\/product_tag?post=9144"}],"curies":[{"name":"wp","href":"https:\/\/api.w.org\/{rel}","templated":true}]}}