{"id":9140,"date":"2021-03-12T17:05:38","date_gmt":"2021-03-12T17:05:38","guid":{"rendered":"https:\/\/artslibris.cat\/tienda\/Sense%20categoria\/assagets-enric-casasses\/"},"modified":"2021-03-17T16:55:22","modified_gmt":"2021-03-17T16:55:22","slug":"assagets-enric-casasses","status":"publish","type":"product","link":"https:\/\/artslibris.cat\/ca\/tienda\/poesia-ca\/assagets-enric-casasses\/","title":{"rendered":"Assagets &#8211; Enric Casasses"},"content":{"rendered":"<p>Aquest nou llibre d\u2019Enric Casasses consta de tres assajos en vers sobre tres personatges il\u00b7lustres que han atret Casasses: Antoni Gaud\u00ed, Niccol\u00f2 Paganini i Josep Blanch i Reynalt. Tres petites obres que repassen tres universos creatius vistos a ulls d\u2019un poeta que els coneix a fons.<\/p>\n<p>En el primer assaget, Casasses repassa l\u2019\u00fanica pe\u00e7a \u201creligiosa\u201d de Paganini, i a trav\u00e9s del vers ens condueix pels diversos moviments de l\u2019obra, amb canvis d\u2019intensitat i de melodia. Alhora, fa un rep\u00e0s per la vida del compositor itali\u00e0 i pel seu temps.<\/p>\n<p>En el segon, trobem una visi\u00f3 molt personal de Gaud\u00ed i de la influ\u00e8ncia que ha tingut en el poeta catal\u00e0. Els versos de Casasses estan esquitxats per notes de Gaud\u00ed que ens apropen el personatge i ens en descobreixen aspectes creatius que potser no s\u00f3n tan coneguts.<\/p>\n<p>Finalment, el tercer \u00e9s un passeig per la sardana \u201camb el porr\u00f3 en fresc\u201d de Josep Blanch i Reynalt, on s\u2019hi entremescla una reflexi\u00f3 sobre les tradicions de les classes populars que mica en mica es van perdent, la figura del sardanista i les diverses peces que va compondre, tot acompanyat de fotografies antigues i alguna partitura.<\/p>\n<p>El llibre t\u00e9 una enquadernaci\u00f3 peculiar: cada assaget t\u00e9 una amplada diferent, de manera que es crea una escala de tres amplades de p\u00e0gina, coincidint amb el canvi d\u2019assaget. Dos dels assagets estan escrits sense maj\u00fascules perqu\u00e8 Casasses hi declara: \u00abmentre el judici contra els jordis cuixart i s\u00e0nchez no sigui anul\u00b7lat nom\u00e9s escriur\u00e9 en min\u00fascules.\u00bb<\/p>\n","protected":false},"excerpt":{"rendered":"<p>T\u00edtol: Assagets &#8211; Enric Casasses.<br \/>\nEditorial: Edicions Poncianes.<br \/>\nAutor: Enric Casasses.<br \/>\nISBN: 978-84-7226-847-0.<br \/>\nAny: 2020 (2 edici\u00f3).<br \/>\nFormat: R\u00fastica.<br \/>\nIdioma: Catal\u00e0.<br \/>\nNombre de p\u00e0gines: 166.<\/p>\n","protected":false},"featured_media":9211,"template":"","meta":{"_acf_changed":false,"site-sidebar-layout":"default","site-content-layout":"default","ast-site-content-layout":"default","site-content-style":"default","site-sidebar-style":"default","ast-global-header-display":"","ast-banner-title-visibility":"","ast-main-header-display":"","ast-hfb-above-header-display":"","ast-hfb-below-header-display":"","ast-hfb-mobile-header-display":"","site-post-title":"","ast-breadcrumbs-content":"","ast-featured-img":"","footer-sml-layout":"","ast-disable-related-posts":"","theme-transparent-header-meta":"default","adv-header-id-meta":"","stick-header-meta":"","header-above-stick-meta":"","header-main-stick-meta":"","header-below-stick-meta":"","astra-migrate-meta-layouts":"default","ast-page-background-enabled":"default","ast-page-background-meta":{"desktop":{"background-color":"","background-image":"","background-repeat":"repeat","background-position":"center center","background-size":"auto","background-attachment":"scroll","background-type":"","background-media":"","overlay-type":"","overlay-color":"","overlay-opacity":"","overlay-gradient":""},"tablet":{"background-color":"","background-image":"","background-repeat":"repeat","background-position":"center center","background-size":"auto","background-attachment":"scroll","background-type":"","background-media":"","overlay-type":"","overlay-color":"","overlay-opacity":"","overlay-gradient":""},"mobile":{"background-color":"","background-image":"","background-repeat":"repeat","background-position":"center center","background-size":"auto","background-attachment":"scroll","background-type":"","background-media":"","overlay-type":"","overlay-color":"","overlay-opacity":"","overlay-gradient":""}},"ast-content-background-meta":{"desktop":{"background-color":"var(--ast-global-color-5)","background-image":"","background-repeat":"repeat","background-position":"center center","background-size":"auto","background-attachment":"scroll","background-type":"","background-media":"","overlay-type":"","overlay-color":"","overlay-opacity":"","overlay-gradient":""},"tablet":{"background-color":"var(--ast-global-color-5)","background-image":"","background-repeat":"repeat","background-position":"center center","background-size":"auto","background-attachment":"scroll","background-type":"","background-media":"","overlay-type":"","overlay-color":"","overlay-opacity":"","overlay-gradient":""},"mobile":{"background-color":"var(--ast-global-color-5)","background-image":"","background-repeat":"repeat","background-position":"center center","background-size":"auto","background-attachment":"scroll","background-type":"","background-media":"","overlay-type":"","overlay-color":"","overlay-opacity":"","overlay-gradient":""}}},"product_brand":[],"product_cat":[230],"product_tag":[229],"class_list":{"0":"post-9140","1":"product","2":"type-product","3":"status-publish","4":"has-post-thumbnail","6":"product_cat-poesia-ca","7":"product_tag-edicions-poncianes-ca","8":"desktop-align-left","9":"tablet-align-left","10":"mobile-align-left","12":"first","13":"instock","14":"shipping-taxable","15":"purchasable","16":"product-type-simple"},"acf":[],"yoast_head":"<!-- This site is optimized with the Yoast SEO plugin v27.3 - https:\/\/yoast.com\/product\/yoast-seo-wordpress\/ -->\n<title>Assagets - Enric Casasses - ArtsLibris<\/title>\n<meta name=\"description\" content=\"Botiga ArtsLibris - Assagets - Enric Casasses - Edicions Poncianes\" \/>\n<meta name=\"robots\" content=\"index, follow, max-snippet:-1, max-image-preview:large, max-video-preview:-1\" \/>\n<link rel=\"canonical\" href=\"https:\/\/artslibris.cat\/ca\/tienda\/poesia-ca\/assagets-enric-casasses\/\" \/>\n<meta property=\"og:locale\" content=\"ca_ES\" \/>\n<meta property=\"og:type\" content=\"article\" \/>\n<meta property=\"og:title\" content=\"Assagets - Enric Casasses - ArtsLibris\" \/>\n<meta property=\"og:description\" content=\"Botiga ArtsLibris - Assagets - Enric Casasses - Edicions Poncianes\" \/>\n<meta property=\"og:url\" content=\"https:\/\/artslibris.cat\/ca\/tienda\/poesia-ca\/assagets-enric-casasses\/\" \/>\n<meta property=\"og:site_name\" content=\"ArtsLibris\" \/>\n<meta property=\"article:publisher\" content=\"https:\/\/www.facebook.com\/artslibris\/\" \/>\n<meta property=\"article:modified_time\" content=\"2021-03-17T16:55:22+00:00\" \/>\n<meta property=\"og:image\" content=\"https:\/\/artslibris.cat\/wp-content\/uploads\/2021\/03\/ArtsLibris_Edicions_Poncianes_Assagets-1.jpeg\" \/>\n\t<meta property=\"og:image:width\" content=\"765\" \/>\n\t<meta property=\"og:image:height\" content=\"1080\" \/>\n\t<meta property=\"og:image:type\" content=\"image\/jpeg\" \/>\n<meta name=\"twitter:card\" content=\"summary_large_image\" \/>\n<meta name=\"twitter:site\" content=\"@ArtsLibris\" \/>\n<meta name=\"twitter:label1\" content=\"Temps estimat de lectura\" \/>\n\t<meta name=\"twitter:data1\" content=\"1 minut\" \/>\n<script type=\"application\/ld+json\" class=\"yoast-schema-graph\">{\"@context\":\"https:\\\/\\\/schema.org\",\"@graph\":[{\"@type\":\"WebPage\",\"@id\":\"https:\\\/\\\/artslibris.cat\\\/ca\\\/tienda\\\/poesia-ca\\\/assagets-enric-casasses\\\/\",\"url\":\"https:\\\/\\\/artslibris.cat\\\/ca\\\/tienda\\\/poesia-ca\\\/assagets-enric-casasses\\\/\",\"name\":\"Assagets - Enric Casasses - ArtsLibris\",\"isPartOf\":{\"@id\":\"https:\\\/\\\/artslibris.cat\\\/ca\\\/#website\"},\"primaryImageOfPage\":{\"@id\":\"https:\\\/\\\/artslibris.cat\\\/ca\\\/tienda\\\/poesia-ca\\\/assagets-enric-casasses\\\/#primaryimage\"},\"image\":{\"@id\":\"https:\\\/\\\/artslibris.cat\\\/ca\\\/tienda\\\/poesia-ca\\\/assagets-enric-casasses\\\/#primaryimage\"},\"thumbnailUrl\":\"https:\\\/\\\/artslibris.cat\\\/wp-content\\\/uploads\\\/2021\\\/03\\\/ArtsLibris_Edicions_Poncianes_Assagets-1.jpeg\",\"datePublished\":\"2021-03-12T17:05:38+00:00\",\"dateModified\":\"2021-03-17T16:55:22+00:00\",\"description\":\"Botiga ArtsLibris - Assagets - Enric Casasses - Edicions Poncianes\",\"breadcrumb\":{\"@id\":\"https:\\\/\\\/artslibris.cat\\\/ca\\\/tienda\\\/poesia-ca\\\/assagets-enric-casasses\\\/#breadcrumb\"},\"inLanguage\":\"ca\",\"potentialAction\":[{\"@type\":\"ReadAction\",\"target\":[\"https:\\\/\\\/artslibris.cat\\\/ca\\\/tienda\\\/poesia-ca\\\/assagets-enric-casasses\\\/\"]}]},{\"@type\":\"ImageObject\",\"inLanguage\":\"ca\",\"@id\":\"https:\\\/\\\/artslibris.cat\\\/ca\\\/tienda\\\/poesia-ca\\\/assagets-enric-casasses\\\/#primaryimage\",\"url\":\"https:\\\/\\\/artslibris.cat\\\/wp-content\\\/uploads\\\/2021\\\/03\\\/ArtsLibris_Edicions_Poncianes_Assagets-1.jpeg\",\"contentUrl\":\"https:\\\/\\\/artslibris.cat\\\/wp-content\\\/uploads\\\/2021\\\/03\\\/ArtsLibris_Edicions_Poncianes_Assagets-1.jpeg\",\"width\":765,\"height\":1080},{\"@type\":\"BreadcrumbList\",\"@id\":\"https:\\\/\\\/artslibris.cat\\\/ca\\\/tienda\\\/poesia-ca\\\/assagets-enric-casasses\\\/#breadcrumb\",\"itemListElement\":[{\"@type\":\"ListItem\",\"position\":1,\"name\":\"Portada\",\"item\":\"https:\\\/\\\/artslibris.cat\\\/ca\\\/\"},{\"@type\":\"ListItem\",\"position\":2,\"name\":\"Tenda\",\"item\":\"https:\\\/\\\/artslibris.cat\\\/ca\\\/tenda\\\/\"},{\"@type\":\"ListItem\",\"position\":3,\"name\":\"Assagets &#8211; Enric Casasses\"}]},{\"@type\":\"WebSite\",\"@id\":\"https:\\\/\\\/artslibris.cat\\\/ca\\\/#website\",\"url\":\"https:\\\/\\\/artslibris.cat\\\/ca\\\/\",\"name\":\"ArtsLibris\",\"description\":\"\",\"publisher\":{\"@id\":\"https:\\\/\\\/artslibris.cat\\\/ca\\\/#organization\"},\"potentialAction\":[{\"@type\":\"SearchAction\",\"target\":{\"@type\":\"EntryPoint\",\"urlTemplate\":\"https:\\\/\\\/artslibris.cat\\\/ca\\\/?s={search_term_string}\"},\"query-input\":{\"@type\":\"PropertyValueSpecification\",\"valueRequired\":true,\"valueName\":\"search_term_string\"}}],\"inLanguage\":\"ca\"},{\"@type\":\"Organization\",\"@id\":\"https:\\\/\\\/artslibris.cat\\\/ca\\\/#organization\",\"name\":\"ArtsLibris\",\"url\":\"https:\\\/\\\/artslibris.cat\\\/ca\\\/\",\"logo\":{\"@type\":\"ImageObject\",\"inLanguage\":\"ca\",\"@id\":\"https:\\\/\\\/artslibris.cat\\\/ca\\\/#\\\/schema\\\/logo\\\/image\\\/\",\"url\":\"https:\\\/\\\/artslibris.cat\\\/wp-content\\\/uploads\\\/2020\\\/05\\\/ArtsLibris-logo-black.svg\",\"contentUrl\":\"https:\\\/\\\/artslibris.cat\\\/wp-content\\\/uploads\\\/2020\\\/05\\\/ArtsLibris-logo-black.svg\",\"width\":521,\"height\":85,\"caption\":\"ArtsLibris\"},\"image\":{\"@id\":\"https:\\\/\\\/artslibris.cat\\\/ca\\\/#\\\/schema\\\/logo\\\/image\\\/\"},\"sameAs\":[\"https:\\\/\\\/www.facebook.com\\\/artslibris\\\/\",\"https:\\\/\\\/x.com\\\/ArtsLibris\",\"https:\\\/\\\/www.instagram.com\\\/artslibris\\\/\"]}]}<\/script>\n<!-- \/ Yoast SEO plugin. -->","yoast_head_json":{"title":"Assagets - Enric Casasses - ArtsLibris","description":"Botiga ArtsLibris - Assagets - Enric Casasses - Edicions Poncianes","robots":{"index":"index","follow":"follow","max-snippet":"max-snippet:-1","max-image-preview":"max-image-preview:large","max-video-preview":"max-video-preview:-1"},"canonical":"https:\/\/artslibris.cat\/ca\/tienda\/poesia-ca\/assagets-enric-casasses\/","og_locale":"ca_ES","og_type":"article","og_title":"Assagets - Enric Casasses - ArtsLibris","og_description":"Botiga ArtsLibris - Assagets - Enric Casasses - Edicions Poncianes","og_url":"https:\/\/artslibris.cat\/ca\/tienda\/poesia-ca\/assagets-enric-casasses\/","og_site_name":"ArtsLibris","article_publisher":"https:\/\/www.facebook.com\/artslibris\/","article_modified_time":"2021-03-17T16:55:22+00:00","og_image":[{"width":765,"height":1080,"url":"https:\/\/artslibris.cat\/wp-content\/uploads\/2021\/03\/ArtsLibris_Edicions_Poncianes_Assagets-1.jpeg","type":"image\/jpeg"}],"twitter_card":"summary_large_image","twitter_site":"@ArtsLibris","twitter_misc":{"Temps estimat de lectura":"1 minut"},"schema":{"@context":"https:\/\/schema.org","@graph":[{"@type":"WebPage","@id":"https:\/\/artslibris.cat\/ca\/tienda\/poesia-ca\/assagets-enric-casasses\/","url":"https:\/\/artslibris.cat\/ca\/tienda\/poesia-ca\/assagets-enric-casasses\/","name":"Assagets - Enric Casasses - ArtsLibris","isPartOf":{"@id":"https:\/\/artslibris.cat\/ca\/#website"},"primaryImageOfPage":{"@id":"https:\/\/artslibris.cat\/ca\/tienda\/poesia-ca\/assagets-enric-casasses\/#primaryimage"},"image":{"@id":"https:\/\/artslibris.cat\/ca\/tienda\/poesia-ca\/assagets-enric-casasses\/#primaryimage"},"thumbnailUrl":"https:\/\/artslibris.cat\/wp-content\/uploads\/2021\/03\/ArtsLibris_Edicions_Poncianes_Assagets-1.jpeg","datePublished":"2021-03-12T17:05:38+00:00","dateModified":"2021-03-17T16:55:22+00:00","description":"Botiga ArtsLibris - Assagets - Enric Casasses - Edicions Poncianes","breadcrumb":{"@id":"https:\/\/artslibris.cat\/ca\/tienda\/poesia-ca\/assagets-enric-casasses\/#breadcrumb"},"inLanguage":"ca","potentialAction":[{"@type":"ReadAction","target":["https:\/\/artslibris.cat\/ca\/tienda\/poesia-ca\/assagets-enric-casasses\/"]}]},{"@type":"ImageObject","inLanguage":"ca","@id":"https:\/\/artslibris.cat\/ca\/tienda\/poesia-ca\/assagets-enric-casasses\/#primaryimage","url":"https:\/\/artslibris.cat\/wp-content\/uploads\/2021\/03\/ArtsLibris_Edicions_Poncianes_Assagets-1.jpeg","contentUrl":"https:\/\/artslibris.cat\/wp-content\/uploads\/2021\/03\/ArtsLibris_Edicions_Poncianes_Assagets-1.jpeg","width":765,"height":1080},{"@type":"BreadcrumbList","@id":"https:\/\/artslibris.cat\/ca\/tienda\/poesia-ca\/assagets-enric-casasses\/#breadcrumb","itemListElement":[{"@type":"ListItem","position":1,"name":"Portada","item":"https:\/\/artslibris.cat\/ca\/"},{"@type":"ListItem","position":2,"name":"Tenda","item":"https:\/\/artslibris.cat\/ca\/tenda\/"},{"@type":"ListItem","position":3,"name":"Assagets &#8211; Enric Casasses"}]},{"@type":"WebSite","@id":"https:\/\/artslibris.cat\/ca\/#website","url":"https:\/\/artslibris.cat\/ca\/","name":"ArtsLibris","description":"","publisher":{"@id":"https:\/\/artslibris.cat\/ca\/#organization"},"potentialAction":[{"@type":"SearchAction","target":{"@type":"EntryPoint","urlTemplate":"https:\/\/artslibris.cat\/ca\/?s={search_term_string}"},"query-input":{"@type":"PropertyValueSpecification","valueRequired":true,"valueName":"search_term_string"}}],"inLanguage":"ca"},{"@type":"Organization","@id":"https:\/\/artslibris.cat\/ca\/#organization","name":"ArtsLibris","url":"https:\/\/artslibris.cat\/ca\/","logo":{"@type":"ImageObject","inLanguage":"ca","@id":"https:\/\/artslibris.cat\/ca\/#\/schema\/logo\/image\/","url":"https:\/\/artslibris.cat\/wp-content\/uploads\/2020\/05\/ArtsLibris-logo-black.svg","contentUrl":"https:\/\/artslibris.cat\/wp-content\/uploads\/2020\/05\/ArtsLibris-logo-black.svg","width":521,"height":85,"caption":"ArtsLibris"},"image":{"@id":"https:\/\/artslibris.cat\/ca\/#\/schema\/logo\/image\/"},"sameAs":["https:\/\/www.facebook.com\/artslibris\/","https:\/\/x.com\/ArtsLibris","https:\/\/www.instagram.com\/artslibris\/"]}]}},"_links":{"self":[{"href":"https:\/\/artslibris.cat\/ca\/wp-json\/wp\/v2\/product\/9140","targetHints":{"allow":["GET"]}}],"collection":[{"href":"https:\/\/artslibris.cat\/ca\/wp-json\/wp\/v2\/product"}],"about":[{"href":"https:\/\/artslibris.cat\/ca\/wp-json\/wp\/v2\/types\/product"}],"wp:featuredmedia":[{"embeddable":true,"href":"https:\/\/artslibris.cat\/ca\/wp-json\/wp\/v2\/media\/9211"}],"wp:attachment":[{"href":"https:\/\/artslibris.cat\/ca\/wp-json\/wp\/v2\/media?parent=9140"}],"wp:term":[{"taxonomy":"product_brand","embeddable":true,"href":"https:\/\/artslibris.cat\/ca\/wp-json\/wp\/v2\/product_brand?post=9140"},{"taxonomy":"product_cat","embeddable":true,"href":"https:\/\/artslibris.cat\/ca\/wp-json\/wp\/v2\/product_cat?post=9140"},{"taxonomy":"product_tag","embeddable":true,"href":"https:\/\/artslibris.cat\/ca\/wp-json\/wp\/v2\/product_tag?post=9140"}],"curies":[{"name":"wp","href":"https:\/\/api.w.org\/{rel}","templated":true}]}}