{"id":8641,"date":"2021-03-04T17:47:26","date_gmt":"2021-03-05T15:53:58","guid":{"rendered":"https:\/\/artslibris.cat\/?post_type=product&#038;p=8641"},"modified":"2025-02-27T14:10:46","modified_gmt":"2025-02-27T14:10:46","slug":"paisajes-comunes-borja-ballbe","status":"publish","type":"product","link":"https:\/\/artslibris.cat\/ca\/tienda\/historia-de-lart\/paisajes-comunes-borja-ballbe\/","title":{"rendered":"Paisajes comunes &#8211; Borja Ballb\u00e9"},"content":{"rendered":"<p>Paisajes Comunes \u00e9s un estudi fotogr\u00e0fic de les grans transformacions que han tingut lloc a la Pen\u00ednsula Ib\u00e8rica en les \u00faltimes d\u00e8cades. Tracta principalment de la p\u00e8rdua d\u2019identitat del paisatge, mostrant territoris amb diferents graus d\u2019intervenci\u00f3 humana i comparant-los entre ells. Alhora \u00e9s un recull dels diferents fen\u00f2mens urban\u00edstics que han produ\u00eft aquests canvis.<\/p>\n","protected":false},"excerpt":{"rendered":"<p>T\u00edtol: Paisajes comunes &#8211; Borja Ballb\u00e9.<br \/>\nAutoedici\u00f3.<br \/>\nFot\u00f2graf: Borja Ballb\u00e9.<br \/>\nCiutat d&#8217;edici\u00f3: Barcelona.<br \/>\nAny d&#8217;edici\u00f3: 2016.<br \/>\nMides: 24,5 x 17,5 cm.<br \/>\nISBN: 978-84-608-4684-0.<\/p>\n","protected":false},"featured_media":28213,"template":"","meta":{"_acf_changed":false,"site-sidebar-layout":"default","site-content-layout":"default","ast-site-content-layout":"default","site-content-style":"default","site-sidebar-style":"default","ast-global-header-display":"","ast-banner-title-visibility":"","ast-main-header-display":"","ast-hfb-above-header-display":"","ast-hfb-below-header-display":"","ast-hfb-mobile-header-display":"","site-post-title":"","ast-breadcrumbs-content":"","ast-featured-img":"","footer-sml-layout":"","ast-disable-related-posts":"","theme-transparent-header-meta":"default","adv-header-id-meta":"","stick-header-meta":"","header-above-stick-meta":"","header-main-stick-meta":"","header-below-stick-meta":"","astra-migrate-meta-layouts":"default","ast-page-background-enabled":"default","ast-page-background-meta":{"desktop":{"background-color":"","background-image":"","background-repeat":"repeat","background-position":"center center","background-size":"auto","background-attachment":"scroll","background-type":"","background-media":"","overlay-type":"","overlay-color":"","overlay-opacity":"","overlay-gradient":""},"tablet":{"background-color":"","background-image":"","background-repeat":"repeat","background-position":"center center","background-size":"auto","background-attachment":"scroll","background-type":"","background-media":"","overlay-type":"","overlay-color":"","overlay-opacity":"","overlay-gradient":""},"mobile":{"background-color":"","background-image":"","background-repeat":"repeat","background-position":"center center","background-size":"auto","background-attachment":"scroll","background-type":"","background-media":"","overlay-type":"","overlay-color":"","overlay-opacity":"","overlay-gradient":""}},"ast-content-background-meta":{"desktop":{"background-color":"var(--ast-global-color-5)","background-image":"","background-repeat":"repeat","background-position":"center center","background-size":"auto","background-attachment":"scroll","background-type":"","background-media":"","overlay-type":"","overlay-color":"","overlay-opacity":"","overlay-gradient":""},"tablet":{"background-color":"var(--ast-global-color-5)","background-image":"","background-repeat":"repeat","background-position":"center center","background-size":"auto","background-attachment":"scroll","background-type":"","background-media":"","overlay-type":"","overlay-color":"","overlay-opacity":"","overlay-gradient":""},"mobile":{"background-color":"var(--ast-global-color-5)","background-image":"","background-repeat":"repeat","background-position":"center center","background-size":"auto","background-attachment":"scroll","background-type":"","background-media":"","overlay-type":"","overlay-color":"","overlay-opacity":"","overlay-gradient":""}}},"product_brand":[],"product_cat":[308,109],"product_tag":[83],"class_list":{"0":"post-8641","1":"product","2":"type-product","3":"status-publish","4":"has-post-thumbnail","6":"product_cat-bibliofilia-ca","7":"product_cat-historia-de-lart","8":"product_tag-akal-ca","9":"desktop-align-left","10":"tablet-align-left","11":"mobile-align-left","13":"first","14":"instock","15":"shipping-taxable","16":"purchasable","17":"product-type-simple"},"acf":[],"yoast_head":"<!-- This site is optimized with the Yoast SEO plugin v27.1.1 - https:\/\/yoast.com\/product\/yoast-seo-wordpress\/ -->\n<title>Paisajes comunes - Borja Ballb\u00e9 - ArtsLibris<\/title>\n<meta name=\"description\" content=\"Botiga ArtsLibris - Paisajes comunes - Borja Ballb\u00e9\" \/>\n<meta name=\"robots\" content=\"index, follow, max-snippet:-1, max-image-preview:large, max-video-preview:-1\" \/>\n<link rel=\"canonical\" href=\"https:\/\/artslibris.cat\/ca\/tienda\/historia-de-lart\/paisajes-comunes-borja-ballbe\/\" \/>\n<meta property=\"og:locale\" content=\"ca_ES\" \/>\n<meta property=\"og:type\" content=\"article\" \/>\n<meta property=\"og:title\" content=\"Paisajes comunes - Borja Ballb\u00e9 - ArtsLibris\" \/>\n<meta property=\"og:description\" content=\"Botiga ArtsLibris - Paisajes comunes - Borja Ballb\u00e9\" \/>\n<meta property=\"og:url\" content=\"https:\/\/artslibris.cat\/ca\/tienda\/historia-de-lart\/paisajes-comunes-borja-ballbe\/\" \/>\n<meta property=\"og:site_name\" content=\"ArtsLibris\" \/>\n<meta property=\"article:publisher\" content=\"https:\/\/www.facebook.com\/artslibris\/\" \/>\n<meta property=\"article:modified_time\" content=\"2025-02-27T14:10:46+00:00\" \/>\n<meta property=\"og:image\" content=\"https:\/\/artslibris.cat\/wp-content\/uploads\/2021\/03\/ArtsLibris_Borja_Ballbe_Paisajes_comunes.jpg\" \/>\n\t<meta property=\"og:image:width\" content=\"1280\" \/>\n\t<meta property=\"og:image:height\" content=\"853\" \/>\n\t<meta property=\"og:image:type\" content=\"image\/jpeg\" \/>\n<meta name=\"twitter:card\" content=\"summary_large_image\" \/>\n<meta name=\"twitter:site\" content=\"@ArtsLibris\" \/>\n<script type=\"application\/ld+json\" class=\"yoast-schema-graph\">{\"@context\":\"https:\/\/schema.org\",\"@graph\":[{\"@type\":\"WebPage\",\"@id\":\"https:\/\/artslibris.cat\/ca\/tienda\/historia-de-lart\/paisajes-comunes-borja-ballbe\/\",\"url\":\"https:\/\/artslibris.cat\/ca\/tienda\/historia-de-lart\/paisajes-comunes-borja-ballbe\/\",\"name\":\"Paisajes comunes - Borja Ballb\u00e9 - ArtsLibris\",\"isPartOf\":{\"@id\":\"https:\/\/artslibris.cat\/ca\/#website\"},\"primaryImageOfPage\":{\"@id\":\"https:\/\/artslibris.cat\/ca\/tienda\/historia-de-lart\/paisajes-comunes-borja-ballbe\/#primaryimage\"},\"image\":{\"@id\":\"https:\/\/artslibris.cat\/ca\/tienda\/historia-de-lart\/paisajes-comunes-borja-ballbe\/#primaryimage\"},\"thumbnailUrl\":\"https:\/\/artslibris.cat\/wp-content\/uploads\/2021\/03\/Paisajes-comunes-\u2013-Borja-Ballbe.webp\",\"datePublished\":\"2021-03-05T15:53:58+00:00\",\"dateModified\":\"2025-02-27T14:10:46+00:00\",\"description\":\"Botiga ArtsLibris - Paisajes comunes - Borja Ballb\u00e9\",\"breadcrumb\":{\"@id\":\"https:\/\/artslibris.cat\/ca\/tienda\/historia-de-lart\/paisajes-comunes-borja-ballbe\/#breadcrumb\"},\"inLanguage\":\"ca\",\"potentialAction\":[{\"@type\":\"ReadAction\",\"target\":[\"https:\/\/artslibris.cat\/ca\/tienda\/historia-de-lart\/paisajes-comunes-borja-ballbe\/\"]}]},{\"@type\":\"ImageObject\",\"inLanguage\":\"ca\",\"@id\":\"https:\/\/artslibris.cat\/ca\/tienda\/historia-de-lart\/paisajes-comunes-borja-ballbe\/#primaryimage\",\"url\":\"https:\/\/artslibris.cat\/wp-content\/uploads\/2021\/03\/Paisajes-comunes-\u2013-Borja-Ballbe.webp\",\"contentUrl\":\"https:\/\/artslibris.cat\/wp-content\/uploads\/2021\/03\/Paisajes-comunes-\u2013-Borja-Ballbe.webp\",\"width\":1280,\"height\":853},{\"@type\":\"BreadcrumbList\",\"@id\":\"https:\/\/artslibris.cat\/ca\/tienda\/historia-de-lart\/paisajes-comunes-borja-ballbe\/#breadcrumb\",\"itemListElement\":[{\"@type\":\"ListItem\",\"position\":1,\"name\":\"Portada\",\"item\":\"https:\/\/artslibris.cat\/ca\/\"},{\"@type\":\"ListItem\",\"position\":2,\"name\":\"Tenda\",\"item\":\"https:\/\/artslibris.cat\/ca\/tenda\/\"},{\"@type\":\"ListItem\",\"position\":3,\"name\":\"Paisajes comunes &#8211; Borja Ballb\u00e9\"}]},{\"@type\":\"WebSite\",\"@id\":\"https:\/\/artslibris.cat\/ca\/#website\",\"url\":\"https:\/\/artslibris.cat\/ca\/\",\"name\":\"ArtsLibris\",\"description\":\"\",\"publisher\":{\"@id\":\"https:\/\/artslibris.cat\/ca\/#organization\"},\"potentialAction\":[{\"@type\":\"SearchAction\",\"target\":{\"@type\":\"EntryPoint\",\"urlTemplate\":\"https:\/\/artslibris.cat\/ca\/?s={search_term_string}\"},\"query-input\":{\"@type\":\"PropertyValueSpecification\",\"valueRequired\":true,\"valueName\":\"search_term_string\"}}],\"inLanguage\":\"ca\"},{\"@type\":\"Organization\",\"@id\":\"https:\/\/artslibris.cat\/ca\/#organization\",\"name\":\"ArtsLibris\",\"url\":\"https:\/\/artslibris.cat\/ca\/\",\"logo\":{\"@type\":\"ImageObject\",\"inLanguage\":\"ca\",\"@id\":\"https:\/\/artslibris.cat\/ca\/#\/schema\/logo\/image\/\",\"url\":\"https:\/\/artslibris.cat\/wp-content\/uploads\/2020\/05\/ArtsLibris-logo-black.svg\",\"contentUrl\":\"https:\/\/artslibris.cat\/wp-content\/uploads\/2020\/05\/ArtsLibris-logo-black.svg\",\"width\":521,\"height\":85,\"caption\":\"ArtsLibris\"},\"image\":{\"@id\":\"https:\/\/artslibris.cat\/ca\/#\/schema\/logo\/image\/\"},\"sameAs\":[\"https:\/\/www.facebook.com\/artslibris\/\",\"https:\/\/x.com\/ArtsLibris\",\"https:\/\/www.instagram.com\/artslibris\/\"]}]}<\/script>\n<!-- \/ Yoast SEO plugin. -->","yoast_head_json":{"title":"Paisajes comunes - Borja Ballb\u00e9 - ArtsLibris","description":"Botiga ArtsLibris - Paisajes comunes - Borja Ballb\u00e9","robots":{"index":"index","follow":"follow","max-snippet":"max-snippet:-1","max-image-preview":"max-image-preview:large","max-video-preview":"max-video-preview:-1"},"canonical":"https:\/\/artslibris.cat\/ca\/tienda\/historia-de-lart\/paisajes-comunes-borja-ballbe\/","og_locale":"ca_ES","og_type":"article","og_title":"Paisajes comunes - Borja Ballb\u00e9 - ArtsLibris","og_description":"Botiga ArtsLibris - Paisajes comunes - Borja Ballb\u00e9","og_url":"https:\/\/artslibris.cat\/ca\/tienda\/historia-de-lart\/paisajes-comunes-borja-ballbe\/","og_site_name":"ArtsLibris","article_publisher":"https:\/\/www.facebook.com\/artslibris\/","article_modified_time":"2025-02-27T14:10:46+00:00","og_image":[{"width":1280,"height":853,"url":"https:\/\/artslibris.cat\/wp-content\/uploads\/2021\/03\/ArtsLibris_Borja_Ballbe_Paisajes_comunes.jpg","type":"image\/jpeg"}],"twitter_card":"summary_large_image","twitter_site":"@ArtsLibris","schema":{"@context":"https:\/\/schema.org","@graph":[{"@type":"WebPage","@id":"https:\/\/artslibris.cat\/ca\/tienda\/historia-de-lart\/paisajes-comunes-borja-ballbe\/","url":"https:\/\/artslibris.cat\/ca\/tienda\/historia-de-lart\/paisajes-comunes-borja-ballbe\/","name":"Paisajes comunes - Borja Ballb\u00e9 - ArtsLibris","isPartOf":{"@id":"https:\/\/artslibris.cat\/ca\/#website"},"primaryImageOfPage":{"@id":"https:\/\/artslibris.cat\/ca\/tienda\/historia-de-lart\/paisajes-comunes-borja-ballbe\/#primaryimage"},"image":{"@id":"https:\/\/artslibris.cat\/ca\/tienda\/historia-de-lart\/paisajes-comunes-borja-ballbe\/#primaryimage"},"thumbnailUrl":"https:\/\/artslibris.cat\/wp-content\/uploads\/2021\/03\/Paisajes-comunes-\u2013-Borja-Ballbe.webp","datePublished":"2021-03-05T15:53:58+00:00","dateModified":"2025-02-27T14:10:46+00:00","description":"Botiga ArtsLibris - Paisajes comunes - Borja Ballb\u00e9","breadcrumb":{"@id":"https:\/\/artslibris.cat\/ca\/tienda\/historia-de-lart\/paisajes-comunes-borja-ballbe\/#breadcrumb"},"inLanguage":"ca","potentialAction":[{"@type":"ReadAction","target":["https:\/\/artslibris.cat\/ca\/tienda\/historia-de-lart\/paisajes-comunes-borja-ballbe\/"]}]},{"@type":"ImageObject","inLanguage":"ca","@id":"https:\/\/artslibris.cat\/ca\/tienda\/historia-de-lart\/paisajes-comunes-borja-ballbe\/#primaryimage","url":"https:\/\/artslibris.cat\/wp-content\/uploads\/2021\/03\/Paisajes-comunes-\u2013-Borja-Ballbe.webp","contentUrl":"https:\/\/artslibris.cat\/wp-content\/uploads\/2021\/03\/Paisajes-comunes-\u2013-Borja-Ballbe.webp","width":1280,"height":853},{"@type":"BreadcrumbList","@id":"https:\/\/artslibris.cat\/ca\/tienda\/historia-de-lart\/paisajes-comunes-borja-ballbe\/#breadcrumb","itemListElement":[{"@type":"ListItem","position":1,"name":"Portada","item":"https:\/\/artslibris.cat\/ca\/"},{"@type":"ListItem","position":2,"name":"Tenda","item":"https:\/\/artslibris.cat\/ca\/tenda\/"},{"@type":"ListItem","position":3,"name":"Paisajes comunes &#8211; Borja Ballb\u00e9"}]},{"@type":"WebSite","@id":"https:\/\/artslibris.cat\/ca\/#website","url":"https:\/\/artslibris.cat\/ca\/","name":"ArtsLibris","description":"","publisher":{"@id":"https:\/\/artslibris.cat\/ca\/#organization"},"potentialAction":[{"@type":"SearchAction","target":{"@type":"EntryPoint","urlTemplate":"https:\/\/artslibris.cat\/ca\/?s={search_term_string}"},"query-input":{"@type":"PropertyValueSpecification","valueRequired":true,"valueName":"search_term_string"}}],"inLanguage":"ca"},{"@type":"Organization","@id":"https:\/\/artslibris.cat\/ca\/#organization","name":"ArtsLibris","url":"https:\/\/artslibris.cat\/ca\/","logo":{"@type":"ImageObject","inLanguage":"ca","@id":"https:\/\/artslibris.cat\/ca\/#\/schema\/logo\/image\/","url":"https:\/\/artslibris.cat\/wp-content\/uploads\/2020\/05\/ArtsLibris-logo-black.svg","contentUrl":"https:\/\/artslibris.cat\/wp-content\/uploads\/2020\/05\/ArtsLibris-logo-black.svg","width":521,"height":85,"caption":"ArtsLibris"},"image":{"@id":"https:\/\/artslibris.cat\/ca\/#\/schema\/logo\/image\/"},"sameAs":["https:\/\/www.facebook.com\/artslibris\/","https:\/\/x.com\/ArtsLibris","https:\/\/www.instagram.com\/artslibris\/"]}]}},"_links":{"self":[{"href":"https:\/\/artslibris.cat\/ca\/wp-json\/wp\/v2\/product\/8641","targetHints":{"allow":["GET"]}}],"collection":[{"href":"https:\/\/artslibris.cat\/ca\/wp-json\/wp\/v2\/product"}],"about":[{"href":"https:\/\/artslibris.cat\/ca\/wp-json\/wp\/v2\/types\/product"}],"wp:featuredmedia":[{"embeddable":true,"href":"https:\/\/artslibris.cat\/ca\/wp-json\/wp\/v2\/media\/28213"}],"wp:attachment":[{"href":"https:\/\/artslibris.cat\/ca\/wp-json\/wp\/v2\/media?parent=8641"}],"wp:term":[{"taxonomy":"product_brand","embeddable":true,"href":"https:\/\/artslibris.cat\/ca\/wp-json\/wp\/v2\/product_brand?post=8641"},{"taxonomy":"product_cat","embeddable":true,"href":"https:\/\/artslibris.cat\/ca\/wp-json\/wp\/v2\/product_cat?post=8641"},{"taxonomy":"product_tag","embeddable":true,"href":"https:\/\/artslibris.cat\/ca\/wp-json\/wp\/v2\/product_tag?post=8641"}],"curies":[{"name":"wp","href":"https:\/\/api.w.org\/{rel}","templated":true}]}}