{"id":7705,"date":"2021-02-17T18:58:26","date_gmt":"2021-02-17T18:58:26","guid":{"rendered":"https:\/\/artslibris.cat\/tienda\/Sense categoria\/shanzhai-el-arte-de-la-falsificacion-y-la-deconstruccion-en-china\/"},"modified":"2021-02-17T18:58:26","modified_gmt":"2021-02-17T18:58:26","slug":"shanzhai-el-arte-de-la-falsificacion-y-la-deconstruccion-en-china","status":"publish","type":"product","link":"https:\/\/artslibris.cat\/ca\/tienda\/pensamiento-ca\/shanzhai-el-arte-de-la-falsificacion-y-la-deconstruccion-en-china\/","title":{"rendered":"Shanzhai. El arte de la falsificaci\u00f3n y la deconstrucci\u00f3n en China"},"content":{"rendered":"<p>\u00abShanzhai\u00bb \u00e9s un neologisme xin\u00e8s que es refereix a l&#8217;apropiaci\u00f3 d&#8217;una forma o una idea, desestimant el seu estatus d&#8217;originalitat. Un shanzhai \u00e9s un fake, una c\u00f2pia pirata, una par\u00f2dia. Aplicat al principi a les falsificacions de productes electr\u00f2nics i marques de roba, aquest concepte avui abasta tots els terrenys de la vida a la Xina: hi ha arquitectura shanzhai, menjar shanzhai, diputats shanzhai i fins a estrelles de l&#8217;espectacle shanzhai. En tant el seu atractiu radica precisament en la variaci\u00f3 funcional i enginyosa, s\u00f3n molt m\u00e9s que meres falsificacions barates. No pretenen enganyar a ning\u00fa. La seva capacitat d&#8217;innovaci\u00f3, que \u00e9s innegable, no es defineix pel geni o la creaci\u00f3 ex nihilo, sin\u00f3 per ser part d&#8217;un proc\u00e9s an\u00f2nim i continuat de combinaci\u00f3 i mutaci\u00f3. A partir de l&#8217;elaboraci\u00f3 d&#8217;aquest i d&#8217;altres conceptes presents en la llarga tradici\u00f3 de l&#8217;art xin\u00e8s aix\u00ed com en el budisme o el taoisme, el te\u00f2ric cultural Byung-Chul Han ens revela en aquest l\u00facid assaig algunes claus per a comprendre els diferents posicionaments d&#8217;Orient i Occident enfront de problem\u00e0tiques contempor\u00e0nies com ara les lleis de propietat intel\u00b7lectual, la conservaci\u00f3 patrimonial o la clonaci\u00f3. A la creen\u00e7a occidental en la inmutabilitat i la perman\u00e8ncia de la subst\u00e0ncia, es correspon una noci\u00f3 d&#8217;autoria i originalitat: l&#8217;\u00e9sser \u00e9s igual a si mateix i per aix\u00f2 tota reproducci\u00f3 t\u00e9 alguna cosa de demon\u00edac, que destrueix la identitat i la puresa prim\u00e0ries. El pensament xin\u00e8s, en canvi, \u00e9s desconstructiu des dels seus comen\u00e7aments, prescindeix de tota idea de ser i ess\u00e8ncia. Enfront de la identitat, reivindica la difer\u00e8ncia transformadora; enfront de l&#8217;\u00e9sser, el cam\u00ed.<\/p>\n","protected":false},"excerpt":{"rendered":"<p>T\u00edtol: Shanzhai. El arte de la falsificaci\u00f3n y la deconstrucci\u00f3n en China.<br \/>\nEditorial: Caja Negra.<br \/>\nAutor: Byung-Chul Han.<br \/>\nCiutat de publicaci\u00f3: Buenos Aires.<br \/>\nAny de publicaci\u00f3: 2016.<br \/>\nP\u00e0gines: 96.<br \/>\nMides: 12 x 19.<br \/>\nISBN: 978-987-1622-50-4.<\/p>\n","protected":false},"featured_media":7572,"template":"","meta":{"_acf_changed":false,"site-sidebar-layout":"default","site-content-layout":"default","ast-site-content-layout":"default","site-content-style":"default","site-sidebar-style":"default","ast-global-header-display":"","ast-banner-title-visibility":"","ast-main-header-display":"","ast-hfb-above-header-display":"","ast-hfb-below-header-display":"","ast-hfb-mobile-header-display":"","site-post-title":"","ast-breadcrumbs-content":"","ast-featured-img":"","footer-sml-layout":"","ast-disable-related-posts":"","theme-transparent-header-meta":"default","adv-header-id-meta":"","stick-header-meta":"","header-above-stick-meta":"","header-main-stick-meta":"","header-below-stick-meta":"","astra-migrate-meta-layouts":"default","ast-page-background-enabled":"default","ast-page-background-meta":{"desktop":{"background-color":"","background-image":"","background-repeat":"repeat","background-position":"center center","background-size":"auto","background-attachment":"scroll","background-type":"","background-media":"","overlay-type":"","overlay-color":"","overlay-opacity":"","overlay-gradient":""},"tablet":{"background-color":"","background-image":"","background-repeat":"repeat","background-position":"center center","background-size":"auto","background-attachment":"scroll","background-type":"","background-media":"","overlay-type":"","overlay-color":"","overlay-opacity":"","overlay-gradient":""},"mobile":{"background-color":"","background-image":"","background-repeat":"repeat","background-position":"center center","background-size":"auto","background-attachment":"scroll","background-type":"","background-media":"","overlay-type":"","overlay-color":"","overlay-opacity":"","overlay-gradient":""}},"ast-content-background-meta":{"desktop":{"background-color":"var(--ast-global-color-5)","background-image":"","background-repeat":"repeat","background-position":"center center","background-size":"auto","background-attachment":"scroll","background-type":"","background-media":"","overlay-type":"","overlay-color":"","overlay-opacity":"","overlay-gradient":""},"tablet":{"background-color":"var(--ast-global-color-5)","background-image":"","background-repeat":"repeat","background-position":"center center","background-size":"auto","background-attachment":"scroll","background-type":"","background-media":"","overlay-type":"","overlay-color":"","overlay-opacity":"","overlay-gradient":""},"mobile":{"background-color":"var(--ast-global-color-5)","background-image":"","background-repeat":"repeat","background-position":"center center","background-size":"auto","background-attachment":"scroll","background-type":"","background-media":"","overlay-type":"","overlay-color":"","overlay-opacity":"","overlay-gradient":""}}},"product_brand":[],"product_cat":[82],"product_tag":[208],"class_list":{"0":"post-7705","1":"product","2":"type-product","3":"status-publish","4":"has-post-thumbnail","6":"product_cat-pensamiento-ca","7":"product_tag-caja-negra-ca","8":"desktop-align-left","9":"tablet-align-left","10":"mobile-align-left","12":"first","13":"outofstock","14":"taxable","15":"shipping-taxable","16":"purchasable","17":"product-type-simple"},"acf":[],"yoast_head":"<!-- This site is optimized with the Yoast SEO plugin v27.3 - https:\/\/yoast.com\/product\/yoast-seo-wordpress\/ -->\n<title>Shanzhai. El arte de la falsificaci\u00f3n y la deconstrucci\u00f3n en China - ArtsLibris<\/title>\n<meta name=\"description\" content=\"Botiga ArtsLibris - Shanzhai. El arte de la falsificaci\u00f3n y la deconstrucci\u00f3n en China - Byung-Chul Han - Caja Negra\" \/>\n<meta name=\"robots\" content=\"index, follow, max-snippet:-1, max-image-preview:large, max-video-preview:-1\" \/>\n<link rel=\"canonical\" href=\"https:\/\/artslibris.cat\/ca\/tienda\/pensamiento-ca\/shanzhai-el-arte-de-la-falsificacion-y-la-deconstruccion-en-china\/\" \/>\n<meta property=\"og:locale\" content=\"ca_ES\" \/>\n<meta property=\"og:type\" content=\"article\" \/>\n<meta property=\"og:title\" content=\"Shanzhai. El arte de la falsificaci\u00f3n y la deconstrucci\u00f3n en China - ArtsLibris\" \/>\n<meta property=\"og:description\" content=\"Botiga ArtsLibris - Shanzhai. El arte de la falsificaci\u00f3n y la deconstrucci\u00f3n en China - Byung-Chul Han - Caja Negra\" \/>\n<meta property=\"og:url\" content=\"https:\/\/artslibris.cat\/ca\/tienda\/pensamiento-ca\/shanzhai-el-arte-de-la-falsificacion-y-la-deconstruccion-en-china\/\" \/>\n<meta property=\"og:site_name\" content=\"ArtsLibris\" \/>\n<meta property=\"article:publisher\" content=\"https:\/\/www.facebook.com\/artslibris\/\" \/>\n<meta property=\"og:image\" content=\"https:\/\/artslibris.cat\/wp-content\/uploads\/2021\/02\/ArtsLibris_Shanzhai_el_arte_de_la_falsificacion_Caja_negra.jpeg\" \/>\n\t<meta property=\"og:image:width\" content=\"692\" \/>\n\t<meta property=\"og:image:height\" content=\"1080\" \/>\n\t<meta property=\"og:image:type\" content=\"image\/jpeg\" \/>\n<meta name=\"twitter:card\" content=\"summary_large_image\" \/>\n<meta name=\"twitter:site\" content=\"@ArtsLibris\" \/>\n<meta name=\"twitter:label1\" content=\"Temps estimat de lectura\" \/>\n\t<meta name=\"twitter:data1\" content=\"1 minut\" \/>\n<script type=\"application\/ld+json\" class=\"yoast-schema-graph\">{\"@context\":\"https:\\\/\\\/schema.org\",\"@graph\":[{\"@type\":\"WebPage\",\"@id\":\"https:\\\/\\\/artslibris.cat\\\/ca\\\/tienda\\\/pensamiento-ca\\\/shanzhai-el-arte-de-la-falsificacion-y-la-deconstruccion-en-china\\\/\",\"url\":\"https:\\\/\\\/artslibris.cat\\\/ca\\\/tienda\\\/pensamiento-ca\\\/shanzhai-el-arte-de-la-falsificacion-y-la-deconstruccion-en-china\\\/\",\"name\":\"Shanzhai. El arte de la falsificaci\u00f3n y la deconstrucci\u00f3n en China - ArtsLibris\",\"isPartOf\":{\"@id\":\"https:\\\/\\\/artslibris.cat\\\/ca\\\/#website\"},\"primaryImageOfPage\":{\"@id\":\"https:\\\/\\\/artslibris.cat\\\/ca\\\/tienda\\\/pensamiento-ca\\\/shanzhai-el-arte-de-la-falsificacion-y-la-deconstruccion-en-china\\\/#primaryimage\"},\"image\":{\"@id\":\"https:\\\/\\\/artslibris.cat\\\/ca\\\/tienda\\\/pensamiento-ca\\\/shanzhai-el-arte-de-la-falsificacion-y-la-deconstruccion-en-china\\\/#primaryimage\"},\"thumbnailUrl\":\"https:\\\/\\\/artslibris.cat\\\/wp-content\\\/uploads\\\/2021\\\/02\\\/ArtsLibris_Shanzhai_el_arte_de_la_falsificacion_Caja_negra.jpeg\",\"datePublished\":\"2021-02-17T18:58:26+00:00\",\"description\":\"Botiga ArtsLibris - Shanzhai. El arte de la falsificaci\u00f3n y la deconstrucci\u00f3n en China - Byung-Chul Han - Caja Negra\",\"breadcrumb\":{\"@id\":\"https:\\\/\\\/artslibris.cat\\\/ca\\\/tienda\\\/pensamiento-ca\\\/shanzhai-el-arte-de-la-falsificacion-y-la-deconstruccion-en-china\\\/#breadcrumb\"},\"inLanguage\":\"ca\",\"potentialAction\":[{\"@type\":\"ReadAction\",\"target\":[\"https:\\\/\\\/artslibris.cat\\\/ca\\\/tienda\\\/pensamiento-ca\\\/shanzhai-el-arte-de-la-falsificacion-y-la-deconstruccion-en-china\\\/\"]}]},{\"@type\":\"ImageObject\",\"inLanguage\":\"ca\",\"@id\":\"https:\\\/\\\/artslibris.cat\\\/ca\\\/tienda\\\/pensamiento-ca\\\/shanzhai-el-arte-de-la-falsificacion-y-la-deconstruccion-en-china\\\/#primaryimage\",\"url\":\"https:\\\/\\\/artslibris.cat\\\/wp-content\\\/uploads\\\/2021\\\/02\\\/ArtsLibris_Shanzhai_el_arte_de_la_falsificacion_Caja_negra.jpeg\",\"contentUrl\":\"https:\\\/\\\/artslibris.cat\\\/wp-content\\\/uploads\\\/2021\\\/02\\\/ArtsLibris_Shanzhai_el_arte_de_la_falsificacion_Caja_negra.jpeg\",\"width\":692,\"height\":1080},{\"@type\":\"BreadcrumbList\",\"@id\":\"https:\\\/\\\/artslibris.cat\\\/ca\\\/tienda\\\/pensamiento-ca\\\/shanzhai-el-arte-de-la-falsificacion-y-la-deconstruccion-en-china\\\/#breadcrumb\",\"itemListElement\":[{\"@type\":\"ListItem\",\"position\":1,\"name\":\"Portada\",\"item\":\"https:\\\/\\\/artslibris.cat\\\/ca\\\/\"},{\"@type\":\"ListItem\",\"position\":2,\"name\":\"Tenda\",\"item\":\"https:\\\/\\\/artslibris.cat\\\/ca\\\/tenda\\\/\"},{\"@type\":\"ListItem\",\"position\":3,\"name\":\"Shanzhai. El arte de la falsificaci\u00f3n y la deconstrucci\u00f3n en China\"}]},{\"@type\":\"WebSite\",\"@id\":\"https:\\\/\\\/artslibris.cat\\\/ca\\\/#website\",\"url\":\"https:\\\/\\\/artslibris.cat\\\/ca\\\/\",\"name\":\"ArtsLibris\",\"description\":\"\",\"publisher\":{\"@id\":\"https:\\\/\\\/artslibris.cat\\\/ca\\\/#organization\"},\"potentialAction\":[{\"@type\":\"SearchAction\",\"target\":{\"@type\":\"EntryPoint\",\"urlTemplate\":\"https:\\\/\\\/artslibris.cat\\\/ca\\\/?s={search_term_string}\"},\"query-input\":{\"@type\":\"PropertyValueSpecification\",\"valueRequired\":true,\"valueName\":\"search_term_string\"}}],\"inLanguage\":\"ca\"},{\"@type\":\"Organization\",\"@id\":\"https:\\\/\\\/artslibris.cat\\\/ca\\\/#organization\",\"name\":\"ArtsLibris\",\"url\":\"https:\\\/\\\/artslibris.cat\\\/ca\\\/\",\"logo\":{\"@type\":\"ImageObject\",\"inLanguage\":\"ca\",\"@id\":\"https:\\\/\\\/artslibris.cat\\\/ca\\\/#\\\/schema\\\/logo\\\/image\\\/\",\"url\":\"https:\\\/\\\/artslibris.cat\\\/wp-content\\\/uploads\\\/2020\\\/05\\\/ArtsLibris-logo-black.svg\",\"contentUrl\":\"https:\\\/\\\/artslibris.cat\\\/wp-content\\\/uploads\\\/2020\\\/05\\\/ArtsLibris-logo-black.svg\",\"width\":521,\"height\":85,\"caption\":\"ArtsLibris\"},\"image\":{\"@id\":\"https:\\\/\\\/artslibris.cat\\\/ca\\\/#\\\/schema\\\/logo\\\/image\\\/\"},\"sameAs\":[\"https:\\\/\\\/www.facebook.com\\\/artslibris\\\/\",\"https:\\\/\\\/x.com\\\/ArtsLibris\",\"https:\\\/\\\/www.instagram.com\\\/artslibris\\\/\"]}]}<\/script>\n<!-- \/ Yoast SEO plugin. -->","yoast_head_json":{"title":"Shanzhai. El arte de la falsificaci\u00f3n y la deconstrucci\u00f3n en China - ArtsLibris","description":"Botiga ArtsLibris - Shanzhai. El arte de la falsificaci\u00f3n y la deconstrucci\u00f3n en China - Byung-Chul Han - Caja Negra","robots":{"index":"index","follow":"follow","max-snippet":"max-snippet:-1","max-image-preview":"max-image-preview:large","max-video-preview":"max-video-preview:-1"},"canonical":"https:\/\/artslibris.cat\/ca\/tienda\/pensamiento-ca\/shanzhai-el-arte-de-la-falsificacion-y-la-deconstruccion-en-china\/","og_locale":"ca_ES","og_type":"article","og_title":"Shanzhai. El arte de la falsificaci\u00f3n y la deconstrucci\u00f3n en China - ArtsLibris","og_description":"Botiga ArtsLibris - Shanzhai. El arte de la falsificaci\u00f3n y la deconstrucci\u00f3n en China - Byung-Chul Han - Caja Negra","og_url":"https:\/\/artslibris.cat\/ca\/tienda\/pensamiento-ca\/shanzhai-el-arte-de-la-falsificacion-y-la-deconstruccion-en-china\/","og_site_name":"ArtsLibris","article_publisher":"https:\/\/www.facebook.com\/artslibris\/","og_image":[{"width":692,"height":1080,"url":"https:\/\/artslibris.cat\/wp-content\/uploads\/2021\/02\/ArtsLibris_Shanzhai_el_arte_de_la_falsificacion_Caja_negra.jpeg","type":"image\/jpeg"}],"twitter_card":"summary_large_image","twitter_site":"@ArtsLibris","twitter_misc":{"Temps estimat de lectura":"1 minut"},"schema":{"@context":"https:\/\/schema.org","@graph":[{"@type":"WebPage","@id":"https:\/\/artslibris.cat\/ca\/tienda\/pensamiento-ca\/shanzhai-el-arte-de-la-falsificacion-y-la-deconstruccion-en-china\/","url":"https:\/\/artslibris.cat\/ca\/tienda\/pensamiento-ca\/shanzhai-el-arte-de-la-falsificacion-y-la-deconstruccion-en-china\/","name":"Shanzhai. El arte de la falsificaci\u00f3n y la deconstrucci\u00f3n en China - ArtsLibris","isPartOf":{"@id":"https:\/\/artslibris.cat\/ca\/#website"},"primaryImageOfPage":{"@id":"https:\/\/artslibris.cat\/ca\/tienda\/pensamiento-ca\/shanzhai-el-arte-de-la-falsificacion-y-la-deconstruccion-en-china\/#primaryimage"},"image":{"@id":"https:\/\/artslibris.cat\/ca\/tienda\/pensamiento-ca\/shanzhai-el-arte-de-la-falsificacion-y-la-deconstruccion-en-china\/#primaryimage"},"thumbnailUrl":"https:\/\/artslibris.cat\/wp-content\/uploads\/2021\/02\/ArtsLibris_Shanzhai_el_arte_de_la_falsificacion_Caja_negra.jpeg","datePublished":"2021-02-17T18:58:26+00:00","description":"Botiga ArtsLibris - Shanzhai. El arte de la falsificaci\u00f3n y la deconstrucci\u00f3n en China - Byung-Chul Han - Caja Negra","breadcrumb":{"@id":"https:\/\/artslibris.cat\/ca\/tienda\/pensamiento-ca\/shanzhai-el-arte-de-la-falsificacion-y-la-deconstruccion-en-china\/#breadcrumb"},"inLanguage":"ca","potentialAction":[{"@type":"ReadAction","target":["https:\/\/artslibris.cat\/ca\/tienda\/pensamiento-ca\/shanzhai-el-arte-de-la-falsificacion-y-la-deconstruccion-en-china\/"]}]},{"@type":"ImageObject","inLanguage":"ca","@id":"https:\/\/artslibris.cat\/ca\/tienda\/pensamiento-ca\/shanzhai-el-arte-de-la-falsificacion-y-la-deconstruccion-en-china\/#primaryimage","url":"https:\/\/artslibris.cat\/wp-content\/uploads\/2021\/02\/ArtsLibris_Shanzhai_el_arte_de_la_falsificacion_Caja_negra.jpeg","contentUrl":"https:\/\/artslibris.cat\/wp-content\/uploads\/2021\/02\/ArtsLibris_Shanzhai_el_arte_de_la_falsificacion_Caja_negra.jpeg","width":692,"height":1080},{"@type":"BreadcrumbList","@id":"https:\/\/artslibris.cat\/ca\/tienda\/pensamiento-ca\/shanzhai-el-arte-de-la-falsificacion-y-la-deconstruccion-en-china\/#breadcrumb","itemListElement":[{"@type":"ListItem","position":1,"name":"Portada","item":"https:\/\/artslibris.cat\/ca\/"},{"@type":"ListItem","position":2,"name":"Tenda","item":"https:\/\/artslibris.cat\/ca\/tenda\/"},{"@type":"ListItem","position":3,"name":"Shanzhai. El arte de la falsificaci\u00f3n y la deconstrucci\u00f3n en China"}]},{"@type":"WebSite","@id":"https:\/\/artslibris.cat\/ca\/#website","url":"https:\/\/artslibris.cat\/ca\/","name":"ArtsLibris","description":"","publisher":{"@id":"https:\/\/artslibris.cat\/ca\/#organization"},"potentialAction":[{"@type":"SearchAction","target":{"@type":"EntryPoint","urlTemplate":"https:\/\/artslibris.cat\/ca\/?s={search_term_string}"},"query-input":{"@type":"PropertyValueSpecification","valueRequired":true,"valueName":"search_term_string"}}],"inLanguage":"ca"},{"@type":"Organization","@id":"https:\/\/artslibris.cat\/ca\/#organization","name":"ArtsLibris","url":"https:\/\/artslibris.cat\/ca\/","logo":{"@type":"ImageObject","inLanguage":"ca","@id":"https:\/\/artslibris.cat\/ca\/#\/schema\/logo\/image\/","url":"https:\/\/artslibris.cat\/wp-content\/uploads\/2020\/05\/ArtsLibris-logo-black.svg","contentUrl":"https:\/\/artslibris.cat\/wp-content\/uploads\/2020\/05\/ArtsLibris-logo-black.svg","width":521,"height":85,"caption":"ArtsLibris"},"image":{"@id":"https:\/\/artslibris.cat\/ca\/#\/schema\/logo\/image\/"},"sameAs":["https:\/\/www.facebook.com\/artslibris\/","https:\/\/x.com\/ArtsLibris","https:\/\/www.instagram.com\/artslibris\/"]}]}},"_links":{"self":[{"href":"https:\/\/artslibris.cat\/ca\/wp-json\/wp\/v2\/product\/7705","targetHints":{"allow":["GET"]}}],"collection":[{"href":"https:\/\/artslibris.cat\/ca\/wp-json\/wp\/v2\/product"}],"about":[{"href":"https:\/\/artslibris.cat\/ca\/wp-json\/wp\/v2\/types\/product"}],"wp:featuredmedia":[{"embeddable":true,"href":"https:\/\/artslibris.cat\/ca\/wp-json\/wp\/v2\/media\/7572"}],"wp:attachment":[{"href":"https:\/\/artslibris.cat\/ca\/wp-json\/wp\/v2\/media?parent=7705"}],"wp:term":[{"taxonomy":"product_brand","embeddable":true,"href":"https:\/\/artslibris.cat\/ca\/wp-json\/wp\/v2\/product_brand?post=7705"},{"taxonomy":"product_cat","embeddable":true,"href":"https:\/\/artslibris.cat\/ca\/wp-json\/wp\/v2\/product_cat?post=7705"},{"taxonomy":"product_tag","embeddable":true,"href":"https:\/\/artslibris.cat\/ca\/wp-json\/wp\/v2\/product_tag?post=7705"}],"curies":[{"name":"wp","href":"https:\/\/api.w.org\/{rel}","templated":true}]}}