{"id":7704,"date":"2021-02-17T18:56:05","date_gmt":"2021-02-17T18:56:05","guid":{"rendered":"https:\/\/artslibris.cat\/tienda\/Sense categoria\/la-promesa-de-la-felicidad-una-critica-cultural-al-imperativo-de-la-alegria\/"},"modified":"2021-02-17T18:56:05","modified_gmt":"2021-02-17T18:56:05","slug":"la-promesa-de-la-felicidad-una-critica-cultural-al-imperativo-de-la-alegria","status":"publish","type":"product","link":"https:\/\/artslibris.cat\/ca\/tienda\/pensamiento-ca\/la-promesa-de-la-felicidad-una-critica-cultural-al-imperativo-de-la-alegria\/","title":{"rendered":"La promesa de la felicidad. Una cr\u00edtica cultural al imperativo de la alegr\u00eda"},"content":{"rendered":"<div class=\"traductor-textarea form-group\">\n<div class=\"textarea-desti col-xs-12 col-sm-6\">\n<div class=\"form-control second-textarea\">En els \u00faltims anys la noci\u00f3 de &#8220;felicitat&#8221; ha adquirit una preponder\u00e0ncia inusitada en tots els \u00e0mbits de les nostres vides. Els governs la introdueixen com a promesa de campanya i els mitjans de comunicaci\u00f3 divulguen \u00edndexs que pretenen mesurar-la. L&#8217;\u00e8xit de les t\u00e8cniques del bon viure i dels llibres d&#8217;autoajuda contribueixen a instal\u00b7lar el discurs de l&#8217;entusiasme, la voluntat i la superaci\u00f3 amb el pes d&#8217;un imperatiu. Per a Sara Ahmed \u00e9s important parar esment a aquest fenomen i dilucidar de quina manera el mandat de la felicitat actua com una t\u00e8cnica disciplin\u00e0ria que organitza el nostre m\u00f3n i adre\u00e7a les nostres conductes. La pregunta que guiar\u00e0 aquesta recerca no ser\u00e0 qu\u00e8 \u00e9s la felicitat, sin\u00f3 m\u00e9s aviat qu\u00e8 \u00e9s el que produeix, especialment quan es manifesta com una promesa. En apar\u00e8ixer sempre associada a determinades eleccions de vida i no a unes altres, la felicitat compleix una funci\u00f3 pedag\u00f2gica, que legitima unes certes maneres &#8220;correctes&#8221; de viure i condemna aquells que es desvien de la norma. Aquesta tesi, provinent d&#8217;un c\u00famul de sabers feministes i queers que consideren que en una cosa tan \u00edntima com els sentiments s&#8217;expressen relacions de poder, ens permet tirar llum sobre el potencial pol\u00edtic del malestar. En la incomoditat que experimenten aquelles persones per a les quals el benestar estaria negat -que Ahmed aborda en les figures de les feministes desbaratadores, lxs queers infelices, els immigrants melanc\u00f2lics i els revolucionaris desil\u00b7lusionats- i en el seu rebuig a sentir optimisme per &#8220;la senda adequada&#8221;, ni la clau per a imaginar una ontologia pol\u00edtica de la desviaci\u00f3, que ja no imposi un horitz\u00f3 normatiu de felicitat com el punt d&#8217;arribada necessari de l&#8217;acci\u00f3 humana. Des d&#8217;aquesta perspectiva, el sofriment i la inadequaci\u00f3 no serien obstacles a superar, sin\u00f3 la petjada d&#8217;una negativitat sempre present que ens desafia cada vegada a imaginar nous mons possibles.<\/div>\n<\/div>\n<\/div>\n","protected":false},"excerpt":{"rendered":"<p>T\u00edtol: La promesa de la felicidad. Una cr\u00edtica cultural al imperativo de la alegr\u00eda.<br \/>\nEditorial: Caja Negra.<br \/>\nAutor: Sara Ahmed.<br \/>\nCiutat de publicaci\u00f3: Buenos Aires.<br \/>\nAny de publicaci\u00f3: 2019.<br \/>\nP\u00e0gines: 464.<br \/>\nMides: 12 x 19.<br \/>\nISBN: 978-987-1622-71-9.<\/p>\n","protected":false},"featured_media":7569,"template":"","meta":{"_acf_changed":false,"site-sidebar-layout":"default","site-content-layout":"default","ast-site-content-layout":"default","site-content-style":"default","site-sidebar-style":"default","ast-global-header-display":"","ast-banner-title-visibility":"","ast-main-header-display":"","ast-hfb-above-header-display":"","ast-hfb-below-header-display":"","ast-hfb-mobile-header-display":"","site-post-title":"","ast-breadcrumbs-content":"","ast-featured-img":"","footer-sml-layout":"","ast-disable-related-posts":"","theme-transparent-header-meta":"default","adv-header-id-meta":"","stick-header-meta":"","header-above-stick-meta":"","header-main-stick-meta":"","header-below-stick-meta":"","astra-migrate-meta-layouts":"default","ast-page-background-enabled":"default","ast-page-background-meta":{"desktop":{"background-color":"","background-image":"","background-repeat":"repeat","background-position":"center center","background-size":"auto","background-attachment":"scroll","background-type":"","background-media":"","overlay-type":"","overlay-color":"","overlay-opacity":"","overlay-gradient":""},"tablet":{"background-color":"","background-image":"","background-repeat":"repeat","background-position":"center center","background-size":"auto","background-attachment":"scroll","background-type":"","background-media":"","overlay-type":"","overlay-color":"","overlay-opacity":"","overlay-gradient":""},"mobile":{"background-color":"","background-image":"","background-repeat":"repeat","background-position":"center center","background-size":"auto","background-attachment":"scroll","background-type":"","background-media":"","overlay-type":"","overlay-color":"","overlay-opacity":"","overlay-gradient":""}},"ast-content-background-meta":{"desktop":{"background-color":"var(--ast-global-color-5)","background-image":"","background-repeat":"repeat","background-position":"center center","background-size":"auto","background-attachment":"scroll","background-type":"","background-media":"","overlay-type":"","overlay-color":"","overlay-opacity":"","overlay-gradient":""},"tablet":{"background-color":"var(--ast-global-color-5)","background-image":"","background-repeat":"repeat","background-position":"center center","background-size":"auto","background-attachment":"scroll","background-type":"","background-media":"","overlay-type":"","overlay-color":"","overlay-opacity":"","overlay-gradient":""},"mobile":{"background-color":"var(--ast-global-color-5)","background-image":"","background-repeat":"repeat","background-position":"center center","background-size":"auto","background-attachment":"scroll","background-type":"","background-media":"","overlay-type":"","overlay-color":"","overlay-opacity":"","overlay-gradient":""}}},"product_brand":[],"product_cat":[82],"product_tag":[208],"class_list":{"0":"post-7704","1":"product","2":"type-product","3":"status-publish","4":"has-post-thumbnail","6":"product_cat-pensamiento-ca","7":"product_tag-caja-negra-ca","8":"desktop-align-left","9":"tablet-align-left","10":"mobile-align-left","12":"first","13":"outofstock","14":"shipping-taxable","15":"purchasable","16":"product-type-simple"},"acf":[],"yoast_head":"<!-- This site is optimized with the Yoast SEO plugin v27.1.1 - https:\/\/yoast.com\/product\/yoast-seo-wordpress\/ -->\n<title>La promesa de la felicidad. Una cr\u00edtica cultural al imperativo de la alegr\u00eda - ArtsLibris<\/title>\n<meta name=\"description\" content=\"Botiga ArtsLibris - La promesa de la felicidad. Una cr\u00edtica cultural al imperativo de la alegr\u00eda - Sara Ahmed - Caja Negra\" \/>\n<meta name=\"robots\" content=\"index, follow, max-snippet:-1, max-image-preview:large, max-video-preview:-1\" \/>\n<link rel=\"canonical\" href=\"https:\/\/artslibris.cat\/ca\/tienda\/pensamiento-ca\/la-promesa-de-la-felicidad-una-critica-cultural-al-imperativo-de-la-alegria\/\" \/>\n<meta property=\"og:locale\" content=\"ca_ES\" \/>\n<meta property=\"og:type\" content=\"article\" \/>\n<meta property=\"og:title\" content=\"La promesa de la felicidad. Una cr\u00edtica cultural al imperativo de la alegr\u00eda - ArtsLibris\" \/>\n<meta property=\"og:description\" content=\"Botiga ArtsLibris - La promesa de la felicidad. Una cr\u00edtica cultural al imperativo de la alegr\u00eda - Sara Ahmed - Caja Negra\" \/>\n<meta property=\"og:url\" content=\"https:\/\/artslibris.cat\/ca\/tienda\/pensamiento-ca\/la-promesa-de-la-felicidad-una-critica-cultural-al-imperativo-de-la-alegria\/\" \/>\n<meta property=\"og:site_name\" content=\"ArtsLibris\" \/>\n<meta property=\"article:publisher\" content=\"https:\/\/www.facebook.com\/artslibris\/\" \/>\n<meta property=\"og:image\" content=\"https:\/\/artslibris.cat\/wp-content\/uploads\/2021\/02\/ArtsLibris_la_promesa_de_la_felicidad_caja_negra_AHMED_alta.jpg\" \/>\n\t<meta property=\"og:image:width\" content=\"692\" \/>\n\t<meta property=\"og:image:height\" content=\"1080\" \/>\n\t<meta property=\"og:image:type\" content=\"image\/jpeg\" \/>\n<meta name=\"twitter:card\" content=\"summary_large_image\" \/>\n<meta name=\"twitter:site\" content=\"@ArtsLibris\" \/>\n<meta name=\"twitter:label1\" content=\"Temps estimat de lectura\" \/>\n\t<meta name=\"twitter:data1\" content=\"2 minuts\" \/>\n<script type=\"application\/ld+json\" class=\"yoast-schema-graph\">{\"@context\":\"https:\/\/schema.org\",\"@graph\":[{\"@type\":\"WebPage\",\"@id\":\"https:\/\/artslibris.cat\/ca\/tienda\/pensamiento-ca\/la-promesa-de-la-felicidad-una-critica-cultural-al-imperativo-de-la-alegria\/\",\"url\":\"https:\/\/artslibris.cat\/ca\/tienda\/pensamiento-ca\/la-promesa-de-la-felicidad-una-critica-cultural-al-imperativo-de-la-alegria\/\",\"name\":\"La promesa de la felicidad. Una cr\u00edtica cultural al imperativo de la alegr\u00eda - ArtsLibris\",\"isPartOf\":{\"@id\":\"https:\/\/artslibris.cat\/ca\/#website\"},\"primaryImageOfPage\":{\"@id\":\"https:\/\/artslibris.cat\/ca\/tienda\/pensamiento-ca\/la-promesa-de-la-felicidad-una-critica-cultural-al-imperativo-de-la-alegria\/#primaryimage\"},\"image\":{\"@id\":\"https:\/\/artslibris.cat\/ca\/tienda\/pensamiento-ca\/la-promesa-de-la-felicidad-una-critica-cultural-al-imperativo-de-la-alegria\/#primaryimage\"},\"thumbnailUrl\":\"https:\/\/artslibris.cat\/wp-content\/uploads\/2021\/02\/ArtsLibris_la_promesa_de_la_felicidad_caja_negra_AHMED_alta.jpg\",\"datePublished\":\"2021-02-17T18:56:05+00:00\",\"description\":\"Botiga ArtsLibris - La promesa de la felicidad. Una cr\u00edtica cultural al imperativo de la alegr\u00eda - Sara Ahmed - Caja Negra\",\"breadcrumb\":{\"@id\":\"https:\/\/artslibris.cat\/ca\/tienda\/pensamiento-ca\/la-promesa-de-la-felicidad-una-critica-cultural-al-imperativo-de-la-alegria\/#breadcrumb\"},\"inLanguage\":\"ca\",\"potentialAction\":[{\"@type\":\"ReadAction\",\"target\":[\"https:\/\/artslibris.cat\/ca\/tienda\/pensamiento-ca\/la-promesa-de-la-felicidad-una-critica-cultural-al-imperativo-de-la-alegria\/\"]}]},{\"@type\":\"ImageObject\",\"inLanguage\":\"ca\",\"@id\":\"https:\/\/artslibris.cat\/ca\/tienda\/pensamiento-ca\/la-promesa-de-la-felicidad-una-critica-cultural-al-imperativo-de-la-alegria\/#primaryimage\",\"url\":\"https:\/\/artslibris.cat\/wp-content\/uploads\/2021\/02\/ArtsLibris_la_promesa_de_la_felicidad_caja_negra_AHMED_alta.jpg\",\"contentUrl\":\"https:\/\/artslibris.cat\/wp-content\/uploads\/2021\/02\/ArtsLibris_la_promesa_de_la_felicidad_caja_negra_AHMED_alta.jpg\",\"width\":692,\"height\":1080},{\"@type\":\"BreadcrumbList\",\"@id\":\"https:\/\/artslibris.cat\/ca\/tienda\/pensamiento-ca\/la-promesa-de-la-felicidad-una-critica-cultural-al-imperativo-de-la-alegria\/#breadcrumb\",\"itemListElement\":[{\"@type\":\"ListItem\",\"position\":1,\"name\":\"Portada\",\"item\":\"https:\/\/artslibris.cat\/ca\/\"},{\"@type\":\"ListItem\",\"position\":2,\"name\":\"Tenda\",\"item\":\"https:\/\/artslibris.cat\/ca\/tenda\/\"},{\"@type\":\"ListItem\",\"position\":3,\"name\":\"La promesa de la felicidad. Una cr\u00edtica cultural al imperativo de la alegr\u00eda\"}]},{\"@type\":\"WebSite\",\"@id\":\"https:\/\/artslibris.cat\/ca\/#website\",\"url\":\"https:\/\/artslibris.cat\/ca\/\",\"name\":\"ArtsLibris\",\"description\":\"\",\"publisher\":{\"@id\":\"https:\/\/artslibris.cat\/ca\/#organization\"},\"potentialAction\":[{\"@type\":\"SearchAction\",\"target\":{\"@type\":\"EntryPoint\",\"urlTemplate\":\"https:\/\/artslibris.cat\/ca\/?s={search_term_string}\"},\"query-input\":{\"@type\":\"PropertyValueSpecification\",\"valueRequired\":true,\"valueName\":\"search_term_string\"}}],\"inLanguage\":\"ca\"},{\"@type\":\"Organization\",\"@id\":\"https:\/\/artslibris.cat\/ca\/#organization\",\"name\":\"ArtsLibris\",\"url\":\"https:\/\/artslibris.cat\/ca\/\",\"logo\":{\"@type\":\"ImageObject\",\"inLanguage\":\"ca\",\"@id\":\"https:\/\/artslibris.cat\/ca\/#\/schema\/logo\/image\/\",\"url\":\"https:\/\/artslibris.cat\/wp-content\/uploads\/2020\/05\/ArtsLibris-logo-black.svg\",\"contentUrl\":\"https:\/\/artslibris.cat\/wp-content\/uploads\/2020\/05\/ArtsLibris-logo-black.svg\",\"width\":521,\"height\":85,\"caption\":\"ArtsLibris\"},\"image\":{\"@id\":\"https:\/\/artslibris.cat\/ca\/#\/schema\/logo\/image\/\"},\"sameAs\":[\"https:\/\/www.facebook.com\/artslibris\/\",\"https:\/\/x.com\/ArtsLibris\",\"https:\/\/www.instagram.com\/artslibris\/\"]}]}<\/script>\n<!-- \/ Yoast SEO plugin. -->","yoast_head_json":{"title":"La promesa de la felicidad. Una cr\u00edtica cultural al imperativo de la alegr\u00eda - ArtsLibris","description":"Botiga ArtsLibris - La promesa de la felicidad. Una cr\u00edtica cultural al imperativo de la alegr\u00eda - Sara Ahmed - Caja Negra","robots":{"index":"index","follow":"follow","max-snippet":"max-snippet:-1","max-image-preview":"max-image-preview:large","max-video-preview":"max-video-preview:-1"},"canonical":"https:\/\/artslibris.cat\/ca\/tienda\/pensamiento-ca\/la-promesa-de-la-felicidad-una-critica-cultural-al-imperativo-de-la-alegria\/","og_locale":"ca_ES","og_type":"article","og_title":"La promesa de la felicidad. Una cr\u00edtica cultural al imperativo de la alegr\u00eda - ArtsLibris","og_description":"Botiga ArtsLibris - La promesa de la felicidad. Una cr\u00edtica cultural al imperativo de la alegr\u00eda - Sara Ahmed - Caja Negra","og_url":"https:\/\/artslibris.cat\/ca\/tienda\/pensamiento-ca\/la-promesa-de-la-felicidad-una-critica-cultural-al-imperativo-de-la-alegria\/","og_site_name":"ArtsLibris","article_publisher":"https:\/\/www.facebook.com\/artslibris\/","og_image":[{"width":692,"height":1080,"url":"https:\/\/artslibris.cat\/wp-content\/uploads\/2021\/02\/ArtsLibris_la_promesa_de_la_felicidad_caja_negra_AHMED_alta.jpg","type":"image\/jpeg"}],"twitter_card":"summary_large_image","twitter_site":"@ArtsLibris","twitter_misc":{"Temps estimat de lectura":"2 minuts"},"schema":{"@context":"https:\/\/schema.org","@graph":[{"@type":"WebPage","@id":"https:\/\/artslibris.cat\/ca\/tienda\/pensamiento-ca\/la-promesa-de-la-felicidad-una-critica-cultural-al-imperativo-de-la-alegria\/","url":"https:\/\/artslibris.cat\/ca\/tienda\/pensamiento-ca\/la-promesa-de-la-felicidad-una-critica-cultural-al-imperativo-de-la-alegria\/","name":"La promesa de la felicidad. Una cr\u00edtica cultural al imperativo de la alegr\u00eda - ArtsLibris","isPartOf":{"@id":"https:\/\/artslibris.cat\/ca\/#website"},"primaryImageOfPage":{"@id":"https:\/\/artslibris.cat\/ca\/tienda\/pensamiento-ca\/la-promesa-de-la-felicidad-una-critica-cultural-al-imperativo-de-la-alegria\/#primaryimage"},"image":{"@id":"https:\/\/artslibris.cat\/ca\/tienda\/pensamiento-ca\/la-promesa-de-la-felicidad-una-critica-cultural-al-imperativo-de-la-alegria\/#primaryimage"},"thumbnailUrl":"https:\/\/artslibris.cat\/wp-content\/uploads\/2021\/02\/ArtsLibris_la_promesa_de_la_felicidad_caja_negra_AHMED_alta.jpg","datePublished":"2021-02-17T18:56:05+00:00","description":"Botiga ArtsLibris - La promesa de la felicidad. Una cr\u00edtica cultural al imperativo de la alegr\u00eda - Sara Ahmed - Caja Negra","breadcrumb":{"@id":"https:\/\/artslibris.cat\/ca\/tienda\/pensamiento-ca\/la-promesa-de-la-felicidad-una-critica-cultural-al-imperativo-de-la-alegria\/#breadcrumb"},"inLanguage":"ca","potentialAction":[{"@type":"ReadAction","target":["https:\/\/artslibris.cat\/ca\/tienda\/pensamiento-ca\/la-promesa-de-la-felicidad-una-critica-cultural-al-imperativo-de-la-alegria\/"]}]},{"@type":"ImageObject","inLanguage":"ca","@id":"https:\/\/artslibris.cat\/ca\/tienda\/pensamiento-ca\/la-promesa-de-la-felicidad-una-critica-cultural-al-imperativo-de-la-alegria\/#primaryimage","url":"https:\/\/artslibris.cat\/wp-content\/uploads\/2021\/02\/ArtsLibris_la_promesa_de_la_felicidad_caja_negra_AHMED_alta.jpg","contentUrl":"https:\/\/artslibris.cat\/wp-content\/uploads\/2021\/02\/ArtsLibris_la_promesa_de_la_felicidad_caja_negra_AHMED_alta.jpg","width":692,"height":1080},{"@type":"BreadcrumbList","@id":"https:\/\/artslibris.cat\/ca\/tienda\/pensamiento-ca\/la-promesa-de-la-felicidad-una-critica-cultural-al-imperativo-de-la-alegria\/#breadcrumb","itemListElement":[{"@type":"ListItem","position":1,"name":"Portada","item":"https:\/\/artslibris.cat\/ca\/"},{"@type":"ListItem","position":2,"name":"Tenda","item":"https:\/\/artslibris.cat\/ca\/tenda\/"},{"@type":"ListItem","position":3,"name":"La promesa de la felicidad. Una cr\u00edtica cultural al imperativo de la alegr\u00eda"}]},{"@type":"WebSite","@id":"https:\/\/artslibris.cat\/ca\/#website","url":"https:\/\/artslibris.cat\/ca\/","name":"ArtsLibris","description":"","publisher":{"@id":"https:\/\/artslibris.cat\/ca\/#organization"},"potentialAction":[{"@type":"SearchAction","target":{"@type":"EntryPoint","urlTemplate":"https:\/\/artslibris.cat\/ca\/?s={search_term_string}"},"query-input":{"@type":"PropertyValueSpecification","valueRequired":true,"valueName":"search_term_string"}}],"inLanguage":"ca"},{"@type":"Organization","@id":"https:\/\/artslibris.cat\/ca\/#organization","name":"ArtsLibris","url":"https:\/\/artslibris.cat\/ca\/","logo":{"@type":"ImageObject","inLanguage":"ca","@id":"https:\/\/artslibris.cat\/ca\/#\/schema\/logo\/image\/","url":"https:\/\/artslibris.cat\/wp-content\/uploads\/2020\/05\/ArtsLibris-logo-black.svg","contentUrl":"https:\/\/artslibris.cat\/wp-content\/uploads\/2020\/05\/ArtsLibris-logo-black.svg","width":521,"height":85,"caption":"ArtsLibris"},"image":{"@id":"https:\/\/artslibris.cat\/ca\/#\/schema\/logo\/image\/"},"sameAs":["https:\/\/www.facebook.com\/artslibris\/","https:\/\/x.com\/ArtsLibris","https:\/\/www.instagram.com\/artslibris\/"]}]}},"_links":{"self":[{"href":"https:\/\/artslibris.cat\/ca\/wp-json\/wp\/v2\/product\/7704","targetHints":{"allow":["GET"]}}],"collection":[{"href":"https:\/\/artslibris.cat\/ca\/wp-json\/wp\/v2\/product"}],"about":[{"href":"https:\/\/artslibris.cat\/ca\/wp-json\/wp\/v2\/types\/product"}],"wp:featuredmedia":[{"embeddable":true,"href":"https:\/\/artslibris.cat\/ca\/wp-json\/wp\/v2\/media\/7569"}],"wp:attachment":[{"href":"https:\/\/artslibris.cat\/ca\/wp-json\/wp\/v2\/media?parent=7704"}],"wp:term":[{"taxonomy":"product_brand","embeddable":true,"href":"https:\/\/artslibris.cat\/ca\/wp-json\/wp\/v2\/product_brand?post=7704"},{"taxonomy":"product_cat","embeddable":true,"href":"https:\/\/artslibris.cat\/ca\/wp-json\/wp\/v2\/product_cat?post=7704"},{"taxonomy":"product_tag","embeddable":true,"href":"https:\/\/artslibris.cat\/ca\/wp-json\/wp\/v2\/product_tag?post=7704"}],"curies":[{"name":"wp","href":"https:\/\/api.w.org\/{rel}","templated":true}]}}