{"id":6199,"date":"2021-01-29T18:05:48","date_gmt":"2021-02-02T17:15:34","guid":{"rendered":"https:\/\/artslibris.cat\/?post_type=product&#038;p=6199"},"modified":"2021-02-11T19:00:44","modified_gmt":"2021-02-11T19:00:44","slug":"como-se-escreve-um-bicho","status":"publish","type":"product","link":"https:\/\/artslibris.cat\/ca\/tienda\/fotolibro-ca\/como-se-escreve-um-bicho\/","title":{"rendered":"Como se escreve um bicho &#8211; Jo\u00e3o Oliveira y Kaula Cordier"},"content":{"rendered":"<p>Aquest llibre parteix d&#8217;una pregunta, una expiaci\u00f3 interrogativa, i construeix la seva narrativa precisament davant la impossibilitat de respondre-la. Creat a partir d&#8217;animals de pl\u00e0stic pressionats sobre paper, aquest divertit llibre d&#8217;objectes permet m\u00faltiples assemblatges, reconfiguracions i hist\u00f2ries.<\/p>\n","protected":false},"excerpt":{"rendered":"<p>T\u00edtol: Com es escreve um bestiola.<br \/>\nEditorial: RV Cultura e Art.<br \/>\nAutor: Jo\u00e3o Oliveira i Kaula Cordier.<br \/>\nAny de publicaci\u00f3: 2020.<br \/>\nMesura: 13x18cm.<br \/>\nP\u00e0gines: 58 impreses en ris\u00f3grafo.<br \/>\n100 exemplars numerats.<\/p>\n","protected":false},"featured_media":6152,"template":"","meta":{"_acf_changed":false,"site-sidebar-layout":"default","site-content-layout":"default","ast-site-content-layout":"default","site-content-style":"default","site-sidebar-style":"default","ast-global-header-display":"","ast-banner-title-visibility":"","ast-main-header-display":"","ast-hfb-above-header-display":"","ast-hfb-below-header-display":"","ast-hfb-mobile-header-display":"","site-post-title":"","ast-breadcrumbs-content":"","ast-featured-img":"","footer-sml-layout":"","ast-disable-related-posts":"","theme-transparent-header-meta":"default","adv-header-id-meta":"","stick-header-meta":"","header-above-stick-meta":"","header-main-stick-meta":"","header-below-stick-meta":"","astra-migrate-meta-layouts":"default","ast-page-background-enabled":"default","ast-page-background-meta":{"desktop":{"background-color":"","background-image":"","background-repeat":"repeat","background-position":"center center","background-size":"auto","background-attachment":"scroll","background-type":"","background-media":"","overlay-type":"","overlay-color":"","overlay-opacity":"","overlay-gradient":""},"tablet":{"background-color":"","background-image":"","background-repeat":"repeat","background-position":"center center","background-size":"auto","background-attachment":"scroll","background-type":"","background-media":"","overlay-type":"","overlay-color":"","overlay-opacity":"","overlay-gradient":""},"mobile":{"background-color":"","background-image":"","background-repeat":"repeat","background-position":"center center","background-size":"auto","background-attachment":"scroll","background-type":"","background-media":"","overlay-type":"","overlay-color":"","overlay-opacity":"","overlay-gradient":""}},"ast-content-background-meta":{"desktop":{"background-color":"var(--ast-global-color-5)","background-image":"","background-repeat":"repeat","background-position":"center center","background-size":"auto","background-attachment":"scroll","background-type":"","background-media":"","overlay-type":"","overlay-color":"","overlay-opacity":"","overlay-gradient":""},"tablet":{"background-color":"var(--ast-global-color-5)","background-image":"","background-repeat":"repeat","background-position":"center center","background-size":"auto","background-attachment":"scroll","background-type":"","background-media":"","overlay-type":"","overlay-color":"","overlay-opacity":"","overlay-gradient":""},"mobile":{"background-color":"var(--ast-global-color-5)","background-image":"","background-repeat":"repeat","background-position":"center center","background-size":"auto","background-attachment":"scroll","background-type":"","background-media":"","overlay-type":"","overlay-color":"","overlay-opacity":"","overlay-gradient":""}}},"product_brand":[],"product_cat":[88],"product_tag":[187],"class_list":{"0":"post-6199","1":"product","2":"type-product","3":"status-publish","4":"has-post-thumbnail","6":"product_cat-fotolibro-ca","7":"product_tag-rv-cultura-e-arte-ca","8":"desktop-align-left","9":"tablet-align-left","10":"mobile-align-left","12":"first","13":"instock","14":"shipping-taxable","15":"purchasable","16":"product-type-simple"},"acf":[],"yoast_head":"<!-- This site is optimized with the Yoast SEO plugin v27.1.1 - https:\/\/yoast.com\/product\/yoast-seo-wordpress\/ -->\n<title>Como se escreve um bicho - Jo\u00e3o Oliveira y Kaula Cordier - ArtsLibris<\/title>\n<meta name=\"description\" content=\"&quot;botiga Artslibris-como-se-escreve-um-bicho-rv-cultura-e-arte&quot;\" \/>\n<meta name=\"robots\" content=\"index, follow, max-snippet:-1, max-image-preview:large, max-video-preview:-1\" \/>\n<link rel=\"canonical\" href=\"https:\/\/artslibris.cat\/ca\/tienda\/fotolibro-ca\/como-se-escreve-um-bicho\/\" \/>\n<meta property=\"og:locale\" content=\"ca_ES\" \/>\n<meta property=\"og:type\" content=\"article\" \/>\n<meta property=\"og:title\" content=\"Como se escreve um bicho - Jo\u00e3o Oliveira y Kaula Cordier - ArtsLibris\" \/>\n<meta property=\"og:description\" content=\"&quot;botiga Artslibris-como-se-escreve-um-bicho-rv-cultura-e-arte&quot;\" \/>\n<meta property=\"og:url\" content=\"https:\/\/artslibris.cat\/ca\/tienda\/fotolibro-ca\/como-se-escreve-um-bicho\/\" \/>\n<meta property=\"og:site_name\" content=\"ArtsLibris\" \/>\n<meta property=\"article:publisher\" content=\"https:\/\/www.facebook.com\/artslibris\/\" \/>\n<meta property=\"article:modified_time\" content=\"2021-02-11T19:00:44+00:00\" \/>\n<meta property=\"og:image\" content=\"https:\/\/artslibris.cat\/wp-content\/uploads\/2021\/01\/ArtsLibris_comoseescreveumbicho1.jpg\" \/>\n\t<meta property=\"og:image:width\" content=\"1280\" \/>\n\t<meta property=\"og:image:height\" content=\"853\" \/>\n\t<meta property=\"og:image:type\" content=\"image\/jpeg\" \/>\n<meta name=\"twitter:card\" content=\"summary_large_image\" \/>\n<meta name=\"twitter:site\" content=\"@ArtsLibris\" \/>\n<script type=\"application\/ld+json\" class=\"yoast-schema-graph\">{\"@context\":\"https:\/\/schema.org\",\"@graph\":[{\"@type\":\"WebPage\",\"@id\":\"https:\/\/artslibris.cat\/ca\/tienda\/fotolibro-ca\/como-se-escreve-um-bicho\/\",\"url\":\"https:\/\/artslibris.cat\/ca\/tienda\/fotolibro-ca\/como-se-escreve-um-bicho\/\",\"name\":\"Como se escreve um bicho - Jo\u00e3o Oliveira y Kaula Cordier - ArtsLibris\",\"isPartOf\":{\"@id\":\"https:\/\/artslibris.cat\/ca\/#website\"},\"primaryImageOfPage\":{\"@id\":\"https:\/\/artslibris.cat\/ca\/tienda\/fotolibro-ca\/como-se-escreve-um-bicho\/#primaryimage\"},\"image\":{\"@id\":\"https:\/\/artslibris.cat\/ca\/tienda\/fotolibro-ca\/como-se-escreve-um-bicho\/#primaryimage\"},\"thumbnailUrl\":\"https:\/\/artslibris.cat\/wp-content\/uploads\/2021\/01\/ArtsLibris_comoseescreveumbicho1.jpg\",\"datePublished\":\"2021-02-02T17:15:34+00:00\",\"dateModified\":\"2021-02-11T19:00:44+00:00\",\"description\":\"\\\"botiga Artslibris-como-se-escreve-um-bicho-rv-cultura-e-arte\\\"\",\"breadcrumb\":{\"@id\":\"https:\/\/artslibris.cat\/ca\/tienda\/fotolibro-ca\/como-se-escreve-um-bicho\/#breadcrumb\"},\"inLanguage\":\"ca\",\"potentialAction\":[{\"@type\":\"ReadAction\",\"target\":[\"https:\/\/artslibris.cat\/ca\/tienda\/fotolibro-ca\/como-se-escreve-um-bicho\/\"]}]},{\"@type\":\"ImageObject\",\"inLanguage\":\"ca\",\"@id\":\"https:\/\/artslibris.cat\/ca\/tienda\/fotolibro-ca\/como-se-escreve-um-bicho\/#primaryimage\",\"url\":\"https:\/\/artslibris.cat\/wp-content\/uploads\/2021\/01\/ArtsLibris_comoseescreveumbicho1.jpg\",\"contentUrl\":\"https:\/\/artslibris.cat\/wp-content\/uploads\/2021\/01\/ArtsLibris_comoseescreveumbicho1.jpg\",\"width\":1280,\"height\":853},{\"@type\":\"BreadcrumbList\",\"@id\":\"https:\/\/artslibris.cat\/ca\/tienda\/fotolibro-ca\/como-se-escreve-um-bicho\/#breadcrumb\",\"itemListElement\":[{\"@type\":\"ListItem\",\"position\":1,\"name\":\"Portada\",\"item\":\"https:\/\/artslibris.cat\/ca\/\"},{\"@type\":\"ListItem\",\"position\":2,\"name\":\"Tenda\",\"item\":\"https:\/\/artslibris.cat\/ca\/tenda\/\"},{\"@type\":\"ListItem\",\"position\":3,\"name\":\"Como se escreve um bicho &#8211; Jo\u00e3o Oliveira y Kaula Cordier\"}]},{\"@type\":\"WebSite\",\"@id\":\"https:\/\/artslibris.cat\/ca\/#website\",\"url\":\"https:\/\/artslibris.cat\/ca\/\",\"name\":\"ArtsLibris\",\"description\":\"\",\"publisher\":{\"@id\":\"https:\/\/artslibris.cat\/ca\/#organization\"},\"potentialAction\":[{\"@type\":\"SearchAction\",\"target\":{\"@type\":\"EntryPoint\",\"urlTemplate\":\"https:\/\/artslibris.cat\/ca\/?s={search_term_string}\"},\"query-input\":{\"@type\":\"PropertyValueSpecification\",\"valueRequired\":true,\"valueName\":\"search_term_string\"}}],\"inLanguage\":\"ca\"},{\"@type\":\"Organization\",\"@id\":\"https:\/\/artslibris.cat\/ca\/#organization\",\"name\":\"ArtsLibris\",\"url\":\"https:\/\/artslibris.cat\/ca\/\",\"logo\":{\"@type\":\"ImageObject\",\"inLanguage\":\"ca\",\"@id\":\"https:\/\/artslibris.cat\/ca\/#\/schema\/logo\/image\/\",\"url\":\"https:\/\/artslibris.cat\/wp-content\/uploads\/2020\/05\/ArtsLibris-logo-black.svg\",\"contentUrl\":\"https:\/\/artslibris.cat\/wp-content\/uploads\/2020\/05\/ArtsLibris-logo-black.svg\",\"width\":521,\"height\":85,\"caption\":\"ArtsLibris\"},\"image\":{\"@id\":\"https:\/\/artslibris.cat\/ca\/#\/schema\/logo\/image\/\"},\"sameAs\":[\"https:\/\/www.facebook.com\/artslibris\/\",\"https:\/\/x.com\/ArtsLibris\",\"https:\/\/www.instagram.com\/artslibris\/\"]}]}<\/script>\n<!-- \/ Yoast SEO plugin. -->","yoast_head_json":{"title":"Como se escreve um bicho - Jo\u00e3o Oliveira y Kaula Cordier - ArtsLibris","description":"\"botiga Artslibris-como-se-escreve-um-bicho-rv-cultura-e-arte\"","robots":{"index":"index","follow":"follow","max-snippet":"max-snippet:-1","max-image-preview":"max-image-preview:large","max-video-preview":"max-video-preview:-1"},"canonical":"https:\/\/artslibris.cat\/ca\/tienda\/fotolibro-ca\/como-se-escreve-um-bicho\/","og_locale":"ca_ES","og_type":"article","og_title":"Como se escreve um bicho - Jo\u00e3o Oliveira y Kaula Cordier - ArtsLibris","og_description":"\"botiga Artslibris-como-se-escreve-um-bicho-rv-cultura-e-arte\"","og_url":"https:\/\/artslibris.cat\/ca\/tienda\/fotolibro-ca\/como-se-escreve-um-bicho\/","og_site_name":"ArtsLibris","article_publisher":"https:\/\/www.facebook.com\/artslibris\/","article_modified_time":"2021-02-11T19:00:44+00:00","og_image":[{"width":1280,"height":853,"url":"https:\/\/artslibris.cat\/wp-content\/uploads\/2021\/01\/ArtsLibris_comoseescreveumbicho1.jpg","type":"image\/jpeg"}],"twitter_card":"summary_large_image","twitter_site":"@ArtsLibris","schema":{"@context":"https:\/\/schema.org","@graph":[{"@type":"WebPage","@id":"https:\/\/artslibris.cat\/ca\/tienda\/fotolibro-ca\/como-se-escreve-um-bicho\/","url":"https:\/\/artslibris.cat\/ca\/tienda\/fotolibro-ca\/como-se-escreve-um-bicho\/","name":"Como se escreve um bicho - Jo\u00e3o Oliveira y Kaula Cordier - ArtsLibris","isPartOf":{"@id":"https:\/\/artslibris.cat\/ca\/#website"},"primaryImageOfPage":{"@id":"https:\/\/artslibris.cat\/ca\/tienda\/fotolibro-ca\/como-se-escreve-um-bicho\/#primaryimage"},"image":{"@id":"https:\/\/artslibris.cat\/ca\/tienda\/fotolibro-ca\/como-se-escreve-um-bicho\/#primaryimage"},"thumbnailUrl":"https:\/\/artslibris.cat\/wp-content\/uploads\/2021\/01\/ArtsLibris_comoseescreveumbicho1.jpg","datePublished":"2021-02-02T17:15:34+00:00","dateModified":"2021-02-11T19:00:44+00:00","description":"\"botiga Artslibris-como-se-escreve-um-bicho-rv-cultura-e-arte\"","breadcrumb":{"@id":"https:\/\/artslibris.cat\/ca\/tienda\/fotolibro-ca\/como-se-escreve-um-bicho\/#breadcrumb"},"inLanguage":"ca","potentialAction":[{"@type":"ReadAction","target":["https:\/\/artslibris.cat\/ca\/tienda\/fotolibro-ca\/como-se-escreve-um-bicho\/"]}]},{"@type":"ImageObject","inLanguage":"ca","@id":"https:\/\/artslibris.cat\/ca\/tienda\/fotolibro-ca\/como-se-escreve-um-bicho\/#primaryimage","url":"https:\/\/artslibris.cat\/wp-content\/uploads\/2021\/01\/ArtsLibris_comoseescreveumbicho1.jpg","contentUrl":"https:\/\/artslibris.cat\/wp-content\/uploads\/2021\/01\/ArtsLibris_comoseescreveumbicho1.jpg","width":1280,"height":853},{"@type":"BreadcrumbList","@id":"https:\/\/artslibris.cat\/ca\/tienda\/fotolibro-ca\/como-se-escreve-um-bicho\/#breadcrumb","itemListElement":[{"@type":"ListItem","position":1,"name":"Portada","item":"https:\/\/artslibris.cat\/ca\/"},{"@type":"ListItem","position":2,"name":"Tenda","item":"https:\/\/artslibris.cat\/ca\/tenda\/"},{"@type":"ListItem","position":3,"name":"Como se escreve um bicho &#8211; Jo\u00e3o Oliveira y Kaula Cordier"}]},{"@type":"WebSite","@id":"https:\/\/artslibris.cat\/ca\/#website","url":"https:\/\/artslibris.cat\/ca\/","name":"ArtsLibris","description":"","publisher":{"@id":"https:\/\/artslibris.cat\/ca\/#organization"},"potentialAction":[{"@type":"SearchAction","target":{"@type":"EntryPoint","urlTemplate":"https:\/\/artslibris.cat\/ca\/?s={search_term_string}"},"query-input":{"@type":"PropertyValueSpecification","valueRequired":true,"valueName":"search_term_string"}}],"inLanguage":"ca"},{"@type":"Organization","@id":"https:\/\/artslibris.cat\/ca\/#organization","name":"ArtsLibris","url":"https:\/\/artslibris.cat\/ca\/","logo":{"@type":"ImageObject","inLanguage":"ca","@id":"https:\/\/artslibris.cat\/ca\/#\/schema\/logo\/image\/","url":"https:\/\/artslibris.cat\/wp-content\/uploads\/2020\/05\/ArtsLibris-logo-black.svg","contentUrl":"https:\/\/artslibris.cat\/wp-content\/uploads\/2020\/05\/ArtsLibris-logo-black.svg","width":521,"height":85,"caption":"ArtsLibris"},"image":{"@id":"https:\/\/artslibris.cat\/ca\/#\/schema\/logo\/image\/"},"sameAs":["https:\/\/www.facebook.com\/artslibris\/","https:\/\/x.com\/ArtsLibris","https:\/\/www.instagram.com\/artslibris\/"]}]}},"_links":{"self":[{"href":"https:\/\/artslibris.cat\/ca\/wp-json\/wp\/v2\/product\/6199","targetHints":{"allow":["GET"]}}],"collection":[{"href":"https:\/\/artslibris.cat\/ca\/wp-json\/wp\/v2\/product"}],"about":[{"href":"https:\/\/artslibris.cat\/ca\/wp-json\/wp\/v2\/types\/product"}],"wp:featuredmedia":[{"embeddable":true,"href":"https:\/\/artslibris.cat\/ca\/wp-json\/wp\/v2\/media\/6152"}],"wp:attachment":[{"href":"https:\/\/artslibris.cat\/ca\/wp-json\/wp\/v2\/media?parent=6199"}],"wp:term":[{"taxonomy":"product_brand","embeddable":true,"href":"https:\/\/artslibris.cat\/ca\/wp-json\/wp\/v2\/product_brand?post=6199"},{"taxonomy":"product_cat","embeddable":true,"href":"https:\/\/artslibris.cat\/ca\/wp-json\/wp\/v2\/product_cat?post=6199"},{"taxonomy":"product_tag","embeddable":true,"href":"https:\/\/artslibris.cat\/ca\/wp-json\/wp\/v2\/product_tag?post=6199"}],"curies":[{"name":"wp","href":"https:\/\/api.w.org\/{rel}","templated":true}]}}