{"id":6039,"date":"2021-01-28T16:40:29","date_gmt":"2021-02-02T12:13:14","guid":{"rendered":"https:\/\/artslibris.cat\/?post_type=product&#038;p=6039"},"modified":"2021-02-12T17:00:33","modified_gmt":"2021-02-12T17:00:33","slug":"les-imatges-eco","status":"publish","type":"product","link":"https:\/\/artslibris.cat\/ca\/tienda\/catalogo-ca\/les-imatges-eco\/","title":{"rendered":"Les imatges eco &#8211; Isaki Lacuesta"},"content":{"rendered":"<p><span style=\"font-weight: 400\">Amb motiu de l&#8217;exposici\u00f3 &#8220;Les imatges eco&#8221; que s&#8217;ha pogut veure al B\u00f2lit i a l&#8217;Arts Santa M\u00f2nica, despr\u00e9s de presentar-se al Centre Pompidou de Par\u00eds.<br \/>\n<\/span><span style=\"font-weight: 400\">La publicaci\u00f3 repassa la producci\u00f3 art\u00edstica del cineasta giron\u00ed recollint tota la seva traject\u00f2ria\u00a0 en l&#8217;\u00e0mbit de les arts visuals i inclou textos de Pep Admetlla (artista), Nekane Aramburu (gestora cultural, muse\u00f2loga i comiss\u00e0ria independent), Carlo Chatrian (director del Festival de Cinema de Berl\u00edn), Eloy Fern\u00e1ndez Porta (professor d&#8217;art contemporani de la Universitat Pompeu Fabra i assagista), Ingrid Guardiola (productora i investigadora cultural), Imma Merino (periodista cultural i cr\u00edtica de cinema), Judit Revault d&#8217;Allones (comiss\u00e0ria de la retrospectiva d&#8217;Isaki Lacuesta al Centre Pompidou de Par\u00eds), Enrique Vila-Matas (escriptor) i del mateix Isaki Lacuesta.<br \/>\n<\/span><span style=\"font-weight: 400\">Coeditat per: B\u00f2lit, Centre d&#8217;Art Contemporani. Girona de l&#8217;Ajuntament de Girona i el Departament de Cultura de la Generalitat de Catalunya, amb la col\u00b7laboraci\u00f3 de l&#8217;Institut Ramon Llull, el Centre Pompidou de Par\u00eds i el Centre d&#8217;Art Contemporani de Barcelona &#8211; Fabra i Coats.<\/span><\/p>\n","protected":false},"excerpt":{"rendered":"<p>T\u00edtol: Les imatges eco.<br \/>\nEditorial: B\u00f2lit.<br \/>\nAutor: Isaki Lacuesta.<br \/>\nAny d&#8217;edici\u00f3: 2019.<br \/>\nIdioma: catal\u00e0, castell\u00e0 i angl\u00e8s.<br \/>\nP\u00e0gines: 156.<\/p>\n","protected":false},"featured_media":6036,"template":"","meta":{"_acf_changed":false,"site-sidebar-layout":"default","site-content-layout":"default","ast-site-content-layout":"default","site-content-style":"default","site-sidebar-style":"default","ast-global-header-display":"","ast-banner-title-visibility":"","ast-main-header-display":"","ast-hfb-above-header-display":"","ast-hfb-below-header-display":"","ast-hfb-mobile-header-display":"","site-post-title":"","ast-breadcrumbs-content":"","ast-featured-img":"","footer-sml-layout":"","ast-disable-related-posts":"","theme-transparent-header-meta":"default","adv-header-id-meta":"","stick-header-meta":"","header-above-stick-meta":"","header-main-stick-meta":"","header-below-stick-meta":"","astra-migrate-meta-layouts":"default","ast-page-background-enabled":"default","ast-page-background-meta":{"desktop":{"background-color":"","background-image":"","background-repeat":"repeat","background-position":"center center","background-size":"auto","background-attachment":"scroll","background-type":"","background-media":"","overlay-type":"","overlay-color":"","overlay-opacity":"","overlay-gradient":""},"tablet":{"background-color":"","background-image":"","background-repeat":"repeat","background-position":"center center","background-size":"auto","background-attachment":"scroll","background-type":"","background-media":"","overlay-type":"","overlay-color":"","overlay-opacity":"","overlay-gradient":""},"mobile":{"background-color":"","background-image":"","background-repeat":"repeat","background-position":"center center","background-size":"auto","background-attachment":"scroll","background-type":"","background-media":"","overlay-type":"","overlay-color":"","overlay-opacity":"","overlay-gradient":""}},"ast-content-background-meta":{"desktop":{"background-color":"var(--ast-global-color-5)","background-image":"","background-repeat":"repeat","background-position":"center center","background-size":"auto","background-attachment":"scroll","background-type":"","background-media":"","overlay-type":"","overlay-color":"","overlay-opacity":"","overlay-gradient":""},"tablet":{"background-color":"var(--ast-global-color-5)","background-image":"","background-repeat":"repeat","background-position":"center center","background-size":"auto","background-attachment":"scroll","background-type":"","background-media":"","overlay-type":"","overlay-color":"","overlay-opacity":"","overlay-gradient":""},"mobile":{"background-color":"var(--ast-global-color-5)","background-image":"","background-repeat":"repeat","background-position":"center center","background-size":"auto","background-attachment":"scroll","background-type":"","background-media":"","overlay-type":"","overlay-color":"","overlay-opacity":"","overlay-gradient":""}}},"product_brand":[],"product_cat":[126,100],"product_tag":[184],"class_list":{"0":"post-6039","1":"product","2":"type-product","3":"status-publish","4":"has-post-thumbnail","6":"product_cat-cine-ca","7":"product_cat-catalogo-ca","8":"product_tag-bolit-ca","9":"desktop-align-left","10":"tablet-align-left","11":"mobile-align-left","13":"first","14":"instock","15":"shipping-taxable","16":"purchasable","17":"product-type-simple"},"acf":[],"yoast_head":"<!-- This site is optimized with the Yoast SEO plugin v27.1.1 - https:\/\/yoast.com\/product\/yoast-seo-wordpress\/ -->\n<title>Les imatges eco - Isaki Lacuesta - ArtsLibris<\/title>\n<meta name=\"description\" content=\"&quot;botiga ArtsLibris - Las-imagenes-eco-isaki-lacuesta-bolit&quot;\" \/>\n<meta name=\"robots\" content=\"index, follow, max-snippet:-1, max-image-preview:large, max-video-preview:-1\" \/>\n<link rel=\"canonical\" href=\"https:\/\/artslibris.cat\/ca\/tienda\/catalogo-ca\/les-imatges-eco\/\" \/>\n<meta property=\"og:locale\" content=\"ca_ES\" \/>\n<meta property=\"og:type\" content=\"article\" \/>\n<meta property=\"og:title\" content=\"Les imatges eco - Isaki Lacuesta - ArtsLibris\" \/>\n<meta property=\"og:description\" content=\"&quot;botiga ArtsLibris - Las-imagenes-eco-isaki-lacuesta-bolit&quot;\" \/>\n<meta property=\"og:url\" content=\"https:\/\/artslibris.cat\/ca\/tienda\/catalogo-ca\/les-imatges-eco\/\" \/>\n<meta property=\"og:site_name\" content=\"ArtsLibris\" \/>\n<meta property=\"article:publisher\" content=\"https:\/\/www.facebook.com\/artslibris\/\" \/>\n<meta property=\"article:modified_time\" content=\"2021-02-12T17:00:33+00:00\" \/>\n<meta property=\"og:image\" content=\"https:\/\/artslibris.cat\/wp-content\/uploads\/2021\/01\/Les-Imatges-Eco.jpg\" \/>\n\t<meta property=\"og:image:width\" content=\"1080\" \/>\n\t<meta property=\"og:image:height\" content=\"720\" \/>\n\t<meta property=\"og:image:type\" content=\"image\/jpeg\" \/>\n<meta name=\"twitter:card\" content=\"summary_large_image\" \/>\n<meta name=\"twitter:site\" content=\"@ArtsLibris\" \/>\n<meta name=\"twitter:label1\" content=\"Temps estimat de lectura\" \/>\n\t<meta name=\"twitter:data1\" content=\"1 minut\" \/>\n<script type=\"application\/ld+json\" class=\"yoast-schema-graph\">{\"@context\":\"https:\/\/schema.org\",\"@graph\":[{\"@type\":\"WebPage\",\"@id\":\"https:\/\/artslibris.cat\/ca\/tienda\/catalogo-ca\/les-imatges-eco\/\",\"url\":\"https:\/\/artslibris.cat\/ca\/tienda\/catalogo-ca\/les-imatges-eco\/\",\"name\":\"Les imatges eco - Isaki Lacuesta - ArtsLibris\",\"isPartOf\":{\"@id\":\"https:\/\/artslibris.cat\/ca\/#website\"},\"primaryImageOfPage\":{\"@id\":\"https:\/\/artslibris.cat\/ca\/tienda\/catalogo-ca\/les-imatges-eco\/#primaryimage\"},\"image\":{\"@id\":\"https:\/\/artslibris.cat\/ca\/tienda\/catalogo-ca\/les-imatges-eco\/#primaryimage\"},\"thumbnailUrl\":\"https:\/\/artslibris.cat\/wp-content\/uploads\/2021\/01\/Les-Imatges-Eco.jpg\",\"datePublished\":\"2021-02-02T12:13:14+00:00\",\"dateModified\":\"2021-02-12T17:00:33+00:00\",\"description\":\"\\\"botiga ArtsLibris - Las-imagenes-eco-isaki-lacuesta-bolit\\\"\",\"breadcrumb\":{\"@id\":\"https:\/\/artslibris.cat\/ca\/tienda\/catalogo-ca\/les-imatges-eco\/#breadcrumb\"},\"inLanguage\":\"ca\",\"potentialAction\":[{\"@type\":\"ReadAction\",\"target\":[\"https:\/\/artslibris.cat\/ca\/tienda\/catalogo-ca\/les-imatges-eco\/\"]}]},{\"@type\":\"ImageObject\",\"inLanguage\":\"ca\",\"@id\":\"https:\/\/artslibris.cat\/ca\/tienda\/catalogo-ca\/les-imatges-eco\/#primaryimage\",\"url\":\"https:\/\/artslibris.cat\/wp-content\/uploads\/2021\/01\/Les-Imatges-Eco.jpg\",\"contentUrl\":\"https:\/\/artslibris.cat\/wp-content\/uploads\/2021\/01\/Les-Imatges-Eco.jpg\",\"width\":1080,\"height\":720},{\"@type\":\"BreadcrumbList\",\"@id\":\"https:\/\/artslibris.cat\/ca\/tienda\/catalogo-ca\/les-imatges-eco\/#breadcrumb\",\"itemListElement\":[{\"@type\":\"ListItem\",\"position\":1,\"name\":\"Portada\",\"item\":\"https:\/\/artslibris.cat\/ca\/\"},{\"@type\":\"ListItem\",\"position\":2,\"name\":\"Tenda\",\"item\":\"https:\/\/artslibris.cat\/ca\/tenda\/\"},{\"@type\":\"ListItem\",\"position\":3,\"name\":\"Les imatges eco &#8211; Isaki Lacuesta\"}]},{\"@type\":\"WebSite\",\"@id\":\"https:\/\/artslibris.cat\/ca\/#website\",\"url\":\"https:\/\/artslibris.cat\/ca\/\",\"name\":\"ArtsLibris\",\"description\":\"\",\"publisher\":{\"@id\":\"https:\/\/artslibris.cat\/ca\/#organization\"},\"potentialAction\":[{\"@type\":\"SearchAction\",\"target\":{\"@type\":\"EntryPoint\",\"urlTemplate\":\"https:\/\/artslibris.cat\/ca\/?s={search_term_string}\"},\"query-input\":{\"@type\":\"PropertyValueSpecification\",\"valueRequired\":true,\"valueName\":\"search_term_string\"}}],\"inLanguage\":\"ca\"},{\"@type\":\"Organization\",\"@id\":\"https:\/\/artslibris.cat\/ca\/#organization\",\"name\":\"ArtsLibris\",\"url\":\"https:\/\/artslibris.cat\/ca\/\",\"logo\":{\"@type\":\"ImageObject\",\"inLanguage\":\"ca\",\"@id\":\"https:\/\/artslibris.cat\/ca\/#\/schema\/logo\/image\/\",\"url\":\"https:\/\/artslibris.cat\/wp-content\/uploads\/2020\/05\/ArtsLibris-logo-black.svg\",\"contentUrl\":\"https:\/\/artslibris.cat\/wp-content\/uploads\/2020\/05\/ArtsLibris-logo-black.svg\",\"width\":521,\"height\":85,\"caption\":\"ArtsLibris\"},\"image\":{\"@id\":\"https:\/\/artslibris.cat\/ca\/#\/schema\/logo\/image\/\"},\"sameAs\":[\"https:\/\/www.facebook.com\/artslibris\/\",\"https:\/\/x.com\/ArtsLibris\",\"https:\/\/www.instagram.com\/artslibris\/\"]}]}<\/script>\n<!-- \/ Yoast SEO plugin. -->","yoast_head_json":{"title":"Les imatges eco - Isaki Lacuesta - ArtsLibris","description":"\"botiga ArtsLibris - Las-imagenes-eco-isaki-lacuesta-bolit\"","robots":{"index":"index","follow":"follow","max-snippet":"max-snippet:-1","max-image-preview":"max-image-preview:large","max-video-preview":"max-video-preview:-1"},"canonical":"https:\/\/artslibris.cat\/ca\/tienda\/catalogo-ca\/les-imatges-eco\/","og_locale":"ca_ES","og_type":"article","og_title":"Les imatges eco - Isaki Lacuesta - ArtsLibris","og_description":"\"botiga ArtsLibris - Las-imagenes-eco-isaki-lacuesta-bolit\"","og_url":"https:\/\/artslibris.cat\/ca\/tienda\/catalogo-ca\/les-imatges-eco\/","og_site_name":"ArtsLibris","article_publisher":"https:\/\/www.facebook.com\/artslibris\/","article_modified_time":"2021-02-12T17:00:33+00:00","og_image":[{"width":1080,"height":720,"url":"https:\/\/artslibris.cat\/wp-content\/uploads\/2021\/01\/Les-Imatges-Eco.jpg","type":"image\/jpeg"}],"twitter_card":"summary_large_image","twitter_site":"@ArtsLibris","twitter_misc":{"Temps estimat de lectura":"1 minut"},"schema":{"@context":"https:\/\/schema.org","@graph":[{"@type":"WebPage","@id":"https:\/\/artslibris.cat\/ca\/tienda\/catalogo-ca\/les-imatges-eco\/","url":"https:\/\/artslibris.cat\/ca\/tienda\/catalogo-ca\/les-imatges-eco\/","name":"Les imatges eco - Isaki Lacuesta - ArtsLibris","isPartOf":{"@id":"https:\/\/artslibris.cat\/ca\/#website"},"primaryImageOfPage":{"@id":"https:\/\/artslibris.cat\/ca\/tienda\/catalogo-ca\/les-imatges-eco\/#primaryimage"},"image":{"@id":"https:\/\/artslibris.cat\/ca\/tienda\/catalogo-ca\/les-imatges-eco\/#primaryimage"},"thumbnailUrl":"https:\/\/artslibris.cat\/wp-content\/uploads\/2021\/01\/Les-Imatges-Eco.jpg","datePublished":"2021-02-02T12:13:14+00:00","dateModified":"2021-02-12T17:00:33+00:00","description":"\"botiga ArtsLibris - Las-imagenes-eco-isaki-lacuesta-bolit\"","breadcrumb":{"@id":"https:\/\/artslibris.cat\/ca\/tienda\/catalogo-ca\/les-imatges-eco\/#breadcrumb"},"inLanguage":"ca","potentialAction":[{"@type":"ReadAction","target":["https:\/\/artslibris.cat\/ca\/tienda\/catalogo-ca\/les-imatges-eco\/"]}]},{"@type":"ImageObject","inLanguage":"ca","@id":"https:\/\/artslibris.cat\/ca\/tienda\/catalogo-ca\/les-imatges-eco\/#primaryimage","url":"https:\/\/artslibris.cat\/wp-content\/uploads\/2021\/01\/Les-Imatges-Eco.jpg","contentUrl":"https:\/\/artslibris.cat\/wp-content\/uploads\/2021\/01\/Les-Imatges-Eco.jpg","width":1080,"height":720},{"@type":"BreadcrumbList","@id":"https:\/\/artslibris.cat\/ca\/tienda\/catalogo-ca\/les-imatges-eco\/#breadcrumb","itemListElement":[{"@type":"ListItem","position":1,"name":"Portada","item":"https:\/\/artslibris.cat\/ca\/"},{"@type":"ListItem","position":2,"name":"Tenda","item":"https:\/\/artslibris.cat\/ca\/tenda\/"},{"@type":"ListItem","position":3,"name":"Les imatges eco &#8211; Isaki Lacuesta"}]},{"@type":"WebSite","@id":"https:\/\/artslibris.cat\/ca\/#website","url":"https:\/\/artslibris.cat\/ca\/","name":"ArtsLibris","description":"","publisher":{"@id":"https:\/\/artslibris.cat\/ca\/#organization"},"potentialAction":[{"@type":"SearchAction","target":{"@type":"EntryPoint","urlTemplate":"https:\/\/artslibris.cat\/ca\/?s={search_term_string}"},"query-input":{"@type":"PropertyValueSpecification","valueRequired":true,"valueName":"search_term_string"}}],"inLanguage":"ca"},{"@type":"Organization","@id":"https:\/\/artslibris.cat\/ca\/#organization","name":"ArtsLibris","url":"https:\/\/artslibris.cat\/ca\/","logo":{"@type":"ImageObject","inLanguage":"ca","@id":"https:\/\/artslibris.cat\/ca\/#\/schema\/logo\/image\/","url":"https:\/\/artslibris.cat\/wp-content\/uploads\/2020\/05\/ArtsLibris-logo-black.svg","contentUrl":"https:\/\/artslibris.cat\/wp-content\/uploads\/2020\/05\/ArtsLibris-logo-black.svg","width":521,"height":85,"caption":"ArtsLibris"},"image":{"@id":"https:\/\/artslibris.cat\/ca\/#\/schema\/logo\/image\/"},"sameAs":["https:\/\/www.facebook.com\/artslibris\/","https:\/\/x.com\/ArtsLibris","https:\/\/www.instagram.com\/artslibris\/"]}]}},"_links":{"self":[{"href":"https:\/\/artslibris.cat\/ca\/wp-json\/wp\/v2\/product\/6039","targetHints":{"allow":["GET"]}}],"collection":[{"href":"https:\/\/artslibris.cat\/ca\/wp-json\/wp\/v2\/product"}],"about":[{"href":"https:\/\/artslibris.cat\/ca\/wp-json\/wp\/v2\/types\/product"}],"wp:featuredmedia":[{"embeddable":true,"href":"https:\/\/artslibris.cat\/ca\/wp-json\/wp\/v2\/media\/6036"}],"wp:attachment":[{"href":"https:\/\/artslibris.cat\/ca\/wp-json\/wp\/v2\/media?parent=6039"}],"wp:term":[{"taxonomy":"product_brand","embeddable":true,"href":"https:\/\/artslibris.cat\/ca\/wp-json\/wp\/v2\/product_brand?post=6039"},{"taxonomy":"product_cat","embeddable":true,"href":"https:\/\/artslibris.cat\/ca\/wp-json\/wp\/v2\/product_cat?post=6039"},{"taxonomy":"product_tag","embeddable":true,"href":"https:\/\/artslibris.cat\/ca\/wp-json\/wp\/v2\/product_tag?post=6039"}],"curies":[{"name":"wp","href":"https:\/\/api.w.org\/{rel}","templated":true}]}}