{"id":5895,"date":"2021-01-20T13:55:08","date_gmt":"2021-01-20T13:55:08","guid":{"rendered":"https:\/\/artslibris.cat\/?post_type=product&#038;p=5895"},"modified":"2025-02-27T14:10:14","modified_gmt":"2025-02-27T14:10:14","slug":"like-stains-of-red-dirt","status":"publish","type":"product","link":"https:\/\/artslibris.cat\/ca\/tienda\/pensamiento-ca\/like-stains-of-red-dirt\/","title":{"rendered":"Like Stains of Red Dirt &#8211; Juan Orrantia"},"content":{"rendered":"<p><span style=\"font-weight: 400\">Like <\/span><i><span style=\"font-weight: 400\">Stains of Red Dirt<\/span><\/i><span style=\"font-weight: 400\"> reuneix una s\u00e8rie de moments que donen compte de l&#8217;experi\u00e8ncia d&#8217;un lloc concret. En aquest treball realitzat despr\u00e9s de viure m\u00e9s de deu anys a Johannesburg, Sud-\u00e0frica, la mirada de Juan Orrantia es dirigeix cap a l&#8217;interior. A trav\u00e9s de la combinaci\u00f3 d&#8217;escenes espont\u00e0nies, intu\u00eftives i altres constru\u00efdes, el llibre va desgranant moments, gestos i objectes de la seva pr\u00f2pia casa i dels voltants. El seu \u00fas del color i de les ombres crea un llenguatge que neix del subjectiu, de l&#8217;experi\u00e8ncia di\u00e0ria i de la imaginaci\u00f3. En un pa\u00eds marcat de tantes maneres pel color, les fotografies ens conviden a pensar en la superf\u00edcie tant com una forma seductora, quant com una il\u00b7lusi\u00f3. Aquestes suggereixen emocions i inquietuds, aix\u00ed com la pres\u00e8ncia de corrents hist\u00f2rics, pol\u00edtiques i representacionals subjacents que travessen el context en el qual s&#8217;han pres.<\/span><\/p>\n","protected":false},"excerpt":{"rendered":"<p>T\u00edtol: Like Stains of Red Dirt.<br \/>\nEditorial: Dalpine.<br \/>\nAutor: Juan Orrantia.<br \/>\nAny de publicaci\u00f3: 2020<br \/>\nDisseny gr\u00e0fic: Jaime Narv\u00e1ez.<br \/>\nP\u00e0gines: 98.<br \/>\nMides: 26,5 x 22 cm.<br \/>\nPrimera edici\u00f3 de 500 c\u00f2pies.<br \/>\nISBN 978-84-09-19020-1.<\/p>\n","protected":false},"featured_media":28186,"template":"","meta":{"_acf_changed":false,"site-sidebar-layout":"default","site-content-layout":"default","ast-site-content-layout":"default","site-content-style":"default","site-sidebar-style":"default","ast-global-header-display":"","ast-banner-title-visibility":"","ast-main-header-display":"","ast-hfb-above-header-display":"","ast-hfb-below-header-display":"","ast-hfb-mobile-header-display":"","site-post-title":"","ast-breadcrumbs-content":"","ast-featured-img":"","footer-sml-layout":"","ast-disable-related-posts":"","theme-transparent-header-meta":"default","adv-header-id-meta":"","stick-header-meta":"","header-above-stick-meta":"","header-main-stick-meta":"","header-below-stick-meta":"","astra-migrate-meta-layouts":"default","ast-page-background-enabled":"default","ast-page-background-meta":{"desktop":{"background-color":"","background-image":"","background-repeat":"repeat","background-position":"center center","background-size":"auto","background-attachment":"scroll","background-type":"","background-media":"","overlay-type":"","overlay-color":"","overlay-opacity":"","overlay-gradient":""},"tablet":{"background-color":"","background-image":"","background-repeat":"repeat","background-position":"center center","background-size":"auto","background-attachment":"scroll","background-type":"","background-media":"","overlay-type":"","overlay-color":"","overlay-opacity":"","overlay-gradient":""},"mobile":{"background-color":"","background-image":"","background-repeat":"repeat","background-position":"center center","background-size":"auto","background-attachment":"scroll","background-type":"","background-media":"","overlay-type":"","overlay-color":"","overlay-opacity":"","overlay-gradient":""}},"ast-content-background-meta":{"desktop":{"background-color":"var(--ast-global-color-5)","background-image":"","background-repeat":"repeat","background-position":"center center","background-size":"auto","background-attachment":"scroll","background-type":"","background-media":"","overlay-type":"","overlay-color":"","overlay-opacity":"","overlay-gradient":""},"tablet":{"background-color":"var(--ast-global-color-5)","background-image":"","background-repeat":"repeat","background-position":"center center","background-size":"auto","background-attachment":"scroll","background-type":"","background-media":"","overlay-type":"","overlay-color":"","overlay-opacity":"","overlay-gradient":""},"mobile":{"background-color":"var(--ast-global-color-5)","background-image":"","background-repeat":"repeat","background-position":"center center","background-size":"auto","background-attachment":"scroll","background-type":"","background-media":"","overlay-type":"","overlay-color":"","overlay-opacity":"","overlay-gradient":""}}},"product_brand":[],"product_cat":[82],"product_tag":[244],"class_list":{"0":"post-5895","1":"product","2":"type-product","3":"status-publish","4":"has-post-thumbnail","6":"product_cat-pensamiento-ca","7":"product_tag-macba-ca","8":"desktop-align-left","9":"tablet-align-left","10":"mobile-align-left","12":"first","13":"outofstock","14":"shipping-taxable","15":"purchasable","16":"product-type-simple"},"acf":[],"yoast_head":"<!-- This site is optimized with the Yoast SEO plugin v27.1.1 - https:\/\/yoast.com\/product\/yoast-seo-wordpress\/ -->\n<title>Like Stains of Red Dirt - Juan Orrantia - ArtsLibris<\/title>\n<meta name=\"description\" content=\"&quot;Botiga ArtsLibris - Like Stains of Red Dirt - Juan Orrantia&quot;\" \/>\n<meta name=\"robots\" content=\"index, follow, max-snippet:-1, max-image-preview:large, max-video-preview:-1\" \/>\n<link rel=\"canonical\" href=\"https:\/\/artslibris.cat\/ca\/tienda\/pensamiento-ca\/like-stains-of-red-dirt\/\" \/>\n<meta property=\"og:locale\" content=\"ca_ES\" \/>\n<meta property=\"og:type\" content=\"article\" \/>\n<meta property=\"og:title\" content=\"Like Stains of Red Dirt - Juan Orrantia - ArtsLibris\" \/>\n<meta property=\"og:description\" content=\"&quot;Botiga ArtsLibris - Like Stains of Red Dirt - Juan Orrantia&quot;\" \/>\n<meta property=\"og:url\" content=\"https:\/\/artslibris.cat\/ca\/tienda\/pensamiento-ca\/like-stains-of-red-dirt\/\" \/>\n<meta property=\"og:site_name\" content=\"ArtsLibris\" \/>\n<meta property=\"article:publisher\" content=\"https:\/\/www.facebook.com\/artslibris\/\" \/>\n<meta property=\"article:modified_time\" content=\"2025-02-27T14:10:14+00:00\" \/>\n<meta property=\"og:image\" content=\"https:\/\/artslibris.cat\/wp-content\/uploads\/2021\/01\/Like-Stains.webp\" \/>\n\t<meta property=\"og:image:width\" content=\"2400\" \/>\n\t<meta property=\"og:image:height\" content=\"1920\" \/>\n\t<meta property=\"og:image:type\" content=\"image\/webp\" \/>\n<meta name=\"twitter:card\" content=\"summary_large_image\" \/>\n<meta name=\"twitter:site\" content=\"@ArtsLibris\" \/>\n<meta name=\"twitter:label1\" content=\"Temps estimat de lectura\" \/>\n\t<meta name=\"twitter:data1\" content=\"1 minut\" \/>\n<script type=\"application\/ld+json\" class=\"yoast-schema-graph\">{\"@context\":\"https:\/\/schema.org\",\"@graph\":[{\"@type\":\"WebPage\",\"@id\":\"https:\/\/artslibris.cat\/ca\/tienda\/pensamiento-ca\/like-stains-of-red-dirt\/\",\"url\":\"https:\/\/artslibris.cat\/ca\/tienda\/pensamiento-ca\/like-stains-of-red-dirt\/\",\"name\":\"Like Stains of Red Dirt - Juan Orrantia - ArtsLibris\",\"isPartOf\":{\"@id\":\"https:\/\/artslibris.cat\/ca\/#website\"},\"primaryImageOfPage\":{\"@id\":\"https:\/\/artslibris.cat\/ca\/tienda\/pensamiento-ca\/like-stains-of-red-dirt\/#primaryimage\"},\"image\":{\"@id\":\"https:\/\/artslibris.cat\/ca\/tienda\/pensamiento-ca\/like-stains-of-red-dirt\/#primaryimage\"},\"thumbnailUrl\":\"https:\/\/artslibris.cat\/wp-content\/uploads\/2021\/01\/Like-Stains.webp\",\"datePublished\":\"2021-01-20T13:55:08+00:00\",\"dateModified\":\"2025-02-27T14:10:14+00:00\",\"description\":\"\\\"Botiga ArtsLibris - Like Stains of Red Dirt - Juan Orrantia\\\"\",\"breadcrumb\":{\"@id\":\"https:\/\/artslibris.cat\/ca\/tienda\/pensamiento-ca\/like-stains-of-red-dirt\/#breadcrumb\"},\"inLanguage\":\"ca\",\"potentialAction\":[{\"@type\":\"ReadAction\",\"target\":[\"https:\/\/artslibris.cat\/ca\/tienda\/pensamiento-ca\/like-stains-of-red-dirt\/\"]}]},{\"@type\":\"ImageObject\",\"inLanguage\":\"ca\",\"@id\":\"https:\/\/artslibris.cat\/ca\/tienda\/pensamiento-ca\/like-stains-of-red-dirt\/#primaryimage\",\"url\":\"https:\/\/artslibris.cat\/wp-content\/uploads\/2021\/01\/Like-Stains.webp\",\"contentUrl\":\"https:\/\/artslibris.cat\/wp-content\/uploads\/2021\/01\/Like-Stains.webp\",\"width\":2400,\"height\":1920},{\"@type\":\"BreadcrumbList\",\"@id\":\"https:\/\/artslibris.cat\/ca\/tienda\/pensamiento-ca\/like-stains-of-red-dirt\/#breadcrumb\",\"itemListElement\":[{\"@type\":\"ListItem\",\"position\":1,\"name\":\"Portada\",\"item\":\"https:\/\/artslibris.cat\/ca\/\"},{\"@type\":\"ListItem\",\"position\":2,\"name\":\"Tenda\",\"item\":\"https:\/\/artslibris.cat\/ca\/tenda\/\"},{\"@type\":\"ListItem\",\"position\":3,\"name\":\"Like Stains of Red Dirt &#8211; Juan Orrantia\"}]},{\"@type\":\"WebSite\",\"@id\":\"https:\/\/artslibris.cat\/ca\/#website\",\"url\":\"https:\/\/artslibris.cat\/ca\/\",\"name\":\"ArtsLibris\",\"description\":\"\",\"publisher\":{\"@id\":\"https:\/\/artslibris.cat\/ca\/#organization\"},\"potentialAction\":[{\"@type\":\"SearchAction\",\"target\":{\"@type\":\"EntryPoint\",\"urlTemplate\":\"https:\/\/artslibris.cat\/ca\/?s={search_term_string}\"},\"query-input\":{\"@type\":\"PropertyValueSpecification\",\"valueRequired\":true,\"valueName\":\"search_term_string\"}}],\"inLanguage\":\"ca\"},{\"@type\":\"Organization\",\"@id\":\"https:\/\/artslibris.cat\/ca\/#organization\",\"name\":\"ArtsLibris\",\"url\":\"https:\/\/artslibris.cat\/ca\/\",\"logo\":{\"@type\":\"ImageObject\",\"inLanguage\":\"ca\",\"@id\":\"https:\/\/artslibris.cat\/ca\/#\/schema\/logo\/image\/\",\"url\":\"https:\/\/artslibris.cat\/wp-content\/uploads\/2020\/05\/ArtsLibris-logo-black.svg\",\"contentUrl\":\"https:\/\/artslibris.cat\/wp-content\/uploads\/2020\/05\/ArtsLibris-logo-black.svg\",\"width\":521,\"height\":85,\"caption\":\"ArtsLibris\"},\"image\":{\"@id\":\"https:\/\/artslibris.cat\/ca\/#\/schema\/logo\/image\/\"},\"sameAs\":[\"https:\/\/www.facebook.com\/artslibris\/\",\"https:\/\/x.com\/ArtsLibris\",\"https:\/\/www.instagram.com\/artslibris\/\"]}]}<\/script>\n<!-- \/ Yoast SEO plugin. -->","yoast_head_json":{"title":"Like Stains of Red Dirt - Juan Orrantia - ArtsLibris","description":"\"Botiga ArtsLibris - Like Stains of Red Dirt - Juan Orrantia\"","robots":{"index":"index","follow":"follow","max-snippet":"max-snippet:-1","max-image-preview":"max-image-preview:large","max-video-preview":"max-video-preview:-1"},"canonical":"https:\/\/artslibris.cat\/ca\/tienda\/pensamiento-ca\/like-stains-of-red-dirt\/","og_locale":"ca_ES","og_type":"article","og_title":"Like Stains of Red Dirt - Juan Orrantia - ArtsLibris","og_description":"\"Botiga ArtsLibris - Like Stains of Red Dirt - Juan Orrantia\"","og_url":"https:\/\/artslibris.cat\/ca\/tienda\/pensamiento-ca\/like-stains-of-red-dirt\/","og_site_name":"ArtsLibris","article_publisher":"https:\/\/www.facebook.com\/artslibris\/","article_modified_time":"2025-02-27T14:10:14+00:00","og_image":[{"width":2400,"height":1920,"url":"https:\/\/artslibris.cat\/wp-content\/uploads\/2021\/01\/Like-Stains.webp","type":"image\/webp"}],"twitter_card":"summary_large_image","twitter_site":"@ArtsLibris","twitter_misc":{"Temps estimat de lectura":"1 minut"},"schema":{"@context":"https:\/\/schema.org","@graph":[{"@type":"WebPage","@id":"https:\/\/artslibris.cat\/ca\/tienda\/pensamiento-ca\/like-stains-of-red-dirt\/","url":"https:\/\/artslibris.cat\/ca\/tienda\/pensamiento-ca\/like-stains-of-red-dirt\/","name":"Like Stains of Red Dirt - Juan Orrantia - ArtsLibris","isPartOf":{"@id":"https:\/\/artslibris.cat\/ca\/#website"},"primaryImageOfPage":{"@id":"https:\/\/artslibris.cat\/ca\/tienda\/pensamiento-ca\/like-stains-of-red-dirt\/#primaryimage"},"image":{"@id":"https:\/\/artslibris.cat\/ca\/tienda\/pensamiento-ca\/like-stains-of-red-dirt\/#primaryimage"},"thumbnailUrl":"https:\/\/artslibris.cat\/wp-content\/uploads\/2021\/01\/Like-Stains.webp","datePublished":"2021-01-20T13:55:08+00:00","dateModified":"2025-02-27T14:10:14+00:00","description":"\"Botiga ArtsLibris - Like Stains of Red Dirt - Juan Orrantia\"","breadcrumb":{"@id":"https:\/\/artslibris.cat\/ca\/tienda\/pensamiento-ca\/like-stains-of-red-dirt\/#breadcrumb"},"inLanguage":"ca","potentialAction":[{"@type":"ReadAction","target":["https:\/\/artslibris.cat\/ca\/tienda\/pensamiento-ca\/like-stains-of-red-dirt\/"]}]},{"@type":"ImageObject","inLanguage":"ca","@id":"https:\/\/artslibris.cat\/ca\/tienda\/pensamiento-ca\/like-stains-of-red-dirt\/#primaryimage","url":"https:\/\/artslibris.cat\/wp-content\/uploads\/2021\/01\/Like-Stains.webp","contentUrl":"https:\/\/artslibris.cat\/wp-content\/uploads\/2021\/01\/Like-Stains.webp","width":2400,"height":1920},{"@type":"BreadcrumbList","@id":"https:\/\/artslibris.cat\/ca\/tienda\/pensamiento-ca\/like-stains-of-red-dirt\/#breadcrumb","itemListElement":[{"@type":"ListItem","position":1,"name":"Portada","item":"https:\/\/artslibris.cat\/ca\/"},{"@type":"ListItem","position":2,"name":"Tenda","item":"https:\/\/artslibris.cat\/ca\/tenda\/"},{"@type":"ListItem","position":3,"name":"Like Stains of Red Dirt &#8211; Juan Orrantia"}]},{"@type":"WebSite","@id":"https:\/\/artslibris.cat\/ca\/#website","url":"https:\/\/artslibris.cat\/ca\/","name":"ArtsLibris","description":"","publisher":{"@id":"https:\/\/artslibris.cat\/ca\/#organization"},"potentialAction":[{"@type":"SearchAction","target":{"@type":"EntryPoint","urlTemplate":"https:\/\/artslibris.cat\/ca\/?s={search_term_string}"},"query-input":{"@type":"PropertyValueSpecification","valueRequired":true,"valueName":"search_term_string"}}],"inLanguage":"ca"},{"@type":"Organization","@id":"https:\/\/artslibris.cat\/ca\/#organization","name":"ArtsLibris","url":"https:\/\/artslibris.cat\/ca\/","logo":{"@type":"ImageObject","inLanguage":"ca","@id":"https:\/\/artslibris.cat\/ca\/#\/schema\/logo\/image\/","url":"https:\/\/artslibris.cat\/wp-content\/uploads\/2020\/05\/ArtsLibris-logo-black.svg","contentUrl":"https:\/\/artslibris.cat\/wp-content\/uploads\/2020\/05\/ArtsLibris-logo-black.svg","width":521,"height":85,"caption":"ArtsLibris"},"image":{"@id":"https:\/\/artslibris.cat\/ca\/#\/schema\/logo\/image\/"},"sameAs":["https:\/\/www.facebook.com\/artslibris\/","https:\/\/x.com\/ArtsLibris","https:\/\/www.instagram.com\/artslibris\/"]}]}},"_links":{"self":[{"href":"https:\/\/artslibris.cat\/ca\/wp-json\/wp\/v2\/product\/5895","targetHints":{"allow":["GET"]}}],"collection":[{"href":"https:\/\/artslibris.cat\/ca\/wp-json\/wp\/v2\/product"}],"about":[{"href":"https:\/\/artslibris.cat\/ca\/wp-json\/wp\/v2\/types\/product"}],"wp:featuredmedia":[{"embeddable":true,"href":"https:\/\/artslibris.cat\/ca\/wp-json\/wp\/v2\/media\/28186"}],"wp:attachment":[{"href":"https:\/\/artslibris.cat\/ca\/wp-json\/wp\/v2\/media?parent=5895"}],"wp:term":[{"taxonomy":"product_brand","embeddable":true,"href":"https:\/\/artslibris.cat\/ca\/wp-json\/wp\/v2\/product_brand?post=5895"},{"taxonomy":"product_cat","embeddable":true,"href":"https:\/\/artslibris.cat\/ca\/wp-json\/wp\/v2\/product_cat?post=5895"},{"taxonomy":"product_tag","embeddable":true,"href":"https:\/\/artslibris.cat\/ca\/wp-json\/wp\/v2\/product_tag?post=5895"}],"curies":[{"name":"wp","href":"https:\/\/api.w.org\/{rel}","templated":true}]}}