{"id":5193,"date":"2021-01-05T17:08:30","date_gmt":"2021-01-05T17:08:30","guid":{"rendered":"https:\/\/artslibris.cat\/?post_type=product&#038;p=5193"},"modified":"2021-02-16T15:38:49","modified_gmt":"2021-02-16T15:38:49","slug":"woman-go-nogree","status":"publish","type":"product","link":"https:\/\/artslibris.cat\/ca\/tienda\/fotolibro-ca\/woman-go-nogree\/","title":{"rendered":"Woman go no&#8217;gree &#8211; Gloria Oyarzabal"},"content":{"rendered":"<p><span style=\"font-weight: 400\">Els imperis, per la seva pr\u00f2pia naturalesa, encarnen i formalitzen la difer\u00e8ncia, tant entre metr\u00f2polis\/col\u00f2nia com entre subjectes colonials. L&#8217;imaginari imperial inunda la cultura popular. Les categories de g\u00e8nere van ser una esp\u00e8cie de \u00abnova tradici\u00f3\u00bb biol\u00f2gica que el colonialisme europeu va institucionalitzar en la majoria de les cultures africanes. Per\u00f2 hi ha evid\u00e8ncies religioses i ling\u00fc\u00edstiques significatives que demostren que abans de la colonitzaci\u00f3, les pr\u00e0ctiques socials (divisi\u00f3 del treball, professi\u00f3, estructures mon\u00e0rquiques) no es regien per q\u00fcestions de g\u00e8nere. Podem assumir que les relacions socials en totes les societats estan organitzades entorn de difer\u00e8ncies sexuals biol\u00f2giques? La colonitzaci\u00f3 de la ment configura un estat de vulnerabilitat que facilita el cam\u00ed de la depend\u00e8ncia. \u00c9s aix\u00ed com tamb\u00e9 es va exportar i implantar la infantilitzaci\u00f3 de la dona com a part del sistema patriarcal occidental (c\u00e0nons de bellesa, modernitat, estereotips\u2026). Es tracta de descolonitzar el feminisme q\u00fcestionant els marcs te\u00f2rics racionals euroc\u00e9ntricos que construeixen categories de g\u00e8nere de manera universalista.<\/span><\/p>\n<p><span style=\"font-weight: 400\">Guardonat amb el premi Aperture PhotoBook of the Year 2020<\/span><\/p>\n","protected":false},"excerpt":{"rendered":"<p>T\u00edtol: Woman go no&#8217;gree.<br \/>\nEditorial: RM.<br \/>\nAutora:<span style=\"font-weight: 400\"> Gloria Oyarzabal.<br \/>\n<\/span><span style=\"font-weight: 400\">Format: Hardcover.<br \/>\n<\/span><span style=\"font-weight: 400\">P\u00e0gines: 176.<br \/>\n<\/span><span style=\"font-weight: 400\">Mides: 19 \u00d7 27,5 cm.<br \/>\nIdioma: Angl\u00e8s.<br \/>\n<\/span><span style=\"font-weight: 400\">ISBN: 978-84-17975-28-9.<br \/>\n<\/span><span style=\"font-weight: 400\">Any de publicaci\u00f3: 2020.<\/span><\/p>\n","protected":false},"featured_media":5141,"template":"","meta":{"_acf_changed":false,"site-sidebar-layout":"default","site-content-layout":"default","ast-site-content-layout":"default","site-content-style":"default","site-sidebar-style":"default","ast-global-header-display":"","ast-banner-title-visibility":"","ast-main-header-display":"","ast-hfb-above-header-display":"","ast-hfb-below-header-display":"","ast-hfb-mobile-header-display":"","site-post-title":"","ast-breadcrumbs-content":"","ast-featured-img":"","footer-sml-layout":"","ast-disable-related-posts":"","theme-transparent-header-meta":"default","adv-header-id-meta":"","stick-header-meta":"","header-above-stick-meta":"","header-main-stick-meta":"","header-below-stick-meta":"","astra-migrate-meta-layouts":"default","ast-page-background-enabled":"default","ast-page-background-meta":{"desktop":{"background-color":"","background-image":"","background-repeat":"repeat","background-position":"center center","background-size":"auto","background-attachment":"scroll","background-type":"","background-media":"","overlay-type":"","overlay-color":"","overlay-opacity":"","overlay-gradient":""},"tablet":{"background-color":"","background-image":"","background-repeat":"repeat","background-position":"center center","background-size":"auto","background-attachment":"scroll","background-type":"","background-media":"","overlay-type":"","overlay-color":"","overlay-opacity":"","overlay-gradient":""},"mobile":{"background-color":"","background-image":"","background-repeat":"repeat","background-position":"center center","background-size":"auto","background-attachment":"scroll","background-type":"","background-media":"","overlay-type":"","overlay-color":"","overlay-opacity":"","overlay-gradient":""}},"ast-content-background-meta":{"desktop":{"background-color":"var(--ast-global-color-5)","background-image":"","background-repeat":"repeat","background-position":"center center","background-size":"auto","background-attachment":"scroll","background-type":"","background-media":"","overlay-type":"","overlay-color":"","overlay-opacity":"","overlay-gradient":""},"tablet":{"background-color":"var(--ast-global-color-5)","background-image":"","background-repeat":"repeat","background-position":"center center","background-size":"auto","background-attachment":"scroll","background-type":"","background-media":"","overlay-type":"","overlay-color":"","overlay-opacity":"","overlay-gradient":""},"mobile":{"background-color":"var(--ast-global-color-5)","background-image":"","background-repeat":"repeat","background-position":"center center","background-size":"auto","background-attachment":"scroll","background-type":"","background-media":"","overlay-type":"","overlay-color":"","overlay-opacity":"","overlay-gradient":""}}},"product_brand":[],"product_cat":[101,88],"product_tag":[172],"class_list":{"0":"post-5193","1":"product","2":"type-product","3":"status-publish","4":"has-post-thumbnail","6":"product_cat-destacados-ca","7":"product_cat-fotolibro-ca","8":"product_tag-editorial-rm-ca","9":"desktop-align-left","10":"tablet-align-left","11":"mobile-align-left","13":"first","14":"instock","15":"shipping-taxable","16":"purchasable","17":"product-type-simple"},"acf":[],"yoast_head":"<!-- This site is optimized with the Yoast SEO plugin v27.1.1 - https:\/\/yoast.com\/product\/yoast-seo-wordpress\/ -->\n<title>Woman go no&#039;gree - Gloria Oyarzabal - ArtsLibris<\/title>\n<meta name=\"description\" content=\"&quot;tienda ArtsLibris-womangonogree-editorialrm&quot;\" \/>\n<meta name=\"robots\" content=\"index, follow, max-snippet:-1, max-image-preview:large, max-video-preview:-1\" \/>\n<link rel=\"canonical\" href=\"https:\/\/artslibris.cat\/ca\/tienda\/fotolibro-ca\/woman-go-nogree\/\" \/>\n<meta property=\"og:locale\" content=\"ca_ES\" \/>\n<meta property=\"og:type\" content=\"article\" \/>\n<meta property=\"og:title\" content=\"Woman go no&#039;gree - Gloria Oyarzabal - ArtsLibris\" \/>\n<meta property=\"og:description\" content=\"&quot;tienda ArtsLibris-womangonogree-editorialrm&quot;\" \/>\n<meta property=\"og:url\" content=\"https:\/\/artslibris.cat\/ca\/tienda\/fotolibro-ca\/woman-go-nogree\/\" \/>\n<meta property=\"og:site_name\" content=\"ArtsLibris\" \/>\n<meta property=\"article:publisher\" content=\"https:\/\/www.facebook.com\/artslibris\/\" \/>\n<meta property=\"article:modified_time\" content=\"2021-02-16T15:38:49+00:00\" \/>\n<meta property=\"og:image\" content=\"https:\/\/artslibris.cat\/wp-content\/uploads\/2021\/01\/ArtsLibris_womangonogree_RM.jpg\" \/>\n\t<meta property=\"og:image:width\" content=\"750\" \/>\n\t<meta property=\"og:image:height\" content=\"1080\" \/>\n\t<meta property=\"og:image:type\" content=\"image\/jpeg\" \/>\n<meta name=\"twitter:card\" content=\"summary_large_image\" \/>\n<meta name=\"twitter:site\" content=\"@ArtsLibris\" \/>\n<meta name=\"twitter:label1\" content=\"Temps estimat de lectura\" \/>\n\t<meta name=\"twitter:data1\" content=\"1 minut\" \/>\n<script type=\"application\/ld+json\" class=\"yoast-schema-graph\">{\"@context\":\"https:\/\/schema.org\",\"@graph\":[{\"@type\":\"WebPage\",\"@id\":\"https:\/\/artslibris.cat\/ca\/tienda\/fotolibro-ca\/woman-go-nogree\/\",\"url\":\"https:\/\/artslibris.cat\/ca\/tienda\/fotolibro-ca\/woman-go-nogree\/\",\"name\":\"Woman go no'gree - Gloria Oyarzabal - ArtsLibris\",\"isPartOf\":{\"@id\":\"https:\/\/artslibris.cat\/ca\/#website\"},\"primaryImageOfPage\":{\"@id\":\"https:\/\/artslibris.cat\/ca\/tienda\/fotolibro-ca\/woman-go-nogree\/#primaryimage\"},\"image\":{\"@id\":\"https:\/\/artslibris.cat\/ca\/tienda\/fotolibro-ca\/woman-go-nogree\/#primaryimage\"},\"thumbnailUrl\":\"https:\/\/artslibris.cat\/wp-content\/uploads\/2021\/01\/ArtsLibris_womangonogree_RM.jpg\",\"datePublished\":\"2021-01-05T17:08:30+00:00\",\"dateModified\":\"2021-02-16T15:38:49+00:00\",\"description\":\"\\\"tienda ArtsLibris-womangonogree-editorialrm\\\"\",\"breadcrumb\":{\"@id\":\"https:\/\/artslibris.cat\/ca\/tienda\/fotolibro-ca\/woman-go-nogree\/#breadcrumb\"},\"inLanguage\":\"ca\",\"potentialAction\":[{\"@type\":\"ReadAction\",\"target\":[\"https:\/\/artslibris.cat\/ca\/tienda\/fotolibro-ca\/woman-go-nogree\/\"]}]},{\"@type\":\"ImageObject\",\"inLanguage\":\"ca\",\"@id\":\"https:\/\/artslibris.cat\/ca\/tienda\/fotolibro-ca\/woman-go-nogree\/#primaryimage\",\"url\":\"https:\/\/artslibris.cat\/wp-content\/uploads\/2021\/01\/ArtsLibris_womangonogree_RM.jpg\",\"contentUrl\":\"https:\/\/artslibris.cat\/wp-content\/uploads\/2021\/01\/ArtsLibris_womangonogree_RM.jpg\",\"width\":750,\"height\":1080},{\"@type\":\"BreadcrumbList\",\"@id\":\"https:\/\/artslibris.cat\/ca\/tienda\/fotolibro-ca\/woman-go-nogree\/#breadcrumb\",\"itemListElement\":[{\"@type\":\"ListItem\",\"position\":1,\"name\":\"Portada\",\"item\":\"https:\/\/artslibris.cat\/ca\/\"},{\"@type\":\"ListItem\",\"position\":2,\"name\":\"Tenda\",\"item\":\"https:\/\/artslibris.cat\/ca\/tenda\/\"},{\"@type\":\"ListItem\",\"position\":3,\"name\":\"Woman go no&#8217;gree &#8211; Gloria Oyarzabal\"}]},{\"@type\":\"WebSite\",\"@id\":\"https:\/\/artslibris.cat\/ca\/#website\",\"url\":\"https:\/\/artslibris.cat\/ca\/\",\"name\":\"ArtsLibris\",\"description\":\"\",\"publisher\":{\"@id\":\"https:\/\/artslibris.cat\/ca\/#organization\"},\"potentialAction\":[{\"@type\":\"SearchAction\",\"target\":{\"@type\":\"EntryPoint\",\"urlTemplate\":\"https:\/\/artslibris.cat\/ca\/?s={search_term_string}\"},\"query-input\":{\"@type\":\"PropertyValueSpecification\",\"valueRequired\":true,\"valueName\":\"search_term_string\"}}],\"inLanguage\":\"ca\"},{\"@type\":\"Organization\",\"@id\":\"https:\/\/artslibris.cat\/ca\/#organization\",\"name\":\"ArtsLibris\",\"url\":\"https:\/\/artslibris.cat\/ca\/\",\"logo\":{\"@type\":\"ImageObject\",\"inLanguage\":\"ca\",\"@id\":\"https:\/\/artslibris.cat\/ca\/#\/schema\/logo\/image\/\",\"url\":\"https:\/\/artslibris.cat\/wp-content\/uploads\/2020\/05\/ArtsLibris-logo-black.svg\",\"contentUrl\":\"https:\/\/artslibris.cat\/wp-content\/uploads\/2020\/05\/ArtsLibris-logo-black.svg\",\"width\":521,\"height\":85,\"caption\":\"ArtsLibris\"},\"image\":{\"@id\":\"https:\/\/artslibris.cat\/ca\/#\/schema\/logo\/image\/\"},\"sameAs\":[\"https:\/\/www.facebook.com\/artslibris\/\",\"https:\/\/x.com\/ArtsLibris\",\"https:\/\/www.instagram.com\/artslibris\/\"]}]}<\/script>\n<!-- \/ Yoast SEO plugin. -->","yoast_head_json":{"title":"Woman go no'gree - Gloria Oyarzabal - ArtsLibris","description":"\"tienda ArtsLibris-womangonogree-editorialrm\"","robots":{"index":"index","follow":"follow","max-snippet":"max-snippet:-1","max-image-preview":"max-image-preview:large","max-video-preview":"max-video-preview:-1"},"canonical":"https:\/\/artslibris.cat\/ca\/tienda\/fotolibro-ca\/woman-go-nogree\/","og_locale":"ca_ES","og_type":"article","og_title":"Woman go no'gree - Gloria Oyarzabal - ArtsLibris","og_description":"\"tienda ArtsLibris-womangonogree-editorialrm\"","og_url":"https:\/\/artslibris.cat\/ca\/tienda\/fotolibro-ca\/woman-go-nogree\/","og_site_name":"ArtsLibris","article_publisher":"https:\/\/www.facebook.com\/artslibris\/","article_modified_time":"2021-02-16T15:38:49+00:00","og_image":[{"width":750,"height":1080,"url":"https:\/\/artslibris.cat\/wp-content\/uploads\/2021\/01\/ArtsLibris_womangonogree_RM.jpg","type":"image\/jpeg"}],"twitter_card":"summary_large_image","twitter_site":"@ArtsLibris","twitter_misc":{"Temps estimat de lectura":"1 minut"},"schema":{"@context":"https:\/\/schema.org","@graph":[{"@type":"WebPage","@id":"https:\/\/artslibris.cat\/ca\/tienda\/fotolibro-ca\/woman-go-nogree\/","url":"https:\/\/artslibris.cat\/ca\/tienda\/fotolibro-ca\/woman-go-nogree\/","name":"Woman go no'gree - Gloria Oyarzabal - ArtsLibris","isPartOf":{"@id":"https:\/\/artslibris.cat\/ca\/#website"},"primaryImageOfPage":{"@id":"https:\/\/artslibris.cat\/ca\/tienda\/fotolibro-ca\/woman-go-nogree\/#primaryimage"},"image":{"@id":"https:\/\/artslibris.cat\/ca\/tienda\/fotolibro-ca\/woman-go-nogree\/#primaryimage"},"thumbnailUrl":"https:\/\/artslibris.cat\/wp-content\/uploads\/2021\/01\/ArtsLibris_womangonogree_RM.jpg","datePublished":"2021-01-05T17:08:30+00:00","dateModified":"2021-02-16T15:38:49+00:00","description":"\"tienda ArtsLibris-womangonogree-editorialrm\"","breadcrumb":{"@id":"https:\/\/artslibris.cat\/ca\/tienda\/fotolibro-ca\/woman-go-nogree\/#breadcrumb"},"inLanguage":"ca","potentialAction":[{"@type":"ReadAction","target":["https:\/\/artslibris.cat\/ca\/tienda\/fotolibro-ca\/woman-go-nogree\/"]}]},{"@type":"ImageObject","inLanguage":"ca","@id":"https:\/\/artslibris.cat\/ca\/tienda\/fotolibro-ca\/woman-go-nogree\/#primaryimage","url":"https:\/\/artslibris.cat\/wp-content\/uploads\/2021\/01\/ArtsLibris_womangonogree_RM.jpg","contentUrl":"https:\/\/artslibris.cat\/wp-content\/uploads\/2021\/01\/ArtsLibris_womangonogree_RM.jpg","width":750,"height":1080},{"@type":"BreadcrumbList","@id":"https:\/\/artslibris.cat\/ca\/tienda\/fotolibro-ca\/woman-go-nogree\/#breadcrumb","itemListElement":[{"@type":"ListItem","position":1,"name":"Portada","item":"https:\/\/artslibris.cat\/ca\/"},{"@type":"ListItem","position":2,"name":"Tenda","item":"https:\/\/artslibris.cat\/ca\/tenda\/"},{"@type":"ListItem","position":3,"name":"Woman go no&#8217;gree &#8211; Gloria Oyarzabal"}]},{"@type":"WebSite","@id":"https:\/\/artslibris.cat\/ca\/#website","url":"https:\/\/artslibris.cat\/ca\/","name":"ArtsLibris","description":"","publisher":{"@id":"https:\/\/artslibris.cat\/ca\/#organization"},"potentialAction":[{"@type":"SearchAction","target":{"@type":"EntryPoint","urlTemplate":"https:\/\/artslibris.cat\/ca\/?s={search_term_string}"},"query-input":{"@type":"PropertyValueSpecification","valueRequired":true,"valueName":"search_term_string"}}],"inLanguage":"ca"},{"@type":"Organization","@id":"https:\/\/artslibris.cat\/ca\/#organization","name":"ArtsLibris","url":"https:\/\/artslibris.cat\/ca\/","logo":{"@type":"ImageObject","inLanguage":"ca","@id":"https:\/\/artslibris.cat\/ca\/#\/schema\/logo\/image\/","url":"https:\/\/artslibris.cat\/wp-content\/uploads\/2020\/05\/ArtsLibris-logo-black.svg","contentUrl":"https:\/\/artslibris.cat\/wp-content\/uploads\/2020\/05\/ArtsLibris-logo-black.svg","width":521,"height":85,"caption":"ArtsLibris"},"image":{"@id":"https:\/\/artslibris.cat\/ca\/#\/schema\/logo\/image\/"},"sameAs":["https:\/\/www.facebook.com\/artslibris\/","https:\/\/x.com\/ArtsLibris","https:\/\/www.instagram.com\/artslibris\/"]}]}},"_links":{"self":[{"href":"https:\/\/artslibris.cat\/ca\/wp-json\/wp\/v2\/product\/5193","targetHints":{"allow":["GET"]}}],"collection":[{"href":"https:\/\/artslibris.cat\/ca\/wp-json\/wp\/v2\/product"}],"about":[{"href":"https:\/\/artslibris.cat\/ca\/wp-json\/wp\/v2\/types\/product"}],"wp:featuredmedia":[{"embeddable":true,"href":"https:\/\/artslibris.cat\/ca\/wp-json\/wp\/v2\/media\/5141"}],"wp:attachment":[{"href":"https:\/\/artslibris.cat\/ca\/wp-json\/wp\/v2\/media?parent=5193"}],"wp:term":[{"taxonomy":"product_brand","embeddable":true,"href":"https:\/\/artslibris.cat\/ca\/wp-json\/wp\/v2\/product_brand?post=5193"},{"taxonomy":"product_cat","embeddable":true,"href":"https:\/\/artslibris.cat\/ca\/wp-json\/wp\/v2\/product_cat?post=5193"},{"taxonomy":"product_tag","embeddable":true,"href":"https:\/\/artslibris.cat\/ca\/wp-json\/wp\/v2\/product_tag?post=5193"}],"curies":[{"name":"wp","href":"https:\/\/api.w.org\/{rel}","templated":true}]}}