{"id":5031,"date":"2020-12-19T11:58:37","date_gmt":"2020-12-19T11:58:37","guid":{"rendered":"https:\/\/artslibris.cat\/tienda\/Sense%20categoria\/galaxias-explosivas-el-arte-de-david-medalla\/"},"modified":"2021-10-05T12:28:51","modified_gmt":"2021-10-05T12:28:51","slug":"galaxias-explosivas-el-arte-de-david-medalla","status":"publish","type":"product","link":"https:\/\/artslibris.cat\/ca\/tienda\/pensamiento-ca\/galaxias-explosivas-el-arte-de-david-medalla\/","title":{"rendered":"Galaxias Explosivas. El arte de David Medalla"},"content":{"rendered":"<p>Aquest llibre del reconegut cr\u00edtic d&#8217;art\u00a0<span class=\"hiddenSpellError\">Guy<\/span>\u00a0<span class=\"hiddenSpellError\">Brett<\/span>\u00a0\u00e9s el primer intent d&#8217;agrupar un conjunt d&#8217;obra art\u00edstica fascinant i ef\u00edmera que escapa a les definicions simples. Nascut a Manila, a les Filipines, en 1942, i radicat des de 1960 principalment a Londres, David Medalla s&#8217;ha distingit com un dels principals innovadors de l&#8217;avantguarda. La seva obra ha adoptat una multitud de cerques i entusiasmes, formes i formats, per a expressar una visi\u00f3 del m\u00f3n singular per\u00f2 profundament coherent. Orgull\u00f3s dels seus esfor\u00e7os per mantenir-se independent de les pressions comercials, burocr\u00e0tiques i intolerants del m\u00f3n de l&#8217;art, ha estat no obstant aix\u00f2 una for\u00e7a creativa internacional, viatjant, motivant a artistes, creant grups i espais d&#8217;exposici\u00f3, i evolucionant el seu propi art que aspira al sorgiment d&#8217;un nou tipus de cultura\u00a0transnacional\u00a0i polimorfa.<\/p>\n<p><span class=\"hiddenSpellError\">Guy<\/span>\u00a0<span class=\"hiddenSpellError\">Brett<\/span>\u00a0(Londres, 1942) escriu sobre art i organitza exposicions des de principis dels anys seixanta. Va ser cr\u00edtic d&#8217;art per al London\u00a0<span class=\"hiddenSpellError\">Times<\/span>\u00a0i editor d&#8217;arts visuals del setmanari City\u00a0<span class=\"hiddenSpellError\">Limits<\/span>. A m\u00e9s, \u00e9s autor d&#8217;assajos monogr\u00e0fics sobre artistes com\u00a0<span class=\"hiddenSpellError\">Derek<\/span>\u00a0<span class=\"hiddenSpellError\">Boshier<\/span>,\u00a0<span class=\"hiddenSpellError\">Lygia<\/span>\u00a0<span class=\"hiddenSpellError\">Clark<\/span>,\u00a0<span class=\"hiddenSpellError\">Eugenio<\/span>\u00a0<span class=\"hiddenSpellError\">Dittborn<\/span>,\u00a0<span class=\"hiddenGrammarError\">Rose<\/span>\u00a0<span class=\"hiddenSpellError\">Finn<\/span>&#8211;<span class=\"hiddenSpellError\">Kelcey<\/span>, Tina\u00a0<span class=\"hiddenSpellError\">Keane<\/span>, V\u00edctor\u00a0<span class=\"hiddenSpellError\">Grippo<\/span>,\u00a0<span class=\"hiddenSpellError\">Brion<\/span>\u00a0<span class=\"hiddenSpellError\">Gysin<\/span>, Mona\u00a0<span class=\"hiddenSpellError\">Hatoum<\/span>,\u00a0<span class=\"hiddenSpellError\">Susan<\/span>\u00a0<span class=\"hiddenSpellError\">Hiller<\/span>,\u00a0<span class=\"hiddenSpellError\">Ghisha<\/span>\u00a0<span class=\"hiddenSpellError\">Koenig<\/span>,\u00a0<span class=\"hiddenSpellError\">H\u00e9lio<\/span>\u00a0<span class=\"hiddenSpellError\">Oiticica<\/span>,\u00a0<span class=\"hiddenSpellError\">Lygia<\/span>\u00a0Papi i\u00a0<span class=\"hiddenSpellError\">Aubrey<\/span>\u00a0Williams.<\/p>\n","protected":false},"excerpt":{"rendered":"<p>T\u00edtol: Galaxias Explosivas. El arte de David Medalla.<br \/>\nEditorial: Alias.<br \/>\nAutor: Guy Brett.<br \/>\nIdioma: Espanyol.<br \/>\nDimensions: 14 x 21 cm.<br \/>\nNombre de p\u00e0gines: 320.<br \/>\nEnquadernaci\u00f3: R\u00fastica.<br \/>\nImpressi\u00f3: Una tinta.<br \/>\nISBN: 978-607-7985-10-5.<\/p>\n","protected":false},"featured_media":4963,"template":"","meta":{"_acf_changed":false,"site-sidebar-layout":"default","site-content-layout":"default","ast-site-content-layout":"default","site-content-style":"default","site-sidebar-style":"default","ast-global-header-display":"","ast-banner-title-visibility":"","ast-main-header-display":"","ast-hfb-above-header-display":"","ast-hfb-below-header-display":"","ast-hfb-mobile-header-display":"","site-post-title":"","ast-breadcrumbs-content":"","ast-featured-img":"","footer-sml-layout":"","ast-disable-related-posts":"","theme-transparent-header-meta":"default","adv-header-id-meta":"","stick-header-meta":"","header-above-stick-meta":"","header-main-stick-meta":"","header-below-stick-meta":"","astra-migrate-meta-layouts":"default","ast-page-background-enabled":"default","ast-page-background-meta":{"desktop":{"background-color":"","background-image":"","background-repeat":"repeat","background-position":"center center","background-size":"auto","background-attachment":"scroll","background-type":"","background-media":"","overlay-type":"","overlay-color":"","overlay-opacity":"","overlay-gradient":""},"tablet":{"background-color":"","background-image":"","background-repeat":"repeat","background-position":"center center","background-size":"auto","background-attachment":"scroll","background-type":"","background-media":"","overlay-type":"","overlay-color":"","overlay-opacity":"","overlay-gradient":""},"mobile":{"background-color":"","background-image":"","background-repeat":"repeat","background-position":"center center","background-size":"auto","background-attachment":"scroll","background-type":"","background-media":"","overlay-type":"","overlay-color":"","overlay-opacity":"","overlay-gradient":""}},"ast-content-background-meta":{"desktop":{"background-color":"var(--ast-global-color-5)","background-image":"","background-repeat":"repeat","background-position":"center center","background-size":"auto","background-attachment":"scroll","background-type":"","background-media":"","overlay-type":"","overlay-color":"","overlay-opacity":"","overlay-gradient":""},"tablet":{"background-color":"var(--ast-global-color-5)","background-image":"","background-repeat":"repeat","background-position":"center center","background-size":"auto","background-attachment":"scroll","background-type":"","background-media":"","overlay-type":"","overlay-color":"","overlay-opacity":"","overlay-gradient":""},"mobile":{"background-color":"var(--ast-global-color-5)","background-image":"","background-repeat":"repeat","background-position":"center center","background-size":"auto","background-attachment":"scroll","background-type":"","background-media":"","overlay-type":"","overlay-color":"","overlay-opacity":"","overlay-gradient":""}}},"product_brand":[],"product_cat":[82,85],"product_tag":[108],"class_list":{"0":"post-5031","1":"product","2":"type-product","3":"status-publish","4":"has-post-thumbnail","6":"product_cat-pensamiento-ca","7":"product_cat-teoria-del-arte-ca","8":"product_tag-alias-editorial-ca","9":"desktop-align-left","10":"tablet-align-left","11":"mobile-align-left","13":"first","14":"instock","15":"shipping-taxable","16":"purchasable","17":"product-type-simple"},"acf":[],"yoast_head":"<!-- This site is optimized with the Yoast SEO plugin v27.3 - https:\/\/yoast.com\/product\/yoast-seo-wordpress\/ -->\n<title>Galaxias Explosivas. El arte de David Medalla - ArtsLibris<\/title>\n<meta name=\"description\" content=\"&quot;botiga-Arts-Libris-Galaxias-explosivas-el-arte-de-david-medalla-alias-guy-brett&quot;\" \/>\n<meta name=\"robots\" content=\"index, follow, max-snippet:-1, max-image-preview:large, max-video-preview:-1\" \/>\n<link rel=\"canonical\" href=\"https:\/\/artslibris.cat\/ca\/tienda\/pensamiento-ca\/galaxias-explosivas-el-arte-de-david-medalla\/\" \/>\n<meta property=\"og:locale\" content=\"ca_ES\" \/>\n<meta property=\"og:type\" content=\"article\" \/>\n<meta property=\"og:title\" content=\"Galaxias Explosivas. El arte de David Medalla - ArtsLibris\" \/>\n<meta property=\"og:description\" content=\"&quot;botiga-Arts-Libris-Galaxias-explosivas-el-arte-de-david-medalla-alias-guy-brett&quot;\" \/>\n<meta property=\"og:url\" content=\"https:\/\/artslibris.cat\/ca\/tienda\/pensamiento-ca\/galaxias-explosivas-el-arte-de-david-medalla\/\" \/>\n<meta property=\"og:site_name\" content=\"ArtsLibris\" \/>\n<meta property=\"article:publisher\" content=\"https:\/\/www.facebook.com\/artslibris\/\" \/>\n<meta property=\"article:modified_time\" content=\"2021-10-05T12:28:51+00:00\" \/>\n<meta property=\"og:image\" content=\"https:\/\/artslibris.cat\/wp-content\/uploads\/2020\/12\/Artslibris-Alias-Galaxias-Explosivas.jpeg\" \/>\n\t<meta property=\"og:image:width\" content=\"663\" \/>\n\t<meta property=\"og:image:height\" content=\"1000\" \/>\n\t<meta property=\"og:image:type\" content=\"image\/jpeg\" \/>\n<meta name=\"twitter:card\" content=\"summary_large_image\" \/>\n<meta name=\"twitter:site\" content=\"@ArtsLibris\" \/>\n<meta name=\"twitter:label1\" content=\"Temps estimat de lectura\" \/>\n\t<meta name=\"twitter:data1\" content=\"1 minut\" \/>\n<script type=\"application\/ld+json\" class=\"yoast-schema-graph\">{\"@context\":\"https:\\\/\\\/schema.org\",\"@graph\":[{\"@type\":\"WebPage\",\"@id\":\"https:\\\/\\\/artslibris.cat\\\/ca\\\/tienda\\\/pensamiento-ca\\\/galaxias-explosivas-el-arte-de-david-medalla\\\/\",\"url\":\"https:\\\/\\\/artslibris.cat\\\/ca\\\/tienda\\\/pensamiento-ca\\\/galaxias-explosivas-el-arte-de-david-medalla\\\/\",\"name\":\"Galaxias Explosivas. El arte de David Medalla - ArtsLibris\",\"isPartOf\":{\"@id\":\"https:\\\/\\\/artslibris.cat\\\/ca\\\/#website\"},\"primaryImageOfPage\":{\"@id\":\"https:\\\/\\\/artslibris.cat\\\/ca\\\/tienda\\\/pensamiento-ca\\\/galaxias-explosivas-el-arte-de-david-medalla\\\/#primaryimage\"},\"image\":{\"@id\":\"https:\\\/\\\/artslibris.cat\\\/ca\\\/tienda\\\/pensamiento-ca\\\/galaxias-explosivas-el-arte-de-david-medalla\\\/#primaryimage\"},\"thumbnailUrl\":\"https:\\\/\\\/artslibris.cat\\\/wp-content\\\/uploads\\\/2020\\\/12\\\/Artslibris-Alias-Galaxias-Explosivas.jpeg\",\"datePublished\":\"2020-12-19T11:58:37+00:00\",\"dateModified\":\"2021-10-05T12:28:51+00:00\",\"description\":\"\\\"botiga-Arts-Libris-Galaxias-explosivas-el-arte-de-david-medalla-alias-guy-brett\\\"\",\"breadcrumb\":{\"@id\":\"https:\\\/\\\/artslibris.cat\\\/ca\\\/tienda\\\/pensamiento-ca\\\/galaxias-explosivas-el-arte-de-david-medalla\\\/#breadcrumb\"},\"inLanguage\":\"ca\",\"potentialAction\":[{\"@type\":\"ReadAction\",\"target\":[\"https:\\\/\\\/artslibris.cat\\\/ca\\\/tienda\\\/pensamiento-ca\\\/galaxias-explosivas-el-arte-de-david-medalla\\\/\"]}]},{\"@type\":\"ImageObject\",\"inLanguage\":\"ca\",\"@id\":\"https:\\\/\\\/artslibris.cat\\\/ca\\\/tienda\\\/pensamiento-ca\\\/galaxias-explosivas-el-arte-de-david-medalla\\\/#primaryimage\",\"url\":\"https:\\\/\\\/artslibris.cat\\\/wp-content\\\/uploads\\\/2020\\\/12\\\/Artslibris-Alias-Galaxias-Explosivas.jpeg\",\"contentUrl\":\"https:\\\/\\\/artslibris.cat\\\/wp-content\\\/uploads\\\/2020\\\/12\\\/Artslibris-Alias-Galaxias-Explosivas.jpeg\",\"width\":663,\"height\":1000},{\"@type\":\"BreadcrumbList\",\"@id\":\"https:\\\/\\\/artslibris.cat\\\/ca\\\/tienda\\\/pensamiento-ca\\\/galaxias-explosivas-el-arte-de-david-medalla\\\/#breadcrumb\",\"itemListElement\":[{\"@type\":\"ListItem\",\"position\":1,\"name\":\"Portada\",\"item\":\"https:\\\/\\\/artslibris.cat\\\/ca\\\/\"},{\"@type\":\"ListItem\",\"position\":2,\"name\":\"Tenda\",\"item\":\"https:\\\/\\\/artslibris.cat\\\/ca\\\/tenda\\\/\"},{\"@type\":\"ListItem\",\"position\":3,\"name\":\"Galaxias Explosivas. El arte de David Medalla\"}]},{\"@type\":\"WebSite\",\"@id\":\"https:\\\/\\\/artslibris.cat\\\/ca\\\/#website\",\"url\":\"https:\\\/\\\/artslibris.cat\\\/ca\\\/\",\"name\":\"ArtsLibris\",\"description\":\"\",\"publisher\":{\"@id\":\"https:\\\/\\\/artslibris.cat\\\/ca\\\/#organization\"},\"potentialAction\":[{\"@type\":\"SearchAction\",\"target\":{\"@type\":\"EntryPoint\",\"urlTemplate\":\"https:\\\/\\\/artslibris.cat\\\/ca\\\/?s={search_term_string}\"},\"query-input\":{\"@type\":\"PropertyValueSpecification\",\"valueRequired\":true,\"valueName\":\"search_term_string\"}}],\"inLanguage\":\"ca\"},{\"@type\":\"Organization\",\"@id\":\"https:\\\/\\\/artslibris.cat\\\/ca\\\/#organization\",\"name\":\"ArtsLibris\",\"url\":\"https:\\\/\\\/artslibris.cat\\\/ca\\\/\",\"logo\":{\"@type\":\"ImageObject\",\"inLanguage\":\"ca\",\"@id\":\"https:\\\/\\\/artslibris.cat\\\/ca\\\/#\\\/schema\\\/logo\\\/image\\\/\",\"url\":\"https:\\\/\\\/artslibris.cat\\\/wp-content\\\/uploads\\\/2020\\\/05\\\/ArtsLibris-logo-black.svg\",\"contentUrl\":\"https:\\\/\\\/artslibris.cat\\\/wp-content\\\/uploads\\\/2020\\\/05\\\/ArtsLibris-logo-black.svg\",\"width\":521,\"height\":85,\"caption\":\"ArtsLibris\"},\"image\":{\"@id\":\"https:\\\/\\\/artslibris.cat\\\/ca\\\/#\\\/schema\\\/logo\\\/image\\\/\"},\"sameAs\":[\"https:\\\/\\\/www.facebook.com\\\/artslibris\\\/\",\"https:\\\/\\\/x.com\\\/ArtsLibris\",\"https:\\\/\\\/www.instagram.com\\\/artslibris\\\/\"]}]}<\/script>\n<!-- \/ Yoast SEO plugin. -->","yoast_head_json":{"title":"Galaxias Explosivas. El arte de David Medalla - ArtsLibris","description":"\"botiga-Arts-Libris-Galaxias-explosivas-el-arte-de-david-medalla-alias-guy-brett\"","robots":{"index":"index","follow":"follow","max-snippet":"max-snippet:-1","max-image-preview":"max-image-preview:large","max-video-preview":"max-video-preview:-1"},"canonical":"https:\/\/artslibris.cat\/ca\/tienda\/pensamiento-ca\/galaxias-explosivas-el-arte-de-david-medalla\/","og_locale":"ca_ES","og_type":"article","og_title":"Galaxias Explosivas. El arte de David Medalla - ArtsLibris","og_description":"\"botiga-Arts-Libris-Galaxias-explosivas-el-arte-de-david-medalla-alias-guy-brett\"","og_url":"https:\/\/artslibris.cat\/ca\/tienda\/pensamiento-ca\/galaxias-explosivas-el-arte-de-david-medalla\/","og_site_name":"ArtsLibris","article_publisher":"https:\/\/www.facebook.com\/artslibris\/","article_modified_time":"2021-10-05T12:28:51+00:00","og_image":[{"width":663,"height":1000,"url":"https:\/\/artslibris.cat\/wp-content\/uploads\/2020\/12\/Artslibris-Alias-Galaxias-Explosivas.jpeg","type":"image\/jpeg"}],"twitter_card":"summary_large_image","twitter_site":"@ArtsLibris","twitter_misc":{"Temps estimat de lectura":"1 minut"},"schema":{"@context":"https:\/\/schema.org","@graph":[{"@type":"WebPage","@id":"https:\/\/artslibris.cat\/ca\/tienda\/pensamiento-ca\/galaxias-explosivas-el-arte-de-david-medalla\/","url":"https:\/\/artslibris.cat\/ca\/tienda\/pensamiento-ca\/galaxias-explosivas-el-arte-de-david-medalla\/","name":"Galaxias Explosivas. El arte de David Medalla - ArtsLibris","isPartOf":{"@id":"https:\/\/artslibris.cat\/ca\/#website"},"primaryImageOfPage":{"@id":"https:\/\/artslibris.cat\/ca\/tienda\/pensamiento-ca\/galaxias-explosivas-el-arte-de-david-medalla\/#primaryimage"},"image":{"@id":"https:\/\/artslibris.cat\/ca\/tienda\/pensamiento-ca\/galaxias-explosivas-el-arte-de-david-medalla\/#primaryimage"},"thumbnailUrl":"https:\/\/artslibris.cat\/wp-content\/uploads\/2020\/12\/Artslibris-Alias-Galaxias-Explosivas.jpeg","datePublished":"2020-12-19T11:58:37+00:00","dateModified":"2021-10-05T12:28:51+00:00","description":"\"botiga-Arts-Libris-Galaxias-explosivas-el-arte-de-david-medalla-alias-guy-brett\"","breadcrumb":{"@id":"https:\/\/artslibris.cat\/ca\/tienda\/pensamiento-ca\/galaxias-explosivas-el-arte-de-david-medalla\/#breadcrumb"},"inLanguage":"ca","potentialAction":[{"@type":"ReadAction","target":["https:\/\/artslibris.cat\/ca\/tienda\/pensamiento-ca\/galaxias-explosivas-el-arte-de-david-medalla\/"]}]},{"@type":"ImageObject","inLanguage":"ca","@id":"https:\/\/artslibris.cat\/ca\/tienda\/pensamiento-ca\/galaxias-explosivas-el-arte-de-david-medalla\/#primaryimage","url":"https:\/\/artslibris.cat\/wp-content\/uploads\/2020\/12\/Artslibris-Alias-Galaxias-Explosivas.jpeg","contentUrl":"https:\/\/artslibris.cat\/wp-content\/uploads\/2020\/12\/Artslibris-Alias-Galaxias-Explosivas.jpeg","width":663,"height":1000},{"@type":"BreadcrumbList","@id":"https:\/\/artslibris.cat\/ca\/tienda\/pensamiento-ca\/galaxias-explosivas-el-arte-de-david-medalla\/#breadcrumb","itemListElement":[{"@type":"ListItem","position":1,"name":"Portada","item":"https:\/\/artslibris.cat\/ca\/"},{"@type":"ListItem","position":2,"name":"Tenda","item":"https:\/\/artslibris.cat\/ca\/tenda\/"},{"@type":"ListItem","position":3,"name":"Galaxias Explosivas. El arte de David Medalla"}]},{"@type":"WebSite","@id":"https:\/\/artslibris.cat\/ca\/#website","url":"https:\/\/artslibris.cat\/ca\/","name":"ArtsLibris","description":"","publisher":{"@id":"https:\/\/artslibris.cat\/ca\/#organization"},"potentialAction":[{"@type":"SearchAction","target":{"@type":"EntryPoint","urlTemplate":"https:\/\/artslibris.cat\/ca\/?s={search_term_string}"},"query-input":{"@type":"PropertyValueSpecification","valueRequired":true,"valueName":"search_term_string"}}],"inLanguage":"ca"},{"@type":"Organization","@id":"https:\/\/artslibris.cat\/ca\/#organization","name":"ArtsLibris","url":"https:\/\/artslibris.cat\/ca\/","logo":{"@type":"ImageObject","inLanguage":"ca","@id":"https:\/\/artslibris.cat\/ca\/#\/schema\/logo\/image\/","url":"https:\/\/artslibris.cat\/wp-content\/uploads\/2020\/05\/ArtsLibris-logo-black.svg","contentUrl":"https:\/\/artslibris.cat\/wp-content\/uploads\/2020\/05\/ArtsLibris-logo-black.svg","width":521,"height":85,"caption":"ArtsLibris"},"image":{"@id":"https:\/\/artslibris.cat\/ca\/#\/schema\/logo\/image\/"},"sameAs":["https:\/\/www.facebook.com\/artslibris\/","https:\/\/x.com\/ArtsLibris","https:\/\/www.instagram.com\/artslibris\/"]}]}},"_links":{"self":[{"href":"https:\/\/artslibris.cat\/ca\/wp-json\/wp\/v2\/product\/5031","targetHints":{"allow":["GET"]}}],"collection":[{"href":"https:\/\/artslibris.cat\/ca\/wp-json\/wp\/v2\/product"}],"about":[{"href":"https:\/\/artslibris.cat\/ca\/wp-json\/wp\/v2\/types\/product"}],"wp:featuredmedia":[{"embeddable":true,"href":"https:\/\/artslibris.cat\/ca\/wp-json\/wp\/v2\/media\/4963"}],"wp:attachment":[{"href":"https:\/\/artslibris.cat\/ca\/wp-json\/wp\/v2\/media?parent=5031"}],"wp:term":[{"taxonomy":"product_brand","embeddable":true,"href":"https:\/\/artslibris.cat\/ca\/wp-json\/wp\/v2\/product_brand?post=5031"},{"taxonomy":"product_cat","embeddable":true,"href":"https:\/\/artslibris.cat\/ca\/wp-json\/wp\/v2\/product_cat?post=5031"},{"taxonomy":"product_tag","embeddable":true,"href":"https:\/\/artslibris.cat\/ca\/wp-json\/wp\/v2\/product_tag?post=5031"}],"curies":[{"name":"wp","href":"https:\/\/api.w.org\/{rel}","templated":true}]}}