{"id":33518,"date":"2026-02-19T12:39:47","date_gmt":"2026-02-19T12:39:47","guid":{"rendered":"https:\/\/artslibris.cat\/?post_type=product&#038;p=33518"},"modified":"2026-02-26T11:36:48","modified_gmt":"2026-02-26T11:36:48","slug":"meandering-art-ecology-and-metaphysics","status":"publish","type":"product","link":"https:\/\/artslibris.cat\/ca\/tienda\/arte-contemporaneo\/meandering-art-ecology-and-metaphysics\/","title":{"rendered":"Meandering: Art, Ecology, and Metaphysics"},"content":{"rendered":"<p>Inspired by how rivers bend and curve, connecting entire ecosystems,\u00a0<i>Meandering: Art, Ecology, and Metaphysics<\/i>, edited by Sofia Lemos, unfolds the cultural, historical, spiritual, and ecological trajectories of waterways, reflecting the vitality of water, from source to sea. A diverse group of artists and writers set out to trace river systems from the sierras and forests of southern Spain, to the heartlands of the Americas and the undersurface of the Mediterranean, proposing new routes for collaborative research and knowledge-production.<\/p>\n<p>In newly commissioned texts and a selection of influential essays\u2014including a transhistorical dialogue between the twelfth-century mystic, Ibn \u2018Arab\u012b\u00a0 and the renowned essayist, Sylvia Wynter\u2014as well as lyrics, scent, recipes, critical-contemplative writing, and guided meditations,\u00a0<i>Meandering<\/i>\u00a0combines rich visual documentation with insights from the fields of art, visual culture, environmental humanities, ecotheosophy, mysticism, critical theory, and decolonial studies. This volume offers a practical and poetic toolset for a dynamic reconciliation between action and imagination to address the pressing social and environmental challenges of our time.<\/p>\n<p>This publication is part of an art and ecology research program of the same name curated by Sofia Lemos at TBA21\u2013Academy. By exploring social and environmental justice through the lens of community-oriented practice, it presents a case for the role of artistic research and public programs in revealing our interbeing, and shapes new convergences between interdisciplinary and interfaith studies.<\/p>\n<p>There is a special relationship between rivers and imagination. Both bring life to the Earth, mix climates and territories, disrupt hierarchies, and produce the unity of all places. This book is an ode to the power of rivers (and their earthly imagination), which never stop creating.\u2014EMANUELE COCCIA, Philosopher and author of\u00a0<i>The Life of Plants: A Metaphysics of Mixture<\/i><\/p>\n<p><i>Meandering<\/i>\u00a0is an engaged and meaningful collaborative project that swerves away from colonial history to bravely seek that elsewhere. A beautiful way to pursue living and embodied research practice that meanders with care into the past-present-future, in order to find the gentle and illuminated space of the decolonized beyond.\u2014MACARENA G\u00d3MEZ-BARRIS, Endowed Professor of Modern Culture and Media, Brown University, and author of\u00a0<i>The Extractive Zone<\/i><\/p>\n","protected":false},"excerpt":{"rendered":"<p>T\u00edtulo: Meandering: Art, Ecology, and Metaphysics<\/p>\n<p>Editorial: TBA21<\/p>\n<p>Editor\/a: Sofia Lemos<\/p>\n<p>A\u00f1o de publicaci\u00f3n: 2024<\/p>\n<p>Idioma: Ingl\u00e9s<\/p>\n<p>N\u00famero de p\u00e1ginas: 320<\/p>\n<p>Tama\u00f1o: 17 x 24 cm<\/p>\n<p>ISBN: 9781915609519<\/p>\n","protected":false},"featured_media":33519,"template":"","meta":{"_acf_changed":false,"site-sidebar-layout":"default","site-content-layout":"","ast-site-content-layout":"default","site-content-style":"default","site-sidebar-style":"default","ast-global-header-display":"","ast-banner-title-visibility":"","ast-main-header-display":"","ast-hfb-above-header-display":"","ast-hfb-below-header-display":"","ast-hfb-mobile-header-display":"","site-post-title":"","ast-breadcrumbs-content":"","ast-featured-img":"","footer-sml-layout":"","ast-disable-related-posts":"","theme-transparent-header-meta":"default","adv-header-id-meta":"","stick-header-meta":"","header-above-stick-meta":"","header-main-stick-meta":"","header-below-stick-meta":"","astra-migrate-meta-layouts":"set","ast-page-background-enabled":"default","ast-page-background-meta":{"desktop":{"background-color":"","background-image":"","background-repeat":"repeat","background-position":"center center","background-size":"auto","background-attachment":"scroll","background-type":"","background-media":"","overlay-type":"","overlay-color":"","overlay-opacity":"","overlay-gradient":""},"tablet":{"background-color":"","background-image":"","background-repeat":"repeat","background-position":"center center","background-size":"auto","background-attachment":"scroll","background-type":"","background-media":"","overlay-type":"","overlay-color":"","overlay-opacity":"","overlay-gradient":""},"mobile":{"background-color":"","background-image":"","background-repeat":"repeat","background-position":"center center","background-size":"auto","background-attachment":"scroll","background-type":"","background-media":"","overlay-type":"","overlay-color":"","overlay-opacity":"","overlay-gradient":""}},"ast-content-background-meta":{"desktop":{"background-color":"var(--ast-global-color-5)","background-image":"","background-repeat":"repeat","background-position":"center center","background-size":"auto","background-attachment":"scroll","background-type":"","background-media":"","overlay-type":"","overlay-color":"","overlay-opacity":"","overlay-gradient":""},"tablet":{"background-color":"var(--ast-global-color-5)","background-image":"","background-repeat":"repeat","background-position":"center center","background-size":"auto","background-attachment":"scroll","background-type":"","background-media":"","overlay-type":"","overlay-color":"","overlay-opacity":"","overlay-gradient":""},"mobile":{"background-color":"var(--ast-global-color-5)","background-image":"","background-repeat":"repeat","background-position":"center center","background-size":"auto","background-attachment":"scroll","background-type":"","background-media":"","overlay-type":"","overlay-color":"","overlay-opacity":"","overlay-gradient":""}}},"product_brand":[],"product_cat":[530,521],"product_tag":[535],"class_list":{"0":"post-33518","1":"product","2":"type-product","3":"status-publish","4":"has-post-thumbnail","6":"product_cat-ecologia","7":"product_cat-arte-contemporaneo","8":"product_tag-tba21","9":"desktop-align-left","10":"tablet-align-left","11":"mobile-align-left","13":"first","14":"instock","15":"shipping-taxable","16":"purchasable","17":"product-type-simple"},"acf":[],"yoast_head":"<!-- This site is optimized with the Yoast SEO plugin v27.3 - https:\/\/yoast.com\/product\/yoast-seo-wordpress\/ -->\n<title>Meandering: Art, Ecology, and Metaphysics - ArtsLibris<\/title>\n<meta name=\"robots\" content=\"index, follow, max-snippet:-1, max-image-preview:large, max-video-preview:-1\" \/>\n<link rel=\"canonical\" href=\"https:\/\/artslibris.cat\/ca\/tienda\/arte-contemporaneo\/meandering-art-ecology-and-metaphysics\/\" \/>\n<meta property=\"og:locale\" content=\"ca_ES\" \/>\n<meta property=\"og:type\" content=\"article\" \/>\n<meta property=\"og:title\" content=\"Meandering: Art, Ecology, and Metaphysics - ArtsLibris\" \/>\n<meta property=\"og:description\" content=\"T\u00edtulo: Meandering: Art, Ecology, and Metaphysics  Editorial: TBA21  Editor\/a: Sofia Lemos  A\u00f1o de publicaci\u00f3n: 2024  Idioma: Ingl\u00e9s  N\u00famero de p\u00e1ginas: 320  Tama\u00f1o: 17 x 24 cm  ISBN: 9781915609519\" \/>\n<meta property=\"og:url\" content=\"https:\/\/artslibris.cat\/ca\/tienda\/arte-contemporaneo\/meandering-art-ecology-and-metaphysics\/\" \/>\n<meta property=\"og:site_name\" content=\"ArtsLibris\" \/>\n<meta property=\"article:publisher\" content=\"https:\/\/www.facebook.com\/artslibris\/\" \/>\n<meta property=\"article:modified_time\" content=\"2026-02-26T11:36:48+00:00\" \/>\n<meta property=\"og:image\" content=\"https:\/\/artslibris.cat\/wp-content\/uploads\/2026\/02\/Meandering.webp\" \/>\n\t<meta property=\"og:image:width\" content=\"770\" \/>\n\t<meta property=\"og:image:height\" content=\"583\" \/>\n\t<meta property=\"og:image:type\" content=\"image\/webp\" \/>\n<meta name=\"twitter:card\" content=\"summary_large_image\" \/>\n<meta name=\"twitter:site\" content=\"@ArtsLibris\" \/>\n<meta name=\"twitter:label1\" content=\"Temps estimat de lectura\" \/>\n\t<meta name=\"twitter:data1\" content=\"2 minuts\" \/>\n<script type=\"application\/ld+json\" class=\"yoast-schema-graph\">{\"@context\":\"https:\\\/\\\/schema.org\",\"@graph\":[{\"@type\":\"WebPage\",\"@id\":\"https:\\\/\\\/artslibris.cat\\\/ca\\\/tienda\\\/arte-contemporaneo\\\/meandering-art-ecology-and-metaphysics\\\/\",\"url\":\"https:\\\/\\\/artslibris.cat\\\/ca\\\/tienda\\\/arte-contemporaneo\\\/meandering-art-ecology-and-metaphysics\\\/\",\"name\":\"Meandering: Art, Ecology, and Metaphysics - ArtsLibris\",\"isPartOf\":{\"@id\":\"https:\\\/\\\/artslibris.cat\\\/ca\\\/#website\"},\"primaryImageOfPage\":{\"@id\":\"https:\\\/\\\/artslibris.cat\\\/ca\\\/tienda\\\/arte-contemporaneo\\\/meandering-art-ecology-and-metaphysics\\\/#primaryimage\"},\"image\":{\"@id\":\"https:\\\/\\\/artslibris.cat\\\/ca\\\/tienda\\\/arte-contemporaneo\\\/meandering-art-ecology-and-metaphysics\\\/#primaryimage\"},\"thumbnailUrl\":\"https:\\\/\\\/artslibris.cat\\\/wp-content\\\/uploads\\\/2026\\\/02\\\/Meandering.webp\",\"datePublished\":\"2026-02-19T12:39:47+00:00\",\"dateModified\":\"2026-02-26T11:36:48+00:00\",\"breadcrumb\":{\"@id\":\"https:\\\/\\\/artslibris.cat\\\/ca\\\/tienda\\\/arte-contemporaneo\\\/meandering-art-ecology-and-metaphysics\\\/#breadcrumb\"},\"inLanguage\":\"ca\",\"potentialAction\":[{\"@type\":\"ReadAction\",\"target\":[\"https:\\\/\\\/artslibris.cat\\\/ca\\\/tienda\\\/arte-contemporaneo\\\/meandering-art-ecology-and-metaphysics\\\/\"]}]},{\"@type\":\"ImageObject\",\"inLanguage\":\"ca\",\"@id\":\"https:\\\/\\\/artslibris.cat\\\/ca\\\/tienda\\\/arte-contemporaneo\\\/meandering-art-ecology-and-metaphysics\\\/#primaryimage\",\"url\":\"https:\\\/\\\/artslibris.cat\\\/wp-content\\\/uploads\\\/2026\\\/02\\\/Meandering.webp\",\"contentUrl\":\"https:\\\/\\\/artslibris.cat\\\/wp-content\\\/uploads\\\/2026\\\/02\\\/Meandering.webp\",\"width\":770,\"height\":583},{\"@type\":\"BreadcrumbList\",\"@id\":\"https:\\\/\\\/artslibris.cat\\\/ca\\\/tienda\\\/arte-contemporaneo\\\/meandering-art-ecology-and-metaphysics\\\/#breadcrumb\",\"itemListElement\":[{\"@type\":\"ListItem\",\"position\":1,\"name\":\"Portada\",\"item\":\"https:\\\/\\\/artslibris.cat\\\/ca\\\/\"},{\"@type\":\"ListItem\",\"position\":2,\"name\":\"Tenda\",\"item\":\"https:\\\/\\\/artslibris.cat\\\/ca\\\/tenda\\\/\"},{\"@type\":\"ListItem\",\"position\":3,\"name\":\"Meandering: Art, Ecology, and Metaphysics\"}]},{\"@type\":\"WebSite\",\"@id\":\"https:\\\/\\\/artslibris.cat\\\/ca\\\/#website\",\"url\":\"https:\\\/\\\/artslibris.cat\\\/ca\\\/\",\"name\":\"ArtsLibris\",\"description\":\"\",\"publisher\":{\"@id\":\"https:\\\/\\\/artslibris.cat\\\/ca\\\/#organization\"},\"potentialAction\":[{\"@type\":\"SearchAction\",\"target\":{\"@type\":\"EntryPoint\",\"urlTemplate\":\"https:\\\/\\\/artslibris.cat\\\/ca\\\/?s={search_term_string}\"},\"query-input\":{\"@type\":\"PropertyValueSpecification\",\"valueRequired\":true,\"valueName\":\"search_term_string\"}}],\"inLanguage\":\"ca\"},{\"@type\":\"Organization\",\"@id\":\"https:\\\/\\\/artslibris.cat\\\/ca\\\/#organization\",\"name\":\"ArtsLibris\",\"url\":\"https:\\\/\\\/artslibris.cat\\\/ca\\\/\",\"logo\":{\"@type\":\"ImageObject\",\"inLanguage\":\"ca\",\"@id\":\"https:\\\/\\\/artslibris.cat\\\/ca\\\/#\\\/schema\\\/logo\\\/image\\\/\",\"url\":\"https:\\\/\\\/artslibris.cat\\\/wp-content\\\/uploads\\\/2020\\\/05\\\/ArtsLibris-logo-black.svg\",\"contentUrl\":\"https:\\\/\\\/artslibris.cat\\\/wp-content\\\/uploads\\\/2020\\\/05\\\/ArtsLibris-logo-black.svg\",\"width\":521,\"height\":85,\"caption\":\"ArtsLibris\"},\"image\":{\"@id\":\"https:\\\/\\\/artslibris.cat\\\/ca\\\/#\\\/schema\\\/logo\\\/image\\\/\"},\"sameAs\":[\"https:\\\/\\\/www.facebook.com\\\/artslibris\\\/\",\"https:\\\/\\\/x.com\\\/ArtsLibris\",\"https:\\\/\\\/www.instagram.com\\\/artslibris\\\/\"]}]}<\/script>\n<!-- \/ Yoast SEO plugin. -->","yoast_head_json":{"title":"Meandering: Art, Ecology, and Metaphysics - ArtsLibris","robots":{"index":"index","follow":"follow","max-snippet":"max-snippet:-1","max-image-preview":"max-image-preview:large","max-video-preview":"max-video-preview:-1"},"canonical":"https:\/\/artslibris.cat\/ca\/tienda\/arte-contemporaneo\/meandering-art-ecology-and-metaphysics\/","og_locale":"ca_ES","og_type":"article","og_title":"Meandering: Art, Ecology, and Metaphysics - ArtsLibris","og_description":"T\u00edtulo: Meandering: Art, Ecology, and Metaphysics  Editorial: TBA21  Editor\/a: Sofia Lemos  A\u00f1o de publicaci\u00f3n: 2024  Idioma: Ingl\u00e9s  N\u00famero de p\u00e1ginas: 320  Tama\u00f1o: 17 x 24 cm  ISBN: 9781915609519","og_url":"https:\/\/artslibris.cat\/ca\/tienda\/arte-contemporaneo\/meandering-art-ecology-and-metaphysics\/","og_site_name":"ArtsLibris","article_publisher":"https:\/\/www.facebook.com\/artslibris\/","article_modified_time":"2026-02-26T11:36:48+00:00","og_image":[{"width":770,"height":583,"url":"https:\/\/artslibris.cat\/wp-content\/uploads\/2026\/02\/Meandering.webp","type":"image\/webp"}],"twitter_card":"summary_large_image","twitter_site":"@ArtsLibris","twitter_misc":{"Temps estimat de lectura":"2 minuts"},"schema":{"@context":"https:\/\/schema.org","@graph":[{"@type":"WebPage","@id":"https:\/\/artslibris.cat\/ca\/tienda\/arte-contemporaneo\/meandering-art-ecology-and-metaphysics\/","url":"https:\/\/artslibris.cat\/ca\/tienda\/arte-contemporaneo\/meandering-art-ecology-and-metaphysics\/","name":"Meandering: Art, Ecology, and Metaphysics - ArtsLibris","isPartOf":{"@id":"https:\/\/artslibris.cat\/ca\/#website"},"primaryImageOfPage":{"@id":"https:\/\/artslibris.cat\/ca\/tienda\/arte-contemporaneo\/meandering-art-ecology-and-metaphysics\/#primaryimage"},"image":{"@id":"https:\/\/artslibris.cat\/ca\/tienda\/arte-contemporaneo\/meandering-art-ecology-and-metaphysics\/#primaryimage"},"thumbnailUrl":"https:\/\/artslibris.cat\/wp-content\/uploads\/2026\/02\/Meandering.webp","datePublished":"2026-02-19T12:39:47+00:00","dateModified":"2026-02-26T11:36:48+00:00","breadcrumb":{"@id":"https:\/\/artslibris.cat\/ca\/tienda\/arte-contemporaneo\/meandering-art-ecology-and-metaphysics\/#breadcrumb"},"inLanguage":"ca","potentialAction":[{"@type":"ReadAction","target":["https:\/\/artslibris.cat\/ca\/tienda\/arte-contemporaneo\/meandering-art-ecology-and-metaphysics\/"]}]},{"@type":"ImageObject","inLanguage":"ca","@id":"https:\/\/artslibris.cat\/ca\/tienda\/arte-contemporaneo\/meandering-art-ecology-and-metaphysics\/#primaryimage","url":"https:\/\/artslibris.cat\/wp-content\/uploads\/2026\/02\/Meandering.webp","contentUrl":"https:\/\/artslibris.cat\/wp-content\/uploads\/2026\/02\/Meandering.webp","width":770,"height":583},{"@type":"BreadcrumbList","@id":"https:\/\/artslibris.cat\/ca\/tienda\/arte-contemporaneo\/meandering-art-ecology-and-metaphysics\/#breadcrumb","itemListElement":[{"@type":"ListItem","position":1,"name":"Portada","item":"https:\/\/artslibris.cat\/ca\/"},{"@type":"ListItem","position":2,"name":"Tenda","item":"https:\/\/artslibris.cat\/ca\/tenda\/"},{"@type":"ListItem","position":3,"name":"Meandering: Art, Ecology, and Metaphysics"}]},{"@type":"WebSite","@id":"https:\/\/artslibris.cat\/ca\/#website","url":"https:\/\/artslibris.cat\/ca\/","name":"ArtsLibris","description":"","publisher":{"@id":"https:\/\/artslibris.cat\/ca\/#organization"},"potentialAction":[{"@type":"SearchAction","target":{"@type":"EntryPoint","urlTemplate":"https:\/\/artslibris.cat\/ca\/?s={search_term_string}"},"query-input":{"@type":"PropertyValueSpecification","valueRequired":true,"valueName":"search_term_string"}}],"inLanguage":"ca"},{"@type":"Organization","@id":"https:\/\/artslibris.cat\/ca\/#organization","name":"ArtsLibris","url":"https:\/\/artslibris.cat\/ca\/","logo":{"@type":"ImageObject","inLanguage":"ca","@id":"https:\/\/artslibris.cat\/ca\/#\/schema\/logo\/image\/","url":"https:\/\/artslibris.cat\/wp-content\/uploads\/2020\/05\/ArtsLibris-logo-black.svg","contentUrl":"https:\/\/artslibris.cat\/wp-content\/uploads\/2020\/05\/ArtsLibris-logo-black.svg","width":521,"height":85,"caption":"ArtsLibris"},"image":{"@id":"https:\/\/artslibris.cat\/ca\/#\/schema\/logo\/image\/"},"sameAs":["https:\/\/www.facebook.com\/artslibris\/","https:\/\/x.com\/ArtsLibris","https:\/\/www.instagram.com\/artslibris\/"]}]}},"_links":{"self":[{"href":"https:\/\/artslibris.cat\/ca\/wp-json\/wp\/v2\/product\/33518","targetHints":{"allow":["GET"]}}],"collection":[{"href":"https:\/\/artslibris.cat\/ca\/wp-json\/wp\/v2\/product"}],"about":[{"href":"https:\/\/artslibris.cat\/ca\/wp-json\/wp\/v2\/types\/product"}],"wp:featuredmedia":[{"embeddable":true,"href":"https:\/\/artslibris.cat\/ca\/wp-json\/wp\/v2\/media\/33519"}],"wp:attachment":[{"href":"https:\/\/artslibris.cat\/ca\/wp-json\/wp\/v2\/media?parent=33518"}],"wp:term":[{"taxonomy":"product_brand","embeddable":true,"href":"https:\/\/artslibris.cat\/ca\/wp-json\/wp\/v2\/product_brand?post=33518"},{"taxonomy":"product_cat","embeddable":true,"href":"https:\/\/artslibris.cat\/ca\/wp-json\/wp\/v2\/product_cat?post=33518"},{"taxonomy":"product_tag","embeddable":true,"href":"https:\/\/artslibris.cat\/ca\/wp-json\/wp\/v2\/product_tag?post=33518"}],"curies":[{"name":"wp","href":"https:\/\/api.w.org\/{rel}","templated":true}]}}