{"id":33472,"date":"2026-02-19T11:28:43","date_gmt":"2026-02-19T11:28:43","guid":{"rendered":"https:\/\/artslibris.cat\/?post_type=product&#038;p=33472"},"modified":"2026-02-19T11:28:44","modified_gmt":"2026-02-19T11:28:44","slug":"el-visitant-ideal-duna-col-leccio-sentimental","status":"publish","type":"product","link":"https:\/\/artslibris.cat\/ca\/tienda\/arte-contemporaneo\/el-visitant-ideal-duna-col-leccio-sentimental\/","title":{"rendered":"El visitant ideal d\u2019una col.lecci\u00f3 sentimental"},"content":{"rendered":"","protected":false},"excerpt":{"rendered":"<p>T\u00edtulo: El visitant ideal d\u2019una col.lecci\u00f3 sentimental<\/p>\n<p>Editorial: La capella, The flames<\/p>\n<p>Autores: <a href=\"https:\/\/documentamusac.org\/autor\/farres-duran-enric\/\">\u00a0Enric<\/a> <a href=\"https:\/\/documentamusac.org\/autor\/farres-duran-enric\/\">Farr\u00e9s Duran, <\/a><a href=\"https:\/\/documentamusac.org\/autor\/llaurado-farres-joana\/\">Joana <\/a><a href=\"https:\/\/documentamusac.org\/autor\/llaurado-farres-joana\/\">Llaurad\u00f3 Farr\u00e9s, <\/a><\/p>\n<p>A\u00f1o de publicaci\u00f3n: 2015<\/p>\n<p>Idioma: Catal\u00e1n , Castellano y Ingl\u00e9s<\/p>\n<p>N\u00famero de p\u00e1ginas: 56<\/p>\n<p>Tama\u00f1o: 15 x 24 cm<\/p>\n<p>Encuadernaci\u00f3n: R\u00fastica<\/p>\n<p>ISBN: 9788498507423<\/p>\n","protected":false},"featured_media":33477,"template":"","meta":{"_acf_changed":false,"site-sidebar-layout":"default","site-content-layout":"","ast-site-content-layout":"default","site-content-style":"default","site-sidebar-style":"default","ast-global-header-display":"","ast-banner-title-visibility":"","ast-main-header-display":"","ast-hfb-above-header-display":"","ast-hfb-below-header-display":"","ast-hfb-mobile-header-display":"","site-post-title":"","ast-breadcrumbs-content":"","ast-featured-img":"","footer-sml-layout":"","ast-disable-related-posts":"","theme-transparent-header-meta":"default","adv-header-id-meta":"","stick-header-meta":"","header-above-stick-meta":"","header-main-stick-meta":"","header-below-stick-meta":"","astra-migrate-meta-layouts":"set","ast-page-background-enabled":"default","ast-page-background-meta":{"desktop":{"background-color":"","background-image":"","background-repeat":"repeat","background-position":"center center","background-size":"auto","background-attachment":"scroll","background-type":"","background-media":"","overlay-type":"","overlay-color":"","overlay-opacity":"","overlay-gradient":""},"tablet":{"background-color":"","background-image":"","background-repeat":"repeat","background-position":"center center","background-size":"auto","background-attachment":"scroll","background-type":"","background-media":"","overlay-type":"","overlay-color":"","overlay-opacity":"","overlay-gradient":""},"mobile":{"background-color":"","background-image":"","background-repeat":"repeat","background-position":"center center","background-size":"auto","background-attachment":"scroll","background-type":"","background-media":"","overlay-type":"","overlay-color":"","overlay-opacity":"","overlay-gradient":""}},"ast-content-background-meta":{"desktop":{"background-color":"var(--ast-global-color-5)","background-image":"","background-repeat":"repeat","background-position":"center center","background-size":"auto","background-attachment":"scroll","background-type":"","background-media":"","overlay-type":"","overlay-color":"","overlay-opacity":"","overlay-gradient":""},"tablet":{"background-color":"var(--ast-global-color-5)","background-image":"","background-repeat":"repeat","background-position":"center center","background-size":"auto","background-attachment":"scroll","background-type":"","background-media":"","overlay-type":"","overlay-color":"","overlay-opacity":"","overlay-gradient":""},"mobile":{"background-color":"var(--ast-global-color-5)","background-image":"","background-repeat":"repeat","background-position":"center center","background-size":"auto","background-attachment":"scroll","background-type":"","background-media":"","overlay-type":"","overlay-color":"","overlay-opacity":"","overlay-gradient":""}}},"product_brand":[],"product_cat":[521],"product_tag":[551,552],"class_list":{"0":"post-33472","1":"product","2":"type-product","3":"status-publish","4":"has-post-thumbnail","6":"product_cat-arte-contemporaneo","7":"product_tag-la-capella","8":"product_tag-the-flames","9":"desktop-align-left","10":"tablet-align-left","11":"mobile-align-left","13":"first","14":"instock","15":"shipping-taxable","16":"purchasable","17":"product-type-simple"},"acf":[],"yoast_head":"<!-- This site is optimized with the Yoast SEO plugin v27.3 - https:\/\/yoast.com\/product\/yoast-seo-wordpress\/ -->\n<title>El visitant ideal d\u2019una col.lecci\u00f3 sentimental - ArtsLibris<\/title>\n<meta name=\"robots\" content=\"index, follow, max-snippet:-1, max-image-preview:large, max-video-preview:-1\" \/>\n<link rel=\"canonical\" href=\"https:\/\/artslibris.cat\/ca\/tienda\/arte-contemporaneo\/el-visitant-ideal-duna-col-leccio-sentimental\/\" \/>\n<meta property=\"og:locale\" content=\"ca_ES\" \/>\n<meta property=\"og:type\" content=\"article\" \/>\n<meta property=\"og:title\" content=\"El visitant ideal d\u2019una col.lecci\u00f3 sentimental - ArtsLibris\" \/>\n<meta property=\"og:description\" content=\"T\u00edtulo: El visitant ideal d\u2019una col.lecci\u00f3 sentimental  Editorial: La capella, The flames  Autores: \u00a0Enric Farr\u00e9s Duran, Joana Llaurad\u00f3 Farr\u00e9s,   A\u00f1o de publicaci\u00f3n: 2015  Idioma: Catal\u00e1n , Castellano y Ingl\u00e9s  N\u00famero de p\u00e1ginas: 56  Tama\u00f1o: 15 x 24 cm  Encuadernaci\u00f3n: R\u00fastica  ISBN: 9788498507423\" \/>\n<meta property=\"og:url\" content=\"https:\/\/artslibris.cat\/ca\/tienda\/arte-contemporaneo\/el-visitant-ideal-duna-col-leccio-sentimental\/\" \/>\n<meta property=\"og:site_name\" content=\"ArtsLibris\" \/>\n<meta property=\"article:publisher\" content=\"https:\/\/www.facebook.com\/artslibris\/\" \/>\n<meta property=\"article:modified_time\" content=\"2026-02-19T11:28:44+00:00\" \/>\n<meta property=\"og:image\" content=\"https:\/\/artslibris.cat\/wp-content\/uploads\/2026\/02\/visitant.webp\" \/>\n\t<meta property=\"og:image:width\" content=\"1176\" \/>\n\t<meta property=\"og:image:height\" content=\"1889\" \/>\n\t<meta property=\"og:image:type\" content=\"image\/webp\" \/>\n<meta name=\"twitter:card\" content=\"summary_large_image\" \/>\n<meta name=\"twitter:site\" content=\"@ArtsLibris\" \/>\n<meta name=\"twitter:label1\" content=\"Temps estimat de lectura\" \/>\n\t<meta name=\"twitter:data1\" content=\"1 minut\" \/>\n<script type=\"application\/ld+json\" class=\"yoast-schema-graph\">{\"@context\":\"https:\\\/\\\/schema.org\",\"@graph\":[{\"@type\":\"WebPage\",\"@id\":\"https:\\\/\\\/artslibris.cat\\\/ca\\\/tienda\\\/arte-contemporaneo\\\/el-visitant-ideal-duna-col-leccio-sentimental\\\/\",\"url\":\"https:\\\/\\\/artslibris.cat\\\/ca\\\/tienda\\\/arte-contemporaneo\\\/el-visitant-ideal-duna-col-leccio-sentimental\\\/\",\"name\":\"El visitant ideal d\u2019una col.lecci\u00f3 sentimental - ArtsLibris\",\"isPartOf\":{\"@id\":\"https:\\\/\\\/artslibris.cat\\\/ca\\\/#website\"},\"primaryImageOfPage\":{\"@id\":\"https:\\\/\\\/artslibris.cat\\\/ca\\\/tienda\\\/arte-contemporaneo\\\/el-visitant-ideal-duna-col-leccio-sentimental\\\/#primaryimage\"},\"image\":{\"@id\":\"https:\\\/\\\/artslibris.cat\\\/ca\\\/tienda\\\/arte-contemporaneo\\\/el-visitant-ideal-duna-col-leccio-sentimental\\\/#primaryimage\"},\"thumbnailUrl\":\"https:\\\/\\\/artslibris.cat\\\/wp-content\\\/uploads\\\/2026\\\/02\\\/visitant.webp\",\"datePublished\":\"2026-02-19T11:28:43+00:00\",\"dateModified\":\"2026-02-19T11:28:44+00:00\",\"breadcrumb\":{\"@id\":\"https:\\\/\\\/artslibris.cat\\\/ca\\\/tienda\\\/arte-contemporaneo\\\/el-visitant-ideal-duna-col-leccio-sentimental\\\/#breadcrumb\"},\"inLanguage\":\"ca\",\"potentialAction\":[{\"@type\":\"ReadAction\",\"target\":[\"https:\\\/\\\/artslibris.cat\\\/ca\\\/tienda\\\/arte-contemporaneo\\\/el-visitant-ideal-duna-col-leccio-sentimental\\\/\"]}]},{\"@type\":\"ImageObject\",\"inLanguage\":\"ca\",\"@id\":\"https:\\\/\\\/artslibris.cat\\\/ca\\\/tienda\\\/arte-contemporaneo\\\/el-visitant-ideal-duna-col-leccio-sentimental\\\/#primaryimage\",\"url\":\"https:\\\/\\\/artslibris.cat\\\/wp-content\\\/uploads\\\/2026\\\/02\\\/visitant.webp\",\"contentUrl\":\"https:\\\/\\\/artslibris.cat\\\/wp-content\\\/uploads\\\/2026\\\/02\\\/visitant.webp\",\"width\":1176,\"height\":1889},{\"@type\":\"BreadcrumbList\",\"@id\":\"https:\\\/\\\/artslibris.cat\\\/ca\\\/tienda\\\/arte-contemporaneo\\\/el-visitant-ideal-duna-col-leccio-sentimental\\\/#breadcrumb\",\"itemListElement\":[{\"@type\":\"ListItem\",\"position\":1,\"name\":\"Portada\",\"item\":\"https:\\\/\\\/artslibris.cat\\\/ca\\\/\"},{\"@type\":\"ListItem\",\"position\":2,\"name\":\"Tenda\",\"item\":\"https:\\\/\\\/artslibris.cat\\\/ca\\\/tenda\\\/\"},{\"@type\":\"ListItem\",\"position\":3,\"name\":\"El visitant ideal d\u2019una col.lecci\u00f3 sentimental\"}]},{\"@type\":\"WebSite\",\"@id\":\"https:\\\/\\\/artslibris.cat\\\/ca\\\/#website\",\"url\":\"https:\\\/\\\/artslibris.cat\\\/ca\\\/\",\"name\":\"ArtsLibris\",\"description\":\"\",\"publisher\":{\"@id\":\"https:\\\/\\\/artslibris.cat\\\/ca\\\/#organization\"},\"potentialAction\":[{\"@type\":\"SearchAction\",\"target\":{\"@type\":\"EntryPoint\",\"urlTemplate\":\"https:\\\/\\\/artslibris.cat\\\/ca\\\/?s={search_term_string}\"},\"query-input\":{\"@type\":\"PropertyValueSpecification\",\"valueRequired\":true,\"valueName\":\"search_term_string\"}}],\"inLanguage\":\"ca\"},{\"@type\":\"Organization\",\"@id\":\"https:\\\/\\\/artslibris.cat\\\/ca\\\/#organization\",\"name\":\"ArtsLibris\",\"url\":\"https:\\\/\\\/artslibris.cat\\\/ca\\\/\",\"logo\":{\"@type\":\"ImageObject\",\"inLanguage\":\"ca\",\"@id\":\"https:\\\/\\\/artslibris.cat\\\/ca\\\/#\\\/schema\\\/logo\\\/image\\\/\",\"url\":\"https:\\\/\\\/artslibris.cat\\\/wp-content\\\/uploads\\\/2020\\\/05\\\/ArtsLibris-logo-black.svg\",\"contentUrl\":\"https:\\\/\\\/artslibris.cat\\\/wp-content\\\/uploads\\\/2020\\\/05\\\/ArtsLibris-logo-black.svg\",\"width\":521,\"height\":85,\"caption\":\"ArtsLibris\"},\"image\":{\"@id\":\"https:\\\/\\\/artslibris.cat\\\/ca\\\/#\\\/schema\\\/logo\\\/image\\\/\"},\"sameAs\":[\"https:\\\/\\\/www.facebook.com\\\/artslibris\\\/\",\"https:\\\/\\\/x.com\\\/ArtsLibris\",\"https:\\\/\\\/www.instagram.com\\\/artslibris\\\/\"]}]}<\/script>\n<!-- \/ Yoast SEO plugin. -->","yoast_head_json":{"title":"El visitant ideal d\u2019una col.lecci\u00f3 sentimental - ArtsLibris","robots":{"index":"index","follow":"follow","max-snippet":"max-snippet:-1","max-image-preview":"max-image-preview:large","max-video-preview":"max-video-preview:-1"},"canonical":"https:\/\/artslibris.cat\/ca\/tienda\/arte-contemporaneo\/el-visitant-ideal-duna-col-leccio-sentimental\/","og_locale":"ca_ES","og_type":"article","og_title":"El visitant ideal d\u2019una col.lecci\u00f3 sentimental - ArtsLibris","og_description":"T\u00edtulo: El visitant ideal d\u2019una col.lecci\u00f3 sentimental  Editorial: La capella, The flames  Autores: \u00a0Enric Farr\u00e9s Duran, Joana Llaurad\u00f3 Farr\u00e9s,   A\u00f1o de publicaci\u00f3n: 2015  Idioma: Catal\u00e1n , Castellano y Ingl\u00e9s  N\u00famero de p\u00e1ginas: 56  Tama\u00f1o: 15 x 24 cm  Encuadernaci\u00f3n: R\u00fastica  ISBN: 9788498507423","og_url":"https:\/\/artslibris.cat\/ca\/tienda\/arte-contemporaneo\/el-visitant-ideal-duna-col-leccio-sentimental\/","og_site_name":"ArtsLibris","article_publisher":"https:\/\/www.facebook.com\/artslibris\/","article_modified_time":"2026-02-19T11:28:44+00:00","og_image":[{"width":1176,"height":1889,"url":"https:\/\/artslibris.cat\/wp-content\/uploads\/2026\/02\/visitant.webp","type":"image\/webp"}],"twitter_card":"summary_large_image","twitter_site":"@ArtsLibris","twitter_misc":{"Temps estimat de lectura":"1 minut"},"schema":{"@context":"https:\/\/schema.org","@graph":[{"@type":"WebPage","@id":"https:\/\/artslibris.cat\/ca\/tienda\/arte-contemporaneo\/el-visitant-ideal-duna-col-leccio-sentimental\/","url":"https:\/\/artslibris.cat\/ca\/tienda\/arte-contemporaneo\/el-visitant-ideal-duna-col-leccio-sentimental\/","name":"El visitant ideal d\u2019una col.lecci\u00f3 sentimental - ArtsLibris","isPartOf":{"@id":"https:\/\/artslibris.cat\/ca\/#website"},"primaryImageOfPage":{"@id":"https:\/\/artslibris.cat\/ca\/tienda\/arte-contemporaneo\/el-visitant-ideal-duna-col-leccio-sentimental\/#primaryimage"},"image":{"@id":"https:\/\/artslibris.cat\/ca\/tienda\/arte-contemporaneo\/el-visitant-ideal-duna-col-leccio-sentimental\/#primaryimage"},"thumbnailUrl":"https:\/\/artslibris.cat\/wp-content\/uploads\/2026\/02\/visitant.webp","datePublished":"2026-02-19T11:28:43+00:00","dateModified":"2026-02-19T11:28:44+00:00","breadcrumb":{"@id":"https:\/\/artslibris.cat\/ca\/tienda\/arte-contemporaneo\/el-visitant-ideal-duna-col-leccio-sentimental\/#breadcrumb"},"inLanguage":"ca","potentialAction":[{"@type":"ReadAction","target":["https:\/\/artslibris.cat\/ca\/tienda\/arte-contemporaneo\/el-visitant-ideal-duna-col-leccio-sentimental\/"]}]},{"@type":"ImageObject","inLanguage":"ca","@id":"https:\/\/artslibris.cat\/ca\/tienda\/arte-contemporaneo\/el-visitant-ideal-duna-col-leccio-sentimental\/#primaryimage","url":"https:\/\/artslibris.cat\/wp-content\/uploads\/2026\/02\/visitant.webp","contentUrl":"https:\/\/artslibris.cat\/wp-content\/uploads\/2026\/02\/visitant.webp","width":1176,"height":1889},{"@type":"BreadcrumbList","@id":"https:\/\/artslibris.cat\/ca\/tienda\/arte-contemporaneo\/el-visitant-ideal-duna-col-leccio-sentimental\/#breadcrumb","itemListElement":[{"@type":"ListItem","position":1,"name":"Portada","item":"https:\/\/artslibris.cat\/ca\/"},{"@type":"ListItem","position":2,"name":"Tenda","item":"https:\/\/artslibris.cat\/ca\/tenda\/"},{"@type":"ListItem","position":3,"name":"El visitant ideal d\u2019una col.lecci\u00f3 sentimental"}]},{"@type":"WebSite","@id":"https:\/\/artslibris.cat\/ca\/#website","url":"https:\/\/artslibris.cat\/ca\/","name":"ArtsLibris","description":"","publisher":{"@id":"https:\/\/artslibris.cat\/ca\/#organization"},"potentialAction":[{"@type":"SearchAction","target":{"@type":"EntryPoint","urlTemplate":"https:\/\/artslibris.cat\/ca\/?s={search_term_string}"},"query-input":{"@type":"PropertyValueSpecification","valueRequired":true,"valueName":"search_term_string"}}],"inLanguage":"ca"},{"@type":"Organization","@id":"https:\/\/artslibris.cat\/ca\/#organization","name":"ArtsLibris","url":"https:\/\/artslibris.cat\/ca\/","logo":{"@type":"ImageObject","inLanguage":"ca","@id":"https:\/\/artslibris.cat\/ca\/#\/schema\/logo\/image\/","url":"https:\/\/artslibris.cat\/wp-content\/uploads\/2020\/05\/ArtsLibris-logo-black.svg","contentUrl":"https:\/\/artslibris.cat\/wp-content\/uploads\/2020\/05\/ArtsLibris-logo-black.svg","width":521,"height":85,"caption":"ArtsLibris"},"image":{"@id":"https:\/\/artslibris.cat\/ca\/#\/schema\/logo\/image\/"},"sameAs":["https:\/\/www.facebook.com\/artslibris\/","https:\/\/x.com\/ArtsLibris","https:\/\/www.instagram.com\/artslibris\/"]}]}},"_links":{"self":[{"href":"https:\/\/artslibris.cat\/ca\/wp-json\/wp\/v2\/product\/33472","targetHints":{"allow":["GET"]}}],"collection":[{"href":"https:\/\/artslibris.cat\/ca\/wp-json\/wp\/v2\/product"}],"about":[{"href":"https:\/\/artslibris.cat\/ca\/wp-json\/wp\/v2\/types\/product"}],"wp:featuredmedia":[{"embeddable":true,"href":"https:\/\/artslibris.cat\/ca\/wp-json\/wp\/v2\/media\/33477"}],"wp:attachment":[{"href":"https:\/\/artslibris.cat\/ca\/wp-json\/wp\/v2\/media?parent=33472"}],"wp:term":[{"taxonomy":"product_brand","embeddable":true,"href":"https:\/\/artslibris.cat\/ca\/wp-json\/wp\/v2\/product_brand?post=33472"},{"taxonomy":"product_cat","embeddable":true,"href":"https:\/\/artslibris.cat\/ca\/wp-json\/wp\/v2\/product_cat?post=33472"},{"taxonomy":"product_tag","embeddable":true,"href":"https:\/\/artslibris.cat\/ca\/wp-json\/wp\/v2\/product_tag?post=33472"}],"curies":[{"name":"wp","href":"https:\/\/api.w.org\/{rel}","templated":true}]}}