{"id":33230,"date":"2026-02-16T11:19:30","date_gmt":"2026-02-16T11:19:30","guid":{"rendered":"https:\/\/artslibris.cat\/?post_type=product&#038;p=33230"},"modified":"2026-02-16T11:20:03","modified_gmt":"2026-02-16T11:20:03","slug":"teatre-deamadors","status":"publish","type":"product","link":"https:\/\/artslibris.cat\/ca\/tienda\/teatro\/teatre-deamadors\/","title":{"rendered":"Teatre de\u00b4amadors"},"content":{"rendered":"<p><em>Teatre d&#8217;amadors\u00a0<\/em>aborda el potencial ficcional de l&#8217;actor amateur. S&#8217;ha proposat a un grup de teatre amateur tornar a treballar una obra del seu repertori a partir d&#8217;un pacte ficcional: l&#8217;abs\u00e8ncia d&#8217;un dels seus membres, introduint aquesta situaci\u00f3 fictic\u00eda, que afecta d&#8217;una manera cr\u00edtica les din\u00e0miques de representaci\u00f3 habituals del grup; es planteja un problema existencial i dramat\u00fargic que exigeix una estrat\u00e8gia conjunta.<\/p>\n","protected":false},"excerpt":{"rendered":"<p><span style=\"font-weight: 400\">T\u00edtulo: Teatre de\u00b4amadors<\/span><\/p>\n<p><span style=\"font-weight: 400\">Editorial: <span data-sheets-root=\"1\">La capella, The flames<\/span><\/span><\/p>\n<p><span style=\"font-weight: 400\">Autor\/a: <\/span>Oriol Nogu\u00e9s<\/p>\n<p><span style=\"font-weight: 400\">A\u00f1o de publicaci\u00f3n: 2017<\/span><\/p>\n<p><span style=\"font-weight: 400\">Idioma: catal\u00e1n, castellano e ingl\u00e9s<\/span><\/p>\n<p><span style=\"font-weight: 400\">N\u00famero de p\u00e1ginas: 56<\/span><\/p>\n<p><span style=\"font-weight: 400\">Tama\u00f1o: 15 x 24 cm<\/span><\/p>\n<p><span style=\"font-weight: 400\">Encuadernaci\u00f3n: R\u00fastica<\/span><\/p>\n<p><span style=\"font-weight: 400\">ISBN: 9788498509458<\/span><\/p>\n","protected":false},"featured_media":33231,"template":"","meta":{"_acf_changed":false,"site-sidebar-layout":"default","site-content-layout":"","ast-site-content-layout":"default","site-content-style":"default","site-sidebar-style":"default","ast-global-header-display":"","ast-banner-title-visibility":"","ast-main-header-display":"","ast-hfb-above-header-display":"","ast-hfb-below-header-display":"","ast-hfb-mobile-header-display":"","site-post-title":"","ast-breadcrumbs-content":"","ast-featured-img":"","footer-sml-layout":"","ast-disable-related-posts":"","theme-transparent-header-meta":"default","adv-header-id-meta":"","stick-header-meta":"","header-above-stick-meta":"","header-main-stick-meta":"","header-below-stick-meta":"","astra-migrate-meta-layouts":"set","ast-page-background-enabled":"default","ast-page-background-meta":{"desktop":{"background-color":"","background-image":"","background-repeat":"repeat","background-position":"center center","background-size":"auto","background-attachment":"scroll","background-type":"","background-media":"","overlay-type":"","overlay-color":"","overlay-opacity":"","overlay-gradient":""},"tablet":{"background-color":"","background-image":"","background-repeat":"repeat","background-position":"center center","background-size":"auto","background-attachment":"scroll","background-type":"","background-media":"","overlay-type":"","overlay-color":"","overlay-opacity":"","overlay-gradient":""},"mobile":{"background-color":"","background-image":"","background-repeat":"repeat","background-position":"center center","background-size":"auto","background-attachment":"scroll","background-type":"","background-media":"","overlay-type":"","overlay-color":"","overlay-opacity":"","overlay-gradient":""}},"ast-content-background-meta":{"desktop":{"background-color":"var(--ast-global-color-5)","background-image":"","background-repeat":"repeat","background-position":"center center","background-size":"auto","background-attachment":"scroll","background-type":"","background-media":"","overlay-type":"","overlay-color":"","overlay-opacity":"","overlay-gradient":""},"tablet":{"background-color":"var(--ast-global-color-5)","background-image":"","background-repeat":"repeat","background-position":"center center","background-size":"auto","background-attachment":"scroll","background-type":"","background-media":"","overlay-type":"","overlay-color":"","overlay-opacity":"","overlay-gradient":""},"mobile":{"background-color":"var(--ast-global-color-5)","background-image":"","background-repeat":"repeat","background-position":"center center","background-size":"auto","background-attachment":"scroll","background-type":"","background-media":"","overlay-type":"","overlay-color":"","overlay-opacity":"","overlay-gradient":""}}},"product_brand":[],"product_cat":[514],"product_tag":[551,552],"class_list":{"0":"post-33230","1":"product","2":"type-product","3":"status-publish","4":"has-post-thumbnail","6":"product_cat-teatro","7":"product_tag-la-capella","8":"product_tag-the-flames","9":"desktop-align-left","10":"tablet-align-left","11":"mobile-align-left","13":"first","14":"instock","15":"shipping-taxable","16":"purchasable","17":"product-type-simple"},"acf":[],"yoast_head":"<!-- This site is optimized with the Yoast SEO plugin v27.1.1 - https:\/\/yoast.com\/product\/yoast-seo-wordpress\/ -->\n<title>Teatre de\u00b4amadors - ArtsLibris<\/title>\n<meta name=\"robots\" content=\"index, follow, max-snippet:-1, max-image-preview:large, max-video-preview:-1\" \/>\n<link rel=\"canonical\" href=\"https:\/\/artslibris.cat\/ca\/tienda\/teatro\/teatre-deamadors\/\" \/>\n<meta property=\"og:locale\" content=\"ca_ES\" \/>\n<meta property=\"og:type\" content=\"article\" \/>\n<meta property=\"og:title\" content=\"Teatre de\u00b4amadors - ArtsLibris\" \/>\n<meta property=\"og:description\" content=\"T\u00edtulo: Teatre de\u00b4amadors  Editorial: La capella, The flames  Autor\/a: Oriol Nogu\u00e9s  A\u00f1o de publicaci\u00f3n: 2017  Idioma: catal\u00e1n, castellano e ingl\u00e9s  N\u00famero de p\u00e1ginas: 56  Tama\u00f1o: 15 x 24 cm  Encuadernaci\u00f3n: R\u00fastica  ISBN: 9788498509458\" \/>\n<meta property=\"og:url\" content=\"https:\/\/artslibris.cat\/ca\/tienda\/teatro\/teatre-deamadors\/\" \/>\n<meta property=\"og:site_name\" content=\"ArtsLibris\" \/>\n<meta property=\"article:publisher\" content=\"https:\/\/www.facebook.com\/artslibris\/\" \/>\n<meta property=\"article:modified_time\" content=\"2026-02-16T11:20:03+00:00\" \/>\n<meta property=\"og:image\" content=\"https:\/\/artslibris.cat\/wp-content\/uploads\/2026\/02\/372c1370_alb_0297.webp\" \/>\n\t<meta property=\"og:image:width\" content=\"700\" \/>\n\t<meta property=\"og:image:height\" content=\"699\" \/>\n\t<meta property=\"og:image:type\" content=\"image\/webp\" \/>\n<meta name=\"twitter:card\" content=\"summary_large_image\" \/>\n<meta name=\"twitter:site\" content=\"@ArtsLibris\" \/>\n<meta name=\"twitter:label1\" content=\"Temps estimat de lectura\" \/>\n\t<meta name=\"twitter:data1\" content=\"1 minut\" \/>\n<script type=\"application\/ld+json\" class=\"yoast-schema-graph\">{\"@context\":\"https:\/\/schema.org\",\"@graph\":[{\"@type\":\"WebPage\",\"@id\":\"https:\/\/artslibris.cat\/ca\/tienda\/teatro\/teatre-deamadors\/\",\"url\":\"https:\/\/artslibris.cat\/ca\/tienda\/teatro\/teatre-deamadors\/\",\"name\":\"Teatre de\u00b4amadors - ArtsLibris\",\"isPartOf\":{\"@id\":\"https:\/\/artslibris.cat\/ca\/#website\"},\"primaryImageOfPage\":{\"@id\":\"https:\/\/artslibris.cat\/ca\/tienda\/teatro\/teatre-deamadors\/#primaryimage\"},\"image\":{\"@id\":\"https:\/\/artslibris.cat\/ca\/tienda\/teatro\/teatre-deamadors\/#primaryimage\"},\"thumbnailUrl\":\"https:\/\/artslibris.cat\/wp-content\/uploads\/2026\/02\/372c1370_alb_0297.webp\",\"datePublished\":\"2026-02-16T11:19:30+00:00\",\"dateModified\":\"2026-02-16T11:20:03+00:00\",\"breadcrumb\":{\"@id\":\"https:\/\/artslibris.cat\/ca\/tienda\/teatro\/teatre-deamadors\/#breadcrumb\"},\"inLanguage\":\"ca\",\"potentialAction\":[{\"@type\":\"ReadAction\",\"target\":[\"https:\/\/artslibris.cat\/ca\/tienda\/teatro\/teatre-deamadors\/\"]}]},{\"@type\":\"ImageObject\",\"inLanguage\":\"ca\",\"@id\":\"https:\/\/artslibris.cat\/ca\/tienda\/teatro\/teatre-deamadors\/#primaryimage\",\"url\":\"https:\/\/artslibris.cat\/wp-content\/uploads\/2026\/02\/372c1370_alb_0297.webp\",\"contentUrl\":\"https:\/\/artslibris.cat\/wp-content\/uploads\/2026\/02\/372c1370_alb_0297.webp\",\"width\":700,\"height\":699},{\"@type\":\"BreadcrumbList\",\"@id\":\"https:\/\/artslibris.cat\/ca\/tienda\/teatro\/teatre-deamadors\/#breadcrumb\",\"itemListElement\":[{\"@type\":\"ListItem\",\"position\":1,\"name\":\"Portada\",\"item\":\"https:\/\/artslibris.cat\/ca\/\"},{\"@type\":\"ListItem\",\"position\":2,\"name\":\"Tenda\",\"item\":\"https:\/\/artslibris.cat\/ca\/tenda\/\"},{\"@type\":\"ListItem\",\"position\":3,\"name\":\"Teatre de\u00b4amadors\"}]},{\"@type\":\"WebSite\",\"@id\":\"https:\/\/artslibris.cat\/ca\/#website\",\"url\":\"https:\/\/artslibris.cat\/ca\/\",\"name\":\"ArtsLibris\",\"description\":\"\",\"publisher\":{\"@id\":\"https:\/\/artslibris.cat\/ca\/#organization\"},\"potentialAction\":[{\"@type\":\"SearchAction\",\"target\":{\"@type\":\"EntryPoint\",\"urlTemplate\":\"https:\/\/artslibris.cat\/ca\/?s={search_term_string}\"},\"query-input\":{\"@type\":\"PropertyValueSpecification\",\"valueRequired\":true,\"valueName\":\"search_term_string\"}}],\"inLanguage\":\"ca\"},{\"@type\":\"Organization\",\"@id\":\"https:\/\/artslibris.cat\/ca\/#organization\",\"name\":\"ArtsLibris\",\"url\":\"https:\/\/artslibris.cat\/ca\/\",\"logo\":{\"@type\":\"ImageObject\",\"inLanguage\":\"ca\",\"@id\":\"https:\/\/artslibris.cat\/ca\/#\/schema\/logo\/image\/\",\"url\":\"https:\/\/artslibris.cat\/wp-content\/uploads\/2020\/05\/ArtsLibris-logo-black.svg\",\"contentUrl\":\"https:\/\/artslibris.cat\/wp-content\/uploads\/2020\/05\/ArtsLibris-logo-black.svg\",\"width\":521,\"height\":85,\"caption\":\"ArtsLibris\"},\"image\":{\"@id\":\"https:\/\/artslibris.cat\/ca\/#\/schema\/logo\/image\/\"},\"sameAs\":[\"https:\/\/www.facebook.com\/artslibris\/\",\"https:\/\/x.com\/ArtsLibris\",\"https:\/\/www.instagram.com\/artslibris\/\"]}]}<\/script>\n<!-- \/ Yoast SEO plugin. -->","yoast_head_json":{"title":"Teatre de\u00b4amadors - ArtsLibris","robots":{"index":"index","follow":"follow","max-snippet":"max-snippet:-1","max-image-preview":"max-image-preview:large","max-video-preview":"max-video-preview:-1"},"canonical":"https:\/\/artslibris.cat\/ca\/tienda\/teatro\/teatre-deamadors\/","og_locale":"ca_ES","og_type":"article","og_title":"Teatre de\u00b4amadors - ArtsLibris","og_description":"T\u00edtulo: Teatre de\u00b4amadors  Editorial: La capella, The flames  Autor\/a: Oriol Nogu\u00e9s  A\u00f1o de publicaci\u00f3n: 2017  Idioma: catal\u00e1n, castellano e ingl\u00e9s  N\u00famero de p\u00e1ginas: 56  Tama\u00f1o: 15 x 24 cm  Encuadernaci\u00f3n: R\u00fastica  ISBN: 9788498509458","og_url":"https:\/\/artslibris.cat\/ca\/tienda\/teatro\/teatre-deamadors\/","og_site_name":"ArtsLibris","article_publisher":"https:\/\/www.facebook.com\/artslibris\/","article_modified_time":"2026-02-16T11:20:03+00:00","og_image":[{"width":700,"height":699,"url":"https:\/\/artslibris.cat\/wp-content\/uploads\/2026\/02\/372c1370_alb_0297.webp","type":"image\/webp"}],"twitter_card":"summary_large_image","twitter_site":"@ArtsLibris","twitter_misc":{"Temps estimat de lectura":"1 minut"},"schema":{"@context":"https:\/\/schema.org","@graph":[{"@type":"WebPage","@id":"https:\/\/artslibris.cat\/ca\/tienda\/teatro\/teatre-deamadors\/","url":"https:\/\/artslibris.cat\/ca\/tienda\/teatro\/teatre-deamadors\/","name":"Teatre de\u00b4amadors - ArtsLibris","isPartOf":{"@id":"https:\/\/artslibris.cat\/ca\/#website"},"primaryImageOfPage":{"@id":"https:\/\/artslibris.cat\/ca\/tienda\/teatro\/teatre-deamadors\/#primaryimage"},"image":{"@id":"https:\/\/artslibris.cat\/ca\/tienda\/teatro\/teatre-deamadors\/#primaryimage"},"thumbnailUrl":"https:\/\/artslibris.cat\/wp-content\/uploads\/2026\/02\/372c1370_alb_0297.webp","datePublished":"2026-02-16T11:19:30+00:00","dateModified":"2026-02-16T11:20:03+00:00","breadcrumb":{"@id":"https:\/\/artslibris.cat\/ca\/tienda\/teatro\/teatre-deamadors\/#breadcrumb"},"inLanguage":"ca","potentialAction":[{"@type":"ReadAction","target":["https:\/\/artslibris.cat\/ca\/tienda\/teatro\/teatre-deamadors\/"]}]},{"@type":"ImageObject","inLanguage":"ca","@id":"https:\/\/artslibris.cat\/ca\/tienda\/teatro\/teatre-deamadors\/#primaryimage","url":"https:\/\/artslibris.cat\/wp-content\/uploads\/2026\/02\/372c1370_alb_0297.webp","contentUrl":"https:\/\/artslibris.cat\/wp-content\/uploads\/2026\/02\/372c1370_alb_0297.webp","width":700,"height":699},{"@type":"BreadcrumbList","@id":"https:\/\/artslibris.cat\/ca\/tienda\/teatro\/teatre-deamadors\/#breadcrumb","itemListElement":[{"@type":"ListItem","position":1,"name":"Portada","item":"https:\/\/artslibris.cat\/ca\/"},{"@type":"ListItem","position":2,"name":"Tenda","item":"https:\/\/artslibris.cat\/ca\/tenda\/"},{"@type":"ListItem","position":3,"name":"Teatre de\u00b4amadors"}]},{"@type":"WebSite","@id":"https:\/\/artslibris.cat\/ca\/#website","url":"https:\/\/artslibris.cat\/ca\/","name":"ArtsLibris","description":"","publisher":{"@id":"https:\/\/artslibris.cat\/ca\/#organization"},"potentialAction":[{"@type":"SearchAction","target":{"@type":"EntryPoint","urlTemplate":"https:\/\/artslibris.cat\/ca\/?s={search_term_string}"},"query-input":{"@type":"PropertyValueSpecification","valueRequired":true,"valueName":"search_term_string"}}],"inLanguage":"ca"},{"@type":"Organization","@id":"https:\/\/artslibris.cat\/ca\/#organization","name":"ArtsLibris","url":"https:\/\/artslibris.cat\/ca\/","logo":{"@type":"ImageObject","inLanguage":"ca","@id":"https:\/\/artslibris.cat\/ca\/#\/schema\/logo\/image\/","url":"https:\/\/artslibris.cat\/wp-content\/uploads\/2020\/05\/ArtsLibris-logo-black.svg","contentUrl":"https:\/\/artslibris.cat\/wp-content\/uploads\/2020\/05\/ArtsLibris-logo-black.svg","width":521,"height":85,"caption":"ArtsLibris"},"image":{"@id":"https:\/\/artslibris.cat\/ca\/#\/schema\/logo\/image\/"},"sameAs":["https:\/\/www.facebook.com\/artslibris\/","https:\/\/x.com\/ArtsLibris","https:\/\/www.instagram.com\/artslibris\/"]}]}},"_links":{"self":[{"href":"https:\/\/artslibris.cat\/ca\/wp-json\/wp\/v2\/product\/33230","targetHints":{"allow":["GET"]}}],"collection":[{"href":"https:\/\/artslibris.cat\/ca\/wp-json\/wp\/v2\/product"}],"about":[{"href":"https:\/\/artslibris.cat\/ca\/wp-json\/wp\/v2\/types\/product"}],"wp:featuredmedia":[{"embeddable":true,"href":"https:\/\/artslibris.cat\/ca\/wp-json\/wp\/v2\/media\/33231"}],"wp:attachment":[{"href":"https:\/\/artslibris.cat\/ca\/wp-json\/wp\/v2\/media?parent=33230"}],"wp:term":[{"taxonomy":"product_brand","embeddable":true,"href":"https:\/\/artslibris.cat\/ca\/wp-json\/wp\/v2\/product_brand?post=33230"},{"taxonomy":"product_cat","embeddable":true,"href":"https:\/\/artslibris.cat\/ca\/wp-json\/wp\/v2\/product_cat?post=33230"},{"taxonomy":"product_tag","embeddable":true,"href":"https:\/\/artslibris.cat\/ca\/wp-json\/wp\/v2\/product_tag?post=33230"}],"curies":[{"name":"wp","href":"https:\/\/api.w.org\/{rel}","templated":true}]}}