{"id":33214,"date":"2026-02-16T10:51:03","date_gmt":"2026-02-16T10:51:03","guid":{"rendered":"https:\/\/artslibris.cat\/?post_type=product&#038;p=33214"},"modified":"2026-02-16T10:51:04","modified_gmt":"2026-02-16T10:51:04","slug":"algo-raro-pasa-raro","status":"publish","type":"product","link":"https:\/\/artslibris.cat\/ca\/tienda\/monografia\/algo-raro-pasa-raro\/","title":{"rendered":"Algo raro pasa raro"},"content":{"rendered":"<p>Con pr\u00f3logo del escritor Agust\u00edn Fern\u00e1ndez Mallo, esta obra, editada por La Oficina, aporta valores a\u00f1adidos al libro m\u00e1s convencional. En este caso con ilustraciones del pintor Juan Ugalde y con una edici\u00f3n digital interactiva con m\u00fasica, voz y v\u00eddeo adem\u00e1s del texto.<\/p>\n<p>Conocido como cantante, profesional del espect\u00e1culo, de la TV y del cine, Reixa publica desde siempre, poes\u00eda escrita originalmente en gallego: L\u00e1tego de Algas, Escarnio, (libro-cd rom) Silabario da Turbina, As Ladillas do Travesti, Viva Galicia Beibe, Ringo Rango, F\u00f3ra as Vosas Suxas Mans de Manoel Antonio, A Dama que Fala y Lecciones de Cosas.<\/p>\n","protected":false},"excerpt":{"rendered":"<p><span style=\"font-weight: 400\">T\u00edtulo: Algo raro pasa raro<\/span><\/p>\n<p><span style=\"font-weight: 400\">Editorial: La Oficina<\/span><\/p>\n<p><span style=\"font-weight: 400\">Autor\/a: Ant\u00f3n Reixa<\/span><\/p>\n<p><span style=\"font-weight: 400\">A\u00f1o de publicaci\u00f3n: 2015<\/span><\/p>\n<p><span style=\"font-weight: 400\">Idioma: Castellano \/ Gallego<\/span><\/p>\n<p><span style=\"font-weight: 400\">N\u00famero de p\u00e1ginas: 176<\/span><\/p>\n<p><span style=\"font-weight: 400\">Tama\u00f1o: 16,5 x 24 cm<\/span><\/p>\n<p><span style=\"font-weight: 400\">ISBN: 9788494127090<\/span><\/p>\n","protected":false},"featured_media":33215,"template":"","meta":{"_acf_changed":false,"site-sidebar-layout":"default","site-content-layout":"","ast-site-content-layout":"default","site-content-style":"default","site-sidebar-style":"default","ast-global-header-display":"","ast-banner-title-visibility":"","ast-main-header-display":"","ast-hfb-above-header-display":"","ast-hfb-below-header-display":"","ast-hfb-mobile-header-display":"","site-post-title":"","ast-breadcrumbs-content":"","ast-featured-img":"","footer-sml-layout":"","ast-disable-related-posts":"","theme-transparent-header-meta":"default","adv-header-id-meta":"","stick-header-meta":"","header-above-stick-meta":"","header-main-stick-meta":"","header-below-stick-meta":"","astra-migrate-meta-layouts":"set","ast-page-background-enabled":"default","ast-page-background-meta":{"desktop":{"background-color":"","background-image":"","background-repeat":"repeat","background-position":"center center","background-size":"auto","background-attachment":"scroll","background-type":"","background-media":"","overlay-type":"","overlay-color":"","overlay-opacity":"","overlay-gradient":""},"tablet":{"background-color":"","background-image":"","background-repeat":"repeat","background-position":"center center","background-size":"auto","background-attachment":"scroll","background-type":"","background-media":"","overlay-type":"","overlay-color":"","overlay-opacity":"","overlay-gradient":""},"mobile":{"background-color":"","background-image":"","background-repeat":"repeat","background-position":"center center","background-size":"auto","background-attachment":"scroll","background-type":"","background-media":"","overlay-type":"","overlay-color":"","overlay-opacity":"","overlay-gradient":""}},"ast-content-background-meta":{"desktop":{"background-color":"var(--ast-global-color-5)","background-image":"","background-repeat":"repeat","background-position":"center center","background-size":"auto","background-attachment":"scroll","background-type":"","background-media":"","overlay-type":"","overlay-color":"","overlay-opacity":"","overlay-gradient":""},"tablet":{"background-color":"var(--ast-global-color-5)","background-image":"","background-repeat":"repeat","background-position":"center center","background-size":"auto","background-attachment":"scroll","background-type":"","background-media":"","overlay-type":"","overlay-color":"","overlay-opacity":"","overlay-gradient":""},"mobile":{"background-color":"var(--ast-global-color-5)","background-image":"","background-repeat":"repeat","background-position":"center center","background-size":"auto","background-attachment":"scroll","background-type":"","background-media":"","overlay-type":"","overlay-color":"","overlay-opacity":"","overlay-gradient":""}}},"product_brand":[],"product_cat":[521,512],"product_tag":[267],"class_list":{"0":"post-33214","1":"product","2":"type-product","3":"status-publish","4":"has-post-thumbnail","6":"product_cat-arte-contemporaneo","7":"product_cat-monografia","8":"product_tag-la-oficina","9":"desktop-align-left","10":"tablet-align-left","11":"mobile-align-left","13":"first","14":"instock","15":"shipping-taxable","16":"purchasable","17":"product-type-simple"},"acf":[],"yoast_head":"<!-- This site is optimized with the Yoast SEO plugin v27.1.1 - https:\/\/yoast.com\/product\/yoast-seo-wordpress\/ -->\n<title>Algo raro pasa raro - ArtsLibris<\/title>\n<meta name=\"robots\" content=\"index, follow, max-snippet:-1, max-image-preview:large, max-video-preview:-1\" \/>\n<link rel=\"canonical\" href=\"https:\/\/artslibris.cat\/ca\/tienda\/monografia\/algo-raro-pasa-raro\/\" \/>\n<meta property=\"og:locale\" content=\"ca_ES\" \/>\n<meta property=\"og:type\" content=\"article\" \/>\n<meta property=\"og:title\" content=\"Algo raro pasa raro - ArtsLibris\" \/>\n<meta property=\"og:description\" content=\"T\u00edtulo: Algo raro pasa raro  Editorial: La Oficina  Autor\/a: Ant\u00f3n Reixa  A\u00f1o de publicaci\u00f3n: 2015  Idioma: Castellano \/ Gallego  N\u00famero de p\u00e1ginas: 176  Tama\u00f1o: 16,5 x 24 cm  ISBN: 9788494127090\" \/>\n<meta property=\"og:url\" content=\"https:\/\/artslibris.cat\/ca\/tienda\/monografia\/algo-raro-pasa-raro\/\" \/>\n<meta property=\"og:site_name\" content=\"ArtsLibris\" \/>\n<meta property=\"article:publisher\" content=\"https:\/\/www.facebook.com\/artslibris\/\" \/>\n<meta property=\"article:modified_time\" content=\"2026-02-16T10:51:04+00:00\" \/>\n<meta property=\"og:image\" content=\"https:\/\/artslibris.cat\/wp-content\/uploads\/2026\/02\/Algo-raro-pasa-raro-1.webp\" \/>\n\t<meta property=\"og:image:width\" content=\"700\" \/>\n\t<meta property=\"og:image:height\" content=\"740\" \/>\n\t<meta property=\"og:image:type\" content=\"image\/webp\" \/>\n<meta name=\"twitter:card\" content=\"summary_large_image\" \/>\n<meta name=\"twitter:site\" content=\"@ArtsLibris\" \/>\n<meta name=\"twitter:label1\" content=\"Temps estimat de lectura\" \/>\n\t<meta name=\"twitter:data1\" content=\"1 minut\" \/>\n<script type=\"application\/ld+json\" class=\"yoast-schema-graph\">{\"@context\":\"https:\/\/schema.org\",\"@graph\":[{\"@type\":\"WebPage\",\"@id\":\"https:\/\/artslibris.cat\/ca\/tienda\/monografia\/algo-raro-pasa-raro\/\",\"url\":\"https:\/\/artslibris.cat\/ca\/tienda\/monografia\/algo-raro-pasa-raro\/\",\"name\":\"Algo raro pasa raro - ArtsLibris\",\"isPartOf\":{\"@id\":\"https:\/\/artslibris.cat\/ca\/#website\"},\"primaryImageOfPage\":{\"@id\":\"https:\/\/artslibris.cat\/ca\/tienda\/monografia\/algo-raro-pasa-raro\/#primaryimage\"},\"image\":{\"@id\":\"https:\/\/artslibris.cat\/ca\/tienda\/monografia\/algo-raro-pasa-raro\/#primaryimage\"},\"thumbnailUrl\":\"https:\/\/artslibris.cat\/wp-content\/uploads\/2026\/02\/Algo-raro-pasa-raro-1.webp\",\"datePublished\":\"2026-02-16T10:51:03+00:00\",\"dateModified\":\"2026-02-16T10:51:04+00:00\",\"breadcrumb\":{\"@id\":\"https:\/\/artslibris.cat\/ca\/tienda\/monografia\/algo-raro-pasa-raro\/#breadcrumb\"},\"inLanguage\":\"ca\",\"potentialAction\":[{\"@type\":\"ReadAction\",\"target\":[\"https:\/\/artslibris.cat\/ca\/tienda\/monografia\/algo-raro-pasa-raro\/\"]}]},{\"@type\":\"ImageObject\",\"inLanguage\":\"ca\",\"@id\":\"https:\/\/artslibris.cat\/ca\/tienda\/monografia\/algo-raro-pasa-raro\/#primaryimage\",\"url\":\"https:\/\/artslibris.cat\/wp-content\/uploads\/2026\/02\/Algo-raro-pasa-raro-1.webp\",\"contentUrl\":\"https:\/\/artslibris.cat\/wp-content\/uploads\/2026\/02\/Algo-raro-pasa-raro-1.webp\",\"width\":700,\"height\":740},{\"@type\":\"BreadcrumbList\",\"@id\":\"https:\/\/artslibris.cat\/ca\/tienda\/monografia\/algo-raro-pasa-raro\/#breadcrumb\",\"itemListElement\":[{\"@type\":\"ListItem\",\"position\":1,\"name\":\"Portada\",\"item\":\"https:\/\/artslibris.cat\/ca\/\"},{\"@type\":\"ListItem\",\"position\":2,\"name\":\"Tenda\",\"item\":\"https:\/\/artslibris.cat\/ca\/tenda\/\"},{\"@type\":\"ListItem\",\"position\":3,\"name\":\"Algo raro pasa raro\"}]},{\"@type\":\"WebSite\",\"@id\":\"https:\/\/artslibris.cat\/ca\/#website\",\"url\":\"https:\/\/artslibris.cat\/ca\/\",\"name\":\"ArtsLibris\",\"description\":\"\",\"publisher\":{\"@id\":\"https:\/\/artslibris.cat\/ca\/#organization\"},\"potentialAction\":[{\"@type\":\"SearchAction\",\"target\":{\"@type\":\"EntryPoint\",\"urlTemplate\":\"https:\/\/artslibris.cat\/ca\/?s={search_term_string}\"},\"query-input\":{\"@type\":\"PropertyValueSpecification\",\"valueRequired\":true,\"valueName\":\"search_term_string\"}}],\"inLanguage\":\"ca\"},{\"@type\":\"Organization\",\"@id\":\"https:\/\/artslibris.cat\/ca\/#organization\",\"name\":\"ArtsLibris\",\"url\":\"https:\/\/artslibris.cat\/ca\/\",\"logo\":{\"@type\":\"ImageObject\",\"inLanguage\":\"ca\",\"@id\":\"https:\/\/artslibris.cat\/ca\/#\/schema\/logo\/image\/\",\"url\":\"https:\/\/artslibris.cat\/wp-content\/uploads\/2020\/05\/ArtsLibris-logo-black.svg\",\"contentUrl\":\"https:\/\/artslibris.cat\/wp-content\/uploads\/2020\/05\/ArtsLibris-logo-black.svg\",\"width\":521,\"height\":85,\"caption\":\"ArtsLibris\"},\"image\":{\"@id\":\"https:\/\/artslibris.cat\/ca\/#\/schema\/logo\/image\/\"},\"sameAs\":[\"https:\/\/www.facebook.com\/artslibris\/\",\"https:\/\/x.com\/ArtsLibris\",\"https:\/\/www.instagram.com\/artslibris\/\"]}]}<\/script>\n<!-- \/ Yoast SEO plugin. -->","yoast_head_json":{"title":"Algo raro pasa raro - ArtsLibris","robots":{"index":"index","follow":"follow","max-snippet":"max-snippet:-1","max-image-preview":"max-image-preview:large","max-video-preview":"max-video-preview:-1"},"canonical":"https:\/\/artslibris.cat\/ca\/tienda\/monografia\/algo-raro-pasa-raro\/","og_locale":"ca_ES","og_type":"article","og_title":"Algo raro pasa raro - ArtsLibris","og_description":"T\u00edtulo: Algo raro pasa raro  Editorial: La Oficina  Autor\/a: Ant\u00f3n Reixa  A\u00f1o de publicaci\u00f3n: 2015  Idioma: Castellano \/ Gallego  N\u00famero de p\u00e1ginas: 176  Tama\u00f1o: 16,5 x 24 cm  ISBN: 9788494127090","og_url":"https:\/\/artslibris.cat\/ca\/tienda\/monografia\/algo-raro-pasa-raro\/","og_site_name":"ArtsLibris","article_publisher":"https:\/\/www.facebook.com\/artslibris\/","article_modified_time":"2026-02-16T10:51:04+00:00","og_image":[{"width":700,"height":740,"url":"https:\/\/artslibris.cat\/wp-content\/uploads\/2026\/02\/Algo-raro-pasa-raro-1.webp","type":"image\/webp"}],"twitter_card":"summary_large_image","twitter_site":"@ArtsLibris","twitter_misc":{"Temps estimat de lectura":"1 minut"},"schema":{"@context":"https:\/\/schema.org","@graph":[{"@type":"WebPage","@id":"https:\/\/artslibris.cat\/ca\/tienda\/monografia\/algo-raro-pasa-raro\/","url":"https:\/\/artslibris.cat\/ca\/tienda\/monografia\/algo-raro-pasa-raro\/","name":"Algo raro pasa raro - ArtsLibris","isPartOf":{"@id":"https:\/\/artslibris.cat\/ca\/#website"},"primaryImageOfPage":{"@id":"https:\/\/artslibris.cat\/ca\/tienda\/monografia\/algo-raro-pasa-raro\/#primaryimage"},"image":{"@id":"https:\/\/artslibris.cat\/ca\/tienda\/monografia\/algo-raro-pasa-raro\/#primaryimage"},"thumbnailUrl":"https:\/\/artslibris.cat\/wp-content\/uploads\/2026\/02\/Algo-raro-pasa-raro-1.webp","datePublished":"2026-02-16T10:51:03+00:00","dateModified":"2026-02-16T10:51:04+00:00","breadcrumb":{"@id":"https:\/\/artslibris.cat\/ca\/tienda\/monografia\/algo-raro-pasa-raro\/#breadcrumb"},"inLanguage":"ca","potentialAction":[{"@type":"ReadAction","target":["https:\/\/artslibris.cat\/ca\/tienda\/monografia\/algo-raro-pasa-raro\/"]}]},{"@type":"ImageObject","inLanguage":"ca","@id":"https:\/\/artslibris.cat\/ca\/tienda\/monografia\/algo-raro-pasa-raro\/#primaryimage","url":"https:\/\/artslibris.cat\/wp-content\/uploads\/2026\/02\/Algo-raro-pasa-raro-1.webp","contentUrl":"https:\/\/artslibris.cat\/wp-content\/uploads\/2026\/02\/Algo-raro-pasa-raro-1.webp","width":700,"height":740},{"@type":"BreadcrumbList","@id":"https:\/\/artslibris.cat\/ca\/tienda\/monografia\/algo-raro-pasa-raro\/#breadcrumb","itemListElement":[{"@type":"ListItem","position":1,"name":"Portada","item":"https:\/\/artslibris.cat\/ca\/"},{"@type":"ListItem","position":2,"name":"Tenda","item":"https:\/\/artslibris.cat\/ca\/tenda\/"},{"@type":"ListItem","position":3,"name":"Algo raro pasa raro"}]},{"@type":"WebSite","@id":"https:\/\/artslibris.cat\/ca\/#website","url":"https:\/\/artslibris.cat\/ca\/","name":"ArtsLibris","description":"","publisher":{"@id":"https:\/\/artslibris.cat\/ca\/#organization"},"potentialAction":[{"@type":"SearchAction","target":{"@type":"EntryPoint","urlTemplate":"https:\/\/artslibris.cat\/ca\/?s={search_term_string}"},"query-input":{"@type":"PropertyValueSpecification","valueRequired":true,"valueName":"search_term_string"}}],"inLanguage":"ca"},{"@type":"Organization","@id":"https:\/\/artslibris.cat\/ca\/#organization","name":"ArtsLibris","url":"https:\/\/artslibris.cat\/ca\/","logo":{"@type":"ImageObject","inLanguage":"ca","@id":"https:\/\/artslibris.cat\/ca\/#\/schema\/logo\/image\/","url":"https:\/\/artslibris.cat\/wp-content\/uploads\/2020\/05\/ArtsLibris-logo-black.svg","contentUrl":"https:\/\/artslibris.cat\/wp-content\/uploads\/2020\/05\/ArtsLibris-logo-black.svg","width":521,"height":85,"caption":"ArtsLibris"},"image":{"@id":"https:\/\/artslibris.cat\/ca\/#\/schema\/logo\/image\/"},"sameAs":["https:\/\/www.facebook.com\/artslibris\/","https:\/\/x.com\/ArtsLibris","https:\/\/www.instagram.com\/artslibris\/"]}]}},"_links":{"self":[{"href":"https:\/\/artslibris.cat\/ca\/wp-json\/wp\/v2\/product\/33214","targetHints":{"allow":["GET"]}}],"collection":[{"href":"https:\/\/artslibris.cat\/ca\/wp-json\/wp\/v2\/product"}],"about":[{"href":"https:\/\/artslibris.cat\/ca\/wp-json\/wp\/v2\/types\/product"}],"wp:featuredmedia":[{"embeddable":true,"href":"https:\/\/artslibris.cat\/ca\/wp-json\/wp\/v2\/media\/33215"}],"wp:attachment":[{"href":"https:\/\/artslibris.cat\/ca\/wp-json\/wp\/v2\/media?parent=33214"}],"wp:term":[{"taxonomy":"product_brand","embeddable":true,"href":"https:\/\/artslibris.cat\/ca\/wp-json\/wp\/v2\/product_brand?post=33214"},{"taxonomy":"product_cat","embeddable":true,"href":"https:\/\/artslibris.cat\/ca\/wp-json\/wp\/v2\/product_cat?post=33214"},{"taxonomy":"product_tag","embeddable":true,"href":"https:\/\/artslibris.cat\/ca\/wp-json\/wp\/v2\/product_tag?post=33214"}],"curies":[{"name":"wp","href":"https:\/\/api.w.org\/{rel}","templated":true}]}}