{"id":3240,"date":"2020-10-22T06:50:46","date_gmt":"2020-10-22T06:50:46","guid":{"rendered":"https:\/\/artslibris.cat\/?post_type=product&#038;p=3240"},"modified":"2021-09-15T15:47:13","modified_gmt":"2021-09-15T15:47:13","slug":"michael-jackson-artes-visuales-y-simbolos","status":"publish","type":"product","link":"https:\/\/artslibris.cat\/ca\/tienda\/pensamiento-ca\/michael-jackson-artes-visuales-y-simbolos\/","title":{"rendered":"Michael Jackson. Artes visuales y s\u00edmbolos"},"content":{"rendered":"<p>El mestratge visual de Michael Jackson (1958-2009) constitueix un pilar fonamental en la seva carrera, i el seu impacte \u00e9s enorme sobre molt diversos artistes pl\u00e0stics des dels anys vuitanta a l\u2019actualitat, fins a tal punt que es va convertir en referent de molts, que no van dubtar a treballar a partir de la seva ic\u00f2nica figura: Andy Warhol,\u00a0<span class=\"hiddenSpellError\">Jeff<\/span>\u00a0<span class=\"hiddenSpellError\">Koons<\/span>,\u00a0<span class=\"hiddenSpellError\">Rufino<\/span>\u00a0<span class=\"hiddenSpellError\">Tamayo<\/span>,\u00a0<span class=\"hiddenSpellError\">Yasumasa<\/span>\u00a0<span class=\"hiddenSpellError\">Morimura<\/span>, Marc\u00a0<span class=\"hiddenSpellError\">Quinn<\/span>, Paul McCarthy, David\u00a0<span class=\"hiddenSpellError\">LaChapelle<\/span>, Glenn\u00a0<span class=\"hiddenGrammarError\">Ligon<\/span>, Gary Hume,\u00a0<span class=\"hiddenSpellError\">Kehinde<\/span>\u00a0<span class=\"hiddenSpellError\">Wiley<\/span>, Zou\u00a0<span class=\"hiddenSpellError\">Cao<\/span>\u00a0i\u00a0<span class=\"hiddenSpellError\">Yang<\/span>\u00a0<span class=\"hiddenSpellError\">Mian<\/span>, entre molts altres. Els l\u00edmits entre les arts s\u00f3n, avui, fins a tal punt\u00a0dif\u00fas\u00a0que, al meu entendre, per exemple, no hi ha massa difer\u00e8ncies entre l\u2019an\u00e0lisi d\u2019una videoinstal\u00b7laci\u00f3 de Bill Viola o d\u2019un clip del Rei del Pop (com l\u2019excel\u00b7lent\u00a0<span class=\"hiddenSpellError\">Scream<\/span>). En resum, aquest escrit evidencia com els llenguatges visuals es nodreixen els uns als altres, vinculant a Michael Jackson amb un retaule medieval, amb un retrat de Llu\u00eds XIV, amb una pintura de Ren\u00e9\u00a0<span class=\"hiddenSpellError\">Magritte<\/span>, amb escultures de\u00a0<span class=\"hiddenSpellError\">Koons<\/span>, McCarthy i\u00a0<span class=\"hiddenSpellError\">Quinn<\/span>, amb una performance\u00a0d&#8217;Ai\u00a0Weiwei, amb un\u00a0anime\u00a0de ci\u00e8ncia-ficci\u00f3 japon\u00e8s i amb\u00a0l&#8217;androide\u00a0C-3PO entre altres imatges, totes les quals testimonien l\u2019afirmaci\u00f3 de Marcel\u00a0<span class=\"hiddenSpellError\">Duchamp<\/span>: \u201cL\u2019art \u00e9s un joc entre tots els homes de totes les \u00e8poques\u201d.<\/p>\n","protected":false},"excerpt":{"rendered":"<p>T\u00edtol: Michael Jackson. Artes visuales y s\u00edmbolos.<br \/>\nEditorial: Metales pesados.<br \/>\nAutora: Claudia Campa\u00f1a.<br \/>\nAny d&#8217;edici\u00f3: 2018.<br \/>\nN\u00ba de p\u00e0gines: 126.<br \/>\nISBN: 9789569843594.<\/p>\n","protected":false},"featured_media":3191,"template":"","meta":{"_acf_changed":false,"site-sidebar-layout":"default","site-content-layout":"default","ast-site-content-layout":"default","site-content-style":"default","site-sidebar-style":"default","ast-global-header-display":"","ast-banner-title-visibility":"","ast-main-header-display":"","ast-hfb-above-header-display":"","ast-hfb-below-header-display":"","ast-hfb-mobile-header-display":"","site-post-title":"","ast-breadcrumbs-content":"","ast-featured-img":"","footer-sml-layout":"","ast-disable-related-posts":"","theme-transparent-header-meta":"default","adv-header-id-meta":"","stick-header-meta":"","header-above-stick-meta":"","header-main-stick-meta":"","header-below-stick-meta":"","astra-migrate-meta-layouts":"default","ast-page-background-enabled":"default","ast-page-background-meta":{"desktop":{"background-color":"","background-image":"","background-repeat":"repeat","background-position":"center center","background-size":"auto","background-attachment":"scroll","background-type":"","background-media":"","overlay-type":"","overlay-color":"","overlay-opacity":"","overlay-gradient":""},"tablet":{"background-color":"","background-image":"","background-repeat":"repeat","background-position":"center center","background-size":"auto","background-attachment":"scroll","background-type":"","background-media":"","overlay-type":"","overlay-color":"","overlay-opacity":"","overlay-gradient":""},"mobile":{"background-color":"","background-image":"","background-repeat":"repeat","background-position":"center center","background-size":"auto","background-attachment":"scroll","background-type":"","background-media":"","overlay-type":"","overlay-color":"","overlay-opacity":"","overlay-gradient":""}},"ast-content-background-meta":{"desktop":{"background-color":"var(--ast-global-color-5)","background-image":"","background-repeat":"repeat","background-position":"center center","background-size":"auto","background-attachment":"scroll","background-type":"","background-media":"","overlay-type":"","overlay-color":"","overlay-opacity":"","overlay-gradient":""},"tablet":{"background-color":"var(--ast-global-color-5)","background-image":"","background-repeat":"repeat","background-position":"center center","background-size":"auto","background-attachment":"scroll","background-type":"","background-media":"","overlay-type":"","overlay-color":"","overlay-opacity":"","overlay-gradient":""},"mobile":{"background-color":"var(--ast-global-color-5)","background-image":"","background-repeat":"repeat","background-position":"center center","background-size":"auto","background-attachment":"scroll","background-type":"","background-media":"","overlay-type":"","overlay-color":"","overlay-opacity":"","overlay-gradient":""}}},"product_brand":[],"product_cat":[82],"product_tag":[124],"class_list":{"0":"post-3240","1":"product","2":"type-product","3":"status-publish","4":"has-post-thumbnail","6":"product_cat-pensamiento-ca","7":"product_tag-metales-pesados-ca","8":"desktop-align-left","9":"tablet-align-left","10":"mobile-align-left","12":"first","13":"outofstock","14":"taxable","15":"shipping-taxable","16":"purchasable","17":"product-type-simple"},"acf":[],"yoast_head":"<!-- This site is optimized with the Yoast SEO plugin v27.3 - https:\/\/yoast.com\/product\/yoast-seo-wordpress\/ -->\n<title>Michael Jackson. Artes visuales y s\u00edmbolos - ArtsLibris<\/title>\n<meta name=\"description\" content=\"&quot;Botiga ArtsLibris - Claudia Campa\u00f1a - Michael Jackson&quot;\" \/>\n<meta name=\"robots\" content=\"index, follow, max-snippet:-1, max-image-preview:large, max-video-preview:-1\" \/>\n<link rel=\"canonical\" href=\"https:\/\/artslibris.cat\/ca\/tienda\/pensamiento-ca\/michael-jackson-artes-visuales-y-simbolos\/\" \/>\n<meta property=\"og:locale\" content=\"ca_ES\" \/>\n<meta property=\"og:type\" content=\"article\" \/>\n<meta property=\"og:title\" content=\"Michael Jackson. Artes visuales y s\u00edmbolos - ArtsLibris\" \/>\n<meta property=\"og:description\" content=\"&quot;Botiga ArtsLibris - Claudia Campa\u00f1a - Michael Jackson&quot;\" \/>\n<meta property=\"og:url\" content=\"https:\/\/artslibris.cat\/ca\/tienda\/pensamiento-ca\/michael-jackson-artes-visuales-y-simbolos\/\" \/>\n<meta property=\"og:site_name\" content=\"ArtsLibris\" \/>\n<meta property=\"article:publisher\" content=\"https:\/\/www.facebook.com\/artslibris\/\" \/>\n<meta property=\"article:modified_time\" content=\"2021-09-15T15:47:13+00:00\" \/>\n<meta property=\"og:image\" content=\"https:\/\/artslibris.cat\/wp-content\/uploads\/2020\/10\/ArtsLibris-Metales-pesados-Michael-Jackson.jpg\" \/>\n\t<meta property=\"og:image:width\" content=\"936\" \/>\n\t<meta property=\"og:image:height\" content=\"1359\" \/>\n\t<meta property=\"og:image:type\" content=\"image\/jpeg\" \/>\n<meta name=\"twitter:card\" content=\"summary_large_image\" \/>\n<meta name=\"twitter:site\" content=\"@ArtsLibris\" \/>\n<meta name=\"twitter:label1\" content=\"Temps estimat de lectura\" \/>\n\t<meta name=\"twitter:data1\" content=\"1 minut\" \/>\n<script type=\"application\/ld+json\" class=\"yoast-schema-graph\">{\"@context\":\"https:\\\/\\\/schema.org\",\"@graph\":[{\"@type\":\"WebPage\",\"@id\":\"https:\\\/\\\/artslibris.cat\\\/ca\\\/tienda\\\/pensamiento-ca\\\/michael-jackson-artes-visuales-y-simbolos\\\/\",\"url\":\"https:\\\/\\\/artslibris.cat\\\/ca\\\/tienda\\\/pensamiento-ca\\\/michael-jackson-artes-visuales-y-simbolos\\\/\",\"name\":\"Michael Jackson. Artes visuales y s\u00edmbolos - ArtsLibris\",\"isPartOf\":{\"@id\":\"https:\\\/\\\/artslibris.cat\\\/ca\\\/#website\"},\"primaryImageOfPage\":{\"@id\":\"https:\\\/\\\/artslibris.cat\\\/ca\\\/tienda\\\/pensamiento-ca\\\/michael-jackson-artes-visuales-y-simbolos\\\/#primaryimage\"},\"image\":{\"@id\":\"https:\\\/\\\/artslibris.cat\\\/ca\\\/tienda\\\/pensamiento-ca\\\/michael-jackson-artes-visuales-y-simbolos\\\/#primaryimage\"},\"thumbnailUrl\":\"https:\\\/\\\/artslibris.cat\\\/wp-content\\\/uploads\\\/2020\\\/10\\\/ArtsLibris-Metales-pesados-Michael-Jackson.jpg\",\"datePublished\":\"2020-10-22T06:50:46+00:00\",\"dateModified\":\"2021-09-15T15:47:13+00:00\",\"description\":\"\\\"Botiga ArtsLibris - Claudia Campa\u00f1a - Michael Jackson\\\"\",\"breadcrumb\":{\"@id\":\"https:\\\/\\\/artslibris.cat\\\/ca\\\/tienda\\\/pensamiento-ca\\\/michael-jackson-artes-visuales-y-simbolos\\\/#breadcrumb\"},\"inLanguage\":\"ca\",\"potentialAction\":[{\"@type\":\"ReadAction\",\"target\":[\"https:\\\/\\\/artslibris.cat\\\/ca\\\/tienda\\\/pensamiento-ca\\\/michael-jackson-artes-visuales-y-simbolos\\\/\"]}]},{\"@type\":\"ImageObject\",\"inLanguage\":\"ca\",\"@id\":\"https:\\\/\\\/artslibris.cat\\\/ca\\\/tienda\\\/pensamiento-ca\\\/michael-jackson-artes-visuales-y-simbolos\\\/#primaryimage\",\"url\":\"https:\\\/\\\/artslibris.cat\\\/wp-content\\\/uploads\\\/2020\\\/10\\\/ArtsLibris-Metales-pesados-Michael-Jackson.jpg\",\"contentUrl\":\"https:\\\/\\\/artslibris.cat\\\/wp-content\\\/uploads\\\/2020\\\/10\\\/ArtsLibris-Metales-pesados-Michael-Jackson.jpg\",\"width\":936,\"height\":1359},{\"@type\":\"BreadcrumbList\",\"@id\":\"https:\\\/\\\/artslibris.cat\\\/ca\\\/tienda\\\/pensamiento-ca\\\/michael-jackson-artes-visuales-y-simbolos\\\/#breadcrumb\",\"itemListElement\":[{\"@type\":\"ListItem\",\"position\":1,\"name\":\"Portada\",\"item\":\"https:\\\/\\\/artslibris.cat\\\/ca\\\/\"},{\"@type\":\"ListItem\",\"position\":2,\"name\":\"Tenda\",\"item\":\"https:\\\/\\\/artslibris.cat\\\/ca\\\/tenda\\\/\"},{\"@type\":\"ListItem\",\"position\":3,\"name\":\"Michael Jackson. Artes visuales y s\u00edmbolos\"}]},{\"@type\":\"WebSite\",\"@id\":\"https:\\\/\\\/artslibris.cat\\\/ca\\\/#website\",\"url\":\"https:\\\/\\\/artslibris.cat\\\/ca\\\/\",\"name\":\"ArtsLibris\",\"description\":\"\",\"publisher\":{\"@id\":\"https:\\\/\\\/artslibris.cat\\\/ca\\\/#organization\"},\"potentialAction\":[{\"@type\":\"SearchAction\",\"target\":{\"@type\":\"EntryPoint\",\"urlTemplate\":\"https:\\\/\\\/artslibris.cat\\\/ca\\\/?s={search_term_string}\"},\"query-input\":{\"@type\":\"PropertyValueSpecification\",\"valueRequired\":true,\"valueName\":\"search_term_string\"}}],\"inLanguage\":\"ca\"},{\"@type\":\"Organization\",\"@id\":\"https:\\\/\\\/artslibris.cat\\\/ca\\\/#organization\",\"name\":\"ArtsLibris\",\"url\":\"https:\\\/\\\/artslibris.cat\\\/ca\\\/\",\"logo\":{\"@type\":\"ImageObject\",\"inLanguage\":\"ca\",\"@id\":\"https:\\\/\\\/artslibris.cat\\\/ca\\\/#\\\/schema\\\/logo\\\/image\\\/\",\"url\":\"https:\\\/\\\/artslibris.cat\\\/wp-content\\\/uploads\\\/2020\\\/05\\\/ArtsLibris-logo-black.svg\",\"contentUrl\":\"https:\\\/\\\/artslibris.cat\\\/wp-content\\\/uploads\\\/2020\\\/05\\\/ArtsLibris-logo-black.svg\",\"width\":521,\"height\":85,\"caption\":\"ArtsLibris\"},\"image\":{\"@id\":\"https:\\\/\\\/artslibris.cat\\\/ca\\\/#\\\/schema\\\/logo\\\/image\\\/\"},\"sameAs\":[\"https:\\\/\\\/www.facebook.com\\\/artslibris\\\/\",\"https:\\\/\\\/x.com\\\/ArtsLibris\",\"https:\\\/\\\/www.instagram.com\\\/artslibris\\\/\"]}]}<\/script>\n<!-- \/ Yoast SEO plugin. -->","yoast_head_json":{"title":"Michael Jackson. Artes visuales y s\u00edmbolos - ArtsLibris","description":"\"Botiga ArtsLibris - Claudia Campa\u00f1a - Michael Jackson\"","robots":{"index":"index","follow":"follow","max-snippet":"max-snippet:-1","max-image-preview":"max-image-preview:large","max-video-preview":"max-video-preview:-1"},"canonical":"https:\/\/artslibris.cat\/ca\/tienda\/pensamiento-ca\/michael-jackson-artes-visuales-y-simbolos\/","og_locale":"ca_ES","og_type":"article","og_title":"Michael Jackson. Artes visuales y s\u00edmbolos - ArtsLibris","og_description":"\"Botiga ArtsLibris - Claudia Campa\u00f1a - Michael Jackson\"","og_url":"https:\/\/artslibris.cat\/ca\/tienda\/pensamiento-ca\/michael-jackson-artes-visuales-y-simbolos\/","og_site_name":"ArtsLibris","article_publisher":"https:\/\/www.facebook.com\/artslibris\/","article_modified_time":"2021-09-15T15:47:13+00:00","og_image":[{"width":936,"height":1359,"url":"https:\/\/artslibris.cat\/wp-content\/uploads\/2020\/10\/ArtsLibris-Metales-pesados-Michael-Jackson.jpg","type":"image\/jpeg"}],"twitter_card":"summary_large_image","twitter_site":"@ArtsLibris","twitter_misc":{"Temps estimat de lectura":"1 minut"},"schema":{"@context":"https:\/\/schema.org","@graph":[{"@type":"WebPage","@id":"https:\/\/artslibris.cat\/ca\/tienda\/pensamiento-ca\/michael-jackson-artes-visuales-y-simbolos\/","url":"https:\/\/artslibris.cat\/ca\/tienda\/pensamiento-ca\/michael-jackson-artes-visuales-y-simbolos\/","name":"Michael Jackson. Artes visuales y s\u00edmbolos - ArtsLibris","isPartOf":{"@id":"https:\/\/artslibris.cat\/ca\/#website"},"primaryImageOfPage":{"@id":"https:\/\/artslibris.cat\/ca\/tienda\/pensamiento-ca\/michael-jackson-artes-visuales-y-simbolos\/#primaryimage"},"image":{"@id":"https:\/\/artslibris.cat\/ca\/tienda\/pensamiento-ca\/michael-jackson-artes-visuales-y-simbolos\/#primaryimage"},"thumbnailUrl":"https:\/\/artslibris.cat\/wp-content\/uploads\/2020\/10\/ArtsLibris-Metales-pesados-Michael-Jackson.jpg","datePublished":"2020-10-22T06:50:46+00:00","dateModified":"2021-09-15T15:47:13+00:00","description":"\"Botiga ArtsLibris - Claudia Campa\u00f1a - Michael Jackson\"","breadcrumb":{"@id":"https:\/\/artslibris.cat\/ca\/tienda\/pensamiento-ca\/michael-jackson-artes-visuales-y-simbolos\/#breadcrumb"},"inLanguage":"ca","potentialAction":[{"@type":"ReadAction","target":["https:\/\/artslibris.cat\/ca\/tienda\/pensamiento-ca\/michael-jackson-artes-visuales-y-simbolos\/"]}]},{"@type":"ImageObject","inLanguage":"ca","@id":"https:\/\/artslibris.cat\/ca\/tienda\/pensamiento-ca\/michael-jackson-artes-visuales-y-simbolos\/#primaryimage","url":"https:\/\/artslibris.cat\/wp-content\/uploads\/2020\/10\/ArtsLibris-Metales-pesados-Michael-Jackson.jpg","contentUrl":"https:\/\/artslibris.cat\/wp-content\/uploads\/2020\/10\/ArtsLibris-Metales-pesados-Michael-Jackson.jpg","width":936,"height":1359},{"@type":"BreadcrumbList","@id":"https:\/\/artslibris.cat\/ca\/tienda\/pensamiento-ca\/michael-jackson-artes-visuales-y-simbolos\/#breadcrumb","itemListElement":[{"@type":"ListItem","position":1,"name":"Portada","item":"https:\/\/artslibris.cat\/ca\/"},{"@type":"ListItem","position":2,"name":"Tenda","item":"https:\/\/artslibris.cat\/ca\/tenda\/"},{"@type":"ListItem","position":3,"name":"Michael Jackson. Artes visuales y s\u00edmbolos"}]},{"@type":"WebSite","@id":"https:\/\/artslibris.cat\/ca\/#website","url":"https:\/\/artslibris.cat\/ca\/","name":"ArtsLibris","description":"","publisher":{"@id":"https:\/\/artslibris.cat\/ca\/#organization"},"potentialAction":[{"@type":"SearchAction","target":{"@type":"EntryPoint","urlTemplate":"https:\/\/artslibris.cat\/ca\/?s={search_term_string}"},"query-input":{"@type":"PropertyValueSpecification","valueRequired":true,"valueName":"search_term_string"}}],"inLanguage":"ca"},{"@type":"Organization","@id":"https:\/\/artslibris.cat\/ca\/#organization","name":"ArtsLibris","url":"https:\/\/artslibris.cat\/ca\/","logo":{"@type":"ImageObject","inLanguage":"ca","@id":"https:\/\/artslibris.cat\/ca\/#\/schema\/logo\/image\/","url":"https:\/\/artslibris.cat\/wp-content\/uploads\/2020\/05\/ArtsLibris-logo-black.svg","contentUrl":"https:\/\/artslibris.cat\/wp-content\/uploads\/2020\/05\/ArtsLibris-logo-black.svg","width":521,"height":85,"caption":"ArtsLibris"},"image":{"@id":"https:\/\/artslibris.cat\/ca\/#\/schema\/logo\/image\/"},"sameAs":["https:\/\/www.facebook.com\/artslibris\/","https:\/\/x.com\/ArtsLibris","https:\/\/www.instagram.com\/artslibris\/"]}]}},"_links":{"self":[{"href":"https:\/\/artslibris.cat\/ca\/wp-json\/wp\/v2\/product\/3240","targetHints":{"allow":["GET"]}}],"collection":[{"href":"https:\/\/artslibris.cat\/ca\/wp-json\/wp\/v2\/product"}],"about":[{"href":"https:\/\/artslibris.cat\/ca\/wp-json\/wp\/v2\/types\/product"}],"wp:featuredmedia":[{"embeddable":true,"href":"https:\/\/artslibris.cat\/ca\/wp-json\/wp\/v2\/media\/3191"}],"wp:attachment":[{"href":"https:\/\/artslibris.cat\/ca\/wp-json\/wp\/v2\/media?parent=3240"}],"wp:term":[{"taxonomy":"product_brand","embeddable":true,"href":"https:\/\/artslibris.cat\/ca\/wp-json\/wp\/v2\/product_brand?post=3240"},{"taxonomy":"product_cat","embeddable":true,"href":"https:\/\/artslibris.cat\/ca\/wp-json\/wp\/v2\/product_cat?post=3240"},{"taxonomy":"product_tag","embeddable":true,"href":"https:\/\/artslibris.cat\/ca\/wp-json\/wp\/v2\/product_tag?post=3240"}],"curies":[{"name":"wp","href":"https:\/\/api.w.org\/{rel}","templated":true}]}}