{"id":3238,"date":"2020-10-22T07:06:56","date_gmt":"2020-10-22T07:06:56","guid":{"rendered":"https:\/\/artslibris.cat\/?post_type=product&#038;p=3238"},"modified":"2020-11-10T16:12:34","modified_gmt":"2020-11-10T16:12:34","slug":"proyectar-mundos-una-teoria-politica-del-diseno","status":"publish","type":"product","link":"https:\/\/artslibris.cat\/ca\/tienda\/pensamiento-ca\/proyectar-mundos-una-teoria-politica-del-diseno\/","title":{"rendered":"Proyectar mundos. Una teor\u00eda pol\u00edtica del dise\u00f1o"},"content":{"rendered":"<p>&#8220;Proyectar mundos&#8221; \u00e9s un manifest que explicita la pregn\u00e0ncia que el disseny ha tingut en les \u00faltimes d\u00e8cades en l&#8217;adaptaci\u00f3 i el desenvolupament de l&#8217;individu en si mateix, les societats i la civilitzaci\u00f3, m\u00e9s enll\u00e0 de la concepci\u00f3 cl\u00e0ssica que remet la disciplina a l&#8217;\u00e0mbit merament decoratiu o funcional de l&#8217;objecte que defuig les seves repercussions culturals, econ\u00f2miques i pol\u00edtiques. Una praxi que no atengui tal impacte, assenyala Friedrich von Borries, acaba per confirmar les l\u00f2giques de poder i de dominaci\u00f3. Enfront de la necessitat de repensar el disseny des d&#8217;una perspectiva pol\u00edtica, von Borries promou una pr\u00e0ctica que potenci\u00ef noves formes de conviv\u00e8ncia i autorealitzaci\u00f3 dels individus fora dels mecanismes coercitius propis de les societats de suggesti\u00f3.<\/p>\n","protected":false},"excerpt":{"rendered":"<p>T\u00edtol: Proyectar mundos. Una teor\u00eda pol\u00edtica del dise\u00f1o.<br \/>\nEditorial: Metales pesados.<br \/>\nAutor: Friedrich Von Borries.<br \/>\nAny d&#8217;edici\u00f3: 2019.<br \/>\nNombre de p\u00e0gines: 114.<br \/>\nISBN: 9789569843723.<\/p>\n","protected":false},"featured_media":3201,"template":"","meta":{"_acf_changed":false,"site-sidebar-layout":"default","site-content-layout":"default","ast-site-content-layout":"default","site-content-style":"default","site-sidebar-style":"default","ast-global-header-display":"","ast-banner-title-visibility":"","ast-main-header-display":"","ast-hfb-above-header-display":"","ast-hfb-below-header-display":"","ast-hfb-mobile-header-display":"","site-post-title":"","ast-breadcrumbs-content":"","ast-featured-img":"","footer-sml-layout":"","ast-disable-related-posts":"","theme-transparent-header-meta":"default","adv-header-id-meta":"","stick-header-meta":"","header-above-stick-meta":"","header-main-stick-meta":"","header-below-stick-meta":"","astra-migrate-meta-layouts":"default","ast-page-background-enabled":"default","ast-page-background-meta":{"desktop":{"background-color":"","background-image":"","background-repeat":"repeat","background-position":"center center","background-size":"auto","background-attachment":"scroll","background-type":"","background-media":"","overlay-type":"","overlay-color":"","overlay-opacity":"","overlay-gradient":""},"tablet":{"background-color":"","background-image":"","background-repeat":"repeat","background-position":"center center","background-size":"auto","background-attachment":"scroll","background-type":"","background-media":"","overlay-type":"","overlay-color":"","overlay-opacity":"","overlay-gradient":""},"mobile":{"background-color":"","background-image":"","background-repeat":"repeat","background-position":"center center","background-size":"auto","background-attachment":"scroll","background-type":"","background-media":"","overlay-type":"","overlay-color":"","overlay-opacity":"","overlay-gradient":""}},"ast-content-background-meta":{"desktop":{"background-color":"var(--ast-global-color-5)","background-image":"","background-repeat":"repeat","background-position":"center center","background-size":"auto","background-attachment":"scroll","background-type":"","background-media":"","overlay-type":"","overlay-color":"","overlay-opacity":"","overlay-gradient":""},"tablet":{"background-color":"var(--ast-global-color-5)","background-image":"","background-repeat":"repeat","background-position":"center center","background-size":"auto","background-attachment":"scroll","background-type":"","background-media":"","overlay-type":"","overlay-color":"","overlay-opacity":"","overlay-gradient":""},"mobile":{"background-color":"var(--ast-global-color-5)","background-image":"","background-repeat":"repeat","background-position":"center center","background-size":"auto","background-attachment":"scroll","background-type":"","background-media":"","overlay-type":"","overlay-color":"","overlay-opacity":"","overlay-gradient":""}}},"product_brand":[],"product_cat":[82],"product_tag":[124],"class_list":{"0":"post-3238","1":"product","2":"type-product","3":"status-publish","4":"has-post-thumbnail","6":"product_cat-pensamiento-ca","7":"product_tag-metales-pesados-ca","8":"desktop-align-left","9":"tablet-align-left","10":"mobile-align-left","12":"first","13":"outofstock","14":"shipping-taxable","15":"purchasable","16":"product-type-simple"},"acf":[],"yoast_head":"<!-- This site is optimized with the Yoast SEO plugin v27.3 - https:\/\/yoast.com\/product\/yoast-seo-wordpress\/ -->\n<title>Proyectar mundos. Una teor\u00eda pol\u00edtica del dise\u00f1o - ArtsLibris<\/title>\n<meta name=\"description\" content=\"&quot;Botiga ArtsLibris - Friedrich Von Borries - Proyectar mundos&quot;\" \/>\n<meta name=\"robots\" content=\"index, follow, max-snippet:-1, max-image-preview:large, max-video-preview:-1\" \/>\n<link rel=\"canonical\" href=\"https:\/\/artslibris.cat\/ca\/tienda\/pensamiento-ca\/proyectar-mundos-una-teoria-politica-del-diseno\/\" \/>\n<meta property=\"og:locale\" content=\"ca_ES\" \/>\n<meta property=\"og:type\" content=\"article\" \/>\n<meta property=\"og:title\" content=\"Proyectar mundos. Una teor\u00eda pol\u00edtica del dise\u00f1o - ArtsLibris\" \/>\n<meta property=\"og:description\" content=\"&quot;Botiga ArtsLibris - Friedrich Von Borries - Proyectar mundos&quot;\" \/>\n<meta property=\"og:url\" content=\"https:\/\/artslibris.cat\/ca\/tienda\/pensamiento-ca\/proyectar-mundos-una-teoria-politica-del-diseno\/\" \/>\n<meta property=\"og:site_name\" content=\"ArtsLibris\" \/>\n<meta property=\"article:publisher\" content=\"https:\/\/www.facebook.com\/artslibris\/\" \/>\n<meta property=\"article:modified_time\" content=\"2020-11-10T16:12:34+00:00\" \/>\n<meta property=\"og:image\" content=\"https:\/\/artslibris.cat\/wp-content\/uploads\/2020\/10\/ArtsLibris-Metales-pesados-Proyectar-mundos.jpg\" \/>\n\t<meta property=\"og:image:width\" content=\"1000\" \/>\n\t<meta property=\"og:image:height\" content=\"1000\" \/>\n\t<meta property=\"og:image:type\" content=\"image\/jpeg\" \/>\n<meta name=\"twitter:card\" content=\"summary_large_image\" \/>\n<meta name=\"twitter:site\" content=\"@ArtsLibris\" \/>\n<meta name=\"twitter:label1\" content=\"Temps estimat de lectura\" \/>\n\t<meta name=\"twitter:data1\" content=\"1 minut\" \/>\n<script type=\"application\/ld+json\" class=\"yoast-schema-graph\">{\"@context\":\"https:\\\/\\\/schema.org\",\"@graph\":[{\"@type\":\"WebPage\",\"@id\":\"https:\\\/\\\/artslibris.cat\\\/ca\\\/tienda\\\/pensamiento-ca\\\/proyectar-mundos-una-teoria-politica-del-diseno\\\/\",\"url\":\"https:\\\/\\\/artslibris.cat\\\/ca\\\/tienda\\\/pensamiento-ca\\\/proyectar-mundos-una-teoria-politica-del-diseno\\\/\",\"name\":\"Proyectar mundos. Una teor\u00eda pol\u00edtica del dise\u00f1o - ArtsLibris\",\"isPartOf\":{\"@id\":\"https:\\\/\\\/artslibris.cat\\\/ca\\\/#website\"},\"primaryImageOfPage\":{\"@id\":\"https:\\\/\\\/artslibris.cat\\\/ca\\\/tienda\\\/pensamiento-ca\\\/proyectar-mundos-una-teoria-politica-del-diseno\\\/#primaryimage\"},\"image\":{\"@id\":\"https:\\\/\\\/artslibris.cat\\\/ca\\\/tienda\\\/pensamiento-ca\\\/proyectar-mundos-una-teoria-politica-del-diseno\\\/#primaryimage\"},\"thumbnailUrl\":\"https:\\\/\\\/artslibris.cat\\\/wp-content\\\/uploads\\\/2020\\\/10\\\/ArtsLibris-Metales-pesados-Proyectar-mundos.jpg\",\"datePublished\":\"2020-10-22T07:06:56+00:00\",\"dateModified\":\"2020-11-10T16:12:34+00:00\",\"description\":\"\\\"Botiga ArtsLibris - Friedrich Von Borries - Proyectar mundos\\\"\",\"breadcrumb\":{\"@id\":\"https:\\\/\\\/artslibris.cat\\\/ca\\\/tienda\\\/pensamiento-ca\\\/proyectar-mundos-una-teoria-politica-del-diseno\\\/#breadcrumb\"},\"inLanguage\":\"ca\",\"potentialAction\":[{\"@type\":\"ReadAction\",\"target\":[\"https:\\\/\\\/artslibris.cat\\\/ca\\\/tienda\\\/pensamiento-ca\\\/proyectar-mundos-una-teoria-politica-del-diseno\\\/\"]}]},{\"@type\":\"ImageObject\",\"inLanguage\":\"ca\",\"@id\":\"https:\\\/\\\/artslibris.cat\\\/ca\\\/tienda\\\/pensamiento-ca\\\/proyectar-mundos-una-teoria-politica-del-diseno\\\/#primaryimage\",\"url\":\"https:\\\/\\\/artslibris.cat\\\/wp-content\\\/uploads\\\/2020\\\/10\\\/ArtsLibris-Metales-pesados-Proyectar-mundos.jpg\",\"contentUrl\":\"https:\\\/\\\/artslibris.cat\\\/wp-content\\\/uploads\\\/2020\\\/10\\\/ArtsLibris-Metales-pesados-Proyectar-mundos.jpg\",\"width\":1000,\"height\":1000},{\"@type\":\"BreadcrumbList\",\"@id\":\"https:\\\/\\\/artslibris.cat\\\/ca\\\/tienda\\\/pensamiento-ca\\\/proyectar-mundos-una-teoria-politica-del-diseno\\\/#breadcrumb\",\"itemListElement\":[{\"@type\":\"ListItem\",\"position\":1,\"name\":\"Portada\",\"item\":\"https:\\\/\\\/artslibris.cat\\\/ca\\\/\"},{\"@type\":\"ListItem\",\"position\":2,\"name\":\"Tenda\",\"item\":\"https:\\\/\\\/artslibris.cat\\\/ca\\\/tenda\\\/\"},{\"@type\":\"ListItem\",\"position\":3,\"name\":\"Proyectar mundos. Una teor\u00eda pol\u00edtica del dise\u00f1o\"}]},{\"@type\":\"WebSite\",\"@id\":\"https:\\\/\\\/artslibris.cat\\\/ca\\\/#website\",\"url\":\"https:\\\/\\\/artslibris.cat\\\/ca\\\/\",\"name\":\"ArtsLibris\",\"description\":\"\",\"publisher\":{\"@id\":\"https:\\\/\\\/artslibris.cat\\\/ca\\\/#organization\"},\"potentialAction\":[{\"@type\":\"SearchAction\",\"target\":{\"@type\":\"EntryPoint\",\"urlTemplate\":\"https:\\\/\\\/artslibris.cat\\\/ca\\\/?s={search_term_string}\"},\"query-input\":{\"@type\":\"PropertyValueSpecification\",\"valueRequired\":true,\"valueName\":\"search_term_string\"}}],\"inLanguage\":\"ca\"},{\"@type\":\"Organization\",\"@id\":\"https:\\\/\\\/artslibris.cat\\\/ca\\\/#organization\",\"name\":\"ArtsLibris\",\"url\":\"https:\\\/\\\/artslibris.cat\\\/ca\\\/\",\"logo\":{\"@type\":\"ImageObject\",\"inLanguage\":\"ca\",\"@id\":\"https:\\\/\\\/artslibris.cat\\\/ca\\\/#\\\/schema\\\/logo\\\/image\\\/\",\"url\":\"https:\\\/\\\/artslibris.cat\\\/wp-content\\\/uploads\\\/2020\\\/05\\\/ArtsLibris-logo-black.svg\",\"contentUrl\":\"https:\\\/\\\/artslibris.cat\\\/wp-content\\\/uploads\\\/2020\\\/05\\\/ArtsLibris-logo-black.svg\",\"width\":521,\"height\":85,\"caption\":\"ArtsLibris\"},\"image\":{\"@id\":\"https:\\\/\\\/artslibris.cat\\\/ca\\\/#\\\/schema\\\/logo\\\/image\\\/\"},\"sameAs\":[\"https:\\\/\\\/www.facebook.com\\\/artslibris\\\/\",\"https:\\\/\\\/x.com\\\/ArtsLibris\",\"https:\\\/\\\/www.instagram.com\\\/artslibris\\\/\"]}]}<\/script>\n<!-- \/ Yoast SEO plugin. -->","yoast_head_json":{"title":"Proyectar mundos. Una teor\u00eda pol\u00edtica del dise\u00f1o - ArtsLibris","description":"\"Botiga ArtsLibris - Friedrich Von Borries - Proyectar mundos\"","robots":{"index":"index","follow":"follow","max-snippet":"max-snippet:-1","max-image-preview":"max-image-preview:large","max-video-preview":"max-video-preview:-1"},"canonical":"https:\/\/artslibris.cat\/ca\/tienda\/pensamiento-ca\/proyectar-mundos-una-teoria-politica-del-diseno\/","og_locale":"ca_ES","og_type":"article","og_title":"Proyectar mundos. Una teor\u00eda pol\u00edtica del dise\u00f1o - ArtsLibris","og_description":"\"Botiga ArtsLibris - Friedrich Von Borries - Proyectar mundos\"","og_url":"https:\/\/artslibris.cat\/ca\/tienda\/pensamiento-ca\/proyectar-mundos-una-teoria-politica-del-diseno\/","og_site_name":"ArtsLibris","article_publisher":"https:\/\/www.facebook.com\/artslibris\/","article_modified_time":"2020-11-10T16:12:34+00:00","og_image":[{"width":1000,"height":1000,"url":"https:\/\/artslibris.cat\/wp-content\/uploads\/2020\/10\/ArtsLibris-Metales-pesados-Proyectar-mundos.jpg","type":"image\/jpeg"}],"twitter_card":"summary_large_image","twitter_site":"@ArtsLibris","twitter_misc":{"Temps estimat de lectura":"1 minut"},"schema":{"@context":"https:\/\/schema.org","@graph":[{"@type":"WebPage","@id":"https:\/\/artslibris.cat\/ca\/tienda\/pensamiento-ca\/proyectar-mundos-una-teoria-politica-del-diseno\/","url":"https:\/\/artslibris.cat\/ca\/tienda\/pensamiento-ca\/proyectar-mundos-una-teoria-politica-del-diseno\/","name":"Proyectar mundos. Una teor\u00eda pol\u00edtica del dise\u00f1o - ArtsLibris","isPartOf":{"@id":"https:\/\/artslibris.cat\/ca\/#website"},"primaryImageOfPage":{"@id":"https:\/\/artslibris.cat\/ca\/tienda\/pensamiento-ca\/proyectar-mundos-una-teoria-politica-del-diseno\/#primaryimage"},"image":{"@id":"https:\/\/artslibris.cat\/ca\/tienda\/pensamiento-ca\/proyectar-mundos-una-teoria-politica-del-diseno\/#primaryimage"},"thumbnailUrl":"https:\/\/artslibris.cat\/wp-content\/uploads\/2020\/10\/ArtsLibris-Metales-pesados-Proyectar-mundos.jpg","datePublished":"2020-10-22T07:06:56+00:00","dateModified":"2020-11-10T16:12:34+00:00","description":"\"Botiga ArtsLibris - Friedrich Von Borries - Proyectar mundos\"","breadcrumb":{"@id":"https:\/\/artslibris.cat\/ca\/tienda\/pensamiento-ca\/proyectar-mundos-una-teoria-politica-del-diseno\/#breadcrumb"},"inLanguage":"ca","potentialAction":[{"@type":"ReadAction","target":["https:\/\/artslibris.cat\/ca\/tienda\/pensamiento-ca\/proyectar-mundos-una-teoria-politica-del-diseno\/"]}]},{"@type":"ImageObject","inLanguage":"ca","@id":"https:\/\/artslibris.cat\/ca\/tienda\/pensamiento-ca\/proyectar-mundos-una-teoria-politica-del-diseno\/#primaryimage","url":"https:\/\/artslibris.cat\/wp-content\/uploads\/2020\/10\/ArtsLibris-Metales-pesados-Proyectar-mundos.jpg","contentUrl":"https:\/\/artslibris.cat\/wp-content\/uploads\/2020\/10\/ArtsLibris-Metales-pesados-Proyectar-mundos.jpg","width":1000,"height":1000},{"@type":"BreadcrumbList","@id":"https:\/\/artslibris.cat\/ca\/tienda\/pensamiento-ca\/proyectar-mundos-una-teoria-politica-del-diseno\/#breadcrumb","itemListElement":[{"@type":"ListItem","position":1,"name":"Portada","item":"https:\/\/artslibris.cat\/ca\/"},{"@type":"ListItem","position":2,"name":"Tenda","item":"https:\/\/artslibris.cat\/ca\/tenda\/"},{"@type":"ListItem","position":3,"name":"Proyectar mundos. Una teor\u00eda pol\u00edtica del dise\u00f1o"}]},{"@type":"WebSite","@id":"https:\/\/artslibris.cat\/ca\/#website","url":"https:\/\/artslibris.cat\/ca\/","name":"ArtsLibris","description":"","publisher":{"@id":"https:\/\/artslibris.cat\/ca\/#organization"},"potentialAction":[{"@type":"SearchAction","target":{"@type":"EntryPoint","urlTemplate":"https:\/\/artslibris.cat\/ca\/?s={search_term_string}"},"query-input":{"@type":"PropertyValueSpecification","valueRequired":true,"valueName":"search_term_string"}}],"inLanguage":"ca"},{"@type":"Organization","@id":"https:\/\/artslibris.cat\/ca\/#organization","name":"ArtsLibris","url":"https:\/\/artslibris.cat\/ca\/","logo":{"@type":"ImageObject","inLanguage":"ca","@id":"https:\/\/artslibris.cat\/ca\/#\/schema\/logo\/image\/","url":"https:\/\/artslibris.cat\/wp-content\/uploads\/2020\/05\/ArtsLibris-logo-black.svg","contentUrl":"https:\/\/artslibris.cat\/wp-content\/uploads\/2020\/05\/ArtsLibris-logo-black.svg","width":521,"height":85,"caption":"ArtsLibris"},"image":{"@id":"https:\/\/artslibris.cat\/ca\/#\/schema\/logo\/image\/"},"sameAs":["https:\/\/www.facebook.com\/artslibris\/","https:\/\/x.com\/ArtsLibris","https:\/\/www.instagram.com\/artslibris\/"]}]}},"_links":{"self":[{"href":"https:\/\/artslibris.cat\/ca\/wp-json\/wp\/v2\/product\/3238","targetHints":{"allow":["GET"]}}],"collection":[{"href":"https:\/\/artslibris.cat\/ca\/wp-json\/wp\/v2\/product"}],"about":[{"href":"https:\/\/artslibris.cat\/ca\/wp-json\/wp\/v2\/types\/product"}],"wp:featuredmedia":[{"embeddable":true,"href":"https:\/\/artslibris.cat\/ca\/wp-json\/wp\/v2\/media\/3201"}],"wp:attachment":[{"href":"https:\/\/artslibris.cat\/ca\/wp-json\/wp\/v2\/media?parent=3238"}],"wp:term":[{"taxonomy":"product_brand","embeddable":true,"href":"https:\/\/artslibris.cat\/ca\/wp-json\/wp\/v2\/product_brand?post=3238"},{"taxonomy":"product_cat","embeddable":true,"href":"https:\/\/artslibris.cat\/ca\/wp-json\/wp\/v2\/product_cat?post=3238"},{"taxonomy":"product_tag","embeddable":true,"href":"https:\/\/artslibris.cat\/ca\/wp-json\/wp\/v2\/product_tag?post=3238"}],"curies":[{"name":"wp","href":"https:\/\/api.w.org\/{rel}","templated":true}]}}