{"id":3236,"date":"2020-10-22T09:32:55","date_gmt":"2020-10-22T09:32:55","guid":{"rendered":"https:\/\/artslibris.cat\/?post_type=product&#038;p=3236"},"modified":"2020-11-10T17:03:56","modified_gmt":"2020-11-10T17:03:56","slug":"ruptura-y-continuidad-critica-de-arte-desde-america-latina","status":"publish","type":"product","link":"https:\/\/artslibris.cat\/ca\/tienda\/estetica-ca\/ruptura-y-continuidad-critica-de-arte-desde-america-latina\/","title":{"rendered":"Ruptura y continuidad: Cr\u00edtica de arte desde Am\u00e9rica Latina"},"content":{"rendered":"<p>En un examen minuci\u00f3s sobre els models cr\u00edtics amb els quals es pensa l&#8217;art a Am\u00e8rica Llatina, &#8220;Ruptura y continuidad&#8221; atorga un ampli panorama sobre l&#8217;esdevenir meta-te\u00f2ric del que \u00e9s llatinoameric\u00e0 des de la seva conformaci\u00f3 durant les d\u00e8cades dels trenta i quaranta com a model d&#8217;identitat cultural integracionista, i la seva f\u00f3rmula com a \u00abart llatinoameric\u00e0\u00bb entre els cinquanta i setanta, fins a la cr\u00edtica d&#8217;aquest model entre els vuitanta i noranta. Gabriela Pi\u00f1ero se centra especialment en la transformaci\u00f3 d&#8217;una teoria cr\u00edtica del sud que, malgrat respondre a l&#8217;amena\u00e7a imperialista del nord en tant que a l&#8217;aven\u00e7 de la modernitat occidental, havia heretat les mateixes premisses i nocions del seu projecte. Ram\u00edrez, Mosquera, Richard i Camnitzer formaran part d&#8217;aquesta \u00abnova cr\u00edtica\u00bb que, per a Pi\u00f1ero, apunta a reconsiderar la l\u00f2gica d&#8217;acci\u00f3 amb la qual l&#8217;art llatinoameric\u00e0 es concep pol\u00edticament, \u00e9s a dir, en mires a reconfigurar els seus models de &#8220;politicitat&#8221; a partir d&#8217;una complexa relaci\u00f3 de ruptura i continu\u00eftat respecte de les conceptualitzacions, dicotomies i l\u00f2giques que travessen les discussions entorn del que \u00e9s llatinoameric\u00e0.<\/p>\n","protected":false},"excerpt":{"rendered":"<p>T\u00edtol: Ruptura y continuidad: Cr\u00edtica de arte desde Am\u00e9rica Latina.<br \/>\nEditorial: Metales pesados.<br \/>\nAutora: Gabriela A.Pi\u00f1ero.<br \/>\nAny d&#8217;edici\u00f3: 2019.<br \/>\nNombre de p\u00e0gines: 262.<br \/>\nISBN: 9789569843877.<\/p>\n","protected":false},"featured_media":3461,"template":"","meta":{"_acf_changed":false,"site-sidebar-layout":"default","site-content-layout":"default","ast-site-content-layout":"default","site-content-style":"default","site-sidebar-style":"default","ast-global-header-display":"","ast-banner-title-visibility":"","ast-main-header-display":"","ast-hfb-above-header-display":"","ast-hfb-below-header-display":"","ast-hfb-mobile-header-display":"","site-post-title":"","ast-breadcrumbs-content":"","ast-featured-img":"","footer-sml-layout":"","ast-disable-related-posts":"","theme-transparent-header-meta":"default","adv-header-id-meta":"","stick-header-meta":"","header-above-stick-meta":"","header-main-stick-meta":"","header-below-stick-meta":"","astra-migrate-meta-layouts":"default","ast-page-background-enabled":"default","ast-page-background-meta":{"desktop":{"background-color":"","background-image":"","background-repeat":"repeat","background-position":"center center","background-size":"auto","background-attachment":"scroll","background-type":"","background-media":"","overlay-type":"","overlay-color":"","overlay-opacity":"","overlay-gradient":""},"tablet":{"background-color":"","background-image":"","background-repeat":"repeat","background-position":"center center","background-size":"auto","background-attachment":"scroll","background-type":"","background-media":"","overlay-type":"","overlay-color":"","overlay-opacity":"","overlay-gradient":""},"mobile":{"background-color":"","background-image":"","background-repeat":"repeat","background-position":"center center","background-size":"auto","background-attachment":"scroll","background-type":"","background-media":"","overlay-type":"","overlay-color":"","overlay-opacity":"","overlay-gradient":""}},"ast-content-background-meta":{"desktop":{"background-color":"var(--ast-global-color-5)","background-image":"","background-repeat":"repeat","background-position":"center center","background-size":"auto","background-attachment":"scroll","background-type":"","background-media":"","overlay-type":"","overlay-color":"","overlay-opacity":"","overlay-gradient":""},"tablet":{"background-color":"var(--ast-global-color-5)","background-image":"","background-repeat":"repeat","background-position":"center center","background-size":"auto","background-attachment":"scroll","background-type":"","background-media":"","overlay-type":"","overlay-color":"","overlay-opacity":"","overlay-gradient":""},"mobile":{"background-color":"var(--ast-global-color-5)","background-image":"","background-repeat":"repeat","background-position":"center center","background-size":"auto","background-attachment":"scroll","background-type":"","background-media":"","overlay-type":"","overlay-color":"","overlay-opacity":"","overlay-gradient":""}}},"product_brand":[],"product_cat":[84],"product_tag":[124],"class_list":{"0":"post-3236","1":"product","2":"type-product","3":"status-publish","4":"has-post-thumbnail","6":"product_cat-estetica-ca","7":"product_tag-metales-pesados-ca","8":"desktop-align-left","9":"tablet-align-left","10":"mobile-align-left","12":"first","13":"outofstock","14":"shipping-taxable","15":"purchasable","16":"product-type-simple"},"acf":[],"yoast_head":"<!-- This site is optimized with the Yoast SEO plugin v27.3 - https:\/\/yoast.com\/product\/yoast-seo-wordpress\/ -->\n<title>Ruptura y continuidad: Cr\u00edtica de arte desde Am\u00e9rica Latina - ArtsLibris<\/title>\n<meta name=\"description\" content=\"&quot;Botiga ArtsLibris - Gabriela A. Pi\u00f1ero - Ruptura y continuidad&quot;\" \/>\n<meta name=\"robots\" content=\"index, follow, max-snippet:-1, max-image-preview:large, max-video-preview:-1\" \/>\n<link rel=\"canonical\" href=\"https:\/\/artslibris.cat\/ca\/tienda\/estetica-ca\/ruptura-y-continuidad-critica-de-arte-desde-america-latina\/\" \/>\n<meta property=\"og:locale\" content=\"ca_ES\" \/>\n<meta property=\"og:type\" content=\"article\" \/>\n<meta property=\"og:title\" content=\"Ruptura y continuidad: Cr\u00edtica de arte desde Am\u00e9rica Latina - ArtsLibris\" \/>\n<meta property=\"og:description\" content=\"&quot;Botiga ArtsLibris - Gabriela A. Pi\u00f1ero - Ruptura y continuidad&quot;\" \/>\n<meta property=\"og:url\" content=\"https:\/\/artslibris.cat\/ca\/tienda\/estetica-ca\/ruptura-y-continuidad-critica-de-arte-desde-america-latina\/\" \/>\n<meta property=\"og:site_name\" content=\"ArtsLibris\" \/>\n<meta property=\"article:publisher\" content=\"https:\/\/www.facebook.com\/artslibris\/\" \/>\n<meta property=\"article:modified_time\" content=\"2020-11-10T17:03:56+00:00\" \/>\n<meta property=\"og:image\" content=\"https:\/\/artslibris.cat\/wp-content\/uploads\/2020\/10\/ArtsLibris_MetalesPesados_RupturayContinuidad.jpg\" \/>\n\t<meta property=\"og:image:width\" content=\"1400\" \/>\n\t<meta property=\"og:image:height\" content=\"2042\" \/>\n\t<meta property=\"og:image:type\" content=\"image\/jpeg\" \/>\n<meta name=\"twitter:card\" content=\"summary_large_image\" \/>\n<meta name=\"twitter:site\" content=\"@ArtsLibris\" \/>\n<meta name=\"twitter:label1\" content=\"Temps estimat de lectura\" \/>\n\t<meta name=\"twitter:data1\" content=\"1 minut\" \/>\n<script type=\"application\/ld+json\" class=\"yoast-schema-graph\">{\"@context\":\"https:\\\/\\\/schema.org\",\"@graph\":[{\"@type\":\"WebPage\",\"@id\":\"https:\\\/\\\/artslibris.cat\\\/ca\\\/tienda\\\/estetica-ca\\\/ruptura-y-continuidad-critica-de-arte-desde-america-latina\\\/\",\"url\":\"https:\\\/\\\/artslibris.cat\\\/ca\\\/tienda\\\/estetica-ca\\\/ruptura-y-continuidad-critica-de-arte-desde-america-latina\\\/\",\"name\":\"Ruptura y continuidad: Cr\u00edtica de arte desde Am\u00e9rica Latina - ArtsLibris\",\"isPartOf\":{\"@id\":\"https:\\\/\\\/artslibris.cat\\\/ca\\\/#website\"},\"primaryImageOfPage\":{\"@id\":\"https:\\\/\\\/artslibris.cat\\\/ca\\\/tienda\\\/estetica-ca\\\/ruptura-y-continuidad-critica-de-arte-desde-america-latina\\\/#primaryimage\"},\"image\":{\"@id\":\"https:\\\/\\\/artslibris.cat\\\/ca\\\/tienda\\\/estetica-ca\\\/ruptura-y-continuidad-critica-de-arte-desde-america-latina\\\/#primaryimage\"},\"thumbnailUrl\":\"https:\\\/\\\/artslibris.cat\\\/wp-content\\\/uploads\\\/2020\\\/10\\\/ArtsLibris_MetalesPesados_RupturayContinuidad.jpg\",\"datePublished\":\"2020-10-22T09:32:55+00:00\",\"dateModified\":\"2020-11-10T17:03:56+00:00\",\"description\":\"\\\"Botiga ArtsLibris - Gabriela A. Pi\u00f1ero - Ruptura y continuidad\\\"\",\"breadcrumb\":{\"@id\":\"https:\\\/\\\/artslibris.cat\\\/ca\\\/tienda\\\/estetica-ca\\\/ruptura-y-continuidad-critica-de-arte-desde-america-latina\\\/#breadcrumb\"},\"inLanguage\":\"ca\",\"potentialAction\":[{\"@type\":\"ReadAction\",\"target\":[\"https:\\\/\\\/artslibris.cat\\\/ca\\\/tienda\\\/estetica-ca\\\/ruptura-y-continuidad-critica-de-arte-desde-america-latina\\\/\"]}]},{\"@type\":\"ImageObject\",\"inLanguage\":\"ca\",\"@id\":\"https:\\\/\\\/artslibris.cat\\\/ca\\\/tienda\\\/estetica-ca\\\/ruptura-y-continuidad-critica-de-arte-desde-america-latina\\\/#primaryimage\",\"url\":\"https:\\\/\\\/artslibris.cat\\\/wp-content\\\/uploads\\\/2020\\\/10\\\/ArtsLibris_MetalesPesados_RupturayContinuidad.jpg\",\"contentUrl\":\"https:\\\/\\\/artslibris.cat\\\/wp-content\\\/uploads\\\/2020\\\/10\\\/ArtsLibris_MetalesPesados_RupturayContinuidad.jpg\",\"width\":1400,\"height\":2042},{\"@type\":\"BreadcrumbList\",\"@id\":\"https:\\\/\\\/artslibris.cat\\\/ca\\\/tienda\\\/estetica-ca\\\/ruptura-y-continuidad-critica-de-arte-desde-america-latina\\\/#breadcrumb\",\"itemListElement\":[{\"@type\":\"ListItem\",\"position\":1,\"name\":\"Portada\",\"item\":\"https:\\\/\\\/artslibris.cat\\\/ca\\\/\"},{\"@type\":\"ListItem\",\"position\":2,\"name\":\"Tenda\",\"item\":\"https:\\\/\\\/artslibris.cat\\\/ca\\\/tenda\\\/\"},{\"@type\":\"ListItem\",\"position\":3,\"name\":\"Ruptura y continuidad: Cr\u00edtica de arte desde Am\u00e9rica Latina\"}]},{\"@type\":\"WebSite\",\"@id\":\"https:\\\/\\\/artslibris.cat\\\/ca\\\/#website\",\"url\":\"https:\\\/\\\/artslibris.cat\\\/ca\\\/\",\"name\":\"ArtsLibris\",\"description\":\"\",\"publisher\":{\"@id\":\"https:\\\/\\\/artslibris.cat\\\/ca\\\/#organization\"},\"potentialAction\":[{\"@type\":\"SearchAction\",\"target\":{\"@type\":\"EntryPoint\",\"urlTemplate\":\"https:\\\/\\\/artslibris.cat\\\/ca\\\/?s={search_term_string}\"},\"query-input\":{\"@type\":\"PropertyValueSpecification\",\"valueRequired\":true,\"valueName\":\"search_term_string\"}}],\"inLanguage\":\"ca\"},{\"@type\":\"Organization\",\"@id\":\"https:\\\/\\\/artslibris.cat\\\/ca\\\/#organization\",\"name\":\"ArtsLibris\",\"url\":\"https:\\\/\\\/artslibris.cat\\\/ca\\\/\",\"logo\":{\"@type\":\"ImageObject\",\"inLanguage\":\"ca\",\"@id\":\"https:\\\/\\\/artslibris.cat\\\/ca\\\/#\\\/schema\\\/logo\\\/image\\\/\",\"url\":\"https:\\\/\\\/artslibris.cat\\\/wp-content\\\/uploads\\\/2020\\\/05\\\/ArtsLibris-logo-black.svg\",\"contentUrl\":\"https:\\\/\\\/artslibris.cat\\\/wp-content\\\/uploads\\\/2020\\\/05\\\/ArtsLibris-logo-black.svg\",\"width\":521,\"height\":85,\"caption\":\"ArtsLibris\"},\"image\":{\"@id\":\"https:\\\/\\\/artslibris.cat\\\/ca\\\/#\\\/schema\\\/logo\\\/image\\\/\"},\"sameAs\":[\"https:\\\/\\\/www.facebook.com\\\/artslibris\\\/\",\"https:\\\/\\\/x.com\\\/ArtsLibris\",\"https:\\\/\\\/www.instagram.com\\\/artslibris\\\/\"]}]}<\/script>\n<!-- \/ Yoast SEO plugin. -->","yoast_head_json":{"title":"Ruptura y continuidad: Cr\u00edtica de arte desde Am\u00e9rica Latina - ArtsLibris","description":"\"Botiga ArtsLibris - Gabriela A. Pi\u00f1ero - Ruptura y continuidad\"","robots":{"index":"index","follow":"follow","max-snippet":"max-snippet:-1","max-image-preview":"max-image-preview:large","max-video-preview":"max-video-preview:-1"},"canonical":"https:\/\/artslibris.cat\/ca\/tienda\/estetica-ca\/ruptura-y-continuidad-critica-de-arte-desde-america-latina\/","og_locale":"ca_ES","og_type":"article","og_title":"Ruptura y continuidad: Cr\u00edtica de arte desde Am\u00e9rica Latina - ArtsLibris","og_description":"\"Botiga ArtsLibris - Gabriela A. Pi\u00f1ero - Ruptura y continuidad\"","og_url":"https:\/\/artslibris.cat\/ca\/tienda\/estetica-ca\/ruptura-y-continuidad-critica-de-arte-desde-america-latina\/","og_site_name":"ArtsLibris","article_publisher":"https:\/\/www.facebook.com\/artslibris\/","article_modified_time":"2020-11-10T17:03:56+00:00","og_image":[{"width":1400,"height":2042,"url":"https:\/\/artslibris.cat\/wp-content\/uploads\/2020\/10\/ArtsLibris_MetalesPesados_RupturayContinuidad.jpg","type":"image\/jpeg"}],"twitter_card":"summary_large_image","twitter_site":"@ArtsLibris","twitter_misc":{"Temps estimat de lectura":"1 minut"},"schema":{"@context":"https:\/\/schema.org","@graph":[{"@type":"WebPage","@id":"https:\/\/artslibris.cat\/ca\/tienda\/estetica-ca\/ruptura-y-continuidad-critica-de-arte-desde-america-latina\/","url":"https:\/\/artslibris.cat\/ca\/tienda\/estetica-ca\/ruptura-y-continuidad-critica-de-arte-desde-america-latina\/","name":"Ruptura y continuidad: Cr\u00edtica de arte desde Am\u00e9rica Latina - ArtsLibris","isPartOf":{"@id":"https:\/\/artslibris.cat\/ca\/#website"},"primaryImageOfPage":{"@id":"https:\/\/artslibris.cat\/ca\/tienda\/estetica-ca\/ruptura-y-continuidad-critica-de-arte-desde-america-latina\/#primaryimage"},"image":{"@id":"https:\/\/artslibris.cat\/ca\/tienda\/estetica-ca\/ruptura-y-continuidad-critica-de-arte-desde-america-latina\/#primaryimage"},"thumbnailUrl":"https:\/\/artslibris.cat\/wp-content\/uploads\/2020\/10\/ArtsLibris_MetalesPesados_RupturayContinuidad.jpg","datePublished":"2020-10-22T09:32:55+00:00","dateModified":"2020-11-10T17:03:56+00:00","description":"\"Botiga ArtsLibris - Gabriela A. Pi\u00f1ero - Ruptura y continuidad\"","breadcrumb":{"@id":"https:\/\/artslibris.cat\/ca\/tienda\/estetica-ca\/ruptura-y-continuidad-critica-de-arte-desde-america-latina\/#breadcrumb"},"inLanguage":"ca","potentialAction":[{"@type":"ReadAction","target":["https:\/\/artslibris.cat\/ca\/tienda\/estetica-ca\/ruptura-y-continuidad-critica-de-arte-desde-america-latina\/"]}]},{"@type":"ImageObject","inLanguage":"ca","@id":"https:\/\/artslibris.cat\/ca\/tienda\/estetica-ca\/ruptura-y-continuidad-critica-de-arte-desde-america-latina\/#primaryimage","url":"https:\/\/artslibris.cat\/wp-content\/uploads\/2020\/10\/ArtsLibris_MetalesPesados_RupturayContinuidad.jpg","contentUrl":"https:\/\/artslibris.cat\/wp-content\/uploads\/2020\/10\/ArtsLibris_MetalesPesados_RupturayContinuidad.jpg","width":1400,"height":2042},{"@type":"BreadcrumbList","@id":"https:\/\/artslibris.cat\/ca\/tienda\/estetica-ca\/ruptura-y-continuidad-critica-de-arte-desde-america-latina\/#breadcrumb","itemListElement":[{"@type":"ListItem","position":1,"name":"Portada","item":"https:\/\/artslibris.cat\/ca\/"},{"@type":"ListItem","position":2,"name":"Tenda","item":"https:\/\/artslibris.cat\/ca\/tenda\/"},{"@type":"ListItem","position":3,"name":"Ruptura y continuidad: Cr\u00edtica de arte desde Am\u00e9rica Latina"}]},{"@type":"WebSite","@id":"https:\/\/artslibris.cat\/ca\/#website","url":"https:\/\/artslibris.cat\/ca\/","name":"ArtsLibris","description":"","publisher":{"@id":"https:\/\/artslibris.cat\/ca\/#organization"},"potentialAction":[{"@type":"SearchAction","target":{"@type":"EntryPoint","urlTemplate":"https:\/\/artslibris.cat\/ca\/?s={search_term_string}"},"query-input":{"@type":"PropertyValueSpecification","valueRequired":true,"valueName":"search_term_string"}}],"inLanguage":"ca"},{"@type":"Organization","@id":"https:\/\/artslibris.cat\/ca\/#organization","name":"ArtsLibris","url":"https:\/\/artslibris.cat\/ca\/","logo":{"@type":"ImageObject","inLanguage":"ca","@id":"https:\/\/artslibris.cat\/ca\/#\/schema\/logo\/image\/","url":"https:\/\/artslibris.cat\/wp-content\/uploads\/2020\/05\/ArtsLibris-logo-black.svg","contentUrl":"https:\/\/artslibris.cat\/wp-content\/uploads\/2020\/05\/ArtsLibris-logo-black.svg","width":521,"height":85,"caption":"ArtsLibris"},"image":{"@id":"https:\/\/artslibris.cat\/ca\/#\/schema\/logo\/image\/"},"sameAs":["https:\/\/www.facebook.com\/artslibris\/","https:\/\/x.com\/ArtsLibris","https:\/\/www.instagram.com\/artslibris\/"]}]}},"_links":{"self":[{"href":"https:\/\/artslibris.cat\/ca\/wp-json\/wp\/v2\/product\/3236","targetHints":{"allow":["GET"]}}],"collection":[{"href":"https:\/\/artslibris.cat\/ca\/wp-json\/wp\/v2\/product"}],"about":[{"href":"https:\/\/artslibris.cat\/ca\/wp-json\/wp\/v2\/types\/product"}],"wp:featuredmedia":[{"embeddable":true,"href":"https:\/\/artslibris.cat\/ca\/wp-json\/wp\/v2\/media\/3461"}],"wp:attachment":[{"href":"https:\/\/artslibris.cat\/ca\/wp-json\/wp\/v2\/media?parent=3236"}],"wp:term":[{"taxonomy":"product_brand","embeddable":true,"href":"https:\/\/artslibris.cat\/ca\/wp-json\/wp\/v2\/product_brand?post=3236"},{"taxonomy":"product_cat","embeddable":true,"href":"https:\/\/artslibris.cat\/ca\/wp-json\/wp\/v2\/product_cat?post=3236"},{"taxonomy":"product_tag","embeddable":true,"href":"https:\/\/artslibris.cat\/ca\/wp-json\/wp\/v2\/product_tag?post=3236"}],"curies":[{"name":"wp","href":"https:\/\/api.w.org\/{rel}","templated":true}]}}