{"id":31389,"date":"2025-07-23T16:49:50","date_gmt":"2025-07-23T16:49:50","guid":{"rendered":"https:\/\/artslibris.cat\/?post_type=product&#038;p=31389"},"modified":"2025-07-23T16:49:51","modified_gmt":"2025-07-23T16:49:51","slug":"trash-talk","status":"publish","type":"product","link":"https:\/\/artslibris.cat\/ca\/tienda\/llibre-dartista\/trash-talk\/","title":{"rendered":"Trash Talk"},"content":{"rendered":"<p data-start=\"44\" data-end=\"385\"><em>Trash Talk<\/em> \u00e9s una col\u00b7lecci\u00f3 de fotografies sobre la nostra petjada de carboni i la tend\u00e8ncia humana a generar residus. Aquest conjunt d\u2019obres funciona intencionadament com una s\u00e0tira, subratllant com de f\u00e0cil ens resulta comentar els problemes sense necess\u00e0riament actuar millor; en ess\u00e8ncia, una forma de <em data-start=\"355\" data-end=\"370\">trash talking<\/em> en si mateixa.<\/p>\n<p data-start=\"387\" data-end=\"615\" data-is-last-node=\"\" data-is-only-node=\"\">Les fotografies d\u2019aquest llibre van ser preses en quatre ciutats diferents: Amsterdam, Kuala Lumpur, Jakarta i Singapur. Cada exemplar del llibre \u00e9s \u00fanic, elaborat meticulosament a m\u00e0 utilitzant materials reciclats seleccionats.<\/p>\n","protected":false},"excerpt":{"rendered":"<p><strong data-start=\"169\" data-end=\"185\">Fotografies:<\/strong> Meidiana Tahir<\/p>\n<p><strong data-start=\"203\" data-end=\"226\">Edici\u00f3 fotogr\u00e0fica:<\/strong> Rosa Panggabean, Yoppy Pieter<\/p>\n<p><strong data-start=\"259\" data-end=\"282\">Disseny del llibre:<\/strong> Anugrah Daiyyah, Sahid Permana<\/p>\n<p><strong data-start=\"316\" data-end=\"337\">Edici\u00f3 de textos:<\/strong> Baskara Putra<\/p>\n<p><strong data-start=\"355\" data-end=\"366\">Format:<\/strong> Tapa dura<\/p>\n<p><strong data-start=\"379\" data-end=\"388\">Mida:<\/strong> 180 mm x 240 mm<\/p>\n<p><strong data-start=\"407\" data-end=\"415\">Pes:<\/strong> 660 g<\/p>\n<p><strong data-start=\"424\" data-end=\"436\">P\u00e0gines:<\/strong> 80<\/p>\n<p><strong data-start=\"442\" data-end=\"453\" data-is-only-node=\"\">Idioma:<\/strong> Angl\u00e8s<\/p>\n<p><strong data-start=\"183\" data-end=\"191\">Any:<\/strong>\u00a02024<\/p>\n<p><strong data-start=\"192\" data-end=\"210\">Primera edici\u00f3: <\/strong>150 c\u00f2pies numerades<\/p>\n<p><strong>C\u00f2pia signada<\/strong><\/p>\n","protected":false},"featured_media":31407,"template":"","meta":{"_acf_changed":false,"site-sidebar-layout":"default","site-content-layout":"","ast-site-content-layout":"default","site-content-style":"default","site-sidebar-style":"default","ast-global-header-display":"","ast-banner-title-visibility":"","ast-main-header-display":"","ast-hfb-above-header-display":"","ast-hfb-below-header-display":"","ast-hfb-mobile-header-display":"","site-post-title":"","ast-breadcrumbs-content":"","ast-featured-img":"","footer-sml-layout":"","ast-disable-related-posts":"","theme-transparent-header-meta":"default","adv-header-id-meta":"","stick-header-meta":"","header-above-stick-meta":"","header-main-stick-meta":"","header-below-stick-meta":"","astra-migrate-meta-layouts":"set","ast-page-background-enabled":"default","ast-page-background-meta":{"desktop":{"background-color":"","background-image":"","background-repeat":"repeat","background-position":"center center","background-size":"auto","background-attachment":"scroll","background-type":"","background-media":"","overlay-type":"","overlay-color":"","overlay-opacity":"","overlay-gradient":""},"tablet":{"background-color":"","background-image":"","background-repeat":"repeat","background-position":"center center","background-size":"auto","background-attachment":"scroll","background-type":"","background-media":"","overlay-type":"","overlay-color":"","overlay-opacity":"","overlay-gradient":""},"mobile":{"background-color":"","background-image":"","background-repeat":"repeat","background-position":"center center","background-size":"auto","background-attachment":"scroll","background-type":"","background-media":"","overlay-type":"","overlay-color":"","overlay-opacity":"","overlay-gradient":""}},"ast-content-background-meta":{"desktop":{"background-color":"var(--ast-global-color-5)","background-image":"","background-repeat":"repeat","background-position":"center center","background-size":"auto","background-attachment":"scroll","background-type":"","background-media":"","overlay-type":"","overlay-color":"","overlay-opacity":"","overlay-gradient":""},"tablet":{"background-color":"var(--ast-global-color-5)","background-image":"","background-repeat":"repeat","background-position":"center center","background-size":"auto","background-attachment":"scroll","background-type":"","background-media":"","overlay-type":"","overlay-color":"","overlay-opacity":"","overlay-gradient":""},"mobile":{"background-color":"var(--ast-global-color-5)","background-image":"","background-repeat":"repeat","background-position":"center center","background-size":"auto","background-attachment":"scroll","background-type":"","background-media":"","overlay-type":"","overlay-color":"","overlay-opacity":"","overlay-gradient":""}}},"product_brand":[],"product_cat":[88,65],"product_tag":[],"class_list":{"0":"post-31389","1":"product","2":"type-product","3":"status-publish","4":"has-post-thumbnail","6":"product_cat-fotolibro-ca","7":"product_cat-llibre-dartista","8":"desktop-align-left","9":"tablet-align-left","10":"mobile-align-left","12":"first","13":"instock","14":"shipping-taxable","15":"purchasable","16":"product-type-simple"},"acf":[],"yoast_head":"<!-- This site is optimized with the Yoast SEO plugin v27.1.1 - https:\/\/yoast.com\/product\/yoast-seo-wordpress\/ -->\n<title>Trash Talk - ArtsLibris<\/title>\n<meta name=\"robots\" content=\"index, follow, max-snippet:-1, max-image-preview:large, max-video-preview:-1\" \/>\n<link rel=\"canonical\" href=\"https:\/\/artslibris.cat\/ca\/tienda\/llibre-dartista\/trash-talk\/\" \/>\n<meta property=\"og:locale\" content=\"ca_ES\" \/>\n<meta property=\"og:type\" content=\"article\" \/>\n<meta property=\"og:title\" content=\"Trash Talk - ArtsLibris\" \/>\n<meta property=\"og:description\" content=\"Fotografies: Meidiana Tahir  Edici\u00f3 fotogr\u00e0fica: Rosa Panggabean, Yoppy Pieter  Disseny del llibre: Anugrah Daiyyah, Sahid Permana  Edici\u00f3 de textos: Baskara Putra  Format: Tapa dura  Mida: 180 mm x 240 mm  Pes: 660 g  P\u00e0gines: 80  Idioma: Angl\u00e8s  Any:\u00a02024  Primera edici\u00f3: 150 c\u00f2pies numerades  C\u00f2pia signada\" \/>\n<meta property=\"og:url\" content=\"https:\/\/artslibris.cat\/ca\/tienda\/llibre-dartista\/trash-talk\/\" \/>\n<meta property=\"og:site_name\" content=\"ArtsLibris\" \/>\n<meta property=\"article:publisher\" content=\"https:\/\/www.facebook.com\/artslibris\/\" \/>\n<meta property=\"article:modified_time\" content=\"2025-07-23T16:49:51+00:00\" \/>\n<meta property=\"og:image\" content=\"https:\/\/artslibris.cat\/wp-content\/uploads\/2025\/07\/trash-talk.webp\" \/>\n\t<meta property=\"og:image:width\" content=\"800\" \/>\n\t<meta property=\"og:image:height\" content=\"566\" \/>\n\t<meta property=\"og:image:type\" content=\"image\/webp\" \/>\n<meta name=\"twitter:card\" content=\"summary_large_image\" \/>\n<meta name=\"twitter:site\" content=\"@ArtsLibris\" \/>\n<script type=\"application\/ld+json\" class=\"yoast-schema-graph\">{\"@context\":\"https:\/\/schema.org\",\"@graph\":[{\"@type\":\"WebPage\",\"@id\":\"https:\/\/artslibris.cat\/ca\/tienda\/llibre-dartista\/trash-talk\/\",\"url\":\"https:\/\/artslibris.cat\/ca\/tienda\/llibre-dartista\/trash-talk\/\",\"name\":\"Trash Talk - ArtsLibris\",\"isPartOf\":{\"@id\":\"https:\/\/artslibris.cat\/ca\/#website\"},\"primaryImageOfPage\":{\"@id\":\"https:\/\/artslibris.cat\/ca\/tienda\/llibre-dartista\/trash-talk\/#primaryimage\"},\"image\":{\"@id\":\"https:\/\/artslibris.cat\/ca\/tienda\/llibre-dartista\/trash-talk\/#primaryimage\"},\"thumbnailUrl\":\"https:\/\/artslibris.cat\/wp-content\/uploads\/2025\/07\/trash-talk-0.jpg\",\"datePublished\":\"2025-07-23T16:49:50+00:00\",\"dateModified\":\"2025-07-23T16:49:51+00:00\",\"breadcrumb\":{\"@id\":\"https:\/\/artslibris.cat\/ca\/tienda\/llibre-dartista\/trash-talk\/#breadcrumb\"},\"inLanguage\":\"ca\",\"potentialAction\":[{\"@type\":\"ReadAction\",\"target\":[\"https:\/\/artslibris.cat\/ca\/tienda\/llibre-dartista\/trash-talk\/\"]}]},{\"@type\":\"ImageObject\",\"inLanguage\":\"ca\",\"@id\":\"https:\/\/artslibris.cat\/ca\/tienda\/llibre-dartista\/trash-talk\/#primaryimage\",\"url\":\"https:\/\/artslibris.cat\/wp-content\/uploads\/2025\/07\/trash-talk-0.jpg\",\"contentUrl\":\"https:\/\/artslibris.cat\/wp-content\/uploads\/2025\/07\/trash-talk-0.jpg\",\"width\":315,\"height\":419},{\"@type\":\"BreadcrumbList\",\"@id\":\"https:\/\/artslibris.cat\/ca\/tienda\/llibre-dartista\/trash-talk\/#breadcrumb\",\"itemListElement\":[{\"@type\":\"ListItem\",\"position\":1,\"name\":\"Portada\",\"item\":\"https:\/\/artslibris.cat\/ca\/\"},{\"@type\":\"ListItem\",\"position\":2,\"name\":\"Tenda\",\"item\":\"https:\/\/artslibris.cat\/ca\/tenda\/\"},{\"@type\":\"ListItem\",\"position\":3,\"name\":\"Trash Talk\"}]},{\"@type\":\"WebSite\",\"@id\":\"https:\/\/artslibris.cat\/ca\/#website\",\"url\":\"https:\/\/artslibris.cat\/ca\/\",\"name\":\"ArtsLibris\",\"description\":\"\",\"publisher\":{\"@id\":\"https:\/\/artslibris.cat\/ca\/#organization\"},\"potentialAction\":[{\"@type\":\"SearchAction\",\"target\":{\"@type\":\"EntryPoint\",\"urlTemplate\":\"https:\/\/artslibris.cat\/ca\/?s={search_term_string}\"},\"query-input\":{\"@type\":\"PropertyValueSpecification\",\"valueRequired\":true,\"valueName\":\"search_term_string\"}}],\"inLanguage\":\"ca\"},{\"@type\":\"Organization\",\"@id\":\"https:\/\/artslibris.cat\/ca\/#organization\",\"name\":\"ArtsLibris\",\"url\":\"https:\/\/artslibris.cat\/ca\/\",\"logo\":{\"@type\":\"ImageObject\",\"inLanguage\":\"ca\",\"@id\":\"https:\/\/artslibris.cat\/ca\/#\/schema\/logo\/image\/\",\"url\":\"https:\/\/artslibris.cat\/wp-content\/uploads\/2020\/05\/ArtsLibris-logo-black.svg\",\"contentUrl\":\"https:\/\/artslibris.cat\/wp-content\/uploads\/2020\/05\/ArtsLibris-logo-black.svg\",\"width\":521,\"height\":85,\"caption\":\"ArtsLibris\"},\"image\":{\"@id\":\"https:\/\/artslibris.cat\/ca\/#\/schema\/logo\/image\/\"},\"sameAs\":[\"https:\/\/www.facebook.com\/artslibris\/\",\"https:\/\/x.com\/ArtsLibris\",\"https:\/\/www.instagram.com\/artslibris\/\"]}]}<\/script>\n<!-- \/ Yoast SEO plugin. -->","yoast_head_json":{"title":"Trash Talk - ArtsLibris","robots":{"index":"index","follow":"follow","max-snippet":"max-snippet:-1","max-image-preview":"max-image-preview:large","max-video-preview":"max-video-preview:-1"},"canonical":"https:\/\/artslibris.cat\/ca\/tienda\/llibre-dartista\/trash-talk\/","og_locale":"ca_ES","og_type":"article","og_title":"Trash Talk - ArtsLibris","og_description":"Fotografies: Meidiana Tahir  Edici\u00f3 fotogr\u00e0fica: Rosa Panggabean, Yoppy Pieter  Disseny del llibre: Anugrah Daiyyah, Sahid Permana  Edici\u00f3 de textos: Baskara Putra  Format: Tapa dura  Mida: 180 mm x 240 mm  Pes: 660 g  P\u00e0gines: 80  Idioma: Angl\u00e8s  Any:\u00a02024  Primera edici\u00f3: 150 c\u00f2pies numerades  C\u00f2pia signada","og_url":"https:\/\/artslibris.cat\/ca\/tienda\/llibre-dartista\/trash-talk\/","og_site_name":"ArtsLibris","article_publisher":"https:\/\/www.facebook.com\/artslibris\/","article_modified_time":"2025-07-23T16:49:51+00:00","og_image":[{"width":800,"height":566,"url":"https:\/\/artslibris.cat\/wp-content\/uploads\/2025\/07\/trash-talk.webp","type":"image\/webp"}],"twitter_card":"summary_large_image","twitter_site":"@ArtsLibris","schema":{"@context":"https:\/\/schema.org","@graph":[{"@type":"WebPage","@id":"https:\/\/artslibris.cat\/ca\/tienda\/llibre-dartista\/trash-talk\/","url":"https:\/\/artslibris.cat\/ca\/tienda\/llibre-dartista\/trash-talk\/","name":"Trash Talk - ArtsLibris","isPartOf":{"@id":"https:\/\/artslibris.cat\/ca\/#website"},"primaryImageOfPage":{"@id":"https:\/\/artslibris.cat\/ca\/tienda\/llibre-dartista\/trash-talk\/#primaryimage"},"image":{"@id":"https:\/\/artslibris.cat\/ca\/tienda\/llibre-dartista\/trash-talk\/#primaryimage"},"thumbnailUrl":"https:\/\/artslibris.cat\/wp-content\/uploads\/2025\/07\/trash-talk-0.jpg","datePublished":"2025-07-23T16:49:50+00:00","dateModified":"2025-07-23T16:49:51+00:00","breadcrumb":{"@id":"https:\/\/artslibris.cat\/ca\/tienda\/llibre-dartista\/trash-talk\/#breadcrumb"},"inLanguage":"ca","potentialAction":[{"@type":"ReadAction","target":["https:\/\/artslibris.cat\/ca\/tienda\/llibre-dartista\/trash-talk\/"]}]},{"@type":"ImageObject","inLanguage":"ca","@id":"https:\/\/artslibris.cat\/ca\/tienda\/llibre-dartista\/trash-talk\/#primaryimage","url":"https:\/\/artslibris.cat\/wp-content\/uploads\/2025\/07\/trash-talk-0.jpg","contentUrl":"https:\/\/artslibris.cat\/wp-content\/uploads\/2025\/07\/trash-talk-0.jpg","width":315,"height":419},{"@type":"BreadcrumbList","@id":"https:\/\/artslibris.cat\/ca\/tienda\/llibre-dartista\/trash-talk\/#breadcrumb","itemListElement":[{"@type":"ListItem","position":1,"name":"Portada","item":"https:\/\/artslibris.cat\/ca\/"},{"@type":"ListItem","position":2,"name":"Tenda","item":"https:\/\/artslibris.cat\/ca\/tenda\/"},{"@type":"ListItem","position":3,"name":"Trash Talk"}]},{"@type":"WebSite","@id":"https:\/\/artslibris.cat\/ca\/#website","url":"https:\/\/artslibris.cat\/ca\/","name":"ArtsLibris","description":"","publisher":{"@id":"https:\/\/artslibris.cat\/ca\/#organization"},"potentialAction":[{"@type":"SearchAction","target":{"@type":"EntryPoint","urlTemplate":"https:\/\/artslibris.cat\/ca\/?s={search_term_string}"},"query-input":{"@type":"PropertyValueSpecification","valueRequired":true,"valueName":"search_term_string"}}],"inLanguage":"ca"},{"@type":"Organization","@id":"https:\/\/artslibris.cat\/ca\/#organization","name":"ArtsLibris","url":"https:\/\/artslibris.cat\/ca\/","logo":{"@type":"ImageObject","inLanguage":"ca","@id":"https:\/\/artslibris.cat\/ca\/#\/schema\/logo\/image\/","url":"https:\/\/artslibris.cat\/wp-content\/uploads\/2020\/05\/ArtsLibris-logo-black.svg","contentUrl":"https:\/\/artslibris.cat\/wp-content\/uploads\/2020\/05\/ArtsLibris-logo-black.svg","width":521,"height":85,"caption":"ArtsLibris"},"image":{"@id":"https:\/\/artslibris.cat\/ca\/#\/schema\/logo\/image\/"},"sameAs":["https:\/\/www.facebook.com\/artslibris\/","https:\/\/x.com\/ArtsLibris","https:\/\/www.instagram.com\/artslibris\/"]}]}},"_links":{"self":[{"href":"https:\/\/artslibris.cat\/ca\/wp-json\/wp\/v2\/product\/31389","targetHints":{"allow":["GET"]}}],"collection":[{"href":"https:\/\/artslibris.cat\/ca\/wp-json\/wp\/v2\/product"}],"about":[{"href":"https:\/\/artslibris.cat\/ca\/wp-json\/wp\/v2\/types\/product"}],"wp:featuredmedia":[{"embeddable":true,"href":"https:\/\/artslibris.cat\/ca\/wp-json\/wp\/v2\/media\/31407"}],"wp:attachment":[{"href":"https:\/\/artslibris.cat\/ca\/wp-json\/wp\/v2\/media?parent=31389"}],"wp:term":[{"taxonomy":"product_brand","embeddable":true,"href":"https:\/\/artslibris.cat\/ca\/wp-json\/wp\/v2\/product_brand?post=31389"},{"taxonomy":"product_cat","embeddable":true,"href":"https:\/\/artslibris.cat\/ca\/wp-json\/wp\/v2\/product_cat?post=31389"},{"taxonomy":"product_tag","embeddable":true,"href":"https:\/\/artslibris.cat\/ca\/wp-json\/wp\/v2\/product_tag?post=31389"}],"curies":[{"name":"wp","href":"https:\/\/api.w.org\/{rel}","templated":true}]}}