{"id":2846,"date":"2020-10-15T09:07:38","date_gmt":"2020-10-20T10:52:14","guid":{"rendered":"https:\/\/artslibris.cat\/?post_type=product&#038;p=2846"},"modified":"2025-02-27T14:12:00","modified_gmt":"2025-02-27T14:12:00","slug":"post-arcadia-que-arte-para-que-naturaleza","status":"publish","type":"product","link":"https:\/\/artslibris.cat\/ca\/tienda\/posters-ca\/post-arcadia-que-arte-para-que-naturaleza\/","title":{"rendered":"Post-Arcadia. Qu\u00e9 arte para qu\u00e9 naturaleza"},"content":{"rendered":"<p>Els textos que recull aquest volum tenen el seu origen en el VII i VIII Curs d&#8217;introducci\u00f3 a l&#8217;art contemporani organitzats pel Centre de Documentaci\u00f3 i Estudis Avan\u00e7ats d&#8217;Art Contemporani de M\u00farcia (CENDEAC) en 2017 i 2018. Amb el t\u00edtol de &#8220;Post-Arcadia. Qu\u00e9 arte para qu\u00e9 naturaleza&#8221;, les diferents participacions havien de reflexionar sobre les relacions entre art, arquitectura i naturalesa en un context com l&#8217;actual, marcat per la irrupci\u00f3 de Gaia. En aquest temps en qu\u00e8 la Naturalesa reclama la seva condici\u00f3 pol\u00edtica i la nostra civilitzaci\u00f3 s&#8217;enfronta a reptes desconeguts fins ara, l&#8217;art i l&#8217;arquitectura poden ser llocs d&#8217;experimentaci\u00f3 i testatge d&#8217;alternatives per a tornar a pensar i a recompondre altres mons possibles.<\/p>\n","protected":false},"excerpt":{"rendered":"<p>T\u00edtol: Post-Arcadia. Qu\u00e9 arte para qu\u00e9 naturaleza.<br \/>\nEditorial: Cendeac.<br \/>\nAutors: Miguel Mesa del Castillo i Enrique Nieto (eds.).<br \/>\nAny: 2020.<br \/>\nFormat: 455 p.<br \/>\nISBN: 9788415556763.<\/p>\n","protected":false},"featured_media":28159,"template":"","meta":{"_acf_changed":false,"site-sidebar-layout":"default","site-content-layout":"default","ast-site-content-layout":"default","site-content-style":"default","site-sidebar-style":"default","ast-global-header-display":"","ast-banner-title-visibility":"","ast-main-header-display":"","ast-hfb-above-header-display":"","ast-hfb-below-header-display":"","ast-hfb-mobile-header-display":"","site-post-title":"","ast-breadcrumbs-content":"","ast-featured-img":"","footer-sml-layout":"","ast-disable-related-posts":"","theme-transparent-header-meta":"default","adv-header-id-meta":"","stick-header-meta":"","header-above-stick-meta":"","header-main-stick-meta":"","header-below-stick-meta":"","astra-migrate-meta-layouts":"default","ast-page-background-enabled":"default","ast-page-background-meta":{"desktop":{"background-color":"","background-image":"","background-repeat":"repeat","background-position":"center center","background-size":"auto","background-attachment":"scroll","background-type":"","background-media":"","overlay-type":"","overlay-color":"","overlay-opacity":"","overlay-gradient":""},"tablet":{"background-color":"","background-image":"","background-repeat":"repeat","background-position":"center center","background-size":"auto","background-attachment":"scroll","background-type":"","background-media":"","overlay-type":"","overlay-color":"","overlay-opacity":"","overlay-gradient":""},"mobile":{"background-color":"","background-image":"","background-repeat":"repeat","background-position":"center center","background-size":"auto","background-attachment":"scroll","background-type":"","background-media":"","overlay-type":"","overlay-color":"","overlay-opacity":"","overlay-gradient":""}},"ast-content-background-meta":{"desktop":{"background-color":"var(--ast-global-color-5)","background-image":"","background-repeat":"repeat","background-position":"center center","background-size":"auto","background-attachment":"scroll","background-type":"","background-media":"","overlay-type":"","overlay-color":"","overlay-opacity":"","overlay-gradient":""},"tablet":{"background-color":"var(--ast-global-color-5)","background-image":"","background-repeat":"repeat","background-position":"center center","background-size":"auto","background-attachment":"scroll","background-type":"","background-media":"","overlay-type":"","overlay-color":"","overlay-opacity":"","overlay-gradient":""},"mobile":{"background-color":"var(--ast-global-color-5)","background-image":"","background-repeat":"repeat","background-position":"center center","background-size":"auto","background-attachment":"scroll","background-type":"","background-media":"","overlay-type":"","overlay-color":"","overlay-opacity":"","overlay-gradient":""}}},"product_brand":[],"product_cat":[181,163],"product_tag":[157],"class_list":{"0":"post-2846","1":"product","2":"type-product","3":"status-publish","4":"has-post-thumbnail","6":"product_cat-edicions-dartistes","7":"product_cat-posters-ca","8":"product_tag-artslibris-ca","9":"desktop-align-left","10":"tablet-align-left","11":"mobile-align-left","13":"first","14":"instock","15":"shipping-taxable","16":"purchasable","17":"product-type-simple"},"acf":[],"yoast_head":"<!-- This site is optimized with the Yoast SEO plugin v27.3 - https:\/\/yoast.com\/product\/yoast-seo-wordpress\/ -->\n<title>Post-Arcadia. Qu\u00e9 arte para qu\u00e9 naturaleza - ArtsLibris<\/title>\n<meta name=\"description\" content=\"&quot;Botiga ArtsLibris - Miguel Mesa - PostArcadia&quot;\" \/>\n<meta name=\"robots\" content=\"index, follow, max-snippet:-1, max-image-preview:large, max-video-preview:-1\" \/>\n<link rel=\"canonical\" href=\"https:\/\/artslibris.cat\/ca\/tienda\/posters-ca\/post-arcadia-que-arte-para-que-naturaleza\/\" \/>\n<meta property=\"og:locale\" content=\"ca_ES\" \/>\n<meta property=\"og:type\" content=\"article\" \/>\n<meta property=\"og:title\" content=\"Post-Arcadia. Qu\u00e9 arte para qu\u00e9 naturaleza - ArtsLibris\" \/>\n<meta property=\"og:description\" content=\"&quot;Botiga ArtsLibris - Miguel Mesa - PostArcadia&quot;\" \/>\n<meta property=\"og:url\" content=\"https:\/\/artslibris.cat\/ca\/tienda\/posters-ca\/post-arcadia-que-arte-para-que-naturaleza\/\" \/>\n<meta property=\"og:site_name\" content=\"ArtsLibris\" \/>\n<meta property=\"article:publisher\" content=\"https:\/\/www.facebook.com\/artslibris\/\" \/>\n<meta property=\"article:modified_time\" content=\"2025-02-27T14:12:00+00:00\" \/>\n<meta property=\"og:image\" content=\"https:\/\/artslibris.cat\/wp-content\/uploads\/2020\/10\/ArtsLibirs-cendeac-post-arcadia.jpg\" \/>\n\t<meta property=\"og:image:width\" content=\"843\" \/>\n\t<meta property=\"og:image:height\" content=\"1280\" \/>\n\t<meta property=\"og:image:type\" content=\"image\/jpeg\" \/>\n<meta name=\"twitter:card\" content=\"summary_large_image\" \/>\n<meta name=\"twitter:site\" content=\"@ArtsLibris\" \/>\n<meta name=\"twitter:label1\" content=\"Temps estimat de lectura\" \/>\n\t<meta name=\"twitter:data1\" content=\"1 minut\" \/>\n<script type=\"application\/ld+json\" class=\"yoast-schema-graph\">{\"@context\":\"https:\\\/\\\/schema.org\",\"@graph\":[{\"@type\":\"WebPage\",\"@id\":\"https:\\\/\\\/artslibris.cat\\\/ca\\\/tienda\\\/posters-ca\\\/post-arcadia-que-arte-para-que-naturaleza\\\/\",\"url\":\"https:\\\/\\\/artslibris.cat\\\/ca\\\/tienda\\\/posters-ca\\\/post-arcadia-que-arte-para-que-naturaleza\\\/\",\"name\":\"Post-Arcadia. Qu\u00e9 arte para qu\u00e9 naturaleza - ArtsLibris\",\"isPartOf\":{\"@id\":\"https:\\\/\\\/artslibris.cat\\\/ca\\\/#website\"},\"primaryImageOfPage\":{\"@id\":\"https:\\\/\\\/artslibris.cat\\\/ca\\\/tienda\\\/posters-ca\\\/post-arcadia-que-arte-para-que-naturaleza\\\/#primaryimage\"},\"image\":{\"@id\":\"https:\\\/\\\/artslibris.cat\\\/ca\\\/tienda\\\/posters-ca\\\/post-arcadia-que-arte-para-que-naturaleza\\\/#primaryimage\"},\"thumbnailUrl\":\"https:\\\/\\\/artslibris.cat\\\/wp-content\\\/uploads\\\/2020\\\/10\\\/Post-Arcadia.-Que-arte-para-que-naturaleza.jpeg\",\"datePublished\":\"2020-10-20T10:52:14+00:00\",\"dateModified\":\"2025-02-27T14:12:00+00:00\",\"description\":\"\\\"Botiga ArtsLibris - Miguel Mesa - PostArcadia\\\"\",\"breadcrumb\":{\"@id\":\"https:\\\/\\\/artslibris.cat\\\/ca\\\/tienda\\\/posters-ca\\\/post-arcadia-que-arte-para-que-naturaleza\\\/#breadcrumb\"},\"inLanguage\":\"ca\",\"potentialAction\":[{\"@type\":\"ReadAction\",\"target\":[\"https:\\\/\\\/artslibris.cat\\\/ca\\\/tienda\\\/posters-ca\\\/post-arcadia-que-arte-para-que-naturaleza\\\/\"]}]},{\"@type\":\"ImageObject\",\"inLanguage\":\"ca\",\"@id\":\"https:\\\/\\\/artslibris.cat\\\/ca\\\/tienda\\\/posters-ca\\\/post-arcadia-que-arte-para-que-naturaleza\\\/#primaryimage\",\"url\":\"https:\\\/\\\/artslibris.cat\\\/wp-content\\\/uploads\\\/2020\\\/10\\\/Post-Arcadia.-Que-arte-para-que-naturaleza.jpeg\",\"contentUrl\":\"https:\\\/\\\/artslibris.cat\\\/wp-content\\\/uploads\\\/2020\\\/10\\\/Post-Arcadia.-Que-arte-para-que-naturaleza.jpeg\",\"width\":843,\"height\":1280,\"caption\":\"?????????\"},{\"@type\":\"BreadcrumbList\",\"@id\":\"https:\\\/\\\/artslibris.cat\\\/ca\\\/tienda\\\/posters-ca\\\/post-arcadia-que-arte-para-que-naturaleza\\\/#breadcrumb\",\"itemListElement\":[{\"@type\":\"ListItem\",\"position\":1,\"name\":\"Portada\",\"item\":\"https:\\\/\\\/artslibris.cat\\\/ca\\\/\"},{\"@type\":\"ListItem\",\"position\":2,\"name\":\"Tenda\",\"item\":\"https:\\\/\\\/artslibris.cat\\\/ca\\\/tenda\\\/\"},{\"@type\":\"ListItem\",\"position\":3,\"name\":\"Post-Arcadia. Qu\u00e9 arte para qu\u00e9 naturaleza\"}]},{\"@type\":\"WebSite\",\"@id\":\"https:\\\/\\\/artslibris.cat\\\/ca\\\/#website\",\"url\":\"https:\\\/\\\/artslibris.cat\\\/ca\\\/\",\"name\":\"ArtsLibris\",\"description\":\"\",\"publisher\":{\"@id\":\"https:\\\/\\\/artslibris.cat\\\/ca\\\/#organization\"},\"potentialAction\":[{\"@type\":\"SearchAction\",\"target\":{\"@type\":\"EntryPoint\",\"urlTemplate\":\"https:\\\/\\\/artslibris.cat\\\/ca\\\/?s={search_term_string}\"},\"query-input\":{\"@type\":\"PropertyValueSpecification\",\"valueRequired\":true,\"valueName\":\"search_term_string\"}}],\"inLanguage\":\"ca\"},{\"@type\":\"Organization\",\"@id\":\"https:\\\/\\\/artslibris.cat\\\/ca\\\/#organization\",\"name\":\"ArtsLibris\",\"url\":\"https:\\\/\\\/artslibris.cat\\\/ca\\\/\",\"logo\":{\"@type\":\"ImageObject\",\"inLanguage\":\"ca\",\"@id\":\"https:\\\/\\\/artslibris.cat\\\/ca\\\/#\\\/schema\\\/logo\\\/image\\\/\",\"url\":\"https:\\\/\\\/artslibris.cat\\\/wp-content\\\/uploads\\\/2020\\\/05\\\/ArtsLibris-logo-black.svg\",\"contentUrl\":\"https:\\\/\\\/artslibris.cat\\\/wp-content\\\/uploads\\\/2020\\\/05\\\/ArtsLibris-logo-black.svg\",\"width\":521,\"height\":85,\"caption\":\"ArtsLibris\"},\"image\":{\"@id\":\"https:\\\/\\\/artslibris.cat\\\/ca\\\/#\\\/schema\\\/logo\\\/image\\\/\"},\"sameAs\":[\"https:\\\/\\\/www.facebook.com\\\/artslibris\\\/\",\"https:\\\/\\\/x.com\\\/ArtsLibris\",\"https:\\\/\\\/www.instagram.com\\\/artslibris\\\/\"]}]}<\/script>\n<!-- \/ Yoast SEO plugin. -->","yoast_head_json":{"title":"Post-Arcadia. Qu\u00e9 arte para qu\u00e9 naturaleza - ArtsLibris","description":"\"Botiga ArtsLibris - Miguel Mesa - PostArcadia\"","robots":{"index":"index","follow":"follow","max-snippet":"max-snippet:-1","max-image-preview":"max-image-preview:large","max-video-preview":"max-video-preview:-1"},"canonical":"https:\/\/artslibris.cat\/ca\/tienda\/posters-ca\/post-arcadia-que-arte-para-que-naturaleza\/","og_locale":"ca_ES","og_type":"article","og_title":"Post-Arcadia. Qu\u00e9 arte para qu\u00e9 naturaleza - ArtsLibris","og_description":"\"Botiga ArtsLibris - Miguel Mesa - PostArcadia\"","og_url":"https:\/\/artslibris.cat\/ca\/tienda\/posters-ca\/post-arcadia-que-arte-para-que-naturaleza\/","og_site_name":"ArtsLibris","article_publisher":"https:\/\/www.facebook.com\/artslibris\/","article_modified_time":"2025-02-27T14:12:00+00:00","og_image":[{"width":843,"height":1280,"url":"https:\/\/artslibris.cat\/wp-content\/uploads\/2020\/10\/ArtsLibirs-cendeac-post-arcadia.jpg","type":"image\/jpeg"}],"twitter_card":"summary_large_image","twitter_site":"@ArtsLibris","twitter_misc":{"Temps estimat de lectura":"1 minut"},"schema":{"@context":"https:\/\/schema.org","@graph":[{"@type":"WebPage","@id":"https:\/\/artslibris.cat\/ca\/tienda\/posters-ca\/post-arcadia-que-arte-para-que-naturaleza\/","url":"https:\/\/artslibris.cat\/ca\/tienda\/posters-ca\/post-arcadia-que-arte-para-que-naturaleza\/","name":"Post-Arcadia. Qu\u00e9 arte para qu\u00e9 naturaleza - ArtsLibris","isPartOf":{"@id":"https:\/\/artslibris.cat\/ca\/#website"},"primaryImageOfPage":{"@id":"https:\/\/artslibris.cat\/ca\/tienda\/posters-ca\/post-arcadia-que-arte-para-que-naturaleza\/#primaryimage"},"image":{"@id":"https:\/\/artslibris.cat\/ca\/tienda\/posters-ca\/post-arcadia-que-arte-para-que-naturaleza\/#primaryimage"},"thumbnailUrl":"https:\/\/artslibris.cat\/wp-content\/uploads\/2020\/10\/Post-Arcadia.-Que-arte-para-que-naturaleza.jpeg","datePublished":"2020-10-20T10:52:14+00:00","dateModified":"2025-02-27T14:12:00+00:00","description":"\"Botiga ArtsLibris - Miguel Mesa - PostArcadia\"","breadcrumb":{"@id":"https:\/\/artslibris.cat\/ca\/tienda\/posters-ca\/post-arcadia-que-arte-para-que-naturaleza\/#breadcrumb"},"inLanguage":"ca","potentialAction":[{"@type":"ReadAction","target":["https:\/\/artslibris.cat\/ca\/tienda\/posters-ca\/post-arcadia-que-arte-para-que-naturaleza\/"]}]},{"@type":"ImageObject","inLanguage":"ca","@id":"https:\/\/artslibris.cat\/ca\/tienda\/posters-ca\/post-arcadia-que-arte-para-que-naturaleza\/#primaryimage","url":"https:\/\/artslibris.cat\/wp-content\/uploads\/2020\/10\/Post-Arcadia.-Que-arte-para-que-naturaleza.jpeg","contentUrl":"https:\/\/artslibris.cat\/wp-content\/uploads\/2020\/10\/Post-Arcadia.-Que-arte-para-que-naturaleza.jpeg","width":843,"height":1280,"caption":"?????????"},{"@type":"BreadcrumbList","@id":"https:\/\/artslibris.cat\/ca\/tienda\/posters-ca\/post-arcadia-que-arte-para-que-naturaleza\/#breadcrumb","itemListElement":[{"@type":"ListItem","position":1,"name":"Portada","item":"https:\/\/artslibris.cat\/ca\/"},{"@type":"ListItem","position":2,"name":"Tenda","item":"https:\/\/artslibris.cat\/ca\/tenda\/"},{"@type":"ListItem","position":3,"name":"Post-Arcadia. Qu\u00e9 arte para qu\u00e9 naturaleza"}]},{"@type":"WebSite","@id":"https:\/\/artslibris.cat\/ca\/#website","url":"https:\/\/artslibris.cat\/ca\/","name":"ArtsLibris","description":"","publisher":{"@id":"https:\/\/artslibris.cat\/ca\/#organization"},"potentialAction":[{"@type":"SearchAction","target":{"@type":"EntryPoint","urlTemplate":"https:\/\/artslibris.cat\/ca\/?s={search_term_string}"},"query-input":{"@type":"PropertyValueSpecification","valueRequired":true,"valueName":"search_term_string"}}],"inLanguage":"ca"},{"@type":"Organization","@id":"https:\/\/artslibris.cat\/ca\/#organization","name":"ArtsLibris","url":"https:\/\/artslibris.cat\/ca\/","logo":{"@type":"ImageObject","inLanguage":"ca","@id":"https:\/\/artslibris.cat\/ca\/#\/schema\/logo\/image\/","url":"https:\/\/artslibris.cat\/wp-content\/uploads\/2020\/05\/ArtsLibris-logo-black.svg","contentUrl":"https:\/\/artslibris.cat\/wp-content\/uploads\/2020\/05\/ArtsLibris-logo-black.svg","width":521,"height":85,"caption":"ArtsLibris"},"image":{"@id":"https:\/\/artslibris.cat\/ca\/#\/schema\/logo\/image\/"},"sameAs":["https:\/\/www.facebook.com\/artslibris\/","https:\/\/x.com\/ArtsLibris","https:\/\/www.instagram.com\/artslibris\/"]}]}},"_links":{"self":[{"href":"https:\/\/artslibris.cat\/ca\/wp-json\/wp\/v2\/product\/2846","targetHints":{"allow":["GET"]}}],"collection":[{"href":"https:\/\/artslibris.cat\/ca\/wp-json\/wp\/v2\/product"}],"about":[{"href":"https:\/\/artslibris.cat\/ca\/wp-json\/wp\/v2\/types\/product"}],"wp:featuredmedia":[{"embeddable":true,"href":"https:\/\/artslibris.cat\/ca\/wp-json\/wp\/v2\/media\/28159"}],"wp:attachment":[{"href":"https:\/\/artslibris.cat\/ca\/wp-json\/wp\/v2\/media?parent=2846"}],"wp:term":[{"taxonomy":"product_brand","embeddable":true,"href":"https:\/\/artslibris.cat\/ca\/wp-json\/wp\/v2\/product_brand?post=2846"},{"taxonomy":"product_cat","embeddable":true,"href":"https:\/\/artslibris.cat\/ca\/wp-json\/wp\/v2\/product_cat?post=2846"},{"taxonomy":"product_tag","embeddable":true,"href":"https:\/\/artslibris.cat\/ca\/wp-json\/wp\/v2\/product_tag?post=2846"}],"curies":[{"name":"wp","href":"https:\/\/api.w.org\/{rel}","templated":true}]}}