{"id":2745,"date":"2020-10-15T09:32:29","date_gmt":"2020-10-15T09:32:29","guid":{"rendered":"https:\/\/artslibris.cat\/?post_type=product&#038;p=2745"},"modified":"2025-02-27T12:29:23","modified_gmt":"2025-02-27T12:29:23","slug":"revista-contranarrativas-0-temporalidades-reconstruidas-y-espacialidades-desbordadas","status":"publish","type":"product","link":"https:\/\/artslibris.cat\/ca\/tienda\/pensamiento-ca\/revista-contranarrativas-0-temporalidades-reconstruidas-y-espacialidades-desbordadas\/","title":{"rendered":"Revista Contranarrativas, 0. Temporalidades reconstruidas y espacialidades desbordadas"},"content":{"rendered":"<p>Trobem en els textos d&#8217;aquest primer n\u00famero de la revista un estudi de com s&#8217;articulen les noves temporalitats, i conseq\u00fcentment com es configuren els espais\u00a0liminales\u00a0que emergeixen d&#8217;aquesta col\u00b7lisi\u00f3 espaciotemporal. Edici\u00f3 biling\u00fce: castell\u00e0\/angl\u00e8s.<\/p>\n","protected":false},"excerpt":{"rendered":"<p>T\u00edtol:Revista Contranarrativas, 0. Temporalidades reconstruidas y espacialidades desbordadas.<br \/>\nEditorial: Cendeac.<br \/>\nAutors: AAVV.<br \/>\nAny: 2019.<br \/>\nFormat: 98 p.<br \/>\nISBN: 2603-6908.<\/p>\n","protected":false},"featured_media":2776,"template":"","meta":{"_acf_changed":false,"site-sidebar-layout":"default","site-content-layout":"default","ast-site-content-layout":"default","site-content-style":"default","site-sidebar-style":"default","ast-global-header-display":"","ast-banner-title-visibility":"","ast-main-header-display":"","ast-hfb-above-header-display":"","ast-hfb-below-header-display":"","ast-hfb-mobile-header-display":"","site-post-title":"","ast-breadcrumbs-content":"","ast-featured-img":"","footer-sml-layout":"","ast-disable-related-posts":"","theme-transparent-header-meta":"default","adv-header-id-meta":"","stick-header-meta":"","header-above-stick-meta":"","header-main-stick-meta":"","header-below-stick-meta":"","astra-migrate-meta-layouts":"default","ast-page-background-enabled":"default","ast-page-background-meta":{"desktop":{"background-color":"","background-image":"","background-repeat":"repeat","background-position":"center center","background-size":"auto","background-attachment":"scroll","background-type":"","background-media":"","overlay-type":"","overlay-color":"","overlay-opacity":"","overlay-gradient":""},"tablet":{"background-color":"","background-image":"","background-repeat":"repeat","background-position":"center center","background-size":"auto","background-attachment":"scroll","background-type":"","background-media":"","overlay-type":"","overlay-color":"","overlay-opacity":"","overlay-gradient":""},"mobile":{"background-color":"","background-image":"","background-repeat":"repeat","background-position":"center center","background-size":"auto","background-attachment":"scroll","background-type":"","background-media":"","overlay-type":"","overlay-color":"","overlay-opacity":"","overlay-gradient":""}},"ast-content-background-meta":{"desktop":{"background-color":"var(--ast-global-color-5)","background-image":"","background-repeat":"repeat","background-position":"center center","background-size":"auto","background-attachment":"scroll","background-type":"","background-media":"","overlay-type":"","overlay-color":"","overlay-opacity":"","overlay-gradient":""},"tablet":{"background-color":"var(--ast-global-color-5)","background-image":"","background-repeat":"repeat","background-position":"center center","background-size":"auto","background-attachment":"scroll","background-type":"","background-media":"","overlay-type":"","overlay-color":"","overlay-opacity":"","overlay-gradient":""},"mobile":{"background-color":"var(--ast-global-color-5)","background-image":"","background-repeat":"repeat","background-position":"center center","background-size":"auto","background-attachment":"scroll","background-type":"","background-media":"","overlay-type":"","overlay-color":"","overlay-opacity":"","overlay-gradient":""}}},"product_brand":[],"product_cat":[82,85],"product_tag":[113],"class_list":{"0":"post-2745","1":"product","2":"type-product","3":"status-publish","4":"has-post-thumbnail","6":"product_cat-pensamiento-ca","7":"product_cat-teoria-del-arte-ca","8":"product_tag-cendeac-ca","9":"desktop-align-left","10":"tablet-align-left","11":"mobile-align-left","13":"first","14":"instock","15":"shipping-taxable","16":"purchasable","17":"product-type-simple"},"acf":[],"yoast_head":"<!-- This site is optimized with the Yoast SEO plugin v27.1.1 - https:\/\/yoast.com\/product\/yoast-seo-wordpress\/ -->\n<title>Revista Contranarrativas, 0. Temporalidades reconstruidas y espacialidades desbordadas - ArtsLibris<\/title>\n<meta name=\"description\" content=\"&quot;Botiga ArtsLibris - AAVV - Revista Contranarrativas 0&quot;\" \/>\n<meta name=\"robots\" content=\"index, follow, max-snippet:-1, max-image-preview:large, max-video-preview:-1\" \/>\n<link rel=\"canonical\" href=\"https:\/\/artslibris.cat\/ca\/tienda\/pensamiento-ca\/revista-contranarrativas-0-temporalidades-reconstruidas-y-espacialidades-desbordadas\/\" \/>\n<meta property=\"og:locale\" content=\"ca_ES\" \/>\n<meta property=\"og:type\" content=\"article\" \/>\n<meta property=\"og:title\" content=\"Revista Contranarrativas, 0. Temporalidades reconstruidas y espacialidades desbordadas - ArtsLibris\" \/>\n<meta property=\"og:description\" content=\"&quot;Botiga ArtsLibris - AAVV - Revista Contranarrativas 0&quot;\" \/>\n<meta property=\"og:url\" content=\"https:\/\/artslibris.cat\/ca\/tienda\/pensamiento-ca\/revista-contranarrativas-0-temporalidades-reconstruidas-y-espacialidades-desbordadas\/\" \/>\n<meta property=\"og:site_name\" content=\"ArtsLibris\" \/>\n<meta property=\"article:publisher\" content=\"https:\/\/www.facebook.com\/artslibris\/\" \/>\n<meta property=\"article:modified_time\" content=\"2025-02-27T12:29:23+00:00\" \/>\n<meta property=\"og:image\" content=\"https:\/\/artslibris.cat\/wp-content\/uploads\/2020\/10\/ArtsLibirs-cendeac-contra-narrativas-n0.jpg\" \/>\n\t<meta property=\"og:image:width\" content=\"853\" \/>\n\t<meta property=\"og:image:height\" content=\"1145\" \/>\n\t<meta property=\"og:image:type\" content=\"image\/jpeg\" \/>\n<meta name=\"twitter:card\" content=\"summary_large_image\" \/>\n<meta name=\"twitter:site\" content=\"@ArtsLibris\" \/>\n<script type=\"application\/ld+json\" class=\"yoast-schema-graph\">{\"@context\":\"https:\/\/schema.org\",\"@graph\":[{\"@type\":\"WebPage\",\"@id\":\"https:\/\/artslibris.cat\/ca\/tienda\/pensamiento-ca\/revista-contranarrativas-0-temporalidades-reconstruidas-y-espacialidades-desbordadas\/\",\"url\":\"https:\/\/artslibris.cat\/ca\/tienda\/pensamiento-ca\/revista-contranarrativas-0-temporalidades-reconstruidas-y-espacialidades-desbordadas\/\",\"name\":\"Revista Contranarrativas, 0. Temporalidades reconstruidas y espacialidades desbordadas - ArtsLibris\",\"isPartOf\":{\"@id\":\"https:\/\/artslibris.cat\/ca\/#website\"},\"primaryImageOfPage\":{\"@id\":\"https:\/\/artslibris.cat\/ca\/tienda\/pensamiento-ca\/revista-contranarrativas-0-temporalidades-reconstruidas-y-espacialidades-desbordadas\/#primaryimage\"},\"image\":{\"@id\":\"https:\/\/artslibris.cat\/ca\/tienda\/pensamiento-ca\/revista-contranarrativas-0-temporalidades-reconstruidas-y-espacialidades-desbordadas\/#primaryimage\"},\"thumbnailUrl\":\"https:\/\/artslibris.cat\/wp-content\/uploads\/2020\/10\/ArtsLibirs-cendeac-contra-narrativas-n0.jpg\",\"datePublished\":\"2020-10-15T09:32:29+00:00\",\"dateModified\":\"2025-02-27T12:29:23+00:00\",\"description\":\"\\\"Botiga ArtsLibris - AAVV - Revista Contranarrativas 0\\\"\",\"breadcrumb\":{\"@id\":\"https:\/\/artslibris.cat\/ca\/tienda\/pensamiento-ca\/revista-contranarrativas-0-temporalidades-reconstruidas-y-espacialidades-desbordadas\/#breadcrumb\"},\"inLanguage\":\"ca\",\"potentialAction\":[{\"@type\":\"ReadAction\",\"target\":[\"https:\/\/artslibris.cat\/ca\/tienda\/pensamiento-ca\/revista-contranarrativas-0-temporalidades-reconstruidas-y-espacialidades-desbordadas\/\"]}]},{\"@type\":\"ImageObject\",\"inLanguage\":\"ca\",\"@id\":\"https:\/\/artslibris.cat\/ca\/tienda\/pensamiento-ca\/revista-contranarrativas-0-temporalidades-reconstruidas-y-espacialidades-desbordadas\/#primaryimage\",\"url\":\"https:\/\/artslibris.cat\/wp-content\/uploads\/2020\/10\/ArtsLibirs-cendeac-contra-narrativas-n0.jpg\",\"contentUrl\":\"https:\/\/artslibris.cat\/wp-content\/uploads\/2020\/10\/ArtsLibirs-cendeac-contra-narrativas-n0.jpg\",\"width\":853,\"height\":1145,\"caption\":\"?????????\"},{\"@type\":\"BreadcrumbList\",\"@id\":\"https:\/\/artslibris.cat\/ca\/tienda\/pensamiento-ca\/revista-contranarrativas-0-temporalidades-reconstruidas-y-espacialidades-desbordadas\/#breadcrumb\",\"itemListElement\":[{\"@type\":\"ListItem\",\"position\":1,\"name\":\"Portada\",\"item\":\"https:\/\/artslibris.cat\/ca\/\"},{\"@type\":\"ListItem\",\"position\":2,\"name\":\"Tenda\",\"item\":\"https:\/\/artslibris.cat\/ca\/tenda\/\"},{\"@type\":\"ListItem\",\"position\":3,\"name\":\"Revista Contranarrativas, 0. Temporalidades reconstruidas y espacialidades desbordadas\"}]},{\"@type\":\"WebSite\",\"@id\":\"https:\/\/artslibris.cat\/ca\/#website\",\"url\":\"https:\/\/artslibris.cat\/ca\/\",\"name\":\"ArtsLibris\",\"description\":\"\",\"publisher\":{\"@id\":\"https:\/\/artslibris.cat\/ca\/#organization\"},\"potentialAction\":[{\"@type\":\"SearchAction\",\"target\":{\"@type\":\"EntryPoint\",\"urlTemplate\":\"https:\/\/artslibris.cat\/ca\/?s={search_term_string}\"},\"query-input\":{\"@type\":\"PropertyValueSpecification\",\"valueRequired\":true,\"valueName\":\"search_term_string\"}}],\"inLanguage\":\"ca\"},{\"@type\":\"Organization\",\"@id\":\"https:\/\/artslibris.cat\/ca\/#organization\",\"name\":\"ArtsLibris\",\"url\":\"https:\/\/artslibris.cat\/ca\/\",\"logo\":{\"@type\":\"ImageObject\",\"inLanguage\":\"ca\",\"@id\":\"https:\/\/artslibris.cat\/ca\/#\/schema\/logo\/image\/\",\"url\":\"https:\/\/artslibris.cat\/wp-content\/uploads\/2020\/05\/ArtsLibris-logo-black.svg\",\"contentUrl\":\"https:\/\/artslibris.cat\/wp-content\/uploads\/2020\/05\/ArtsLibris-logo-black.svg\",\"width\":521,\"height\":85,\"caption\":\"ArtsLibris\"},\"image\":{\"@id\":\"https:\/\/artslibris.cat\/ca\/#\/schema\/logo\/image\/\"},\"sameAs\":[\"https:\/\/www.facebook.com\/artslibris\/\",\"https:\/\/x.com\/ArtsLibris\",\"https:\/\/www.instagram.com\/artslibris\/\"]}]}<\/script>\n<!-- \/ Yoast SEO plugin. -->","yoast_head_json":{"title":"Revista Contranarrativas, 0. Temporalidades reconstruidas y espacialidades desbordadas - ArtsLibris","description":"\"Botiga ArtsLibris - AAVV - Revista Contranarrativas 0\"","robots":{"index":"index","follow":"follow","max-snippet":"max-snippet:-1","max-image-preview":"max-image-preview:large","max-video-preview":"max-video-preview:-1"},"canonical":"https:\/\/artslibris.cat\/ca\/tienda\/pensamiento-ca\/revista-contranarrativas-0-temporalidades-reconstruidas-y-espacialidades-desbordadas\/","og_locale":"ca_ES","og_type":"article","og_title":"Revista Contranarrativas, 0. Temporalidades reconstruidas y espacialidades desbordadas - ArtsLibris","og_description":"\"Botiga ArtsLibris - AAVV - Revista Contranarrativas 0\"","og_url":"https:\/\/artslibris.cat\/ca\/tienda\/pensamiento-ca\/revista-contranarrativas-0-temporalidades-reconstruidas-y-espacialidades-desbordadas\/","og_site_name":"ArtsLibris","article_publisher":"https:\/\/www.facebook.com\/artslibris\/","article_modified_time":"2025-02-27T12:29:23+00:00","og_image":[{"width":853,"height":1145,"url":"https:\/\/artslibris.cat\/wp-content\/uploads\/2020\/10\/ArtsLibirs-cendeac-contra-narrativas-n0.jpg","type":"image\/jpeg"}],"twitter_card":"summary_large_image","twitter_site":"@ArtsLibris","schema":{"@context":"https:\/\/schema.org","@graph":[{"@type":"WebPage","@id":"https:\/\/artslibris.cat\/ca\/tienda\/pensamiento-ca\/revista-contranarrativas-0-temporalidades-reconstruidas-y-espacialidades-desbordadas\/","url":"https:\/\/artslibris.cat\/ca\/tienda\/pensamiento-ca\/revista-contranarrativas-0-temporalidades-reconstruidas-y-espacialidades-desbordadas\/","name":"Revista Contranarrativas, 0. Temporalidades reconstruidas y espacialidades desbordadas - ArtsLibris","isPartOf":{"@id":"https:\/\/artslibris.cat\/ca\/#website"},"primaryImageOfPage":{"@id":"https:\/\/artslibris.cat\/ca\/tienda\/pensamiento-ca\/revista-contranarrativas-0-temporalidades-reconstruidas-y-espacialidades-desbordadas\/#primaryimage"},"image":{"@id":"https:\/\/artslibris.cat\/ca\/tienda\/pensamiento-ca\/revista-contranarrativas-0-temporalidades-reconstruidas-y-espacialidades-desbordadas\/#primaryimage"},"thumbnailUrl":"https:\/\/artslibris.cat\/wp-content\/uploads\/2020\/10\/ArtsLibirs-cendeac-contra-narrativas-n0.jpg","datePublished":"2020-10-15T09:32:29+00:00","dateModified":"2025-02-27T12:29:23+00:00","description":"\"Botiga ArtsLibris - AAVV - Revista Contranarrativas 0\"","breadcrumb":{"@id":"https:\/\/artslibris.cat\/ca\/tienda\/pensamiento-ca\/revista-contranarrativas-0-temporalidades-reconstruidas-y-espacialidades-desbordadas\/#breadcrumb"},"inLanguage":"ca","potentialAction":[{"@type":"ReadAction","target":["https:\/\/artslibris.cat\/ca\/tienda\/pensamiento-ca\/revista-contranarrativas-0-temporalidades-reconstruidas-y-espacialidades-desbordadas\/"]}]},{"@type":"ImageObject","inLanguage":"ca","@id":"https:\/\/artslibris.cat\/ca\/tienda\/pensamiento-ca\/revista-contranarrativas-0-temporalidades-reconstruidas-y-espacialidades-desbordadas\/#primaryimage","url":"https:\/\/artslibris.cat\/wp-content\/uploads\/2020\/10\/ArtsLibirs-cendeac-contra-narrativas-n0.jpg","contentUrl":"https:\/\/artslibris.cat\/wp-content\/uploads\/2020\/10\/ArtsLibirs-cendeac-contra-narrativas-n0.jpg","width":853,"height":1145,"caption":"?????????"},{"@type":"BreadcrumbList","@id":"https:\/\/artslibris.cat\/ca\/tienda\/pensamiento-ca\/revista-contranarrativas-0-temporalidades-reconstruidas-y-espacialidades-desbordadas\/#breadcrumb","itemListElement":[{"@type":"ListItem","position":1,"name":"Portada","item":"https:\/\/artslibris.cat\/ca\/"},{"@type":"ListItem","position":2,"name":"Tenda","item":"https:\/\/artslibris.cat\/ca\/tenda\/"},{"@type":"ListItem","position":3,"name":"Revista Contranarrativas, 0. Temporalidades reconstruidas y espacialidades desbordadas"}]},{"@type":"WebSite","@id":"https:\/\/artslibris.cat\/ca\/#website","url":"https:\/\/artslibris.cat\/ca\/","name":"ArtsLibris","description":"","publisher":{"@id":"https:\/\/artslibris.cat\/ca\/#organization"},"potentialAction":[{"@type":"SearchAction","target":{"@type":"EntryPoint","urlTemplate":"https:\/\/artslibris.cat\/ca\/?s={search_term_string}"},"query-input":{"@type":"PropertyValueSpecification","valueRequired":true,"valueName":"search_term_string"}}],"inLanguage":"ca"},{"@type":"Organization","@id":"https:\/\/artslibris.cat\/ca\/#organization","name":"ArtsLibris","url":"https:\/\/artslibris.cat\/ca\/","logo":{"@type":"ImageObject","inLanguage":"ca","@id":"https:\/\/artslibris.cat\/ca\/#\/schema\/logo\/image\/","url":"https:\/\/artslibris.cat\/wp-content\/uploads\/2020\/05\/ArtsLibris-logo-black.svg","contentUrl":"https:\/\/artslibris.cat\/wp-content\/uploads\/2020\/05\/ArtsLibris-logo-black.svg","width":521,"height":85,"caption":"ArtsLibris"},"image":{"@id":"https:\/\/artslibris.cat\/ca\/#\/schema\/logo\/image\/"},"sameAs":["https:\/\/www.facebook.com\/artslibris\/","https:\/\/x.com\/ArtsLibris","https:\/\/www.instagram.com\/artslibris\/"]}]}},"_links":{"self":[{"href":"https:\/\/artslibris.cat\/ca\/wp-json\/wp\/v2\/product\/2745","targetHints":{"allow":["GET"]}}],"collection":[{"href":"https:\/\/artslibris.cat\/ca\/wp-json\/wp\/v2\/product"}],"about":[{"href":"https:\/\/artslibris.cat\/ca\/wp-json\/wp\/v2\/types\/product"}],"wp:featuredmedia":[{"embeddable":true,"href":"https:\/\/artslibris.cat\/ca\/wp-json\/wp\/v2\/media\/2776"}],"wp:attachment":[{"href":"https:\/\/artslibris.cat\/ca\/wp-json\/wp\/v2\/media?parent=2745"}],"wp:term":[{"taxonomy":"product_brand","embeddable":true,"href":"https:\/\/artslibris.cat\/ca\/wp-json\/wp\/v2\/product_brand?post=2745"},{"taxonomy":"product_cat","embeddable":true,"href":"https:\/\/artslibris.cat\/ca\/wp-json\/wp\/v2\/product_cat?post=2745"},{"taxonomy":"product_tag","embeddable":true,"href":"https:\/\/artslibris.cat\/ca\/wp-json\/wp\/v2\/product_tag?post=2745"}],"curies":[{"name":"wp","href":"https:\/\/api.w.org\/{rel}","templated":true}]}}