{"id":2732,"date":"2020-10-14T10:31:46","date_gmt":"2020-10-14T10:31:46","guid":{"rendered":"https:\/\/artslibris.cat\/?post_type=product&#038;p=2732"},"modified":"2025-02-27T12:29:16","modified_gmt":"2025-02-27T12:29:16","slug":"curaduria-de-latinoamerica-20-entrevistas-a-quienes-cambiaron-el-arte-contemporaneo","status":"publish","type":"product","link":"https:\/\/artslibris.cat\/ca\/tienda\/pensamiento-ca\/curaduria-de-latinoamerica-20-entrevistas-a-quienes-cambiaron-el-arte-contemporaneo\/","title":{"rendered":"Curadur\u00eda de Latinoam\u00e9rica. 20 entrevistas a quienes cambiaron el arte contempor\u00e1neo"},"content":{"rendered":"<p>La hist\u00f2ria de l\u2019art contemporani s\u2019escriu des de les seves exposicions, i no totes les mostres paradigm\u00e0tiques han tingut lloc als Estats Units o a Europa. Aquest compendi d\u2019entrevistes als principals curadors de Llatinoam\u00e8rica valora el treball de, entre altres, <span class=\"hiddenSpellError\">Paulo<\/span>\u00a0<span class=\"hiddenSpellError\">Herkenhoff<\/span>,\u00a0<span class=\"hiddenSpellError\">Gerardo<\/span>\u00a0Mosquera,\u00a0<span class=\"hiddenSpellError\">Ivo<\/span>\u00a0Mesquita,\u00a0<span class=\"hiddenSpellError\">Mari<\/span>\u00a0<span class=\"hiddenSpellError\">Carmen<\/span>\u00a0Ram\u00edrez,\u00a0<span class=\"hiddenSpellError\">Luis<\/span>\u00a0P\u00e9rez\u00a0<span class=\"hiddenSpellError\">Oramas<\/span>,\u00a0<span class=\"hiddenSpellError\">Cuauht\u00e9moc<\/span>\u00a0Medina, Gabriel P\u00e9rez-Barreiro o\u00a0<span class=\"hiddenSpellError\">Luis<\/span>\u00a0<span class=\"hiddenSpellError\">Camnitzer<\/span>, a trav\u00e9s de l\u2019an\u00e0lisi cr\u00edtica de les exposicions que van modificar el rumb de la pr\u00e0ctica art\u00edstica dins i fora de Llatinoam\u00e8rica. Des de la Biennal de l\u2019Havana fins a \u201c<span class=\"hiddenSpellError\">Perder<\/span>\u00a0la Forma Humana\u201d, passant per la m\u00edtica Biennal de Sao Paulo de 1998 o la influent\u00a0<span class=\"hiddenSpellError\">Inverted<\/span>\u00a0<span class=\"hiddenSpellError\">Utopias<\/span>, aquest llibre pret\u00e9n tamb\u00e9 recordar experi\u00e8ncies menys conegudes, per\u00f2 no per aix\u00f2 de menor valor; el \u201c<span class=\"hiddenSpellError\">Museo<\/span>\u00a0<span class=\"hiddenSpellError\">Bailable<\/span>\u201d de\u00a0<span class=\"hiddenSpellError\">Roberto<\/span>\u00a0<span class=\"hiddenSpellError\">Jacoby<\/span>, el \u201c<span class=\"hiddenSpellError\">Museo<\/span>\u00a0del Cerro\u201d de Pablo Le\u00f3n de la Barra o Horror\u00a0<span class=\"hiddenSpellError\">Vacui<\/span>\u00a0de\u00a0<span class=\"hiddenSpellError\">Rosina<\/span>\u00a0<span class=\"hiddenSpellError\">Cazali<\/span>\u00a0s\u00f3n algunes d\u2019elles. Intentant cobrir tots els pa\u00efsos de la regi\u00f3, aix\u00ed com totes les pr\u00e0ctiques art\u00edstiques possibles, \u201c<span class=\"hiddenSpellError\">Curadur\u00eda<\/span>\u00a0de\u00a0<span class=\"hiddenSpellError\">Latinoamerica<\/span>\u201d aprofundeix en la manera de pensar i d\u2019actuar dels curadors m\u00e9s rellevants, descobrint les vicissituds, els canvis i els avan\u00e7os que van fomentar en el camp curatorial. Les entrevistes precedeixen a un assaig introductori que situa en antecedents i contextualitza la pr\u00e0ctica del comissariat d\u2019exposicions d\u2019art contemporani en el continent. Aquest llibre no t\u00e9 vocaci\u00f3 acad\u00e8mica, encara que no pot desentendre\u2019s de la seva aportaci\u00f3 did\u00e0ctica per a historiadors, investigadors, comissaris d\u2019art, cr\u00edtics, artistes, i amants de l\u2019art contemporani.<\/p>\n","protected":false},"excerpt":{"rendered":"<p>T\u00edtol: Curadur\u00eda de Latinoam\u00e9rica. 20 entrevistas a quienes cambiaron el arte contempor\u00e1neo.<br \/>\nEditorial: Cendeac.<br \/>\nAutor:\u00a0Juan Jos\u00e9 Santos Mateo.<br \/>\nEdici\u00f3: 2018.<br \/>\nNombre de p\u00e0gines: 398.<br \/>\nISBN: 9788415556480.<\/p>\n","protected":false},"featured_media":2785,"template":"","meta":{"_acf_changed":false,"site-sidebar-layout":"default","site-content-layout":"default","ast-site-content-layout":"default","site-content-style":"default","site-sidebar-style":"default","ast-global-header-display":"","ast-banner-title-visibility":"","ast-main-header-display":"","ast-hfb-above-header-display":"","ast-hfb-below-header-display":"","ast-hfb-mobile-header-display":"","site-post-title":"","ast-breadcrumbs-content":"","ast-featured-img":"","footer-sml-layout":"","ast-disable-related-posts":"","theme-transparent-header-meta":"default","adv-header-id-meta":"","stick-header-meta":"","header-above-stick-meta":"","header-main-stick-meta":"","header-below-stick-meta":"","astra-migrate-meta-layouts":"default","ast-page-background-enabled":"default","ast-page-background-meta":{"desktop":{"background-color":"","background-image":"","background-repeat":"repeat","background-position":"center center","background-size":"auto","background-attachment":"scroll","background-type":"","background-media":"","overlay-type":"","overlay-color":"","overlay-opacity":"","overlay-gradient":""},"tablet":{"background-color":"","background-image":"","background-repeat":"repeat","background-position":"center center","background-size":"auto","background-attachment":"scroll","background-type":"","background-media":"","overlay-type":"","overlay-color":"","overlay-opacity":"","overlay-gradient":""},"mobile":{"background-color":"","background-image":"","background-repeat":"repeat","background-position":"center center","background-size":"auto","background-attachment":"scroll","background-type":"","background-media":"","overlay-type":"","overlay-color":"","overlay-opacity":"","overlay-gradient":""}},"ast-content-background-meta":{"desktop":{"background-color":"var(--ast-global-color-5)","background-image":"","background-repeat":"repeat","background-position":"center center","background-size":"auto","background-attachment":"scroll","background-type":"","background-media":"","overlay-type":"","overlay-color":"","overlay-opacity":"","overlay-gradient":""},"tablet":{"background-color":"var(--ast-global-color-5)","background-image":"","background-repeat":"repeat","background-position":"center center","background-size":"auto","background-attachment":"scroll","background-type":"","background-media":"","overlay-type":"","overlay-color":"","overlay-opacity":"","overlay-gradient":""},"mobile":{"background-color":"var(--ast-global-color-5)","background-image":"","background-repeat":"repeat","background-position":"center center","background-size":"auto","background-attachment":"scroll","background-type":"","background-media":"","overlay-type":"","overlay-color":"","overlay-opacity":"","overlay-gradient":""}}},"product_brand":[],"product_cat":[109,82],"product_tag":[113],"class_list":{"0":"post-2732","1":"product","2":"type-product","3":"status-publish","4":"has-post-thumbnail","6":"product_cat-historia-de-lart","7":"product_cat-pensamiento-ca","8":"product_tag-cendeac-ca","9":"desktop-align-left","10":"tablet-align-left","11":"mobile-align-left","13":"first","14":"instock","15":"shipping-taxable","16":"purchasable","17":"product-type-simple"},"acf":[],"yoast_head":"<!-- This site is optimized with the Yoast SEO plugin v27.1.1 - https:\/\/yoast.com\/product\/yoast-seo-wordpress\/ -->\n<title>Curadur\u00eda de Latinoam\u00e9rica. 20 entrevistas a quienes cambiaron el arte contempor\u00e1neo - ArtsLibris<\/title>\n<meta name=\"description\" content=\"&quot;Botiga ArtsLibris -Juan Jos\u00e9 Santos - CURADUR\u00cdA DE LATINOAM\u00c9RICA&quot;\" \/>\n<meta name=\"robots\" content=\"index, follow, max-snippet:-1, max-image-preview:large, max-video-preview:-1\" \/>\n<link rel=\"canonical\" href=\"https:\/\/artslibris.cat\/ca\/tienda\/pensamiento-ca\/curaduria-de-latinoamerica-20-entrevistas-a-quienes-cambiaron-el-arte-contemporaneo\/\" \/>\n<meta property=\"og:locale\" content=\"ca_ES\" \/>\n<meta property=\"og:type\" content=\"article\" \/>\n<meta property=\"og:title\" content=\"Curadur\u00eda de Latinoam\u00e9rica. 20 entrevistas a quienes cambiaron el arte contempor\u00e1neo - ArtsLibris\" \/>\n<meta property=\"og:description\" content=\"&quot;Botiga ArtsLibris -Juan Jos\u00e9 Santos - CURADUR\u00cdA DE LATINOAM\u00c9RICA&quot;\" \/>\n<meta property=\"og:url\" content=\"https:\/\/artslibris.cat\/ca\/tienda\/pensamiento-ca\/curaduria-de-latinoamerica-20-entrevistas-a-quienes-cambiaron-el-arte-contemporaneo\/\" \/>\n<meta property=\"og:site_name\" content=\"ArtsLibris\" \/>\n<meta property=\"article:publisher\" content=\"https:\/\/www.facebook.com\/artslibris\/\" \/>\n<meta property=\"article:modified_time\" content=\"2025-02-27T12:29:16+00:00\" \/>\n<meta property=\"og:image\" content=\"https:\/\/artslibris.cat\/wp-content\/uploads\/2020\/10\/ArtsLibirs-cendeac-curaduria-de-latinoamerica.jpg\" \/>\n\t<meta property=\"og:image:width\" content=\"844\" \/>\n\t<meta property=\"og:image:height\" content=\"1280\" \/>\n\t<meta property=\"og:image:type\" content=\"image\/jpeg\" \/>\n<meta name=\"twitter:card\" content=\"summary_large_image\" \/>\n<meta name=\"twitter:site\" content=\"@ArtsLibris\" \/>\n<meta name=\"twitter:label1\" content=\"Temps estimat de lectura\" \/>\n\t<meta name=\"twitter:data1\" content=\"1 minut\" \/>\n<script type=\"application\/ld+json\" class=\"yoast-schema-graph\">{\"@context\":\"https:\/\/schema.org\",\"@graph\":[{\"@type\":\"WebPage\",\"@id\":\"https:\/\/artslibris.cat\/ca\/tienda\/pensamiento-ca\/curaduria-de-latinoamerica-20-entrevistas-a-quienes-cambiaron-el-arte-contemporaneo\/\",\"url\":\"https:\/\/artslibris.cat\/ca\/tienda\/pensamiento-ca\/curaduria-de-latinoamerica-20-entrevistas-a-quienes-cambiaron-el-arte-contemporaneo\/\",\"name\":\"Curadur\u00eda de Latinoam\u00e9rica. 20 entrevistas a quienes cambiaron el arte contempor\u00e1neo - ArtsLibris\",\"isPartOf\":{\"@id\":\"https:\/\/artslibris.cat\/ca\/#website\"},\"primaryImageOfPage\":{\"@id\":\"https:\/\/artslibris.cat\/ca\/tienda\/pensamiento-ca\/curaduria-de-latinoamerica-20-entrevistas-a-quienes-cambiaron-el-arte-contemporaneo\/#primaryimage\"},\"image\":{\"@id\":\"https:\/\/artslibris.cat\/ca\/tienda\/pensamiento-ca\/curaduria-de-latinoamerica-20-entrevistas-a-quienes-cambiaron-el-arte-contemporaneo\/#primaryimage\"},\"thumbnailUrl\":\"https:\/\/artslibris.cat\/wp-content\/uploads\/2020\/10\/ArtsLibirs-cendeac-curaduria-de-latinoamerica.jpg\",\"datePublished\":\"2020-10-14T10:31:46+00:00\",\"dateModified\":\"2025-02-27T12:29:16+00:00\",\"description\":\"\\\"Botiga ArtsLibris -Juan Jos\u00e9 Santos - CURADUR\u00cdA DE LATINOAM\u00c9RICA\\\"\",\"breadcrumb\":{\"@id\":\"https:\/\/artslibris.cat\/ca\/tienda\/pensamiento-ca\/curaduria-de-latinoamerica-20-entrevistas-a-quienes-cambiaron-el-arte-contemporaneo\/#breadcrumb\"},\"inLanguage\":\"ca\",\"potentialAction\":[{\"@type\":\"ReadAction\",\"target\":[\"https:\/\/artslibris.cat\/ca\/tienda\/pensamiento-ca\/curaduria-de-latinoamerica-20-entrevistas-a-quienes-cambiaron-el-arte-contemporaneo\/\"]}]},{\"@type\":\"ImageObject\",\"inLanguage\":\"ca\",\"@id\":\"https:\/\/artslibris.cat\/ca\/tienda\/pensamiento-ca\/curaduria-de-latinoamerica-20-entrevistas-a-quienes-cambiaron-el-arte-contemporaneo\/#primaryimage\",\"url\":\"https:\/\/artslibris.cat\/wp-content\/uploads\/2020\/10\/ArtsLibirs-cendeac-curaduria-de-latinoamerica.jpg\",\"contentUrl\":\"https:\/\/artslibris.cat\/wp-content\/uploads\/2020\/10\/ArtsLibirs-cendeac-curaduria-de-latinoamerica.jpg\",\"width\":844,\"height\":1280,\"caption\":\"?????????\"},{\"@type\":\"BreadcrumbList\",\"@id\":\"https:\/\/artslibris.cat\/ca\/tienda\/pensamiento-ca\/curaduria-de-latinoamerica-20-entrevistas-a-quienes-cambiaron-el-arte-contemporaneo\/#breadcrumb\",\"itemListElement\":[{\"@type\":\"ListItem\",\"position\":1,\"name\":\"Portada\",\"item\":\"https:\/\/artslibris.cat\/ca\/\"},{\"@type\":\"ListItem\",\"position\":2,\"name\":\"Tenda\",\"item\":\"https:\/\/artslibris.cat\/ca\/tenda\/\"},{\"@type\":\"ListItem\",\"position\":3,\"name\":\"Curadur\u00eda de Latinoam\u00e9rica. 20 entrevistas a quienes cambiaron el arte contempor\u00e1neo\"}]},{\"@type\":\"WebSite\",\"@id\":\"https:\/\/artslibris.cat\/ca\/#website\",\"url\":\"https:\/\/artslibris.cat\/ca\/\",\"name\":\"ArtsLibris\",\"description\":\"\",\"publisher\":{\"@id\":\"https:\/\/artslibris.cat\/ca\/#organization\"},\"potentialAction\":[{\"@type\":\"SearchAction\",\"target\":{\"@type\":\"EntryPoint\",\"urlTemplate\":\"https:\/\/artslibris.cat\/ca\/?s={search_term_string}\"},\"query-input\":{\"@type\":\"PropertyValueSpecification\",\"valueRequired\":true,\"valueName\":\"search_term_string\"}}],\"inLanguage\":\"ca\"},{\"@type\":\"Organization\",\"@id\":\"https:\/\/artslibris.cat\/ca\/#organization\",\"name\":\"ArtsLibris\",\"url\":\"https:\/\/artslibris.cat\/ca\/\",\"logo\":{\"@type\":\"ImageObject\",\"inLanguage\":\"ca\",\"@id\":\"https:\/\/artslibris.cat\/ca\/#\/schema\/logo\/image\/\",\"url\":\"https:\/\/artslibris.cat\/wp-content\/uploads\/2020\/05\/ArtsLibris-logo-black.svg\",\"contentUrl\":\"https:\/\/artslibris.cat\/wp-content\/uploads\/2020\/05\/ArtsLibris-logo-black.svg\",\"width\":521,\"height\":85,\"caption\":\"ArtsLibris\"},\"image\":{\"@id\":\"https:\/\/artslibris.cat\/ca\/#\/schema\/logo\/image\/\"},\"sameAs\":[\"https:\/\/www.facebook.com\/artslibris\/\",\"https:\/\/x.com\/ArtsLibris\",\"https:\/\/www.instagram.com\/artslibris\/\"]}]}<\/script>\n<!-- \/ Yoast SEO plugin. -->","yoast_head_json":{"title":"Curadur\u00eda de Latinoam\u00e9rica. 20 entrevistas a quienes cambiaron el arte contempor\u00e1neo - ArtsLibris","description":"\"Botiga ArtsLibris -Juan Jos\u00e9 Santos - CURADUR\u00cdA DE LATINOAM\u00c9RICA\"","robots":{"index":"index","follow":"follow","max-snippet":"max-snippet:-1","max-image-preview":"max-image-preview:large","max-video-preview":"max-video-preview:-1"},"canonical":"https:\/\/artslibris.cat\/ca\/tienda\/pensamiento-ca\/curaduria-de-latinoamerica-20-entrevistas-a-quienes-cambiaron-el-arte-contemporaneo\/","og_locale":"ca_ES","og_type":"article","og_title":"Curadur\u00eda de Latinoam\u00e9rica. 20 entrevistas a quienes cambiaron el arte contempor\u00e1neo - ArtsLibris","og_description":"\"Botiga ArtsLibris -Juan Jos\u00e9 Santos - CURADUR\u00cdA DE LATINOAM\u00c9RICA\"","og_url":"https:\/\/artslibris.cat\/ca\/tienda\/pensamiento-ca\/curaduria-de-latinoamerica-20-entrevistas-a-quienes-cambiaron-el-arte-contemporaneo\/","og_site_name":"ArtsLibris","article_publisher":"https:\/\/www.facebook.com\/artslibris\/","article_modified_time":"2025-02-27T12:29:16+00:00","og_image":[{"width":844,"height":1280,"url":"https:\/\/artslibris.cat\/wp-content\/uploads\/2020\/10\/ArtsLibirs-cendeac-curaduria-de-latinoamerica.jpg","type":"image\/jpeg"}],"twitter_card":"summary_large_image","twitter_site":"@ArtsLibris","twitter_misc":{"Temps estimat de lectura":"1 minut"},"schema":{"@context":"https:\/\/schema.org","@graph":[{"@type":"WebPage","@id":"https:\/\/artslibris.cat\/ca\/tienda\/pensamiento-ca\/curaduria-de-latinoamerica-20-entrevistas-a-quienes-cambiaron-el-arte-contemporaneo\/","url":"https:\/\/artslibris.cat\/ca\/tienda\/pensamiento-ca\/curaduria-de-latinoamerica-20-entrevistas-a-quienes-cambiaron-el-arte-contemporaneo\/","name":"Curadur\u00eda de Latinoam\u00e9rica. 20 entrevistas a quienes cambiaron el arte contempor\u00e1neo - ArtsLibris","isPartOf":{"@id":"https:\/\/artslibris.cat\/ca\/#website"},"primaryImageOfPage":{"@id":"https:\/\/artslibris.cat\/ca\/tienda\/pensamiento-ca\/curaduria-de-latinoamerica-20-entrevistas-a-quienes-cambiaron-el-arte-contemporaneo\/#primaryimage"},"image":{"@id":"https:\/\/artslibris.cat\/ca\/tienda\/pensamiento-ca\/curaduria-de-latinoamerica-20-entrevistas-a-quienes-cambiaron-el-arte-contemporaneo\/#primaryimage"},"thumbnailUrl":"https:\/\/artslibris.cat\/wp-content\/uploads\/2020\/10\/ArtsLibirs-cendeac-curaduria-de-latinoamerica.jpg","datePublished":"2020-10-14T10:31:46+00:00","dateModified":"2025-02-27T12:29:16+00:00","description":"\"Botiga ArtsLibris -Juan Jos\u00e9 Santos - CURADUR\u00cdA DE LATINOAM\u00c9RICA\"","breadcrumb":{"@id":"https:\/\/artslibris.cat\/ca\/tienda\/pensamiento-ca\/curaduria-de-latinoamerica-20-entrevistas-a-quienes-cambiaron-el-arte-contemporaneo\/#breadcrumb"},"inLanguage":"ca","potentialAction":[{"@type":"ReadAction","target":["https:\/\/artslibris.cat\/ca\/tienda\/pensamiento-ca\/curaduria-de-latinoamerica-20-entrevistas-a-quienes-cambiaron-el-arte-contemporaneo\/"]}]},{"@type":"ImageObject","inLanguage":"ca","@id":"https:\/\/artslibris.cat\/ca\/tienda\/pensamiento-ca\/curaduria-de-latinoamerica-20-entrevistas-a-quienes-cambiaron-el-arte-contemporaneo\/#primaryimage","url":"https:\/\/artslibris.cat\/wp-content\/uploads\/2020\/10\/ArtsLibirs-cendeac-curaduria-de-latinoamerica.jpg","contentUrl":"https:\/\/artslibris.cat\/wp-content\/uploads\/2020\/10\/ArtsLibirs-cendeac-curaduria-de-latinoamerica.jpg","width":844,"height":1280,"caption":"?????????"},{"@type":"BreadcrumbList","@id":"https:\/\/artslibris.cat\/ca\/tienda\/pensamiento-ca\/curaduria-de-latinoamerica-20-entrevistas-a-quienes-cambiaron-el-arte-contemporaneo\/#breadcrumb","itemListElement":[{"@type":"ListItem","position":1,"name":"Portada","item":"https:\/\/artslibris.cat\/ca\/"},{"@type":"ListItem","position":2,"name":"Tenda","item":"https:\/\/artslibris.cat\/ca\/tenda\/"},{"@type":"ListItem","position":3,"name":"Curadur\u00eda de Latinoam\u00e9rica. 20 entrevistas a quienes cambiaron el arte contempor\u00e1neo"}]},{"@type":"WebSite","@id":"https:\/\/artslibris.cat\/ca\/#website","url":"https:\/\/artslibris.cat\/ca\/","name":"ArtsLibris","description":"","publisher":{"@id":"https:\/\/artslibris.cat\/ca\/#organization"},"potentialAction":[{"@type":"SearchAction","target":{"@type":"EntryPoint","urlTemplate":"https:\/\/artslibris.cat\/ca\/?s={search_term_string}"},"query-input":{"@type":"PropertyValueSpecification","valueRequired":true,"valueName":"search_term_string"}}],"inLanguage":"ca"},{"@type":"Organization","@id":"https:\/\/artslibris.cat\/ca\/#organization","name":"ArtsLibris","url":"https:\/\/artslibris.cat\/ca\/","logo":{"@type":"ImageObject","inLanguage":"ca","@id":"https:\/\/artslibris.cat\/ca\/#\/schema\/logo\/image\/","url":"https:\/\/artslibris.cat\/wp-content\/uploads\/2020\/05\/ArtsLibris-logo-black.svg","contentUrl":"https:\/\/artslibris.cat\/wp-content\/uploads\/2020\/05\/ArtsLibris-logo-black.svg","width":521,"height":85,"caption":"ArtsLibris"},"image":{"@id":"https:\/\/artslibris.cat\/ca\/#\/schema\/logo\/image\/"},"sameAs":["https:\/\/www.facebook.com\/artslibris\/","https:\/\/x.com\/ArtsLibris","https:\/\/www.instagram.com\/artslibris\/"]}]}},"_links":{"self":[{"href":"https:\/\/artslibris.cat\/ca\/wp-json\/wp\/v2\/product\/2732","targetHints":{"allow":["GET"]}}],"collection":[{"href":"https:\/\/artslibris.cat\/ca\/wp-json\/wp\/v2\/product"}],"about":[{"href":"https:\/\/artslibris.cat\/ca\/wp-json\/wp\/v2\/types\/product"}],"wp:featuredmedia":[{"embeddable":true,"href":"https:\/\/artslibris.cat\/ca\/wp-json\/wp\/v2\/media\/2785"}],"wp:attachment":[{"href":"https:\/\/artslibris.cat\/ca\/wp-json\/wp\/v2\/media?parent=2732"}],"wp:term":[{"taxonomy":"product_brand","embeddable":true,"href":"https:\/\/artslibris.cat\/ca\/wp-json\/wp\/v2\/product_brand?post=2732"},{"taxonomy":"product_cat","embeddable":true,"href":"https:\/\/artslibris.cat\/ca\/wp-json\/wp\/v2\/product_cat?post=2732"},{"taxonomy":"product_tag","embeddable":true,"href":"https:\/\/artslibris.cat\/ca\/wp-json\/wp\/v2\/product_tag?post=2732"}],"curies":[{"name":"wp","href":"https:\/\/api.w.org\/{rel}","templated":true}]}}