{"id":26555,"date":"2024-10-25T16:27:44","date_gmt":"2024-10-25T16:27:44","guid":{"rendered":"https:\/\/artslibris.cat\/?post_type=product&#038;p=26555"},"modified":"2025-07-18T11:20:40","modified_gmt":"2025-07-18T11:20:40","slug":"barcelona-retrats-de-proximitat-copia","status":"publish","type":"product","link":"https:\/\/artslibris.cat\/ca\/tienda\/fotolibro-ca\/barcelona-retrats-de-proximitat-copia\/","title":{"rendered":"EIVISSA 1953 &#8211; Fotografies de Palmira Puig i Marcel Gir\u00f3"},"content":{"rendered":"<p>Aquestes fotografies d\u2019Eivissa mostren instants d\u2019absoluta epifania per a la Palmira i en Marcel, per\u00f2, a trav\u00e9s d\u2019elles, tamb\u00e9 \u00e9s possible entendre l\u2019alegria de viure, l\u2019amor pel paisatge, pel pa\u00eds i, per descomptat, l\u2019amor que es professaven m\u00fatuament. M\u00e9s enll\u00e0 del seu inq\u00fcestionable valor art\u00edstic, aquestes imatges s\u00f3n tamb\u00e9 el testimoni perfecte de l\u2019admirable parella que van ser la Palmira Puig i en Marcel Gir\u00f3.<\/p>\n<p data-start=\"467\" data-end=\"479\" data-is-last-node=\"\" data-is-only-node=\"\"><em data-start=\"467\" data-end=\"479\" data-is-last-node=\"\">J.R. Duran<\/em><\/p>\n","protected":false},"excerpt":{"rendered":"<p data-start=\"64\" data-end=\"77\">17\u00d723 cm.<\/p>\n<p data-start=\"79\" data-end=\"94\">80 p\u00e0gines.<\/p>\n<p data-start=\"96\" data-end=\"166\"><strong data-start=\"96\" data-end=\"166\">Inclou una reproducci\u00f3 (14\u00d719 cm) d\u2019una fotografia de Marcel Gir\u00f3.<\/strong><\/p>\n<p data-start=\"168\" data-end=\"193\">Pr\u00f2leg de J.R. Duran.<\/p>\n<p data-start=\"195\" data-end=\"221\">Edici\u00f3 de Toni Ricart.<\/p>\n<p data-start=\"223\" data-end=\"261\" data-is-last-node=\"\" data-is-only-node=\"\">Text en catal\u00e0, castell\u00e0 i angl\u00e8s.<\/p>\n","protected":false},"featured_media":28162,"template":"","meta":{"_acf_changed":false,"site-sidebar-layout":"default","site-content-layout":"default","ast-site-content-layout":"default","site-content-style":"default","site-sidebar-style":"default","ast-global-header-display":"","ast-banner-title-visibility":"","ast-main-header-display":"","ast-hfb-above-header-display":"","ast-hfb-below-header-display":"","ast-hfb-mobile-header-display":"","site-post-title":"","ast-breadcrumbs-content":"","ast-featured-img":"","footer-sml-layout":"","ast-disable-related-posts":"","theme-transparent-header-meta":"default","adv-header-id-meta":"","stick-header-meta":"","header-above-stick-meta":"","header-main-stick-meta":"","header-below-stick-meta":"","astra-migrate-meta-layouts":"default","ast-page-background-enabled":"default","ast-page-background-meta":{"desktop":{"background-color":"","background-image":"","background-repeat":"repeat","background-position":"center center","background-size":"auto","background-attachment":"scroll","background-type":"","background-media":"","overlay-type":"","overlay-color":"","overlay-opacity":"","overlay-gradient":""},"tablet":{"background-color":"","background-image":"","background-repeat":"repeat","background-position":"center center","background-size":"auto","background-attachment":"scroll","background-type":"","background-media":"","overlay-type":"","overlay-color":"","overlay-opacity":"","overlay-gradient":""},"mobile":{"background-color":"","background-image":"","background-repeat":"repeat","background-position":"center center","background-size":"auto","background-attachment":"scroll","background-type":"","background-media":"","overlay-type":"","overlay-color":"","overlay-opacity":"","overlay-gradient":""}},"ast-content-background-meta":{"desktop":{"background-color":"var(--ast-global-color-5)","background-image":"","background-repeat":"repeat","background-position":"center center","background-size":"auto","background-attachment":"scroll","background-type":"","background-media":"","overlay-type":"","overlay-color":"","overlay-opacity":"","overlay-gradient":""},"tablet":{"background-color":"var(--ast-global-color-5)","background-image":"","background-repeat":"repeat","background-position":"center center","background-size":"auto","background-attachment":"scroll","background-type":"","background-media":"","overlay-type":"","overlay-color":"","overlay-opacity":"","overlay-gradient":""},"mobile":{"background-color":"var(--ast-global-color-5)","background-image":"","background-repeat":"repeat","background-position":"center center","background-size":"auto","background-attachment":"scroll","background-type":"","background-media":"","overlay-type":"","overlay-color":"","overlay-opacity":"","overlay-gradient":""}}},"product_brand":[],"product_cat":[88],"product_tag":[128],"class_list":{"0":"post-26555","1":"product","2":"type-product","3":"status-publish","4":"has-post-thumbnail","6":"product_cat-fotolibro-ca","7":"product_tag-multistudiobooks-ca","8":"desktop-align-left","9":"tablet-align-left","10":"mobile-align-left","12":"first","13":"instock","14":"taxable","15":"shipping-taxable","16":"purchasable","17":"product-type-simple"},"acf":[],"yoast_head":"<!-- This site is optimized with the Yoast SEO plugin v27.3 - https:\/\/yoast.com\/product\/yoast-seo-wordpress\/ -->\n<title>EIVISSA 1953 - Fotografies de Palmira Puig i Marcel Gir\u00f3 - ArtsLibris<\/title>\n<meta name=\"robots\" content=\"index, follow, max-snippet:-1, max-image-preview:large, max-video-preview:-1\" \/>\n<link rel=\"canonical\" href=\"https:\/\/artslibris.cat\/ca\/tienda\/fotolibro-ca\/barcelona-retrats-de-proximitat-copia\/\" \/>\n<meta property=\"og:locale\" content=\"ca_ES\" \/>\n<meta property=\"og:type\" content=\"article\" \/>\n<meta property=\"og:title\" content=\"EIVISSA 1953 - Fotografies de Palmira Puig i Marcel Gir\u00f3 - ArtsLibris\" \/>\n<meta property=\"og:description\" content=\"17\u00d723 cm. 80 p\u00e0gines. Inclou una reproducci\u00f3 (14\u00d719 cm) d\u2019una fotografia de Marcel Gir\u00f3. Pr\u00f2leg de J.R. Duran. Edici\u00f3 de Toni Ricart. Text en catal\u00e0, castell\u00e0 i angl\u00e8s.\" \/>\n<meta property=\"og:url\" content=\"https:\/\/artslibris.cat\/ca\/tienda\/fotolibro-ca\/barcelona-retrats-de-proximitat-copia\/\" \/>\n<meta property=\"og:site_name\" content=\"ArtsLibris\" \/>\n<meta property=\"article:publisher\" content=\"https:\/\/www.facebook.com\/artslibris\/\" \/>\n<meta property=\"article:modified_time\" content=\"2025-07-18T11:20:40+00:00\" \/>\n<meta property=\"og:image\" content=\"https:\/\/artslibris.cat\/wp-content\/uploads\/2024\/10\/EVISSA-1953-\u2013-Fotografies-de-Palmira-Puig-i-Marcel-Giro.webp\" \/>\n\t<meta property=\"og:image:width\" content=\"1200\" \/>\n\t<meta property=\"og:image:height\" content=\"811\" \/>\n\t<meta property=\"og:image:type\" content=\"image\/webp\" \/>\n<meta name=\"twitter:card\" content=\"summary_large_image\" \/>\n<meta name=\"twitter:site\" content=\"@ArtsLibris\" \/>\n<script type=\"application\/ld+json\" class=\"yoast-schema-graph\">{\"@context\":\"https:\\\/\\\/schema.org\",\"@graph\":[{\"@type\":\"WebPage\",\"@id\":\"https:\\\/\\\/artslibris.cat\\\/ca\\\/tienda\\\/fotolibro-ca\\\/barcelona-retrats-de-proximitat-copia\\\/\",\"url\":\"https:\\\/\\\/artslibris.cat\\\/ca\\\/tienda\\\/fotolibro-ca\\\/barcelona-retrats-de-proximitat-copia\\\/\",\"name\":\"EIVISSA 1953 - Fotografies de Palmira Puig i Marcel Gir\u00f3 - ArtsLibris\",\"isPartOf\":{\"@id\":\"https:\\\/\\\/artslibris.cat\\\/ca\\\/#website\"},\"primaryImageOfPage\":{\"@id\":\"https:\\\/\\\/artslibris.cat\\\/ca\\\/tienda\\\/fotolibro-ca\\\/barcelona-retrats-de-proximitat-copia\\\/#primaryimage\"},\"image\":{\"@id\":\"https:\\\/\\\/artslibris.cat\\\/ca\\\/tienda\\\/fotolibro-ca\\\/barcelona-retrats-de-proximitat-copia\\\/#primaryimage\"},\"thumbnailUrl\":\"https:\\\/\\\/artslibris.cat\\\/wp-content\\\/uploads\\\/2024\\\/10\\\/EVISSA-1953-\u2013-Fotografies-de-Palmira-Puig-i-Marcel-Giro.webp\",\"datePublished\":\"2024-10-25T16:27:44+00:00\",\"dateModified\":\"2025-07-18T11:20:40+00:00\",\"breadcrumb\":{\"@id\":\"https:\\\/\\\/artslibris.cat\\\/ca\\\/tienda\\\/fotolibro-ca\\\/barcelona-retrats-de-proximitat-copia\\\/#breadcrumb\"},\"inLanguage\":\"ca\",\"potentialAction\":[{\"@type\":\"ReadAction\",\"target\":[\"https:\\\/\\\/artslibris.cat\\\/ca\\\/tienda\\\/fotolibro-ca\\\/barcelona-retrats-de-proximitat-copia\\\/\"]}]},{\"@type\":\"ImageObject\",\"inLanguage\":\"ca\",\"@id\":\"https:\\\/\\\/artslibris.cat\\\/ca\\\/tienda\\\/fotolibro-ca\\\/barcelona-retrats-de-proximitat-copia\\\/#primaryimage\",\"url\":\"https:\\\/\\\/artslibris.cat\\\/wp-content\\\/uploads\\\/2024\\\/10\\\/EVISSA-1953-\u2013-Fotografies-de-Palmira-Puig-i-Marcel-Giro.webp\",\"contentUrl\":\"https:\\\/\\\/artslibris.cat\\\/wp-content\\\/uploads\\\/2024\\\/10\\\/EVISSA-1953-\u2013-Fotografies-de-Palmira-Puig-i-Marcel-Giro.webp\",\"width\":1200,\"height\":811},{\"@type\":\"BreadcrumbList\",\"@id\":\"https:\\\/\\\/artslibris.cat\\\/ca\\\/tienda\\\/fotolibro-ca\\\/barcelona-retrats-de-proximitat-copia\\\/#breadcrumb\",\"itemListElement\":[{\"@type\":\"ListItem\",\"position\":1,\"name\":\"Portada\",\"item\":\"https:\\\/\\\/artslibris.cat\\\/ca\\\/\"},{\"@type\":\"ListItem\",\"position\":2,\"name\":\"Tenda\",\"item\":\"https:\\\/\\\/artslibris.cat\\\/ca\\\/tenda\\\/\"},{\"@type\":\"ListItem\",\"position\":3,\"name\":\"EIVISSA 1953 &#8211; Fotografies de Palmira Puig i Marcel Gir\u00f3\"}]},{\"@type\":\"WebSite\",\"@id\":\"https:\\\/\\\/artslibris.cat\\\/ca\\\/#website\",\"url\":\"https:\\\/\\\/artslibris.cat\\\/ca\\\/\",\"name\":\"ArtsLibris\",\"description\":\"\",\"publisher\":{\"@id\":\"https:\\\/\\\/artslibris.cat\\\/ca\\\/#organization\"},\"potentialAction\":[{\"@type\":\"SearchAction\",\"target\":{\"@type\":\"EntryPoint\",\"urlTemplate\":\"https:\\\/\\\/artslibris.cat\\\/ca\\\/?s={search_term_string}\"},\"query-input\":{\"@type\":\"PropertyValueSpecification\",\"valueRequired\":true,\"valueName\":\"search_term_string\"}}],\"inLanguage\":\"ca\"},{\"@type\":\"Organization\",\"@id\":\"https:\\\/\\\/artslibris.cat\\\/ca\\\/#organization\",\"name\":\"ArtsLibris\",\"url\":\"https:\\\/\\\/artslibris.cat\\\/ca\\\/\",\"logo\":{\"@type\":\"ImageObject\",\"inLanguage\":\"ca\",\"@id\":\"https:\\\/\\\/artslibris.cat\\\/ca\\\/#\\\/schema\\\/logo\\\/image\\\/\",\"url\":\"https:\\\/\\\/artslibris.cat\\\/wp-content\\\/uploads\\\/2020\\\/05\\\/ArtsLibris-logo-black.svg\",\"contentUrl\":\"https:\\\/\\\/artslibris.cat\\\/wp-content\\\/uploads\\\/2020\\\/05\\\/ArtsLibris-logo-black.svg\",\"width\":521,\"height\":85,\"caption\":\"ArtsLibris\"},\"image\":{\"@id\":\"https:\\\/\\\/artslibris.cat\\\/ca\\\/#\\\/schema\\\/logo\\\/image\\\/\"},\"sameAs\":[\"https:\\\/\\\/www.facebook.com\\\/artslibris\\\/\",\"https:\\\/\\\/x.com\\\/ArtsLibris\",\"https:\\\/\\\/www.instagram.com\\\/artslibris\\\/\"]}]}<\/script>\n<!-- \/ Yoast SEO plugin. -->","yoast_head_json":{"title":"EIVISSA 1953 - Fotografies de Palmira Puig i Marcel Gir\u00f3 - ArtsLibris","robots":{"index":"index","follow":"follow","max-snippet":"max-snippet:-1","max-image-preview":"max-image-preview:large","max-video-preview":"max-video-preview:-1"},"canonical":"https:\/\/artslibris.cat\/ca\/tienda\/fotolibro-ca\/barcelona-retrats-de-proximitat-copia\/","og_locale":"ca_ES","og_type":"article","og_title":"EIVISSA 1953 - Fotografies de Palmira Puig i Marcel Gir\u00f3 - ArtsLibris","og_description":"17\u00d723 cm. 80 p\u00e0gines. Inclou una reproducci\u00f3 (14\u00d719 cm) d\u2019una fotografia de Marcel Gir\u00f3. Pr\u00f2leg de J.R. Duran. Edici\u00f3 de Toni Ricart. Text en catal\u00e0, castell\u00e0 i angl\u00e8s.","og_url":"https:\/\/artslibris.cat\/ca\/tienda\/fotolibro-ca\/barcelona-retrats-de-proximitat-copia\/","og_site_name":"ArtsLibris","article_publisher":"https:\/\/www.facebook.com\/artslibris\/","article_modified_time":"2025-07-18T11:20:40+00:00","og_image":[{"width":1200,"height":811,"url":"https:\/\/artslibris.cat\/wp-content\/uploads\/2024\/10\/EVISSA-1953-\u2013-Fotografies-de-Palmira-Puig-i-Marcel-Giro.webp","type":"image\/webp"}],"twitter_card":"summary_large_image","twitter_site":"@ArtsLibris","schema":{"@context":"https:\/\/schema.org","@graph":[{"@type":"WebPage","@id":"https:\/\/artslibris.cat\/ca\/tienda\/fotolibro-ca\/barcelona-retrats-de-proximitat-copia\/","url":"https:\/\/artslibris.cat\/ca\/tienda\/fotolibro-ca\/barcelona-retrats-de-proximitat-copia\/","name":"EIVISSA 1953 - Fotografies de Palmira Puig i Marcel Gir\u00f3 - ArtsLibris","isPartOf":{"@id":"https:\/\/artslibris.cat\/ca\/#website"},"primaryImageOfPage":{"@id":"https:\/\/artslibris.cat\/ca\/tienda\/fotolibro-ca\/barcelona-retrats-de-proximitat-copia\/#primaryimage"},"image":{"@id":"https:\/\/artslibris.cat\/ca\/tienda\/fotolibro-ca\/barcelona-retrats-de-proximitat-copia\/#primaryimage"},"thumbnailUrl":"https:\/\/artslibris.cat\/wp-content\/uploads\/2024\/10\/EVISSA-1953-\u2013-Fotografies-de-Palmira-Puig-i-Marcel-Giro.webp","datePublished":"2024-10-25T16:27:44+00:00","dateModified":"2025-07-18T11:20:40+00:00","breadcrumb":{"@id":"https:\/\/artslibris.cat\/ca\/tienda\/fotolibro-ca\/barcelona-retrats-de-proximitat-copia\/#breadcrumb"},"inLanguage":"ca","potentialAction":[{"@type":"ReadAction","target":["https:\/\/artslibris.cat\/ca\/tienda\/fotolibro-ca\/barcelona-retrats-de-proximitat-copia\/"]}]},{"@type":"ImageObject","inLanguage":"ca","@id":"https:\/\/artslibris.cat\/ca\/tienda\/fotolibro-ca\/barcelona-retrats-de-proximitat-copia\/#primaryimage","url":"https:\/\/artslibris.cat\/wp-content\/uploads\/2024\/10\/EVISSA-1953-\u2013-Fotografies-de-Palmira-Puig-i-Marcel-Giro.webp","contentUrl":"https:\/\/artslibris.cat\/wp-content\/uploads\/2024\/10\/EVISSA-1953-\u2013-Fotografies-de-Palmira-Puig-i-Marcel-Giro.webp","width":1200,"height":811},{"@type":"BreadcrumbList","@id":"https:\/\/artslibris.cat\/ca\/tienda\/fotolibro-ca\/barcelona-retrats-de-proximitat-copia\/#breadcrumb","itemListElement":[{"@type":"ListItem","position":1,"name":"Portada","item":"https:\/\/artslibris.cat\/ca\/"},{"@type":"ListItem","position":2,"name":"Tenda","item":"https:\/\/artslibris.cat\/ca\/tenda\/"},{"@type":"ListItem","position":3,"name":"EIVISSA 1953 &#8211; Fotografies de Palmira Puig i Marcel Gir\u00f3"}]},{"@type":"WebSite","@id":"https:\/\/artslibris.cat\/ca\/#website","url":"https:\/\/artslibris.cat\/ca\/","name":"ArtsLibris","description":"","publisher":{"@id":"https:\/\/artslibris.cat\/ca\/#organization"},"potentialAction":[{"@type":"SearchAction","target":{"@type":"EntryPoint","urlTemplate":"https:\/\/artslibris.cat\/ca\/?s={search_term_string}"},"query-input":{"@type":"PropertyValueSpecification","valueRequired":true,"valueName":"search_term_string"}}],"inLanguage":"ca"},{"@type":"Organization","@id":"https:\/\/artslibris.cat\/ca\/#organization","name":"ArtsLibris","url":"https:\/\/artslibris.cat\/ca\/","logo":{"@type":"ImageObject","inLanguage":"ca","@id":"https:\/\/artslibris.cat\/ca\/#\/schema\/logo\/image\/","url":"https:\/\/artslibris.cat\/wp-content\/uploads\/2020\/05\/ArtsLibris-logo-black.svg","contentUrl":"https:\/\/artslibris.cat\/wp-content\/uploads\/2020\/05\/ArtsLibris-logo-black.svg","width":521,"height":85,"caption":"ArtsLibris"},"image":{"@id":"https:\/\/artslibris.cat\/ca\/#\/schema\/logo\/image\/"},"sameAs":["https:\/\/www.facebook.com\/artslibris\/","https:\/\/x.com\/ArtsLibris","https:\/\/www.instagram.com\/artslibris\/"]}]}},"_links":{"self":[{"href":"https:\/\/artslibris.cat\/ca\/wp-json\/wp\/v2\/product\/26555","targetHints":{"allow":["GET"]}}],"collection":[{"href":"https:\/\/artslibris.cat\/ca\/wp-json\/wp\/v2\/product"}],"about":[{"href":"https:\/\/artslibris.cat\/ca\/wp-json\/wp\/v2\/types\/product"}],"wp:featuredmedia":[{"embeddable":true,"href":"https:\/\/artslibris.cat\/ca\/wp-json\/wp\/v2\/media\/28162"}],"wp:attachment":[{"href":"https:\/\/artslibris.cat\/ca\/wp-json\/wp\/v2\/media?parent=26555"}],"wp:term":[{"taxonomy":"product_brand","embeddable":true,"href":"https:\/\/artslibris.cat\/ca\/wp-json\/wp\/v2\/product_brand?post=26555"},{"taxonomy":"product_cat","embeddable":true,"href":"https:\/\/artslibris.cat\/ca\/wp-json\/wp\/v2\/product_cat?post=26555"},{"taxonomy":"product_tag","embeddable":true,"href":"https:\/\/artslibris.cat\/ca\/wp-json\/wp\/v2\/product_tag?post=26555"}],"curies":[{"name":"wp","href":"https:\/\/api.w.org\/{rel}","templated":true}]}}