{"id":2397,"date":"2020-09-04T13:15:36","date_gmt":"2020-09-04T13:15:36","guid":{"rendered":"https:\/\/artslibris.cat\/tienda\/Sense%20categoria\/sixe-paredes-circulo-sagrado\/"},"modified":"2021-07-12T17:52:05","modified_gmt":"2021-07-12T17:52:05","slug":"sixe-paredes-circulo-sagrado","status":"publish","type":"product","link":"https:\/\/artslibris.cat\/ca\/tienda\/llibre-dartista\/sixe-paredes-circulo-sagrado\/","title":{"rendered":"C\u00edrculo Sagrado &#8211; Sixe Paredes"},"content":{"rendered":"<p>Aquesta publicaci\u00f3 es va editar amb motiu de l&#8217;exposici\u00f3 C\u00edrculo Sagrado de Sixe Paredes, que va tenir lloc del 10 de juny al 9 de setembre del 2020 a la galeria RocioSantaCruz.<\/p>\n<p><span style=\"font-size: 16px\">L&#8217;exposici\u00f3 va coincidir amb la pandemia del Covid19, que va paralitzar el planeta. Tant de bo la defensa i conscienciaci\u00f3 de Sixe en la protecci\u00f3 de la naturalesa, passi d&#8217;una acci\u00f3 individual a la col\u00b7lectiva.<\/span><\/p>\n","protected":false},"excerpt":{"rendered":"<p>T\u00edtol: C\u00edrculo Sagrado.<br \/>\nArtista: Sixe Paredes.<br \/>\nPapers: Sorra White Rough 300 g\/m\u00b2 (portada), Sorra White Smooth 120 g\/m\u00b2.<br \/>\nEnquadernat en r\u00fastica Pur.<br \/>\nImpressi\u00f3; Grafiques Trema.<br \/>\n100 c\u00f2pies.<br \/>\nPrimera edici\u00f3: setembre 2020.<br \/>\nMides: 25x20cm.<br \/>\nEditor: RocioSantaCruz.<\/p>\n","protected":false},"featured_media":1712,"template":"","meta":{"_acf_changed":false,"site-sidebar-layout":"default","site-content-layout":"default","ast-site-content-layout":"default","site-content-style":"default","site-sidebar-style":"default","ast-global-header-display":"","ast-banner-title-visibility":"","ast-main-header-display":"","ast-hfb-above-header-display":"","ast-hfb-below-header-display":"","ast-hfb-mobile-header-display":"","site-post-title":"","ast-breadcrumbs-content":"","ast-featured-img":"","footer-sml-layout":"","ast-disable-related-posts":"","theme-transparent-header-meta":"default","adv-header-id-meta":"","stick-header-meta":"","header-above-stick-meta":"","header-main-stick-meta":"","header-below-stick-meta":"","astra-migrate-meta-layouts":"default","ast-page-background-enabled":"default","ast-page-background-meta":{"desktop":{"background-color":"","background-image":"","background-repeat":"repeat","background-position":"center center","background-size":"auto","background-attachment":"scroll","background-type":"","background-media":"","overlay-type":"","overlay-color":"","overlay-opacity":"","overlay-gradient":""},"tablet":{"background-color":"","background-image":"","background-repeat":"repeat","background-position":"center center","background-size":"auto","background-attachment":"scroll","background-type":"","background-media":"","overlay-type":"","overlay-color":"","overlay-opacity":"","overlay-gradient":""},"mobile":{"background-color":"","background-image":"","background-repeat":"repeat","background-position":"center center","background-size":"auto","background-attachment":"scroll","background-type":"","background-media":"","overlay-type":"","overlay-color":"","overlay-opacity":"","overlay-gradient":""}},"ast-content-background-meta":{"desktop":{"background-color":"var(--ast-global-color-5)","background-image":"","background-repeat":"repeat","background-position":"center center","background-size":"auto","background-attachment":"scroll","background-type":"","background-media":"","overlay-type":"","overlay-color":"","overlay-opacity":"","overlay-gradient":""},"tablet":{"background-color":"var(--ast-global-color-5)","background-image":"","background-repeat":"repeat","background-position":"center center","background-size":"auto","background-attachment":"scroll","background-type":"","background-media":"","overlay-type":"","overlay-color":"","overlay-opacity":"","overlay-gradient":""},"mobile":{"background-color":"var(--ast-global-color-5)","background-image":"","background-repeat":"repeat","background-position":"center center","background-size":"auto","background-attachment":"scroll","background-type":"","background-media":"","overlay-type":"","overlay-color":"","overlay-opacity":"","overlay-gradient":""}}},"product_brand":[],"product_cat":[100,65],"product_tag":[117],"class_list":{"0":"post-2397","1":"product","2":"type-product","3":"status-publish","4":"has-post-thumbnail","6":"product_cat-catalogo-ca","7":"product_cat-llibre-dartista","8":"product_tag-rociosantacruz-ca","9":"desktop-align-left","10":"tablet-align-left","11":"mobile-align-left","13":"first","14":"instock","15":"shipping-taxable","16":"purchasable","17":"product-type-simple"},"acf":[],"yoast_head":"<!-- This site is optimized with the Yoast SEO plugin v27.1.1 - https:\/\/yoast.com\/product\/yoast-seo-wordpress\/ -->\n<title>C\u00edrculo Sagrado - Sixe Paredes - ArtsLibris<\/title>\n<meta name=\"robots\" content=\"index, follow, max-snippet:-1, max-image-preview:large, max-video-preview:-1\" \/>\n<link rel=\"canonical\" href=\"https:\/\/artslibris.cat\/ca\/tienda\/llibre-dartista\/sixe-paredes-circulo-sagrado\/\" \/>\n<meta property=\"og:locale\" content=\"ca_ES\" \/>\n<meta property=\"og:type\" content=\"article\" \/>\n<meta property=\"og:title\" content=\"C\u00edrculo Sagrado - Sixe Paredes - ArtsLibris\" \/>\n<meta property=\"og:description\" content=\"T\u00edtol: C\u00edrculo Sagrado. Artista: Sixe Paredes. Papers: Sorra White Rough 300 g\/m\u00b2 (portada), Sorra White Smooth 120 g\/m\u00b2. Enquadernat en r\u00fastica Pur. Impressi\u00f3; Grafiques Trema. 100 c\u00f2pies. Primera edici\u00f3: setembre 2020. Mides: 25x20cm. Editor: RocioSantaCruz.\" \/>\n<meta property=\"og:url\" content=\"https:\/\/artslibris.cat\/ca\/tienda\/llibre-dartista\/sixe-paredes-circulo-sagrado\/\" \/>\n<meta property=\"og:site_name\" content=\"ArtsLibris\" \/>\n<meta property=\"article:publisher\" content=\"https:\/\/www.facebook.com\/artslibris\/\" \/>\n<meta property=\"article:modified_time\" content=\"2021-07-12T17:52:05+00:00\" \/>\n<meta property=\"og:image\" content=\"https:\/\/artslibris.cat\/wp-content\/uploads\/2020\/09\/Catalogo-SixeParedes-.jpg\" \/>\n\t<meta property=\"og:image:width\" content=\"2000\" \/>\n\t<meta property=\"og:image:height\" content=\"1413\" \/>\n\t<meta property=\"og:image:type\" content=\"image\/jpeg\" \/>\n<meta name=\"twitter:card\" content=\"summary_large_image\" \/>\n<meta name=\"twitter:site\" content=\"@ArtsLibris\" \/>\n<script type=\"application\/ld+json\" class=\"yoast-schema-graph\">{\"@context\":\"https:\/\/schema.org\",\"@graph\":[{\"@type\":\"WebPage\",\"@id\":\"https:\/\/artslibris.cat\/ca\/tienda\/llibre-dartista\/sixe-paredes-circulo-sagrado\/\",\"url\":\"https:\/\/artslibris.cat\/ca\/tienda\/llibre-dartista\/sixe-paredes-circulo-sagrado\/\",\"name\":\"C\u00edrculo Sagrado - Sixe Paredes - ArtsLibris\",\"isPartOf\":{\"@id\":\"https:\/\/artslibris.cat\/ca\/#website\"},\"primaryImageOfPage\":{\"@id\":\"https:\/\/artslibris.cat\/ca\/tienda\/llibre-dartista\/sixe-paredes-circulo-sagrado\/#primaryimage\"},\"image\":{\"@id\":\"https:\/\/artslibris.cat\/ca\/tienda\/llibre-dartista\/sixe-paredes-circulo-sagrado\/#primaryimage\"},\"thumbnailUrl\":\"https:\/\/artslibris.cat\/wp-content\/uploads\/2020\/09\/Catalogo-SixeParedes-.jpg\",\"datePublished\":\"2020-09-04T13:15:36+00:00\",\"dateModified\":\"2021-07-12T17:52:05+00:00\",\"breadcrumb\":{\"@id\":\"https:\/\/artslibris.cat\/ca\/tienda\/llibre-dartista\/sixe-paredes-circulo-sagrado\/#breadcrumb\"},\"inLanguage\":\"ca\",\"potentialAction\":[{\"@type\":\"ReadAction\",\"target\":[\"https:\/\/artslibris.cat\/ca\/tienda\/llibre-dartista\/sixe-paredes-circulo-sagrado\/\"]}]},{\"@type\":\"ImageObject\",\"inLanguage\":\"ca\",\"@id\":\"https:\/\/artslibris.cat\/ca\/tienda\/llibre-dartista\/sixe-paredes-circulo-sagrado\/#primaryimage\",\"url\":\"https:\/\/artslibris.cat\/wp-content\/uploads\/2020\/09\/Catalogo-SixeParedes-.jpg\",\"contentUrl\":\"https:\/\/artslibris.cat\/wp-content\/uploads\/2020\/09\/Catalogo-SixeParedes-.jpg\",\"width\":2000,\"height\":1413},{\"@type\":\"BreadcrumbList\",\"@id\":\"https:\/\/artslibris.cat\/ca\/tienda\/llibre-dartista\/sixe-paredes-circulo-sagrado\/#breadcrumb\",\"itemListElement\":[{\"@type\":\"ListItem\",\"position\":1,\"name\":\"Portada\",\"item\":\"https:\/\/artslibris.cat\/ca\/\"},{\"@type\":\"ListItem\",\"position\":2,\"name\":\"Tenda\",\"item\":\"https:\/\/artslibris.cat\/ca\/tenda\/\"},{\"@type\":\"ListItem\",\"position\":3,\"name\":\"C\u00edrculo Sagrado &#8211; Sixe Paredes\"}]},{\"@type\":\"WebSite\",\"@id\":\"https:\/\/artslibris.cat\/ca\/#website\",\"url\":\"https:\/\/artslibris.cat\/ca\/\",\"name\":\"ArtsLibris\",\"description\":\"\",\"publisher\":{\"@id\":\"https:\/\/artslibris.cat\/ca\/#organization\"},\"potentialAction\":[{\"@type\":\"SearchAction\",\"target\":{\"@type\":\"EntryPoint\",\"urlTemplate\":\"https:\/\/artslibris.cat\/ca\/?s={search_term_string}\"},\"query-input\":{\"@type\":\"PropertyValueSpecification\",\"valueRequired\":true,\"valueName\":\"search_term_string\"}}],\"inLanguage\":\"ca\"},{\"@type\":\"Organization\",\"@id\":\"https:\/\/artslibris.cat\/ca\/#organization\",\"name\":\"ArtsLibris\",\"url\":\"https:\/\/artslibris.cat\/ca\/\",\"logo\":{\"@type\":\"ImageObject\",\"inLanguage\":\"ca\",\"@id\":\"https:\/\/artslibris.cat\/ca\/#\/schema\/logo\/image\/\",\"url\":\"https:\/\/artslibris.cat\/wp-content\/uploads\/2020\/05\/ArtsLibris-logo-black.svg\",\"contentUrl\":\"https:\/\/artslibris.cat\/wp-content\/uploads\/2020\/05\/ArtsLibris-logo-black.svg\",\"width\":521,\"height\":85,\"caption\":\"ArtsLibris\"},\"image\":{\"@id\":\"https:\/\/artslibris.cat\/ca\/#\/schema\/logo\/image\/\"},\"sameAs\":[\"https:\/\/www.facebook.com\/artslibris\/\",\"https:\/\/x.com\/ArtsLibris\",\"https:\/\/www.instagram.com\/artslibris\/\"]}]}<\/script>\n<!-- \/ Yoast SEO plugin. -->","yoast_head_json":{"title":"C\u00edrculo Sagrado - Sixe Paredes - ArtsLibris","robots":{"index":"index","follow":"follow","max-snippet":"max-snippet:-1","max-image-preview":"max-image-preview:large","max-video-preview":"max-video-preview:-1"},"canonical":"https:\/\/artslibris.cat\/ca\/tienda\/llibre-dartista\/sixe-paredes-circulo-sagrado\/","og_locale":"ca_ES","og_type":"article","og_title":"C\u00edrculo Sagrado - Sixe Paredes - ArtsLibris","og_description":"T\u00edtol: C\u00edrculo Sagrado. Artista: Sixe Paredes. Papers: Sorra White Rough 300 g\/m\u00b2 (portada), Sorra White Smooth 120 g\/m\u00b2. Enquadernat en r\u00fastica Pur. Impressi\u00f3; Grafiques Trema. 100 c\u00f2pies. Primera edici\u00f3: setembre 2020. Mides: 25x20cm. Editor: RocioSantaCruz.","og_url":"https:\/\/artslibris.cat\/ca\/tienda\/llibre-dartista\/sixe-paredes-circulo-sagrado\/","og_site_name":"ArtsLibris","article_publisher":"https:\/\/www.facebook.com\/artslibris\/","article_modified_time":"2021-07-12T17:52:05+00:00","og_image":[{"width":2000,"height":1413,"url":"https:\/\/artslibris.cat\/wp-content\/uploads\/2020\/09\/Catalogo-SixeParedes-.jpg","type":"image\/jpeg"}],"twitter_card":"summary_large_image","twitter_site":"@ArtsLibris","schema":{"@context":"https:\/\/schema.org","@graph":[{"@type":"WebPage","@id":"https:\/\/artslibris.cat\/ca\/tienda\/llibre-dartista\/sixe-paredes-circulo-sagrado\/","url":"https:\/\/artslibris.cat\/ca\/tienda\/llibre-dartista\/sixe-paredes-circulo-sagrado\/","name":"C\u00edrculo Sagrado - Sixe Paredes - ArtsLibris","isPartOf":{"@id":"https:\/\/artslibris.cat\/ca\/#website"},"primaryImageOfPage":{"@id":"https:\/\/artslibris.cat\/ca\/tienda\/llibre-dartista\/sixe-paredes-circulo-sagrado\/#primaryimage"},"image":{"@id":"https:\/\/artslibris.cat\/ca\/tienda\/llibre-dartista\/sixe-paredes-circulo-sagrado\/#primaryimage"},"thumbnailUrl":"https:\/\/artslibris.cat\/wp-content\/uploads\/2020\/09\/Catalogo-SixeParedes-.jpg","datePublished":"2020-09-04T13:15:36+00:00","dateModified":"2021-07-12T17:52:05+00:00","breadcrumb":{"@id":"https:\/\/artslibris.cat\/ca\/tienda\/llibre-dartista\/sixe-paredes-circulo-sagrado\/#breadcrumb"},"inLanguage":"ca","potentialAction":[{"@type":"ReadAction","target":["https:\/\/artslibris.cat\/ca\/tienda\/llibre-dartista\/sixe-paredes-circulo-sagrado\/"]}]},{"@type":"ImageObject","inLanguage":"ca","@id":"https:\/\/artslibris.cat\/ca\/tienda\/llibre-dartista\/sixe-paredes-circulo-sagrado\/#primaryimage","url":"https:\/\/artslibris.cat\/wp-content\/uploads\/2020\/09\/Catalogo-SixeParedes-.jpg","contentUrl":"https:\/\/artslibris.cat\/wp-content\/uploads\/2020\/09\/Catalogo-SixeParedes-.jpg","width":2000,"height":1413},{"@type":"BreadcrumbList","@id":"https:\/\/artslibris.cat\/ca\/tienda\/llibre-dartista\/sixe-paredes-circulo-sagrado\/#breadcrumb","itemListElement":[{"@type":"ListItem","position":1,"name":"Portada","item":"https:\/\/artslibris.cat\/ca\/"},{"@type":"ListItem","position":2,"name":"Tenda","item":"https:\/\/artslibris.cat\/ca\/tenda\/"},{"@type":"ListItem","position":3,"name":"C\u00edrculo Sagrado &#8211; Sixe Paredes"}]},{"@type":"WebSite","@id":"https:\/\/artslibris.cat\/ca\/#website","url":"https:\/\/artslibris.cat\/ca\/","name":"ArtsLibris","description":"","publisher":{"@id":"https:\/\/artslibris.cat\/ca\/#organization"},"potentialAction":[{"@type":"SearchAction","target":{"@type":"EntryPoint","urlTemplate":"https:\/\/artslibris.cat\/ca\/?s={search_term_string}"},"query-input":{"@type":"PropertyValueSpecification","valueRequired":true,"valueName":"search_term_string"}}],"inLanguage":"ca"},{"@type":"Organization","@id":"https:\/\/artslibris.cat\/ca\/#organization","name":"ArtsLibris","url":"https:\/\/artslibris.cat\/ca\/","logo":{"@type":"ImageObject","inLanguage":"ca","@id":"https:\/\/artslibris.cat\/ca\/#\/schema\/logo\/image\/","url":"https:\/\/artslibris.cat\/wp-content\/uploads\/2020\/05\/ArtsLibris-logo-black.svg","contentUrl":"https:\/\/artslibris.cat\/wp-content\/uploads\/2020\/05\/ArtsLibris-logo-black.svg","width":521,"height":85,"caption":"ArtsLibris"},"image":{"@id":"https:\/\/artslibris.cat\/ca\/#\/schema\/logo\/image\/"},"sameAs":["https:\/\/www.facebook.com\/artslibris\/","https:\/\/x.com\/ArtsLibris","https:\/\/www.instagram.com\/artslibris\/"]}]}},"_links":{"self":[{"href":"https:\/\/artslibris.cat\/ca\/wp-json\/wp\/v2\/product\/2397","targetHints":{"allow":["GET"]}}],"collection":[{"href":"https:\/\/artslibris.cat\/ca\/wp-json\/wp\/v2\/product"}],"about":[{"href":"https:\/\/artslibris.cat\/ca\/wp-json\/wp\/v2\/types\/product"}],"wp:featuredmedia":[{"embeddable":true,"href":"https:\/\/artslibris.cat\/ca\/wp-json\/wp\/v2\/media\/1712"}],"wp:attachment":[{"href":"https:\/\/artslibris.cat\/ca\/wp-json\/wp\/v2\/media?parent=2397"}],"wp:term":[{"taxonomy":"product_brand","embeddable":true,"href":"https:\/\/artslibris.cat\/ca\/wp-json\/wp\/v2\/product_brand?post=2397"},{"taxonomy":"product_cat","embeddable":true,"href":"https:\/\/artslibris.cat\/ca\/wp-json\/wp\/v2\/product_cat?post=2397"},{"taxonomy":"product_tag","embeddable":true,"href":"https:\/\/artslibris.cat\/ca\/wp-json\/wp\/v2\/product_tag?post=2397"}],"curies":[{"name":"wp","href":"https:\/\/api.w.org\/{rel}","templated":true}]}}