{"id":22318,"date":"2023-04-13T17:56:06","date_gmt":"2023-04-13T17:56:06","guid":{"rendered":"https:\/\/artslibris.cat\/tienda\/Sense%20categoria\/22318\/"},"modified":"2023-04-14T17:42:06","modified_gmt":"2023-04-14T17:42:06","slug":"22318","status":"publish","type":"product","link":"https:\/\/artslibris.cat\/ca\/tienda\/destacados-ca\/22318\/","title":{"rendered":"Collectors&#8217; Art Book &#8211; Interviews With Artists Vol. 2"},"content":{"rendered":"<p>El Collectors&#8217; Art Book &#8220;Interviews With Artists&#8221; <span class=\"hiddenGrammarError\">\u00e9s<\/span>\u00a0una luxosa edici\u00f3 limitada de 500 exemplars numerats a m\u00e0 en la qual apareixen els millors artistes internacionals, i est\u00e0 dissenyat amb els m\u00e9s avan\u00e7ats coneixements\u00a0<span class=\"hiddenSpellError\">curatorials<\/span>\u00a0i editorials. Aquest llibre d&#8217;art contemporani col\u00b7leccionable pret\u00e9n crear un di\u00e0leg visual entre artistes i col\u00b7leccionistes d&#8217;art internacionals, oferint-los la possibilitat d&#8217;un intercanvi art\u00edstic, visual i emocional.<br \/>\nEls artistes que apareixen en aquesta publicaci\u00f3 s\u00f3n: Ali Fawad, Allan Linder, Anita Tiwary, Asmae Mouayn, Ayuna, Bo Zhang, Brett Ashby, Celine Chan, Chao Wang, Christine Comeau, Claire-louise Pitman, Daria Lou Nakov, Diego Esquivel, Elaine Chao, Ester Crocetta, Fernando Madera Alvarado, Gianluca Lattuada, Gulbin Ozdamar Akarcay, Gulsah Ayla Bayrak, Hao Wen (Claudia) Chung, Jiaming Zhang, Joss Liao, Kelly Borgers OSA SCA, Kelly Zhong, Kim Matthews, Kohlben Vodden, Koo J, Kwong Kwok Wai, Liu Gongjie, Man Zhu, Marcello Silvestre, Marco Lando, Marija Toskovic, Maya Smira, Michael Kwong, Mike Goldberg, Milena Deparis, Milena ZeVu, Monika Katterwe, Nora Papp, Pavlina Vagioni, Rebecca Yunjeong Lee, Rena Kubota, Rocio G Montiel, R\u016bta Matulevi\u010di\u016bt\u0117, Shan Xu, Shuqi You, Shurooq Amin, Sophie Ruoyu Zhang, S\u00fcmer Say\u0131n, Suyu Chen, YaXi Zhou, Yu-Ching Wang, Yunah Seo<\/p>\n","protected":false},"excerpt":{"rendered":"<p>Editorial: Al-Tiba9 Arte Contempor\u00e1neo<br \/>\nISSN: 2696-9238<br \/>\nN\u00famero de Dip\u00f2sit Legal: B 27548-2018<br \/>\nTipus: Llibre de tapa dura<br \/>\nP\u00e0gines: 174<br \/>\nMida: 27 cm x 21 cm x 2 cm<br \/>\nEdici\u00f3: Febrer 2023<br \/>\nVolum: 02<br \/>\n\u00a9 Portada i contraportada. Milena ZeVu<\/p>\n","protected":false},"featured_media":22299,"template":"","meta":{"_acf_changed":false,"site-sidebar-layout":"default","site-content-layout":"default","ast-site-content-layout":"default","site-content-style":"default","site-sidebar-style":"default","ast-global-header-display":"","ast-banner-title-visibility":"","ast-main-header-display":"","ast-hfb-above-header-display":"","ast-hfb-below-header-display":"","ast-hfb-mobile-header-display":"","site-post-title":"","ast-breadcrumbs-content":"","ast-featured-img":"","footer-sml-layout":"","ast-disable-related-posts":"","theme-transparent-header-meta":"","adv-header-id-meta":"","stick-header-meta":"","header-above-stick-meta":"","header-main-stick-meta":"","header-below-stick-meta":"","astra-migrate-meta-layouts":"default","ast-page-background-enabled":"default","ast-page-background-meta":{"desktop":{"background-color":"","background-image":"","background-repeat":"repeat","background-position":"center center","background-size":"auto","background-attachment":"scroll","background-type":"","background-media":"","overlay-type":"","overlay-color":"","overlay-opacity":"","overlay-gradient":""},"tablet":{"background-color":"","background-image":"","background-repeat":"repeat","background-position":"center center","background-size":"auto","background-attachment":"scroll","background-type":"","background-media":"","overlay-type":"","overlay-color":"","overlay-opacity":"","overlay-gradient":""},"mobile":{"background-color":"","background-image":"","background-repeat":"repeat","background-position":"center center","background-size":"auto","background-attachment":"scroll","background-type":"","background-media":"","overlay-type":"","overlay-color":"","overlay-opacity":"","overlay-gradient":""}},"ast-content-background-meta":{"desktop":{"background-color":"var(--ast-global-color-5)","background-image":"","background-repeat":"repeat","background-position":"center center","background-size":"auto","background-attachment":"scroll","background-type":"","background-media":"","overlay-type":"","overlay-color":"","overlay-opacity":"","overlay-gradient":""},"tablet":{"background-color":"var(--ast-global-color-5)","background-image":"","background-repeat":"repeat","background-position":"center center","background-size":"auto","background-attachment":"scroll","background-type":"","background-media":"","overlay-type":"","overlay-color":"","overlay-opacity":"","overlay-gradient":""},"mobile":{"background-color":"var(--ast-global-color-5)","background-image":"","background-repeat":"repeat","background-position":"center center","background-size":"auto","background-attachment":"scroll","background-type":"","background-media":"","overlay-type":"","overlay-color":"","overlay-opacity":"","overlay-gradient":""}}},"product_brand":[],"product_cat":[181,141,101],"product_tag":[142],"class_list":{"0":"post-22318","1":"product","2":"type-product","3":"status-publish","4":"has-post-thumbnail","6":"product_cat-edicions-dartistes","7":"product_cat-revista-ca","8":"product_cat-destacados-ca","9":"product_tag-al-tiba9-ca","10":"desktop-align-left","11":"tablet-align-left","12":"mobile-align-left","14":"first","15":"outofstock","16":"shipping-taxable","17":"purchasable","18":"product-type-simple"},"acf":[],"yoast_head":"<!-- This site is optimized with the Yoast SEO plugin v27.1.1 - https:\/\/yoast.com\/product\/yoast-seo-wordpress\/ -->\n<title>Collectors&#039; Art Book - Interviews With Artists Vol. 2 - ArtsLibris<\/title>\n<meta name=\"robots\" content=\"index, follow, max-snippet:-1, max-image-preview:large, max-video-preview:-1\" \/>\n<link rel=\"canonical\" href=\"https:\/\/artslibris.cat\/ca\/tienda\/destacados-ca\/22318\/\" \/>\n<meta property=\"og:locale\" content=\"ca_ES\" \/>\n<meta property=\"og:type\" content=\"article\" \/>\n<meta property=\"og:title\" content=\"Collectors&#039; Art Book - Interviews With Artists Vol. 2 - ArtsLibris\" \/>\n<meta property=\"og:description\" content=\"Editorial: Al-Tiba9 Arte Contempor\u00e1neo ISSN: 2696-9238 N\u00famero de Dip\u00f2sit Legal: B 27548-2018 Tipus: Llibre de tapa dura P\u00e0gines: 174 Mida: 27 cm x 21 cm x 2 cm Edici\u00f3: Febrer 2023 Volum: 02 \u00a9 Portada i contraportada. Milena ZeVu\" \/>\n<meta property=\"og:url\" content=\"https:\/\/artslibris.cat\/ca\/tienda\/destacados-ca\/22318\/\" \/>\n<meta property=\"og:site_name\" content=\"ArtsLibris\" \/>\n<meta property=\"article:publisher\" content=\"https:\/\/www.facebook.com\/artslibris\/\" \/>\n<meta property=\"article:modified_time\" content=\"2023-04-14T17:42:06+00:00\" \/>\n<meta property=\"og:image\" content=\"https:\/\/artslibris.cat\/wp-content\/uploads\/2023\/04\/Collectors-Art-Book-Vol.-02-FRONT-COVER-scaled.jpg\" \/>\n\t<meta property=\"og:image:width\" content=\"1992\" \/>\n\t<meta property=\"og:image:height\" content=\"2560\" \/>\n\t<meta property=\"og:image:type\" content=\"image\/jpeg\" \/>\n<meta name=\"twitter:card\" content=\"summary_large_image\" \/>\n<meta name=\"twitter:site\" content=\"@ArtsLibris\" \/>\n<meta name=\"twitter:label1\" content=\"Temps estimat de lectura\" \/>\n\t<meta name=\"twitter:data1\" content=\"1 minut\" \/>\n<script type=\"application\/ld+json\" class=\"yoast-schema-graph\">{\"@context\":\"https:\/\/schema.org\",\"@graph\":[{\"@type\":\"WebPage\",\"@id\":\"https:\/\/artslibris.cat\/ca\/tienda\/destacados-ca\/22318\/\",\"url\":\"https:\/\/artslibris.cat\/ca\/tienda\/destacados-ca\/22318\/\",\"name\":\"Collectors' Art Book - Interviews With Artists Vol. 2 - ArtsLibris\",\"isPartOf\":{\"@id\":\"https:\/\/artslibris.cat\/ca\/#website\"},\"primaryImageOfPage\":{\"@id\":\"https:\/\/artslibris.cat\/ca\/tienda\/destacados-ca\/22318\/#primaryimage\"},\"image\":{\"@id\":\"https:\/\/artslibris.cat\/ca\/tienda\/destacados-ca\/22318\/#primaryimage\"},\"thumbnailUrl\":\"https:\/\/artslibris.cat\/wp-content\/uploads\/2023\/04\/Collectors-Art-Book-Vol.-02-FRONT-COVER-scaled.jpg\",\"datePublished\":\"2023-04-13T17:56:06+00:00\",\"dateModified\":\"2023-04-14T17:42:06+00:00\",\"breadcrumb\":{\"@id\":\"https:\/\/artslibris.cat\/ca\/tienda\/destacados-ca\/22318\/#breadcrumb\"},\"inLanguage\":\"ca\",\"potentialAction\":[{\"@type\":\"ReadAction\",\"target\":[\"https:\/\/artslibris.cat\/ca\/tienda\/destacados-ca\/22318\/\"]}]},{\"@type\":\"ImageObject\",\"inLanguage\":\"ca\",\"@id\":\"https:\/\/artslibris.cat\/ca\/tienda\/destacados-ca\/22318\/#primaryimage\",\"url\":\"https:\/\/artslibris.cat\/wp-content\/uploads\/2023\/04\/Collectors-Art-Book-Vol.-02-FRONT-COVER-scaled.jpg\",\"contentUrl\":\"https:\/\/artslibris.cat\/wp-content\/uploads\/2023\/04\/Collectors-Art-Book-Vol.-02-FRONT-COVER-scaled.jpg\",\"width\":1992,\"height\":2560},{\"@type\":\"BreadcrumbList\",\"@id\":\"https:\/\/artslibris.cat\/ca\/tienda\/destacados-ca\/22318\/#breadcrumb\",\"itemListElement\":[{\"@type\":\"ListItem\",\"position\":1,\"name\":\"Portada\",\"item\":\"https:\/\/artslibris.cat\/ca\/\"},{\"@type\":\"ListItem\",\"position\":2,\"name\":\"Tenda\",\"item\":\"https:\/\/artslibris.cat\/ca\/tenda\/\"},{\"@type\":\"ListItem\",\"position\":3,\"name\":\"Collectors&#8217; Art Book &#8211; Interviews With Artists Vol. 2\"}]},{\"@type\":\"WebSite\",\"@id\":\"https:\/\/artslibris.cat\/ca\/#website\",\"url\":\"https:\/\/artslibris.cat\/ca\/\",\"name\":\"ArtsLibris\",\"description\":\"\",\"publisher\":{\"@id\":\"https:\/\/artslibris.cat\/ca\/#organization\"},\"potentialAction\":[{\"@type\":\"SearchAction\",\"target\":{\"@type\":\"EntryPoint\",\"urlTemplate\":\"https:\/\/artslibris.cat\/ca\/?s={search_term_string}\"},\"query-input\":{\"@type\":\"PropertyValueSpecification\",\"valueRequired\":true,\"valueName\":\"search_term_string\"}}],\"inLanguage\":\"ca\"},{\"@type\":\"Organization\",\"@id\":\"https:\/\/artslibris.cat\/ca\/#organization\",\"name\":\"ArtsLibris\",\"url\":\"https:\/\/artslibris.cat\/ca\/\",\"logo\":{\"@type\":\"ImageObject\",\"inLanguage\":\"ca\",\"@id\":\"https:\/\/artslibris.cat\/ca\/#\/schema\/logo\/image\/\",\"url\":\"https:\/\/artslibris.cat\/wp-content\/uploads\/2020\/05\/ArtsLibris-logo-black.svg\",\"contentUrl\":\"https:\/\/artslibris.cat\/wp-content\/uploads\/2020\/05\/ArtsLibris-logo-black.svg\",\"width\":521,\"height\":85,\"caption\":\"ArtsLibris\"},\"image\":{\"@id\":\"https:\/\/artslibris.cat\/ca\/#\/schema\/logo\/image\/\"},\"sameAs\":[\"https:\/\/www.facebook.com\/artslibris\/\",\"https:\/\/x.com\/ArtsLibris\",\"https:\/\/www.instagram.com\/artslibris\/\"]}]}<\/script>\n<!-- \/ Yoast SEO plugin. -->","yoast_head_json":{"title":"Collectors' Art Book - Interviews With Artists Vol. 2 - ArtsLibris","robots":{"index":"index","follow":"follow","max-snippet":"max-snippet:-1","max-image-preview":"max-image-preview:large","max-video-preview":"max-video-preview:-1"},"canonical":"https:\/\/artslibris.cat\/ca\/tienda\/destacados-ca\/22318\/","og_locale":"ca_ES","og_type":"article","og_title":"Collectors' Art Book - Interviews With Artists Vol. 2 - ArtsLibris","og_description":"Editorial: Al-Tiba9 Arte Contempor\u00e1neo ISSN: 2696-9238 N\u00famero de Dip\u00f2sit Legal: B 27548-2018 Tipus: Llibre de tapa dura P\u00e0gines: 174 Mida: 27 cm x 21 cm x 2 cm Edici\u00f3: Febrer 2023 Volum: 02 \u00a9 Portada i contraportada. Milena ZeVu","og_url":"https:\/\/artslibris.cat\/ca\/tienda\/destacados-ca\/22318\/","og_site_name":"ArtsLibris","article_publisher":"https:\/\/www.facebook.com\/artslibris\/","article_modified_time":"2023-04-14T17:42:06+00:00","og_image":[{"width":1992,"height":2560,"url":"https:\/\/artslibris.cat\/wp-content\/uploads\/2023\/04\/Collectors-Art-Book-Vol.-02-FRONT-COVER-scaled.jpg","type":"image\/jpeg"}],"twitter_card":"summary_large_image","twitter_site":"@ArtsLibris","twitter_misc":{"Temps estimat de lectura":"1 minut"},"schema":{"@context":"https:\/\/schema.org","@graph":[{"@type":"WebPage","@id":"https:\/\/artslibris.cat\/ca\/tienda\/destacados-ca\/22318\/","url":"https:\/\/artslibris.cat\/ca\/tienda\/destacados-ca\/22318\/","name":"Collectors' Art Book - Interviews With Artists Vol. 2 - ArtsLibris","isPartOf":{"@id":"https:\/\/artslibris.cat\/ca\/#website"},"primaryImageOfPage":{"@id":"https:\/\/artslibris.cat\/ca\/tienda\/destacados-ca\/22318\/#primaryimage"},"image":{"@id":"https:\/\/artslibris.cat\/ca\/tienda\/destacados-ca\/22318\/#primaryimage"},"thumbnailUrl":"https:\/\/artslibris.cat\/wp-content\/uploads\/2023\/04\/Collectors-Art-Book-Vol.-02-FRONT-COVER-scaled.jpg","datePublished":"2023-04-13T17:56:06+00:00","dateModified":"2023-04-14T17:42:06+00:00","breadcrumb":{"@id":"https:\/\/artslibris.cat\/ca\/tienda\/destacados-ca\/22318\/#breadcrumb"},"inLanguage":"ca","potentialAction":[{"@type":"ReadAction","target":["https:\/\/artslibris.cat\/ca\/tienda\/destacados-ca\/22318\/"]}]},{"@type":"ImageObject","inLanguage":"ca","@id":"https:\/\/artslibris.cat\/ca\/tienda\/destacados-ca\/22318\/#primaryimage","url":"https:\/\/artslibris.cat\/wp-content\/uploads\/2023\/04\/Collectors-Art-Book-Vol.-02-FRONT-COVER-scaled.jpg","contentUrl":"https:\/\/artslibris.cat\/wp-content\/uploads\/2023\/04\/Collectors-Art-Book-Vol.-02-FRONT-COVER-scaled.jpg","width":1992,"height":2560},{"@type":"BreadcrumbList","@id":"https:\/\/artslibris.cat\/ca\/tienda\/destacados-ca\/22318\/#breadcrumb","itemListElement":[{"@type":"ListItem","position":1,"name":"Portada","item":"https:\/\/artslibris.cat\/ca\/"},{"@type":"ListItem","position":2,"name":"Tenda","item":"https:\/\/artslibris.cat\/ca\/tenda\/"},{"@type":"ListItem","position":3,"name":"Collectors&#8217; Art Book &#8211; Interviews With Artists Vol. 2"}]},{"@type":"WebSite","@id":"https:\/\/artslibris.cat\/ca\/#website","url":"https:\/\/artslibris.cat\/ca\/","name":"ArtsLibris","description":"","publisher":{"@id":"https:\/\/artslibris.cat\/ca\/#organization"},"potentialAction":[{"@type":"SearchAction","target":{"@type":"EntryPoint","urlTemplate":"https:\/\/artslibris.cat\/ca\/?s={search_term_string}"},"query-input":{"@type":"PropertyValueSpecification","valueRequired":true,"valueName":"search_term_string"}}],"inLanguage":"ca"},{"@type":"Organization","@id":"https:\/\/artslibris.cat\/ca\/#organization","name":"ArtsLibris","url":"https:\/\/artslibris.cat\/ca\/","logo":{"@type":"ImageObject","inLanguage":"ca","@id":"https:\/\/artslibris.cat\/ca\/#\/schema\/logo\/image\/","url":"https:\/\/artslibris.cat\/wp-content\/uploads\/2020\/05\/ArtsLibris-logo-black.svg","contentUrl":"https:\/\/artslibris.cat\/wp-content\/uploads\/2020\/05\/ArtsLibris-logo-black.svg","width":521,"height":85,"caption":"ArtsLibris"},"image":{"@id":"https:\/\/artslibris.cat\/ca\/#\/schema\/logo\/image\/"},"sameAs":["https:\/\/www.facebook.com\/artslibris\/","https:\/\/x.com\/ArtsLibris","https:\/\/www.instagram.com\/artslibris\/"]}]}},"_links":{"self":[{"href":"https:\/\/artslibris.cat\/ca\/wp-json\/wp\/v2\/product\/22318","targetHints":{"allow":["GET"]}}],"collection":[{"href":"https:\/\/artslibris.cat\/ca\/wp-json\/wp\/v2\/product"}],"about":[{"href":"https:\/\/artslibris.cat\/ca\/wp-json\/wp\/v2\/types\/product"}],"wp:featuredmedia":[{"embeddable":true,"href":"https:\/\/artslibris.cat\/ca\/wp-json\/wp\/v2\/media\/22299"}],"wp:attachment":[{"href":"https:\/\/artslibris.cat\/ca\/wp-json\/wp\/v2\/media?parent=22318"}],"wp:term":[{"taxonomy":"product_brand","embeddable":true,"href":"https:\/\/artslibris.cat\/ca\/wp-json\/wp\/v2\/product_brand?post=22318"},{"taxonomy":"product_cat","embeddable":true,"href":"https:\/\/artslibris.cat\/ca\/wp-json\/wp\/v2\/product_cat?post=22318"},{"taxonomy":"product_tag","embeddable":true,"href":"https:\/\/artslibris.cat\/ca\/wp-json\/wp\/v2\/product_tag?post=22318"}],"curies":[{"name":"wp","href":"https:\/\/api.w.org\/{rel}","templated":true}]}}