{"id":22294,"date":"2023-04-13T17:33:06","date_gmt":"2023-04-13T17:33:06","guid":{"rendered":"https:\/\/artslibris.cat\/tienda\/Sense categoria\/al-tiba9-magazine-issue12\/"},"modified":"2023-04-13T17:33:06","modified_gmt":"2023-04-13T17:33:06","slug":"al-tiba9-magazine-issue12","status":"publish","type":"product","link":"https:\/\/artslibris.cat\/ca\/tienda\/destacados-ca\/al-tiba9-magazine-issue12\/","title":{"rendered":"Al-Tiba9 &#8211; Magazine ISSUE12"},"content":{"rendered":"<p>Aquesta revista d&#8217;art impresa en edici\u00f3 limitada est\u00e0 comissariada i dissenyada per a celebrar el 12\u00e8 n\u00famero d&#8217;Al-<span class=\"hiddenSpellError\">Tiba9<\/span>\u00a0<span class=\"hiddenSpellError\">Contemporary<\/span>\u00a0Art. Amb visions innovadores, testimoniatges i una rica llista d&#8217;obres d&#8217;artistes internacionals, marca una fita fonamental en la hist\u00f2ria d&#8217;Al-<span class=\"hiddenSpellError\">Tiba9<\/span>.<\/p>\n<p>ISSUE12 presenta a 58 artistes, arquitectes i dissenyadors de moda seleccionats de tot el m\u00f3n. \u00c9s un espai \u00fanic on artistes i dissenyadors individuals poden expressar la seva visi\u00f3 i convertir-se en mitjans originals.<\/p>\n<p>La revista presenta en portada i contraportada l&#8217;obra &#8220;<span class=\"hiddenSpellError\">Wild<\/span>\u00a0<span class=\"hiddenSpellError\">Growth<\/span>&#8220;, de\u00a0<span class=\"hiddenSpellError\">Hanwei<\/span>\u00a0La seva, de Nova York (EUA), mentre que l&#8217;obra fotogr\u00e0fica &#8220;<span class=\"hiddenSpellError\">Pink<\/span>\u00a0<span class=\"hiddenSpellError\">Lily<\/span>&#8220;, de l&#8217;artista William\u00a0<span class=\"hiddenSpellError\">Josephs<\/span>\u00a0<span class=\"hiddenSpellError\">Radford<\/span>, de Londres (Regne Unit), figura en la portada interior, i &#8220;Balmain Rebranding&#8221;, de\u00a0<span class=\"hiddenSpellError\">Stephanie<\/span>\u00a0<span class=\"hiddenSpellError\">Vicente<\/span>, en la portada destacada.<\/p>\n<p>Els artistes que figuren en aquesta edici\u00f3 s\u00f3n: Aiman, Alejandra Trevino, Ale\u0161 Jungmann, Ameera Kasim Ziyan, Andi Zhang, Andrea Abbatangelo, Anna Grahlmann, Artem Spivak, Ashleigh Alexandria &#8211; The Virgin Artiste, Audrey Messas, Avvassena, Brage S\u00f8rlie Kaale, brustudio, David Moje\u0161\u010d\u00edk, Dodd Holsapple, Ellen De, Fredy Solan, Gabrielle Mar, Gianluca Lattuada, Guadalupe Plaza Petersen, Hanwei Su, Imogen Marsteller, Irina Sokolova, Isabella Draper, Iwo Zaniewski, Jung Ui Lee, Katrin Spranger, Kexin Liu, Kmar Douagi, Kristine Narvida, L\u0103cr\u0103 Groz\u0103vescu, Lauren Butcher, Maria B\u00fcter, Mariana Arrieta Ibarra, Marina Mart\u00edn G\u00f3mez, Mauricio Delgado Castillo, Meghan Murphy, Nouli Omer, Paulo Monteiro, Proteek Mandal, R\u00e9mi Moreau, Richard Glick, Rui Ferreira, Ruohan Yu, Sam Solooki, Sarah-Mecca Abdourahman, Shou-An Chiang, Shulan Wang, Stephanie Vicente, Tanya P. Johnson, Tsim Liv, Wenxu Zhao, William Josephs Radford, Xuanlin Ye, Xuemeng Zhang, Yanqing Pei, Yihan Wang, Zijun Zhao (Mosa).<\/p>\n","protected":false},"excerpt":{"rendered":"<p>ISSN: 2696-2497<br \/>\nTipus: Revista d&#8217;edici\u00f3 limitada<br \/>\nP\u00e0gines: 116<\/p>\n<p>Mida: 28 cm x 21 cm x 1 cm<br \/>\nIdioma: Angl\u00e8s<br \/>\nEdici\u00f3: Gener 2023<br \/>\n\u00a9 Portada i contraportada: Hanwei Su<\/p>\n","protected":false},"featured_media":22287,"template":"","meta":{"_acf_changed":false,"site-sidebar-layout":"default","site-content-layout":"default","ast-site-content-layout":"default","site-content-style":"default","site-sidebar-style":"default","ast-global-header-display":"","ast-banner-title-visibility":"","ast-main-header-display":"","ast-hfb-above-header-display":"","ast-hfb-below-header-display":"","ast-hfb-mobile-header-display":"","site-post-title":"","ast-breadcrumbs-content":"","ast-featured-img":"","footer-sml-layout":"","ast-disable-related-posts":"","theme-transparent-header-meta":"","adv-header-id-meta":"","stick-header-meta":"","header-above-stick-meta":"","header-main-stick-meta":"","header-below-stick-meta":"","astra-migrate-meta-layouts":"default","ast-page-background-enabled":"default","ast-page-background-meta":{"desktop":{"background-color":"","background-image":"","background-repeat":"repeat","background-position":"center center","background-size":"auto","background-attachment":"scroll","background-type":"","background-media":"","overlay-type":"","overlay-color":"","overlay-opacity":"","overlay-gradient":""},"tablet":{"background-color":"","background-image":"","background-repeat":"repeat","background-position":"center center","background-size":"auto","background-attachment":"scroll","background-type":"","background-media":"","overlay-type":"","overlay-color":"","overlay-opacity":"","overlay-gradient":""},"mobile":{"background-color":"","background-image":"","background-repeat":"repeat","background-position":"center center","background-size":"auto","background-attachment":"scroll","background-type":"","background-media":"","overlay-type":"","overlay-color":"","overlay-opacity":"","overlay-gradient":""}},"ast-content-background-meta":{"desktop":{"background-color":"var(--ast-global-color-5)","background-image":"","background-repeat":"repeat","background-position":"center center","background-size":"auto","background-attachment":"scroll","background-type":"","background-media":"","overlay-type":"","overlay-color":"","overlay-opacity":"","overlay-gradient":""},"tablet":{"background-color":"var(--ast-global-color-5)","background-image":"","background-repeat":"repeat","background-position":"center center","background-size":"auto","background-attachment":"scroll","background-type":"","background-media":"","overlay-type":"","overlay-color":"","overlay-opacity":"","overlay-gradient":""},"mobile":{"background-color":"var(--ast-global-color-5)","background-image":"","background-repeat":"repeat","background-position":"center center","background-size":"auto","background-attachment":"scroll","background-type":"","background-media":"","overlay-type":"","overlay-color":"","overlay-opacity":"","overlay-gradient":""}}},"product_brand":[],"product_cat":[141,101],"product_tag":[142],"class_list":{"0":"post-22294","1":"product","2":"type-product","3":"status-publish","4":"has-post-thumbnail","6":"product_cat-revista-ca","7":"product_cat-destacados-ca","8":"product_tag-al-tiba9-ca","9":"desktop-align-left","10":"tablet-align-left","11":"mobile-align-left","13":"first","14":"instock","15":"shipping-taxable","16":"purchasable","17":"product-type-simple"},"acf":[],"yoast_head":"<!-- This site is optimized with the Yoast SEO plugin v27.1.1 - https:\/\/yoast.com\/product\/yoast-seo-wordpress\/ -->\n<title>Al-Tiba9 - Magazine ISSUE12 - ArtsLibris<\/title>\n<meta name=\"robots\" content=\"index, follow, max-snippet:-1, max-image-preview:large, max-video-preview:-1\" \/>\n<link rel=\"canonical\" href=\"https:\/\/artslibris.cat\/ca\/tienda\/destacados-ca\/al-tiba9-magazine-issue12\/\" \/>\n<meta property=\"og:locale\" content=\"ca_ES\" \/>\n<meta property=\"og:type\" content=\"article\" \/>\n<meta property=\"og:title\" content=\"Al-Tiba9 - Magazine ISSUE12 - ArtsLibris\" \/>\n<meta property=\"og:description\" content=\"ISSN: 2696-2497 Tipus: Revista d&#039;edici\u00f3 limitada P\u00e0gines: 116  Mida: 28 cm x 21 cm x 1 cm Idioma: Angl\u00e8s Edici\u00f3: Gener 2023 \u00a9 Portada i contraportada: Hanwei Su\" \/>\n<meta property=\"og:url\" content=\"https:\/\/artslibris.cat\/ca\/tienda\/destacados-ca\/al-tiba9-magazine-issue12\/\" \/>\n<meta property=\"og:site_name\" content=\"ArtsLibris\" \/>\n<meta property=\"article:publisher\" content=\"https:\/\/www.facebook.com\/artslibris\/\" \/>\n<meta property=\"og:image\" content=\"https:\/\/artslibris.cat\/wp-content\/uploads\/2023\/04\/Al-Tiba9-Art-Magazine-ISSUE12-FRONT-COVER-1-scaled.jpg\" \/>\n\t<meta property=\"og:image:width\" content=\"1920\" \/>\n\t<meta property=\"og:image:height\" content=\"2560\" \/>\n\t<meta property=\"og:image:type\" content=\"image\/jpeg\" \/>\n<meta name=\"twitter:card\" content=\"summary_large_image\" \/>\n<meta name=\"twitter:site\" content=\"@ArtsLibris\" \/>\n<meta name=\"twitter:label1\" content=\"Temps estimat de lectura\" \/>\n\t<meta name=\"twitter:data1\" content=\"1 minut\" \/>\n<script type=\"application\/ld+json\" class=\"yoast-schema-graph\">{\"@context\":\"https:\/\/schema.org\",\"@graph\":[{\"@type\":\"WebPage\",\"@id\":\"https:\/\/artslibris.cat\/ca\/tienda\/destacados-ca\/al-tiba9-magazine-issue12\/\",\"url\":\"https:\/\/artslibris.cat\/ca\/tienda\/destacados-ca\/al-tiba9-magazine-issue12\/\",\"name\":\"Al-Tiba9 - Magazine ISSUE12 - ArtsLibris\",\"isPartOf\":{\"@id\":\"https:\/\/artslibris.cat\/ca\/#website\"},\"primaryImageOfPage\":{\"@id\":\"https:\/\/artslibris.cat\/ca\/tienda\/destacados-ca\/al-tiba9-magazine-issue12\/#primaryimage\"},\"image\":{\"@id\":\"https:\/\/artslibris.cat\/ca\/tienda\/destacados-ca\/al-tiba9-magazine-issue12\/#primaryimage\"},\"thumbnailUrl\":\"https:\/\/artslibris.cat\/wp-content\/uploads\/2023\/04\/Al-Tiba9-Art-Magazine-ISSUE12-FRONT-COVER-1-scaled.jpg\",\"datePublished\":\"2023-04-13T17:33:06+00:00\",\"breadcrumb\":{\"@id\":\"https:\/\/artslibris.cat\/ca\/tienda\/destacados-ca\/al-tiba9-magazine-issue12\/#breadcrumb\"},\"inLanguage\":\"ca\",\"potentialAction\":[{\"@type\":\"ReadAction\",\"target\":[\"https:\/\/artslibris.cat\/ca\/tienda\/destacados-ca\/al-tiba9-magazine-issue12\/\"]}]},{\"@type\":\"ImageObject\",\"inLanguage\":\"ca\",\"@id\":\"https:\/\/artslibris.cat\/ca\/tienda\/destacados-ca\/al-tiba9-magazine-issue12\/#primaryimage\",\"url\":\"https:\/\/artslibris.cat\/wp-content\/uploads\/2023\/04\/Al-Tiba9-Art-Magazine-ISSUE12-FRONT-COVER-1-scaled.jpg\",\"contentUrl\":\"https:\/\/artslibris.cat\/wp-content\/uploads\/2023\/04\/Al-Tiba9-Art-Magazine-ISSUE12-FRONT-COVER-1-scaled.jpg\",\"width\":1920,\"height\":2560},{\"@type\":\"BreadcrumbList\",\"@id\":\"https:\/\/artslibris.cat\/ca\/tienda\/destacados-ca\/al-tiba9-magazine-issue12\/#breadcrumb\",\"itemListElement\":[{\"@type\":\"ListItem\",\"position\":1,\"name\":\"Portada\",\"item\":\"https:\/\/artslibris.cat\/ca\/\"},{\"@type\":\"ListItem\",\"position\":2,\"name\":\"Tenda\",\"item\":\"https:\/\/artslibris.cat\/ca\/tenda\/\"},{\"@type\":\"ListItem\",\"position\":3,\"name\":\"Al-Tiba9 &#8211; Magazine ISSUE12\"}]},{\"@type\":\"WebSite\",\"@id\":\"https:\/\/artslibris.cat\/ca\/#website\",\"url\":\"https:\/\/artslibris.cat\/ca\/\",\"name\":\"ArtsLibris\",\"description\":\"\",\"publisher\":{\"@id\":\"https:\/\/artslibris.cat\/ca\/#organization\"},\"potentialAction\":[{\"@type\":\"SearchAction\",\"target\":{\"@type\":\"EntryPoint\",\"urlTemplate\":\"https:\/\/artslibris.cat\/ca\/?s={search_term_string}\"},\"query-input\":{\"@type\":\"PropertyValueSpecification\",\"valueRequired\":true,\"valueName\":\"search_term_string\"}}],\"inLanguage\":\"ca\"},{\"@type\":\"Organization\",\"@id\":\"https:\/\/artslibris.cat\/ca\/#organization\",\"name\":\"ArtsLibris\",\"url\":\"https:\/\/artslibris.cat\/ca\/\",\"logo\":{\"@type\":\"ImageObject\",\"inLanguage\":\"ca\",\"@id\":\"https:\/\/artslibris.cat\/ca\/#\/schema\/logo\/image\/\",\"url\":\"https:\/\/artslibris.cat\/wp-content\/uploads\/2020\/05\/ArtsLibris-logo-black.svg\",\"contentUrl\":\"https:\/\/artslibris.cat\/wp-content\/uploads\/2020\/05\/ArtsLibris-logo-black.svg\",\"width\":521,\"height\":85,\"caption\":\"ArtsLibris\"},\"image\":{\"@id\":\"https:\/\/artslibris.cat\/ca\/#\/schema\/logo\/image\/\"},\"sameAs\":[\"https:\/\/www.facebook.com\/artslibris\/\",\"https:\/\/x.com\/ArtsLibris\",\"https:\/\/www.instagram.com\/artslibris\/\"]}]}<\/script>\n<!-- \/ Yoast SEO plugin. -->","yoast_head_json":{"title":"Al-Tiba9 - Magazine ISSUE12 - ArtsLibris","robots":{"index":"index","follow":"follow","max-snippet":"max-snippet:-1","max-image-preview":"max-image-preview:large","max-video-preview":"max-video-preview:-1"},"canonical":"https:\/\/artslibris.cat\/ca\/tienda\/destacados-ca\/al-tiba9-magazine-issue12\/","og_locale":"ca_ES","og_type":"article","og_title":"Al-Tiba9 - Magazine ISSUE12 - ArtsLibris","og_description":"ISSN: 2696-2497 Tipus: Revista d'edici\u00f3 limitada P\u00e0gines: 116  Mida: 28 cm x 21 cm x 1 cm Idioma: Angl\u00e8s Edici\u00f3: Gener 2023 \u00a9 Portada i contraportada: Hanwei Su","og_url":"https:\/\/artslibris.cat\/ca\/tienda\/destacados-ca\/al-tiba9-magazine-issue12\/","og_site_name":"ArtsLibris","article_publisher":"https:\/\/www.facebook.com\/artslibris\/","og_image":[{"width":1920,"height":2560,"url":"https:\/\/artslibris.cat\/wp-content\/uploads\/2023\/04\/Al-Tiba9-Art-Magazine-ISSUE12-FRONT-COVER-1-scaled.jpg","type":"image\/jpeg"}],"twitter_card":"summary_large_image","twitter_site":"@ArtsLibris","twitter_misc":{"Temps estimat de lectura":"1 minut"},"schema":{"@context":"https:\/\/schema.org","@graph":[{"@type":"WebPage","@id":"https:\/\/artslibris.cat\/ca\/tienda\/destacados-ca\/al-tiba9-magazine-issue12\/","url":"https:\/\/artslibris.cat\/ca\/tienda\/destacados-ca\/al-tiba9-magazine-issue12\/","name":"Al-Tiba9 - Magazine ISSUE12 - ArtsLibris","isPartOf":{"@id":"https:\/\/artslibris.cat\/ca\/#website"},"primaryImageOfPage":{"@id":"https:\/\/artslibris.cat\/ca\/tienda\/destacados-ca\/al-tiba9-magazine-issue12\/#primaryimage"},"image":{"@id":"https:\/\/artslibris.cat\/ca\/tienda\/destacados-ca\/al-tiba9-magazine-issue12\/#primaryimage"},"thumbnailUrl":"https:\/\/artslibris.cat\/wp-content\/uploads\/2023\/04\/Al-Tiba9-Art-Magazine-ISSUE12-FRONT-COVER-1-scaled.jpg","datePublished":"2023-04-13T17:33:06+00:00","breadcrumb":{"@id":"https:\/\/artslibris.cat\/ca\/tienda\/destacados-ca\/al-tiba9-magazine-issue12\/#breadcrumb"},"inLanguage":"ca","potentialAction":[{"@type":"ReadAction","target":["https:\/\/artslibris.cat\/ca\/tienda\/destacados-ca\/al-tiba9-magazine-issue12\/"]}]},{"@type":"ImageObject","inLanguage":"ca","@id":"https:\/\/artslibris.cat\/ca\/tienda\/destacados-ca\/al-tiba9-magazine-issue12\/#primaryimage","url":"https:\/\/artslibris.cat\/wp-content\/uploads\/2023\/04\/Al-Tiba9-Art-Magazine-ISSUE12-FRONT-COVER-1-scaled.jpg","contentUrl":"https:\/\/artslibris.cat\/wp-content\/uploads\/2023\/04\/Al-Tiba9-Art-Magazine-ISSUE12-FRONT-COVER-1-scaled.jpg","width":1920,"height":2560},{"@type":"BreadcrumbList","@id":"https:\/\/artslibris.cat\/ca\/tienda\/destacados-ca\/al-tiba9-magazine-issue12\/#breadcrumb","itemListElement":[{"@type":"ListItem","position":1,"name":"Portada","item":"https:\/\/artslibris.cat\/ca\/"},{"@type":"ListItem","position":2,"name":"Tenda","item":"https:\/\/artslibris.cat\/ca\/tenda\/"},{"@type":"ListItem","position":3,"name":"Al-Tiba9 &#8211; Magazine ISSUE12"}]},{"@type":"WebSite","@id":"https:\/\/artslibris.cat\/ca\/#website","url":"https:\/\/artslibris.cat\/ca\/","name":"ArtsLibris","description":"","publisher":{"@id":"https:\/\/artslibris.cat\/ca\/#organization"},"potentialAction":[{"@type":"SearchAction","target":{"@type":"EntryPoint","urlTemplate":"https:\/\/artslibris.cat\/ca\/?s={search_term_string}"},"query-input":{"@type":"PropertyValueSpecification","valueRequired":true,"valueName":"search_term_string"}}],"inLanguage":"ca"},{"@type":"Organization","@id":"https:\/\/artslibris.cat\/ca\/#organization","name":"ArtsLibris","url":"https:\/\/artslibris.cat\/ca\/","logo":{"@type":"ImageObject","inLanguage":"ca","@id":"https:\/\/artslibris.cat\/ca\/#\/schema\/logo\/image\/","url":"https:\/\/artslibris.cat\/wp-content\/uploads\/2020\/05\/ArtsLibris-logo-black.svg","contentUrl":"https:\/\/artslibris.cat\/wp-content\/uploads\/2020\/05\/ArtsLibris-logo-black.svg","width":521,"height":85,"caption":"ArtsLibris"},"image":{"@id":"https:\/\/artslibris.cat\/ca\/#\/schema\/logo\/image\/"},"sameAs":["https:\/\/www.facebook.com\/artslibris\/","https:\/\/x.com\/ArtsLibris","https:\/\/www.instagram.com\/artslibris\/"]}]}},"_links":{"self":[{"href":"https:\/\/artslibris.cat\/ca\/wp-json\/wp\/v2\/product\/22294","targetHints":{"allow":["GET"]}}],"collection":[{"href":"https:\/\/artslibris.cat\/ca\/wp-json\/wp\/v2\/product"}],"about":[{"href":"https:\/\/artslibris.cat\/ca\/wp-json\/wp\/v2\/types\/product"}],"wp:featuredmedia":[{"embeddable":true,"href":"https:\/\/artslibris.cat\/ca\/wp-json\/wp\/v2\/media\/22287"}],"wp:attachment":[{"href":"https:\/\/artslibris.cat\/ca\/wp-json\/wp\/v2\/media?parent=22294"}],"wp:term":[{"taxonomy":"product_brand","embeddable":true,"href":"https:\/\/artslibris.cat\/ca\/wp-json\/wp\/v2\/product_brand?post=22294"},{"taxonomy":"product_cat","embeddable":true,"href":"https:\/\/artslibris.cat\/ca\/wp-json\/wp\/v2\/product_cat?post=22294"},{"taxonomy":"product_tag","embeddable":true,"href":"https:\/\/artslibris.cat\/ca\/wp-json\/wp\/v2\/product_tag?post=22294"}],"curies":[{"name":"wp","href":"https:\/\/api.w.org\/{rel}","templated":true}]}}