{"id":21905,"date":"2023-03-17T11:46:07","date_gmt":"2023-03-17T11:46:07","guid":{"rendered":"https:\/\/artslibris.cat\/tienda\/Sense%20categoria\/destellos-de-belleza\/"},"modified":"2025-02-26T17:53:11","modified_gmt":"2025-02-26T17:53:11","slug":"destellos-de-belleza","status":"publish","type":"product","link":"https:\/\/artslibris.cat\/ca\/tienda\/pensamiento-ca\/destellos-de-belleza\/","title":{"rendered":"DESTELLOS DE BELLEZA"},"content":{"rendered":"<p>Destellos de belleza\u00a0ofrece una suerte de revisi\u00f3n caleidosc\u00f3pica de la biograf\u00eda de Jonas Mekas en la que el cineasta y poeta lituano elige contarse a s\u00ed mismo mediante fragmentos de vidas ajenas. En estas p\u00e1ginas, las an\u00e9cdotas y registros cotidianos del autor conviven de manera natural con los recuerdos de sus amigas y amigos diseminados por el planeta sin temor al desorden cronol\u00f3gico o la desconexi\u00f3n estil\u00edstica, consciente de que la imposibilidad de organizar una existencia sea tal vez la mayor de sus virtudes. As\u00ed, los recuerdos de su primera c\u00e1mara de fotos, de sus noches en una prisi\u00f3n de Nueva York, o los de una jornada en la que estuvo en cuatro patas como un perro se entremezclan con las an\u00e9cdotas de la madrugada en que George Maciunas, fundador de Fluxus, plant\u00f3 ilegalmente dos \u00e1rboles en las veredas c\u00e9ntricas del Soho, o de la llegada secreta de John Lennon y Yoko Ono a los Estados Unidos.<\/p>\n<p>El af\u00e1n archiv\u00edstico desbordante que caracteriza la po\u00e9tica de Mekas, ese impulso por capturar momentos de su vida sobre la marcha y atesorarlos en los soportes al alcance de la mano (ya sea pel\u00edcula cinematogr\u00e1fica, una servilleta de papel o los bolsillos de su abrigo), atraviesa este volumen de m\u00faltiples formas. Cartas, recortes de peri\u00f3dicos, entradas de cine, citaciones de juzgados, un llavero del Chelsea Hotel, y hasta la barba de Allen Ginsberg ilustran los hechos relatados al tiempo que los completan y se vuelven su combustible. M\u00e1s que en ning\u00fan otro libro suyo, las im\u00e1genes incluidas aqu\u00ed son decisivas no solo por su caudal, sino especialmente por su relevancia narrativa.<\/p>\n<p>Lejos de proponernos una experiencia nost\u00e1lgica anclada en artefactos y costumbres del pasado (rollos de celuloide, cartas o revistas en papel), esta colecci\u00f3n de escenas de una vida nos brinda, en el marco del centenario del nacimiento de Mekas, un haz de luz que se proyecta sobre nuestro presente. Su lectura puede asistirnos frente al dilema de c\u00f3mo seguir construyendo lazos afectivos y comunidades creativas independientes, o de c\u00f3mo volver a humanizar el rol de la cultura en un panorama cada vez m\u00e1s fragmentado y desmaterializado. Es en este sentido que\u00a0<em>Destellos de belleza<\/em>\u00a0tiene la potencia esclarecedora de un consejo susurrado en medio del ruido del mundo actual.<\/p>\n","protected":false},"excerpt":{"rendered":"<p><strong>COLECCI\u00d3N:<\/strong> SYNESTHESIA<\/p>\n<p><strong>EDICI\u00d3N:<\/strong> JOHAN KUGELBERG, JONAS MEKAS Y SEBASTIAN MEKAS<\/p>\n<p><strong>TRADUCCI\u00d3N Y PR\u00d3LOGO:<\/strong> PABLO MAR\u00cdN<\/p>\n<p><strong>ISBN:<\/strong> 978-987-48623-1-0<\/p>\n<p><strong>P\u00c1GINAS:<\/strong> 368<\/p>\n<p><strong>A\u00d1O:<\/strong> 2022<\/p>\n","protected":false},"featured_media":21900,"template":"","meta":{"_acf_changed":false,"site-sidebar-layout":"default","site-content-layout":"default","ast-site-content-layout":"default","site-content-style":"default","site-sidebar-style":"default","ast-global-header-display":"","ast-banner-title-visibility":"","ast-main-header-display":"","ast-hfb-above-header-display":"","ast-hfb-below-header-display":"","ast-hfb-mobile-header-display":"","site-post-title":"","ast-breadcrumbs-content":"","ast-featured-img":"","footer-sml-layout":"","ast-disable-related-posts":"","theme-transparent-header-meta":"","adv-header-id-meta":"","stick-header-meta":"","header-above-stick-meta":"","header-main-stick-meta":"","header-below-stick-meta":"","astra-migrate-meta-layouts":"default","ast-page-background-enabled":"default","ast-page-background-meta":{"desktop":{"background-color":"","background-image":"","background-repeat":"repeat","background-position":"center center","background-size":"auto","background-attachment":"scroll","background-type":"","background-media":"","overlay-type":"","overlay-color":"","overlay-opacity":"","overlay-gradient":""},"tablet":{"background-color":"","background-image":"","background-repeat":"repeat","background-position":"center center","background-size":"auto","background-attachment":"scroll","background-type":"","background-media":"","overlay-type":"","overlay-color":"","overlay-opacity":"","overlay-gradient":""},"mobile":{"background-color":"","background-image":"","background-repeat":"repeat","background-position":"center center","background-size":"auto","background-attachment":"scroll","background-type":"","background-media":"","overlay-type":"","overlay-color":"","overlay-opacity":"","overlay-gradient":""}},"ast-content-background-meta":{"desktop":{"background-color":"var(--ast-global-color-5)","background-image":"","background-repeat":"repeat","background-position":"center center","background-size":"auto","background-attachment":"scroll","background-type":"","background-media":"","overlay-type":"","overlay-color":"","overlay-opacity":"","overlay-gradient":""},"tablet":{"background-color":"var(--ast-global-color-5)","background-image":"","background-repeat":"repeat","background-position":"center center","background-size":"auto","background-attachment":"scroll","background-type":"","background-media":"","overlay-type":"","overlay-color":"","overlay-opacity":"","overlay-gradient":""},"mobile":{"background-color":"var(--ast-global-color-5)","background-image":"","background-repeat":"repeat","background-position":"center center","background-size":"auto","background-attachment":"scroll","background-type":"","background-media":"","overlay-type":"","overlay-color":"","overlay-opacity":"","overlay-gradient":""}}},"product_brand":[],"product_cat":[101,82],"product_tag":[208],"class_list":{"0":"post-21905","1":"product","2":"type-product","3":"status-publish","4":"has-post-thumbnail","6":"product_cat-destacados-ca","7":"product_cat-pensamiento-ca","8":"product_tag-caja-negra-ca","9":"desktop-align-left","10":"tablet-align-left","11":"mobile-align-left","13":"first","14":"outofstock","15":"shipping-taxable","16":"purchasable","17":"product-type-simple"},"acf":[],"yoast_head":"<!-- This site is optimized with the Yoast SEO plugin v27.3 - https:\/\/yoast.com\/product\/yoast-seo-wordpress\/ -->\n<title>DESTELLOS DE BELLEZA - ArtsLibris<\/title>\n<meta name=\"robots\" content=\"index, follow, max-snippet:-1, max-image-preview:large, max-video-preview:-1\" \/>\n<link rel=\"canonical\" href=\"https:\/\/artslibris.cat\/ca\/tienda\/pensamiento-ca\/destellos-de-belleza\/\" \/>\n<meta property=\"og:locale\" content=\"ca_ES\" \/>\n<meta property=\"og:type\" content=\"article\" \/>\n<meta property=\"og:title\" content=\"DESTELLOS DE BELLEZA - ArtsLibris\" \/>\n<meta property=\"og:description\" content=\"COLECCI\u00d3N: SYNESTHESIA EDICI\u00d3N: JOHAN KUGELBERG, JONAS MEKAS Y SEBASTIAN MEKAS TRADUCCI\u00d3N Y PR\u00d3LOGO: PABLO MAR\u00cdN ISBN: 978-987-48623-1-0 P\u00c1GINAS: 368 A\u00d1O: 2022\" \/>\n<meta property=\"og:url\" content=\"https:\/\/artslibris.cat\/ca\/tienda\/pensamiento-ca\/destellos-de-belleza\/\" \/>\n<meta property=\"og:site_name\" content=\"ArtsLibris\" \/>\n<meta property=\"article:publisher\" content=\"https:\/\/www.facebook.com\/artslibris\/\" \/>\n<meta property=\"article:modified_time\" content=\"2025-02-26T17:53:11+00:00\" \/>\n<meta property=\"og:image\" content=\"https:\/\/artslibris.cat\/wp-content\/uploads\/2023\/03\/Captura-de-pantalla-2023-03-17-a-las-12.43.50.png\" \/>\n\t<meta property=\"og:image:width\" content=\"382\" \/>\n\t<meta property=\"og:image:height\" content=\"534\" \/>\n\t<meta property=\"og:image:type\" content=\"image\/png\" \/>\n<meta name=\"twitter:card\" content=\"summary_large_image\" \/>\n<meta name=\"twitter:site\" content=\"@ArtsLibris\" \/>\n<meta name=\"twitter:label1\" content=\"Temps estimat de lectura\" \/>\n\t<meta name=\"twitter:data1\" content=\"2 minuts\" \/>\n<script type=\"application\/ld+json\" class=\"yoast-schema-graph\">{\"@context\":\"https:\\\/\\\/schema.org\",\"@graph\":[{\"@type\":\"WebPage\",\"@id\":\"https:\\\/\\\/artslibris.cat\\\/ca\\\/tienda\\\/pensamiento-ca\\\/destellos-de-belleza\\\/\",\"url\":\"https:\\\/\\\/artslibris.cat\\\/ca\\\/tienda\\\/pensamiento-ca\\\/destellos-de-belleza\\\/\",\"name\":\"DESTELLOS DE BELLEZA - ArtsLibris\",\"isPartOf\":{\"@id\":\"https:\\\/\\\/artslibris.cat\\\/ca\\\/#website\"},\"primaryImageOfPage\":{\"@id\":\"https:\\\/\\\/artslibris.cat\\\/ca\\\/tienda\\\/pensamiento-ca\\\/destellos-de-belleza\\\/#primaryimage\"},\"image\":{\"@id\":\"https:\\\/\\\/artslibris.cat\\\/ca\\\/tienda\\\/pensamiento-ca\\\/destellos-de-belleza\\\/#primaryimage\"},\"thumbnailUrl\":\"https:\\\/\\\/artslibris.cat\\\/wp-content\\\/uploads\\\/2023\\\/03\\\/Captura-de-pantalla-2023-03-17-a-las-12.43.50.png\",\"datePublished\":\"2023-03-17T11:46:07+00:00\",\"dateModified\":\"2025-02-26T17:53:11+00:00\",\"breadcrumb\":{\"@id\":\"https:\\\/\\\/artslibris.cat\\\/ca\\\/tienda\\\/pensamiento-ca\\\/destellos-de-belleza\\\/#breadcrumb\"},\"inLanguage\":\"ca\",\"potentialAction\":[{\"@type\":\"ReadAction\",\"target\":[\"https:\\\/\\\/artslibris.cat\\\/ca\\\/tienda\\\/pensamiento-ca\\\/destellos-de-belleza\\\/\"]}]},{\"@type\":\"ImageObject\",\"inLanguage\":\"ca\",\"@id\":\"https:\\\/\\\/artslibris.cat\\\/ca\\\/tienda\\\/pensamiento-ca\\\/destellos-de-belleza\\\/#primaryimage\",\"url\":\"https:\\\/\\\/artslibris.cat\\\/wp-content\\\/uploads\\\/2023\\\/03\\\/Captura-de-pantalla-2023-03-17-a-las-12.43.50.png\",\"contentUrl\":\"https:\\\/\\\/artslibris.cat\\\/wp-content\\\/uploads\\\/2023\\\/03\\\/Captura-de-pantalla-2023-03-17-a-las-12.43.50.png\",\"width\":382,\"height\":534},{\"@type\":\"BreadcrumbList\",\"@id\":\"https:\\\/\\\/artslibris.cat\\\/ca\\\/tienda\\\/pensamiento-ca\\\/destellos-de-belleza\\\/#breadcrumb\",\"itemListElement\":[{\"@type\":\"ListItem\",\"position\":1,\"name\":\"Portada\",\"item\":\"https:\\\/\\\/artslibris.cat\\\/ca\\\/\"},{\"@type\":\"ListItem\",\"position\":2,\"name\":\"Tenda\",\"item\":\"https:\\\/\\\/artslibris.cat\\\/ca\\\/tenda\\\/\"},{\"@type\":\"ListItem\",\"position\":3,\"name\":\"DESTELLOS DE BELLEZA\"}]},{\"@type\":\"WebSite\",\"@id\":\"https:\\\/\\\/artslibris.cat\\\/ca\\\/#website\",\"url\":\"https:\\\/\\\/artslibris.cat\\\/ca\\\/\",\"name\":\"ArtsLibris\",\"description\":\"\",\"publisher\":{\"@id\":\"https:\\\/\\\/artslibris.cat\\\/ca\\\/#organization\"},\"potentialAction\":[{\"@type\":\"SearchAction\",\"target\":{\"@type\":\"EntryPoint\",\"urlTemplate\":\"https:\\\/\\\/artslibris.cat\\\/ca\\\/?s={search_term_string}\"},\"query-input\":{\"@type\":\"PropertyValueSpecification\",\"valueRequired\":true,\"valueName\":\"search_term_string\"}}],\"inLanguage\":\"ca\"},{\"@type\":\"Organization\",\"@id\":\"https:\\\/\\\/artslibris.cat\\\/ca\\\/#organization\",\"name\":\"ArtsLibris\",\"url\":\"https:\\\/\\\/artslibris.cat\\\/ca\\\/\",\"logo\":{\"@type\":\"ImageObject\",\"inLanguage\":\"ca\",\"@id\":\"https:\\\/\\\/artslibris.cat\\\/ca\\\/#\\\/schema\\\/logo\\\/image\\\/\",\"url\":\"https:\\\/\\\/artslibris.cat\\\/wp-content\\\/uploads\\\/2020\\\/05\\\/ArtsLibris-logo-black.svg\",\"contentUrl\":\"https:\\\/\\\/artslibris.cat\\\/wp-content\\\/uploads\\\/2020\\\/05\\\/ArtsLibris-logo-black.svg\",\"width\":521,\"height\":85,\"caption\":\"ArtsLibris\"},\"image\":{\"@id\":\"https:\\\/\\\/artslibris.cat\\\/ca\\\/#\\\/schema\\\/logo\\\/image\\\/\"},\"sameAs\":[\"https:\\\/\\\/www.facebook.com\\\/artslibris\\\/\",\"https:\\\/\\\/x.com\\\/ArtsLibris\",\"https:\\\/\\\/www.instagram.com\\\/artslibris\\\/\"]}]}<\/script>\n<!-- \/ Yoast SEO plugin. -->","yoast_head_json":{"title":"DESTELLOS DE BELLEZA - ArtsLibris","robots":{"index":"index","follow":"follow","max-snippet":"max-snippet:-1","max-image-preview":"max-image-preview:large","max-video-preview":"max-video-preview:-1"},"canonical":"https:\/\/artslibris.cat\/ca\/tienda\/pensamiento-ca\/destellos-de-belleza\/","og_locale":"ca_ES","og_type":"article","og_title":"DESTELLOS DE BELLEZA - ArtsLibris","og_description":"COLECCI\u00d3N: SYNESTHESIA EDICI\u00d3N: JOHAN KUGELBERG, JONAS MEKAS Y SEBASTIAN MEKAS TRADUCCI\u00d3N Y PR\u00d3LOGO: PABLO MAR\u00cdN ISBN: 978-987-48623-1-0 P\u00c1GINAS: 368 A\u00d1O: 2022","og_url":"https:\/\/artslibris.cat\/ca\/tienda\/pensamiento-ca\/destellos-de-belleza\/","og_site_name":"ArtsLibris","article_publisher":"https:\/\/www.facebook.com\/artslibris\/","article_modified_time":"2025-02-26T17:53:11+00:00","og_image":[{"width":382,"height":534,"url":"https:\/\/artslibris.cat\/wp-content\/uploads\/2023\/03\/Captura-de-pantalla-2023-03-17-a-las-12.43.50.png","type":"image\/png"}],"twitter_card":"summary_large_image","twitter_site":"@ArtsLibris","twitter_misc":{"Temps estimat de lectura":"2 minuts"},"schema":{"@context":"https:\/\/schema.org","@graph":[{"@type":"WebPage","@id":"https:\/\/artslibris.cat\/ca\/tienda\/pensamiento-ca\/destellos-de-belleza\/","url":"https:\/\/artslibris.cat\/ca\/tienda\/pensamiento-ca\/destellos-de-belleza\/","name":"DESTELLOS DE BELLEZA - ArtsLibris","isPartOf":{"@id":"https:\/\/artslibris.cat\/ca\/#website"},"primaryImageOfPage":{"@id":"https:\/\/artslibris.cat\/ca\/tienda\/pensamiento-ca\/destellos-de-belleza\/#primaryimage"},"image":{"@id":"https:\/\/artslibris.cat\/ca\/tienda\/pensamiento-ca\/destellos-de-belleza\/#primaryimage"},"thumbnailUrl":"https:\/\/artslibris.cat\/wp-content\/uploads\/2023\/03\/Captura-de-pantalla-2023-03-17-a-las-12.43.50.png","datePublished":"2023-03-17T11:46:07+00:00","dateModified":"2025-02-26T17:53:11+00:00","breadcrumb":{"@id":"https:\/\/artslibris.cat\/ca\/tienda\/pensamiento-ca\/destellos-de-belleza\/#breadcrumb"},"inLanguage":"ca","potentialAction":[{"@type":"ReadAction","target":["https:\/\/artslibris.cat\/ca\/tienda\/pensamiento-ca\/destellos-de-belleza\/"]}]},{"@type":"ImageObject","inLanguage":"ca","@id":"https:\/\/artslibris.cat\/ca\/tienda\/pensamiento-ca\/destellos-de-belleza\/#primaryimage","url":"https:\/\/artslibris.cat\/wp-content\/uploads\/2023\/03\/Captura-de-pantalla-2023-03-17-a-las-12.43.50.png","contentUrl":"https:\/\/artslibris.cat\/wp-content\/uploads\/2023\/03\/Captura-de-pantalla-2023-03-17-a-las-12.43.50.png","width":382,"height":534},{"@type":"BreadcrumbList","@id":"https:\/\/artslibris.cat\/ca\/tienda\/pensamiento-ca\/destellos-de-belleza\/#breadcrumb","itemListElement":[{"@type":"ListItem","position":1,"name":"Portada","item":"https:\/\/artslibris.cat\/ca\/"},{"@type":"ListItem","position":2,"name":"Tenda","item":"https:\/\/artslibris.cat\/ca\/tenda\/"},{"@type":"ListItem","position":3,"name":"DESTELLOS DE BELLEZA"}]},{"@type":"WebSite","@id":"https:\/\/artslibris.cat\/ca\/#website","url":"https:\/\/artslibris.cat\/ca\/","name":"ArtsLibris","description":"","publisher":{"@id":"https:\/\/artslibris.cat\/ca\/#organization"},"potentialAction":[{"@type":"SearchAction","target":{"@type":"EntryPoint","urlTemplate":"https:\/\/artslibris.cat\/ca\/?s={search_term_string}"},"query-input":{"@type":"PropertyValueSpecification","valueRequired":true,"valueName":"search_term_string"}}],"inLanguage":"ca"},{"@type":"Organization","@id":"https:\/\/artslibris.cat\/ca\/#organization","name":"ArtsLibris","url":"https:\/\/artslibris.cat\/ca\/","logo":{"@type":"ImageObject","inLanguage":"ca","@id":"https:\/\/artslibris.cat\/ca\/#\/schema\/logo\/image\/","url":"https:\/\/artslibris.cat\/wp-content\/uploads\/2020\/05\/ArtsLibris-logo-black.svg","contentUrl":"https:\/\/artslibris.cat\/wp-content\/uploads\/2020\/05\/ArtsLibris-logo-black.svg","width":521,"height":85,"caption":"ArtsLibris"},"image":{"@id":"https:\/\/artslibris.cat\/ca\/#\/schema\/logo\/image\/"},"sameAs":["https:\/\/www.facebook.com\/artslibris\/","https:\/\/x.com\/ArtsLibris","https:\/\/www.instagram.com\/artslibris\/"]}]}},"_links":{"self":[{"href":"https:\/\/artslibris.cat\/ca\/wp-json\/wp\/v2\/product\/21905","targetHints":{"allow":["GET"]}}],"collection":[{"href":"https:\/\/artslibris.cat\/ca\/wp-json\/wp\/v2\/product"}],"about":[{"href":"https:\/\/artslibris.cat\/ca\/wp-json\/wp\/v2\/types\/product"}],"wp:featuredmedia":[{"embeddable":true,"href":"https:\/\/artslibris.cat\/ca\/wp-json\/wp\/v2\/media\/21900"}],"wp:attachment":[{"href":"https:\/\/artslibris.cat\/ca\/wp-json\/wp\/v2\/media?parent=21905"}],"wp:term":[{"taxonomy":"product_brand","embeddable":true,"href":"https:\/\/artslibris.cat\/ca\/wp-json\/wp\/v2\/product_brand?post=21905"},{"taxonomy":"product_cat","embeddable":true,"href":"https:\/\/artslibris.cat\/ca\/wp-json\/wp\/v2\/product_cat?post=21905"},{"taxonomy":"product_tag","embeddable":true,"href":"https:\/\/artslibris.cat\/ca\/wp-json\/wp\/v2\/product_tag?post=21905"}],"curies":[{"name":"wp","href":"https:\/\/api.w.org\/{rel}","templated":true}]}}